{"id":9511,"date":"2015-08-24T10:55:20","date_gmt":"2015-08-24T10:55:20","guid":{"rendered":"https:\/\/www.canons.es\/ca\/mesoterapia-corporal-para-combatir-la-celulitis\/"},"modified":"2019-12-12T10:52:23","modified_gmt":"2019-12-12T10:52:23","slug":"mesoterapia-corporal-para-combatir-la-celulitis","status":"publish","type":"page","link":"https:\/\/www.canons.es\/ca\/medicina-estetica-corporal\/mesoterapia-corporal-para-combatir-la-celulitis\/","title":{"rendered":"Mesoter\u00e0pia Corporal per combatre la Cel\u00b7lulitis"},"content":{"rendered":"<div class=\"wpb-content-wrapper\"><p>[vc_row css_animation=&#8221;&#8221; row_type=&#8221;row&#8221; use_row_as_full_screen_section=&#8221;no&#8221; type=&#8221;full_width&#8221; angled_section=&#8221;no&#8221; text_align=&#8221;left&#8221; background_image_as_pattern=&#8221;without_pattern&#8221; background_color=&#8221;#f9f9f9&#8243; section_type=&#8221;full-width&#8221;][vc_column][vc_empty_space height=&#8221;20px&#8221;]<div class=\"custom_font_holder\" style=\"font-family: Raleway; font-size: 35px; line-height: 26px; font-style: normal; font-weight: 300; color: #1e70b3; text-decoration: none; text-align: left;\">MESOTER\u00c0PIA CORPORAL PER COMBATRE LA CEL\u00b7LULITIS<\/div>[vc_empty_space height=&#8221;40px&#8221;][vc_row_inner row_type=&#8221;row&#8221; type=&#8221;full_width&#8221; text_align=&#8221;left&#8221; css_animation=&#8221;&#8221;][vc_column_inner width=&#8221;1\/2&#8243;][vc_single_image image=&#8221;8783&#8243; img_size=&#8221;full&#8221; alignment=&#8221;center&#8221; qode_css_animation=&#8221;&#8221;][vc_empty_space height=&#8221;40px&#8221;][\/vc_column_inner][vc_column_inner width=&#8221;1\/2&#8243;][vc_column_text]<\/p>\n<div id=\"stcpDiv\">\n<p style=\"text-align: justify;\">Les indicacions de la mesoter\u00e0pia s\u00f3n moltes i variades. Potser la indicaci\u00f3 m\u00e9s freq\u00fcent per la seva <strong>alta incid\u00e8ncia \u00e9s la cel\u00b7lulitis, sobretot en dones.<\/strong><\/p>\n<p style=\"text-align: justify;\">Altres indicacions serien la <strong>millora de la flaccidesa<\/strong>, com a part dels protocols de tractament de les estries i com a part dels protocols de preparaci\u00f3 en persones que s\u2019han de sotmetre a una liposcultura corporal.<\/p>\n<\/div>\n<p>[\/vc_column_text][\/vc_column_inner][\/vc_row_inner][\/vc_column][\/vc_row][vc_row css_animation=&#8221;&#8221; row_type=&#8221;row&#8221; use_row_as_full_screen_section=&#8221;no&#8221; type=&#8221;full_width&#8221; angled_section=&#8221;no&#8221; text_align=&#8221;left&#8221; background_image_as_pattern=&#8221;without_pattern&#8221; section_type=&#8221;full-width&#8221;][vc_column][vc_empty_space][vc_accordion style=&#8221;accordion&#8221;][vc_accordion_tab title=&#8221;Quins beneficis obtindr\u00e1s amb la Mesoter\u00e0pia Corporal?&#8221;][vc_column_text]<\/p>\n<ul>\n<li id=\"stcpDiv\"><strong><span style=\"color: #6d98dc;\">Reduir\u00e0s la cel\u00b7lulitis<\/span>.<\/strong><\/li>\n<li><span style=\"color: #6d98dc;\"><strong>Reduir\u00e0s el volum<\/strong><\/span> localitzat.<\/li>\n<li><strong><span style=\"color: #6d98dc;\">Reafirmar\u00e0s la pell<\/span>.<\/strong><\/li>\n<li><span style=\"color: #6d98dc;\"><strong>Disminuir\u00e0s l\u2019edema<\/strong> i la <\/span><strong><span style=\"color: #6d98dc;\">tend\u00e8ncia a retenir l\u00edquids<\/span>.<\/strong><\/li>\n<li><span style=\"color: #6d98dc;\"><strong>Estimular\u00e0s les fibres de col\u00b7lagen<\/strong><\/span> del teixit conjuntiu.<\/li>\n<\/ul>\n<p>[\/vc_column_text][\/vc_accordion_tab][vc_accordion_tab title=&#8221;Quines subst\u00e0ncies s\u2019administren?&#8221;][vc_column_text]<\/p>\n<div id=\"stcpDiv\">\n<p style=\"text-align: justify;\">Les subst\u00e0ncies que utilitzem sempre s\u00f3n productes homeop\u00e0tics.<\/p>\n<p style=\"text-align: justify;\">L\u2019homeopatia, com s\u2019explica en Hist\u00f2ria de la Homeopatia, consisteix en diluir un producte qu\u00edmic tantes vegades que al final no hi ha cap mol\u00e8cula d\u2019aquest compost en el producte i s\u2019atribueix el poder curatiu a la mem\u00f2ria de l\u2019aigua.<\/p>\n<p style=\"text-align: justify;\">La mesoter\u00e0pia corporal consisteix en <strong><span style=\"color: #6d98dc;\">l\u2019aplicaci\u00f3 en petites dosis a nivell de la dermis de productes homeop\u00e0tics sense cap efecte secundari advers amb la finalitat d\u2019eliminar l\u00b4acumulaci\u00f3 progresiva de teixit adip\u00f3s, l\u00edquids i toxines en l\u2019organisme com tamb\u00e9 estimular el col\u00b7l\u00e0gen<\/span>.<\/strong><\/p>\n<\/div>\n<p>[\/vc_column_text][\/vc_accordion_tab][vc_accordion_tab title=&#8221;En qu\u00e8 consisteix la Mesoter\u00e0pia Corporal?&#8221;][vc_column_text]<\/p>\n<div id=\"stcpDiv\">\n<p style=\"text-align: justify;\">La Mesoter\u00e0pia Corporal consisteix en la introducci\u00f3 de medicaments homeop\u00e0tics injectables per via subcut\u00e0nia o intrad\u00e8rmica. En la majoria de casos va associada a tractaments que han de ser realitzats sota un enfocament global, integral i individualitzat com dieta prote\u00efnada, dieta hipocal\u00f2rica, exercici f\u00edsic, correcci\u00f3 d\u2019h\u00e0bits, etc.<\/p>\n<p style=\"text-align: justify;\">En el cas de la cel\u00b7lulitis, l\u2019inicial \u00e9s plantejar una dieta adequada per a evitar la retenci\u00f3 de l\u00edquids en el teixit cel \u00b7 lular subcutani conjuntament amb la Mesoter\u00e0pia Corporal amb subst\u00e0ncies homeop\u00e0tiques drenants. Tot aix\u00f2 sota un control m\u00e8dic rigor\u00f3s.<\/p>\n<p style=\"text-align: justify;\">El protocol est\u00e0ndard <strong><span style=\"color: #6d98dc;\">compr\u00e8n aproximadament 10 sessions de mesoter\u00e0pia<\/span>,<\/strong> es recomana realitzar una setmanal.<\/p>\n<p style=\"text-align: justify;\">Aquest protocol s\u2019associa al mateix temps a sessions de drenatge limf\u00e0tic manual.<\/p>\n<\/div>\n<p>[\/vc_column_text][\/vc_accordion_tab][vc_accordion_tab title=&#8221;Quant dura la Mesoter\u00e0pia?&#8221;][vc_column_text]Aproximadament entre 15 i 25 minuts.[\/vc_column_text][\/vc_accordion_tab][vc_accordion_tab title=&#8221;Qu\u00e8 et recomanarem despr\u00e9s de cada sessi\u00f3?&#8221;][vc_column_text]<\/p>\n<div id=\"stcpDiv\" style=\"text-align: justify;\"><strong><span style=\"color: #6d98dc;\">Evitar exposar-te a les radiacions solars o bronzejar amb ultraviolats<\/span>,<\/strong> com a m\u00ednim durant els primers 45 dies despr\u00e9s de la sessi\u00f3. Tamb\u00e9, haur\u00e0s de realitzar un tractament domiciliari espec\u00edfic al teu tipus de pell de despigmentants i, regeneradors epid\u00e8rmics.<\/div>\n<p>[\/vc_column_text][\/vc_accordion_tab][vc_accordion_tab title=&#8221;La meva activitat di\u00e0ria es veur\u00e0 alterada?&#8221;][vc_column_text]<\/p>\n<div id=\"stcpDiv\">Permet<span style=\"color: #6d98dc;\"> <strong>reprendre immediatament la teva activitat normal<\/strong><\/span> despr\u00e9s de cada sessi\u00f3 amb les cremes indicades<\/div>\n<p>[\/vc_column_text][\/vc_accordion_tab][\/vc_accordion][\/vc_column][\/vc_row]<\/p>\n<\/div><!-- AddThis Advanced Settings generic via filter on the_content --><!-- AddThis Share Buttons generic via filter on the_content -->","protected":false},"excerpt":{"rendered":"<p>[vc_row css_animation=&#8221;&#8221; row_type=&#8221;row&#8221; use_row_as_full_screen_section=&#8221;no&#8221; type=&#8221;full_width&#8221; angled_section=&#8221;no&#8221; text_align=&#8221;left&#8221; background_image_as_pattern=&#8221;without_pattern&#8221; background_color=&#8221;#f9f9f9&#8243; section_type=&#8221;full-width&#8221;][vc_column][vc_empty_space height=&#8221;20px&#8221;][vc_empty_space height=&#8221;40px&#8221;][vc_row_inner row_type=&#8221;row&#8221; type=&#8221;full_width&#8221; text_align=&#8221;left&#8221; css_animation=&#8221;&#8221;][vc_column_inner width=&#8221;1\/2&#8243;][vc_single_image image=&#8221;8783&#8243; img_size=&#8221;full&#8221; alignment=&#8221;center&#8221; qode_css_animation=&#8221;&#8221;][vc_empty_space height=&#8221;40px&#8221;][\/vc_column_inner][vc_column_inner width=&#8221;1\/2&#8243;][vc_column_text] Les indicacions de la mesoter\u00e0pia s\u00f3n moltes i variades. Potser la indicaci\u00f3 m\u00e9s freq\u00fcent per la seva alta incid\u00e8ncia \u00e9s la cel\u00b7lulitis,&#8230;<!-- AddThis Advanced Settings generic via filter on get_the_excerpt --><!-- AddThis Share Buttons generic via filter on get_the_excerpt --><\/p>\n","protected":false},"author":25,"featured_media":0,"parent":9584,"menu_order":0,"comment_status":"closed","ping_status":"closed","template":"","meta":{"footnotes":""},"class_list":["post-9511","page","type-page","status-publish","hentry"],"yoast_head":"<!-- This site is optimized with the Yoast SEO Premium plugin v26.9 (Yoast SEO v27.2) - https:\/\/yoast.com\/product\/yoast-seo-premium-wordpress\/ -->\n<title>Mesoter\u00e0pia Corporal per combatre la Cel\u00b7lulitis - Cl\u00ednica C\u00e0nons | Cirurgia i Medicina Estetica a Barcelona, \u200b\u200bGranollers<\/title>\n<meta name=\"robots\" content=\"index, follow, max-snippet:-1, max-image-preview:large, max-video-preview:-1\" \/>\n<link rel=\"canonical\" href=\"https:\/\/www.canons.es\/medicina-estetica-corporal-2\/mesoterapia-corporal-para-combatir-la-celulitis\/\" \/>\n<meta property=\"og:locale\" content=\"ca_ES\" \/>\n<meta property=\"og:type\" content=\"article\" \/>\n<meta property=\"og:title\" content=\"Mesoter\u00e0pia Corporal per combatre la Cel\u00b7lulitis\" \/>\n<meta property=\"og:description\" content=\"[vc_row css_animation=&#8221;&#8221; row_type=&#8221;row&#8221; use_row_as_full_screen_section=&#8221;no&#8221; type=&#8221;full_width&#8221; angled_section=&#8221;no&#8221; text_align=&#8221;left&#8221; background_image_as_pattern=&#8221;without_pattern&#8221; background_color=&#8221;#f9f9f9&#8243; section_type=&#8221;full-width&#8221;][vc_column][vc_empty_space height=&#8221;20px&#8221;][vc_empty_space height=&#8221;40px&#8221;][vc_row_inner row_type=&#8221;row&#8221; type=&#8221;full_width&#8221; text_align=&#8221;left&#8221; css_animation=&#8221;&#8221;][vc_column_inner width=&#8221;1\/2&#8243;][vc_single_image image=&#8221;8783&#8243; img_size=&#8221;full&#8221; alignment=&#8221;center&#8221; qode_css_animation=&#8221;&#8221;][vc_empty_space height=&#8221;40px&#8221;][\/vc_column_inner][vc_column_inner width=&#8221;1\/2&#8243;][vc_column_text] Les indicacions de la mesoter\u00e0pia s\u00f3n moltes i variades. Potser la indicaci\u00f3 m\u00e9s freq\u00fcent per la seva alta incid\u00e8ncia \u00e9s la cel\u00b7lulitis,...\" \/>\n<meta property=\"og:url\" content=\"https:\/\/www.canons.es\/medicina-estetica-corporal-2\/mesoterapia-corporal-para-combatir-la-celulitis\/\" \/>\n<meta property=\"og:site_name\" content=\"Cl\u00ednica C\u00e0nons | Cirurgia i Medicina Estetica a Barcelona, \u200b\u200bGranollers\" \/>\n<meta property=\"article:publisher\" content=\"https:\/\/www.facebook.com\/canonsclinics\/\" \/>\n<meta property=\"article:modified_time\" content=\"2019-12-12T10:52:23+00:00\" \/>\n<meta name=\"twitter:card\" content=\"summary_large_image\" \/>\n<meta name=\"twitter:site\" content=\"@canonsclinics\" \/>\n<meta name=\"twitter:label1\" content=\"Temps estimat de lectura\" \/>\n\t<meta name=\"twitter:data1\" content=\"4 minuts\" \/>\n<script type=\"application\/ld+json\" class=\"yoast-schema-graph\">{\"@context\":\"https:\/\/schema.org\",\"@graph\":[{\"@type\":\"WebPage\",\"@id\":\"https:\/\/www.canons.es\/medicina-estetica-corporal-2\/mesoterapia-corporal-para-combatir-la-celulitis\/\",\"url\":\"https:\/\/www.canons.es\/medicina-estetica-corporal-2\/mesoterapia-corporal-para-combatir-la-celulitis\/\",\"name\":\"Mesoter\u00e0pia Corporal per combatre la Cel\u00b7lulitis - Cl\u00ednica C\u00e0nons | Cirurgia i Medicina Estetica a Barcelona, \u200b\u200bGranollers\",\"isPartOf\":{\"@id\":\"https:\/\/www.canons.es\/#website\"},\"datePublished\":\"2015-08-24T10:55:20+00:00\",\"dateModified\":\"2019-12-12T10:52:23+00:00\",\"breadcrumb\":{\"@id\":\"https:\/\/www.canons.es\/medicina-estetica-corporal-2\/mesoterapia-corporal-para-combatir-la-celulitis\/#breadcrumb\"},\"inLanguage\":\"ca\",\"potentialAction\":[{\"@type\":\"ReadAction\",\"target\":[\"https:\/\/www.canons.es\/medicina-estetica-corporal-2\/mesoterapia-corporal-para-combatir-la-celulitis\/\"]}]},{\"@type\":\"BreadcrumbList\",\"@id\":\"https:\/\/www.canons.es\/medicina-estetica-corporal-2\/mesoterapia-corporal-para-combatir-la-celulitis\/#breadcrumb\",\"itemListElement\":[{\"@type\":\"ListItem\",\"position\":1,\"name\":\"Portada\",\"item\":\"https:\/\/www.canons.es\/ca\/\"},{\"@type\":\"ListItem\",\"position\":2,\"name\":\"MEDICINA EST\u00c9TICA CORPORAL\",\"item\":\"https:\/\/www.canons.es\/ca\/medicina-estetica-corporal\/\"},{\"@type\":\"ListItem\",\"position\":3,\"name\":\"Mesoter\u00e0pia Corporal per combatre la Cel\u00b7lulitis\"}]},{\"@type\":\"WebSite\",\"@id\":\"https:\/\/www.canons.es\/#website\",\"url\":\"https:\/\/www.canons.es\/\",\"name\":\"Cirug\u00eda Pl\u00e1stica y Est\u00e9tica Barcelona y Granollers | C\u00e0nons Clinics\",\"description\":\"\",\"publisher\":{\"@id\":\"https:\/\/www.canons.es\/#organization\"},\"potentialAction\":[{\"@type\":\"SearchAction\",\"target\":{\"@type\":\"EntryPoint\",\"urlTemplate\":\"https:\/\/www.canons.es\/?s={search_term_string}\"},\"query-input\":{\"@type\":\"PropertyValueSpecification\",\"valueRequired\":true,\"valueName\":\"search_term_string\"}}],\"inLanguage\":\"ca\"},{\"@type\":\"Organization\",\"@id\":\"https:\/\/www.canons.es\/#organization\",\"name\":\"Cirug\u00eda Pl\u00e1stica y Est\u00e9tica Barcelona y Granollers | C\u00e0nons Clinics\",\"url\":\"https:\/\/www.canons.es\/\",\"logo\":{\"@type\":\"ImageObject\",\"inLanguage\":\"ca\",\"@id\":\"https:\/\/www.canons.es\/#\/schema\/logo\/image\/\",\"url\":\"https:\/\/www.canons.es\/wp-content\/uploads\/2025\/04\/logo-canons-clinics.jpg\",\"contentUrl\":\"https:\/\/www.canons.es\/wp-content\/uploads\/2025\/04\/logo-canons-clinics.jpg\",\"width\":600,\"height\":139,\"caption\":\"Cirug\u00eda Pl\u00e1stica y Est\u00e9tica Barcelona y Granollers | C\u00e0nons Clinics\"},\"image\":{\"@id\":\"https:\/\/www.canons.es\/#\/schema\/logo\/image\/\"},\"sameAs\":[\"https:\/\/www.facebook.com\/canonsclinics\/\",\"https:\/\/x.com\/canonsclinics\",\"https:\/\/www.instagram.com\/canonsclinics\/\",\"https:\/\/www.youtube.com\/channel\/UCI1Ia6LjALyo1CuQ0_HwtfQ\",\"https:\/\/www.linkedin.com\/company\/canons-clinics\/\"]}]}<\/script>\n<!-- \/ Yoast SEO Premium plugin. -->","yoast_head_json":{"title":"Mesoter\u00e0pia Corporal per combatre la Cel\u00b7lulitis - Cl\u00ednica C\u00e0nons | Cirurgia i Medicina Estetica a Barcelona, \u200b\u200bGranollers","robots":{"index":"index","follow":"follow","max-snippet":"max-snippet:-1","max-image-preview":"max-image-preview:large","max-video-preview":"max-video-preview:-1"},"canonical":"https:\/\/www.canons.es\/medicina-estetica-corporal-2\/mesoterapia-corporal-para-combatir-la-celulitis\/","og_locale":"ca_ES","og_type":"article","og_title":"Mesoter\u00e0pia Corporal per combatre la Cel\u00b7lulitis","og_description":"[vc_row css_animation=&#8221;&#8221; row_type=&#8221;row&#8221; use_row_as_full_screen_section=&#8221;no&#8221; type=&#8221;full_width&#8221; angled_section=&#8221;no&#8221; text_align=&#8221;left&#8221; background_image_as_pattern=&#8221;without_pattern&#8221; background_color=&#8221;#f9f9f9&#8243; section_type=&#8221;full-width&#8221;][vc_column][vc_empty_space height=&#8221;20px&#8221;][vc_empty_space height=&#8221;40px&#8221;][vc_row_inner row_type=&#8221;row&#8221; type=&#8221;full_width&#8221; text_align=&#8221;left&#8221; css_animation=&#8221;&#8221;][vc_column_inner width=&#8221;1\/2&#8243;][vc_single_image image=&#8221;8783&#8243; img_size=&#8221;full&#8221; alignment=&#8221;center&#8221; qode_css_animation=&#8221;&#8221;][vc_empty_space height=&#8221;40px&#8221;][\/vc_column_inner][vc_column_inner width=&#8221;1\/2&#8243;][vc_column_text] Les indicacions de la mesoter\u00e0pia s\u00f3n moltes i variades. Potser la indicaci\u00f3 m\u00e9s freq\u00fcent per la seva alta incid\u00e8ncia \u00e9s la cel\u00b7lulitis,...","og_url":"https:\/\/www.canons.es\/medicina-estetica-corporal-2\/mesoterapia-corporal-para-combatir-la-celulitis\/","og_site_name":"Cl\u00ednica C\u00e0nons | Cirurgia i Medicina Estetica a Barcelona, \u200b\u200bGranollers","article_publisher":"https:\/\/www.facebook.com\/canonsclinics\/","article_modified_time":"2019-12-12T10:52:23+00:00","twitter_card":"summary_large_image","twitter_site":"@canonsclinics","twitter_misc":{"Temps estimat de lectura":"4 minuts"},"schema":{"@context":"https:\/\/schema.org","@graph":[{"@type":"WebPage","@id":"https:\/\/www.canons.es\/medicina-estetica-corporal-2\/mesoterapia-corporal-para-combatir-la-celulitis\/","url":"https:\/\/www.canons.es\/medicina-estetica-corporal-2\/mesoterapia-corporal-para-combatir-la-celulitis\/","name":"Mesoter\u00e0pia Corporal per combatre la Cel\u00b7lulitis - Cl\u00ednica C\u00e0nons | Cirurgia i Medicina Estetica a Barcelona, \u200b\u200bGranollers","isPartOf":{"@id":"https:\/\/www.canons.es\/#website"},"datePublished":"2015-08-24T10:55:20+00:00","dateModified":"2019-12-12T10:52:23+00:00","breadcrumb":{"@id":"https:\/\/www.canons.es\/medicina-estetica-corporal-2\/mesoterapia-corporal-para-combatir-la-celulitis\/#breadcrumb"},"inLanguage":"ca","potentialAction":[{"@type":"ReadAction","target":["https:\/\/www.canons.es\/medicina-estetica-corporal-2\/mesoterapia-corporal-para-combatir-la-celulitis\/"]}]},{"@type":"BreadcrumbList","@id":"https:\/\/www.canons.es\/medicina-estetica-corporal-2\/mesoterapia-corporal-para-combatir-la-celulitis\/#breadcrumb","itemListElement":[{"@type":"ListItem","position":1,"name":"Portada","item":"https:\/\/www.canons.es\/ca\/"},{"@type":"ListItem","position":2,"name":"MEDICINA EST\u00c9TICA CORPORAL","item":"https:\/\/www.canons.es\/ca\/medicina-estetica-corporal\/"},{"@type":"ListItem","position":3,"name":"Mesoter\u00e0pia Corporal per combatre la Cel\u00b7lulitis"}]},{"@type":"WebSite","@id":"https:\/\/www.canons.es\/#website","url":"https:\/\/www.canons.es\/","name":"Cirug\u00eda Pl\u00e1stica y Est\u00e9tica Barcelona y Granollers | C\u00e0nons Clinics","description":"","publisher":{"@id":"https:\/\/www.canons.es\/#organization"},"potentialAction":[{"@type":"SearchAction","target":{"@type":"EntryPoint","urlTemplate":"https:\/\/www.canons.es\/?s={search_term_string}"},"query-input":{"@type":"PropertyValueSpecification","valueRequired":true,"valueName":"search_term_string"}}],"inLanguage":"ca"},{"@type":"Organization","@id":"https:\/\/www.canons.es\/#organization","name":"Cirug\u00eda Pl\u00e1stica y Est\u00e9tica Barcelona y Granollers | C\u00e0nons Clinics","url":"https:\/\/www.canons.es\/","logo":{"@type":"ImageObject","inLanguage":"ca","@id":"https:\/\/www.canons.es\/#\/schema\/logo\/image\/","url":"https:\/\/www.canons.es\/wp-content\/uploads\/2025\/04\/logo-canons-clinics.jpg","contentUrl":"https:\/\/www.canons.es\/wp-content\/uploads\/2025\/04\/logo-canons-clinics.jpg","width":600,"height":139,"caption":"Cirug\u00eda Pl\u00e1stica y Est\u00e9tica Barcelona y Granollers | C\u00e0nons Clinics"},"image":{"@id":"https:\/\/www.canons.es\/#\/schema\/logo\/image\/"},"sameAs":["https:\/\/www.facebook.com\/canonsclinics\/","https:\/\/x.com\/canonsclinics","https:\/\/www.instagram.com\/canonsclinics\/","https:\/\/www.youtube.com\/channel\/UCI1Ia6LjALyo1CuQ0_HwtfQ","https:\/\/www.linkedin.com\/company\/canons-clinics\/"]}]}},"_links":{"self":[{"href":"https:\/\/www.canons.es\/ca\/wp-json\/wp\/v2\/pages\/9511","targetHints":{"allow":["GET"]}}],"collection":[{"href":"https:\/\/www.canons.es\/ca\/wp-json\/wp\/v2\/pages"}],"about":[{"href":"https:\/\/www.canons.es\/ca\/wp-json\/wp\/v2\/types\/page"}],"author":[{"embeddable":true,"href":"https:\/\/www.canons.es\/ca\/wp-json\/wp\/v2\/users\/25"}],"replies":[{"embeddable":true,"href":"https:\/\/www.canons.es\/ca\/wp-json\/wp\/v2\/comments?post=9511"}],"version-history":[{"count":0,"href":"https:\/\/www.canons.es\/ca\/wp-json\/wp\/v2\/pages\/9511\/revisions"}],"up":[{"embeddable":true,"href":"https:\/\/www.canons.es\/ca\/wp-json\/wp\/v2\/pages\/9584"}],"wp:attachment":[{"href":"https:\/\/www.canons.es\/ca\/wp-json\/wp\/v2\/media?parent=9511"}],"curies":[{"name":"wp","href":"https:\/\/api.w.org\/{rel}","templated":true}]}}