{"id":9479,"date":"2015-08-24T10:44:35","date_gmt":"2015-08-24T10:44:35","guid":{"rendered":"https:\/\/www.canons.es\/ca\/hiperhidrosis-corporal\/"},"modified":"2022-03-09T14:51:08","modified_gmt":"2022-03-09T14:51:08","slug":"hiperhidrosis-corporal","status":"publish","type":"page","link":"https:\/\/www.canons.es\/ca\/medicina-estetica-corporal\/hiperhidrosis-corporal\/","title":{"rendered":"Hiperhidrosi Corporal"},"content":{"rendered":"<div class=\"wpb-content-wrapper\"><p>[vc_row css_animation=&#8221;&#8221; row_type=&#8221;row&#8221; use_row_as_full_screen_section=&#8221;no&#8221; type=&#8221;full_width&#8221; angled_section=&#8221;no&#8221; text_align=&#8221;left&#8221; background_image_as_pattern=&#8221;without_pattern&#8221; background_color=&#8221;#f9f9f9&#8243; section_type=&#8221;full-width&#8221;][vc_column][vc_empty_space height=&#8221;20px&#8221;]<div class=\"custom_font_holder\" style=\"font-family: Raleway; font-size: 35px; line-height: 26px; font-style: normal; font-weight: 300; color: #1e70b3; text-decoration: none; text-align: left;\">HIPERHIDROSI CORPORAL<\/div>[vc_empty_space height=&#8221;40px&#8221;][vc_row_inner row_type=&#8221;row&#8221; type=&#8221;full_width&#8221; text_align=&#8221;left&#8221; css_animation=&#8221;&#8221;][vc_column_inner width=&#8221;1\/2&#8243;][vc_single_image image=&#8221;10709&#8243; img_size=&#8221;600&#215;300&#8243; alignment=&#8221;center&#8221; qode_css_animation=&#8221;&#8221;][vc_empty_space height=&#8221;40px&#8221;][\/vc_column_inner][vc_column_inner width=&#8221;1\/2&#8243;][vc_column_text]<\/p>\n<p style=\"text-align: justify;\">La\u00a0hiperhidrosi es coneix com una <strong>excessiva producci\u00f3 de suor ecrino a un o diversos nivells del organisme.<\/strong> Es produeix per una alteraci\u00f3 del sistema nervi\u00f3s simp\u00e0tic originant que l\u2019organisme produeixi m\u00e9s suor del que necessita per regular la temperatura corporal.<\/p>\n<p style=\"text-align: justify;\"><strong>La ter\u00e0pia neuromoduladora s\u2019ha demostrat de gran efic\u00e0cia en el tractament de les hiperhidrosi localitzades, com la d\u2019aixelles o palmells de les mans.<\/strong> \u00c9s un procediment que en general \u00e9s ben tolerat. Actua bloquejant la transmissi\u00f3 nerviosa de l\u2019est\u00edmul a nivell de la de la gl\u00e0ndula sudor\u00edpara.<\/p>\n<p>[\/vc_column_text][\/vc_column_inner][\/vc_row_inner][\/vc_column][\/vc_row][vc_row css_animation=&#8221;&#8221; row_type=&#8221;row&#8221; use_row_as_full_screen_section=&#8221;no&#8221; type=&#8221;full_width&#8221; angled_section=&#8221;no&#8221; text_align=&#8221;left&#8221; background_image_as_pattern=&#8221;without_pattern&#8221; section_type=&#8221;full-width&#8221;][vc_column][vc_empty_space][vc_accordion style=&#8221;accordion&#8221;][vc_accordion_tab title=&#8221;Qu\u00e8 la causa?&#8221;][vc_column_text]<\/p>\n<p style=\"text-align: justify;\"><span style=\"color: #6d98dc;\"><strong>Es produeix per un sobreest\u00edmul del sistema simp\u00e0tic, paral\u00b7lel a la columna vertebral dins del t\u00f2rax, independent de la temperatura ambiental<\/strong><\/span>. En les seves formes m\u00e9s severes pot provocar fongs, descamaci\u00f3, mala olor, irritaci\u00f3 i pigmentaci\u00f3 cut\u00e0nia.<\/p>\n<p style=\"text-align: justify;\">La hiperhidrosi prim\u00e0ria afecta el 0.5-1% de la poblaci\u00f3. Se sol iniciar a la pubertat i dura tota la vida, encara que habitualment la sudoraci\u00f3 excessiva va millorant amb els anys. Fins al 40% dels afectats t\u00e9 un altre membre de la fam\u00edlia amb el mateix trastorn, per la qual cosa es considera una malaltia heredit\u00e0ria.<\/p>\n<p style=\"text-align: justify;\">La hipersudoraci\u00f3, o sudoraci\u00f3 excessiva, <span style=\"color: #6d98dc;\"><strong>pot condicionar la vida d\u2019algunes persones<\/strong><\/span> per qu\u00e8 arriben a tenir la sensaci\u00f3 de mullar la roba constantment. S\u00f3n individus en qu\u00e8 l\u2019afecci\u00f3 pot arribar a ocasionar un temor permanent davant la possibilitat de trobar-se amb altres persones i haver de estr\u00e9nyer la m\u00e0 o simplement, a que els vegin amb la roba suada. Les persones amb hiperhidrosi poden tornar introvertides, podent ser una causa de f\u00f2bia social. Tamb\u00e9 causa dificultat en la manipulaci\u00f3 de papers, objectes, eines, equips electr\u00f2nics o instruments de m\u00fasica.<\/p>\n<p>[\/vc_column_text][\/vc_accordion_tab][vc_accordion_tab title=&#8221;Quin tractament t\u2019oferim per combatre?&#8221;][vc_column_text]<\/p>\n<p style=\"text-align: justify;\"><strong><span style=\"color: #6d98dc;\">La ter\u00e0pia neuromoduladora s\u2019ha demostrat de gran efic\u00e0cia en el tractament de les hiperhidrosi localitzades, com la d\u2019aixelles o palmells de les mans<\/span>.<\/strong> \u00c9s un procediment que en general \u00e9s ben tolerat. Actua bloquejant la transmissi\u00f3 nerviosa de l\u2019est\u00edmul a nivell de la de la gl\u00e0ndula sudor\u00edpara.<\/p>\n<p style=\"text-align: justify;\"><strong><span style=\"color: #6d98dc;\">Es tracta d\u2019un tractament molt segur i d\u2019una efectivitat molt alta<\/span>.<\/strong><\/p>\n<p style=\"text-align: justify;\">En els casos de hipersudoraci\u00f3 axil\u00b7lar, la injecci\u00f3 de ter\u00e0pia neuromoduladora \u00e9s ben tolerada sense necessitat d\u2019anest\u00e8sia local. Quan s\u2019aplica per hiperhidrosi palmar, com \u00e9s una zona m\u00e9s sensible, pot utilitzar-se crioanest\u00e8sia o, anest\u00e8sia per fred en cada punt d\u2019injecci\u00f3.<\/p>\n<p style=\"text-align: justify;\">Cal tenir en compte que <span style=\"color: #6d98dc;\"><strong>l\u2019efecte de la ter\u00e0pia neuromoduladora \u00e9s passatger<\/strong><\/span>, de 5 a 6 mesos en els palmells de les mans i, una mica m\u00e9s gran, entre 8 i 10 mesos, a les aixelles. Transcorregut aquest temps cal tornar a injectar. Tanmateix, no hi ha contraindicacions per repetir el tractament.<\/p>\n<p>[\/vc_column_text][\/vc_accordion_tab][vc_accordion_tab title=&#8221;La meva activitat di\u00e0ria es veur\u00e0 alterada?&#8221;][vc_column_text]<\/p>\n<p style=\"text-align: justify;\">Permet <span style=\"color: #6d98dc;\"><strong>reprendre immediatament la teva activitat normal<\/strong><\/span> despr\u00e9s de cada sessi\u00f3 amb les cremes indicades i el maquillatge adequat.<\/p>\n<p>[\/vc_column_text][\/vc_accordion_tab][vc_accordion_tab title=&#8221;Quina cirurgia t\u2019oferim per combatre la hiperhidrosi corporal?&#8221;][vc_column_text]<\/p>\n<p style=\"text-align: justify;\">Aquesta s\u2019anomena <span style=\"color: #6d98dc;\"><strong>Simpatectomia per videotoracosc\u00f2pia realitzada amb anest\u00e8sia general<\/strong>. Consisteix en <\/span><strong><span style=\"color: #6d98dc;\">l\u2019extirpaci\u00f3 selectiva per via endosc\u00f2pica d\u2019alguns dels ganglis simp\u00e0tics que condueixen l\u2019est\u00edmul que provoca la hipersudoraci\u00f3 de les palmes, plantes i aixelles<\/span>.<\/strong><\/p>\n<p style=\"text-align: justify;\">La cirurgia nom\u00e9s s\u2019ha de fer en casos extrems quan les mesures conservadores hagin fallat anteriorment, ja que pot tenir efectes secundaris com hipersudoraci\u00f3 compensat\u00f2ria en esquena, cuixes, genolls, anhidrosi o excessiva sequedat local i major sensibilitat al fred.<\/p>\n<p>[\/vc_column_text][\/vc_accordion_tab][\/vc_accordion][\/vc_column][\/vc_row]<\/p>\n<\/div><!-- AddThis Advanced Settings generic via filter on the_content --><!-- AddThis Share Buttons generic via filter on the_content -->","protected":false},"excerpt":{"rendered":"<p>[vc_row css_animation=&#8221;&#8221; row_type=&#8221;row&#8221; use_row_as_full_screen_section=&#8221;no&#8221; type=&#8221;full_width&#8221; angled_section=&#8221;no&#8221; text_align=&#8221;left&#8221; background_image_as_pattern=&#8221;without_pattern&#8221; background_color=&#8221;#f9f9f9&#8243; section_type=&#8221;full-width&#8221;][vc_column][vc_empty_space height=&#8221;20px&#8221;][vc_empty_space height=&#8221;40px&#8221;][vc_row_inner row_type=&#8221;row&#8221; type=&#8221;full_width&#8221; text_align=&#8221;left&#8221; css_animation=&#8221;&#8221;][vc_column_inner width=&#8221;1\/2&#8243;][vc_single_image image=&#8221;10709&#8243; img_size=&#8221;600&#215;300&#8243; alignment=&#8221;center&#8221; qode_css_animation=&#8221;&#8221;][vc_empty_space height=&#8221;40px&#8221;][\/vc_column_inner][vc_column_inner width=&#8221;1\/2&#8243;][vc_column_text] La\u00a0hiperhidrosi es coneix com una excessiva producci\u00f3 de suor ecrino a un o diversos nivells del organisme. Es produeix per una alteraci\u00f3&#8230;<!-- AddThis Advanced Settings generic via filter on get_the_excerpt --><!-- AddThis Share Buttons generic via filter on get_the_excerpt --><\/p>\n","protected":false},"author":25,"featured_media":0,"parent":9584,"menu_order":0,"comment_status":"closed","ping_status":"closed","template":"","meta":{"footnotes":""},"class_list":["post-9479","page","type-page","status-publish","hentry"],"yoast_head":"<!-- This site is optimized with the Yoast SEO Premium plugin v26.9 (Yoast SEO v27.4) - https:\/\/yoast.com\/product\/yoast-seo-premium-wordpress\/ -->\n<title>Hiperhidrosi Corporal - Cl\u00ednica C\u00e0nons | Cirurgia i Medicina Estetica a Barcelona, \u200b\u200bGranollers<\/title>\n<meta name=\"robots\" content=\"index, follow, max-snippet:-1, max-image-preview:large, max-video-preview:-1\" \/>\n<link rel=\"canonical\" href=\"https:\/\/www.canons.es\/medicina-estetica-corporal-2\/hiperhidrosis-corporal\/\" \/>\n<meta property=\"og:locale\" content=\"ca_ES\" \/>\n<meta property=\"og:type\" content=\"article\" \/>\n<meta property=\"og:title\" content=\"Hiperhidrosi Corporal\" \/>\n<meta property=\"og:description\" content=\"[vc_row css_animation=&#8221;&#8221; row_type=&#8221;row&#8221; use_row_as_full_screen_section=&#8221;no&#8221; type=&#8221;full_width&#8221; angled_section=&#8221;no&#8221; text_align=&#8221;left&#8221; background_image_as_pattern=&#8221;without_pattern&#8221; background_color=&#8221;#f9f9f9&#8243; section_type=&#8221;full-width&#8221;][vc_column][vc_empty_space height=&#8221;20px&#8221;][vc_empty_space height=&#8221;40px&#8221;][vc_row_inner row_type=&#8221;row&#8221; type=&#8221;full_width&#8221; text_align=&#8221;left&#8221; css_animation=&#8221;&#8221;][vc_column_inner width=&#8221;1\/2&#8243;][vc_single_image image=&#8221;10709&#8243; img_size=&#8221;600&#215;300&#8243; alignment=&#8221;center&#8221; qode_css_animation=&#8221;&#8221;][vc_empty_space height=&#8221;40px&#8221;][\/vc_column_inner][vc_column_inner width=&#8221;1\/2&#8243;][vc_column_text] La\u00a0hiperhidrosi es coneix com una excessiva producci\u00f3 de suor ecrino a un o diversos nivells del organisme. Es produeix per una alteraci\u00f3...\" \/>\n<meta property=\"og:url\" content=\"https:\/\/www.canons.es\/medicina-estetica-corporal-2\/hiperhidrosis-corporal\/\" \/>\n<meta property=\"og:site_name\" content=\"Cl\u00ednica C\u00e0nons | Cirurgia i Medicina Estetica a Barcelona, \u200b\u200bGranollers\" \/>\n<meta property=\"article:publisher\" content=\"https:\/\/www.facebook.com\/canonsclinics\/\" \/>\n<meta property=\"article:modified_time\" content=\"2022-03-09T14:51:08+00:00\" \/>\n<meta name=\"twitter:card\" content=\"summary_large_image\" \/>\n<meta name=\"twitter:site\" content=\"@canonsclinics\" \/>\n<meta name=\"twitter:label1\" content=\"Temps estimat de lectura\" \/>\n\t<meta name=\"twitter:data1\" content=\"4 minuts\" \/>\n<script type=\"application\/ld+json\" class=\"yoast-schema-graph\">{\"@context\":\"https:\\\/\\\/schema.org\",\"@graph\":[{\"@type\":\"WebPage\",\"@id\":\"https:\\\/\\\/www.canons.es\\\/medicina-estetica-corporal-2\\\/hiperhidrosis-corporal\\\/\",\"url\":\"https:\\\/\\\/www.canons.es\\\/medicina-estetica-corporal-2\\\/hiperhidrosis-corporal\\\/\",\"name\":\"Hiperhidrosi Corporal - Cl\u00ednica C\u00e0nons | Cirurgia i Medicina Estetica a Barcelona, \u200b\u200bGranollers\",\"isPartOf\":{\"@id\":\"https:\\\/\\\/www.canons.es\\\/#website\"},\"datePublished\":\"2015-08-24T10:44:35+00:00\",\"dateModified\":\"2022-03-09T14:51:08+00:00\",\"breadcrumb\":{\"@id\":\"https:\\\/\\\/www.canons.es\\\/medicina-estetica-corporal-2\\\/hiperhidrosis-corporal\\\/#breadcrumb\"},\"inLanguage\":\"ca\",\"potentialAction\":[{\"@type\":\"ReadAction\",\"target\":[\"https:\\\/\\\/www.canons.es\\\/medicina-estetica-corporal-2\\\/hiperhidrosis-corporal\\\/\"]}]},{\"@type\":\"BreadcrumbList\",\"@id\":\"https:\\\/\\\/www.canons.es\\\/medicina-estetica-corporal-2\\\/hiperhidrosis-corporal\\\/#breadcrumb\",\"itemListElement\":[{\"@type\":\"ListItem\",\"position\":1,\"name\":\"Portada\",\"item\":\"https:\\\/\\\/www.canons.es\\\/ca\\\/\"},{\"@type\":\"ListItem\",\"position\":2,\"name\":\"MEDICINA EST\u00c9TICA CORPORAL\",\"item\":\"https:\\\/\\\/www.canons.es\\\/ca\\\/medicina-estetica-corporal\\\/\"},{\"@type\":\"ListItem\",\"position\":3,\"name\":\"Hiperhidrosi Corporal\"}]},{\"@type\":\"WebSite\",\"@id\":\"https:\\\/\\\/www.canons.es\\\/#website\",\"url\":\"https:\\\/\\\/www.canons.es\\\/\",\"name\":\"Cirug\u00eda Pl\u00e1stica y Est\u00e9tica Barcelona y Granollers | C\u00e0nons Clinics\",\"description\":\"\",\"publisher\":{\"@id\":\"https:\\\/\\\/www.canons.es\\\/#organization\"},\"potentialAction\":[{\"@type\":\"SearchAction\",\"target\":{\"@type\":\"EntryPoint\",\"urlTemplate\":\"https:\\\/\\\/www.canons.es\\\/?s={search_term_string}\"},\"query-input\":{\"@type\":\"PropertyValueSpecification\",\"valueRequired\":true,\"valueName\":\"search_term_string\"}}],\"inLanguage\":\"ca\"},{\"@type\":\"Organization\",\"@id\":\"https:\\\/\\\/www.canons.es\\\/#organization\",\"name\":\"Cirug\u00eda Pl\u00e1stica y Est\u00e9tica Barcelona y Granollers | C\u00e0nons Clinics\",\"url\":\"https:\\\/\\\/www.canons.es\\\/\",\"logo\":{\"@type\":\"ImageObject\",\"inLanguage\":\"ca\",\"@id\":\"https:\\\/\\\/www.canons.es\\\/#\\\/schema\\\/logo\\\/image\\\/\",\"url\":\"https:\\\/\\\/www.canons.es\\\/wp-content\\\/uploads\\\/2025\\\/04\\\/logo-canons-clinics.jpg\",\"contentUrl\":\"https:\\\/\\\/www.canons.es\\\/wp-content\\\/uploads\\\/2025\\\/04\\\/logo-canons-clinics.jpg\",\"width\":600,\"height\":139,\"caption\":\"Cirug\u00eda Pl\u00e1stica y Est\u00e9tica Barcelona y Granollers | C\u00e0nons Clinics\"},\"image\":{\"@id\":\"https:\\\/\\\/www.canons.es\\\/#\\\/schema\\\/logo\\\/image\\\/\"},\"sameAs\":[\"https:\\\/\\\/www.facebook.com\\\/canonsclinics\\\/\",\"https:\\\/\\\/x.com\\\/canonsclinics\",\"https:\\\/\\\/www.instagram.com\\\/canonsclinics\\\/\",\"https:\\\/\\\/www.youtube.com\\\/channel\\\/UCI1Ia6LjALyo1CuQ0_HwtfQ\",\"https:\\\/\\\/www.linkedin.com\\\/company\\\/canons-clinics\\\/\"]}]}<\/script>\n<!-- \/ Yoast SEO Premium plugin. -->","yoast_head_json":{"title":"Hiperhidrosi Corporal - Cl\u00ednica C\u00e0nons | Cirurgia i Medicina Estetica a Barcelona, \u200b\u200bGranollers","robots":{"index":"index","follow":"follow","max-snippet":"max-snippet:-1","max-image-preview":"max-image-preview:large","max-video-preview":"max-video-preview:-1"},"canonical":"https:\/\/www.canons.es\/medicina-estetica-corporal-2\/hiperhidrosis-corporal\/","og_locale":"ca_ES","og_type":"article","og_title":"Hiperhidrosi Corporal","og_description":"[vc_row css_animation=&#8221;&#8221; row_type=&#8221;row&#8221; use_row_as_full_screen_section=&#8221;no&#8221; type=&#8221;full_width&#8221; angled_section=&#8221;no&#8221; text_align=&#8221;left&#8221; background_image_as_pattern=&#8221;without_pattern&#8221; background_color=&#8221;#f9f9f9&#8243; section_type=&#8221;full-width&#8221;][vc_column][vc_empty_space height=&#8221;20px&#8221;][vc_empty_space height=&#8221;40px&#8221;][vc_row_inner row_type=&#8221;row&#8221; type=&#8221;full_width&#8221; text_align=&#8221;left&#8221; css_animation=&#8221;&#8221;][vc_column_inner width=&#8221;1\/2&#8243;][vc_single_image image=&#8221;10709&#8243; img_size=&#8221;600&#215;300&#8243; alignment=&#8221;center&#8221; qode_css_animation=&#8221;&#8221;][vc_empty_space height=&#8221;40px&#8221;][\/vc_column_inner][vc_column_inner width=&#8221;1\/2&#8243;][vc_column_text] La\u00a0hiperhidrosi es coneix com una excessiva producci\u00f3 de suor ecrino a un o diversos nivells del organisme. Es produeix per una alteraci\u00f3...","og_url":"https:\/\/www.canons.es\/medicina-estetica-corporal-2\/hiperhidrosis-corporal\/","og_site_name":"Cl\u00ednica C\u00e0nons | Cirurgia i Medicina Estetica a Barcelona, \u200b\u200bGranollers","article_publisher":"https:\/\/www.facebook.com\/canonsclinics\/","article_modified_time":"2022-03-09T14:51:08+00:00","twitter_card":"summary_large_image","twitter_site":"@canonsclinics","twitter_misc":{"Temps estimat de lectura":"4 minuts"},"schema":{"@context":"https:\/\/schema.org","@graph":[{"@type":"WebPage","@id":"https:\/\/www.canons.es\/medicina-estetica-corporal-2\/hiperhidrosis-corporal\/","url":"https:\/\/www.canons.es\/medicina-estetica-corporal-2\/hiperhidrosis-corporal\/","name":"Hiperhidrosi Corporal - Cl\u00ednica C\u00e0nons | Cirurgia i Medicina Estetica a Barcelona, \u200b\u200bGranollers","isPartOf":{"@id":"https:\/\/www.canons.es\/#website"},"datePublished":"2015-08-24T10:44:35+00:00","dateModified":"2022-03-09T14:51:08+00:00","breadcrumb":{"@id":"https:\/\/www.canons.es\/medicina-estetica-corporal-2\/hiperhidrosis-corporal\/#breadcrumb"},"inLanguage":"ca","potentialAction":[{"@type":"ReadAction","target":["https:\/\/www.canons.es\/medicina-estetica-corporal-2\/hiperhidrosis-corporal\/"]}]},{"@type":"BreadcrumbList","@id":"https:\/\/www.canons.es\/medicina-estetica-corporal-2\/hiperhidrosis-corporal\/#breadcrumb","itemListElement":[{"@type":"ListItem","position":1,"name":"Portada","item":"https:\/\/www.canons.es\/ca\/"},{"@type":"ListItem","position":2,"name":"MEDICINA EST\u00c9TICA CORPORAL","item":"https:\/\/www.canons.es\/ca\/medicina-estetica-corporal\/"},{"@type":"ListItem","position":3,"name":"Hiperhidrosi Corporal"}]},{"@type":"WebSite","@id":"https:\/\/www.canons.es\/#website","url":"https:\/\/www.canons.es\/","name":"Cirug\u00eda Pl\u00e1stica y Est\u00e9tica Barcelona y Granollers | C\u00e0nons Clinics","description":"","publisher":{"@id":"https:\/\/www.canons.es\/#organization"},"potentialAction":[{"@type":"SearchAction","target":{"@type":"EntryPoint","urlTemplate":"https:\/\/www.canons.es\/?s={search_term_string}"},"query-input":{"@type":"PropertyValueSpecification","valueRequired":true,"valueName":"search_term_string"}}],"inLanguage":"ca"},{"@type":"Organization","@id":"https:\/\/www.canons.es\/#organization","name":"Cirug\u00eda Pl\u00e1stica y Est\u00e9tica Barcelona y Granollers | C\u00e0nons Clinics","url":"https:\/\/www.canons.es\/","logo":{"@type":"ImageObject","inLanguage":"ca","@id":"https:\/\/www.canons.es\/#\/schema\/logo\/image\/","url":"https:\/\/www.canons.es\/wp-content\/uploads\/2025\/04\/logo-canons-clinics.jpg","contentUrl":"https:\/\/www.canons.es\/wp-content\/uploads\/2025\/04\/logo-canons-clinics.jpg","width":600,"height":139,"caption":"Cirug\u00eda Pl\u00e1stica y Est\u00e9tica Barcelona y Granollers | C\u00e0nons Clinics"},"image":{"@id":"https:\/\/www.canons.es\/#\/schema\/logo\/image\/"},"sameAs":["https:\/\/www.facebook.com\/canonsclinics\/","https:\/\/x.com\/canonsclinics","https:\/\/www.instagram.com\/canonsclinics\/","https:\/\/www.youtube.com\/channel\/UCI1Ia6LjALyo1CuQ0_HwtfQ","https:\/\/www.linkedin.com\/company\/canons-clinics\/"]}]}},"_links":{"self":[{"href":"https:\/\/www.canons.es\/ca\/wp-json\/wp\/v2\/pages\/9479","targetHints":{"allow":["GET"]}}],"collection":[{"href":"https:\/\/www.canons.es\/ca\/wp-json\/wp\/v2\/pages"}],"about":[{"href":"https:\/\/www.canons.es\/ca\/wp-json\/wp\/v2\/types\/page"}],"author":[{"embeddable":true,"href":"https:\/\/www.canons.es\/ca\/wp-json\/wp\/v2\/users\/25"}],"replies":[{"embeddable":true,"href":"https:\/\/www.canons.es\/ca\/wp-json\/wp\/v2\/comments?post=9479"}],"version-history":[{"count":0,"href":"https:\/\/www.canons.es\/ca\/wp-json\/wp\/v2\/pages\/9479\/revisions"}],"up":[{"embeddable":true,"href":"https:\/\/www.canons.es\/ca\/wp-json\/wp\/v2\/pages\/9584"}],"wp:attachment":[{"href":"https:\/\/www.canons.es\/ca\/wp-json\/wp\/v2\/media?parent=9479"}],"curies":[{"name":"wp","href":"https:\/\/api.w.org\/{rel}","templated":true}]}}