{"id":9451,"date":"2015-08-24T10:28:31","date_gmt":"2015-08-24T10:28:31","guid":{"rendered":"https:\/\/www.canons.es\/ca\/eliminacion-de-manchas-con-laser-medico-de-manos-y-escote\/"},"modified":"2019-12-11T16:48:20","modified_gmt":"2019-12-11T16:48:20","slug":"eliminacio-taques-laser-medic-mans-escot","status":"publish","type":"page","link":"https:\/\/www.canons.es\/ca\/medicina-estetica-corporal\/eliminacio-taques-laser-medic-mans-escot\/","title":{"rendered":"ELIMINACI\u00d3 DE TAQUES AMB L\u00c0SER M\u00c8DIC DE MANS I ESCOT"},"content":{"rendered":"<div class=\"wpb-content-wrapper\"><p>[vc_row css_animation=&#8221;&#8221; row_type=&#8221;row&#8221; use_row_as_full_screen_section=&#8221;no&#8221; type=&#8221;full_width&#8221; angled_section=&#8221;no&#8221; text_align=&#8221;left&#8221; background_image_as_pattern=&#8221;without_pattern&#8221; background_color=&#8221;#f9f9f9&#8243; section_type=&#8221;full-width&#8221;][vc_column][vc_empty_space height=&#8221;20px&#8221;]<div class=\"custom_font_holder\" style=\"font-family: Raleway; font-size: 35px; line-height: 26px; font-style: normal; font-weight: 300; color: #1e70b3; text-decoration: none; text-align: left;\">ELIMINACI\u00d3 DE TAQUES AMB L\u00c0SER EN MANS I ESCOT<\/div>[vc_empty_space height=&#8221;40px&#8221;][vc_row_inner row_type=&#8221;row&#8221; type=&#8221;full_width&#8221; text_align=&#8221;left&#8221; css_animation=&#8221;&#8221;][vc_column_inner width=&#8221;1\/2&#8243;][vc_single_image image=&#8221;8762&#8243; img_size=&#8221;full&#8221; alignment=&#8221;center&#8221; qode_css_animation=&#8221;&#8221;][vc_empty_space height=&#8221;40px&#8221;][\/vc_column_inner][vc_column_inner width=&#8221;1\/2&#8243;][vc_column_text]<\/p>\n<p style=\"text-align: justify;\">Aquesta t\u00e8cnica es basa en aplicar una energia\u00a0en forma de\u00a0<strong>feix de llum polsada intensa que penetra en profunditat a trav\u00e9s de la pell fins a nivells on el col\u00b7lagen i teixit connectiu de forma que reactiva la producci\u00f3 de col\u00b7lagen i elastina\u00a0facial<\/strong><span style=\"color: #1e70b3;\"><strong>.<\/strong><\/span><\/p>\n<p>[\/vc_column_text][\/vc_column_inner][\/vc_row_inner][\/vc_column][\/vc_row][vc_row css_animation=&#8221;&#8221; row_type=&#8221;row&#8221; use_row_as_full_screen_section=&#8221;no&#8221; type=&#8221;full_width&#8221; angled_section=&#8221;no&#8221; text_align=&#8221;left&#8221; background_image_as_pattern=&#8221;without_pattern&#8221; section_type=&#8221;full-width&#8221;][vc_column][vc_empty_space][vc_accordion style=&#8221;accordion&#8221;][vc_accordion_tab title=&#8221;PER QU\u00c8 SURTEN TAQUES A LA PELL?&#8221; title_color=&#8221;#3f3f3f&#8221;][vc_column_text]<\/p>\n<ul>\n<li><strong><span style=\"color: #6d98dc;\">Exposici\u00f3 exc<strong>essiva a les radiacions solar<\/strong>s<\/span>.<\/strong><\/li>\n<\/ul>\n<ul>\n<li>La\u00a0<span style=\"color: #6d98dc;\"><strong>gen\u00e8tica<\/strong> <\/span>individual.<\/li>\n<\/ul>\n<ul>\n<li><span style=\"color: #6d98dc;\"><strong>L\u2019edat<\/strong> <\/span>biol\u00f2gica.<\/li>\n<\/ul>\n<ul>\n<li>Els\u00a0<strong><span style=\"color: #6d98dc;\">canvis hormonals<\/span>.<\/strong><\/li>\n<\/ul>\n<ul>\n<li>L\u2019\u00fas de\u00a0<strong><span style=\"color: #6d98dc;\">medicaments<\/span>.<\/strong><\/li>\n<\/ul>\n<ul>\n<li>L\u2019<span style=\"color: #6d98dc;\"><strong>aplicaci\u00f3 de perfums, cosm\u00e8tics<\/strong>\u00a0<\/span>no adequats, etc.<\/li>\n<\/ul>\n<p>[\/vc_column_text][\/vc_accordion_tab][vc_accordion_tab title=&#8221;QUINS BENEFICIS OBTINDR\u00c0S AL REALIZAR UN TRACTAMENT AMB L\u00c0SER M\u00c8DIC PER A L\u2019ELIMINACI\u00d3 DE TAQUES?&#8221; title_color=&#8221;#3f3f3f&#8221;][vc_column_text]<\/p>\n<ul>\n<li>S\u2019<span style=\"color: #6d98dc;\"><strong>eliminaran les taques pigmentades<\/strong><\/span>\u00a0cut\u00e0nies.<\/li>\n<\/ul>\n<ul>\n<li><strong><span style=\"color: #6d98dc;\">S\u2019eliminaran els lent\u00edgens solars<\/span>.<\/strong><\/li>\n<\/ul>\n<ul>\n<li><span style=\"color: #6d98dc;\"><strong>Millorar\u00e0s visiblement la qualitat cut\u00e0nia<\/strong><\/span>\u00a0de les zones tractades ja que aporta regeneraci\u00f3 cut\u00e0nia i lluminositat.<\/li>\n<\/ul>\n<ul>\n<li><span style=\"color: #6d98dc;\"><strong>Rejuvenir\u00e0s<\/strong>\u00a0<\/span>les zones tractades amb L\u00e0ser M\u00e8dic.<\/li>\n<\/ul>\n<p>[\/vc_column_text][\/vc_accordion_tab][vc_accordion_tab title=&#8221;EN QUINS CASOS EST\u00c0 INDICAT EL L\u00c0SER M\u00c8DIC PER A L&#8217;ELIMINACI\u00d3 DE TAQUES?&#8221; title_color=&#8221;#3f3f3f&#8221;][vc_column_text]<\/p>\n<p style=\"text-align: justify;\">\u00c9s apte tant per a homes com per a dones que vulguin\u00a0<span style=\"color: #6d98dc;\"><strong>donar un aspecte m\u00e9s juvenil a la seva pell eliminant taques i lent\u00edgens solars<\/strong><\/span>\u00a0i per a qualsevol edat.<\/p>\n<p>[\/vc_column_text][\/vc_accordion_tab][vc_accordion_tab title=&#8221;QUANTES SESSIONS EM CALDRAN?&#8221; title_color=&#8221;#3f3f3f&#8221;][vc_column_text]Normalment\u00a0<span style=\"color: #6d98dc;\"><strong>s\u2019aconsellen entre 2 i 3 sessions amb uns intervals mensuals o bimensuals<\/strong><\/span>. Depenent del cas es poden repetir les vegades que calgui fins a obtenir el resultat desitjat.<\/p>\n<p>Posteriorment, com a prevenci\u00f3, t\u2019aconsellarem una sessi\u00f3 anual de manteniment.[\/vc_column_text][\/vc_accordion_tab][vc_accordion_tab title=&#8221;EN QUINES \u00c8POQUES EST\u00c0 M\u00c9S INDICAT EL L\u00c0SER M\u00c8DIC DE ELIMINACI\u00d3 DE TAQUES?&#8221; title_color=&#8221;#3f3f3f&#8221;][vc_column_text]<\/p>\n<p style=\"text-align: justify;\"><span style=\"color: #6d98dc;\"><strong>Es pot realitzar durant tot l\u2019any<\/strong><\/span>, sempre que tinguis especial precauci\u00f3 amb les radiacions solars aplicant protectors solars amb pantalla total.<\/p>\n<p>[\/vc_column_text][\/vc_accordion_tab][vc_accordion_tab title=&#8221;LA MEVA ACTIVITAT DI\u00c0RIA ES VEUR\u00c0 ALTERADA?&#8221; title_color=&#8221;#1e70b3&#8243;][vc_column_text]<\/p>\n<p style=\"text-align: justify;\"><span style=\"color: #6d98dc;\"><strong>Permet reprendre immediatament la teva activitat di\u00e0ria<\/strong><\/span>\u00a0despr\u00e9s de cada sessi\u00f3 amb les cremes indicades i el maquillatge adequat.<\/p>\n<p>[\/vc_column_text][\/vc_accordion_tab][vc_accordion_tab title=&#8221;QU\u00c8 ET RECOMANAREM ABANS DE CADA SESSI\u00d3?&#8221; title_color=&#8221;#3f3f3f&#8221;][vc_column_text]<span style=\"color: #6d98dc;\"><strong>Evitar exposar-te a les radiacions solars o bronzejar amb ultraviolats<\/strong><\/span>, com a m\u00ednim dues setmanes abans de cada sessi\u00f3.<\/p>\n<p>Paral\u00b7lelament, haur\u00e0s de seguir les pautes recomanades pel teu metge de despigmentants espec\u00edfics al teu fototipus de pell.[\/vc_column_text][\/vc_accordion_tab][vc_accordion_tab title=&#8221;QU\u00c8 ET RECOMANAREM DESPR\u00c9S DE CADA SESSI\u00d3?&#8221; title_color=&#8221;#3f3f3f&#8221;][vc_column_text]<\/p>\n<p style=\"text-align: justify;\"><strong><span style=\"color: #6d98dc;\">Evitar exposar-te a les radiacions solars o bronzejar amb ultraviolats, com a m\u00ednim durant els primers 45 dies posteriors a la sessi\u00f3<\/span>.<\/strong>\u00a0Tamb\u00e9 haur\u00e0s d\u2019aplicar un tractament domiciliari espec\u00edfic al teu fototipus de pell de despigmentants i regeneradors epid\u00e8rmics.<\/p>\n<p>[\/vc_column_text][\/vc_accordion_tab][vc_accordion_tab title=&#8221;PODR\u00c9 COMBINAR AMB ALTRES TER\u00c0PIES CORPORALS?&#8221; title_color=&#8221;#3f3f3f&#8221;][vc_column_text]<\/p>\n<p style=\"text-align: justify;\">\u00c9s totalment\u00a0<span style=\"color: #6d98dc;\"><strong>compatible i combinable amb totes les ter\u00e0pies metge est\u00e8tiques corporals<\/strong><\/span>\u00a0seguint les recomanacions pautades pels nostres Metges Especialistes en Medicina Est\u00e8tica de C\u00e0nons Clinics, aportant un tractament global de mans i escot amb l\u2019objectiu de millorar la imatge personal.<\/p>\n<p>[\/vc_column_text][\/vc_accordion_tab][\/vc_accordion][vc_empty_space height=&#8221;50px&#8221;][\/vc_column][\/vc_row]<\/p>\n<\/div><!-- AddThis Advanced Settings generic via filter on the_content --><!-- AddThis Share Buttons generic via filter on the_content -->","protected":false},"excerpt":{"rendered":"<p>[vc_row css_animation=&#8221;&#8221; row_type=&#8221;row&#8221; use_row_as_full_screen_section=&#8221;no&#8221; type=&#8221;full_width&#8221; angled_section=&#8221;no&#8221; text_align=&#8221;left&#8221; background_image_as_pattern=&#8221;without_pattern&#8221; background_color=&#8221;#f9f9f9&#8243; section_type=&#8221;full-width&#8221;][vc_column][vc_empty_space height=&#8221;20px&#8221;][vc_empty_space height=&#8221;40px&#8221;][vc_row_inner row_type=&#8221;row&#8221; type=&#8221;full_width&#8221; text_align=&#8221;left&#8221; css_animation=&#8221;&#8221;][vc_column_inner width=&#8221;1\/2&#8243;][vc_single_image image=&#8221;8762&#8243; img_size=&#8221;full&#8221; alignment=&#8221;center&#8221; qode_css_animation=&#8221;&#8221;][vc_empty_space height=&#8221;40px&#8221;][\/vc_column_inner][vc_column_inner width=&#8221;1\/2&#8243;][vc_column_text] Aquesta t\u00e8cnica es basa en aplicar una energia\u00a0en forma de\u00a0feix de llum polsada intensa que penetra en profunditat a trav\u00e9s de la&#8230;<!-- AddThis Advanced Settings generic via filter on get_the_excerpt --><!-- AddThis Share Buttons generic via filter on get_the_excerpt --><\/p>\n","protected":false},"author":25,"featured_media":0,"parent":9584,"menu_order":0,"comment_status":"closed","ping_status":"closed","template":"","meta":{"footnotes":""},"class_list":["post-9451","page","type-page","status-publish","hentry"],"yoast_head":"<!-- This site is optimized with the Yoast SEO Premium plugin v26.9 (Yoast SEO v27.2) - https:\/\/yoast.com\/product\/yoast-seo-premium-wordpress\/ -->\n<title>ELIMINACI\u00d3 DE TAQUES AMB L\u00c0SER M\u00c8DIC DE MANS I ESCOT - Cl\u00ednica C\u00e0nons | Cirurgia i Medicina Estetica a Barcelona, \u200b\u200bGranollers<\/title>\n<meta name=\"robots\" content=\"index, follow, max-snippet:-1, max-image-preview:large, max-video-preview:-1\" \/>\n<link rel=\"canonical\" href=\"https:\/\/www.canons.es\/medicina-estetica-corporal-2\/eliminacion-de-manchas-con-laser-medico-de-manos-y-escote\/\" \/>\n<meta property=\"og:locale\" content=\"ca_ES\" \/>\n<meta property=\"og:type\" content=\"article\" \/>\n<meta property=\"og:title\" content=\"ELIMINACI\u00d3 DE TAQUES AMB L\u00c0SER M\u00c8DIC DE MANS I ESCOT\" \/>\n<meta property=\"og:description\" content=\"[vc_row css_animation=&#8221;&#8221; row_type=&#8221;row&#8221; use_row_as_full_screen_section=&#8221;no&#8221; type=&#8221;full_width&#8221; angled_section=&#8221;no&#8221; text_align=&#8221;left&#8221; background_image_as_pattern=&#8221;without_pattern&#8221; background_color=&#8221;#f9f9f9&#8243; section_type=&#8221;full-width&#8221;][vc_column][vc_empty_space height=&#8221;20px&#8221;][vc_empty_space height=&#8221;40px&#8221;][vc_row_inner row_type=&#8221;row&#8221; type=&#8221;full_width&#8221; text_align=&#8221;left&#8221; css_animation=&#8221;&#8221;][vc_column_inner width=&#8221;1\/2&#8243;][vc_single_image image=&#8221;8762&#8243; img_size=&#8221;full&#8221; alignment=&#8221;center&#8221; qode_css_animation=&#8221;&#8221;][vc_empty_space height=&#8221;40px&#8221;][\/vc_column_inner][vc_column_inner width=&#8221;1\/2&#8243;][vc_column_text] Aquesta t\u00e8cnica es basa en aplicar una energia\u00a0en forma de\u00a0feix de llum polsada intensa que penetra en profunditat a trav\u00e9s de la...\" \/>\n<meta property=\"og:url\" content=\"https:\/\/www.canons.es\/medicina-estetica-corporal-2\/eliminacion-de-manchas-con-laser-medico-de-manos-y-escote\/\" \/>\n<meta property=\"og:site_name\" content=\"Cl\u00ednica C\u00e0nons | Cirurgia i Medicina Estetica a Barcelona, \u200b\u200bGranollers\" \/>\n<meta property=\"article:publisher\" content=\"https:\/\/www.facebook.com\/canonsclinics\/\" \/>\n<meta property=\"article:modified_time\" content=\"2019-12-11T16:48:20+00:00\" \/>\n<meta name=\"twitter:card\" content=\"summary_large_image\" \/>\n<meta name=\"twitter:site\" content=\"@canonsclinics\" \/>\n<meta name=\"twitter:label1\" content=\"Temps estimat de lectura\" \/>\n\t<meta name=\"twitter:data1\" content=\"4 minuts\" \/>\n<script type=\"application\/ld+json\" class=\"yoast-schema-graph\">{\"@context\":\"https:\/\/schema.org\",\"@graph\":[{\"@type\":\"WebPage\",\"@id\":\"https:\/\/www.canons.es\/medicina-estetica-corporal-2\/eliminacion-de-manchas-con-laser-medico-de-manos-y-escote\/\",\"url\":\"https:\/\/www.canons.es\/medicina-estetica-corporal-2\/eliminacion-de-manchas-con-laser-medico-de-manos-y-escote\/\",\"name\":\"ELIMINACI\u00d3 DE TAQUES AMB L\u00c0SER M\u00c8DIC DE MANS I ESCOT - Cl\u00ednica C\u00e0nons | Cirurgia i Medicina Estetica a Barcelona, \u200b\u200bGranollers\",\"isPartOf\":{\"@id\":\"https:\/\/www.canons.es\/#website\"},\"datePublished\":\"2015-08-24T10:28:31+00:00\",\"dateModified\":\"2019-12-11T16:48:20+00:00\",\"breadcrumb\":{\"@id\":\"https:\/\/www.canons.es\/medicina-estetica-corporal-2\/eliminacion-de-manchas-con-laser-medico-de-manos-y-escote\/#breadcrumb\"},\"inLanguage\":\"ca\",\"potentialAction\":[{\"@type\":\"ReadAction\",\"target\":[\"https:\/\/www.canons.es\/medicina-estetica-corporal-2\/eliminacion-de-manchas-con-laser-medico-de-manos-y-escote\/\"]}]},{\"@type\":\"BreadcrumbList\",\"@id\":\"https:\/\/www.canons.es\/medicina-estetica-corporal-2\/eliminacion-de-manchas-con-laser-medico-de-manos-y-escote\/#breadcrumb\",\"itemListElement\":[{\"@type\":\"ListItem\",\"position\":1,\"name\":\"Portada\",\"item\":\"https:\/\/www.canons.es\/ca\/\"},{\"@type\":\"ListItem\",\"position\":2,\"name\":\"MEDICINA EST\u00c9TICA CORPORAL\",\"item\":\"https:\/\/www.canons.es\/ca\/medicina-estetica-corporal\/\"},{\"@type\":\"ListItem\",\"position\":3,\"name\":\"ELIMINACI\u00d3 DE TAQUES AMB L\u00c0SER M\u00c8DIC DE MANS I ESCOT\"}]},{\"@type\":\"WebSite\",\"@id\":\"https:\/\/www.canons.es\/#website\",\"url\":\"https:\/\/www.canons.es\/\",\"name\":\"Cirug\u00eda Pl\u00e1stica y Est\u00e9tica Barcelona y Granollers | C\u00e0nons Clinics\",\"description\":\"\",\"publisher\":{\"@id\":\"https:\/\/www.canons.es\/#organization\"},\"potentialAction\":[{\"@type\":\"SearchAction\",\"target\":{\"@type\":\"EntryPoint\",\"urlTemplate\":\"https:\/\/www.canons.es\/?s={search_term_string}\"},\"query-input\":{\"@type\":\"PropertyValueSpecification\",\"valueRequired\":true,\"valueName\":\"search_term_string\"}}],\"inLanguage\":\"ca\"},{\"@type\":\"Organization\",\"@id\":\"https:\/\/www.canons.es\/#organization\",\"name\":\"Cirug\u00eda Pl\u00e1stica y Est\u00e9tica Barcelona y Granollers | C\u00e0nons Clinics\",\"url\":\"https:\/\/www.canons.es\/\",\"logo\":{\"@type\":\"ImageObject\",\"inLanguage\":\"ca\",\"@id\":\"https:\/\/www.canons.es\/#\/schema\/logo\/image\/\",\"url\":\"https:\/\/www.canons.es\/wp-content\/uploads\/2025\/04\/logo-canons-clinics.jpg\",\"contentUrl\":\"https:\/\/www.canons.es\/wp-content\/uploads\/2025\/04\/logo-canons-clinics.jpg\",\"width\":600,\"height\":139,\"caption\":\"Cirug\u00eda Pl\u00e1stica y Est\u00e9tica Barcelona y Granollers | C\u00e0nons Clinics\"},\"image\":{\"@id\":\"https:\/\/www.canons.es\/#\/schema\/logo\/image\/\"},\"sameAs\":[\"https:\/\/www.facebook.com\/canonsclinics\/\",\"https:\/\/x.com\/canonsclinics\",\"https:\/\/www.instagram.com\/canonsclinics\/\",\"https:\/\/www.youtube.com\/channel\/UCI1Ia6LjALyo1CuQ0_HwtfQ\",\"https:\/\/www.linkedin.com\/company\/canons-clinics\/\"]}]}<\/script>\n<!-- \/ Yoast SEO Premium plugin. -->","yoast_head_json":{"title":"ELIMINACI\u00d3 DE TAQUES AMB L\u00c0SER M\u00c8DIC DE MANS I ESCOT - Cl\u00ednica C\u00e0nons | Cirurgia i Medicina Estetica a Barcelona, \u200b\u200bGranollers","robots":{"index":"index","follow":"follow","max-snippet":"max-snippet:-1","max-image-preview":"max-image-preview:large","max-video-preview":"max-video-preview:-1"},"canonical":"https:\/\/www.canons.es\/medicina-estetica-corporal-2\/eliminacion-de-manchas-con-laser-medico-de-manos-y-escote\/","og_locale":"ca_ES","og_type":"article","og_title":"ELIMINACI\u00d3 DE TAQUES AMB L\u00c0SER M\u00c8DIC DE MANS I ESCOT","og_description":"[vc_row css_animation=&#8221;&#8221; row_type=&#8221;row&#8221; use_row_as_full_screen_section=&#8221;no&#8221; type=&#8221;full_width&#8221; angled_section=&#8221;no&#8221; text_align=&#8221;left&#8221; background_image_as_pattern=&#8221;without_pattern&#8221; background_color=&#8221;#f9f9f9&#8243; section_type=&#8221;full-width&#8221;][vc_column][vc_empty_space height=&#8221;20px&#8221;][vc_empty_space height=&#8221;40px&#8221;][vc_row_inner row_type=&#8221;row&#8221; type=&#8221;full_width&#8221; text_align=&#8221;left&#8221; css_animation=&#8221;&#8221;][vc_column_inner width=&#8221;1\/2&#8243;][vc_single_image image=&#8221;8762&#8243; img_size=&#8221;full&#8221; alignment=&#8221;center&#8221; qode_css_animation=&#8221;&#8221;][vc_empty_space height=&#8221;40px&#8221;][\/vc_column_inner][vc_column_inner width=&#8221;1\/2&#8243;][vc_column_text] Aquesta t\u00e8cnica es basa en aplicar una energia\u00a0en forma de\u00a0feix de llum polsada intensa que penetra en profunditat a trav\u00e9s de la...","og_url":"https:\/\/www.canons.es\/medicina-estetica-corporal-2\/eliminacion-de-manchas-con-laser-medico-de-manos-y-escote\/","og_site_name":"Cl\u00ednica C\u00e0nons | Cirurgia i Medicina Estetica a Barcelona, \u200b\u200bGranollers","article_publisher":"https:\/\/www.facebook.com\/canonsclinics\/","article_modified_time":"2019-12-11T16:48:20+00:00","twitter_card":"summary_large_image","twitter_site":"@canonsclinics","twitter_misc":{"Temps estimat de lectura":"4 minuts"},"schema":{"@context":"https:\/\/schema.org","@graph":[{"@type":"WebPage","@id":"https:\/\/www.canons.es\/medicina-estetica-corporal-2\/eliminacion-de-manchas-con-laser-medico-de-manos-y-escote\/","url":"https:\/\/www.canons.es\/medicina-estetica-corporal-2\/eliminacion-de-manchas-con-laser-medico-de-manos-y-escote\/","name":"ELIMINACI\u00d3 DE TAQUES AMB L\u00c0SER M\u00c8DIC DE MANS I ESCOT - Cl\u00ednica C\u00e0nons | Cirurgia i Medicina Estetica a Barcelona, \u200b\u200bGranollers","isPartOf":{"@id":"https:\/\/www.canons.es\/#website"},"datePublished":"2015-08-24T10:28:31+00:00","dateModified":"2019-12-11T16:48:20+00:00","breadcrumb":{"@id":"https:\/\/www.canons.es\/medicina-estetica-corporal-2\/eliminacion-de-manchas-con-laser-medico-de-manos-y-escote\/#breadcrumb"},"inLanguage":"ca","potentialAction":[{"@type":"ReadAction","target":["https:\/\/www.canons.es\/medicina-estetica-corporal-2\/eliminacion-de-manchas-con-laser-medico-de-manos-y-escote\/"]}]},{"@type":"BreadcrumbList","@id":"https:\/\/www.canons.es\/medicina-estetica-corporal-2\/eliminacion-de-manchas-con-laser-medico-de-manos-y-escote\/#breadcrumb","itemListElement":[{"@type":"ListItem","position":1,"name":"Portada","item":"https:\/\/www.canons.es\/ca\/"},{"@type":"ListItem","position":2,"name":"MEDICINA EST\u00c9TICA CORPORAL","item":"https:\/\/www.canons.es\/ca\/medicina-estetica-corporal\/"},{"@type":"ListItem","position":3,"name":"ELIMINACI\u00d3 DE TAQUES AMB L\u00c0SER M\u00c8DIC DE MANS I ESCOT"}]},{"@type":"WebSite","@id":"https:\/\/www.canons.es\/#website","url":"https:\/\/www.canons.es\/","name":"Cirug\u00eda Pl\u00e1stica y Est\u00e9tica Barcelona y Granollers | C\u00e0nons Clinics","description":"","publisher":{"@id":"https:\/\/www.canons.es\/#organization"},"potentialAction":[{"@type":"SearchAction","target":{"@type":"EntryPoint","urlTemplate":"https:\/\/www.canons.es\/?s={search_term_string}"},"query-input":{"@type":"PropertyValueSpecification","valueRequired":true,"valueName":"search_term_string"}}],"inLanguage":"ca"},{"@type":"Organization","@id":"https:\/\/www.canons.es\/#organization","name":"Cirug\u00eda Pl\u00e1stica y Est\u00e9tica Barcelona y Granollers | C\u00e0nons Clinics","url":"https:\/\/www.canons.es\/","logo":{"@type":"ImageObject","inLanguage":"ca","@id":"https:\/\/www.canons.es\/#\/schema\/logo\/image\/","url":"https:\/\/www.canons.es\/wp-content\/uploads\/2025\/04\/logo-canons-clinics.jpg","contentUrl":"https:\/\/www.canons.es\/wp-content\/uploads\/2025\/04\/logo-canons-clinics.jpg","width":600,"height":139,"caption":"Cirug\u00eda Pl\u00e1stica y Est\u00e9tica Barcelona y Granollers | C\u00e0nons Clinics"},"image":{"@id":"https:\/\/www.canons.es\/#\/schema\/logo\/image\/"},"sameAs":["https:\/\/www.facebook.com\/canonsclinics\/","https:\/\/x.com\/canonsclinics","https:\/\/www.instagram.com\/canonsclinics\/","https:\/\/www.youtube.com\/channel\/UCI1Ia6LjALyo1CuQ0_HwtfQ","https:\/\/www.linkedin.com\/company\/canons-clinics\/"]}]}},"_links":{"self":[{"href":"https:\/\/www.canons.es\/ca\/wp-json\/wp\/v2\/pages\/9451","targetHints":{"allow":["GET"]}}],"collection":[{"href":"https:\/\/www.canons.es\/ca\/wp-json\/wp\/v2\/pages"}],"about":[{"href":"https:\/\/www.canons.es\/ca\/wp-json\/wp\/v2\/types\/page"}],"author":[{"embeddable":true,"href":"https:\/\/www.canons.es\/ca\/wp-json\/wp\/v2\/users\/25"}],"replies":[{"embeddable":true,"href":"https:\/\/www.canons.es\/ca\/wp-json\/wp\/v2\/comments?post=9451"}],"version-history":[{"count":0,"href":"https:\/\/www.canons.es\/ca\/wp-json\/wp\/v2\/pages\/9451\/revisions"}],"up":[{"embeddable":true,"href":"https:\/\/www.canons.es\/ca\/wp-json\/wp\/v2\/pages\/9584"}],"wp:attachment":[{"href":"https:\/\/www.canons.es\/ca\/wp-json\/wp\/v2\/media?parent=9451"}],"curies":[{"name":"wp","href":"https:\/\/api.w.org\/{rel}","templated":true}]}}