{"id":9442,"date":"2015-08-24T10:23:04","date_gmt":"2015-08-24T10:23:04","guid":{"rendered":"https:\/\/www.canons.es\/ca\/laser-medico-para-rejuvenecimiento-de-manos-y-escote\/"},"modified":"2019-12-12T11:20:59","modified_gmt":"2019-12-12T11:20:59","slug":"laser-medico-para-rejuvenecimiento-de-manos-y-escote","status":"publish","type":"page","link":"https:\/\/www.canons.es\/ca\/unitat-laser\/laser-medico-para-rejuvenecimiento-de-manos-y-escote\/","title":{"rendered":"Rejoveniment de Mans i Escot amb L\u00e0ser M\u00e8dic"},"content":{"rendered":"<div class=\"wpb-content-wrapper\"><p>[vc_row css_animation=&#8221;&#8221; row_type=&#8221;row&#8221; use_row_as_full_screen_section=&#8221;no&#8221; type=&#8221;full_width&#8221; angled_section=&#8221;no&#8221; text_align=&#8221;left&#8221; background_image_as_pattern=&#8221;without_pattern&#8221; background_color=&#8221;#f9f9f9&#8243;][vc_column][vc_empty_space height=&#8221;20px&#8221;]<div class=\"custom_font_holder\" style=\"font-family: Raleway; font-size: 35px; line-height: 26px; font-style: normal; font-weight: 300; color: #1e70b3; text-decoration: none; text-align: left;\">REJOVENIMENT DE MANS I ESCOT AMB L\u00c0SER M\u00c8DIC<\/div>[vc_empty_space height=&#8221;40px&#8221;][vc_row_inner row_type=&#8221;row&#8221; type=&#8221;full_width&#8221; text_align=&#8221;left&#8221; css_animation=&#8221;&#8221;][vc_column_inner width=&#8221;1\/2&#8243;][vc_single_image image=&#8221;10700&#8243; img_size=&#8221;600&#215;200&#8243; alignment=&#8221;center&#8221; qode_css_animation=&#8221;&#8221;][vc_empty_space height=&#8221;40px&#8221;][\/vc_column_inner][vc_column_inner width=&#8221;1\/2&#8243;][vc_column_text]<\/p>\n<p style=\"text-align: justify;\">Les mans ens delaten. Els punts i les venes donen un aspecte m\u00e9s envellit a les nostres mans.<\/p>\n<p style=\"text-align: justify;\">Aquesta t\u00e9cnica es basa en aplicar una energia\u00a0en forma de <strong>feix de llum polsada intensa que penetra en profunditat a trav\u00e9s de la pell fins a nivells on el col\u00b7lagen i teixit connectiu de forma que reactiva la producci\u00f3 de col\u00b7lagen i elastina\u00a0facial.<\/strong><\/p>\n<p>[\/vc_column_text][\/vc_column_inner][\/vc_row_inner][\/vc_column][\/vc_row][vc_row css_animation=&#8221;&#8221; row_type=&#8221;row&#8221; use_row_as_full_screen_section=&#8221;no&#8221; type=&#8221;full_width&#8221; angled_section=&#8221;no&#8221; text_align=&#8221;left&#8221; background_image_as_pattern=&#8221;without_pattern&#8221; section_type=&#8221;full-width&#8221;][vc_column][vc_empty_space][vc_accordion style=&#8221;accordion&#8221;][vc_accordion_tab title=&#8221;Quins beneficis obtindr\u00e0s al realitzar un tractament amb L\u00e0ser M\u00e8dic de Rejoveniment?&#8221;][vc_column_text]<\/p>\n<ul>\n<li><span style=\"color: #6d98dc;\"><strong>Millorar\u00e0s la qualitat cut\u00e0nia<\/strong><\/span> per regeneraci\u00f3 epid\u00e8rmica.<\/li>\n<\/ul>\n<ul>\n<li>Es<span style=\"color: #6d98dc;\"><strong> reafirmaran i remodelaran<\/strong><\/span> les zones tractades.<\/li>\n<\/ul>\n<ul>\n<li>Es<span style=\"color: #6d98dc;\"><strong> suavitzaran la profunditat de les arrugues<\/strong><\/span>.<\/li>\n<\/ul>\n<ul>\n<li>T\u00b4aportar\u00e0 <span style=\"color: #6d98dc;\"><strong>uniformitat i lluminositat<\/strong><\/span> cut\u00e0nia.<\/li>\n<\/ul>\n<ul>\n<li>Millorar\u00e0s l\u2019<span style=\"color: #6d98dc;\"><strong>elasticitat cut\u00e0nia<\/strong><\/span>.<\/li>\n<\/ul>\n<ul>\n<li>Es <span style=\"color: #6d98dc;\"><strong>redensificar\u00e0 i augmentar\u00e0 la consist\u00e8ncia<\/strong><\/span> de les zones tractades.<\/li>\n<\/ul>\n<ul>\n<li><span style=\"color: #6d98dc;\"><strong>Milloraran les cicatrius<\/strong><\/span> d\u2019acn\u00e9 o de lesions antigues.<\/li>\n<\/ul>\n<ul>\n<li>Estimular\u00e0s la <span style=\"color: #6d98dc;\"><strong>producci\u00f3 de col\u00b7l\u00e0gen i elastina<\/strong><\/span>.<\/li>\n<\/ul>\n<ul>\n<li><span style=\"color: #6d98dc;\"><strong>Atenuar\u00e0s i evitar\u00e0s la formaci\u00f3 d\u2019estries<\/strong><\/span>.<\/li>\n<\/ul>\n<p>[\/vc_column_text][\/vc_accordion_tab][vc_accordion_tab title=&#8221;En quins casos est\u00e0 indicat el L\u00e0ser M\u00e8dic de Rejoveniment?&#8221;][vc_column_text]<\/p>\n<p style=\"text-align: justify;\">\u00c9s apte tant per a homes com per dones que vulguin donar un <strong><span style=\"color: #6d98dc;\">aspecte m\u00e9s juvenil a la seva pell i per a qualsevol edat<\/span>.<\/strong><\/p>\n<p>[\/vc_column_text][\/vc_accordion_tab][vc_accordion_tab title=&#8221;Quantes sessions em caldran?&#8221;][vc_column_text]<\/p>\n<p style=\"text-align: justify;\">Com a tractament de xoc normalment s\u2019aconsellen <span style=\"color: #6d98dc;\"><strong>entre 2 i 3 sessions al llarg d\u2019un any<\/strong><\/span>, posteriorment segons els resultats obtinguts teu metge especialista en Medicina Est\u00e8tica et recomanar\u00e0 sessions de manteniment que en la majoria dels casos s\u00f3n anuals.<\/p>\n<p>[\/vc_column_text][\/vc_accordion_tab][vc_accordion_tab title=&#8221;En quines \u00e8poques est\u00e0 m\u00e9s indicat?&#8221;][vc_column_text]<\/p>\n<p style=\"text-align: justify;\"><span style=\"color: #6d98dc;\"><strong>Es pot realitzar durant tot l\u2019any<\/strong><\/span>, sempre que tinguis especial precauci\u00f3 amb les radiacions solars aplicant crema protectora solar amb pantalla total.<\/p>\n<p>[\/vc_column_text][\/vc_accordion_tab][vc_accordion_tab title=&#8221;La meva activitat di\u00e0ria es veur\u00e0 alterada?&#8221;][vc_column_text]<\/p>\n<p style=\"text-align: justify;\">Et permetr\u00e0 <span style=\"color: #6d98dc;\"><strong>reprendre immediatament la teva activitat normal<\/strong><\/span> despr\u00e9s de cada sessi\u00f3 amb les cremes indicades i el maquillatge adequat.<\/p>\n<p>[\/vc_column_text][\/vc_accordion_tab][vc_accordion_tab title=&#8221;Qu\u00e8 et recomanarem abans de cada sessi\u00f3?&#8221;][vc_column_text]<\/p>\n<p style=\"text-align: justify;\"><span style=\"color: #6d98dc;\"><strong>Evitar exposar-te a les radiacions solars o bronzejar amb ultraviolats<\/strong><\/span>, com a m\u00ednim dues setmanes abans de cada sessi\u00f3. Paral\u00b7lelament, el teu metge especialista en Medicina Est\u00e8tica t\u2019indicar\u00e0 una pauta a seguir de tractament domiciliari personalizat nutritiu i regenerador.<\/p>\n<p>[\/vc_column_text][\/vc_accordion_tab][vc_accordion_tab title=&#8221;Qu\u00e8 et recomanarem despr\u00e9s de cada sessi\u00f3?&#8221;][vc_column_text]<\/p>\n<p style=\"text-align: justify;\"><span style=\"color: #6d98dc;\"><strong>Haur\u00e0s d\u2019evitar exposar-te a les radiacions solars o bronzejar amb ultraviolats, com a m\u00ednim durant els primers 45 dies posteriors<\/strong><\/span> a cada sessi\u00f3. Paral\u00b7lelament, el teu metge especialista en Medicina Est\u00e8tica t\u2019indicar\u00e0 una pauta a seguir de tractament domiciliari personalitzat nutritiu i regenerador.<\/p>\n<p>[\/vc_column_text][\/vc_accordion_tab][vc_accordion_tab title=&#8221;Podr\u00e9 combinar amb altres Ter\u00e0pies Corporals?&#8221;][vc_column_text]<\/p>\n<p style=\"text-align: justify;\">\u00c9s totalment <span style=\"color: #6d98dc;\"><strong>compatible i combinable<\/strong><\/span> amb totes les ter\u00e0pies metge est\u00e8tiques corporals seguint les recomanacions pautades pels nostres Metges Especialistes en Medicina Est\u00e8tica de C\u00e0nons Clinics, aportant un tractament global de mans i escot amb l\u2019objectiu de millorar la imatge personal.<\/p>\n<p>[\/vc_column_text][\/vc_accordion_tab][\/vc_accordion][\/vc_column][\/vc_row]<\/p>\n<\/div><!-- AddThis Advanced Settings generic via filter on the_content --><!-- AddThis Share Buttons generic via filter on the_content -->","protected":false},"excerpt":{"rendered":"<p>[vc_row css_animation=&#8221;&#8221; row_type=&#8221;row&#8221; use_row_as_full_screen_section=&#8221;no&#8221; type=&#8221;full_width&#8221; angled_section=&#8221;no&#8221; text_align=&#8221;left&#8221; background_image_as_pattern=&#8221;without_pattern&#8221; background_color=&#8221;#f9f9f9&#8243;][vc_column][vc_empty_space height=&#8221;20px&#8221;][vc_empty_space height=&#8221;40px&#8221;][vc_row_inner row_type=&#8221;row&#8221; type=&#8221;full_width&#8221; text_align=&#8221;left&#8221; css_animation=&#8221;&#8221;][vc_column_inner width=&#8221;1\/2&#8243;][vc_single_image image=&#8221;10700&#8243; img_size=&#8221;600&#215;200&#8243; alignment=&#8221;center&#8221; qode_css_animation=&#8221;&#8221;][vc_empty_space height=&#8221;40px&#8221;][\/vc_column_inner][vc_column_inner width=&#8221;1\/2&#8243;][vc_column_text] Les mans ens delaten. Els punts i les venes donen un aspecte m\u00e9s envellit a les nostres mans. Aquesta t\u00e9cnica es basa en&#8230;<!-- AddThis Advanced Settings generic via filter on get_the_excerpt --><!-- AddThis Share Buttons generic via filter on get_the_excerpt --><\/p>\n","protected":false},"author":25,"featured_media":0,"parent":11377,"menu_order":0,"comment_status":"closed","ping_status":"closed","template":"","meta":{"footnotes":""},"class_list":["post-9442","page","type-page","status-publish","hentry"],"yoast_head":"<!-- This site is optimized with the Yoast SEO Premium plugin v26.9 (Yoast SEO v27.2) - https:\/\/yoast.com\/product\/yoast-seo-premium-wordpress\/ -->\n<title>Rejoveniment de Mans i Escot amb L\u00e0ser M\u00e8dic - Cl\u00ednica C\u00e0nons | Cirurgia i Medicina Estetica a Barcelona, \u200b\u200bGranollers<\/title>\n<meta name=\"robots\" content=\"index, follow, max-snippet:-1, max-image-preview:large, max-video-preview:-1\" \/>\n<link rel=\"canonical\" href=\"https:\/\/www.canons.es\/unidad-laser-2\/laser-medico-para-rejuvenecimiento-de-manos-y-escote-2\/\" \/>\n<meta property=\"og:locale\" content=\"ca_ES\" \/>\n<meta property=\"og:type\" content=\"article\" \/>\n<meta property=\"og:title\" content=\"Rejoveniment de Mans i Escot amb L\u00e0ser M\u00e8dic\" \/>\n<meta property=\"og:description\" content=\"[vc_row css_animation=&#8221;&#8221; row_type=&#8221;row&#8221; use_row_as_full_screen_section=&#8221;no&#8221; type=&#8221;full_width&#8221; angled_section=&#8221;no&#8221; text_align=&#8221;left&#8221; background_image_as_pattern=&#8221;without_pattern&#8221; background_color=&#8221;#f9f9f9&#8243;][vc_column][vc_empty_space height=&#8221;20px&#8221;][vc_empty_space height=&#8221;40px&#8221;][vc_row_inner row_type=&#8221;row&#8221; type=&#8221;full_width&#8221; text_align=&#8221;left&#8221; css_animation=&#8221;&#8221;][vc_column_inner width=&#8221;1\/2&#8243;][vc_single_image image=&#8221;10700&#8243; img_size=&#8221;600&#215;200&#8243; alignment=&#8221;center&#8221; qode_css_animation=&#8221;&#8221;][vc_empty_space height=&#8221;40px&#8221;][\/vc_column_inner][vc_column_inner width=&#8221;1\/2&#8243;][vc_column_text] Les mans ens delaten. Els punts i les venes donen un aspecte m\u00e9s envellit a les nostres mans. Aquesta t\u00e9cnica es basa en...\" \/>\n<meta property=\"og:url\" content=\"https:\/\/www.canons.es\/unidad-laser-2\/laser-medico-para-rejuvenecimiento-de-manos-y-escote-2\/\" \/>\n<meta property=\"og:site_name\" content=\"Cl\u00ednica C\u00e0nons | Cirurgia i Medicina Estetica a Barcelona, \u200b\u200bGranollers\" \/>\n<meta property=\"article:publisher\" content=\"https:\/\/www.facebook.com\/canonsclinics\/\" \/>\n<meta property=\"article:modified_time\" content=\"2019-12-12T11:20:59+00:00\" \/>\n<meta name=\"twitter:card\" content=\"summary_large_image\" \/>\n<meta name=\"twitter:site\" content=\"@canonsclinics\" \/>\n<meta name=\"twitter:label1\" content=\"Temps estimat de lectura\" \/>\n\t<meta name=\"twitter:data1\" content=\"4 minuts\" \/>\n<script type=\"application\/ld+json\" class=\"yoast-schema-graph\">{\"@context\":\"https:\/\/schema.org\",\"@graph\":[{\"@type\":\"WebPage\",\"@id\":\"https:\/\/www.canons.es\/unidad-laser-2\/laser-medico-para-rejuvenecimiento-de-manos-y-escote-2\/\",\"url\":\"https:\/\/www.canons.es\/unidad-laser-2\/laser-medico-para-rejuvenecimiento-de-manos-y-escote-2\/\",\"name\":\"Rejoveniment de Mans i Escot amb L\u00e0ser M\u00e8dic - Cl\u00ednica C\u00e0nons | Cirurgia i Medicina Estetica a Barcelona, \u200b\u200bGranollers\",\"isPartOf\":{\"@id\":\"https:\/\/www.canons.es\/#website\"},\"datePublished\":\"2015-08-24T10:23:04+00:00\",\"dateModified\":\"2019-12-12T11:20:59+00:00\",\"breadcrumb\":{\"@id\":\"https:\/\/www.canons.es\/unidad-laser-2\/laser-medico-para-rejuvenecimiento-de-manos-y-escote-2\/#breadcrumb\"},\"inLanguage\":\"ca\",\"potentialAction\":[{\"@type\":\"ReadAction\",\"target\":[\"https:\/\/www.canons.es\/unidad-laser-2\/laser-medico-para-rejuvenecimiento-de-manos-y-escote-2\/\"]}]},{\"@type\":\"BreadcrumbList\",\"@id\":\"https:\/\/www.canons.es\/unidad-laser-2\/laser-medico-para-rejuvenecimiento-de-manos-y-escote-2\/#breadcrumb\",\"itemListElement\":[{\"@type\":\"ListItem\",\"position\":1,\"name\":\"Portada\",\"item\":\"https:\/\/www.canons.es\/ca\/\"},{\"@type\":\"ListItem\",\"position\":2,\"name\":\"UNITAT L\u00c0SER\",\"item\":\"https:\/\/www.canons.es\/unidad-laser-2\/\"},{\"@type\":\"ListItem\",\"position\":3,\"name\":\"Rejoveniment de Mans i Escot amb L\u00e0ser M\u00e8dic\"}]},{\"@type\":\"WebSite\",\"@id\":\"https:\/\/www.canons.es\/#website\",\"url\":\"https:\/\/www.canons.es\/\",\"name\":\"Cirug\u00eda Pl\u00e1stica y Est\u00e9tica Barcelona y Granollers | C\u00e0nons Clinics\",\"description\":\"\",\"publisher\":{\"@id\":\"https:\/\/www.canons.es\/#organization\"},\"potentialAction\":[{\"@type\":\"SearchAction\",\"target\":{\"@type\":\"EntryPoint\",\"urlTemplate\":\"https:\/\/www.canons.es\/?s={search_term_string}\"},\"query-input\":{\"@type\":\"PropertyValueSpecification\",\"valueRequired\":true,\"valueName\":\"search_term_string\"}}],\"inLanguage\":\"ca\"},{\"@type\":\"Organization\",\"@id\":\"https:\/\/www.canons.es\/#organization\",\"name\":\"Cirug\u00eda Pl\u00e1stica y Est\u00e9tica Barcelona y Granollers | C\u00e0nons Clinics\",\"url\":\"https:\/\/www.canons.es\/\",\"logo\":{\"@type\":\"ImageObject\",\"inLanguage\":\"ca\",\"@id\":\"https:\/\/www.canons.es\/#\/schema\/logo\/image\/\",\"url\":\"https:\/\/www.canons.es\/wp-content\/uploads\/2025\/04\/logo-canons-clinics.jpg\",\"contentUrl\":\"https:\/\/www.canons.es\/wp-content\/uploads\/2025\/04\/logo-canons-clinics.jpg\",\"width\":600,\"height\":139,\"caption\":\"Cirug\u00eda Pl\u00e1stica y Est\u00e9tica Barcelona y Granollers | C\u00e0nons Clinics\"},\"image\":{\"@id\":\"https:\/\/www.canons.es\/#\/schema\/logo\/image\/\"},\"sameAs\":[\"https:\/\/www.facebook.com\/canonsclinics\/\",\"https:\/\/x.com\/canonsclinics\",\"https:\/\/www.instagram.com\/canonsclinics\/\",\"https:\/\/www.youtube.com\/channel\/UCI1Ia6LjALyo1CuQ0_HwtfQ\",\"https:\/\/www.linkedin.com\/company\/canons-clinics\/\"]}]}<\/script>\n<!-- \/ Yoast SEO Premium plugin. -->","yoast_head_json":{"title":"Rejoveniment de Mans i Escot amb L\u00e0ser M\u00e8dic - Cl\u00ednica C\u00e0nons | Cirurgia i Medicina Estetica a Barcelona, \u200b\u200bGranollers","robots":{"index":"index","follow":"follow","max-snippet":"max-snippet:-1","max-image-preview":"max-image-preview:large","max-video-preview":"max-video-preview:-1"},"canonical":"https:\/\/www.canons.es\/unidad-laser-2\/laser-medico-para-rejuvenecimiento-de-manos-y-escote-2\/","og_locale":"ca_ES","og_type":"article","og_title":"Rejoveniment de Mans i Escot amb L\u00e0ser M\u00e8dic","og_description":"[vc_row css_animation=&#8221;&#8221; row_type=&#8221;row&#8221; use_row_as_full_screen_section=&#8221;no&#8221; type=&#8221;full_width&#8221; angled_section=&#8221;no&#8221; text_align=&#8221;left&#8221; background_image_as_pattern=&#8221;without_pattern&#8221; background_color=&#8221;#f9f9f9&#8243;][vc_column][vc_empty_space height=&#8221;20px&#8221;][vc_empty_space height=&#8221;40px&#8221;][vc_row_inner row_type=&#8221;row&#8221; type=&#8221;full_width&#8221; text_align=&#8221;left&#8221; css_animation=&#8221;&#8221;][vc_column_inner width=&#8221;1\/2&#8243;][vc_single_image image=&#8221;10700&#8243; img_size=&#8221;600&#215;200&#8243; alignment=&#8221;center&#8221; qode_css_animation=&#8221;&#8221;][vc_empty_space height=&#8221;40px&#8221;][\/vc_column_inner][vc_column_inner width=&#8221;1\/2&#8243;][vc_column_text] Les mans ens delaten. Els punts i les venes donen un aspecte m\u00e9s envellit a les nostres mans. Aquesta t\u00e9cnica es basa en...","og_url":"https:\/\/www.canons.es\/unidad-laser-2\/laser-medico-para-rejuvenecimiento-de-manos-y-escote-2\/","og_site_name":"Cl\u00ednica C\u00e0nons | Cirurgia i Medicina Estetica a Barcelona, \u200b\u200bGranollers","article_publisher":"https:\/\/www.facebook.com\/canonsclinics\/","article_modified_time":"2019-12-12T11:20:59+00:00","twitter_card":"summary_large_image","twitter_site":"@canonsclinics","twitter_misc":{"Temps estimat de lectura":"4 minuts"},"schema":{"@context":"https:\/\/schema.org","@graph":[{"@type":"WebPage","@id":"https:\/\/www.canons.es\/unidad-laser-2\/laser-medico-para-rejuvenecimiento-de-manos-y-escote-2\/","url":"https:\/\/www.canons.es\/unidad-laser-2\/laser-medico-para-rejuvenecimiento-de-manos-y-escote-2\/","name":"Rejoveniment de Mans i Escot amb L\u00e0ser M\u00e8dic - Cl\u00ednica C\u00e0nons | Cirurgia i Medicina Estetica a Barcelona, \u200b\u200bGranollers","isPartOf":{"@id":"https:\/\/www.canons.es\/#website"},"datePublished":"2015-08-24T10:23:04+00:00","dateModified":"2019-12-12T11:20:59+00:00","breadcrumb":{"@id":"https:\/\/www.canons.es\/unidad-laser-2\/laser-medico-para-rejuvenecimiento-de-manos-y-escote-2\/#breadcrumb"},"inLanguage":"ca","potentialAction":[{"@type":"ReadAction","target":["https:\/\/www.canons.es\/unidad-laser-2\/laser-medico-para-rejuvenecimiento-de-manos-y-escote-2\/"]}]},{"@type":"BreadcrumbList","@id":"https:\/\/www.canons.es\/unidad-laser-2\/laser-medico-para-rejuvenecimiento-de-manos-y-escote-2\/#breadcrumb","itemListElement":[{"@type":"ListItem","position":1,"name":"Portada","item":"https:\/\/www.canons.es\/ca\/"},{"@type":"ListItem","position":2,"name":"UNITAT L\u00c0SER","item":"https:\/\/www.canons.es\/unidad-laser-2\/"},{"@type":"ListItem","position":3,"name":"Rejoveniment de Mans i Escot amb L\u00e0ser M\u00e8dic"}]},{"@type":"WebSite","@id":"https:\/\/www.canons.es\/#website","url":"https:\/\/www.canons.es\/","name":"Cirug\u00eda Pl\u00e1stica y Est\u00e9tica Barcelona y Granollers | C\u00e0nons Clinics","description":"","publisher":{"@id":"https:\/\/www.canons.es\/#organization"},"potentialAction":[{"@type":"SearchAction","target":{"@type":"EntryPoint","urlTemplate":"https:\/\/www.canons.es\/?s={search_term_string}"},"query-input":{"@type":"PropertyValueSpecification","valueRequired":true,"valueName":"search_term_string"}}],"inLanguage":"ca"},{"@type":"Organization","@id":"https:\/\/www.canons.es\/#organization","name":"Cirug\u00eda Pl\u00e1stica y Est\u00e9tica Barcelona y Granollers | C\u00e0nons Clinics","url":"https:\/\/www.canons.es\/","logo":{"@type":"ImageObject","inLanguage":"ca","@id":"https:\/\/www.canons.es\/#\/schema\/logo\/image\/","url":"https:\/\/www.canons.es\/wp-content\/uploads\/2025\/04\/logo-canons-clinics.jpg","contentUrl":"https:\/\/www.canons.es\/wp-content\/uploads\/2025\/04\/logo-canons-clinics.jpg","width":600,"height":139,"caption":"Cirug\u00eda Pl\u00e1stica y Est\u00e9tica Barcelona y Granollers | C\u00e0nons Clinics"},"image":{"@id":"https:\/\/www.canons.es\/#\/schema\/logo\/image\/"},"sameAs":["https:\/\/www.facebook.com\/canonsclinics\/","https:\/\/x.com\/canonsclinics","https:\/\/www.instagram.com\/canonsclinics\/","https:\/\/www.youtube.com\/channel\/UCI1Ia6LjALyo1CuQ0_HwtfQ","https:\/\/www.linkedin.com\/company\/canons-clinics\/"]}]}},"_links":{"self":[{"href":"https:\/\/www.canons.es\/ca\/wp-json\/wp\/v2\/pages\/9442","targetHints":{"allow":["GET"]}}],"collection":[{"href":"https:\/\/www.canons.es\/ca\/wp-json\/wp\/v2\/pages"}],"about":[{"href":"https:\/\/www.canons.es\/ca\/wp-json\/wp\/v2\/types\/page"}],"author":[{"embeddable":true,"href":"https:\/\/www.canons.es\/ca\/wp-json\/wp\/v2\/users\/25"}],"replies":[{"embeddable":true,"href":"https:\/\/www.canons.es\/ca\/wp-json\/wp\/v2\/comments?post=9442"}],"version-history":[{"count":0,"href":"https:\/\/www.canons.es\/ca\/wp-json\/wp\/v2\/pages\/9442\/revisions"}],"up":[{"embeddable":true,"href":"https:\/\/www.canons.es\/ca\/wp-json\/wp\/v2\/pages\/11377"}],"wp:attachment":[{"href":"https:\/\/www.canons.es\/ca\/wp-json\/wp\/v2\/media?parent=9442"}],"curies":[{"name":"wp","href":"https:\/\/api.w.org\/{rel}","templated":true}]}}