{"id":9430,"date":"2015-08-24T10:16:18","date_gmt":"2015-08-24T10:16:18","guid":{"rendered":"https:\/\/www.canons.es\/ca\/hidratacion-con-acido-hialuronico-y-vitaminas-en-manos-y-escote\/"},"modified":"2019-12-04T16:38:11","modified_gmt":"2019-12-04T16:38:11","slug":"hidratacion-con-acido-hialuronico-y-vitaminas-en-manos-y-escote","status":"publish","type":"page","link":"https:\/\/www.canons.es\/ca\/medicina-estetica-corporal\/hidratacion-con-acido-hialuronico-y-vitaminas-en-manos-y-escote\/","title":{"rendered":"Hidrataci\u00f3 amb \u00c0cid Hialur\u00f2nic i Vitamines a Mans i Escot"},"content":{"rendered":"<div class=\"wpb-content-wrapper\"><p>[vc_row css_animation=&#8221;&#8221; row_type=&#8221;row&#8221; use_row_as_full_screen_section=&#8221;no&#8221; type=&#8221;full_width&#8221; angled_section=&#8221;no&#8221; text_align=&#8221;left&#8221; background_image_as_pattern=&#8221;without_pattern&#8221; background_color=&#8221;#f9f9f9&#8243;][vc_column][vc_empty_space height=&#8221;20px&#8221;]<div class=\"custom_font_holder\" style=\"font-family: Raleway; font-size: 35px; line-height: 26px; font-style: normal; font-weight: 300; color: #1e70b3; text-decoration: none; text-align: left;\">HIDRATACI\u00d3 AMB \u00c0CID HIALUR\u00d2NIC EN MANS I ESCOT<\/div>[vc_empty_space height=&#8221;40px&#8221;][vc_row_inner row_type=&#8221;row&#8221; type=&#8221;full_width&#8221; text_align=&#8221;left&#8221; css_animation=&#8221;&#8221;][vc_column_inner width=&#8221;1\/2&#8243;][vc_single_image image=&#8221;8751&#8243; img_size=&#8221;full&#8221; alignment=&#8221;center&#8221; qode_css_animation=&#8221;&#8221;][vc_empty_space height=&#8221;40px&#8221;][\/vc_column_inner][vc_column_inner width=&#8221;1\/2&#8243;][vc_column_text]<\/p>\n<div id=\"stcpDiv\">\n<p style=\"text-align: justify;\">La Mesoterapia <strong>millorar\u00e0 els primers signes de l&#8217;envelliment cutani<\/strong> i actuar\u00e0 davant la prevenci\u00f3 d&#8217;aquests. Al mateix temps, millorar\u00e0s l&#8217;aspecte de la pell, <strong>proporcionant elasticitat i lluminositat<\/strong>.<\/p>\n<\/div>\n<p>[\/vc_column_text][\/vc_column_inner][\/vc_row_inner][\/vc_column][\/vc_row][vc_row css_animation=&#8221;&#8221; row_type=&#8221;row&#8221; use_row_as_full_screen_section=&#8221;no&#8221; type=&#8221;full_width&#8221; angled_section=&#8221;no&#8221; text_align=&#8221;left&#8221; background_image_as_pattern=&#8221;without_pattern&#8221; section_type=&#8221;full-width&#8221;][vc_column][vc_accordion style=&#8221;accordion&#8221;][vc_accordion_tab title=&#8221;En qu\u00e8 consisteix la Mesoterapia amb \u00c0cid Hialur\u00f2nic i Vitamines?&#8221;][vc_column_text]<\/p>\n<div id=\"stcpDiv\" style=\"text-align: justify;\">En primer lloc, netejarem la zona a tractar i, seguidament, aplicarem una potent crema anest\u00e8sica formulada especialment per als nostres centres C\u00e0nons Clinics esperarem que faci efecte i, posteriorment, procedirem a l\u2019<strong><span style=\"color: #6d98dc;\">administraci\u00f3 superficial per via intrad\u00e8rmica d\u2019\u00e0cid hialur\u00f2nic i vitamines mitjan\u00e7ant microinjeccions<\/span>.<\/strong> Posteriorment, et maquillarem perqu\u00e8 puguis continuar amb les teves activitats di\u00e0ries.<\/div>\n<p>[\/vc_column_text][\/vc_accordion_tab][vc_accordion_tab title=&#8221;\u00c9s compatible amb les activitats de la vida di\u00e0ria?&#8221;][vc_column_text]<\/p>\n<div id=\"stcpDiv\">Podr\u00e0s <span style=\"color: #6d98dc;\"><strong>reprendre totes les teves activitats de la vida di\u00e0ria<\/strong><\/span> de seguida i amb total normalitat.<\/div>\n<p>[\/vc_column_text][\/vc_accordion_tab][vc_accordion_tab title=&#8221;Al cap de quant temps podr\u00e9 notar resultats?&#8221;][vc_column_text]<\/p>\n<div id=\"stcpDiv\" style=\"text-align: justify;\">Des de la primera sessi\u00f3 podr\u00e0s comprovar clarament la millora en la teva pell. Tanmateix, per garantir uns resultats duraders i un alt nivell de satisfacci\u00f3, el teu metge especialista en Medicina Est\u00e8tica normalment et recomanar\u00e0 en una primera fase <strong><span style=\"color: #6d98dc;\">3 sessions de mesoter\u00e0pia amb un interval aproximat de 15 dies<\/span>.<\/strong> Una quarta sessi\u00f3 t\u00e9 lloc als dos mesos del principi del tractament. Posteriorment, les sessions s\u2019aniran impartint normalment sobre una base semestral.<\/div>\n<p>[\/vc_column_text][\/vc_accordion_tab][vc_accordion_tab title=&#8221;Em permetr\u00e0 que m\u2019oblidi de les arrugues?&#8221;][vc_column_text]<\/p>\n<div id=\"stcpDiv\" style=\"text-align: justify;\">La mesoter\u00e0pia est\u00e0 indicada per a la hidrataci\u00f3 de la dermis. \u00c9s cert que la hidrataci\u00f3 de la pell, al llarg de les sessions, va a <span style=\"color: #6d98dc;\"><strong>rejovenir la dermis difuminant les arrugues superficials<\/strong><\/span>. Per\u00f2 les arrugues ja marcades i els plecs profunds s\u2019han de tractar amb altres tractaments que el metge especialista de C\u00e0nons Clinics et recomanar\u00e0.<\/div>\n<p>[\/vc_column_text][\/vc_accordion_tab][vc_accordion_tab title=&#8221;\u00c9s un tractament segur?&#8221;][vc_column_text]<\/p>\n<div id=\"stcpDiv\">A C\u00e0nons Clinics, centres especialitzats en Cirurgia i Medicina Est\u00e8tica utilitzem productes avalats per la Comunitat Europea <span style=\"color: #6d98dc;\"><strong>d\u2019origen no animal per tal de minimitzar el risc d\u2019al\u00b7l\u00e8rgia i completament biodegradables<\/strong><\/span>. Per tant, no es requereix cap test d\u2019al\u00b7l\u00e8rgia.<\/div>\n<p>[\/vc_column_text][\/vc_accordion_tab][vc_accordion_tab title=&#8221;Podr\u00e9 combinar amb altres Ter\u00e0pies Corporals?&#8221;][vc_column_text]<\/p>\n<div id=\"stcpDiv\" style=\"text-align: justify;\">\u00c9s totalment <span style=\"color: #6d98dc;\"><strong>compatible i combinable amb totes les ter\u00e0pies metge<\/strong><\/span> est\u00e8tiques corporals seguint les recomanacions pautades pels nostres Metges Especialistes en Medicina Est\u00e8tica de C\u00e0nons Clinics, aportant un tractament global de mans i escot amb l\u2019objectiu de millorar la imatge personal.<\/div>\n<p>[\/vc_column_text][\/vc_accordion_tab][\/vc_accordion][\/vc_column][\/vc_row]<\/p>\n<\/div><!-- AddThis Advanced Settings generic via filter on the_content --><!-- AddThis Share Buttons generic via filter on the_content -->","protected":false},"excerpt":{"rendered":"<p>[vc_row css_animation=&#8221;&#8221; row_type=&#8221;row&#8221; use_row_as_full_screen_section=&#8221;no&#8221; type=&#8221;full_width&#8221; angled_section=&#8221;no&#8221; text_align=&#8221;left&#8221; background_image_as_pattern=&#8221;without_pattern&#8221; background_color=&#8221;#f9f9f9&#8243;][vc_column][vc_empty_space height=&#8221;20px&#8221;][vc_empty_space height=&#8221;40px&#8221;][vc_row_inner row_type=&#8221;row&#8221; type=&#8221;full_width&#8221; text_align=&#8221;left&#8221; css_animation=&#8221;&#8221;][vc_column_inner width=&#8221;1\/2&#8243;][vc_single_image image=&#8221;8751&#8243; img_size=&#8221;full&#8221; alignment=&#8221;center&#8221; qode_css_animation=&#8221;&#8221;][vc_empty_space height=&#8221;40px&#8221;][\/vc_column_inner][vc_column_inner width=&#8221;1\/2&#8243;][vc_column_text] La Mesoterapia millorar\u00e0 els primers signes de l&#8217;envelliment cutani i actuar\u00e0 davant la prevenci\u00f3 d&#8217;aquests. Al mateix temps, millorar\u00e0s l&#8217;aspecte de la pell,&#8230;<!-- AddThis Advanced Settings generic via filter on get_the_excerpt --><!-- AddThis Share Buttons generic via filter on get_the_excerpt --><\/p>\n","protected":false},"author":25,"featured_media":0,"parent":9584,"menu_order":0,"comment_status":"closed","ping_status":"closed","template":"","meta":{"footnotes":""},"class_list":["post-9430","page","type-page","status-publish","hentry"],"yoast_head":"<!-- This site is optimized with the Yoast SEO Premium plugin v26.9 (Yoast SEO v27.6) - https:\/\/yoast.com\/product\/yoast-seo-premium-wordpress\/ -->\n<title>Hidrataci\u00f3 amb \u00c0cid Hialur\u00f2nic i Vitamines a Mans i Escot - Cl\u00ednica C\u00e0nons | Cirurgia i Medicina Estetica a Barcelona, \u200b\u200bGranollers<\/title>\n<meta name=\"robots\" content=\"index, follow, max-snippet:-1, max-image-preview:large, max-video-preview:-1\" \/>\n<link rel=\"canonical\" href=\"https:\/\/www.canons.es\/medicina-estetica-corporal-2\/hidratacion-con-acido-hialuronico-y-vitaminas-en-manos-y-escote\/\" \/>\n<meta property=\"og:locale\" content=\"ca_ES\" \/>\n<meta property=\"og:type\" content=\"article\" \/>\n<meta property=\"og:title\" content=\"Hidrataci\u00f3 amb \u00c0cid Hialur\u00f2nic i Vitamines a Mans i Escot\" \/>\n<meta property=\"og:description\" content=\"[vc_row css_animation=&#8221;&#8221; row_type=&#8221;row&#8221; use_row_as_full_screen_section=&#8221;no&#8221; type=&#8221;full_width&#8221; angled_section=&#8221;no&#8221; text_align=&#8221;left&#8221; background_image_as_pattern=&#8221;without_pattern&#8221; background_color=&#8221;#f9f9f9&#8243;][vc_column][vc_empty_space height=&#8221;20px&#8221;][vc_empty_space height=&#8221;40px&#8221;][vc_row_inner row_type=&#8221;row&#8221; type=&#8221;full_width&#8221; text_align=&#8221;left&#8221; css_animation=&#8221;&#8221;][vc_column_inner width=&#8221;1\/2&#8243;][vc_single_image image=&#8221;8751&#8243; img_size=&#8221;full&#8221; alignment=&#8221;center&#8221; qode_css_animation=&#8221;&#8221;][vc_empty_space height=&#8221;40px&#8221;][\/vc_column_inner][vc_column_inner width=&#8221;1\/2&#8243;][vc_column_text] La Mesoterapia millorar\u00e0 els primers signes de l&#8217;envelliment cutani i actuar\u00e0 davant la prevenci\u00f3 d&#8217;aquests. Al mateix temps, millorar\u00e0s l&#8217;aspecte de la pell,...\" \/>\n<meta property=\"og:url\" content=\"https:\/\/www.canons.es\/medicina-estetica-corporal-2\/hidratacion-con-acido-hialuronico-y-vitaminas-en-manos-y-escote\/\" \/>\n<meta property=\"og:site_name\" content=\"Cl\u00ednica C\u00e0nons | Cirurgia i Medicina Estetica a Barcelona, \u200b\u200bGranollers\" \/>\n<meta property=\"article:publisher\" content=\"https:\/\/www.facebook.com\/canonsclinics\/\" \/>\n<meta property=\"article:modified_time\" content=\"2019-12-04T16:38:11+00:00\" \/>\n<meta name=\"twitter:card\" content=\"summary_large_image\" \/>\n<meta name=\"twitter:site\" content=\"@canonsclinics\" \/>\n<meta name=\"twitter:label1\" content=\"Temps estimat de lectura\" \/>\n\t<meta name=\"twitter:data1\" content=\"3 minuts\" \/>\n<script type=\"application\/ld+json\" class=\"yoast-schema-graph\">{\"@context\":\"https:\\\/\\\/schema.org\",\"@graph\":[{\"@type\":\"WebPage\",\"@id\":\"https:\\\/\\\/www.canons.es\\\/medicina-estetica-corporal-2\\\/hidratacion-con-acido-hialuronico-y-vitaminas-en-manos-y-escote\\\/\",\"url\":\"https:\\\/\\\/www.canons.es\\\/medicina-estetica-corporal-2\\\/hidratacion-con-acido-hialuronico-y-vitaminas-en-manos-y-escote\\\/\",\"name\":\"Hidrataci\u00f3 amb \u00c0cid Hialur\u00f2nic i Vitamines a Mans i Escot - Cl\u00ednica C\u00e0nons | Cirurgia i Medicina Estetica a Barcelona, \u200b\u200bGranollers\",\"isPartOf\":{\"@id\":\"https:\\\/\\\/www.canons.es\\\/#website\"},\"datePublished\":\"2015-08-24T10:16:18+00:00\",\"dateModified\":\"2019-12-04T16:38:11+00:00\",\"breadcrumb\":{\"@id\":\"https:\\\/\\\/www.canons.es\\\/medicina-estetica-corporal-2\\\/hidratacion-con-acido-hialuronico-y-vitaminas-en-manos-y-escote\\\/#breadcrumb\"},\"inLanguage\":\"ca\",\"potentialAction\":[{\"@type\":\"ReadAction\",\"target\":[\"https:\\\/\\\/www.canons.es\\\/medicina-estetica-corporal-2\\\/hidratacion-con-acido-hialuronico-y-vitaminas-en-manos-y-escote\\\/\"]}]},{\"@type\":\"BreadcrumbList\",\"@id\":\"https:\\\/\\\/www.canons.es\\\/medicina-estetica-corporal-2\\\/hidratacion-con-acido-hialuronico-y-vitaminas-en-manos-y-escote\\\/#breadcrumb\",\"itemListElement\":[{\"@type\":\"ListItem\",\"position\":1,\"name\":\"Portada\",\"item\":\"https:\\\/\\\/www.canons.es\\\/ca\\\/\"},{\"@type\":\"ListItem\",\"position\":2,\"name\":\"MEDICINA EST\u00c9TICA CORPORAL\",\"item\":\"https:\\\/\\\/www.canons.es\\\/ca\\\/medicina-estetica-corporal\\\/\"},{\"@type\":\"ListItem\",\"position\":3,\"name\":\"Hidrataci\u00f3 amb \u00c0cid Hialur\u00f2nic i Vitamines a Mans i Escot\"}]},{\"@type\":\"WebSite\",\"@id\":\"https:\\\/\\\/www.canons.es\\\/#website\",\"url\":\"https:\\\/\\\/www.canons.es\\\/\",\"name\":\"Cirug\u00eda Pl\u00e1stica y Est\u00e9tica Barcelona y Granollers | C\u00e0nons Clinics\",\"description\":\"\",\"publisher\":{\"@id\":\"https:\\\/\\\/www.canons.es\\\/#organization\"},\"potentialAction\":[{\"@type\":\"SearchAction\",\"target\":{\"@type\":\"EntryPoint\",\"urlTemplate\":\"https:\\\/\\\/www.canons.es\\\/?s={search_term_string}\"},\"query-input\":{\"@type\":\"PropertyValueSpecification\",\"valueRequired\":true,\"valueName\":\"search_term_string\"}}],\"inLanguage\":\"ca\"},{\"@type\":\"Organization\",\"@id\":\"https:\\\/\\\/www.canons.es\\\/#organization\",\"name\":\"Cirug\u00eda Pl\u00e1stica y Est\u00e9tica Barcelona y Granollers | C\u00e0nons Clinics\",\"url\":\"https:\\\/\\\/www.canons.es\\\/\",\"logo\":{\"@type\":\"ImageObject\",\"inLanguage\":\"ca\",\"@id\":\"https:\\\/\\\/www.canons.es\\\/#\\\/schema\\\/logo\\\/image\\\/\",\"url\":\"https:\\\/\\\/www.canons.es\\\/wp-content\\\/uploads\\\/2025\\\/04\\\/logo-canons-clinics.jpg\",\"contentUrl\":\"https:\\\/\\\/www.canons.es\\\/wp-content\\\/uploads\\\/2025\\\/04\\\/logo-canons-clinics.jpg\",\"width\":600,\"height\":139,\"caption\":\"Cirug\u00eda Pl\u00e1stica y Est\u00e9tica Barcelona y Granollers | C\u00e0nons Clinics\"},\"image\":{\"@id\":\"https:\\\/\\\/www.canons.es\\\/#\\\/schema\\\/logo\\\/image\\\/\"},\"sameAs\":[\"https:\\\/\\\/www.facebook.com\\\/canonsclinics\\\/\",\"https:\\\/\\\/x.com\\\/canonsclinics\",\"https:\\\/\\\/www.instagram.com\\\/canonsclinics\\\/\",\"https:\\\/\\\/www.youtube.com\\\/channel\\\/UCI1Ia6LjALyo1CuQ0_HwtfQ\",\"https:\\\/\\\/www.linkedin.com\\\/company\\\/canons-clinics\\\/\"]}]}<\/script>\n<!-- \/ Yoast SEO Premium plugin. -->","yoast_head_json":{"title":"Hidrataci\u00f3 amb \u00c0cid Hialur\u00f2nic i Vitamines a Mans i Escot - Cl\u00ednica C\u00e0nons | Cirurgia i Medicina Estetica a Barcelona, \u200b\u200bGranollers","robots":{"index":"index","follow":"follow","max-snippet":"max-snippet:-1","max-image-preview":"max-image-preview:large","max-video-preview":"max-video-preview:-1"},"canonical":"https:\/\/www.canons.es\/medicina-estetica-corporal-2\/hidratacion-con-acido-hialuronico-y-vitaminas-en-manos-y-escote\/","og_locale":"ca_ES","og_type":"article","og_title":"Hidrataci\u00f3 amb \u00c0cid Hialur\u00f2nic i Vitamines a Mans i Escot","og_description":"[vc_row css_animation=&#8221;&#8221; row_type=&#8221;row&#8221; use_row_as_full_screen_section=&#8221;no&#8221; type=&#8221;full_width&#8221; angled_section=&#8221;no&#8221; text_align=&#8221;left&#8221; background_image_as_pattern=&#8221;without_pattern&#8221; background_color=&#8221;#f9f9f9&#8243;][vc_column][vc_empty_space height=&#8221;20px&#8221;][vc_empty_space height=&#8221;40px&#8221;][vc_row_inner row_type=&#8221;row&#8221; type=&#8221;full_width&#8221; text_align=&#8221;left&#8221; css_animation=&#8221;&#8221;][vc_column_inner width=&#8221;1\/2&#8243;][vc_single_image image=&#8221;8751&#8243; img_size=&#8221;full&#8221; alignment=&#8221;center&#8221; qode_css_animation=&#8221;&#8221;][vc_empty_space height=&#8221;40px&#8221;][\/vc_column_inner][vc_column_inner width=&#8221;1\/2&#8243;][vc_column_text] La Mesoterapia millorar\u00e0 els primers signes de l&#8217;envelliment cutani i actuar\u00e0 davant la prevenci\u00f3 d&#8217;aquests. Al mateix temps, millorar\u00e0s l&#8217;aspecte de la pell,...","og_url":"https:\/\/www.canons.es\/medicina-estetica-corporal-2\/hidratacion-con-acido-hialuronico-y-vitaminas-en-manos-y-escote\/","og_site_name":"Cl\u00ednica C\u00e0nons | Cirurgia i Medicina Estetica a Barcelona, \u200b\u200bGranollers","article_publisher":"https:\/\/www.facebook.com\/canonsclinics\/","article_modified_time":"2019-12-04T16:38:11+00:00","twitter_card":"summary_large_image","twitter_site":"@canonsclinics","twitter_misc":{"Temps estimat de lectura":"3 minuts"},"schema":{"@context":"https:\/\/schema.org","@graph":[{"@type":"WebPage","@id":"https:\/\/www.canons.es\/medicina-estetica-corporal-2\/hidratacion-con-acido-hialuronico-y-vitaminas-en-manos-y-escote\/","url":"https:\/\/www.canons.es\/medicina-estetica-corporal-2\/hidratacion-con-acido-hialuronico-y-vitaminas-en-manos-y-escote\/","name":"Hidrataci\u00f3 amb \u00c0cid Hialur\u00f2nic i Vitamines a Mans i Escot - Cl\u00ednica C\u00e0nons | Cirurgia i Medicina Estetica a Barcelona, \u200b\u200bGranollers","isPartOf":{"@id":"https:\/\/www.canons.es\/#website"},"datePublished":"2015-08-24T10:16:18+00:00","dateModified":"2019-12-04T16:38:11+00:00","breadcrumb":{"@id":"https:\/\/www.canons.es\/medicina-estetica-corporal-2\/hidratacion-con-acido-hialuronico-y-vitaminas-en-manos-y-escote\/#breadcrumb"},"inLanguage":"ca","potentialAction":[{"@type":"ReadAction","target":["https:\/\/www.canons.es\/medicina-estetica-corporal-2\/hidratacion-con-acido-hialuronico-y-vitaminas-en-manos-y-escote\/"]}]},{"@type":"BreadcrumbList","@id":"https:\/\/www.canons.es\/medicina-estetica-corporal-2\/hidratacion-con-acido-hialuronico-y-vitaminas-en-manos-y-escote\/#breadcrumb","itemListElement":[{"@type":"ListItem","position":1,"name":"Portada","item":"https:\/\/www.canons.es\/ca\/"},{"@type":"ListItem","position":2,"name":"MEDICINA EST\u00c9TICA CORPORAL","item":"https:\/\/www.canons.es\/ca\/medicina-estetica-corporal\/"},{"@type":"ListItem","position":3,"name":"Hidrataci\u00f3 amb \u00c0cid Hialur\u00f2nic i Vitamines a Mans i Escot"}]},{"@type":"WebSite","@id":"https:\/\/www.canons.es\/#website","url":"https:\/\/www.canons.es\/","name":"Cirug\u00eda Pl\u00e1stica y Est\u00e9tica Barcelona y Granollers | C\u00e0nons Clinics","description":"","publisher":{"@id":"https:\/\/www.canons.es\/#organization"},"potentialAction":[{"@type":"SearchAction","target":{"@type":"EntryPoint","urlTemplate":"https:\/\/www.canons.es\/?s={search_term_string}"},"query-input":{"@type":"PropertyValueSpecification","valueRequired":true,"valueName":"search_term_string"}}],"inLanguage":"ca"},{"@type":"Organization","@id":"https:\/\/www.canons.es\/#organization","name":"Cirug\u00eda Pl\u00e1stica y Est\u00e9tica Barcelona y Granollers | C\u00e0nons Clinics","url":"https:\/\/www.canons.es\/","logo":{"@type":"ImageObject","inLanguage":"ca","@id":"https:\/\/www.canons.es\/#\/schema\/logo\/image\/","url":"https:\/\/www.canons.es\/wp-content\/uploads\/2025\/04\/logo-canons-clinics.jpg","contentUrl":"https:\/\/www.canons.es\/wp-content\/uploads\/2025\/04\/logo-canons-clinics.jpg","width":600,"height":139,"caption":"Cirug\u00eda Pl\u00e1stica y Est\u00e9tica Barcelona y Granollers | C\u00e0nons Clinics"},"image":{"@id":"https:\/\/www.canons.es\/#\/schema\/logo\/image\/"},"sameAs":["https:\/\/www.facebook.com\/canonsclinics\/","https:\/\/x.com\/canonsclinics","https:\/\/www.instagram.com\/canonsclinics\/","https:\/\/www.youtube.com\/channel\/UCI1Ia6LjALyo1CuQ0_HwtfQ","https:\/\/www.linkedin.com\/company\/canons-clinics\/"]}]}},"_links":{"self":[{"href":"https:\/\/www.canons.es\/ca\/wp-json\/wp\/v2\/pages\/9430","targetHints":{"allow":["GET"]}}],"collection":[{"href":"https:\/\/www.canons.es\/ca\/wp-json\/wp\/v2\/pages"}],"about":[{"href":"https:\/\/www.canons.es\/ca\/wp-json\/wp\/v2\/types\/page"}],"author":[{"embeddable":true,"href":"https:\/\/www.canons.es\/ca\/wp-json\/wp\/v2\/users\/25"}],"replies":[{"embeddable":true,"href":"https:\/\/www.canons.es\/ca\/wp-json\/wp\/v2\/comments?post=9430"}],"version-history":[{"count":0,"href":"https:\/\/www.canons.es\/ca\/wp-json\/wp\/v2\/pages\/9430\/revisions"}],"up":[{"embeddable":true,"href":"https:\/\/www.canons.es\/ca\/wp-json\/wp\/v2\/pages\/9584"}],"wp:attachment":[{"href":"https:\/\/www.canons.es\/ca\/wp-json\/wp\/v2\/media?parent=9430"}],"curies":[{"name":"wp","href":"https:\/\/api.w.org\/{rel}","templated":true}]}}