{"id":9412,"date":"2015-08-24T10:09:08","date_gmt":"2015-08-24T10:09:08","guid":{"rendered":"https:\/\/www.canons.es\/ca\/rejuvenecimiento-manos-y-escote-con-peelings-quimicos-medicos\/"},"modified":"2019-12-11T15:58:55","modified_gmt":"2019-12-11T15:58:55","slug":"rejuvenecimiento-manos-y-escote-con-peelings-quimicos-medicos","status":"publish","type":"page","link":"https:\/\/www.canons.es\/ca\/medicina-estetica-corporal\/rejuvenecimiento-manos-y-escote-con-peelings-quimicos-medicos\/","title":{"rendered":"Rejoveniment de Mans i Escot amb Peelings qu\u00edmics"},"content":{"rendered":"<div class=\"wpb-content-wrapper\"><p>[vc_row css_animation=&#8221;&#8221; row_type=&#8221;row&#8221; use_row_as_full_screen_section=&#8221;no&#8221; type=&#8221;full_width&#8221; angled_section=&#8221;no&#8221; text_align=&#8221;left&#8221; background_image_as_pattern=&#8221;without_pattern&#8221; background_color=&#8221;#f9f9f9&#8243;][vc_column][vc_empty_space height=&#8221;20px&#8221;]<div class=\"custom_font_holder\" style=\"font-family: Raleway; font-size: 35px; line-height: 26px; font-style: normal; font-weight: 300; color: #1e70b3; text-decoration: none; text-align: left;\">REJOVENIMENT MANS I ESCOT AMB PEELING QU\u00cdMIC<\/div>[vc_empty_space height=&#8221;40px&#8221;][vc_row_inner row_type=&#8221;row&#8221; type=&#8221;full_width&#8221; text_align=&#8221;left&#8221; css_animation=&#8221;&#8221;][vc_column_inner width=&#8221;1\/2&#8243;][vc_single_image image=&#8221;10697&#8243; img_size=&#8221;full&#8221; alignment=&#8221;center&#8221; qode_css_animation=&#8221;&#8221;][vc_empty_space height=&#8221;40px&#8221;][\/vc_column_inner][vc_column_inner width=&#8221;1\/2&#8243;][vc_column_text]<\/p>\n<p style=\"text-align: justify;\">El Peeling Qu\u00edmic \u00e9s un tractament r\u00e0pid, senzill i indolor que consisteix en l&#8217;<strong>aplicaci\u00f3 de diferents \u00e0cids l&#8217;efecte de les quals ser\u00e0 l&#8217;exfoliaci\u00f3 epid\u00e8rmica lleu, moderada o profunda segons les alteracions epid\u00e8rmiques a tractar<\/strong>.<\/p>\n<p style=\"text-align: justify;\">T&#8217;<strong>estimular\u00e0 la<\/strong> <strong>producci\u00f3 de col\u00b7l\u00e0gen i elastina<\/strong> provocant un efecte rejovenidor i tensor de la zona tractada.<\/p>\n<p>[\/vc_column_text][\/vc_column_inner][\/vc_row_inner][\/vc_column][\/vc_row][vc_row css_animation=&#8221;&#8221; row_type=&#8221;row&#8221; use_row_as_full_screen_section=&#8221;no&#8221; type=&#8221;full_width&#8221; angled_section=&#8221;no&#8221; text_align=&#8221;left&#8221; background_image_as_pattern=&#8221;without_pattern&#8221; section_type=&#8221;full-width&#8221;][vc_column][vc_empty_space][vc_accordion style=&#8221;accordion&#8221;][vc_accordion_tab title=&#8221;Quins beneficis obtindr\u00e0s al realitzar un Peeling Qu\u00edmic?&#8221;][vc_column_text]<\/p>\n<div id=\"stcpDiv\">\n<ul>\n<li><span style=\"color: #6d98dc;\"><strong>Efecte anticancer\u00edgen<\/strong><\/span> per la microexfoliaci\u00f3 cut\u00e0nia<\/li>\n<\/ul>\n<ul>\n<li>Millorar\u00e0s la qualitat cut\u00e0nia per <span style=\"color: #6d98dc;\"><strong>regeneraci\u00f3 epid\u00e8rmica<\/strong><\/span><\/li>\n<\/ul>\n<ul>\n<li>Es <span style=\"color: #6d98dc;\"><strong>reafirmaran i remodelaran les zones tractades<\/strong><\/span><\/li>\n<\/ul>\n<ul>\n<li><span style=\"color: #6d98dc;\"><strong>Suavitzar\u00e0s<\/strong> <\/span>la profunditat de les <span style=\"color: #6d98dc;\"><strong>arrugues<\/strong><\/span><\/li>\n<\/ul>\n<ul>\n<li>T&#8217;aportar\u00e0 <span style=\"color: #6d98dc;\"><strong>uniformitat i lluminositat cut\u00e0nia<\/strong><\/span><\/li>\n<\/ul>\n<ul>\n<li><span style=\"color: #6d98dc;\"><strong>Millorar\u00e0 l\u2019elasticitat cut\u00e0nia<\/strong><\/span><\/li>\n<\/ul>\n<ul>\n<li>Es <span style=\"color: #6d98dc;\"><strong>redensificar\u00e0 i augmentar\u00e0 la consist\u00e8ncia<\/strong><\/span> cut\u00e0nia de les zones tractades<\/li>\n<\/ul>\n<ul>\n<li>Milloraran les cicatrius d\u2019acn\u00e9 o de lesions antigues<\/li>\n<\/ul>\n<ul>\n<li><span style=\"color: #6d98dc;\"><strong>Estimular\u00e0s la producci\u00f3 de col\u00b7l\u00e0gen i elastina<\/strong><\/span><\/li>\n<\/ul>\n<ul>\n<li><span style=\"color: #6d98dc;\"><strong>Eliminar\u00e0s i atenuar\u00e0s les taques i pigmentacions<\/strong><\/span><\/li>\n<\/ul>\n<ul>\n<li><span style=\"color: #6d98dc;\"><strong>Atenuar\u00e0s i evitar\u00e0s la formaci\u00f3 d\u2019estries<\/strong><\/span><\/li>\n<\/ul>\n<ul>\n<li>Disminuir\u00e0s el tamany dels poros oberts<\/li>\n<\/ul>\n<ul>\n<li><span style=\"color: #6d98dc;\"><strong>Seboregular\u00e0s l\u2019exc\u00e9s de grasa<\/strong><\/span> combatent l\u2019acn\u00e9 i les seves seq\u00fceles<\/li>\n<\/ul>\n<\/div>\n<p>[\/vc_column_text][\/vc_accordion_tab][vc_accordion_tab title=&#8221;En qu\u00e8 consisteix un Peeling Qu\u00edmic?&#8221;][vc_column_text]<\/p>\n<div id=\"stcpDiv\" style=\"text-align: justify;\">En els nostres centres C\u00e0nons Clinics, especialitzats en Cirurgia i Medicina Est\u00e8tica, primer es neteja la zona a tractar amb productes espec\u00edfics a cada tipus de pell i, posteriorment s\u2019aplica l\u2019<strong><span style=\"color: #6d98dc;\">\u00e0cid espec\u00edfic depenent de cada cas en particular controlant el temps d\u2019acci\u00f3 dels \u00e0cids i la bona toler\u00e0ncia a aquest<\/span>.<\/strong><\/div>\n<p>[\/vc_column_text][\/vc_accordion_tab][vc_accordion_tab title=&#8221;Quant dura un Peeling Qu\u00edmic?&#8221;][vc_column_text]<\/p>\n<div id=\"stcpDiv\">La <span style=\"color: #6d98dc;\"><strong>durada mitjana<\/strong><\/span> d\u2019un Peeling Qu\u00edmic pot ser <strong><span style=\"color: #6d98dc;\">des de 10 minuts fins a 4 hores<\/span>.<\/strong><\/div>\n<p>[\/vc_column_text][\/vc_accordion_tab][vc_accordion_tab title=&#8221;Quin tipus de Peeling Qu\u00edmic ser\u00e0 m\u00e9s adequat per a mi?&#8221;][vc_column_text]<\/p>\n<div id=\"stcpDiv\" style=\"text-align: justify;\">El Peeling Qu\u00edmic ha de ser un tractament personalizat.La intensitat del Peeling ha d\u2019estar directament relacionada amb l\u2019alteraci\u00f3 a tractar i el tipus de pell.<\/div>\n<div style=\"text-align: justify;\"><\/div>\n<div style=\"text-align: justify;\">El <span style=\"color: #6d98dc;\"><strong>Peeling Superficial<\/strong><\/span> va destinat a fer <strong><span style=\"color: #6d98dc;\">desapar\u00e8ixer arrugues fines, taques i, acn\u00e9<\/span><\/strong> en persones que no volen o no poden permetre una descamaci\u00f3 visible, ja que nom\u00e9s deixa un lleuger enrogiment que desapareix en poques hores. Pot aplicar-se en intervals setmanals o quinzenals. <strong><span style=\"color: #6d98dc;\">Es recomana aplicar com a m\u00ednim un a cada estaci\u00f3 de l\u2019any<\/span><\/strong>.<\/div>\n<div style=\"text-align: justify;\"><\/div>\n<div style=\"text-align: justify;\">El <span style=\"color: #6d98dc;\"><strong>Peeling Mig<\/strong><\/span> va destinat a <strong><span style=\"color: #6d98dc;\">esborrar les arrugues superficials<\/span><\/strong>, aix\u00ed com les lesions pigmentades esteses i l\u2019<strong><span style=\"color: #6d98dc;\">acn\u00e9 en fase activa<\/span><\/strong>. Apareix un enrogiment major i una descamaci\u00f3 m\u00e9s visible, desprenent pells seques. Pr\u00e0cticament no altera la vida social normal. <span style=\"color: #6d98dc;\"><strong>Pot aplicar-se de nou a les sis setmanes<\/strong><\/span>.<\/div>\n<div style=\"text-align: justify;\"><\/div>\n<div style=\"text-align: justify;\">El <span style=\"color: #6d98dc;\"><strong>Peeling Profund<\/strong><\/span> va destinat a eliminar les <strong><span style=\"color: #6d98dc;\">arrugues m\u00e9s marcades<\/span><\/strong>, el fotoenvelliment de grau mitj\u00e0 alt, l\u2019<strong><span style=\"color: #6d98dc;\">acn\u00e9 en el seu estat cicatricial<\/span><\/strong> i, la pigmentaci\u00f3 circumscrita. Apareix un enrogiment intens de la pell temporal durant 3 o 4 dies i una descamaci\u00f3 intensa durant un m\u00e0xim d\u2019uns 10 dies. Es realitza en una sessi\u00f3. <strong><span style=\"color: #6d98dc;\">Pot aplicar-se de nou a les vuit setmanes<\/span><\/strong>.<\/div>\n<p>[\/vc_column_text][\/vc_accordion_tab][vc_accordion_tab title=&#8221;En quina \u00e8poca de l\u2019any est\u00e0 m\u00e9s indicat realitzar un Peeling Qu\u00edmic?&#8221;][vc_column_text]<\/p>\n<div id=\"stcpDiv\" style=\"text-align: justify;\">Podr\u00e0s realitzar durant tot l\u2019any. Est\u00e0 <span style=\"color: #6d98dc;\"><strong>indicat en tot tipus de pells<\/strong><\/span> i en qualsevol part del cos.<\/div>\n<p>[\/vc_column_text][\/vc_accordion_tab][vc_accordion_tab title=&#8221;Podr\u00e9 combinar amb altres Ter\u00e0pies Corporals?&#8221;][vc_column_text]<\/p>\n<div id=\"stcpDiv\" style=\"text-align: justify;\">\u00c9s totalment <span style=\"color: #6d98dc;\"><strong>compatible i combinable<\/strong><\/span> amb totes les ter\u00e0pies metge est\u00e8tiques corporals seguint les recomanacions pautades pels nostres Metges Especialistes en Medicina Est\u00e8tica de C\u00e0nons Clinics aportant un tractament global de mans i escot amb l\u2019objectiu de millorar la imatge personal.<\/div>\n<p>[\/vc_column_text][\/vc_accordion_tab][\/vc_accordion][\/vc_column][\/vc_row]<\/p>\n<\/div><!-- AddThis Advanced Settings generic via filter on the_content --><!-- AddThis Share Buttons generic via filter on the_content -->","protected":false},"excerpt":{"rendered":"<p>[vc_row css_animation=&#8221;&#8221; row_type=&#8221;row&#8221; use_row_as_full_screen_section=&#8221;no&#8221; type=&#8221;full_width&#8221; angled_section=&#8221;no&#8221; text_align=&#8221;left&#8221; background_image_as_pattern=&#8221;without_pattern&#8221; background_color=&#8221;#f9f9f9&#8243;][vc_column][vc_empty_space height=&#8221;20px&#8221;][vc_empty_space height=&#8221;40px&#8221;][vc_row_inner row_type=&#8221;row&#8221; type=&#8221;full_width&#8221; text_align=&#8221;left&#8221; css_animation=&#8221;&#8221;][vc_column_inner width=&#8221;1\/2&#8243;][vc_single_image image=&#8221;10697&#8243; img_size=&#8221;full&#8221; alignment=&#8221;center&#8221; qode_css_animation=&#8221;&#8221;][vc_empty_space height=&#8221;40px&#8221;][\/vc_column_inner][vc_column_inner width=&#8221;1\/2&#8243;][vc_column_text] El Peeling Qu\u00edmic \u00e9s un tractament r\u00e0pid, senzill i indolor que consisteix en l&#8217;aplicaci\u00f3 de diferents \u00e0cids l&#8217;efecte de les quals ser\u00e0 l&#8217;exfoliaci\u00f3&#8230;<!-- AddThis Advanced Settings generic via filter on get_the_excerpt --><!-- AddThis Share Buttons generic via filter on get_the_excerpt --><\/p>\n","protected":false},"author":25,"featured_media":0,"parent":9584,"menu_order":0,"comment_status":"closed","ping_status":"closed","template":"","meta":{"footnotes":""},"class_list":["post-9412","page","type-page","status-publish","hentry"],"yoast_head":"<!-- This site is optimized with the Yoast SEO Premium plugin v26.9 (Yoast SEO v27.2) - https:\/\/yoast.com\/product\/yoast-seo-premium-wordpress\/ -->\n<title>Rejoveniment de Mans i Escot amb Peelings qu\u00edmics - Cl\u00ednica C\u00e0nons | Cirurgia i Medicina Estetica a Barcelona, \u200b\u200bGranollers<\/title>\n<meta name=\"robots\" content=\"index, follow, max-snippet:-1, max-image-preview:large, max-video-preview:-1\" \/>\n<link rel=\"canonical\" href=\"https:\/\/www.canons.es\/medicina-estetica-corporal-2\/rejuvenecimiento-manos-y-escote-con-peelings-quimicos-medicos\/\" \/>\n<meta property=\"og:locale\" content=\"ca_ES\" \/>\n<meta property=\"og:type\" content=\"article\" \/>\n<meta property=\"og:title\" content=\"Rejoveniment de Mans i Escot amb Peelings qu\u00edmics\" \/>\n<meta property=\"og:description\" content=\"[vc_row css_animation=&#8221;&#8221; row_type=&#8221;row&#8221; use_row_as_full_screen_section=&#8221;no&#8221; type=&#8221;full_width&#8221; angled_section=&#8221;no&#8221; text_align=&#8221;left&#8221; background_image_as_pattern=&#8221;without_pattern&#8221; background_color=&#8221;#f9f9f9&#8243;][vc_column][vc_empty_space height=&#8221;20px&#8221;][vc_empty_space height=&#8221;40px&#8221;][vc_row_inner row_type=&#8221;row&#8221; type=&#8221;full_width&#8221; text_align=&#8221;left&#8221; css_animation=&#8221;&#8221;][vc_column_inner width=&#8221;1\/2&#8243;][vc_single_image image=&#8221;10697&#8243; img_size=&#8221;full&#8221; alignment=&#8221;center&#8221; qode_css_animation=&#8221;&#8221;][vc_empty_space height=&#8221;40px&#8221;][\/vc_column_inner][vc_column_inner width=&#8221;1\/2&#8243;][vc_column_text] El Peeling Qu\u00edmic \u00e9s un tractament r\u00e0pid, senzill i indolor que consisteix en l&#8217;aplicaci\u00f3 de diferents \u00e0cids l&#8217;efecte de les quals ser\u00e0 l&#8217;exfoliaci\u00f3...\" \/>\n<meta property=\"og:url\" content=\"https:\/\/www.canons.es\/medicina-estetica-corporal-2\/rejuvenecimiento-manos-y-escote-con-peelings-quimicos-medicos\/\" \/>\n<meta property=\"og:site_name\" content=\"Cl\u00ednica C\u00e0nons | Cirurgia i Medicina Estetica a Barcelona, \u200b\u200bGranollers\" \/>\n<meta property=\"article:publisher\" content=\"https:\/\/www.facebook.com\/canonsclinics\/\" \/>\n<meta property=\"article:modified_time\" content=\"2019-12-11T15:58:55+00:00\" \/>\n<meta name=\"twitter:card\" content=\"summary_large_image\" \/>\n<meta name=\"twitter:site\" content=\"@canonsclinics\" \/>\n<meta name=\"twitter:label1\" content=\"Temps estimat de lectura\" \/>\n\t<meta name=\"twitter:data1\" content=\"4 minuts\" \/>\n<script type=\"application\/ld+json\" class=\"yoast-schema-graph\">{\"@context\":\"https:\/\/schema.org\",\"@graph\":[{\"@type\":\"WebPage\",\"@id\":\"https:\/\/www.canons.es\/medicina-estetica-corporal-2\/rejuvenecimiento-manos-y-escote-con-peelings-quimicos-medicos\/\",\"url\":\"https:\/\/www.canons.es\/medicina-estetica-corporal-2\/rejuvenecimiento-manos-y-escote-con-peelings-quimicos-medicos\/\",\"name\":\"Rejoveniment de Mans i Escot amb Peelings qu\u00edmics - Cl\u00ednica C\u00e0nons | Cirurgia i Medicina Estetica a Barcelona, \u200b\u200bGranollers\",\"isPartOf\":{\"@id\":\"https:\/\/www.canons.es\/#website\"},\"datePublished\":\"2015-08-24T10:09:08+00:00\",\"dateModified\":\"2019-12-11T15:58:55+00:00\",\"breadcrumb\":{\"@id\":\"https:\/\/www.canons.es\/medicina-estetica-corporal-2\/rejuvenecimiento-manos-y-escote-con-peelings-quimicos-medicos\/#breadcrumb\"},\"inLanguage\":\"ca\",\"potentialAction\":[{\"@type\":\"ReadAction\",\"target\":[\"https:\/\/www.canons.es\/medicina-estetica-corporal-2\/rejuvenecimiento-manos-y-escote-con-peelings-quimicos-medicos\/\"]}]},{\"@type\":\"BreadcrumbList\",\"@id\":\"https:\/\/www.canons.es\/medicina-estetica-corporal-2\/rejuvenecimiento-manos-y-escote-con-peelings-quimicos-medicos\/#breadcrumb\",\"itemListElement\":[{\"@type\":\"ListItem\",\"position\":1,\"name\":\"Portada\",\"item\":\"https:\/\/www.canons.es\/ca\/\"},{\"@type\":\"ListItem\",\"position\":2,\"name\":\"MEDICINA EST\u00c9TICA CORPORAL\",\"item\":\"https:\/\/www.canons.es\/ca\/medicina-estetica-corporal\/\"},{\"@type\":\"ListItem\",\"position\":3,\"name\":\"Rejoveniment de Mans i Escot amb Peelings qu\u00edmics\"}]},{\"@type\":\"WebSite\",\"@id\":\"https:\/\/www.canons.es\/#website\",\"url\":\"https:\/\/www.canons.es\/\",\"name\":\"Cirug\u00eda Pl\u00e1stica y Est\u00e9tica Barcelona y Granollers | C\u00e0nons Clinics\",\"description\":\"\",\"publisher\":{\"@id\":\"https:\/\/www.canons.es\/#organization\"},\"potentialAction\":[{\"@type\":\"SearchAction\",\"target\":{\"@type\":\"EntryPoint\",\"urlTemplate\":\"https:\/\/www.canons.es\/?s={search_term_string}\"},\"query-input\":{\"@type\":\"PropertyValueSpecification\",\"valueRequired\":true,\"valueName\":\"search_term_string\"}}],\"inLanguage\":\"ca\"},{\"@type\":\"Organization\",\"@id\":\"https:\/\/www.canons.es\/#organization\",\"name\":\"Cirug\u00eda Pl\u00e1stica y Est\u00e9tica Barcelona y Granollers | C\u00e0nons Clinics\",\"url\":\"https:\/\/www.canons.es\/\",\"logo\":{\"@type\":\"ImageObject\",\"inLanguage\":\"ca\",\"@id\":\"https:\/\/www.canons.es\/#\/schema\/logo\/image\/\",\"url\":\"https:\/\/www.canons.es\/wp-content\/uploads\/2025\/04\/logo-canons-clinics.jpg\",\"contentUrl\":\"https:\/\/www.canons.es\/wp-content\/uploads\/2025\/04\/logo-canons-clinics.jpg\",\"width\":600,\"height\":139,\"caption\":\"Cirug\u00eda Pl\u00e1stica y Est\u00e9tica Barcelona y Granollers | C\u00e0nons Clinics\"},\"image\":{\"@id\":\"https:\/\/www.canons.es\/#\/schema\/logo\/image\/\"},\"sameAs\":[\"https:\/\/www.facebook.com\/canonsclinics\/\",\"https:\/\/x.com\/canonsclinics\",\"https:\/\/www.instagram.com\/canonsclinics\/\",\"https:\/\/www.youtube.com\/channel\/UCI1Ia6LjALyo1CuQ0_HwtfQ\",\"https:\/\/www.linkedin.com\/company\/canons-clinics\/\"]}]}<\/script>\n<!-- \/ Yoast SEO Premium plugin. -->","yoast_head_json":{"title":"Rejoveniment de Mans i Escot amb Peelings qu\u00edmics - Cl\u00ednica C\u00e0nons | Cirurgia i Medicina Estetica a Barcelona, \u200b\u200bGranollers","robots":{"index":"index","follow":"follow","max-snippet":"max-snippet:-1","max-image-preview":"max-image-preview:large","max-video-preview":"max-video-preview:-1"},"canonical":"https:\/\/www.canons.es\/medicina-estetica-corporal-2\/rejuvenecimiento-manos-y-escote-con-peelings-quimicos-medicos\/","og_locale":"ca_ES","og_type":"article","og_title":"Rejoveniment de Mans i Escot amb Peelings qu\u00edmics","og_description":"[vc_row css_animation=&#8221;&#8221; row_type=&#8221;row&#8221; use_row_as_full_screen_section=&#8221;no&#8221; type=&#8221;full_width&#8221; angled_section=&#8221;no&#8221; text_align=&#8221;left&#8221; background_image_as_pattern=&#8221;without_pattern&#8221; background_color=&#8221;#f9f9f9&#8243;][vc_column][vc_empty_space height=&#8221;20px&#8221;][vc_empty_space height=&#8221;40px&#8221;][vc_row_inner row_type=&#8221;row&#8221; type=&#8221;full_width&#8221; text_align=&#8221;left&#8221; css_animation=&#8221;&#8221;][vc_column_inner width=&#8221;1\/2&#8243;][vc_single_image image=&#8221;10697&#8243; img_size=&#8221;full&#8221; alignment=&#8221;center&#8221; qode_css_animation=&#8221;&#8221;][vc_empty_space height=&#8221;40px&#8221;][\/vc_column_inner][vc_column_inner width=&#8221;1\/2&#8243;][vc_column_text] El Peeling Qu\u00edmic \u00e9s un tractament r\u00e0pid, senzill i indolor que consisteix en l&#8217;aplicaci\u00f3 de diferents \u00e0cids l&#8217;efecte de les quals ser\u00e0 l&#8217;exfoliaci\u00f3...","og_url":"https:\/\/www.canons.es\/medicina-estetica-corporal-2\/rejuvenecimiento-manos-y-escote-con-peelings-quimicos-medicos\/","og_site_name":"Cl\u00ednica C\u00e0nons | Cirurgia i Medicina Estetica a Barcelona, \u200b\u200bGranollers","article_publisher":"https:\/\/www.facebook.com\/canonsclinics\/","article_modified_time":"2019-12-11T15:58:55+00:00","twitter_card":"summary_large_image","twitter_site":"@canonsclinics","twitter_misc":{"Temps estimat de lectura":"4 minuts"},"schema":{"@context":"https:\/\/schema.org","@graph":[{"@type":"WebPage","@id":"https:\/\/www.canons.es\/medicina-estetica-corporal-2\/rejuvenecimiento-manos-y-escote-con-peelings-quimicos-medicos\/","url":"https:\/\/www.canons.es\/medicina-estetica-corporal-2\/rejuvenecimiento-manos-y-escote-con-peelings-quimicos-medicos\/","name":"Rejoveniment de Mans i Escot amb Peelings qu\u00edmics - Cl\u00ednica C\u00e0nons | Cirurgia i Medicina Estetica a Barcelona, \u200b\u200bGranollers","isPartOf":{"@id":"https:\/\/www.canons.es\/#website"},"datePublished":"2015-08-24T10:09:08+00:00","dateModified":"2019-12-11T15:58:55+00:00","breadcrumb":{"@id":"https:\/\/www.canons.es\/medicina-estetica-corporal-2\/rejuvenecimiento-manos-y-escote-con-peelings-quimicos-medicos\/#breadcrumb"},"inLanguage":"ca","potentialAction":[{"@type":"ReadAction","target":["https:\/\/www.canons.es\/medicina-estetica-corporal-2\/rejuvenecimiento-manos-y-escote-con-peelings-quimicos-medicos\/"]}]},{"@type":"BreadcrumbList","@id":"https:\/\/www.canons.es\/medicina-estetica-corporal-2\/rejuvenecimiento-manos-y-escote-con-peelings-quimicos-medicos\/#breadcrumb","itemListElement":[{"@type":"ListItem","position":1,"name":"Portada","item":"https:\/\/www.canons.es\/ca\/"},{"@type":"ListItem","position":2,"name":"MEDICINA EST\u00c9TICA CORPORAL","item":"https:\/\/www.canons.es\/ca\/medicina-estetica-corporal\/"},{"@type":"ListItem","position":3,"name":"Rejoveniment de Mans i Escot amb Peelings qu\u00edmics"}]},{"@type":"WebSite","@id":"https:\/\/www.canons.es\/#website","url":"https:\/\/www.canons.es\/","name":"Cirug\u00eda Pl\u00e1stica y Est\u00e9tica Barcelona y Granollers | C\u00e0nons Clinics","description":"","publisher":{"@id":"https:\/\/www.canons.es\/#organization"},"potentialAction":[{"@type":"SearchAction","target":{"@type":"EntryPoint","urlTemplate":"https:\/\/www.canons.es\/?s={search_term_string}"},"query-input":{"@type":"PropertyValueSpecification","valueRequired":true,"valueName":"search_term_string"}}],"inLanguage":"ca"},{"@type":"Organization","@id":"https:\/\/www.canons.es\/#organization","name":"Cirug\u00eda Pl\u00e1stica y Est\u00e9tica Barcelona y Granollers | C\u00e0nons Clinics","url":"https:\/\/www.canons.es\/","logo":{"@type":"ImageObject","inLanguage":"ca","@id":"https:\/\/www.canons.es\/#\/schema\/logo\/image\/","url":"https:\/\/www.canons.es\/wp-content\/uploads\/2025\/04\/logo-canons-clinics.jpg","contentUrl":"https:\/\/www.canons.es\/wp-content\/uploads\/2025\/04\/logo-canons-clinics.jpg","width":600,"height":139,"caption":"Cirug\u00eda Pl\u00e1stica y Est\u00e9tica Barcelona y Granollers | C\u00e0nons Clinics"},"image":{"@id":"https:\/\/www.canons.es\/#\/schema\/logo\/image\/"},"sameAs":["https:\/\/www.facebook.com\/canonsclinics\/","https:\/\/x.com\/canonsclinics","https:\/\/www.instagram.com\/canonsclinics\/","https:\/\/www.youtube.com\/channel\/UCI1Ia6LjALyo1CuQ0_HwtfQ","https:\/\/www.linkedin.com\/company\/canons-clinics\/"]}]}},"_links":{"self":[{"href":"https:\/\/www.canons.es\/ca\/wp-json\/wp\/v2\/pages\/9412","targetHints":{"allow":["GET"]}}],"collection":[{"href":"https:\/\/www.canons.es\/ca\/wp-json\/wp\/v2\/pages"}],"about":[{"href":"https:\/\/www.canons.es\/ca\/wp-json\/wp\/v2\/types\/page"}],"author":[{"embeddable":true,"href":"https:\/\/www.canons.es\/ca\/wp-json\/wp\/v2\/users\/25"}],"replies":[{"embeddable":true,"href":"https:\/\/www.canons.es\/ca\/wp-json\/wp\/v2\/comments?post=9412"}],"version-history":[{"count":0,"href":"https:\/\/www.canons.es\/ca\/wp-json\/wp\/v2\/pages\/9412\/revisions"}],"up":[{"embeddable":true,"href":"https:\/\/www.canons.es\/ca\/wp-json\/wp\/v2\/pages\/9584"}],"wp:attachment":[{"href":"https:\/\/www.canons.es\/ca\/wp-json\/wp\/v2\/media?parent=9412"}],"curies":[{"name":"wp","href":"https:\/\/api.w.org\/{rel}","templated":true}]}}