{"id":9363,"date":"2015-07-17T09:16:26","date_gmt":"2015-07-17T09:16:26","guid":{"rendered":"https:\/\/www.canons.es\/ca\/terapia-para-la-couperosi-facial-o-rosacea-con-laser-medico\/"},"modified":"2020-06-10T13:09:48","modified_gmt":"2020-06-10T13:09:48","slug":"terapia-couperosi-laser-medic","status":"publish","type":"page","link":"https:\/\/www.canons.es\/ca\/unitat-laser\/terapia-couperosi-laser-medic\/","title":{"rendered":"Ter\u00e0pia per a la Couperosi Facial o Ros\u00e0cia amb L\u00e0ser M\u00e8dic"},"content":{"rendered":"<div class=\"wpb-content-wrapper\"><p>[vc_row css_animation=&#8221;&#8221; row_type=&#8221;row&#8221; use_row_as_full_screen_section=&#8221;no&#8221; type=&#8221;full_width&#8221; angled_section=&#8221;no&#8221; text_align=&#8221;left&#8221; background_image_as_pattern=&#8221;without_pattern&#8221; background_color=&#8221;#f7f7f7&#8243; section_type=&#8221;full-width&#8221;][vc_column][vc_empty_space height=&#8221;20px&#8221;]<div class=\"custom_font_holder\" style=\"font-family: Raleway; font-size: 35px; line-height: 26px; font-style: normal; font-weight: 300; color: #1e70b3; text-decoration: none; text-align: left;\">TER\u00c0PIA PER LA\u00a0<span class=\"hiddenSpellError\">COUPEROSI<\/span> FACIAL O ROS\u00c0CIA AMB<\/p>\n<p>&nbsp;<\/p>\n<p>L\u00c0SER M\u00c8DIC <span class=\"hiddenSpellError\">CUTERA<\/span>\u00a0<span class=\"hiddenSpellError\">EXCLER<\/span>\u00a0<span class=\"hiddenSpellError\">HR<\/span><\/div>[vc_empty_space height=&#8221;40px&#8221;][vc_row_inner row_type=&#8221;row&#8221; type=&#8221;full_width&#8221; text_align=&#8221;left&#8221; css_animation=&#8221;&#8221;][vc_column_inner width=&#8221;1\/2&#8243;][vc_single_image image=&#8221;17841&#8243; img_size=&#8221;full&#8221; alignment=&#8221;center&#8221; qode_css_animation=&#8221;&#8221;][vc_empty_space height=&#8221;40px&#8221;][\/vc_column_inner][vc_column_inner width=&#8221;1\/2&#8243;][vc_column_text]<\/p>\n<p style=\"text-align: justify;\">A\u00a0C\u00e0nons Clinics, centres especialitzats en Medicina Est\u00e8tica i Cirurgia Pl\u00e0stica, disposem d&#8217;una <strong>efica\u00e7 aparatolog\u00eda m\u00e8dica per a l&#8217;eliminaci\u00f3 de vermellors i couperosi<\/strong>. Mitjan\u00e7ant la t\u00e8cnica l\u00e0ser de llum premuda i del L\u00e0ser M\u00e8dic Cutera excel HR, <strong>eliminem tot tipus de marques, sense deixar cicatrius<\/strong> en la superf\u00edcie de la pell.<\/p>\n<p>[\/vc_column_text][\/vc_column_inner][\/vc_row_inner][\/vc_column][\/vc_row][vc_row css_animation=&#8221;&#8221; row_type=&#8221;row&#8221; use_row_as_full_screen_section=&#8221;no&#8221; type=&#8221;full_width&#8221; angled_section=&#8221;no&#8221; text_align=&#8221;left&#8221; background_image_as_pattern=&#8221;without_pattern&#8221; section_type=&#8221;full-width&#8221;][vc_column][vc_empty_space][vc_accordion style=&#8221;accordion&#8221;][vc_accordion_tab title=&#8221;En qu\u00e8 consisteix l\u2019eliminaci\u00f3 de vermellors i Couperosi amb L\u00e0ser M\u00e8dic?&#8221;][vc_column_text]<\/p>\n<p style=\"text-align: justify;\">Es basa a eliminar les vermellors i couperosi mitjan\u00e7ant la <strong><span style=\"color: #6d98dc;\">t\u00e8cnica l\u00e0ser sense deixar cicatrius a la superf\u00edcie de la pell<\/span>.<\/strong> Aquesta t\u00e8cnica \u00e9s segura i la gent est\u00e0 molt contenta amb ell ja que immediatament despr\u00e9s es pot continuar amb les seves activitats sense necessitat d\u2019alterar el seu ritme diari.<\/p>\n<p>[\/vc_column_text][\/vc_accordion_tab][vc_accordion_tab title=&#8221;Podr\u00e9 veure una simulaci\u00f3 en 3D abans del servei de Medicina Est\u00e8tica?&#8221;][vc_column_text]<\/p>\n<p style=\"text-align: justify;\">Oferim la possibilitat de mostrar, mitjan\u00e7ant un nou programa 3D I-Stetix, <strong><span style=\"color: #6d98dc;\">diverses simulacions en tres dimensions de la ter\u00e0pia amb l\u00e0ser m\u00e8dic per a l\u2019eliminaci\u00f3 de vermellors i couperosi facial<\/span>.<\/strong> D&#8217;aquesta forma,<strong>\u00a0<\/strong>podem analitzar de forma personalitzada, i segons criteri m\u00e8dic, tots els aspectes que desitgis millorar, nom\u00e9s realitzant unes fotografies pr\u00e8vies, on et podr\u00e0s fer una idea, sempre aproximada, de com quedar\u00e0s despr\u00e9s, ja que intervenen gran varietat de factors.<\/p>\n<p>[\/vc_column_text][\/vc_accordion_tab][vc_accordion_tab title=&#8221;Fa mal?&#8221;][vc_column_text]Abans d\u2019iniciar la sessi\u00f3 amb el l\u00e0ser procedirem a aplicar una potent crema anest\u00e8sica que deixarem actuar aproximadament durant 5-10 min. Posteriorment, aplicarem un gel espec\u00edfic conductor i <strong><span style=\"color: #6d98dc;\">el doctor procedir\u00e0 a tractar amb el l\u00e0ser vascular les zones enrogides o couperosi sense deixar cicatriu alguna<\/span>.<\/strong><\/p>\n<p>Posteriorment, aplicarem una crema espec\u00edfica descongestiva a les zones tractades.[\/vc_column_text][\/vc_accordion_tab][vc_accordion_tab title=&#8221;Quant duren les sessions i cada quan es realitzen?&#8221;][vc_column_text]Depenent de les zones a tractar les sessions poden durar aproximadament entre uns\u00a0<span style=\"color: #6d98dc;\"><strong>30 i 40 minuts<\/strong><\/span>.<\/p>\n<p>Normalment, es realitza el tractament de Medicina Est\u00e8tica de forma <strong><span style=\"color: #6d98dc;\">mensual o bimensual<\/span>.<\/strong>[\/vc_column_text][\/vc_accordion_tab][vc_accordion_tab title=&#8221;La meva activitat di\u00e0ria es veur\u00e0 alterada?&#8221;][vc_column_text]<\/p>\n<p style=\"text-align: justify;\">Aquesta t\u00e8cnica de llum premuda <span style=\"color: #6d98dc;\"><strong>permet reprendre immediatament la teva activitat normal despr\u00e9s de cada sessi\u00f3<\/strong><\/span>.<\/p>\n<p>[\/vc_column_text][\/vc_accordion_tab][vc_accordion_tab title=&#8221;En quines \u00e8poques est\u00e0 m\u00e9s indicat?&#8221;][vc_column_text]<\/p>\n<p style=\"text-align: justify;\">Pot realitzar-se en qualsevol \u00e8poca de l\u2019any, sempre que es tingui <span style=\"color: #6d98dc;\"><strong>especial precauci\u00f3 amb les radiacions solars, aplicant protectors solars<\/strong><\/span> amb pantalla total.<\/p>\n<p>[\/vc_column_text][\/vc_accordion_tab][vc_accordion_tab title=&#8221;Qu\u00e8 recomanem abans de cada sessi\u00f3?&#8221;][vc_column_text]<\/p>\n<p style=\"text-align: justify;\">Evitar exposar-se a les radiacions solars o bronzejar-se amb ultraviolades com a m\u00ednim dues setmanes abans de cada sessi\u00f3. Paral\u00b7lelament, haur\u00e0s de <strong><span style=\"color: #6d98dc;\">seguir les pautes cosm\u00e8tiques espec\u00edfiques recomanades al teu tipus de pell<\/span>.\u00a0<\/strong><\/p>\n<p>[\/vc_column_text][\/vc_accordion_tab][vc_accordion_tab title=&#8221;Qu\u00e8 recomanem despr\u00e9s de cada sessi\u00f3?&#8221;][vc_column_text]<\/p>\n<p style=\"text-align: justify;\"><span style=\"color: #6d98dc;\"><strong>Evitar les radiacions solars o bronzejar-se amb ultraviolades<\/strong><\/span>, com a m\u00ednim, durant els primers 45 dies despr\u00e9s de la sessi\u00f3. Tamb\u00e9 haur\u00e0s de realitzar un tractament domiciliari personalitzat.<\/p>\n<p style=\"text-align: justify;\">Els problemes de ros\u00e1cea i couperosis solen requerir sempre sessions de manteniment anuals o bianuals, segons els casos.<br \/>\nNo oblidem que aquesta nova plataforma Excel HR de Cutera \u00e9s, fins i tot, per a pells de color, molt habituals al mercat anglosax\u00f3, i broncejades.<\/p>\n<p>[\/vc_column_text][\/vc_accordion_tab][vc_accordion_tab title=&#8221;Podr\u00e9 combinar amb altres ter\u00e0pies de Medicina Est\u00e8tica Facial?&#8221;][vc_column_text]<\/p>\n<p style=\"text-align: justify;\">\u00c9s totalment <span style=\"color: #6d98dc;\"><strong>compatible i combinable amb totes les ter\u00e0pies de Medicina Est\u00e8tica Facial<\/strong><\/span> seguint les recomanacions pautades pels nostres metges especialistes en Medicina Est\u00e8tica de C\u00e0nons Clinics, aportant un tractament global de mans i escot amb l\u2019objectiu de real\u00e7ar la imatge personal.<\/p>\n<p>[\/vc_column_text][\/vc_accordion_tab][vc_accordion_tab title=&#8221;Quines alteracions vasculars tamb\u00e9 pot eliminar?&#8221;][vc_column_text]<\/p>\n<ul>\n<li>Aranyes vasculars<\/li>\n<li>Eritemes cutanis<\/li>\n<li>Punts Rub\u00ed<\/li>\n<li>Angioma simple<\/li>\n<li>Hemangioma cirera<\/li>\n<li>Taques vermelles de naixement<\/li>\n<\/ul>\n<p>[\/vc_column_text][\/vc_accordion_tab][\/vc_accordion][\/vc_column][\/vc_row]<\/p>\n<\/div><!-- AddThis Advanced Settings generic via filter on the_content --><!-- AddThis Share Buttons generic via filter on the_content -->","protected":false},"excerpt":{"rendered":"<p>[vc_row css_animation=&#8221;&#8221; row_type=&#8221;row&#8221; use_row_as_full_screen_section=&#8221;no&#8221; type=&#8221;full_width&#8221; angled_section=&#8221;no&#8221; text_align=&#8221;left&#8221; background_image_as_pattern=&#8221;without_pattern&#8221; background_color=&#8221;#f7f7f7&#8243; section_type=&#8221;full-width&#8221;][vc_column][vc_empty_space height=&#8221;20px&#8221;][vc_empty_space height=&#8221;40px&#8221;][vc_row_inner row_type=&#8221;row&#8221; type=&#8221;full_width&#8221; text_align=&#8221;left&#8221; css_animation=&#8221;&#8221;][vc_column_inner width=&#8221;1\/2&#8243;][vc_single_image image=&#8221;17841&#8243; img_size=&#8221;full&#8221; alignment=&#8221;center&#8221; qode_css_animation=&#8221;&#8221;][vc_empty_space height=&#8221;40px&#8221;][\/vc_column_inner][vc_column_inner width=&#8221;1\/2&#8243;][vc_column_text] A\u00a0C\u00e0nons Clinics, centres especialitzats en Medicina Est\u00e8tica i Cirurgia Pl\u00e0stica, disposem d&#8217;una efica\u00e7 aparatolog\u00eda m\u00e8dica per a l&#8217;eliminaci\u00f3 de vermellors i couperosi&#8230;.<!-- AddThis Advanced Settings generic via filter on get_the_excerpt --><!-- AddThis Share Buttons generic via filter on get_the_excerpt --><\/p>\n","protected":false},"author":25,"featured_media":0,"parent":11377,"menu_order":0,"comment_status":"closed","ping_status":"closed","template":"","meta":{"footnotes":""},"class_list":["post-9363","page","type-page","status-publish","hentry"],"yoast_head":"<!-- This site is optimized with the Yoast SEO Premium plugin v26.9 (Yoast SEO v27.2) - https:\/\/yoast.com\/product\/yoast-seo-premium-wordpress\/ -->\n<title>Ter\u00e0pia per a la Couperosi Facial o Ros\u00e0cia amb L\u00e0ser M\u00e8dic - Cl\u00ednica C\u00e0nons | Cirurgia i Medicina Estetica a Barcelona, \u200b\u200bGranollers<\/title>\n<meta name=\"robots\" content=\"index, follow, max-snippet:-1, max-image-preview:large, max-video-preview:-1\" \/>\n<link rel=\"canonical\" href=\"https:\/\/www.canons.es\/unidad-laser-2\/terapia-couperosi-laser-medico\/\" \/>\n<meta property=\"og:locale\" content=\"ca_ES\" \/>\n<meta property=\"og:type\" content=\"article\" \/>\n<meta property=\"og:title\" content=\"Ter\u00e0pia per a la Couperosi Facial o Ros\u00e0cia amb L\u00e0ser M\u00e8dic\" \/>\n<meta property=\"og:description\" content=\"[vc_row css_animation=&#8221;&#8221; row_type=&#8221;row&#8221; use_row_as_full_screen_section=&#8221;no&#8221; type=&#8221;full_width&#8221; angled_section=&#8221;no&#8221; text_align=&#8221;left&#8221; background_image_as_pattern=&#8221;without_pattern&#8221; background_color=&#8221;#f7f7f7&#8243; section_type=&#8221;full-width&#8221;][vc_column][vc_empty_space height=&#8221;20px&#8221;][vc_empty_space height=&#8221;40px&#8221;][vc_row_inner row_type=&#8221;row&#8221; type=&#8221;full_width&#8221; text_align=&#8221;left&#8221; css_animation=&#8221;&#8221;][vc_column_inner width=&#8221;1\/2&#8243;][vc_single_image image=&#8221;17841&#8243; img_size=&#8221;full&#8221; alignment=&#8221;center&#8221; qode_css_animation=&#8221;&#8221;][vc_empty_space height=&#8221;40px&#8221;][\/vc_column_inner][vc_column_inner width=&#8221;1\/2&#8243;][vc_column_text] A\u00a0C\u00e0nons Clinics, centres especialitzats en Medicina Est\u00e8tica i Cirurgia Pl\u00e0stica, disposem d&#8217;una efica\u00e7 aparatolog\u00eda m\u00e8dica per a l&#8217;eliminaci\u00f3 de vermellors i couperosi....\" \/>\n<meta property=\"og:url\" content=\"https:\/\/www.canons.es\/unidad-laser-2\/terapia-couperosi-laser-medico\/\" \/>\n<meta property=\"og:site_name\" content=\"Cl\u00ednica C\u00e0nons | Cirurgia i Medicina Estetica a Barcelona, \u200b\u200bGranollers\" \/>\n<meta property=\"article:publisher\" content=\"https:\/\/www.facebook.com\/canonsclinics\/\" \/>\n<meta property=\"article:modified_time\" content=\"2020-06-10T13:09:48+00:00\" \/>\n<meta name=\"twitter:card\" content=\"summary_large_image\" \/>\n<meta name=\"twitter:site\" content=\"@canonsclinics\" \/>\n<meta name=\"twitter:label1\" content=\"Temps estimat de lectura\" \/>\n\t<meta name=\"twitter:data1\" content=\"5 minuts\" \/>\n<script type=\"application\/ld+json\" class=\"yoast-schema-graph\">{\"@context\":\"https:\/\/schema.org\",\"@graph\":[{\"@type\":\"WebPage\",\"@id\":\"https:\/\/www.canons.es\/unidad-laser-2\/terapia-couperosi-laser-medico\/\",\"url\":\"https:\/\/www.canons.es\/unidad-laser-2\/terapia-couperosi-laser-medico\/\",\"name\":\"Ter\u00e0pia per a la Couperosi Facial o Ros\u00e0cia amb L\u00e0ser M\u00e8dic - Cl\u00ednica C\u00e0nons | Cirurgia i Medicina Estetica a Barcelona, \u200b\u200bGranollers\",\"isPartOf\":{\"@id\":\"https:\/\/www.canons.es\/#website\"},\"datePublished\":\"2015-07-17T09:16:26+00:00\",\"dateModified\":\"2020-06-10T13:09:48+00:00\",\"breadcrumb\":{\"@id\":\"https:\/\/www.canons.es\/unidad-laser-2\/terapia-couperosi-laser-medico\/#breadcrumb\"},\"inLanguage\":\"ca\",\"potentialAction\":[{\"@type\":\"ReadAction\",\"target\":[\"https:\/\/www.canons.es\/unidad-laser-2\/terapia-couperosi-laser-medico\/\"]}]},{\"@type\":\"BreadcrumbList\",\"@id\":\"https:\/\/www.canons.es\/unidad-laser-2\/terapia-couperosi-laser-medico\/#breadcrumb\",\"itemListElement\":[{\"@type\":\"ListItem\",\"position\":1,\"name\":\"Portada\",\"item\":\"https:\/\/www.canons.es\/ca\/\"},{\"@type\":\"ListItem\",\"position\":2,\"name\":\"UNITAT L\u00c0SER\",\"item\":\"https:\/\/www.canons.es\/unidad-laser-2\/\"},{\"@type\":\"ListItem\",\"position\":3,\"name\":\"Ter\u00e0pia per a la Couperosi Facial o Ros\u00e0cia amb L\u00e0ser M\u00e8dic\"}]},{\"@type\":\"WebSite\",\"@id\":\"https:\/\/www.canons.es\/#website\",\"url\":\"https:\/\/www.canons.es\/\",\"name\":\"Cirug\u00eda Pl\u00e1stica y Est\u00e9tica Barcelona y Granollers | C\u00e0nons Clinics\",\"description\":\"\",\"publisher\":{\"@id\":\"https:\/\/www.canons.es\/#organization\"},\"potentialAction\":[{\"@type\":\"SearchAction\",\"target\":{\"@type\":\"EntryPoint\",\"urlTemplate\":\"https:\/\/www.canons.es\/?s={search_term_string}\"},\"query-input\":{\"@type\":\"PropertyValueSpecification\",\"valueRequired\":true,\"valueName\":\"search_term_string\"}}],\"inLanguage\":\"ca\"},{\"@type\":\"Organization\",\"@id\":\"https:\/\/www.canons.es\/#organization\",\"name\":\"Cirug\u00eda Pl\u00e1stica y Est\u00e9tica Barcelona y Granollers | C\u00e0nons Clinics\",\"url\":\"https:\/\/www.canons.es\/\",\"logo\":{\"@type\":\"ImageObject\",\"inLanguage\":\"ca\",\"@id\":\"https:\/\/www.canons.es\/#\/schema\/logo\/image\/\",\"url\":\"https:\/\/www.canons.es\/wp-content\/uploads\/2025\/04\/logo-canons-clinics.jpg\",\"contentUrl\":\"https:\/\/www.canons.es\/wp-content\/uploads\/2025\/04\/logo-canons-clinics.jpg\",\"width\":600,\"height\":139,\"caption\":\"Cirug\u00eda Pl\u00e1stica y Est\u00e9tica Barcelona y Granollers | C\u00e0nons Clinics\"},\"image\":{\"@id\":\"https:\/\/www.canons.es\/#\/schema\/logo\/image\/\"},\"sameAs\":[\"https:\/\/www.facebook.com\/canonsclinics\/\",\"https:\/\/x.com\/canonsclinics\",\"https:\/\/www.instagram.com\/canonsclinics\/\",\"https:\/\/www.youtube.com\/channel\/UCI1Ia6LjALyo1CuQ0_HwtfQ\",\"https:\/\/www.linkedin.com\/company\/canons-clinics\/\"]}]}<\/script>\n<!-- \/ Yoast SEO Premium plugin. -->","yoast_head_json":{"title":"Ter\u00e0pia per a la Couperosi Facial o Ros\u00e0cia amb L\u00e0ser M\u00e8dic - Cl\u00ednica C\u00e0nons | Cirurgia i Medicina Estetica a Barcelona, \u200b\u200bGranollers","robots":{"index":"index","follow":"follow","max-snippet":"max-snippet:-1","max-image-preview":"max-image-preview:large","max-video-preview":"max-video-preview:-1"},"canonical":"https:\/\/www.canons.es\/unidad-laser-2\/terapia-couperosi-laser-medico\/","og_locale":"ca_ES","og_type":"article","og_title":"Ter\u00e0pia per a la Couperosi Facial o Ros\u00e0cia amb L\u00e0ser M\u00e8dic","og_description":"[vc_row css_animation=&#8221;&#8221; row_type=&#8221;row&#8221; use_row_as_full_screen_section=&#8221;no&#8221; type=&#8221;full_width&#8221; angled_section=&#8221;no&#8221; text_align=&#8221;left&#8221; background_image_as_pattern=&#8221;without_pattern&#8221; background_color=&#8221;#f7f7f7&#8243; section_type=&#8221;full-width&#8221;][vc_column][vc_empty_space height=&#8221;20px&#8221;][vc_empty_space height=&#8221;40px&#8221;][vc_row_inner row_type=&#8221;row&#8221; type=&#8221;full_width&#8221; text_align=&#8221;left&#8221; css_animation=&#8221;&#8221;][vc_column_inner width=&#8221;1\/2&#8243;][vc_single_image image=&#8221;17841&#8243; img_size=&#8221;full&#8221; alignment=&#8221;center&#8221; qode_css_animation=&#8221;&#8221;][vc_empty_space height=&#8221;40px&#8221;][\/vc_column_inner][vc_column_inner width=&#8221;1\/2&#8243;][vc_column_text] A\u00a0C\u00e0nons Clinics, centres especialitzats en Medicina Est\u00e8tica i Cirurgia Pl\u00e0stica, disposem d&#8217;una efica\u00e7 aparatolog\u00eda m\u00e8dica per a l&#8217;eliminaci\u00f3 de vermellors i couperosi....","og_url":"https:\/\/www.canons.es\/unidad-laser-2\/terapia-couperosi-laser-medico\/","og_site_name":"Cl\u00ednica C\u00e0nons | Cirurgia i Medicina Estetica a Barcelona, \u200b\u200bGranollers","article_publisher":"https:\/\/www.facebook.com\/canonsclinics\/","article_modified_time":"2020-06-10T13:09:48+00:00","twitter_card":"summary_large_image","twitter_site":"@canonsclinics","twitter_misc":{"Temps estimat de lectura":"5 minuts"},"schema":{"@context":"https:\/\/schema.org","@graph":[{"@type":"WebPage","@id":"https:\/\/www.canons.es\/unidad-laser-2\/terapia-couperosi-laser-medico\/","url":"https:\/\/www.canons.es\/unidad-laser-2\/terapia-couperosi-laser-medico\/","name":"Ter\u00e0pia per a la Couperosi Facial o Ros\u00e0cia amb L\u00e0ser M\u00e8dic - Cl\u00ednica C\u00e0nons | Cirurgia i Medicina Estetica a Barcelona, \u200b\u200bGranollers","isPartOf":{"@id":"https:\/\/www.canons.es\/#website"},"datePublished":"2015-07-17T09:16:26+00:00","dateModified":"2020-06-10T13:09:48+00:00","breadcrumb":{"@id":"https:\/\/www.canons.es\/unidad-laser-2\/terapia-couperosi-laser-medico\/#breadcrumb"},"inLanguage":"ca","potentialAction":[{"@type":"ReadAction","target":["https:\/\/www.canons.es\/unidad-laser-2\/terapia-couperosi-laser-medico\/"]}]},{"@type":"BreadcrumbList","@id":"https:\/\/www.canons.es\/unidad-laser-2\/terapia-couperosi-laser-medico\/#breadcrumb","itemListElement":[{"@type":"ListItem","position":1,"name":"Portada","item":"https:\/\/www.canons.es\/ca\/"},{"@type":"ListItem","position":2,"name":"UNITAT L\u00c0SER","item":"https:\/\/www.canons.es\/unidad-laser-2\/"},{"@type":"ListItem","position":3,"name":"Ter\u00e0pia per a la Couperosi Facial o Ros\u00e0cia amb L\u00e0ser M\u00e8dic"}]},{"@type":"WebSite","@id":"https:\/\/www.canons.es\/#website","url":"https:\/\/www.canons.es\/","name":"Cirug\u00eda Pl\u00e1stica y Est\u00e9tica Barcelona y Granollers | C\u00e0nons Clinics","description":"","publisher":{"@id":"https:\/\/www.canons.es\/#organization"},"potentialAction":[{"@type":"SearchAction","target":{"@type":"EntryPoint","urlTemplate":"https:\/\/www.canons.es\/?s={search_term_string}"},"query-input":{"@type":"PropertyValueSpecification","valueRequired":true,"valueName":"search_term_string"}}],"inLanguage":"ca"},{"@type":"Organization","@id":"https:\/\/www.canons.es\/#organization","name":"Cirug\u00eda Pl\u00e1stica y Est\u00e9tica Barcelona y Granollers | C\u00e0nons Clinics","url":"https:\/\/www.canons.es\/","logo":{"@type":"ImageObject","inLanguage":"ca","@id":"https:\/\/www.canons.es\/#\/schema\/logo\/image\/","url":"https:\/\/www.canons.es\/wp-content\/uploads\/2025\/04\/logo-canons-clinics.jpg","contentUrl":"https:\/\/www.canons.es\/wp-content\/uploads\/2025\/04\/logo-canons-clinics.jpg","width":600,"height":139,"caption":"Cirug\u00eda Pl\u00e1stica y Est\u00e9tica Barcelona y Granollers | C\u00e0nons Clinics"},"image":{"@id":"https:\/\/www.canons.es\/#\/schema\/logo\/image\/"},"sameAs":["https:\/\/www.facebook.com\/canonsclinics\/","https:\/\/x.com\/canonsclinics","https:\/\/www.instagram.com\/canonsclinics\/","https:\/\/www.youtube.com\/channel\/UCI1Ia6LjALyo1CuQ0_HwtfQ","https:\/\/www.linkedin.com\/company\/canons-clinics\/"]}]}},"_links":{"self":[{"href":"https:\/\/www.canons.es\/ca\/wp-json\/wp\/v2\/pages\/9363","targetHints":{"allow":["GET"]}}],"collection":[{"href":"https:\/\/www.canons.es\/ca\/wp-json\/wp\/v2\/pages"}],"about":[{"href":"https:\/\/www.canons.es\/ca\/wp-json\/wp\/v2\/types\/page"}],"author":[{"embeddable":true,"href":"https:\/\/www.canons.es\/ca\/wp-json\/wp\/v2\/users\/25"}],"replies":[{"embeddable":true,"href":"https:\/\/www.canons.es\/ca\/wp-json\/wp\/v2\/comments?post=9363"}],"version-history":[{"count":0,"href":"https:\/\/www.canons.es\/ca\/wp-json\/wp\/v2\/pages\/9363\/revisions"}],"up":[{"embeddable":true,"href":"https:\/\/www.canons.es\/ca\/wp-json\/wp\/v2\/pages\/11377"}],"wp:attachment":[{"href":"https:\/\/www.canons.es\/ca\/wp-json\/wp\/v2\/media?parent=9363"}],"curies":[{"name":"wp","href":"https:\/\/api.w.org\/{rel}","templated":true}]}}