{"id":9354,"date":"2015-07-16T13:19:52","date_gmt":"2015-07-16T13:19:52","guid":{"rendered":"https:\/\/www.canons.es\/ca\/eliminacion-de-manchas-y-lentigos-solares-con-laser-medico\/"},"modified":"2020-06-10T11:52:40","modified_gmt":"2020-06-10T11:52:40","slug":"eliminacio-taques-laser","status":"publish","type":"page","link":"https:\/\/www.canons.es\/ca\/unitat-laser\/eliminacio-taques-laser\/","title":{"rendered":"Eliminaci\u00f3 de Taques i Lent\u00edgens Solars amb L\u00e0ser M\u00e8dic"},"content":{"rendered":"<div class=\"wpb-content-wrapper\"><p>[vc_row css_animation=&#8221;&#8221; row_type=&#8221;row&#8221; use_row_as_full_screen_section=&#8221;no&#8221; type=&#8221;full_width&#8221; angled_section=&#8221;no&#8221; text_align=&#8221;left&#8221; background_image_as_pattern=&#8221;without_pattern&#8221; background_color=&#8221;#f7f7f7&#8243; section_type=&#8221;full-width&#8221;][vc_column][vc_empty_space height=&#8221;20px&#8221;]<div class=\"custom_font_holder\" style=\" font-size: 35px; line-height: 26px; font-style: normal; font-weight: 300; color: #1e70b3; text-decoration: none; text-align: left;\">ELIMINACI\u00d3 DE TAQUES I LENT\u00cdGENS SOLARS AMB L\u00c0SER<\/div>[vc_empty_space height=&#8221;40px&#8221;][vc_row_inner row_type=&#8221;row&#8221; type=&#8221;full_width&#8221; text_align=&#8221;left&#8221; css_animation=&#8221;&#8221;][vc_column_inner width=&#8221;1\/2&#8243;][vc_single_image image=&#8221;17830&#8243; img_size=&#8221;full&#8221; alignment=&#8221;center&#8221; qode_css_animation=&#8221;&#8221;][vc_empty_space height=&#8221;40px&#8221;][\/vc_column_inner][vc_column_inner width=&#8221;1\/2&#8243;][vc_column_text]<\/p>\n<p style=\"text-align: justify;\">A les nostres cl\u00edniques de\u00a0Cirurgia i Medicina Est\u00e8tica t\u2019oferim els\u00a0<strong>tractaments despigmentants\u00a0definitius<\/strong> per eliminar les\u00a0taques i lentigens solars de la pell. Les t\u00e8cniques m\u00e9s eficaces s\u00f3n el<strong>\u00a0L\u00e0ser M\u00e8dic de Llum Premuda Intensa o el L\u00e0ser M\u00e8dic Cutera excel HR.<\/strong><\/p>\n<p style=\"text-align: justify;\">Es tracta de les ter\u00e0pies m\u00e9s efectives per eliminar les taques i lentigos solars de la zona facial, del coll i de l&#8217;escot, alhora que rejoveneix i il\u00b7lumina la zona.<\/p>\n<p>[\/vc_column_text][\/vc_column_inner][\/vc_row_inner][\/vc_column][\/vc_row][vc_row css_animation=&#8221;&#8221; row_type=&#8221;row&#8221; use_row_as_full_screen_section=&#8221;no&#8221; type=&#8221;full_width&#8221; angled_section=&#8221;no&#8221; text_align=&#8221;left&#8221; background_image_as_pattern=&#8221;without_pattern&#8221; section_type=&#8221;full-width&#8221;][vc_column][vc_empty_space][vc_accordion style=&#8221;accordion&#8221;][vc_accordion_tab title=&#8221;En qu\u00e8 consisteix el L\u00e0ser M\u00e8dic per a l\u2019eliminaci\u00f3 de taques?&#8221;][vc_column_text]<\/p>\n<p style=\"text-align: justify;\">En aquest tractament de Medicina Est\u00e8tica Facial actua una efica\u00e7 energia que penetra en el nivell de la pell on es troba la melanina. D\u2019aquesta manera, <strong><span style=\"color: #6d98dc;\">millora enormement el fotoenvelliment cutani i l\u2019aspecte de les pells danyades a causa de l\u2019exposici\u00f3 solar<\/span>.\u00a0<\/strong><\/p>\n<p>[\/vc_column_text][\/vc_accordion_tab][vc_accordion_tab title=&#8221;Per qu\u00e8 apareixen les taques solars a la pell?&#8221;][vc_column_text]<\/p>\n<ul>\n<li><span style=\"color: #6d98dc;\"><strong>Exposici\u00f3 excessiva a les radiacions solars.<\/strong><\/span><\/li>\n<li>La <span style=\"color: #6d98dc;\"><strong>gen\u00e8tica<\/strong> <\/span>individual.<\/li>\n<li>L\u2019<span style=\"color: #6d98dc;\"><strong>edat biol\u00f2gica.<\/strong><\/span><\/li>\n<li>Els <span style=\"color: #6d98dc;\"><strong>canvis hormonals.<\/strong><\/span><\/li>\n<li>L\u2019\u00fas de <span style=\"color: #6d98dc;\"><strong>medicaments.<\/strong><\/span><\/li>\n<li>L\u2019aplicaci\u00f3 de <span style=\"color: #6d98dc;\"><strong>perfums o cosm\u00e8tics<\/strong><\/span> no adequats.<\/li>\n<\/ul>\n<p>[\/vc_column_text][\/vc_accordion_tab][vc_accordion_tab title=&#8221;Quins s\u00f3n els beneficis del L\u00e0ser M\u00e8dic per a l\u2019eliminaci\u00f3 de taques a la pell?&#8221;][vc_column_text]<\/p>\n<ul>\n<li style=\"text-align: justify;\">S\u2019<span style=\"color: #6d98dc;\"><strong>eliminaran les taques pigmentadas<\/strong><\/span> cut\u00e0nies i els lentigens solars.<\/li>\n<li style=\"text-align: justify;\"><span style=\"color: #6d98dc;\"><strong>Millorar\u00e0s visiblement la qualitat cut\u00e0nia de les zones tractades<\/strong><\/span> ja que aporta regeneraci\u00f3 cut\u00e0nia i lluminositat.<\/li>\n<li style=\"text-align: justify;\"><strong><span style=\"color: #6d98dc;\">Rejovenir\u00e0s el teu aspecte.<\/span><\/strong><\/li>\n<\/ul>\n<p>[\/vc_column_text][\/vc_accordion_tab][vc_accordion_tab title=&#8221;En quins casos est\u00e0 indicat el tractament de medicina est\u00e8tica?&#8221;][vc_column_text]<\/p>\n<p style=\"text-align: justify;\">\u00c9s apte tant per a homes com per a dones que vulguin <span style=\"color: #6d98dc;\"><strong>donar un aspecte m\u00e9s juvenil a la seva pell, eliminant les taques i lentigens solars<\/strong><\/span> que apareixen a la nostra pell, ja sigui per factors biol\u00f2gics com per l\u2019exposici\u00f3 al sol.<\/p>\n<p>[\/vc_column_text][\/vc_accordion_tab][vc_accordion_tab title=&#8221;Podr\u00e9 veure alguna simulaci\u00f3 en 3D abans del tractament despigmentant?&#8221;][vc_column_text]<\/p>\n<p style=\"text-align: justify;\">A les nostres cl\u00edniques de Medicina Est\u00e8tica C\u00e0nons Clinics oferim als nostres clients la <strong><span style=\"color: #6d98dc;\">possibilitat que vegin quins seran els resultats dels nostres tractaments de bellesa en 3-D amb el programa E-Stetix<\/span>.<\/strong><\/p>\n<p style=\"text-align: justify;\">Amb aquest sistema podr\u00e0s fer-te una idea, sempre aproximada, dels resultats, ja que intervenen gran varietat de factors.<\/p>\n<p>[\/vc_column_text][\/vc_accordion_tab][vc_accordion_tab title=&#8221;Quantes sessions em faran falta?&#8221;][vc_column_text]Normalment s\u2019aconsellen<span style=\"color: #6d98dc;\"><strong> entre 2 i 3 sessions mensuals o bimensuals<\/strong><\/span>, depenent dels resultats desitjats.<\/p>\n<p>Posteriorment, et recomanarem una sessi\u00f3 anual de manteniment a nivell de prevenci\u00f3.[\/vc_column_text][\/vc_accordion_tab][vc_accordion_tab title=&#8221;En quines \u00e8poques s&#8217;indica el L\u00e0ser M\u00e8dic d\u2019Eliminaci\u00f3 de Taques?&#8221;][vc_column_text]<\/p>\n<p style=\"text-align: justify;\">Pot realitzar-se en qualsevol \u00e8poca de l\u2019any, sempre que es tingui especial <span style=\"color: #6d98dc;\"><strong>precauci\u00f3 amb les radiacions solars<\/strong><\/span>, aplicant-te protectors solars amb pantalla total.<\/p>\n<p>[\/vc_column_text][\/vc_accordion_tab][vc_accordion_tab title=&#8221;Qu\u00e8 et recomanarem abans de cada sessi\u00f3?&#8221;][vc_column_text]<\/p>\n<p style=\"text-align: justify;\">DosDues setmanes abans de realitzar qualsevol tractament despigmentant has d\u2019<span style=\"color: #6d98dc;\"><strong>evitar exposar-te a les radiacions solars o bronzejar-te amb ultraviolades<\/strong><\/span>. Paral\u00b7lelament, <strong><span style=\"color: #6d98dc;\">haur\u00e0s de seguir les pautes recomanades pel teu metge pel que fa a productes despigmentants espec\u00edfics al teu tipus de pell<\/span>.<\/strong><\/p>\n<p>[\/vc_column_text][\/vc_accordion_tab][vc_accordion_tab title=&#8221;Qu\u00e8 et recomanarem despr\u00e9s de cada sessi\u00f3?&#8221;][vc_column_text]<\/p>\n<p style=\"text-align: justify;\"><span style=\"color: #6d98dc;\"><strong>Evita exposar-te a les radiacions solars<\/strong><\/span> o bronzejar-te amb ultraviolades, com a m\u00ednim, durant els primers 45 dies posteriors a la sessi\u00f3. Tamb\u00e9, haur\u00e0s de seguir un<span style=\"color: #6d98dc;\"><strong> tractament despigmentant a casa<\/strong><\/span> i regeneradors epid\u00e8rmics.<\/p>\n<p style=\"text-align: justify;\">No oblidem que aquesta nova plataforma Excel HR d Cutera \u00e9s fins i tot <span style=\"color: #6d98dc;\"><strong>per a\u00a0pells de color<\/strong><\/span>, molt habituals al mercat anglosax\u00f3, i broceadas.<\/p>\n<p>[\/vc_column_text][\/vc_accordion_tab][vc_accordion_tab title=&#8221;Podr\u00e9 combinar-ho amb altres ter\u00e0pies facials?&#8221;][vc_column_text]<\/p>\n<p style=\"text-align: justify;\"><span style=\"color: #6d98dc;\"><strong>Pot combinar-se amb qualsevol altre tractament<\/strong><\/span> de Medicina Est\u00e8tica Facial, sempre seguint les recomanacions pautades pels nostres metges.<\/p>\n<p>[\/vc_column_text][\/vc_accordion_tab][\/vc_accordion][\/vc_column][\/vc_row]<\/p>\n<\/div><!-- AddThis Advanced Settings generic via filter on the_content --><!-- AddThis Share Buttons generic via filter on the_content -->","protected":false},"excerpt":{"rendered":"<p>[vc_row css_animation=&#8221;&#8221; row_type=&#8221;row&#8221; use_row_as_full_screen_section=&#8221;no&#8221; type=&#8221;full_width&#8221; angled_section=&#8221;no&#8221; text_align=&#8221;left&#8221; background_image_as_pattern=&#8221;without_pattern&#8221; background_color=&#8221;#f7f7f7&#8243; section_type=&#8221;full-width&#8221;][vc_column][vc_empty_space height=&#8221;20px&#8221;][vc_empty_space height=&#8221;40px&#8221;][vc_row_inner row_type=&#8221;row&#8221; type=&#8221;full_width&#8221; text_align=&#8221;left&#8221; css_animation=&#8221;&#8221;][vc_column_inner width=&#8221;1\/2&#8243;][vc_single_image image=&#8221;17830&#8243; img_size=&#8221;full&#8221; alignment=&#8221;center&#8221; qode_css_animation=&#8221;&#8221;][vc_empty_space height=&#8221;40px&#8221;][\/vc_column_inner][vc_column_inner width=&#8221;1\/2&#8243;][vc_column_text] A les nostres cl\u00edniques de\u00a0Cirurgia i Medicina Est\u00e8tica t\u2019oferim els\u00a0tractaments despigmentants\u00a0definitius per eliminar les\u00a0taques i lentigens solars de la pell. Les t\u00e8cniques&#8230;<!-- AddThis Advanced Settings generic via filter on get_the_excerpt --><!-- AddThis Share Buttons generic via filter on get_the_excerpt --><\/p>\n","protected":false},"author":25,"featured_media":0,"parent":11377,"menu_order":0,"comment_status":"closed","ping_status":"closed","template":"","meta":{"footnotes":""},"class_list":["post-9354","page","type-page","status-publish","hentry"],"yoast_head":"<!-- This site is optimized with the Yoast SEO Premium plugin v26.9 (Yoast SEO v27.2) - https:\/\/yoast.com\/product\/yoast-seo-premium-wordpress\/ -->\n<title>Eliminaci\u00f3 de Taques i Lent\u00edgens Solars amb L\u00e0ser M\u00e8dic - Cl\u00ednica C\u00e0nons | Cirurgia i Medicina Estetica a Barcelona, \u200b\u200bGranollers<\/title>\n<meta name=\"robots\" content=\"index, follow, max-snippet:-1, max-image-preview:large, max-video-preview:-1\" \/>\n<link rel=\"canonical\" href=\"https:\/\/www.canons.es\/unidad-laser-2\/eliminacion-manchas-laser\/\" \/>\n<meta property=\"og:locale\" content=\"ca_ES\" \/>\n<meta property=\"og:type\" content=\"article\" \/>\n<meta property=\"og:title\" content=\"Eliminaci\u00f3 de Taques i Lent\u00edgens Solars amb L\u00e0ser M\u00e8dic\" \/>\n<meta property=\"og:description\" content=\"[vc_row css_animation=&#8221;&#8221; row_type=&#8221;row&#8221; use_row_as_full_screen_section=&#8221;no&#8221; type=&#8221;full_width&#8221; angled_section=&#8221;no&#8221; text_align=&#8221;left&#8221; background_image_as_pattern=&#8221;without_pattern&#8221; background_color=&#8221;#f7f7f7&#8243; section_type=&#8221;full-width&#8221;][vc_column][vc_empty_space height=&#8221;20px&#8221;][vc_empty_space height=&#8221;40px&#8221;][vc_row_inner row_type=&#8221;row&#8221; type=&#8221;full_width&#8221; text_align=&#8221;left&#8221; css_animation=&#8221;&#8221;][vc_column_inner width=&#8221;1\/2&#8243;][vc_single_image image=&#8221;17830&#8243; img_size=&#8221;full&#8221; alignment=&#8221;center&#8221; qode_css_animation=&#8221;&#8221;][vc_empty_space height=&#8221;40px&#8221;][\/vc_column_inner][vc_column_inner width=&#8221;1\/2&#8243;][vc_column_text] A les nostres cl\u00edniques de\u00a0Cirurgia i Medicina Est\u00e8tica t\u2019oferim els\u00a0tractaments despigmentants\u00a0definitius per eliminar les\u00a0taques i lentigens solars de la pell. Les t\u00e8cniques...\" \/>\n<meta property=\"og:url\" content=\"https:\/\/www.canons.es\/unidad-laser-2\/eliminacion-manchas-laser\/\" \/>\n<meta property=\"og:site_name\" content=\"Cl\u00ednica C\u00e0nons | Cirurgia i Medicina Estetica a Barcelona, \u200b\u200bGranollers\" \/>\n<meta property=\"article:publisher\" content=\"https:\/\/www.facebook.com\/canonsclinics\/\" \/>\n<meta property=\"article:modified_time\" content=\"2020-06-10T11:52:40+00:00\" \/>\n<meta name=\"twitter:card\" content=\"summary_large_image\" \/>\n<meta name=\"twitter:site\" content=\"@canonsclinics\" \/>\n<meta name=\"twitter:label1\" content=\"Temps estimat de lectura\" \/>\n\t<meta name=\"twitter:data1\" content=\"4 minuts\" \/>\n<script type=\"application\/ld+json\" class=\"yoast-schema-graph\">{\"@context\":\"https:\/\/schema.org\",\"@graph\":[{\"@type\":\"WebPage\",\"@id\":\"https:\/\/www.canons.es\/unidad-laser-2\/eliminacion-manchas-laser\/\",\"url\":\"https:\/\/www.canons.es\/unidad-laser-2\/eliminacion-manchas-laser\/\",\"name\":\"Eliminaci\u00f3 de Taques i Lent\u00edgens Solars amb L\u00e0ser M\u00e8dic - Cl\u00ednica C\u00e0nons | Cirurgia i Medicina Estetica a Barcelona, \u200b\u200bGranollers\",\"isPartOf\":{\"@id\":\"https:\/\/www.canons.es\/#website\"},\"datePublished\":\"2015-07-16T13:19:52+00:00\",\"dateModified\":\"2020-06-10T11:52:40+00:00\",\"breadcrumb\":{\"@id\":\"https:\/\/www.canons.es\/unidad-laser-2\/eliminacion-manchas-laser\/#breadcrumb\"},\"inLanguage\":\"ca\",\"potentialAction\":[{\"@type\":\"ReadAction\",\"target\":[\"https:\/\/www.canons.es\/unidad-laser-2\/eliminacion-manchas-laser\/\"]}]},{\"@type\":\"BreadcrumbList\",\"@id\":\"https:\/\/www.canons.es\/unidad-laser-2\/eliminacion-manchas-laser\/#breadcrumb\",\"itemListElement\":[{\"@type\":\"ListItem\",\"position\":1,\"name\":\"Portada\",\"item\":\"https:\/\/www.canons.es\/ca\/\"},{\"@type\":\"ListItem\",\"position\":2,\"name\":\"UNITAT L\u00c0SER\",\"item\":\"https:\/\/www.canons.es\/unidad-laser-2\/\"},{\"@type\":\"ListItem\",\"position\":3,\"name\":\"Eliminaci\u00f3 de Taques i Lent\u00edgens Solars amb L\u00e0ser M\u00e8dic\"}]},{\"@type\":\"WebSite\",\"@id\":\"https:\/\/www.canons.es\/#website\",\"url\":\"https:\/\/www.canons.es\/\",\"name\":\"Cirug\u00eda Pl\u00e1stica y Est\u00e9tica Barcelona y Granollers | C\u00e0nons Clinics\",\"description\":\"\",\"publisher\":{\"@id\":\"https:\/\/www.canons.es\/#organization\"},\"potentialAction\":[{\"@type\":\"SearchAction\",\"target\":{\"@type\":\"EntryPoint\",\"urlTemplate\":\"https:\/\/www.canons.es\/?s={search_term_string}\"},\"query-input\":{\"@type\":\"PropertyValueSpecification\",\"valueRequired\":true,\"valueName\":\"search_term_string\"}}],\"inLanguage\":\"ca\"},{\"@type\":\"Organization\",\"@id\":\"https:\/\/www.canons.es\/#organization\",\"name\":\"Cirug\u00eda Pl\u00e1stica y Est\u00e9tica Barcelona y Granollers | C\u00e0nons Clinics\",\"url\":\"https:\/\/www.canons.es\/\",\"logo\":{\"@type\":\"ImageObject\",\"inLanguage\":\"ca\",\"@id\":\"https:\/\/www.canons.es\/#\/schema\/logo\/image\/\",\"url\":\"https:\/\/www.canons.es\/wp-content\/uploads\/2025\/04\/logo-canons-clinics.jpg\",\"contentUrl\":\"https:\/\/www.canons.es\/wp-content\/uploads\/2025\/04\/logo-canons-clinics.jpg\",\"width\":600,\"height\":139,\"caption\":\"Cirug\u00eda Pl\u00e1stica y Est\u00e9tica Barcelona y Granollers | C\u00e0nons Clinics\"},\"image\":{\"@id\":\"https:\/\/www.canons.es\/#\/schema\/logo\/image\/\"},\"sameAs\":[\"https:\/\/www.facebook.com\/canonsclinics\/\",\"https:\/\/x.com\/canonsclinics\",\"https:\/\/www.instagram.com\/canonsclinics\/\",\"https:\/\/www.youtube.com\/channel\/UCI1Ia6LjALyo1CuQ0_HwtfQ\",\"https:\/\/www.linkedin.com\/company\/canons-clinics\/\"]}]}<\/script>\n<!-- \/ Yoast SEO Premium plugin. -->","yoast_head_json":{"title":"Eliminaci\u00f3 de Taques i Lent\u00edgens Solars amb L\u00e0ser M\u00e8dic - Cl\u00ednica C\u00e0nons | Cirurgia i Medicina Estetica a Barcelona, \u200b\u200bGranollers","robots":{"index":"index","follow":"follow","max-snippet":"max-snippet:-1","max-image-preview":"max-image-preview:large","max-video-preview":"max-video-preview:-1"},"canonical":"https:\/\/www.canons.es\/unidad-laser-2\/eliminacion-manchas-laser\/","og_locale":"ca_ES","og_type":"article","og_title":"Eliminaci\u00f3 de Taques i Lent\u00edgens Solars amb L\u00e0ser M\u00e8dic","og_description":"[vc_row css_animation=&#8221;&#8221; row_type=&#8221;row&#8221; use_row_as_full_screen_section=&#8221;no&#8221; type=&#8221;full_width&#8221; angled_section=&#8221;no&#8221; text_align=&#8221;left&#8221; background_image_as_pattern=&#8221;without_pattern&#8221; background_color=&#8221;#f7f7f7&#8243; section_type=&#8221;full-width&#8221;][vc_column][vc_empty_space height=&#8221;20px&#8221;][vc_empty_space height=&#8221;40px&#8221;][vc_row_inner row_type=&#8221;row&#8221; type=&#8221;full_width&#8221; text_align=&#8221;left&#8221; css_animation=&#8221;&#8221;][vc_column_inner width=&#8221;1\/2&#8243;][vc_single_image image=&#8221;17830&#8243; img_size=&#8221;full&#8221; alignment=&#8221;center&#8221; qode_css_animation=&#8221;&#8221;][vc_empty_space height=&#8221;40px&#8221;][\/vc_column_inner][vc_column_inner width=&#8221;1\/2&#8243;][vc_column_text] A les nostres cl\u00edniques de\u00a0Cirurgia i Medicina Est\u00e8tica t\u2019oferim els\u00a0tractaments despigmentants\u00a0definitius per eliminar les\u00a0taques i lentigens solars de la pell. Les t\u00e8cniques...","og_url":"https:\/\/www.canons.es\/unidad-laser-2\/eliminacion-manchas-laser\/","og_site_name":"Cl\u00ednica C\u00e0nons | Cirurgia i Medicina Estetica a Barcelona, \u200b\u200bGranollers","article_publisher":"https:\/\/www.facebook.com\/canonsclinics\/","article_modified_time":"2020-06-10T11:52:40+00:00","twitter_card":"summary_large_image","twitter_site":"@canonsclinics","twitter_misc":{"Temps estimat de lectura":"4 minuts"},"schema":{"@context":"https:\/\/schema.org","@graph":[{"@type":"WebPage","@id":"https:\/\/www.canons.es\/unidad-laser-2\/eliminacion-manchas-laser\/","url":"https:\/\/www.canons.es\/unidad-laser-2\/eliminacion-manchas-laser\/","name":"Eliminaci\u00f3 de Taques i Lent\u00edgens Solars amb L\u00e0ser M\u00e8dic - Cl\u00ednica C\u00e0nons | Cirurgia i Medicina Estetica a Barcelona, \u200b\u200bGranollers","isPartOf":{"@id":"https:\/\/www.canons.es\/#website"},"datePublished":"2015-07-16T13:19:52+00:00","dateModified":"2020-06-10T11:52:40+00:00","breadcrumb":{"@id":"https:\/\/www.canons.es\/unidad-laser-2\/eliminacion-manchas-laser\/#breadcrumb"},"inLanguage":"ca","potentialAction":[{"@type":"ReadAction","target":["https:\/\/www.canons.es\/unidad-laser-2\/eliminacion-manchas-laser\/"]}]},{"@type":"BreadcrumbList","@id":"https:\/\/www.canons.es\/unidad-laser-2\/eliminacion-manchas-laser\/#breadcrumb","itemListElement":[{"@type":"ListItem","position":1,"name":"Portada","item":"https:\/\/www.canons.es\/ca\/"},{"@type":"ListItem","position":2,"name":"UNITAT L\u00c0SER","item":"https:\/\/www.canons.es\/unidad-laser-2\/"},{"@type":"ListItem","position":3,"name":"Eliminaci\u00f3 de Taques i Lent\u00edgens Solars amb L\u00e0ser M\u00e8dic"}]},{"@type":"WebSite","@id":"https:\/\/www.canons.es\/#website","url":"https:\/\/www.canons.es\/","name":"Cirug\u00eda Pl\u00e1stica y Est\u00e9tica Barcelona y Granollers | C\u00e0nons Clinics","description":"","publisher":{"@id":"https:\/\/www.canons.es\/#organization"},"potentialAction":[{"@type":"SearchAction","target":{"@type":"EntryPoint","urlTemplate":"https:\/\/www.canons.es\/?s={search_term_string}"},"query-input":{"@type":"PropertyValueSpecification","valueRequired":true,"valueName":"search_term_string"}}],"inLanguage":"ca"},{"@type":"Organization","@id":"https:\/\/www.canons.es\/#organization","name":"Cirug\u00eda Pl\u00e1stica y Est\u00e9tica Barcelona y Granollers | C\u00e0nons Clinics","url":"https:\/\/www.canons.es\/","logo":{"@type":"ImageObject","inLanguage":"ca","@id":"https:\/\/www.canons.es\/#\/schema\/logo\/image\/","url":"https:\/\/www.canons.es\/wp-content\/uploads\/2025\/04\/logo-canons-clinics.jpg","contentUrl":"https:\/\/www.canons.es\/wp-content\/uploads\/2025\/04\/logo-canons-clinics.jpg","width":600,"height":139,"caption":"Cirug\u00eda Pl\u00e1stica y Est\u00e9tica Barcelona y Granollers | C\u00e0nons Clinics"},"image":{"@id":"https:\/\/www.canons.es\/#\/schema\/logo\/image\/"},"sameAs":["https:\/\/www.facebook.com\/canonsclinics\/","https:\/\/x.com\/canonsclinics","https:\/\/www.instagram.com\/canonsclinics\/","https:\/\/www.youtube.com\/channel\/UCI1Ia6LjALyo1CuQ0_HwtfQ","https:\/\/www.linkedin.com\/company\/canons-clinics\/"]}]}},"_links":{"self":[{"href":"https:\/\/www.canons.es\/ca\/wp-json\/wp\/v2\/pages\/9354","targetHints":{"allow":["GET"]}}],"collection":[{"href":"https:\/\/www.canons.es\/ca\/wp-json\/wp\/v2\/pages"}],"about":[{"href":"https:\/\/www.canons.es\/ca\/wp-json\/wp\/v2\/types\/page"}],"author":[{"embeddable":true,"href":"https:\/\/www.canons.es\/ca\/wp-json\/wp\/v2\/users\/25"}],"replies":[{"embeddable":true,"href":"https:\/\/www.canons.es\/ca\/wp-json\/wp\/v2\/comments?post=9354"}],"version-history":[{"count":0,"href":"https:\/\/www.canons.es\/ca\/wp-json\/wp\/v2\/pages\/9354\/revisions"}],"up":[{"embeddable":true,"href":"https:\/\/www.canons.es\/ca\/wp-json\/wp\/v2\/pages\/11377"}],"wp:attachment":[{"href":"https:\/\/www.canons.es\/ca\/wp-json\/wp\/v2\/media?parent=9354"}],"curies":[{"name":"wp","href":"https:\/\/api.w.org\/{rel}","templated":true}]}}