{"id":9336,"date":"2015-07-16T09:27:36","date_gmt":"2015-07-16T09:27:36","guid":{"rendered":"https:\/\/www.canons.es\/ca\/aumento-y-remodelacion-de-labios\/"},"modified":"2020-06-10T11:47:27","modified_gmt":"2020-06-10T11:47:27","slug":"aumento-y-remodelacion-de-labios","status":"publish","type":"page","link":"https:\/\/www.canons.es\/ca\/medicina-estetica-facial\/aumento-y-remodelacion-de-labios\/","title":{"rendered":"Augment i Remodelaci\u00f3 de Llavis"},"content":{"rendered":"<div class=\"wpb-content-wrapper\"><p>[vc_row css_animation=&#8221;&#8221; row_type=&#8221;row&#8221; use_row_as_full_screen_section=&#8221;no&#8221; type=&#8221;full_width&#8221; angled_section=&#8221;no&#8221; text_align=&#8221;left&#8221; background_image_as_pattern=&#8221;without_pattern&#8221; background_color=&#8221;#f7f7f7&#8243; section_type=&#8221;full-width&#8221;][vc_column][vc_empty_space height=&#8221;20px&#8221;]<div class=\"custom_font_holder\" style=\"font-family: Raleway; font-size: 35px; line-height: 26px; font-style: normal; font-weight: 300; color: #1e70b3; text-decoration: none; text-align: left;\">AUGMENT I REMODELACI\u00d3 DE LLAVIS<\/div>[vc_empty_space height=&#8221;40px&#8221;][vc_row_inner row_type=&#8221;row&#8221; type=&#8221;full_width&#8221; text_align=&#8221;left&#8221; css_animation=&#8221;&#8221;][vc_column_inner width=&#8221;1\/2&#8243;][vc_single_image image=&#8221;17819&#8243; img_size=&#8221;full&#8221; alignment=&#8221;center&#8221; qode_css_animation=&#8221;&#8221;][vc_empty_space height=&#8221;40px&#8221;][\/vc_column_inner][vc_column_inner width=&#8221;1\/2&#8243;][vc_column_text]<\/p>\n<div id=\"stcpDiv\">\n<p style=\"text-align: justify;\"><strong>L&#8217;edat i la suma de factors externs, com els h\u00e0bits de vida,<\/strong> provoquen la degradaci\u00f3 de les fibres de col\u00b7l\u00e0gen i elastina que afavoreixen l&#8217;aparici\u00f3 de les primeres arrugues a la zona perioral.<\/p>\n<p style=\"text-align: justify;\">Els nostres professionals t\u2019ajudaran a <strong>mitigar, de forma r\u00e0pida i segura, la p\u00e8rdua de volum del llavi i la deterioraci\u00f3 de les seves fibres de col\u00b7l\u00e0gen i elastina.<\/strong><\/p>\n<p style=\"text-align: justify;\">\n<\/div>\n<p>[\/vc_column_text][\/vc_column_inner][\/vc_row_inner][\/vc_column][\/vc_row][vc_row css_animation=&#8221;&#8221; row_type=&#8221;row&#8221; use_row_as_full_screen_section=&#8221;no&#8221; type=&#8221;full_width&#8221; angled_section=&#8221;no&#8221; text_align=&#8221;left&#8221; background_image_as_pattern=&#8221;without_pattern&#8221; section_type=&#8221;full-width&#8221;][vc_column][vc_empty_space][vc_accordion style=&#8221;accordion&#8221;][vc_accordion_tab title=&#8221;Quan estar\u00e0 indicat realitzar el tractament d&#8217;augment i remodelaci\u00f3 de llavis?&#8221;][vc_column_text]<\/p>\n<div id=\"stcpDiv\">Quan et <span style=\"color: #6d98dc;\"><strong>comencin a apar\u00e8ixer les primeres arrugues peribucals<\/strong><\/span> o b\u00e9 si ja les tens. Tamb\u00e9 \u00e9s indicat per a aquelles persones que notin que el <span style=\"color: #6d98dc;\"><strong>llavi superior comen\u00e7a a perdre projecci\u00f3 i volum<\/strong><\/span> i t\u00e9 un aspecte deshidratat.<\/div>\n<p>[\/vc_column_text][\/vc_accordion_tab][vc_accordion_tab title=&#8221;Quants tipus de farciment existeixen?&#8221;][vc_column_text]<\/p>\n<div id=\"stcpDiv\" style=\"text-align: justify;\">Existeixen tres tipus de farcit: el propi, el reabsorbible i el permanent. Actualment, els <span style=\"color: #6d98dc;\"><strong>productes de farcit m\u00e9s utilitzats s\u00f3n els reabsorbibles i els permanents<\/strong><\/span>, depenent de les necessitats de cada client.<\/div>\n<p>[\/vc_column_text][\/vc_accordion_tab][vc_accordion_tab title=&#8221;En qu\u00e8 consisteix el tractament d&#8217;augment i remodelaci\u00f3 de llavis?&#8221;][vc_column_text]<\/p>\n<div id=\"stcpDiv\" style=\"text-align: justify;\">En primer lloc, desmaquillarem i desinfectarem la zona peribucal. Seguidament aplicarem una potent crema anest\u00e8sica i esperarem que faci efecte. A posteriori, el doctor realitzar\u00e0 una anest\u00e8sia troncular a la zona peribucal.<\/div>\n<div style=\"text-align: justify;\"><\/div>\n<div style=\"text-align: justify;\">A continuaci\u00f3, es procedir\u00e0 a la introducci\u00f3 del producte espec\u00edfic de farciment per <span style=\"color: #6d98dc;\"><strong>eliminar les arrugues peribucales, augmentar o projectar els llavis<\/strong><\/span>. Per acabar, aplicarem fred local durant uns minuts i aplicarem corrector a les zones avermellades i et maquillarem segons el teu gust.<\/div>\n<p>[\/vc_column_text][\/vc_accordion_tab][vc_accordion_tab title=&#8221;Podr\u00e9 veure alguna simulaci\u00f3 en 3D abans del tractament d\u2019est\u00e8tica?&#8221;][vc_column_text]<\/p>\n<div id=\"stcpDiv\" style=\"text-align: justify;\">A les nostres cl\u00edniques de cirurgia pl\u00e0stica i medicina est\u00e8tica C\u00e0nons Clinics oferim la possibilitat de mostrar diverses <span style=\"color: #6d98dc;\"><strong>simulacions en tres dimensions del tractament d\u2019augment i remodelaci\u00f3 de llavis<\/strong><\/span>, mitjan\u00e7ant el nou programa 3D, el E-Stetix. D\u2019aquesta forma, el client podr\u00e0 analitzar de forma personalitzada, i segons criteri m\u00e8dic, tots els aspectes que desitgis millorar. Amb nom\u00e9s unes fotografies, podr\u00e0s fer-te una idea, sempre aproximada, de com ser\u00e0 el resultat del tractament de medicina est\u00e8tica, ja que intervenen gran varietat de factors.<\/div>\n<p>[\/vc_column_text][\/vc_accordion_tab][vc_accordion_tab title=&#8221;Qu\u00e8 et recomanarem abans del tractament?&#8221;][vc_column_text]<\/p>\n<div id=\"stcpDiv\">\n<p style=\"text-align: justify;\">Evitar prendre antiagregants plaquetaris com Aspirina, Dipiridamol o Ticlopidina en els 7 dies previs al tractament. Tampoc s\u00f3n recomanables els antiinflamatorios o esteroideos amb efecte antiagregant com Ibuprofeno, Diclofenaco, Indometacina, Piroxicam o Naproxeno en els 3 dies previs al tractament amb la finalitat de limitar el risc d\u2019hematomes.<\/p>\n<p style=\"text-align: justify;\">Si tens tend\u00e8ncia a patir <span style=\"color: #6d98dc;\"><strong>herpes llavial haur\u00e0s de realitzar un tractament preventiu antiviral<\/strong><\/span> amb valaciclovir que comen\u00e7ar\u00e0s 1 dia abans, el mateix dia del tractament i ho continuar\u00e0s 5 dies despr\u00e9s.<\/p>\n<\/div>\n<p>[\/vc_column_text][\/vc_accordion_tab][vc_accordion_tab title=&#8221;Seran instantanis els resultats?&#8221;][vc_column_text]<\/p>\n<div id=\"stcpDiv\">\n<p style=\"text-align: justify;\">El <strong><span style=\"color: #6d98dc;\">resultat est\u00e8tic final s\u2019observa en el mateix moment en el qual es realitza el tractament d\u2019augment i remodelaci\u00f3 dels llavis<\/span>.<\/strong><\/p>\n<p style=\"text-align: justify;\">Des del moment en el qual s\u2019omple la zona peribucal comprovar\u00e0s immediatament que es remodela el contorn peribucal i augmenta la projecci\u00f3 dels llavis, donant un aspecte hidratat i perfilat del contorn labial.<\/p>\n<\/div>\n<p>[\/vc_column_text][\/vc_accordion_tab][vc_accordion_tab title=&#8221;\u00c9s un tractament d\u2019est\u00e8tica segur?&#8221;][vc_column_text]<\/p>\n<div id=\"stcpDiv\" style=\"text-align: justify;\">Sempre utilitzem <span style=\"color: #6d98dc;\"><strong>productes biofermentats d\u2019origen no animal i completament biodegradables<\/strong><\/span> amb la finalitat de minimitzar el risc d\u2019al\u00b7l\u00e8rgia. Per tant, no es requereix cap test preliminar de biocompatibilidad.<\/div>\n<p>[\/vc_column_text][\/vc_accordion_tab][vc_accordion_tab title=&#8221;Les meves activitats di\u00e0ries es veuran alterades?&#8221;][vc_column_text]<\/p>\n<div id=\"stcpDiv\">Podr\u00e0s realitzar totes les teves activitats quotidianes de seguida <span style=\"color: #6d98dc;\"><strong>amb total normalitat<\/strong><\/span>.<\/div>\n<p>[\/vc_column_text][\/vc_accordion_tab][\/vc_accordion][\/vc_column][\/vc_row]<\/p>\n<\/div><!-- AddThis Advanced Settings generic via filter on the_content --><!-- AddThis Share Buttons generic via filter on the_content -->","protected":false},"excerpt":{"rendered":"<p>[vc_row css_animation=&#8221;&#8221; row_type=&#8221;row&#8221; use_row_as_full_screen_section=&#8221;no&#8221; type=&#8221;full_width&#8221; angled_section=&#8221;no&#8221; text_align=&#8221;left&#8221; background_image_as_pattern=&#8221;without_pattern&#8221; background_color=&#8221;#f7f7f7&#8243; section_type=&#8221;full-width&#8221;][vc_column][vc_empty_space height=&#8221;20px&#8221;][vc_empty_space height=&#8221;40px&#8221;][vc_row_inner row_type=&#8221;row&#8221; type=&#8221;full_width&#8221; text_align=&#8221;left&#8221; css_animation=&#8221;&#8221;][vc_column_inner width=&#8221;1\/2&#8243;][vc_single_image image=&#8221;17819&#8243; img_size=&#8221;full&#8221; alignment=&#8221;center&#8221; qode_css_animation=&#8221;&#8221;][vc_empty_space height=&#8221;40px&#8221;][\/vc_column_inner][vc_column_inner width=&#8221;1\/2&#8243;][vc_column_text] L&#8217;edat i la suma de factors externs, com els h\u00e0bits de vida, provoquen la degradaci\u00f3 de les fibres de col\u00b7l\u00e0gen i elastina&#8230;<!-- AddThis Advanced Settings generic via filter on get_the_excerpt --><!-- AddThis Share Buttons generic via filter on get_the_excerpt --><\/p>\n","protected":false},"author":25,"featured_media":0,"parent":9094,"menu_order":0,"comment_status":"closed","ping_status":"closed","template":"","meta":{"footnotes":""},"class_list":["post-9336","page","type-page","status-publish","hentry"],"yoast_head":"<!-- This site is optimized with the Yoast SEO Premium plugin v26.9 (Yoast SEO v27.2) - https:\/\/yoast.com\/product\/yoast-seo-premium-wordpress\/ -->\n<title>Augment i Remodelaci\u00f3 de Llavis - Cl\u00ednica C\u00e0nons | Cirurgia i Medicina Estetica a Barcelona, \u200b\u200bGranollers<\/title>\n<meta name=\"robots\" content=\"index, follow, max-snippet:-1, max-image-preview:large, max-video-preview:-1\" \/>\n<link rel=\"canonical\" href=\"https:\/\/www.canons.es\/medicina-estetica-facial-2\/aumento-y-remodelacion-de-labios\/\" \/>\n<meta property=\"og:locale\" content=\"ca_ES\" \/>\n<meta property=\"og:type\" content=\"article\" \/>\n<meta property=\"og:title\" content=\"Augment i Remodelaci\u00f3 de Llavis\" \/>\n<meta property=\"og:description\" content=\"[vc_row css_animation=&#8221;&#8221; row_type=&#8221;row&#8221; use_row_as_full_screen_section=&#8221;no&#8221; type=&#8221;full_width&#8221; angled_section=&#8221;no&#8221; text_align=&#8221;left&#8221; background_image_as_pattern=&#8221;without_pattern&#8221; background_color=&#8221;#f7f7f7&#8243; section_type=&#8221;full-width&#8221;][vc_column][vc_empty_space height=&#8221;20px&#8221;][vc_empty_space height=&#8221;40px&#8221;][vc_row_inner row_type=&#8221;row&#8221; type=&#8221;full_width&#8221; text_align=&#8221;left&#8221; css_animation=&#8221;&#8221;][vc_column_inner width=&#8221;1\/2&#8243;][vc_single_image image=&#8221;17819&#8243; img_size=&#8221;full&#8221; alignment=&#8221;center&#8221; qode_css_animation=&#8221;&#8221;][vc_empty_space height=&#8221;40px&#8221;][\/vc_column_inner][vc_column_inner width=&#8221;1\/2&#8243;][vc_column_text] L&#8217;edat i la suma de factors externs, com els h\u00e0bits de vida, provoquen la degradaci\u00f3 de les fibres de col\u00b7l\u00e0gen i elastina...\" \/>\n<meta property=\"og:url\" content=\"https:\/\/www.canons.es\/medicina-estetica-facial-2\/aumento-y-remodelacion-de-labios\/\" \/>\n<meta property=\"og:site_name\" content=\"Cl\u00ednica C\u00e0nons | Cirurgia i Medicina Estetica a Barcelona, \u200b\u200bGranollers\" \/>\n<meta property=\"article:publisher\" content=\"https:\/\/www.facebook.com\/canonsclinics\/\" \/>\n<meta property=\"article:modified_time\" content=\"2020-06-10T11:47:27+00:00\" \/>\n<meta name=\"twitter:card\" content=\"summary_large_image\" \/>\n<meta name=\"twitter:site\" content=\"@canonsclinics\" \/>\n<meta name=\"twitter:label1\" content=\"Temps estimat de lectura\" \/>\n\t<meta name=\"twitter:data1\" content=\"4 minuts\" \/>\n<script type=\"application\/ld+json\" class=\"yoast-schema-graph\">{\"@context\":\"https:\/\/schema.org\",\"@graph\":[{\"@type\":\"WebPage\",\"@id\":\"https:\/\/www.canons.es\/medicina-estetica-facial-2\/aumento-y-remodelacion-de-labios\/\",\"url\":\"https:\/\/www.canons.es\/medicina-estetica-facial-2\/aumento-y-remodelacion-de-labios\/\",\"name\":\"Augment i Remodelaci\u00f3 de Llavis - Cl\u00ednica C\u00e0nons | Cirurgia i Medicina Estetica a Barcelona, \u200b\u200bGranollers\",\"isPartOf\":{\"@id\":\"https:\/\/www.canons.es\/#website\"},\"datePublished\":\"2015-07-16T09:27:36+00:00\",\"dateModified\":\"2020-06-10T11:47:27+00:00\",\"breadcrumb\":{\"@id\":\"https:\/\/www.canons.es\/medicina-estetica-facial-2\/aumento-y-remodelacion-de-labios\/#breadcrumb\"},\"inLanguage\":\"ca\",\"potentialAction\":[{\"@type\":\"ReadAction\",\"target\":[\"https:\/\/www.canons.es\/medicina-estetica-facial-2\/aumento-y-remodelacion-de-labios\/\"]}]},{\"@type\":\"BreadcrumbList\",\"@id\":\"https:\/\/www.canons.es\/medicina-estetica-facial-2\/aumento-y-remodelacion-de-labios\/#breadcrumb\",\"itemListElement\":[{\"@type\":\"ListItem\",\"position\":1,\"name\":\"Portada\",\"item\":\"https:\/\/www.canons.es\/ca\/\"},{\"@type\":\"ListItem\",\"position\":2,\"name\":\"MEDICINA EST\u00c8TICA FACIAL\",\"item\":\"https:\/\/www.canons.es\/ca\/medicina-estetica-facial\/\"},{\"@type\":\"ListItem\",\"position\":3,\"name\":\"Augment i Remodelaci\u00f3 de Llavis\"}]},{\"@type\":\"WebSite\",\"@id\":\"https:\/\/www.canons.es\/#website\",\"url\":\"https:\/\/www.canons.es\/\",\"name\":\"Cirug\u00eda Pl\u00e1stica y Est\u00e9tica Barcelona y Granollers | C\u00e0nons Clinics\",\"description\":\"\",\"publisher\":{\"@id\":\"https:\/\/www.canons.es\/#organization\"},\"potentialAction\":[{\"@type\":\"SearchAction\",\"target\":{\"@type\":\"EntryPoint\",\"urlTemplate\":\"https:\/\/www.canons.es\/?s={search_term_string}\"},\"query-input\":{\"@type\":\"PropertyValueSpecification\",\"valueRequired\":true,\"valueName\":\"search_term_string\"}}],\"inLanguage\":\"ca\"},{\"@type\":\"Organization\",\"@id\":\"https:\/\/www.canons.es\/#organization\",\"name\":\"Cirug\u00eda Pl\u00e1stica y Est\u00e9tica Barcelona y Granollers | C\u00e0nons Clinics\",\"url\":\"https:\/\/www.canons.es\/\",\"logo\":{\"@type\":\"ImageObject\",\"inLanguage\":\"ca\",\"@id\":\"https:\/\/www.canons.es\/#\/schema\/logo\/image\/\",\"url\":\"https:\/\/www.canons.es\/wp-content\/uploads\/2025\/04\/logo-canons-clinics.jpg\",\"contentUrl\":\"https:\/\/www.canons.es\/wp-content\/uploads\/2025\/04\/logo-canons-clinics.jpg\",\"width\":600,\"height\":139,\"caption\":\"Cirug\u00eda Pl\u00e1stica y Est\u00e9tica Barcelona y Granollers | C\u00e0nons Clinics\"},\"image\":{\"@id\":\"https:\/\/www.canons.es\/#\/schema\/logo\/image\/\"},\"sameAs\":[\"https:\/\/www.facebook.com\/canonsclinics\/\",\"https:\/\/x.com\/canonsclinics\",\"https:\/\/www.instagram.com\/canonsclinics\/\",\"https:\/\/www.youtube.com\/channel\/UCI1Ia6LjALyo1CuQ0_HwtfQ\",\"https:\/\/www.linkedin.com\/company\/canons-clinics\/\"]}]}<\/script>\n<!-- \/ Yoast SEO Premium plugin. -->","yoast_head_json":{"title":"Augment i Remodelaci\u00f3 de Llavis - Cl\u00ednica C\u00e0nons | Cirurgia i Medicina Estetica a Barcelona, \u200b\u200bGranollers","robots":{"index":"index","follow":"follow","max-snippet":"max-snippet:-1","max-image-preview":"max-image-preview:large","max-video-preview":"max-video-preview:-1"},"canonical":"https:\/\/www.canons.es\/medicina-estetica-facial-2\/aumento-y-remodelacion-de-labios\/","og_locale":"ca_ES","og_type":"article","og_title":"Augment i Remodelaci\u00f3 de Llavis","og_description":"[vc_row css_animation=&#8221;&#8221; row_type=&#8221;row&#8221; use_row_as_full_screen_section=&#8221;no&#8221; type=&#8221;full_width&#8221; angled_section=&#8221;no&#8221; text_align=&#8221;left&#8221; background_image_as_pattern=&#8221;without_pattern&#8221; background_color=&#8221;#f7f7f7&#8243; section_type=&#8221;full-width&#8221;][vc_column][vc_empty_space height=&#8221;20px&#8221;][vc_empty_space height=&#8221;40px&#8221;][vc_row_inner row_type=&#8221;row&#8221; type=&#8221;full_width&#8221; text_align=&#8221;left&#8221; css_animation=&#8221;&#8221;][vc_column_inner width=&#8221;1\/2&#8243;][vc_single_image image=&#8221;17819&#8243; img_size=&#8221;full&#8221; alignment=&#8221;center&#8221; qode_css_animation=&#8221;&#8221;][vc_empty_space height=&#8221;40px&#8221;][\/vc_column_inner][vc_column_inner width=&#8221;1\/2&#8243;][vc_column_text] L&#8217;edat i la suma de factors externs, com els h\u00e0bits de vida, provoquen la degradaci\u00f3 de les fibres de col\u00b7l\u00e0gen i elastina...","og_url":"https:\/\/www.canons.es\/medicina-estetica-facial-2\/aumento-y-remodelacion-de-labios\/","og_site_name":"Cl\u00ednica C\u00e0nons | Cirurgia i Medicina Estetica a Barcelona, \u200b\u200bGranollers","article_publisher":"https:\/\/www.facebook.com\/canonsclinics\/","article_modified_time":"2020-06-10T11:47:27+00:00","twitter_card":"summary_large_image","twitter_site":"@canonsclinics","twitter_misc":{"Temps estimat de lectura":"4 minuts"},"schema":{"@context":"https:\/\/schema.org","@graph":[{"@type":"WebPage","@id":"https:\/\/www.canons.es\/medicina-estetica-facial-2\/aumento-y-remodelacion-de-labios\/","url":"https:\/\/www.canons.es\/medicina-estetica-facial-2\/aumento-y-remodelacion-de-labios\/","name":"Augment i Remodelaci\u00f3 de Llavis - Cl\u00ednica C\u00e0nons | Cirurgia i Medicina Estetica a Barcelona, \u200b\u200bGranollers","isPartOf":{"@id":"https:\/\/www.canons.es\/#website"},"datePublished":"2015-07-16T09:27:36+00:00","dateModified":"2020-06-10T11:47:27+00:00","breadcrumb":{"@id":"https:\/\/www.canons.es\/medicina-estetica-facial-2\/aumento-y-remodelacion-de-labios\/#breadcrumb"},"inLanguage":"ca","potentialAction":[{"@type":"ReadAction","target":["https:\/\/www.canons.es\/medicina-estetica-facial-2\/aumento-y-remodelacion-de-labios\/"]}]},{"@type":"BreadcrumbList","@id":"https:\/\/www.canons.es\/medicina-estetica-facial-2\/aumento-y-remodelacion-de-labios\/#breadcrumb","itemListElement":[{"@type":"ListItem","position":1,"name":"Portada","item":"https:\/\/www.canons.es\/ca\/"},{"@type":"ListItem","position":2,"name":"MEDICINA EST\u00c8TICA FACIAL","item":"https:\/\/www.canons.es\/ca\/medicina-estetica-facial\/"},{"@type":"ListItem","position":3,"name":"Augment i Remodelaci\u00f3 de Llavis"}]},{"@type":"WebSite","@id":"https:\/\/www.canons.es\/#website","url":"https:\/\/www.canons.es\/","name":"Cirug\u00eda Pl\u00e1stica y Est\u00e9tica Barcelona y Granollers | C\u00e0nons Clinics","description":"","publisher":{"@id":"https:\/\/www.canons.es\/#organization"},"potentialAction":[{"@type":"SearchAction","target":{"@type":"EntryPoint","urlTemplate":"https:\/\/www.canons.es\/?s={search_term_string}"},"query-input":{"@type":"PropertyValueSpecification","valueRequired":true,"valueName":"search_term_string"}}],"inLanguage":"ca"},{"@type":"Organization","@id":"https:\/\/www.canons.es\/#organization","name":"Cirug\u00eda Pl\u00e1stica y Est\u00e9tica Barcelona y Granollers | C\u00e0nons Clinics","url":"https:\/\/www.canons.es\/","logo":{"@type":"ImageObject","inLanguage":"ca","@id":"https:\/\/www.canons.es\/#\/schema\/logo\/image\/","url":"https:\/\/www.canons.es\/wp-content\/uploads\/2025\/04\/logo-canons-clinics.jpg","contentUrl":"https:\/\/www.canons.es\/wp-content\/uploads\/2025\/04\/logo-canons-clinics.jpg","width":600,"height":139,"caption":"Cirug\u00eda Pl\u00e1stica y Est\u00e9tica Barcelona y Granollers | C\u00e0nons Clinics"},"image":{"@id":"https:\/\/www.canons.es\/#\/schema\/logo\/image\/"},"sameAs":["https:\/\/www.facebook.com\/canonsclinics\/","https:\/\/x.com\/canonsclinics","https:\/\/www.instagram.com\/canonsclinics\/","https:\/\/www.youtube.com\/channel\/UCI1Ia6LjALyo1CuQ0_HwtfQ","https:\/\/www.linkedin.com\/company\/canons-clinics\/"]}]}},"_links":{"self":[{"href":"https:\/\/www.canons.es\/ca\/wp-json\/wp\/v2\/pages\/9336","targetHints":{"allow":["GET"]}}],"collection":[{"href":"https:\/\/www.canons.es\/ca\/wp-json\/wp\/v2\/pages"}],"about":[{"href":"https:\/\/www.canons.es\/ca\/wp-json\/wp\/v2\/types\/page"}],"author":[{"embeddable":true,"href":"https:\/\/www.canons.es\/ca\/wp-json\/wp\/v2\/users\/25"}],"replies":[{"embeddable":true,"href":"https:\/\/www.canons.es\/ca\/wp-json\/wp\/v2\/comments?post=9336"}],"version-history":[{"count":0,"href":"https:\/\/www.canons.es\/ca\/wp-json\/wp\/v2\/pages\/9336\/revisions"}],"up":[{"embeddable":true,"href":"https:\/\/www.canons.es\/ca\/wp-json\/wp\/v2\/pages\/9094"}],"wp:attachment":[{"href":"https:\/\/www.canons.es\/ca\/wp-json\/wp\/v2\/media?parent=9336"}],"curies":[{"name":"wp","href":"https:\/\/api.w.org\/{rel}","templated":true}]}}