{"id":9328,"date":"2015-07-16T09:10:28","date_gmt":"2015-07-16T09:10:28","guid":{"rendered":"https:\/\/www.canons.es\/ca\/terapia-con-plasma-rico-en-factores-de-crecimiento\/"},"modified":"2020-01-29T08:50:02","modified_gmt":"2020-01-29T08:50:02","slug":"terapia-con-plasma-rico-en-factores-de-crecimiento","status":"publish","type":"page","link":"https:\/\/www.canons.es\/ca\/medicina-estetica-facial\/terapia-con-plasma-rico-en-factores-de-crecimiento\/","title":{"rendered":"Ter\u00e0pia amb Plasma ric en factors de creixement"},"content":{"rendered":"<div class=\"wpb-content-wrapper\"><p>[vc_row css_animation=&#8221;&#8221; row_type=&#8221;row&#8221; use_row_as_full_screen_section=&#8221;no&#8221; type=&#8221;full_width&#8221; angled_section=&#8221;no&#8221; text_align=&#8221;left&#8221; background_image_as_pattern=&#8221;without_pattern&#8221; background_color=&#8221;#f7f7f7&#8243; section_type=&#8221;full-width&#8221;][vc_column][vc_empty_space height=&#8221;20px&#8221;]<div class=\"custom_font_holder\" style=\"font-family: Raleway; font-size: 35px; line-height: 26px; font-style: normal; font-weight: 300; color: #1e70b3; text-decoration: none; text-align: left;\">TER\u00c0PIA AMB PLASMA RIC EN FACTORS DE CREIXEMENT<\/div>[vc_empty_space][vc_row_inner row_type=&#8221;row&#8221; type=&#8221;full_width&#8221; text_align=&#8221;left&#8221; css_animation=&#8221;&#8221;][vc_column_inner width=&#8221;1\/2&#8243;][vc_single_image image=&#8221;8719&#8243; img_size=&#8221;full&#8221; alignment=&#8221;center&#8221; qode_css_animation=&#8221;&#8221;][vc_empty_space height=&#8221;40px&#8221;][\/vc_column_inner][vc_column_inner width=&#8221;1\/2&#8243;][vc_column_text]<\/p>\n<div id=\"stcpDiv\">A C\u00e0nons Clinics disposem d\u2019un nou i efica\u00e7 tractament de rejoveniment facial.<\/div>\n<div><strong>Guanya elasticitat i lluminositat al \u00a0rostre amb aquest tractament de bellesa que accelera la regeneraci\u00f3 de la pell.<\/strong><\/div>\n<p>[\/vc_column_text][\/vc_column_inner][\/vc_row_inner][\/vc_column][\/vc_row][vc_row css_animation=&#8221;&#8221; row_type=&#8221;row&#8221; use_row_as_full_screen_section=&#8221;no&#8221; type=&#8221;full_width&#8221; angled_section=&#8221;no&#8221; text_align=&#8221;left&#8221; background_image_as_pattern=&#8221;without_pattern&#8221; section_type=&#8221;full-width&#8221;][vc_column][vc_empty_space][vc_accordion style=&#8221;accordion&#8221;][vc_accordion_tab title=&#8221;Qu\u00e8 \u00e9s el PRGF?&#8221;][vc_column_text]<\/p>\n<div id=\"stcpDiv\" style=\"text-align: justify;\">Es tracta de la t\u00e8cnica de medicina est\u00e8tica del moment. \u00c9s el tractament antiaging per al rejoveniment facial estrella. El PRGF (Plasma Rich in Growth Factors) <strong><span style=\"color: #6d98dc;\">\u00e9s una t\u00e8cnica nova que permet a\u00efllar i utilitzar els factors de creixement (prote\u00efnes) presents en la sang per estimular i accelerar la regeneraci\u00f3 de la pell<\/span>.<\/strong> Atenua les arrugues i augmenta el grossor, elesticitat i lluminositat de la pell, aconseguint un aspecte m\u00e9s jove.<\/div>\n<p>[\/vc_column_text][\/vc_accordion_tab][vc_accordion_tab title=&#8221;En qu\u00e8 consisteix aquest tractament de medicina est\u00e8tica?&#8221;][vc_column_text]<\/p>\n<div id=\"stcpDiv\">\n<p style=\"text-align: justify;\">Abans de comen\u00e7ar amb el servei, \u00e9s necessari netejar la zona a tractar i aplicar una pomada anest\u00e8sica per evitar les possibles mol\u00e8sties de les punxadetes.<\/p>\n<p style=\"text-align: justify;\">Per a l\u2019obtenci\u00f3 del plasma ric en factors de creixement es <span style=\"color: #6d98dc;\"><strong>realitza una petita extracci\u00f3 de sang del pacient i se separen les fraccions plasm\u00e0tiques mitjan\u00e7ant una centrifugaci\u00f3 controlada<\/strong><\/span>. A continuaci\u00f3n, s\u2019injecta el \u201cplasma ric en factors de creixement\u201d a la pell de cara, escot, coll i dors de les mans per estimular la seva regeneraci\u00f3.<\/p>\n<\/div>\n<p>[\/vc_column_text][\/vc_accordion_tab][vc_accordion_tab title=&#8221;Les meves activitats di\u00e0ries es veuran alterades?&#8221;][vc_column_text]<\/p>\n<div id=\"stcpDiv\">Una vegada finalitzat el tractament, <span style=\"color: #6d98dc;\"><strong>podr\u00e0s tornar a l\u2019activitat normal de forma immediata<\/strong><\/span>. Si ho desitges, podr\u00e0s prendre el sol, sempre amb protecci\u00f3 solar.<\/div>\n<p>[\/vc_column_text][\/vc_accordion_tab][vc_accordion_tab title=&#8221;Quan s\u2019aprecien els resultats?&#8221;][vc_column_text]<\/p>\n<div id=\"stcpDiv\"><strong><span style=\"color: #6d98dc;\">En 24 hores ja podr\u00e0s veure els primers resultats<\/span>.<\/strong> S\u00f3n progressius i amb cada sessi\u00f3 s\u2019apreciar\u00e0 millor la mitigaci\u00f3 de les arrugues i l\u2019augment de l\u2019elasticitat i lluminositat de la pell. Els resultats d\u2019aquest innovador tractament de medicina est\u00e8tica es mantenen durant 6-9 mesos.<\/div>\n<p>[\/vc_column_text][\/vc_accordion_tab][vc_accordion_tab title=&#8221;Quantes sessions \u00e9s aconsellable realitzar?&#8221;][vc_column_text]<\/p>\n<div id=\"stcpDiv\" style=\"text-align: justify;\">El nombre de sessions i la seva periodicitat dependran del grau d\u2019envelliment de la pell. Normalment <span style=\"color: #6d98dc;\"><strong>es recomana sotmetre\u2019s a un total d\u2019entre 3 i 4 sessions el primer any<\/strong><\/span> i continuar el tractament de manteniment amb dues sessions anuals durant els seg\u00fcents anys. La durada de cada servei de medicina est\u00e8tica \u00e9s d\u2019una hora, aproximadament.<\/div>\n<p>[\/vc_column_text][\/vc_accordion_tab][vc_accordion_tab title=&#8221;A partir de quina edat \u00e9s aconsellable realitzar aquesta t\u00e8cnica?&#8221;][vc_column_text]<\/p>\n<div id=\"stcpDiv\">El PRGF pot aplicar-se a partir dels 35 anys a nivell preventiu, per <span style=\"color: #6d98dc;\"><strong>ralentir el proc\u00e9s d\u2019envelliment<\/strong><\/span>, i a partir dels 45 anys, amb finalitats regeneratives i correctius.<\/div>\n<p>[\/vc_column_text][\/vc_accordion_tab][vc_accordion_tab title=&#8221;T\u00e9 algun efecte secundari?&#8221;][vc_column_text]<\/p>\n<div id=\"stcpDiv\">Una vegada realitzat el tractament antiaging, poden apar\u00e8ixer, de forma transit\u00f2ria, una lleugera vermellor, inflor o petits hematomes que <span style=\"color: #6d98dc;\"><strong>poden camuflar-se perfectament<\/strong><\/span> amb maquillatge.<\/div>\n<p>[\/vc_column_text][\/vc_accordion_tab][vc_accordion_tab title=&#8221;Amb quin altres tractaments de medicina est\u00e8tica pot combinar-se?&#8221;][vc_column_text]<\/p>\n<div id=\"stcpDiv\">\n<p style=\"text-align: justify;\">Alternar diferents t\u00e8cniques produeix <span style=\"color: #6d98dc;\"><strong>resultats millors i m\u00e9s duradors<\/strong><\/span> perqu\u00e8 es produeix una sinergia entre ells, ja que cada tractament actua de manera diferent i a diferent nivell.<\/p>\n<p style=\"text-align: justify;\">La t\u00e8cnica del plasma ric en factors de creixement sol combinar-se amb altres serveis de <span style=\"color: #6d98dc;\"><b>medicina est\u00e8tica facial<\/b><\/span> que trobar\u00e0s en les nostres cl\u00edniques C\u00e0nons Clinics, com s\u00f3n els farciments facials, la Mesoplastia i la IPL (Llum Premuda Intensa).<\/p>\n<\/div>\n<p>[\/vc_column_text][\/vc_accordion_tab][\/vc_accordion][\/vc_column][\/vc_row]<\/p>\n<\/div><!-- AddThis Advanced Settings generic via filter on the_content --><!-- AddThis Share Buttons generic via filter on the_content -->","protected":false},"excerpt":{"rendered":"<p>[vc_row css_animation=&#8221;&#8221; row_type=&#8221;row&#8221; use_row_as_full_screen_section=&#8221;no&#8221; type=&#8221;full_width&#8221; angled_section=&#8221;no&#8221; text_align=&#8221;left&#8221; background_image_as_pattern=&#8221;without_pattern&#8221; background_color=&#8221;#f7f7f7&#8243; section_type=&#8221;full-width&#8221;][vc_column][vc_empty_space height=&#8221;20px&#8221;][vc_empty_space][vc_row_inner row_type=&#8221;row&#8221; type=&#8221;full_width&#8221; text_align=&#8221;left&#8221; css_animation=&#8221;&#8221;][vc_column_inner width=&#8221;1\/2&#8243;][vc_single_image image=&#8221;8719&#8243; img_size=&#8221;full&#8221; alignment=&#8221;center&#8221; qode_css_animation=&#8221;&#8221;][vc_empty_space height=&#8221;40px&#8221;][\/vc_column_inner][vc_column_inner width=&#8221;1\/2&#8243;][vc_column_text] A C\u00e0nons Clinics disposem d\u2019un nou i efica\u00e7 tractament de rejoveniment facial. Guanya elasticitat i lluminositat al \u00a0rostre amb aquest tractament de bellesa&#8230;<!-- AddThis Advanced Settings generic via filter on get_the_excerpt --><!-- AddThis Share Buttons generic via filter on get_the_excerpt --><\/p>\n","protected":false},"author":25,"featured_media":0,"parent":9094,"menu_order":0,"comment_status":"closed","ping_status":"closed","template":"","meta":{"footnotes":""},"class_list":["post-9328","page","type-page","status-publish","hentry"],"yoast_head":"<!-- This site is optimized with the Yoast SEO Premium plugin v26.9 (Yoast SEO v27.2) - https:\/\/yoast.com\/product\/yoast-seo-premium-wordpress\/ -->\n<title>Ter\u00e0pia amb Plasma ric en factors de creixement - Cl\u00ednica C\u00e0nons | Cirurgia i Medicina Estetica a Barcelona, \u200b\u200bGranollers<\/title>\n<meta name=\"robots\" content=\"index, follow, max-snippet:-1, max-image-preview:large, max-video-preview:-1\" \/>\n<link rel=\"canonical\" href=\"https:\/\/www.canons.es\/medicina-estetica-facial-2\/terapia-con-plasma-rico-en-factores-de-crecimiento\/\" \/>\n<meta property=\"og:locale\" content=\"ca_ES\" \/>\n<meta property=\"og:type\" content=\"article\" \/>\n<meta property=\"og:title\" content=\"Ter\u00e0pia amb Plasma ric en factors de creixement\" \/>\n<meta property=\"og:description\" content=\"[vc_row css_animation=&#8221;&#8221; row_type=&#8221;row&#8221; use_row_as_full_screen_section=&#8221;no&#8221; type=&#8221;full_width&#8221; angled_section=&#8221;no&#8221; text_align=&#8221;left&#8221; background_image_as_pattern=&#8221;without_pattern&#8221; background_color=&#8221;#f7f7f7&#8243; section_type=&#8221;full-width&#8221;][vc_column][vc_empty_space height=&#8221;20px&#8221;][vc_empty_space][vc_row_inner row_type=&#8221;row&#8221; type=&#8221;full_width&#8221; text_align=&#8221;left&#8221; css_animation=&#8221;&#8221;][vc_column_inner width=&#8221;1\/2&#8243;][vc_single_image image=&#8221;8719&#8243; img_size=&#8221;full&#8221; alignment=&#8221;center&#8221; qode_css_animation=&#8221;&#8221;][vc_empty_space height=&#8221;40px&#8221;][\/vc_column_inner][vc_column_inner width=&#8221;1\/2&#8243;][vc_column_text] A C\u00e0nons Clinics disposem d\u2019un nou i efica\u00e7 tractament de rejoveniment facial. Guanya elasticitat i lluminositat al \u00a0rostre amb aquest tractament de bellesa...\" \/>\n<meta property=\"og:url\" content=\"https:\/\/www.canons.es\/medicina-estetica-facial-2\/terapia-con-plasma-rico-en-factores-de-crecimiento\/\" \/>\n<meta property=\"og:site_name\" content=\"Cl\u00ednica C\u00e0nons | Cirurgia i Medicina Estetica a Barcelona, \u200b\u200bGranollers\" \/>\n<meta property=\"article:publisher\" content=\"https:\/\/www.facebook.com\/canonsclinics\/\" \/>\n<meta property=\"article:modified_time\" content=\"2020-01-29T08:50:02+00:00\" \/>\n<meta name=\"twitter:card\" content=\"summary_large_image\" \/>\n<meta name=\"twitter:site\" content=\"@canonsclinics\" \/>\n<meta name=\"twitter:label1\" content=\"Temps estimat de lectura\" \/>\n\t<meta name=\"twitter:data1\" content=\"4 minuts\" \/>\n<script type=\"application\/ld+json\" class=\"yoast-schema-graph\">{\"@context\":\"https:\/\/schema.org\",\"@graph\":[{\"@type\":\"WebPage\",\"@id\":\"https:\/\/www.canons.es\/medicina-estetica-facial-2\/terapia-con-plasma-rico-en-factores-de-crecimiento\/\",\"url\":\"https:\/\/www.canons.es\/medicina-estetica-facial-2\/terapia-con-plasma-rico-en-factores-de-crecimiento\/\",\"name\":\"Ter\u00e0pia amb Plasma ric en factors de creixement - Cl\u00ednica C\u00e0nons | Cirurgia i Medicina Estetica a Barcelona, \u200b\u200bGranollers\",\"isPartOf\":{\"@id\":\"https:\/\/www.canons.es\/#website\"},\"datePublished\":\"2015-07-16T09:10:28+00:00\",\"dateModified\":\"2020-01-29T08:50:02+00:00\",\"breadcrumb\":{\"@id\":\"https:\/\/www.canons.es\/medicina-estetica-facial-2\/terapia-con-plasma-rico-en-factores-de-crecimiento\/#breadcrumb\"},\"inLanguage\":\"ca\",\"potentialAction\":[{\"@type\":\"ReadAction\",\"target\":[\"https:\/\/www.canons.es\/medicina-estetica-facial-2\/terapia-con-plasma-rico-en-factores-de-crecimiento\/\"]}]},{\"@type\":\"BreadcrumbList\",\"@id\":\"https:\/\/www.canons.es\/medicina-estetica-facial-2\/terapia-con-plasma-rico-en-factores-de-crecimiento\/#breadcrumb\",\"itemListElement\":[{\"@type\":\"ListItem\",\"position\":1,\"name\":\"Portada\",\"item\":\"https:\/\/www.canons.es\/ca\/\"},{\"@type\":\"ListItem\",\"position\":2,\"name\":\"MEDICINA EST\u00c8TICA FACIAL\",\"item\":\"https:\/\/www.canons.es\/ca\/medicina-estetica-facial\/\"},{\"@type\":\"ListItem\",\"position\":3,\"name\":\"Ter\u00e0pia amb Plasma ric en factors de creixement\"}]},{\"@type\":\"WebSite\",\"@id\":\"https:\/\/www.canons.es\/#website\",\"url\":\"https:\/\/www.canons.es\/\",\"name\":\"Cirug\u00eda Pl\u00e1stica y Est\u00e9tica Barcelona y Granollers | C\u00e0nons Clinics\",\"description\":\"\",\"publisher\":{\"@id\":\"https:\/\/www.canons.es\/#organization\"},\"potentialAction\":[{\"@type\":\"SearchAction\",\"target\":{\"@type\":\"EntryPoint\",\"urlTemplate\":\"https:\/\/www.canons.es\/?s={search_term_string}\"},\"query-input\":{\"@type\":\"PropertyValueSpecification\",\"valueRequired\":true,\"valueName\":\"search_term_string\"}}],\"inLanguage\":\"ca\"},{\"@type\":\"Organization\",\"@id\":\"https:\/\/www.canons.es\/#organization\",\"name\":\"Cirug\u00eda Pl\u00e1stica y Est\u00e9tica Barcelona y Granollers | C\u00e0nons Clinics\",\"url\":\"https:\/\/www.canons.es\/\",\"logo\":{\"@type\":\"ImageObject\",\"inLanguage\":\"ca\",\"@id\":\"https:\/\/www.canons.es\/#\/schema\/logo\/image\/\",\"url\":\"https:\/\/www.canons.es\/wp-content\/uploads\/2025\/04\/logo-canons-clinics.jpg\",\"contentUrl\":\"https:\/\/www.canons.es\/wp-content\/uploads\/2025\/04\/logo-canons-clinics.jpg\",\"width\":600,\"height\":139,\"caption\":\"Cirug\u00eda Pl\u00e1stica y Est\u00e9tica Barcelona y Granollers | C\u00e0nons Clinics\"},\"image\":{\"@id\":\"https:\/\/www.canons.es\/#\/schema\/logo\/image\/\"},\"sameAs\":[\"https:\/\/www.facebook.com\/canonsclinics\/\",\"https:\/\/x.com\/canonsclinics\",\"https:\/\/www.instagram.com\/canonsclinics\/\",\"https:\/\/www.youtube.com\/channel\/UCI1Ia6LjALyo1CuQ0_HwtfQ\",\"https:\/\/www.linkedin.com\/company\/canons-clinics\/\"]}]}<\/script>\n<!-- \/ Yoast SEO Premium plugin. -->","yoast_head_json":{"title":"Ter\u00e0pia amb Plasma ric en factors de creixement - Cl\u00ednica C\u00e0nons | Cirurgia i Medicina Estetica a Barcelona, \u200b\u200bGranollers","robots":{"index":"index","follow":"follow","max-snippet":"max-snippet:-1","max-image-preview":"max-image-preview:large","max-video-preview":"max-video-preview:-1"},"canonical":"https:\/\/www.canons.es\/medicina-estetica-facial-2\/terapia-con-plasma-rico-en-factores-de-crecimiento\/","og_locale":"ca_ES","og_type":"article","og_title":"Ter\u00e0pia amb Plasma ric en factors de creixement","og_description":"[vc_row css_animation=&#8221;&#8221; row_type=&#8221;row&#8221; use_row_as_full_screen_section=&#8221;no&#8221; type=&#8221;full_width&#8221; angled_section=&#8221;no&#8221; text_align=&#8221;left&#8221; background_image_as_pattern=&#8221;without_pattern&#8221; background_color=&#8221;#f7f7f7&#8243; section_type=&#8221;full-width&#8221;][vc_column][vc_empty_space height=&#8221;20px&#8221;][vc_empty_space][vc_row_inner row_type=&#8221;row&#8221; type=&#8221;full_width&#8221; text_align=&#8221;left&#8221; css_animation=&#8221;&#8221;][vc_column_inner width=&#8221;1\/2&#8243;][vc_single_image image=&#8221;8719&#8243; img_size=&#8221;full&#8221; alignment=&#8221;center&#8221; qode_css_animation=&#8221;&#8221;][vc_empty_space height=&#8221;40px&#8221;][\/vc_column_inner][vc_column_inner width=&#8221;1\/2&#8243;][vc_column_text] A C\u00e0nons Clinics disposem d\u2019un nou i efica\u00e7 tractament de rejoveniment facial. Guanya elasticitat i lluminositat al \u00a0rostre amb aquest tractament de bellesa...","og_url":"https:\/\/www.canons.es\/medicina-estetica-facial-2\/terapia-con-plasma-rico-en-factores-de-crecimiento\/","og_site_name":"Cl\u00ednica C\u00e0nons | Cirurgia i Medicina Estetica a Barcelona, \u200b\u200bGranollers","article_publisher":"https:\/\/www.facebook.com\/canonsclinics\/","article_modified_time":"2020-01-29T08:50:02+00:00","twitter_card":"summary_large_image","twitter_site":"@canonsclinics","twitter_misc":{"Temps estimat de lectura":"4 minuts"},"schema":{"@context":"https:\/\/schema.org","@graph":[{"@type":"WebPage","@id":"https:\/\/www.canons.es\/medicina-estetica-facial-2\/terapia-con-plasma-rico-en-factores-de-crecimiento\/","url":"https:\/\/www.canons.es\/medicina-estetica-facial-2\/terapia-con-plasma-rico-en-factores-de-crecimiento\/","name":"Ter\u00e0pia amb Plasma ric en factors de creixement - Cl\u00ednica C\u00e0nons | Cirurgia i Medicina Estetica a Barcelona, \u200b\u200bGranollers","isPartOf":{"@id":"https:\/\/www.canons.es\/#website"},"datePublished":"2015-07-16T09:10:28+00:00","dateModified":"2020-01-29T08:50:02+00:00","breadcrumb":{"@id":"https:\/\/www.canons.es\/medicina-estetica-facial-2\/terapia-con-plasma-rico-en-factores-de-crecimiento\/#breadcrumb"},"inLanguage":"ca","potentialAction":[{"@type":"ReadAction","target":["https:\/\/www.canons.es\/medicina-estetica-facial-2\/terapia-con-plasma-rico-en-factores-de-crecimiento\/"]}]},{"@type":"BreadcrumbList","@id":"https:\/\/www.canons.es\/medicina-estetica-facial-2\/terapia-con-plasma-rico-en-factores-de-crecimiento\/#breadcrumb","itemListElement":[{"@type":"ListItem","position":1,"name":"Portada","item":"https:\/\/www.canons.es\/ca\/"},{"@type":"ListItem","position":2,"name":"MEDICINA EST\u00c8TICA FACIAL","item":"https:\/\/www.canons.es\/ca\/medicina-estetica-facial\/"},{"@type":"ListItem","position":3,"name":"Ter\u00e0pia amb Plasma ric en factors de creixement"}]},{"@type":"WebSite","@id":"https:\/\/www.canons.es\/#website","url":"https:\/\/www.canons.es\/","name":"Cirug\u00eda Pl\u00e1stica y Est\u00e9tica Barcelona y Granollers | C\u00e0nons Clinics","description":"","publisher":{"@id":"https:\/\/www.canons.es\/#organization"},"potentialAction":[{"@type":"SearchAction","target":{"@type":"EntryPoint","urlTemplate":"https:\/\/www.canons.es\/?s={search_term_string}"},"query-input":{"@type":"PropertyValueSpecification","valueRequired":true,"valueName":"search_term_string"}}],"inLanguage":"ca"},{"@type":"Organization","@id":"https:\/\/www.canons.es\/#organization","name":"Cirug\u00eda Pl\u00e1stica y Est\u00e9tica Barcelona y Granollers | C\u00e0nons Clinics","url":"https:\/\/www.canons.es\/","logo":{"@type":"ImageObject","inLanguage":"ca","@id":"https:\/\/www.canons.es\/#\/schema\/logo\/image\/","url":"https:\/\/www.canons.es\/wp-content\/uploads\/2025\/04\/logo-canons-clinics.jpg","contentUrl":"https:\/\/www.canons.es\/wp-content\/uploads\/2025\/04\/logo-canons-clinics.jpg","width":600,"height":139,"caption":"Cirug\u00eda Pl\u00e1stica y Est\u00e9tica Barcelona y Granollers | C\u00e0nons Clinics"},"image":{"@id":"https:\/\/www.canons.es\/#\/schema\/logo\/image\/"},"sameAs":["https:\/\/www.facebook.com\/canonsclinics\/","https:\/\/x.com\/canonsclinics","https:\/\/www.instagram.com\/canonsclinics\/","https:\/\/www.youtube.com\/channel\/UCI1Ia6LjALyo1CuQ0_HwtfQ","https:\/\/www.linkedin.com\/company\/canons-clinics\/"]}]}},"_links":{"self":[{"href":"https:\/\/www.canons.es\/ca\/wp-json\/wp\/v2\/pages\/9328","targetHints":{"allow":["GET"]}}],"collection":[{"href":"https:\/\/www.canons.es\/ca\/wp-json\/wp\/v2\/pages"}],"about":[{"href":"https:\/\/www.canons.es\/ca\/wp-json\/wp\/v2\/types\/page"}],"author":[{"embeddable":true,"href":"https:\/\/www.canons.es\/ca\/wp-json\/wp\/v2\/users\/25"}],"replies":[{"embeddable":true,"href":"https:\/\/www.canons.es\/ca\/wp-json\/wp\/v2\/comments?post=9328"}],"version-history":[{"count":0,"href":"https:\/\/www.canons.es\/ca\/wp-json\/wp\/v2\/pages\/9328\/revisions"}],"up":[{"embeddable":true,"href":"https:\/\/www.canons.es\/ca\/wp-json\/wp\/v2\/pages\/9094"}],"wp:attachment":[{"href":"https:\/\/www.canons.es\/ca\/wp-json\/wp\/v2\/media?parent=9328"}],"curies":[{"name":"wp","href":"https:\/\/api.w.org\/{rel}","templated":true}]}}