{"id":9300,"date":"2015-07-15T13:18:16","date_gmt":"2015-07-15T13:18:16","guid":{"rendered":"https:\/\/www.canons.es\/ca\/biorejuvenecimiento-con-mesolifting-facial\/"},"modified":"2019-10-03T11:15:04","modified_gmt":"2019-10-03T11:15:04","slug":"biorejuvenecimiento-con-mesolifting-facial","status":"publish","type":"page","link":"https:\/\/www.canons.es\/ca\/biorejuvenecimiento-con-mesolifting-facial\/","title":{"rendered":"Biorejoveniment amb Mesol\u00edfting Facial"},"content":{"rendered":"<div class=\"wpb-content-wrapper\"><p>[vc_row css_animation=&#8221;&#8221; row_type=&#8221;row&#8221; use_row_as_full_screen_section=&#8221;no&#8221; type=&#8221;full_width&#8221; angled_section=&#8221;no&#8221; text_align=&#8221;left&#8221; background_image_as_pattern=&#8221;without_pattern&#8221; background_color=&#8221;#f7f7f7&#8243; section_type=&#8221;full-width&#8221;][vc_column][vc_empty_space height=&#8221;20px&#8221;]<div class=\"custom_font_holder\" style=\"font-family: Raleway; font-size: 35px; line-height: 26px; font-style: normal; font-weight: 300; color: #1e70b3; text-decoration: none; text-align: left;\">BIOREJOVENIMENT AMB MESOL\u00cdFTING FACIAL<\/div>[vc_empty_space height=&#8221;40px&#8221;][vc_row_inner row_type=&#8221;row&#8221; type=&#8221;full_width&#8221; text_align=&#8221;left&#8221; css_animation=&#8221;&#8221;][vc_column_inner width=&#8221;1\/2&#8243;][vc_single_image image=&#8221;8708&#8243; img_size=&#8221;full&#8221; alignment=&#8221;center&#8221; qode_css_animation=&#8221;&#8221;][vc_empty_space height=&#8221;40px&#8221;][\/vc_column_inner][vc_column_inner width=&#8221;1\/2&#8243;][vc_column_text]<\/p>\n<div id=\"stcpDiv\" style=\"text-align: justify;\">A C\u00e0nons Clinics\u00a0disposem d\u2019una nova t\u00e8cnica de revitalitzaci\u00f3 cut\u00e0nia: un <strong>estudiat protocol pel biorejoveniment i biorevitalizaci\u00f3 dels teixits.<\/strong> Aquesta t\u00e8cnica, anomenada mesolifting, \u00e9s <strong>especialment indicada per cara, coll i escot<\/strong>.<\/div>\n<p>[\/vc_column_text][\/vc_column_inner][\/vc_row_inner][\/vc_column][\/vc_row][vc_row css_animation=&#8221;&#8221; row_type=&#8221;row&#8221; use_row_as_full_screen_section=&#8221;no&#8221; type=&#8221;full_width&#8221; angled_section=&#8221;no&#8221; text_align=&#8221;left&#8221; background_image_as_pattern=&#8221;without_pattern&#8221; section_type=&#8221;full-width&#8221;][vc_column][vc_empty_space][vc_accordion style=&#8221;accordion&#8221;][vc_accordion_tab title=&#8221;En qu\u00e8 consisteix el Mesol\u00edfting Facial?&#8221;][vc_column_text]<\/p>\n<div id=\"stcpDiv\" style=\"text-align: justify;\">Es tracta d\u2019un conjunt de noves t\u00e8cniques medico-est\u00e8tiques que aconsegueixen <span style=\"color: #6d98dc;\"><strong>rejovenir la zona tractada mitjan\u00e7ant l\u2019aplicaci\u00f3 de s\u00e8rums de nutrici\u00f3, vitamines, antioxidants, oligoelements o \u00e0cid hialur\u00f2nic<\/strong><\/span>.<\/div>\n<div style=\"text-align: justify;\">L\u2019objectiu d\u2019aquesta ter\u00e0pia \u00e9s tractar en profunditat tots les capes de la pell (la hipodermis, la dermis i l\u2019epidermis).<\/div>\n<div style=\"text-align: justify;\">L\u2019efecte s\u2019aconsegueix a trav\u00e9s de petits est\u00edmuls a l\u2019epidermis que afavoreixen les reaccions biol\u00f2giques i propicien el rejuveniment, la lluminositat i la compactaci\u00f3 dels teixits.<\/div>\n<p>[\/vc_column_text][\/vc_accordion_tab][vc_accordion_tab title=&#8221;Quins beneficis obtindr\u00e0s en realitzar-te un Mesol\u00edfting Facial?&#8221;][vc_column_text]<\/p>\n<div id=\"stcpDiv\">\u2022 Remodelar el rostre de forma natural.<\/div>\n<div>\u2022 <span style=\"color: #6d98dc;\"><strong>Eliminar les petites arrugues<\/strong><\/span> facials.<\/div>\n<div>\u2022 <span style=\"color: #6d98dc;\"><strong>Prevenir la flacidesa<\/strong><\/span>.<\/div>\n<div>\u2022 <span style=\"color: #6d98dc;\"><strong>Proporcionar lluminositat<\/strong><\/span> i homogene\u00eftat a la pell.<\/div>\n<div>\u2022 <span style=\"color: #6d98dc;\"><strong>Hidratar les capes m\u00e9s profundes<\/strong><\/span> de la pell.<\/div>\n<p>[\/vc_column_text][\/vc_accordion_tab][vc_accordion_tab title=&#8221;En quins casos est\u00e0 indicat el Mesol\u00edfting Facial?&#8221;][vc_column_text]<\/p>\n<div id=\"stcpDiv\">\u00c9s el tractament ideal per a persones que aspiren a renovar i valorizar el seu aspecte sense exagerar la seva aparen\u00e7a i que desitgen a m\u00e9s, una <span style=\"color: #6d98dc;\"><strong>tonificaci\u00f3 general de la zona tractada<\/strong><\/span>.<\/div>\n<div>Es pot aplicar <span style=\"color: #6d98dc;\"><strong>tant en dones com en homes<\/strong><\/span> de totes les edats tant per a joves, com a prevenci\u00f3, o en edats m\u00e9s madures, per tractar els signes de l\u2019envelliment.<\/div>\n<p>[\/vc_column_text][\/vc_accordion_tab][vc_accordion_tab title=&#8221;Com s\u2019aplica el Mesol\u00edfting Facial?&#8221;][vc_column_text]<\/p>\n<div id=\"stcpDiv\">\n<p style=\"text-align: justify;\">Aquest tractament de medicina est\u00e8tica s\u2019aplica per via intrad\u00e8rmica. S\u2019utilitza un equip especial compost per una miocroagulla molt fina que permet <span style=\"color: #6d98dc;\"><strong>introduir el contingut dels s\u00e8rums nutrients en les capes espec\u00edfiques de la pell<\/strong><\/span> per aconseguir un efecte preventiu <i>antiaging<\/i>.<\/p>\n<p style=\"text-align: justify;\">L\u2019aplicaci\u00f3 del producte pot ser efectuada de diverses maneres:<\/p>\n<ul style=\"text-align: justify;\">\n<li>Pot ser <span style=\"color: #6d98dc;\"><strong>microinjectable directament en cada arruga<\/strong><\/span>. S\u2019efectuar\u00e0 un efecte d\u2019est\u00edmul que l\u2019esborrar\u00e0 gradualment. En aquest cas, podem treballar en tot el rostre, coll i escot, distribuint-ho en diverses parts amb simetria.<\/li>\n<li>\u00a0<span style=\"color: #6d98dc;\"><strong>S\u2019aplica en punts espec\u00edfics d\u2019acupuntura<\/strong><\/span>, com tamb\u00e9 podem realitzar petites p\u00e0pules d\u00e8rmiques a qualsevol zona del rostre.<\/li>\n<\/ul>\n<p style=\"text-align: justify;\">L\u2019aplicaci\u00f3 m\u00e9s completa seria realitzant una mescla de totes aquestes t\u00e8cniques que ens portaria a aconseguir uns resultats excel\u00b7lents amb poques sessions.<\/p>\n<\/div>\n<p>[\/vc_column_text][\/vc_accordion_tab][vc_accordion_tab title=&#8221;Quin \u00e9s el protocol a seguir?&#8221;][vc_column_text]<\/p>\n<div id=\"stcpDiv\">El tractament de bellesa complet implica un <span style=\"color: #6d98dc;\"><strong>cicle de 3 a 5 sessions amb una freq\u00fc\u00e8ncia quinzenal o mensual<\/strong><\/span>, recordant sempre que el nombre d\u2019aplicacions dependr\u00e0 de les condicions del pacient.<\/div>\n<div><\/div>\n<div>Completada la fase inicial o tractament de xoc, \u00e9s <span style=\"color: #6d98dc;\"><strong>necessari realitzar un manteniment<\/strong><\/span> amb una freq\u00fc\u00e8ncia d\u2019una sessi\u00f3 mensual en els pacients m\u00e9s necessitats. En casos menys exigents \u00e9s suficient una sessi\u00f3 cada dos mesos.<\/div>\n<p>[\/vc_column_text][\/vc_accordion_tab][vc_accordion_tab title=&#8221;\u00c9s compatible amb les meves activitats quotidianes?&#8221;][vc_column_text]<\/p>\n<div id=\"stcpDiv\" style=\"text-align: justify;\">Podr\u00e0s <span style=\"color: #6d98dc;\"><strong>realitzar totes les teves activitats de la vida di\u00e0ria de seguida<\/strong><\/span> i amb total normalitat. Quan acabis el tractament, si ho desitges, et maquillarem sense que es noti res.<\/div>\n<p>[\/vc_column_text][\/vc_accordion_tab][vc_accordion_tab title=&#8221;\u00c9s un tractament segur?&#8221;][vc_column_text]<\/p>\n<div id=\"stcpDiv\" style=\"text-align: justify;\">A C\u00e0nons Clinics, centres especialitzats en cirurgia i medicina est\u00e8tica a Barcelona, Granollers i Reus, utilitzem <span style=\"color: #6d98dc;\"><strong>productes biofermentats, d\u2019origen no animal i completament biodegradables<\/strong><\/span> amb la finalitat de minimitzar el risc d\u2019al\u00b7l\u00e8rgia. Per tant, no es requereix cap test preliminar de biocompatibilidad.<\/div>\n<p>[\/vc_column_text][\/vc_accordion_tab][\/vc_accordion][\/vc_column][\/vc_row]<\/p>\n<\/div><!-- AddThis Advanced Settings generic via filter on the_content --><!-- AddThis Share Buttons generic via filter on the_content -->","protected":false},"excerpt":{"rendered":"<p>[vc_row css_animation=&#8221;&#8221; row_type=&#8221;row&#8221; use_row_as_full_screen_section=&#8221;no&#8221; type=&#8221;full_width&#8221; angled_section=&#8221;no&#8221; text_align=&#8221;left&#8221; background_image_as_pattern=&#8221;without_pattern&#8221; background_color=&#8221;#f7f7f7&#8243; section_type=&#8221;full-width&#8221;][vc_column][vc_empty_space height=&#8221;20px&#8221;][vc_empty_space height=&#8221;40px&#8221;][vc_row_inner row_type=&#8221;row&#8221; type=&#8221;full_width&#8221; text_align=&#8221;left&#8221; css_animation=&#8221;&#8221;][vc_column_inner width=&#8221;1\/2&#8243;][vc_single_image image=&#8221;8708&#8243; img_size=&#8221;full&#8221; alignment=&#8221;center&#8221; qode_css_animation=&#8221;&#8221;][vc_empty_space height=&#8221;40px&#8221;][\/vc_column_inner][vc_column_inner width=&#8221;1\/2&#8243;][vc_column_text] A C\u00e0nons Clinics\u00a0disposem d\u2019una nova t\u00e8cnica de revitalitzaci\u00f3 cut\u00e0nia: un estudiat protocol pel biorejoveniment i biorevitalizaci\u00f3 dels teixits. Aquesta t\u00e8cnica, anomenada mesolifting,&#8230;<!-- AddThis Advanced Settings generic via filter on get_the_excerpt --><!-- AddThis Share Buttons generic via filter on get_the_excerpt --><\/p>\n","protected":false},"author":25,"featured_media":0,"parent":0,"menu_order":0,"comment_status":"open","ping_status":"open","template":"","meta":{"footnotes":""},"class_list":["post-9300","page","type-page","status-publish","hentry"],"yoast_head":"<!-- This site is optimized with the Yoast SEO Premium plugin v26.9 (Yoast SEO v27.4) - https:\/\/yoast.com\/product\/yoast-seo-premium-wordpress\/ -->\n<title>Biorejoveniment amb Mesol\u00edfting Facial - Cl\u00ednica C\u00e0nons | Cirurgia i Medicina Estetica a Barcelona, \u200b\u200bGranollers<\/title>\n<meta name=\"robots\" content=\"index, follow, max-snippet:-1, max-image-preview:large, max-video-preview:-1\" \/>\n<link rel=\"canonical\" href=\"https:\/\/www.canons.es\/biorejuvenecimiento-con-mesolifting-facial\/\" \/>\n<meta property=\"og:locale\" content=\"ca_ES\" \/>\n<meta property=\"og:type\" content=\"article\" \/>\n<meta property=\"og:title\" content=\"Biorejoveniment amb Mesol\u00edfting Facial\" \/>\n<meta property=\"og:description\" content=\"[vc_row css_animation=&#8221;&#8221; row_type=&#8221;row&#8221; use_row_as_full_screen_section=&#8221;no&#8221; type=&#8221;full_width&#8221; angled_section=&#8221;no&#8221; text_align=&#8221;left&#8221; background_image_as_pattern=&#8221;without_pattern&#8221; background_color=&#8221;#f7f7f7&#8243; section_type=&#8221;full-width&#8221;][vc_column][vc_empty_space height=&#8221;20px&#8221;][vc_empty_space height=&#8221;40px&#8221;][vc_row_inner row_type=&#8221;row&#8221; type=&#8221;full_width&#8221; text_align=&#8221;left&#8221; css_animation=&#8221;&#8221;][vc_column_inner width=&#8221;1\/2&#8243;][vc_single_image image=&#8221;8708&#8243; img_size=&#8221;full&#8221; alignment=&#8221;center&#8221; qode_css_animation=&#8221;&#8221;][vc_empty_space height=&#8221;40px&#8221;][\/vc_column_inner][vc_column_inner width=&#8221;1\/2&#8243;][vc_column_text] A C\u00e0nons Clinics\u00a0disposem d\u2019una nova t\u00e8cnica de revitalitzaci\u00f3 cut\u00e0nia: un estudiat protocol pel biorejoveniment i biorevitalizaci\u00f3 dels teixits. Aquesta t\u00e8cnica, anomenada mesolifting,...\" \/>\n<meta property=\"og:url\" content=\"https:\/\/www.canons.es\/biorejuvenecimiento-con-mesolifting-facial\/\" \/>\n<meta property=\"og:site_name\" content=\"Cl\u00ednica C\u00e0nons | Cirurgia i Medicina Estetica a Barcelona, \u200b\u200bGranollers\" \/>\n<meta property=\"article:publisher\" content=\"https:\/\/www.facebook.com\/canonsclinics\/\" \/>\n<meta property=\"article:modified_time\" content=\"2019-10-03T11:15:04+00:00\" \/>\n<meta name=\"twitter:card\" content=\"summary_large_image\" \/>\n<meta name=\"twitter:site\" content=\"@canonsclinics\" \/>\n<meta name=\"twitter:label1\" content=\"Temps estimat de lectura\" \/>\n\t<meta name=\"twitter:data1\" content=\"4 minuts\" \/>\n<script type=\"application\/ld+json\" class=\"yoast-schema-graph\">{\"@context\":\"https:\\\/\\\/schema.org\",\"@graph\":[{\"@type\":\"WebPage\",\"@id\":\"https:\\\/\\\/www.canons.es\\\/biorejuvenecimiento-con-mesolifting-facial\\\/\",\"url\":\"https:\\\/\\\/www.canons.es\\\/biorejuvenecimiento-con-mesolifting-facial\\\/\",\"name\":\"Biorejoveniment amb Mesol\u00edfting Facial - Cl\u00ednica C\u00e0nons | Cirurgia i Medicina Estetica a Barcelona, \u200b\u200bGranollers\",\"isPartOf\":{\"@id\":\"https:\\\/\\\/www.canons.es\\\/#website\"},\"datePublished\":\"2015-07-15T13:18:16+00:00\",\"dateModified\":\"2019-10-03T11:15:04+00:00\",\"breadcrumb\":{\"@id\":\"https:\\\/\\\/www.canons.es\\\/biorejuvenecimiento-con-mesolifting-facial\\\/#breadcrumb\"},\"inLanguage\":\"ca\",\"potentialAction\":[{\"@type\":\"ReadAction\",\"target\":[\"https:\\\/\\\/www.canons.es\\\/biorejuvenecimiento-con-mesolifting-facial\\\/\"]}]},{\"@type\":\"BreadcrumbList\",\"@id\":\"https:\\\/\\\/www.canons.es\\\/biorejuvenecimiento-con-mesolifting-facial\\\/#breadcrumb\",\"itemListElement\":[{\"@type\":\"ListItem\",\"position\":1,\"name\":\"Portada\",\"item\":\"https:\\\/\\\/www.canons.es\\\/ca\\\/\"},{\"@type\":\"ListItem\",\"position\":2,\"name\":\"Biorejoveniment amb Mesol\u00edfting Facial\"}]},{\"@type\":\"WebSite\",\"@id\":\"https:\\\/\\\/www.canons.es\\\/#website\",\"url\":\"https:\\\/\\\/www.canons.es\\\/\",\"name\":\"Cirug\u00eda Pl\u00e1stica y Est\u00e9tica Barcelona y Granollers | C\u00e0nons Clinics\",\"description\":\"\",\"publisher\":{\"@id\":\"https:\\\/\\\/www.canons.es\\\/#organization\"},\"potentialAction\":[{\"@type\":\"SearchAction\",\"target\":{\"@type\":\"EntryPoint\",\"urlTemplate\":\"https:\\\/\\\/www.canons.es\\\/?s={search_term_string}\"},\"query-input\":{\"@type\":\"PropertyValueSpecification\",\"valueRequired\":true,\"valueName\":\"search_term_string\"}}],\"inLanguage\":\"ca\"},{\"@type\":\"Organization\",\"@id\":\"https:\\\/\\\/www.canons.es\\\/#organization\",\"name\":\"Cirug\u00eda Pl\u00e1stica y Est\u00e9tica Barcelona y Granollers | C\u00e0nons Clinics\",\"url\":\"https:\\\/\\\/www.canons.es\\\/\",\"logo\":{\"@type\":\"ImageObject\",\"inLanguage\":\"ca\",\"@id\":\"https:\\\/\\\/www.canons.es\\\/#\\\/schema\\\/logo\\\/image\\\/\",\"url\":\"https:\\\/\\\/www.canons.es\\\/wp-content\\\/uploads\\\/2025\\\/04\\\/logo-canons-clinics.jpg\",\"contentUrl\":\"https:\\\/\\\/www.canons.es\\\/wp-content\\\/uploads\\\/2025\\\/04\\\/logo-canons-clinics.jpg\",\"width\":600,\"height\":139,\"caption\":\"Cirug\u00eda Pl\u00e1stica y Est\u00e9tica Barcelona y Granollers | C\u00e0nons Clinics\"},\"image\":{\"@id\":\"https:\\\/\\\/www.canons.es\\\/#\\\/schema\\\/logo\\\/image\\\/\"},\"sameAs\":[\"https:\\\/\\\/www.facebook.com\\\/canonsclinics\\\/\",\"https:\\\/\\\/x.com\\\/canonsclinics\",\"https:\\\/\\\/www.instagram.com\\\/canonsclinics\\\/\",\"https:\\\/\\\/www.youtube.com\\\/channel\\\/UCI1Ia6LjALyo1CuQ0_HwtfQ\",\"https:\\\/\\\/www.linkedin.com\\\/company\\\/canons-clinics\\\/\"]}]}<\/script>\n<!-- \/ Yoast SEO Premium plugin. -->","yoast_head_json":{"title":"Biorejoveniment amb Mesol\u00edfting Facial - Cl\u00ednica C\u00e0nons | Cirurgia i Medicina Estetica a Barcelona, \u200b\u200bGranollers","robots":{"index":"index","follow":"follow","max-snippet":"max-snippet:-1","max-image-preview":"max-image-preview:large","max-video-preview":"max-video-preview:-1"},"canonical":"https:\/\/www.canons.es\/biorejuvenecimiento-con-mesolifting-facial\/","og_locale":"ca_ES","og_type":"article","og_title":"Biorejoveniment amb Mesol\u00edfting Facial","og_description":"[vc_row css_animation=&#8221;&#8221; row_type=&#8221;row&#8221; use_row_as_full_screen_section=&#8221;no&#8221; type=&#8221;full_width&#8221; angled_section=&#8221;no&#8221; text_align=&#8221;left&#8221; background_image_as_pattern=&#8221;without_pattern&#8221; background_color=&#8221;#f7f7f7&#8243; section_type=&#8221;full-width&#8221;][vc_column][vc_empty_space height=&#8221;20px&#8221;][vc_empty_space height=&#8221;40px&#8221;][vc_row_inner row_type=&#8221;row&#8221; type=&#8221;full_width&#8221; text_align=&#8221;left&#8221; css_animation=&#8221;&#8221;][vc_column_inner width=&#8221;1\/2&#8243;][vc_single_image image=&#8221;8708&#8243; img_size=&#8221;full&#8221; alignment=&#8221;center&#8221; qode_css_animation=&#8221;&#8221;][vc_empty_space height=&#8221;40px&#8221;][\/vc_column_inner][vc_column_inner width=&#8221;1\/2&#8243;][vc_column_text] A C\u00e0nons Clinics\u00a0disposem d\u2019una nova t\u00e8cnica de revitalitzaci\u00f3 cut\u00e0nia: un estudiat protocol pel biorejoveniment i biorevitalizaci\u00f3 dels teixits. Aquesta t\u00e8cnica, anomenada mesolifting,...","og_url":"https:\/\/www.canons.es\/biorejuvenecimiento-con-mesolifting-facial\/","og_site_name":"Cl\u00ednica C\u00e0nons | Cirurgia i Medicina Estetica a Barcelona, \u200b\u200bGranollers","article_publisher":"https:\/\/www.facebook.com\/canonsclinics\/","article_modified_time":"2019-10-03T11:15:04+00:00","twitter_card":"summary_large_image","twitter_site":"@canonsclinics","twitter_misc":{"Temps estimat de lectura":"4 minuts"},"schema":{"@context":"https:\/\/schema.org","@graph":[{"@type":"WebPage","@id":"https:\/\/www.canons.es\/biorejuvenecimiento-con-mesolifting-facial\/","url":"https:\/\/www.canons.es\/biorejuvenecimiento-con-mesolifting-facial\/","name":"Biorejoveniment amb Mesol\u00edfting Facial - Cl\u00ednica C\u00e0nons | Cirurgia i Medicina Estetica a Barcelona, \u200b\u200bGranollers","isPartOf":{"@id":"https:\/\/www.canons.es\/#website"},"datePublished":"2015-07-15T13:18:16+00:00","dateModified":"2019-10-03T11:15:04+00:00","breadcrumb":{"@id":"https:\/\/www.canons.es\/biorejuvenecimiento-con-mesolifting-facial\/#breadcrumb"},"inLanguage":"ca","potentialAction":[{"@type":"ReadAction","target":["https:\/\/www.canons.es\/biorejuvenecimiento-con-mesolifting-facial\/"]}]},{"@type":"BreadcrumbList","@id":"https:\/\/www.canons.es\/biorejuvenecimiento-con-mesolifting-facial\/#breadcrumb","itemListElement":[{"@type":"ListItem","position":1,"name":"Portada","item":"https:\/\/www.canons.es\/ca\/"},{"@type":"ListItem","position":2,"name":"Biorejoveniment amb Mesol\u00edfting Facial"}]},{"@type":"WebSite","@id":"https:\/\/www.canons.es\/#website","url":"https:\/\/www.canons.es\/","name":"Cirug\u00eda Pl\u00e1stica y Est\u00e9tica Barcelona y Granollers | C\u00e0nons Clinics","description":"","publisher":{"@id":"https:\/\/www.canons.es\/#organization"},"potentialAction":[{"@type":"SearchAction","target":{"@type":"EntryPoint","urlTemplate":"https:\/\/www.canons.es\/?s={search_term_string}"},"query-input":{"@type":"PropertyValueSpecification","valueRequired":true,"valueName":"search_term_string"}}],"inLanguage":"ca"},{"@type":"Organization","@id":"https:\/\/www.canons.es\/#organization","name":"Cirug\u00eda Pl\u00e1stica y Est\u00e9tica Barcelona y Granollers | C\u00e0nons Clinics","url":"https:\/\/www.canons.es\/","logo":{"@type":"ImageObject","inLanguage":"ca","@id":"https:\/\/www.canons.es\/#\/schema\/logo\/image\/","url":"https:\/\/www.canons.es\/wp-content\/uploads\/2025\/04\/logo-canons-clinics.jpg","contentUrl":"https:\/\/www.canons.es\/wp-content\/uploads\/2025\/04\/logo-canons-clinics.jpg","width":600,"height":139,"caption":"Cirug\u00eda Pl\u00e1stica y Est\u00e9tica Barcelona y Granollers | C\u00e0nons Clinics"},"image":{"@id":"https:\/\/www.canons.es\/#\/schema\/logo\/image\/"},"sameAs":["https:\/\/www.facebook.com\/canonsclinics\/","https:\/\/x.com\/canonsclinics","https:\/\/www.instagram.com\/canonsclinics\/","https:\/\/www.youtube.com\/channel\/UCI1Ia6LjALyo1CuQ0_HwtfQ","https:\/\/www.linkedin.com\/company\/canons-clinics\/"]}]}},"_links":{"self":[{"href":"https:\/\/www.canons.es\/ca\/wp-json\/wp\/v2\/pages\/9300","targetHints":{"allow":["GET"]}}],"collection":[{"href":"https:\/\/www.canons.es\/ca\/wp-json\/wp\/v2\/pages"}],"about":[{"href":"https:\/\/www.canons.es\/ca\/wp-json\/wp\/v2\/types\/page"}],"author":[{"embeddable":true,"href":"https:\/\/www.canons.es\/ca\/wp-json\/wp\/v2\/users\/25"}],"replies":[{"embeddable":true,"href":"https:\/\/www.canons.es\/ca\/wp-json\/wp\/v2\/comments?post=9300"}],"version-history":[{"count":0,"href":"https:\/\/www.canons.es\/ca\/wp-json\/wp\/v2\/pages\/9300\/revisions"}],"wp:attachment":[{"href":"https:\/\/www.canons.es\/ca\/wp-json\/wp\/v2\/media?parent=9300"}],"curies":[{"name":"wp","href":"https:\/\/api.w.org\/{rel}","templated":true}]}}