{"id":9283,"date":"2015-07-15T11:25:43","date_gmt":"2015-07-15T11:25:43","guid":{"rendered":"https:\/\/www.canons.es\/ca\/hidratacion-con-mesoterapia-facial\/"},"modified":"2019-10-03T10:16:56","modified_gmt":"2019-10-03T10:16:56","slug":"hidratacio-amb-mesoterapia-facial","status":"publish","type":"page","link":"https:\/\/www.canons.es\/ca\/medicina-estetica-facial\/hidratacio-amb-mesoterapia-facial\/","title":{"rendered":"Hidrataci\u00f3 amb Mesoter\u00e0pia Facial"},"content":{"rendered":"<div class=\"wpb-content-wrapper\"><p>[vc_row css_animation=&#8221;&#8221; row_type=&#8221;row&#8221; use_row_as_full_screen_section=&#8221;no&#8221; type=&#8221;full_width&#8221; angled_section=&#8221;no&#8221; text_align=&#8221;left&#8221; background_image_as_pattern=&#8221;without_pattern&#8221; background_color=&#8221;#f7f7f7&#8243; section_type=&#8221;full-width&#8221;][vc_column][vc_empty_space height=&#8221;20px&#8221;]<div class=\"custom_font_holder\" style=\"font-family: Raleway; font-size: 35px; line-height: 26px; font-style: normal; font-weight: 300; color: #1e70b3; text-decoration: none; text-align: left;\">HIDRATACI\u00d3 AMB MESOTER\u00c0PIA FACIAL<\/div>[vc_empty_space height=&#8221;40px&#8221;][vc_row_inner row_type=&#8221;row&#8221; type=&#8221;full_width&#8221; text_align=&#8221;left&#8221; css_animation=&#8221;&#8221;][vc_column_inner width=&#8221;1\/2&#8243;][vc_single_image image=&#8221;8703&#8243; img_size=&#8221;full&#8221; alignment=&#8221;center&#8221; qode_css_animation=&#8221;&#8221;][vc_empty_space height=&#8221;40px&#8221;][\/vc_column_inner][vc_column_inner width=&#8221;1\/2&#8243;][vc_column_text]<\/p>\n<p style=\"text-align: justify;\">La Mesoter\u00e0pia Facial \u00e9s una t\u00e8cnica de multipunts <strong>amb \u00e0cid hialur\u00f2nic i multivitamines<\/strong>. D\u2019aquesta forma, estimulem aquelles parts m\u00e9s delicades com s\u00f3n la cara, el coll, les mans i l\u2019escot que, amb el pas del temps, perden elasticitat i lluminositat.<\/p>\n<p style=\"text-align: justify;\">Amb aquest tractament\u00a0<strong>afavorim la hidrataci\u00f3 i l&#8217;elasticitat de la nostra pell.<\/strong><\/p>\n<p>[\/vc_column_text][\/vc_column_inner][\/vc_row_inner][\/vc_column][\/vc_row][vc_row css_animation=&#8221;&#8221; row_type=&#8221;row&#8221; use_row_as_full_screen_section=&#8221;no&#8221; type=&#8221;full_width&#8221; angled_section=&#8221;no&#8221; text_align=&#8221;left&#8221; background_image_as_pattern=&#8221;without_pattern&#8221; section_type=&#8221;full-width&#8221;][vc_column][vc_empty_space][vc_accordion style=&#8221;accordion&#8221;][vc_accordion_tab title=&#8221;Quan ser\u00e0 aconsellable comen\u00e7ar amb els tractaments de Mesoter\u00e0pia Facial?&#8221;][vc_column_text]<\/p>\n<p style=\"text-align: justify;\">Comences a notar que la pell de la teva cara, coll, escot o dors de les mans comencen a ressecar-se, adquireix un aspecte apagat i perd la seva elasticitat i resplendor natural? Aquest \u00e9s el moment.<\/p>\n<p style=\"text-align: justify;\">La mesoter\u00e0pia millora els signes de l\u2019envelliment cutani preco\u00e7os i actuar\u00e0 <span style=\"color: #6d98dc;\"><strong>per parar l\u2019aparici\u00f3 d\u2019arrugues<\/strong><\/span>. D\u2019aquesta forma, la teva pell tornar\u00e0 a la seva elasticitat i lluminositat. Recomanem acompanyar la <strong><span style=\"color: #6d98dc;\">Mesoter\u00e0pia Facial<\/span><\/strong> amb altres tractaments de <strong><span style=\"color: #6d98dc;\">medicina est\u00e8tica facial<\/span><\/strong> per preparar la pell i aix\u00ed potenciar-ne els resultats.<\/p>\n<p>[\/vc_column_text][\/vc_accordion_tab][vc_accordion_tab title=&#8221;En qu\u00e8 consisteix la Mesoter\u00e0pia amb \u00e0cid hialur\u00f2nic i vitamines?&#8221;][vc_column_text]En primer lloc, desmaquillarem la part a tractar i, seguidament, aplicarem una potent crema anest\u00e8sica formulada especialment per als nostres <span style=\"color: #6d98dc;\"><strong>centres de medicina est\u00e8tica<\/strong><\/span> C\u00e0nons Clinics. Una vegada hagi fet efecte, procedirem a l&#8217;administraci\u00f3 superficial d&#8217;\u00e0cid hialur\u00f2nic i vitamines per via intrad\u00e8rmica mitjan\u00e7ant microinjeccions indolores. Si ho desitges, et maquillarem perqu\u00e8 puguis continuar amb les teves activitats di\u00e0ries de forma immediata.[\/vc_column_text][\/vc_accordion_tab][vc_accordion_tab title=&#8221;\u00c9s comptabile amb les activitats de la vida di\u00e0ria?&#8221;][vc_column_text]Podr\u00e0s reprendre totes les teves activitats quotidianes amb total normalitat, de seguida.[\/vc_column_text][\/vc_accordion_tab][vc_accordion_tab title=&#8221;Quin ser\u00e0 el protocol a seguir per Mesoter\u00e0pia Facial?&#8221;][vc_column_text]<\/p>\n<p style=\"text-align: justify;\">Des de la primera sessi\u00f3 comprovar\u00e0s clarament la millora a\u00a0la teva pell. No obstant aix\u00f2, per garantir uns resultats duradors, el teu metge especialista en <span style=\"color: #6d98dc;\">medicina est\u00e8tica<\/span> et recomana realitzar una primera fase de 3 sessions de <strong><span style=\"color: #6d98dc;\">Mesoter\u00e0pia Facial<\/span><\/strong> en un int\u00e8rval aproximat de 15 dies. La quarta sessi\u00f3 t\u00e9 lloc als 2 mesos de l\u2019inici del tractament. A continuaci\u00f3, les sessions aniran impartint-se normalment sobre una base semestral.<\/p>\n<p>[\/vc_column_text][\/vc_accordion_tab][vc_accordion_tab title=&#8221;Em permetr\u00e0 oblidar-me de les arruges?&#8221;][vc_column_text]<\/p>\n<p style=\"text-align: justify;\">La <span style=\"color: #6d98dc;\"><strong>Mesoter\u00e0pia Facial<\/strong><\/span> hidrata la dermis. Per aix\u00f2, aquesta hidrataci\u00f3 que farem al llarg de les sessions afavoreix el rejoveniment de la pell, fent desapar\u00e8ixer els plecs d\u2019aquesta. Amb tot, les arrugues ja molt marcades i els plecs profunds hauran de ser tractats si combinem la <strong><span style=\"color: #6d98dc;\">mesoter\u00e0pia<\/span><\/strong> amb altres<span style=\"color: #6d98dc;\"><strong> tractaments de bellesa facials<\/strong><\/span> que el teu metge especialista de C\u00e0nons Clinics et recomanar\u00e0.<\/p>\n<p>[\/vc_column_text][\/vc_accordion_tab][vc_accordion_tab title=&#8221;\u00c9s un tractament segur?&#8221;][vc_column_text]<\/p>\n<p style=\"text-align: justify;\">Per descomptat! A C\u00e0nons Clinics, <span style=\"color: #6d98dc;\"><strong>cl\u00edniques de cirurgia i medicina est\u00e8tica a Barcelona, Granollers i Reus<\/strong><\/span> nom\u00e9s treballem amb productes avalats per la Comunitat Europea, d\u2019origen no animal i completament biodegradables, amb la finalitat de minimitzar el risc a patir una al\u00b7l\u00e8rgia. Per tant, no es requereix cap test d\u2019al\u00b7l\u00e8rgia.<\/p>\n<p>[\/vc_column_text][\/vc_accordion_tab][\/vc_accordion][\/vc_column][\/vc_row]<\/p>\n<\/div><!-- AddThis Advanced Settings generic via filter on the_content --><!-- AddThis Share Buttons generic via filter on the_content -->","protected":false},"excerpt":{"rendered":"<p>[vc_row css_animation=&#8221;&#8221; row_type=&#8221;row&#8221; use_row_as_full_screen_section=&#8221;no&#8221; type=&#8221;full_width&#8221; angled_section=&#8221;no&#8221; text_align=&#8221;left&#8221; background_image_as_pattern=&#8221;without_pattern&#8221; background_color=&#8221;#f7f7f7&#8243; section_type=&#8221;full-width&#8221;][vc_column][vc_empty_space height=&#8221;20px&#8221;][vc_empty_space height=&#8221;40px&#8221;][vc_row_inner row_type=&#8221;row&#8221; type=&#8221;full_width&#8221; text_align=&#8221;left&#8221; css_animation=&#8221;&#8221;][vc_column_inner width=&#8221;1\/2&#8243;][vc_single_image image=&#8221;8703&#8243; img_size=&#8221;full&#8221; alignment=&#8221;center&#8221; qode_css_animation=&#8221;&#8221;][vc_empty_space height=&#8221;40px&#8221;][\/vc_column_inner][vc_column_inner width=&#8221;1\/2&#8243;][vc_column_text] La Mesoter\u00e0pia Facial \u00e9s una t\u00e8cnica de multipunts amb \u00e0cid hialur\u00f2nic i multivitamines. D\u2019aquesta forma, estimulem aquelles parts m\u00e9s delicades com s\u00f3n&#8230;<!-- AddThis Advanced Settings generic via filter on get_the_excerpt --><!-- AddThis Share Buttons generic via filter on get_the_excerpt --><\/p>\n","protected":false},"author":25,"featured_media":0,"parent":9094,"menu_order":0,"comment_status":"closed","ping_status":"closed","template":"","meta":{"footnotes":""},"class_list":["post-9283","page","type-page","status-publish","hentry"],"yoast_head":"<!-- This site is optimized with the Yoast SEO Premium plugin v26.9 (Yoast SEO v27.2) - https:\/\/yoast.com\/product\/yoast-seo-premium-wordpress\/ -->\n<title>Hidrataci\u00f3 amb Mesoter\u00e0pia Facial - Cl\u00ednica C\u00e0nons | Cirurgia i Medicina Estetica a Barcelona, \u200b\u200bGranollers<\/title>\n<meta name=\"robots\" content=\"index, follow, max-snippet:-1, max-image-preview:large, max-video-preview:-1\" \/>\n<link rel=\"canonical\" href=\"https:\/\/www.canons.es\/medicina-estetica-facial-2\/hidratacion-con-mesoterapia-facial\/\" \/>\n<meta property=\"og:locale\" content=\"ca_ES\" \/>\n<meta property=\"og:type\" content=\"article\" \/>\n<meta property=\"og:title\" content=\"Hidrataci\u00f3 amb Mesoter\u00e0pia Facial\" \/>\n<meta property=\"og:description\" content=\"[vc_row css_animation=&#8221;&#8221; row_type=&#8221;row&#8221; use_row_as_full_screen_section=&#8221;no&#8221; type=&#8221;full_width&#8221; angled_section=&#8221;no&#8221; text_align=&#8221;left&#8221; background_image_as_pattern=&#8221;without_pattern&#8221; background_color=&#8221;#f7f7f7&#8243; section_type=&#8221;full-width&#8221;][vc_column][vc_empty_space height=&#8221;20px&#8221;][vc_empty_space height=&#8221;40px&#8221;][vc_row_inner row_type=&#8221;row&#8221; type=&#8221;full_width&#8221; text_align=&#8221;left&#8221; css_animation=&#8221;&#8221;][vc_column_inner width=&#8221;1\/2&#8243;][vc_single_image image=&#8221;8703&#8243; img_size=&#8221;full&#8221; alignment=&#8221;center&#8221; qode_css_animation=&#8221;&#8221;][vc_empty_space height=&#8221;40px&#8221;][\/vc_column_inner][vc_column_inner width=&#8221;1\/2&#8243;][vc_column_text] La Mesoter\u00e0pia Facial \u00e9s una t\u00e8cnica de multipunts amb \u00e0cid hialur\u00f2nic i multivitamines. D\u2019aquesta forma, estimulem aquelles parts m\u00e9s delicades com s\u00f3n...\" \/>\n<meta property=\"og:url\" content=\"https:\/\/www.canons.es\/medicina-estetica-facial-2\/hidratacion-con-mesoterapia-facial\/\" \/>\n<meta property=\"og:site_name\" content=\"Cl\u00ednica C\u00e0nons | Cirurgia i Medicina Estetica a Barcelona, \u200b\u200bGranollers\" \/>\n<meta property=\"article:publisher\" content=\"https:\/\/www.facebook.com\/canonsclinics\/\" \/>\n<meta property=\"article:modified_time\" content=\"2019-10-03T10:16:56+00:00\" \/>\n<meta name=\"twitter:card\" content=\"summary_large_image\" \/>\n<meta name=\"twitter:site\" content=\"@canonsclinics\" \/>\n<meta name=\"twitter:label1\" content=\"Temps estimat de lectura\" \/>\n\t<meta name=\"twitter:data1\" content=\"4 minuts\" \/>\n<script type=\"application\/ld+json\" class=\"yoast-schema-graph\">{\"@context\":\"https:\/\/schema.org\",\"@graph\":[{\"@type\":\"WebPage\",\"@id\":\"https:\/\/www.canons.es\/medicina-estetica-facial-2\/hidratacion-con-mesoterapia-facial\/\",\"url\":\"https:\/\/www.canons.es\/medicina-estetica-facial-2\/hidratacion-con-mesoterapia-facial\/\",\"name\":\"Hidrataci\u00f3 amb Mesoter\u00e0pia Facial - Cl\u00ednica C\u00e0nons | Cirurgia i Medicina Estetica a Barcelona, \u200b\u200bGranollers\",\"isPartOf\":{\"@id\":\"https:\/\/www.canons.es\/#website\"},\"datePublished\":\"2015-07-15T11:25:43+00:00\",\"dateModified\":\"2019-10-03T10:16:56+00:00\",\"breadcrumb\":{\"@id\":\"https:\/\/www.canons.es\/medicina-estetica-facial-2\/hidratacion-con-mesoterapia-facial\/#breadcrumb\"},\"inLanguage\":\"ca\",\"potentialAction\":[{\"@type\":\"ReadAction\",\"target\":[\"https:\/\/www.canons.es\/medicina-estetica-facial-2\/hidratacion-con-mesoterapia-facial\/\"]}]},{\"@type\":\"BreadcrumbList\",\"@id\":\"https:\/\/www.canons.es\/medicina-estetica-facial-2\/hidratacion-con-mesoterapia-facial\/#breadcrumb\",\"itemListElement\":[{\"@type\":\"ListItem\",\"position\":1,\"name\":\"Portada\",\"item\":\"https:\/\/www.canons.es\/ca\/\"},{\"@type\":\"ListItem\",\"position\":2,\"name\":\"MEDICINA EST\u00c8TICA FACIAL\",\"item\":\"https:\/\/www.canons.es\/ca\/medicina-estetica-facial\/\"},{\"@type\":\"ListItem\",\"position\":3,\"name\":\"Hidrataci\u00f3 amb Mesoter\u00e0pia Facial\"}]},{\"@type\":\"WebSite\",\"@id\":\"https:\/\/www.canons.es\/#website\",\"url\":\"https:\/\/www.canons.es\/\",\"name\":\"Cirug\u00eda Pl\u00e1stica y Est\u00e9tica Barcelona y Granollers | C\u00e0nons Clinics\",\"description\":\"\",\"publisher\":{\"@id\":\"https:\/\/www.canons.es\/#organization\"},\"potentialAction\":[{\"@type\":\"SearchAction\",\"target\":{\"@type\":\"EntryPoint\",\"urlTemplate\":\"https:\/\/www.canons.es\/?s={search_term_string}\"},\"query-input\":{\"@type\":\"PropertyValueSpecification\",\"valueRequired\":true,\"valueName\":\"search_term_string\"}}],\"inLanguage\":\"ca\"},{\"@type\":\"Organization\",\"@id\":\"https:\/\/www.canons.es\/#organization\",\"name\":\"Cirug\u00eda Pl\u00e1stica y Est\u00e9tica Barcelona y Granollers | C\u00e0nons Clinics\",\"url\":\"https:\/\/www.canons.es\/\",\"logo\":{\"@type\":\"ImageObject\",\"inLanguage\":\"ca\",\"@id\":\"https:\/\/www.canons.es\/#\/schema\/logo\/image\/\",\"url\":\"https:\/\/www.canons.es\/wp-content\/uploads\/2025\/04\/logo-canons-clinics.jpg\",\"contentUrl\":\"https:\/\/www.canons.es\/wp-content\/uploads\/2025\/04\/logo-canons-clinics.jpg\",\"width\":600,\"height\":139,\"caption\":\"Cirug\u00eda Pl\u00e1stica y Est\u00e9tica Barcelona y Granollers | C\u00e0nons Clinics\"},\"image\":{\"@id\":\"https:\/\/www.canons.es\/#\/schema\/logo\/image\/\"},\"sameAs\":[\"https:\/\/www.facebook.com\/canonsclinics\/\",\"https:\/\/x.com\/canonsclinics\",\"https:\/\/www.instagram.com\/canonsclinics\/\",\"https:\/\/www.youtube.com\/channel\/UCI1Ia6LjALyo1CuQ0_HwtfQ\",\"https:\/\/www.linkedin.com\/company\/canons-clinics\/\"]}]}<\/script>\n<!-- \/ Yoast SEO Premium plugin. -->","yoast_head_json":{"title":"Hidrataci\u00f3 amb Mesoter\u00e0pia Facial - Cl\u00ednica C\u00e0nons | Cirurgia i Medicina Estetica a Barcelona, \u200b\u200bGranollers","robots":{"index":"index","follow":"follow","max-snippet":"max-snippet:-1","max-image-preview":"max-image-preview:large","max-video-preview":"max-video-preview:-1"},"canonical":"https:\/\/www.canons.es\/medicina-estetica-facial-2\/hidratacion-con-mesoterapia-facial\/","og_locale":"ca_ES","og_type":"article","og_title":"Hidrataci\u00f3 amb Mesoter\u00e0pia Facial","og_description":"[vc_row css_animation=&#8221;&#8221; row_type=&#8221;row&#8221; use_row_as_full_screen_section=&#8221;no&#8221; type=&#8221;full_width&#8221; angled_section=&#8221;no&#8221; text_align=&#8221;left&#8221; background_image_as_pattern=&#8221;without_pattern&#8221; background_color=&#8221;#f7f7f7&#8243; section_type=&#8221;full-width&#8221;][vc_column][vc_empty_space height=&#8221;20px&#8221;][vc_empty_space height=&#8221;40px&#8221;][vc_row_inner row_type=&#8221;row&#8221; type=&#8221;full_width&#8221; text_align=&#8221;left&#8221; css_animation=&#8221;&#8221;][vc_column_inner width=&#8221;1\/2&#8243;][vc_single_image image=&#8221;8703&#8243; img_size=&#8221;full&#8221; alignment=&#8221;center&#8221; qode_css_animation=&#8221;&#8221;][vc_empty_space height=&#8221;40px&#8221;][\/vc_column_inner][vc_column_inner width=&#8221;1\/2&#8243;][vc_column_text] La Mesoter\u00e0pia Facial \u00e9s una t\u00e8cnica de multipunts amb \u00e0cid hialur\u00f2nic i multivitamines. D\u2019aquesta forma, estimulem aquelles parts m\u00e9s delicades com s\u00f3n...","og_url":"https:\/\/www.canons.es\/medicina-estetica-facial-2\/hidratacion-con-mesoterapia-facial\/","og_site_name":"Cl\u00ednica C\u00e0nons | Cirurgia i Medicina Estetica a Barcelona, \u200b\u200bGranollers","article_publisher":"https:\/\/www.facebook.com\/canonsclinics\/","article_modified_time":"2019-10-03T10:16:56+00:00","twitter_card":"summary_large_image","twitter_site":"@canonsclinics","twitter_misc":{"Temps estimat de lectura":"4 minuts"},"schema":{"@context":"https:\/\/schema.org","@graph":[{"@type":"WebPage","@id":"https:\/\/www.canons.es\/medicina-estetica-facial-2\/hidratacion-con-mesoterapia-facial\/","url":"https:\/\/www.canons.es\/medicina-estetica-facial-2\/hidratacion-con-mesoterapia-facial\/","name":"Hidrataci\u00f3 amb Mesoter\u00e0pia Facial - Cl\u00ednica C\u00e0nons | Cirurgia i Medicina Estetica a Barcelona, \u200b\u200bGranollers","isPartOf":{"@id":"https:\/\/www.canons.es\/#website"},"datePublished":"2015-07-15T11:25:43+00:00","dateModified":"2019-10-03T10:16:56+00:00","breadcrumb":{"@id":"https:\/\/www.canons.es\/medicina-estetica-facial-2\/hidratacion-con-mesoterapia-facial\/#breadcrumb"},"inLanguage":"ca","potentialAction":[{"@type":"ReadAction","target":["https:\/\/www.canons.es\/medicina-estetica-facial-2\/hidratacion-con-mesoterapia-facial\/"]}]},{"@type":"BreadcrumbList","@id":"https:\/\/www.canons.es\/medicina-estetica-facial-2\/hidratacion-con-mesoterapia-facial\/#breadcrumb","itemListElement":[{"@type":"ListItem","position":1,"name":"Portada","item":"https:\/\/www.canons.es\/ca\/"},{"@type":"ListItem","position":2,"name":"MEDICINA EST\u00c8TICA FACIAL","item":"https:\/\/www.canons.es\/ca\/medicina-estetica-facial\/"},{"@type":"ListItem","position":3,"name":"Hidrataci\u00f3 amb Mesoter\u00e0pia Facial"}]},{"@type":"WebSite","@id":"https:\/\/www.canons.es\/#website","url":"https:\/\/www.canons.es\/","name":"Cirug\u00eda Pl\u00e1stica y Est\u00e9tica Barcelona y Granollers | C\u00e0nons Clinics","description":"","publisher":{"@id":"https:\/\/www.canons.es\/#organization"},"potentialAction":[{"@type":"SearchAction","target":{"@type":"EntryPoint","urlTemplate":"https:\/\/www.canons.es\/?s={search_term_string}"},"query-input":{"@type":"PropertyValueSpecification","valueRequired":true,"valueName":"search_term_string"}}],"inLanguage":"ca"},{"@type":"Organization","@id":"https:\/\/www.canons.es\/#organization","name":"Cirug\u00eda Pl\u00e1stica y Est\u00e9tica Barcelona y Granollers | C\u00e0nons Clinics","url":"https:\/\/www.canons.es\/","logo":{"@type":"ImageObject","inLanguage":"ca","@id":"https:\/\/www.canons.es\/#\/schema\/logo\/image\/","url":"https:\/\/www.canons.es\/wp-content\/uploads\/2025\/04\/logo-canons-clinics.jpg","contentUrl":"https:\/\/www.canons.es\/wp-content\/uploads\/2025\/04\/logo-canons-clinics.jpg","width":600,"height":139,"caption":"Cirug\u00eda Pl\u00e1stica y Est\u00e9tica Barcelona y Granollers | C\u00e0nons Clinics"},"image":{"@id":"https:\/\/www.canons.es\/#\/schema\/logo\/image\/"},"sameAs":["https:\/\/www.facebook.com\/canonsclinics\/","https:\/\/x.com\/canonsclinics","https:\/\/www.instagram.com\/canonsclinics\/","https:\/\/www.youtube.com\/channel\/UCI1Ia6LjALyo1CuQ0_HwtfQ","https:\/\/www.linkedin.com\/company\/canons-clinics\/"]}]}},"_links":{"self":[{"href":"https:\/\/www.canons.es\/ca\/wp-json\/wp\/v2\/pages\/9283","targetHints":{"allow":["GET"]}}],"collection":[{"href":"https:\/\/www.canons.es\/ca\/wp-json\/wp\/v2\/pages"}],"about":[{"href":"https:\/\/www.canons.es\/ca\/wp-json\/wp\/v2\/types\/page"}],"author":[{"embeddable":true,"href":"https:\/\/www.canons.es\/ca\/wp-json\/wp\/v2\/users\/25"}],"replies":[{"embeddable":true,"href":"https:\/\/www.canons.es\/ca\/wp-json\/wp\/v2\/comments?post=9283"}],"version-history":[{"count":0,"href":"https:\/\/www.canons.es\/ca\/wp-json\/wp\/v2\/pages\/9283\/revisions"}],"up":[{"embeddable":true,"href":"https:\/\/www.canons.es\/ca\/wp-json\/wp\/v2\/pages\/9094"}],"wp:attachment":[{"href":"https:\/\/www.canons.es\/ca\/wp-json\/wp\/v2\/media?parent=9283"}],"curies":[{"name":"wp","href":"https:\/\/api.w.org\/{rel}","templated":true}]}}