{"id":9147,"date":"2015-07-15T07:22:40","date_gmt":"2015-07-15T07:22:40","guid":{"rendered":"https:\/\/www.canons.es\/ca\/rejuvenicimento-facial-con-peelings-quimicos\/"},"modified":"2019-11-21T16:16:38","modified_gmt":"2019-11-21T16:16:38","slug":"rejoveniment-facial-amb-peeling-quimic","status":"publish","type":"page","link":"https:\/\/www.canons.es\/ca\/unitat-laser\/rejoveniment-facial-amb-peeling-quimic\/","title":{"rendered":"Rejoveniment Facial amb Peeling Qu\u00edmic"},"content":{"rendered":"<div class=\"wpb-content-wrapper\"><p>[vc_row css_animation=&#8221;&#8221; row_type=&#8221;row&#8221; use_row_as_full_screen_section=&#8221;no&#8221; type=&#8221;full_width&#8221; angled_section=&#8221;no&#8221; text_align=&#8221;left&#8221; background_image_as_pattern=&#8221;without_pattern&#8221; background_color=&#8221;#f7f7f7&#8243; section_type=&#8221;full-width&#8221;][vc_column][vc_empty_space height=&#8221;20px&#8221;]<div class=\"custom_font_holder\" style=\"font-family: Raleway; font-size: 35px; line-height: 26px; font-style: normal; font-weight: 300; color: #1e70b3; text-decoration: none; text-align: left;\">REJOVENIMENT FACIAL AMB PEELING QU\u00cdMIC<\/div>[vc_empty_space height=&#8221;40px&#8221;][vc_row_inner row_type=&#8221;row&#8221; type=&#8221;full_width&#8221; text_align=&#8221;left&#8221; css_animation=&#8221;&#8221;][vc_column_inner width=&#8221;1\/2&#8243;][vc_single_image image=&#8221;8699&#8243; img_size=&#8221;full&#8221; alignment=&#8221;center&#8221; qode_css_animation=&#8221;&#8221; img_align=&#8221;center&#8221; custom_img_size=&#8221;500&#215;400&#8243;][vc_empty_space height=&#8221;40px&#8221;][\/vc_column_inner][vc_column_inner width=&#8221;1\/2&#8243;][vc_column_text]<\/p>\n<p style=\"text-align: justify;\">Desafia el pas del temps amb C\u00e0nons Clinics!<strong> Atenua els signes de l\u2019edat <\/strong>amb el nostre<strong> peeling qu\u00edmic facial<\/strong>. <strong>Acomiada\u2019t de les marques d\u2019expressi\u00f3<\/strong> per sempre de la m\u00e0 dels nostres professionals en bellesa i salut.<\/p>\n<p>[\/vc_column_text][\/vc_column_inner][\/vc_row_inner][\/vc_column][\/vc_row][vc_row css_animation=&#8221;&#8221; row_type=&#8221;row&#8221; use_row_as_full_screen_section=&#8221;no&#8221; type=&#8221;full_width&#8221; angled_section=&#8221;no&#8221; text_align=&#8221;left&#8221; background_image_as_pattern=&#8221;without_pattern&#8221; section_type=&#8221;full-width&#8221;][vc_column][vc_empty_space][vc_accordion style=&#8221;accordion&#8221;][vc_accordion_tab title=&#8221;Per qu\u00e8 et rejovenir\u00e0 el Peeling Qu\u00edmic Facial?&#8221;][vc_column_text]<\/p>\n<p style=\"text-align: justify;\">El <span style=\"color: #6d98dc;\"><strong>Peeling Qu\u00edmic<\/strong><\/span> \u00e9s un tractament r\u00e0pid, senzill i indolor en el qual s\u2019apliquen diferents \u00e0cids amb concentracions diverses per aconseguir una exfoliaci\u00f3 de la pell lleu, moderada o profunda, segons les alteracions epid\u00e8rmiques a treballar.<\/p>\n<p style=\"text-align: justify;\">Tamb\u00e9 poden tractar-se zones corporals.\u00a0Aquest tractament de <span style=\"color: #6d98dc;\"><strong>medicina est\u00e8tica<\/strong><\/span> estimula la producci\u00f3 de col\u00b7l\u00e0gen i elastina, provocant un efecte tensor de la zona tractada amb el qual aconseguir\u00e0s una <span style=\"color: #6d98dc;\"><strong>pell m\u00e9s jove<\/strong><\/span>, lluminosa, tersa i lliure d\u2019impureses.<\/p>\n<p>[\/vc_column_text][\/vc_accordion_tab][vc_accordion_tab title=&#8221;Quins beneficis t\u00e9 un Peeling Qu\u00edmic?&#8221;][vc_column_text]<\/p>\n<ul>\n<li>Efecte anticancer\u00edgen per la microexfoliaci\u00f3 cut\u00e0nia.<\/li>\n<li>Millora de la qualitat de la pell, ja que aquesta es regenera.<\/li>\n<li>Reafirma les zones tractades.<\/li>\n<li>Suavitza les arrugues.<\/li>\n<li>Aporta uniformitat i lluminositat.<\/li>\n<li>Millora l\u2019elasticitat.<\/li>\n<li>Mitiga les marques d\u2019acne o lesions antigues.<\/li>\n<li>Estimula la producci\u00f3 de col\u00b7lagen i elastina.<\/li>\n<li>Elimina i atenua les taques.<\/li>\n<li>Prev\u00e9 la formaci\u00f3 d\u2019estries.<\/li>\n<li>Dissimula la grand\u00e0ria dels porus oberts.<\/li>\n<li>Regula l\u2019exc\u00e9s de sebo, combatent l\u2019acn\u00e9 i les seves seq\u00fceles.<\/li>\n<\/ul>\n<p>[\/vc_column_text][\/vc_accordion_tab][vc_accordion_tab title=&#8221;Quin tipus de Peeling Qu\u00edmic \u00e9s el m\u00e9s adequat per mi?&#8221;][vc_column_text]<\/p>\n<p style=\"text-align: justify;\">Un <span style=\"color: #6d98dc;\"><b>Peeling Qu\u00edmic<\/b><\/span> \u00e9s un <span style=\"color: #6d98dc;\"><strong>tractament de bellesa<\/strong><\/span> personalitzat la intensitat del qual ha d\u2019estar directament relacionada amb les caracter\u00edstiques i necessitats cut\u00e0nies del pacient.<\/p>\n<p style=\"text-align: justify;\">Existeixen diferents classes de <span style=\"color: #6d98dc;\"><strong>peeling qu\u00edmic<\/strong><\/span>:<\/p>\n<p style=\"text-align: justify;\">\u2022 El <span style=\"color: #6d98dc;\"><b>Peeling Superficial<\/b><\/span>: recomanat per eliminar arrugues m\u00e9s fines,<span style=\"color: #6d98dc;\"><strong> taques i acn\u00e9<\/strong><\/span> en persones de pell sensible. Pot realitzar-se en intervals setmanals o quinzenals. Es recomana aplicar-se, com a m\u00ednim, <span style=\"color: #6d98dc;\"><strong>un en cada estaci\u00f3 de l\u2019any<\/strong><\/span>.<\/p>\n<p style=\"text-align: justify;\">\u2022 El <span style=\"color: #6d98dc;\"><b>Peeling Mitj\u00e0<\/b><\/span>: \u00fatil per esborrar les <span style=\"color: #6d98dc;\"><strong>arrugues superficials<\/strong><\/span>, aix\u00ed com les lesions pigmentadas esteses i l\u2019acn\u00e9 en fase activa. \u00c9s m\u00e9s agressiu, desprenent-se pells seques. Pr\u00e0cticament no altera la vida social normal. Pot aplicar-se de nou a les<span style=\"color: #6d98dc;\"><strong> sis setmanes<\/strong><\/span>.<\/p>\n<p style=\"text-align: justify;\">\u2022 El <span style=\"color: #6d98dc;\"><b>Peeling Profund<\/b><\/span>: destinat a <span style=\"color: #6d98dc;\"><strong>eliminar les arrugues<\/strong><\/span> m\u00e9s marcades, el <span style=\"color: #6d98dc;\"><strong>fotoenvelliment<\/strong><\/span> de grau mitj\u00e0 alt, l\u2019acn\u00e9 en el seu estat cicatritzant i la <span style=\"color: #6d98dc;\"><strong>pigmentaci\u00f3 circumscrita<\/strong><\/span>. Apareix una vermellor intensa de la pell temporal, durant 3 o 4 dies, i una descamaci\u00f3 intensa durant un m\u00e0xim d\u2019uns 10 dies. La vida social normal pot veure\u2019s alterada durant aproximadament una setmana. Pot tornar-se a aplicar de nou a les vuit setmanes.<\/p>\n<p>[\/vc_column_text][\/vc_accordion_tab][vc_accordion_tab title=&#8221;Podr\u00e9 combinar-ho amb altres tractaments de bellesa?&#8221;][vc_column_text]<\/p>\n<p style=\"text-align: justify;\">\u00c9s totalment compatible amb totes les ter\u00e0pies de <span style=\"color: #6d98dc;\"><strong>medicina est\u00e8tica<\/strong><\/span>, seguint les recomanacions pautades pels nostres metges especialistes. Et recomanem combinar-ho amb un <span style=\"color: #6d98dc;\"><strong>tractament de rejoveniment<\/strong><\/span> de mans i escot per real\u00e7ar la teva imatge personal.<\/p>\n<p>[\/vc_column_text][\/vc_accordion_tab][\/vc_accordion][\/vc_column][\/vc_row]<\/p>\n<\/div><!-- AddThis Advanced Settings generic via filter on the_content --><!-- AddThis Share Buttons generic via filter on the_content -->","protected":false},"excerpt":{"rendered":"<p>[vc_row css_animation=&#8221;&#8221; row_type=&#8221;row&#8221; use_row_as_full_screen_section=&#8221;no&#8221; type=&#8221;full_width&#8221; angled_section=&#8221;no&#8221; text_align=&#8221;left&#8221; background_image_as_pattern=&#8221;without_pattern&#8221; background_color=&#8221;#f7f7f7&#8243; section_type=&#8221;full-width&#8221;][vc_column][vc_empty_space height=&#8221;20px&#8221;][vc_empty_space height=&#8221;40px&#8221;][vc_row_inner row_type=&#8221;row&#8221; type=&#8221;full_width&#8221; text_align=&#8221;left&#8221; css_animation=&#8221;&#8221;][vc_column_inner width=&#8221;1\/2&#8243;][vc_single_image image=&#8221;8699&#8243; img_size=&#8221;full&#8221; alignment=&#8221;center&#8221; qode_css_animation=&#8221;&#8221; img_align=&#8221;center&#8221; custom_img_size=&#8221;500&#215;400&#8243;][vc_empty_space height=&#8221;40px&#8221;][\/vc_column_inner][vc_column_inner width=&#8221;1\/2&#8243;][vc_column_text] Desafia el pas del temps amb C\u00e0nons Clinics! Atenua els signes de l\u2019edat amb el nostre peeling qu\u00edmic facial. Acomiada\u2019t&#8230;<!-- AddThis Advanced Settings generic via filter on get_the_excerpt --><!-- AddThis Share Buttons generic via filter on get_the_excerpt --><\/p>\n","protected":false},"author":25,"featured_media":0,"parent":11377,"menu_order":0,"comment_status":"closed","ping_status":"closed","template":"","meta":{"footnotes":""},"class_list":["post-9147","page","type-page","status-publish","hentry"],"yoast_head":"<!-- This site is optimized with the Yoast SEO Premium plugin v26.9 (Yoast SEO v27.2) - https:\/\/yoast.com\/product\/yoast-seo-premium-wordpress\/ -->\n<title>Rejoveniment Facial amb Peeling Qu\u00edmic - Cl\u00ednica C\u00e0nons | Cirurgia i Medicina Estetica a Barcelona, \u200b\u200bGranollers<\/title>\n<meta name=\"robots\" content=\"index, follow, max-snippet:-1, max-image-preview:large, max-video-preview:-1\" \/>\n<link rel=\"canonical\" href=\"https:\/\/www.canons.es\/unidad-laser-2\/rejuvenecimiento-facial-con-peeling-quimico\/\" \/>\n<meta property=\"og:locale\" content=\"ca_ES\" \/>\n<meta property=\"og:type\" content=\"article\" \/>\n<meta property=\"og:title\" content=\"Rejoveniment Facial amb Peeling Qu\u00edmic\" \/>\n<meta property=\"og:description\" content=\"[vc_row css_animation=&#8221;&#8221; row_type=&#8221;row&#8221; use_row_as_full_screen_section=&#8221;no&#8221; type=&#8221;full_width&#8221; angled_section=&#8221;no&#8221; text_align=&#8221;left&#8221; background_image_as_pattern=&#8221;without_pattern&#8221; background_color=&#8221;#f7f7f7&#8243; section_type=&#8221;full-width&#8221;][vc_column][vc_empty_space height=&#8221;20px&#8221;][vc_empty_space height=&#8221;40px&#8221;][vc_row_inner row_type=&#8221;row&#8221; type=&#8221;full_width&#8221; text_align=&#8221;left&#8221; css_animation=&#8221;&#8221;][vc_column_inner width=&#8221;1\/2&#8243;][vc_single_image image=&#8221;8699&#8243; img_size=&#8221;full&#8221; alignment=&#8221;center&#8221; qode_css_animation=&#8221;&#8221; img_align=&#8221;center&#8221; custom_img_size=&#8221;500&#215;400&#8243;][vc_empty_space height=&#8221;40px&#8221;][\/vc_column_inner][vc_column_inner width=&#8221;1\/2&#8243;][vc_column_text] Desafia el pas del temps amb C\u00e0nons Clinics! Atenua els signes de l\u2019edat amb el nostre peeling qu\u00edmic facial. Acomiada\u2019t...\" \/>\n<meta property=\"og:url\" content=\"https:\/\/www.canons.es\/unidad-laser-2\/rejuvenecimiento-facial-con-peeling-quimico\/\" \/>\n<meta property=\"og:site_name\" content=\"Cl\u00ednica C\u00e0nons | Cirurgia i Medicina Estetica a Barcelona, \u200b\u200bGranollers\" \/>\n<meta property=\"article:publisher\" content=\"https:\/\/www.facebook.com\/canonsclinics\/\" \/>\n<meta property=\"article:modified_time\" content=\"2019-11-21T16:16:38+00:00\" \/>\n<meta name=\"twitter:card\" content=\"summary_large_image\" \/>\n<meta name=\"twitter:site\" content=\"@canonsclinics\" \/>\n<meta name=\"twitter:label1\" content=\"Temps estimat de lectura\" \/>\n\t<meta name=\"twitter:data1\" content=\"4 minuts\" \/>\n<script type=\"application\/ld+json\" class=\"yoast-schema-graph\">{\"@context\":\"https:\/\/schema.org\",\"@graph\":[{\"@type\":\"WebPage\",\"@id\":\"https:\/\/www.canons.es\/unidad-laser-2\/rejuvenecimiento-facial-con-peeling-quimico\/\",\"url\":\"https:\/\/www.canons.es\/unidad-laser-2\/rejuvenecimiento-facial-con-peeling-quimico\/\",\"name\":\"Rejoveniment Facial amb Peeling Qu\u00edmic - Cl\u00ednica C\u00e0nons | Cirurgia i Medicina Estetica a Barcelona, \u200b\u200bGranollers\",\"isPartOf\":{\"@id\":\"https:\/\/www.canons.es\/#website\"},\"datePublished\":\"2015-07-15T07:22:40+00:00\",\"dateModified\":\"2019-11-21T16:16:38+00:00\",\"breadcrumb\":{\"@id\":\"https:\/\/www.canons.es\/unidad-laser-2\/rejuvenecimiento-facial-con-peeling-quimico\/#breadcrumb\"},\"inLanguage\":\"ca\",\"potentialAction\":[{\"@type\":\"ReadAction\",\"target\":[\"https:\/\/www.canons.es\/unidad-laser-2\/rejuvenecimiento-facial-con-peeling-quimico\/\"]}]},{\"@type\":\"BreadcrumbList\",\"@id\":\"https:\/\/www.canons.es\/unidad-laser-2\/rejuvenecimiento-facial-con-peeling-quimico\/#breadcrumb\",\"itemListElement\":[{\"@type\":\"ListItem\",\"position\":1,\"name\":\"Portada\",\"item\":\"https:\/\/www.canons.es\/ca\/\"},{\"@type\":\"ListItem\",\"position\":2,\"name\":\"UNITAT L\u00c0SER\",\"item\":\"https:\/\/www.canons.es\/unidad-laser-2\/\"},{\"@type\":\"ListItem\",\"position\":3,\"name\":\"Rejoveniment Facial amb Peeling Qu\u00edmic\"}]},{\"@type\":\"WebSite\",\"@id\":\"https:\/\/www.canons.es\/#website\",\"url\":\"https:\/\/www.canons.es\/\",\"name\":\"Cirug\u00eda Pl\u00e1stica y Est\u00e9tica Barcelona y Granollers | C\u00e0nons Clinics\",\"description\":\"\",\"publisher\":{\"@id\":\"https:\/\/www.canons.es\/#organization\"},\"potentialAction\":[{\"@type\":\"SearchAction\",\"target\":{\"@type\":\"EntryPoint\",\"urlTemplate\":\"https:\/\/www.canons.es\/?s={search_term_string}\"},\"query-input\":{\"@type\":\"PropertyValueSpecification\",\"valueRequired\":true,\"valueName\":\"search_term_string\"}}],\"inLanguage\":\"ca\"},{\"@type\":\"Organization\",\"@id\":\"https:\/\/www.canons.es\/#organization\",\"name\":\"Cirug\u00eda Pl\u00e1stica y Est\u00e9tica Barcelona y Granollers | C\u00e0nons Clinics\",\"url\":\"https:\/\/www.canons.es\/\",\"logo\":{\"@type\":\"ImageObject\",\"inLanguage\":\"ca\",\"@id\":\"https:\/\/www.canons.es\/#\/schema\/logo\/image\/\",\"url\":\"https:\/\/www.canons.es\/wp-content\/uploads\/2025\/04\/logo-canons-clinics.jpg\",\"contentUrl\":\"https:\/\/www.canons.es\/wp-content\/uploads\/2025\/04\/logo-canons-clinics.jpg\",\"width\":600,\"height\":139,\"caption\":\"Cirug\u00eda Pl\u00e1stica y Est\u00e9tica Barcelona y Granollers | C\u00e0nons Clinics\"},\"image\":{\"@id\":\"https:\/\/www.canons.es\/#\/schema\/logo\/image\/\"},\"sameAs\":[\"https:\/\/www.facebook.com\/canonsclinics\/\",\"https:\/\/x.com\/canonsclinics\",\"https:\/\/www.instagram.com\/canonsclinics\/\",\"https:\/\/www.youtube.com\/channel\/UCI1Ia6LjALyo1CuQ0_HwtfQ\",\"https:\/\/www.linkedin.com\/company\/canons-clinics\/\"]}]}<\/script>\n<!-- \/ Yoast SEO Premium plugin. -->","yoast_head_json":{"title":"Rejoveniment Facial amb Peeling Qu\u00edmic - Cl\u00ednica C\u00e0nons | Cirurgia i Medicina Estetica a Barcelona, \u200b\u200bGranollers","robots":{"index":"index","follow":"follow","max-snippet":"max-snippet:-1","max-image-preview":"max-image-preview:large","max-video-preview":"max-video-preview:-1"},"canonical":"https:\/\/www.canons.es\/unidad-laser-2\/rejuvenecimiento-facial-con-peeling-quimico\/","og_locale":"ca_ES","og_type":"article","og_title":"Rejoveniment Facial amb Peeling Qu\u00edmic","og_description":"[vc_row css_animation=&#8221;&#8221; row_type=&#8221;row&#8221; use_row_as_full_screen_section=&#8221;no&#8221; type=&#8221;full_width&#8221; angled_section=&#8221;no&#8221; text_align=&#8221;left&#8221; background_image_as_pattern=&#8221;without_pattern&#8221; background_color=&#8221;#f7f7f7&#8243; section_type=&#8221;full-width&#8221;][vc_column][vc_empty_space height=&#8221;20px&#8221;][vc_empty_space height=&#8221;40px&#8221;][vc_row_inner row_type=&#8221;row&#8221; type=&#8221;full_width&#8221; text_align=&#8221;left&#8221; css_animation=&#8221;&#8221;][vc_column_inner width=&#8221;1\/2&#8243;][vc_single_image image=&#8221;8699&#8243; img_size=&#8221;full&#8221; alignment=&#8221;center&#8221; qode_css_animation=&#8221;&#8221; img_align=&#8221;center&#8221; custom_img_size=&#8221;500&#215;400&#8243;][vc_empty_space height=&#8221;40px&#8221;][\/vc_column_inner][vc_column_inner width=&#8221;1\/2&#8243;][vc_column_text] Desafia el pas del temps amb C\u00e0nons Clinics! Atenua els signes de l\u2019edat amb el nostre peeling qu\u00edmic facial. Acomiada\u2019t...","og_url":"https:\/\/www.canons.es\/unidad-laser-2\/rejuvenecimiento-facial-con-peeling-quimico\/","og_site_name":"Cl\u00ednica C\u00e0nons | Cirurgia i Medicina Estetica a Barcelona, \u200b\u200bGranollers","article_publisher":"https:\/\/www.facebook.com\/canonsclinics\/","article_modified_time":"2019-11-21T16:16:38+00:00","twitter_card":"summary_large_image","twitter_site":"@canonsclinics","twitter_misc":{"Temps estimat de lectura":"4 minuts"},"schema":{"@context":"https:\/\/schema.org","@graph":[{"@type":"WebPage","@id":"https:\/\/www.canons.es\/unidad-laser-2\/rejuvenecimiento-facial-con-peeling-quimico\/","url":"https:\/\/www.canons.es\/unidad-laser-2\/rejuvenecimiento-facial-con-peeling-quimico\/","name":"Rejoveniment Facial amb Peeling Qu\u00edmic - Cl\u00ednica C\u00e0nons | Cirurgia i Medicina Estetica a Barcelona, \u200b\u200bGranollers","isPartOf":{"@id":"https:\/\/www.canons.es\/#website"},"datePublished":"2015-07-15T07:22:40+00:00","dateModified":"2019-11-21T16:16:38+00:00","breadcrumb":{"@id":"https:\/\/www.canons.es\/unidad-laser-2\/rejuvenecimiento-facial-con-peeling-quimico\/#breadcrumb"},"inLanguage":"ca","potentialAction":[{"@type":"ReadAction","target":["https:\/\/www.canons.es\/unidad-laser-2\/rejuvenecimiento-facial-con-peeling-quimico\/"]}]},{"@type":"BreadcrumbList","@id":"https:\/\/www.canons.es\/unidad-laser-2\/rejuvenecimiento-facial-con-peeling-quimico\/#breadcrumb","itemListElement":[{"@type":"ListItem","position":1,"name":"Portada","item":"https:\/\/www.canons.es\/ca\/"},{"@type":"ListItem","position":2,"name":"UNITAT L\u00c0SER","item":"https:\/\/www.canons.es\/unidad-laser-2\/"},{"@type":"ListItem","position":3,"name":"Rejoveniment Facial amb Peeling Qu\u00edmic"}]},{"@type":"WebSite","@id":"https:\/\/www.canons.es\/#website","url":"https:\/\/www.canons.es\/","name":"Cirug\u00eda Pl\u00e1stica y Est\u00e9tica Barcelona y Granollers | C\u00e0nons Clinics","description":"","publisher":{"@id":"https:\/\/www.canons.es\/#organization"},"potentialAction":[{"@type":"SearchAction","target":{"@type":"EntryPoint","urlTemplate":"https:\/\/www.canons.es\/?s={search_term_string}"},"query-input":{"@type":"PropertyValueSpecification","valueRequired":true,"valueName":"search_term_string"}}],"inLanguage":"ca"},{"@type":"Organization","@id":"https:\/\/www.canons.es\/#organization","name":"Cirug\u00eda Pl\u00e1stica y Est\u00e9tica Barcelona y Granollers | C\u00e0nons Clinics","url":"https:\/\/www.canons.es\/","logo":{"@type":"ImageObject","inLanguage":"ca","@id":"https:\/\/www.canons.es\/#\/schema\/logo\/image\/","url":"https:\/\/www.canons.es\/wp-content\/uploads\/2025\/04\/logo-canons-clinics.jpg","contentUrl":"https:\/\/www.canons.es\/wp-content\/uploads\/2025\/04\/logo-canons-clinics.jpg","width":600,"height":139,"caption":"Cirug\u00eda Pl\u00e1stica y Est\u00e9tica Barcelona y Granollers | C\u00e0nons Clinics"},"image":{"@id":"https:\/\/www.canons.es\/#\/schema\/logo\/image\/"},"sameAs":["https:\/\/www.facebook.com\/canonsclinics\/","https:\/\/x.com\/canonsclinics","https:\/\/www.instagram.com\/canonsclinics\/","https:\/\/www.youtube.com\/channel\/UCI1Ia6LjALyo1CuQ0_HwtfQ","https:\/\/www.linkedin.com\/company\/canons-clinics\/"]}]}},"_links":{"self":[{"href":"https:\/\/www.canons.es\/ca\/wp-json\/wp\/v2\/pages\/9147","targetHints":{"allow":["GET"]}}],"collection":[{"href":"https:\/\/www.canons.es\/ca\/wp-json\/wp\/v2\/pages"}],"about":[{"href":"https:\/\/www.canons.es\/ca\/wp-json\/wp\/v2\/types\/page"}],"author":[{"embeddable":true,"href":"https:\/\/www.canons.es\/ca\/wp-json\/wp\/v2\/users\/25"}],"replies":[{"embeddable":true,"href":"https:\/\/www.canons.es\/ca\/wp-json\/wp\/v2\/comments?post=9147"}],"version-history":[{"count":0,"href":"https:\/\/www.canons.es\/ca\/wp-json\/wp\/v2\/pages\/9147\/revisions"}],"up":[{"embeddable":true,"href":"https:\/\/www.canons.es\/ca\/wp-json\/wp\/v2\/pages\/11377"}],"wp:attachment":[{"href":"https:\/\/www.canons.es\/ca\/wp-json\/wp\/v2\/media?parent=9147"}],"curies":[{"name":"wp","href":"https:\/\/api.w.org\/{rel}","templated":true}]}}