{"id":9139,"date":"2015-07-15T07:07:06","date_gmt":"2015-07-15T07:07:06","guid":{"rendered":"https:\/\/www.canons.es\/ca\/terapia-cosmetica-genomica\/"},"modified":"2019-11-21T16:24:27","modified_gmt":"2019-11-21T16:24:27","slug":"terapia-cosmetica-genomica","status":"publish","type":"page","link":"https:\/\/www.canons.es\/ca\/terapia-cosmetica-genomica\/","title":{"rendered":"Ter\u00e0pia Cosm\u00e8tica Gen\u00f2mica"},"content":{"rendered":"<div class=\"wpb-content-wrapper\"><p>[vc_row css_animation=&#8221;&#8221; row_type=&#8221;row&#8221; use_row_as_full_screen_section=&#8221;no&#8221; type=&#8221;full_width&#8221; angled_section=&#8221;no&#8221; text_align=&#8221;left&#8221; background_image_as_pattern=&#8221;without_pattern&#8221; background_color=&#8221;#f7f7f7&#8243; section_type=&#8221;full-width&#8221;][vc_column][vc_empty_space height=&#8221;20px&#8221;]<div class=\"custom_font_holder\" style=\" font-size: 35px; line-height: 26px; font-style: normal; font-weight: 300; color: #1e70b3; text-decoration: none; text-align: left;\">TER\u00c0PIA COSM\u00c8TICA GEN\u00d2MICA<\/div>[vc_empty_space][vc_row_inner row_type=&#8221;row&#8221; type=&#8221;full_width&#8221; text_align=&#8221;left&#8221; css_animation=&#8221;&#8221;][vc_column_inner width=&#8221;1\/2&#8243;][vc_single_image image=&#8221;7367&#8243; img_size=&#8221;full&#8221; alignment=&#8221;center&#8221; qode_css_animation=&#8221;&#8221;][vc_empty_space height=&#8221;40px&#8221;][\/vc_column_inner][vc_column_inner width=&#8221;1\/2&#8243;][vc_column_text]<\/p>\n<p style=\"text-align: justify;\">La <strong>Cosm\u00e8tica Gen\u00f2mica Personalitzada<\/strong>, \u00e9s una <strong>nova disciplina que interpreta les dades del propi ADN per elaborar el producte cosm\u00e8tic m\u00e9s adequat per a cada pell a partir d\u2019una senzilla an\u00e0lisi de la saliva<\/strong>. Es tracta d\u2019un programa cosmetogen\u00f2mic exclusiu que interpreta el nostre ADN per dissenyar el cosm\u00e8tic m\u00e9s efectiu per a la nostra pell.<\/p>\n<p>[\/vc_column_text][\/vc_column_inner][\/vc_row_inner][\/vc_column][\/vc_row][vc_row css_animation=&#8221;&#8221; row_type=&#8221;row&#8221; use_row_as_full_screen_section=&#8221;no&#8221; type=&#8221;full_width&#8221; angled_section=&#8221;no&#8221; text_align=&#8221;left&#8221; background_image_as_pattern=&#8221;without_pattern&#8221; section_type=&#8221;full-width&#8221;][vc_column][vc_accordion style=&#8221;accordion&#8221;][vc_accordion_tab title=&#8221;Com funciona aquest tractament de Medicina Est\u00e8tica?&#8221;][vc_column_text]<\/p>\n<p style=\"text-align: justify;\">Mitjan\u00e7ant una senzilla extracci\u00f3 de saliva (realitzada en les mateixes instal\u00b7lacions de les nostres cl\u00edniques d\u2019est\u00e8tica), processada juntament amb l\u2019historial cl\u00ednic del pacient en una plataforma bioinform\u00e1tica d\u2019ADN \u00fanica al m\u00f3n. <span style=\"color: #6d98dc;\"><strong>De l\u2019an\u00e0lisi, se n\u2019obt\u00e9 un exhaustiu informe gen\u00e8tic antiedat cutani i el tractament cosm\u00e8tic necessari per mitigar els \u201cdefectes\u201d de la nostra petjada gen\u00e8tica<\/strong><\/span>.<\/p>\n<p>[\/vc_column_text][\/vc_accordion_tab][vc_accordion_tab title=&#8221;De quins productes es compon el tractament cosmetogen\u00f2mic?&#8221;][vc_row_inner row_type=&#8221;row&#8221; type=&#8221;full_width&#8221; text_align=&#8221;left&#8221; css_animation=&#8221;&#8221;][vc_column_inner width=&#8221;1\/2&#8243;][vc_single_image image=&#8221;7317&#8243; img_size=&#8221;thumb-medium&#8221; qode_css_animation=&#8221;&#8221;][\/vc_column_inner][vc_column_inner width=&#8221;1\/2&#8243;][vc_empty_space][vc_column_text]<\/p>\n<ul>\n<li><span style=\"color: #6d98dc;\"><strong>GEN PEEL. Crema microexfoliant progressiva<\/strong><\/span><strong>:<\/strong> una crema microexfoliant progressiva, que afavoreix la renovaci\u00f3 natural de la pell i en millora el seu aspecte, recuperant la lluminositat i homogene\u00eftat del rostre a m\u00e9s d\u2019aportar una hidrataci\u00f3 sostinguda.<\/li>\n<li><span style=\"color: #6d98dc;\"><strong>GEN ELIXIR. S\u00e8rum intensiu cosmetogen\u00f2mic<\/strong><\/span><strong>:<\/strong> un s\u00e8rum intensiu, en el qual es concentra una mitjana del 65% d\u2019actius cosm\u00e8tics purs. Modula l\u2019activitat i expressi\u00f3 dels marcadors gen\u00e8tics analitzats, hidrata i potencia l\u2019efecte tensor immediat.<\/li>\n<li><span style=\"color: #6d98dc;\"><strong>GEN SINERGY. Crema hidratant i protectora<\/strong><\/span><strong>:<\/strong> crema hidratant i protectora que fomenta la penetraci\u00f3 i efic\u00e0cia del tractament personalitzat.<\/li>\n<\/ul>\n<p>[\/vc_column_text][\/vc_column_inner][\/vc_row_inner][\/vc_accordion_tab][vc_accordion_tab title=&#8221;Per qu\u00e8 \u00e9s el tractament antiedat definitiu?&#8221;][vc_column_text]<\/p>\n<p style=\"text-align: justify;\">La t\u00e8cnica de la Cosm\u00e8tica Gen\u00f2mica Personalitzada \u00e9s l\u2019\u00fanic programa cosm\u00e8tic que t\u00e9 en compte l\u2019estudi dels gens de cada persona per dissenyar un r\u00e8gim cosm\u00e8tic espec\u00edfic a mida per a cadascun. El nostre ADN mai canvia.<\/p>\n<p>[\/vc_column_text][\/vc_accordion_tab][vc_accordion_tab title=&#8221;\u00c9s \u00fanic per mi?&#8221;][vc_column_text]<\/p>\n<p style=\"text-align: justify;\">S\u00ed. De la mateixa forma que cada pell \u00e9s diferent, cada programa tamb\u00e9 ho \u00e9s, <span style=\"color: #6d98dc;\"><strong>adaptant-se al perfil gen\u00e8tic de cada persona<\/strong><\/span>.<\/p>\n<p>[\/vc_column_text][\/vc_accordion_tab][vc_accordion_tab title=&#8221;Tothom pot realitzar-se l\u2019an\u00e0lisi gen\u00e8tica?&#8221;][vc_column_text]<\/p>\n<p style=\"text-align: justify;\">S\u00ed. Es tracta d\u2019una <span style=\"color: #6d98dc;\"><strong>senzilla an\u00e0lisi d\u2019una mostra de saliva<\/strong><\/span>. Per aquest motiu, pot ser realitzat tant per homes com per dones, independentment de la seva edat.<\/p>\n<p>[\/vc_column_text][\/vc_accordion_tab][vc_accordion_tab title=&#8221;Les f\u00f3rmules cosm\u00e8tiques poden modificar el meu ADN?&#8221;][vc_column_text]<\/p>\n<p style=\"text-align: justify;\">No, l\u2019ADN no pot modificar-se. Aquest tractament de medicina est\u00e8tica facial actua <span style=\"color: #6d98dc;\"><strong>potenciant les fortaleses i minimitzant les febleses expressades en el perfil gen\u00e8tic<\/strong><\/span>.<\/p>\n<p>[\/vc_column_text][\/vc_accordion_tab][vc_accordion_tab title=&#8221;Quines s\u00f3n les preparacions pr\u00e8vies a l\u2019anal\u00edtica?&#8221;][vc_column_text]<span style=\"color: #6d98dc;\"><strong>No s\u2019ha de menjar, beure ni fumar durant els 30 minuts anteriors<\/strong><\/span> a l\u2019extracci\u00f3 de la mostra de saliva.[\/vc_column_text][\/vc_accordion_tab][vc_accordion_tab title=&#8221;Quan es triga a obtenir els resultats de l\u2019anal\u00edtica?&#8221;][vc_column_text]<\/p>\n<p style=\"text-align: justify;\">El termini de lliurament dels resultats i el producte personalitzat \u00e9s de, aproximadament, <span style=\"color: #6d98dc;\"><strong>4 setmanes des de la recepci\u00f3 de les mostres de saliva al laboratori<\/strong><\/span>.<\/p>\n<p>[\/vc_column_text][\/vc_accordion_tab][\/vc_accordion][\/vc_column][\/vc_row]<\/p>\n<\/div><!-- AddThis Advanced Settings generic via filter on the_content --><!-- AddThis Share Buttons generic via filter on the_content -->","protected":false},"excerpt":{"rendered":"<p>[vc_row css_animation=&#8221;&#8221; row_type=&#8221;row&#8221; use_row_as_full_screen_section=&#8221;no&#8221; type=&#8221;full_width&#8221; angled_section=&#8221;no&#8221; text_align=&#8221;left&#8221; background_image_as_pattern=&#8221;without_pattern&#8221; background_color=&#8221;#f7f7f7&#8243; section_type=&#8221;full-width&#8221;][vc_column][vc_empty_space height=&#8221;20px&#8221;][vc_empty_space][vc_row_inner row_type=&#8221;row&#8221; type=&#8221;full_width&#8221; text_align=&#8221;left&#8221; css_animation=&#8221;&#8221;][vc_column_inner width=&#8221;1\/2&#8243;][vc_single_image image=&#8221;7367&#8243; img_size=&#8221;full&#8221; alignment=&#8221;center&#8221; qode_css_animation=&#8221;&#8221;][vc_empty_space height=&#8221;40px&#8221;][\/vc_column_inner][vc_column_inner width=&#8221;1\/2&#8243;][vc_column_text] La Cosm\u00e8tica Gen\u00f2mica Personalitzada, \u00e9s una nova disciplina que interpreta les dades del propi ADN per elaborar el producte cosm\u00e8tic m\u00e9s adequat per&#8230;<!-- AddThis Advanced Settings generic via filter on get_the_excerpt --><!-- AddThis Share Buttons generic via filter on get_the_excerpt --><\/p>\n","protected":false},"author":25,"featured_media":0,"parent":0,"menu_order":0,"comment_status":"open","ping_status":"open","template":"","meta":{"footnotes":""},"class_list":["post-9139","page","type-page","status-publish","hentry"],"yoast_head":"<!-- This site is optimized with the Yoast SEO Premium plugin v26.9 (Yoast SEO v27.2) - https:\/\/yoast.com\/product\/yoast-seo-premium-wordpress\/ -->\n<title>Ter\u00e0pia Cosm\u00e8tica Gen\u00f2mica - Cl\u00ednica C\u00e0nons | Cirurgia i Medicina Estetica a Barcelona, \u200b\u200bGranollers<\/title>\n<meta name=\"robots\" content=\"index, follow, max-snippet:-1, max-image-preview:large, max-video-preview:-1\" \/>\n<link rel=\"canonical\" href=\"https:\/\/www.canons.es\/cosmetica-genomica\/\" \/>\n<meta property=\"og:locale\" content=\"ca_ES\" \/>\n<meta property=\"og:type\" content=\"article\" \/>\n<meta property=\"og:title\" content=\"Ter\u00e0pia Cosm\u00e8tica Gen\u00f2mica\" \/>\n<meta property=\"og:description\" content=\"[vc_row css_animation=&#8221;&#8221; row_type=&#8221;row&#8221; use_row_as_full_screen_section=&#8221;no&#8221; type=&#8221;full_width&#8221; angled_section=&#8221;no&#8221; text_align=&#8221;left&#8221; background_image_as_pattern=&#8221;without_pattern&#8221; background_color=&#8221;#f7f7f7&#8243; section_type=&#8221;full-width&#8221;][vc_column][vc_empty_space height=&#8221;20px&#8221;][vc_empty_space][vc_row_inner row_type=&#8221;row&#8221; type=&#8221;full_width&#8221; text_align=&#8221;left&#8221; css_animation=&#8221;&#8221;][vc_column_inner width=&#8221;1\/2&#8243;][vc_single_image image=&#8221;7367&#8243; img_size=&#8221;full&#8221; alignment=&#8221;center&#8221; qode_css_animation=&#8221;&#8221;][vc_empty_space height=&#8221;40px&#8221;][\/vc_column_inner][vc_column_inner width=&#8221;1\/2&#8243;][vc_column_text] La Cosm\u00e8tica Gen\u00f2mica Personalitzada, \u00e9s una nova disciplina que interpreta les dades del propi ADN per elaborar el producte cosm\u00e8tic m\u00e9s adequat per...\" \/>\n<meta property=\"og:url\" content=\"https:\/\/www.canons.es\/cosmetica-genomica\/\" \/>\n<meta property=\"og:site_name\" content=\"Cl\u00ednica C\u00e0nons | Cirurgia i Medicina Estetica a Barcelona, \u200b\u200bGranollers\" \/>\n<meta property=\"article:publisher\" content=\"https:\/\/www.facebook.com\/canonsclinics\/\" \/>\n<meta property=\"article:modified_time\" content=\"2019-11-21T16:24:27+00:00\" \/>\n<meta name=\"twitter:card\" content=\"summary_large_image\" \/>\n<meta name=\"twitter:site\" content=\"@canonsclinics\" \/>\n<meta name=\"twitter:label1\" content=\"Temps estimat de lectura\" \/>\n\t<meta name=\"twitter:data1\" content=\"4 minuts\" \/>\n<script type=\"application\/ld+json\" class=\"yoast-schema-graph\">{\"@context\":\"https:\/\/schema.org\",\"@graph\":[{\"@type\":\"WebPage\",\"@id\":\"https:\/\/www.canons.es\/cosmetica-genomica\/\",\"url\":\"https:\/\/www.canons.es\/cosmetica-genomica\/\",\"name\":\"Ter\u00e0pia Cosm\u00e8tica Gen\u00f2mica - Cl\u00ednica C\u00e0nons | Cirurgia i Medicina Estetica a Barcelona, \u200b\u200bGranollers\",\"isPartOf\":{\"@id\":\"https:\/\/www.canons.es\/#website\"},\"datePublished\":\"2015-07-15T07:07:06+00:00\",\"dateModified\":\"2019-11-21T16:24:27+00:00\",\"breadcrumb\":{\"@id\":\"https:\/\/www.canons.es\/cosmetica-genomica\/#breadcrumb\"},\"inLanguage\":\"ca\",\"potentialAction\":[{\"@type\":\"ReadAction\",\"target\":[\"https:\/\/www.canons.es\/cosmetica-genomica\/\"]}]},{\"@type\":\"BreadcrumbList\",\"@id\":\"https:\/\/www.canons.es\/cosmetica-genomica\/#breadcrumb\",\"itemListElement\":[{\"@type\":\"ListItem\",\"position\":1,\"name\":\"Portada\",\"item\":\"https:\/\/www.canons.es\/ca\/\"},{\"@type\":\"ListItem\",\"position\":2,\"name\":\"Ter\u00e0pia Cosm\u00e8tica Gen\u00f2mica\"}]},{\"@type\":\"WebSite\",\"@id\":\"https:\/\/www.canons.es\/#website\",\"url\":\"https:\/\/www.canons.es\/\",\"name\":\"Cirug\u00eda Pl\u00e1stica y Est\u00e9tica Barcelona y Granollers | C\u00e0nons Clinics\",\"description\":\"\",\"publisher\":{\"@id\":\"https:\/\/www.canons.es\/#organization\"},\"potentialAction\":[{\"@type\":\"SearchAction\",\"target\":{\"@type\":\"EntryPoint\",\"urlTemplate\":\"https:\/\/www.canons.es\/?s={search_term_string}\"},\"query-input\":{\"@type\":\"PropertyValueSpecification\",\"valueRequired\":true,\"valueName\":\"search_term_string\"}}],\"inLanguage\":\"ca\"},{\"@type\":\"Organization\",\"@id\":\"https:\/\/www.canons.es\/#organization\",\"name\":\"Cirug\u00eda Pl\u00e1stica y Est\u00e9tica Barcelona y Granollers | C\u00e0nons Clinics\",\"url\":\"https:\/\/www.canons.es\/\",\"logo\":{\"@type\":\"ImageObject\",\"inLanguage\":\"ca\",\"@id\":\"https:\/\/www.canons.es\/#\/schema\/logo\/image\/\",\"url\":\"https:\/\/www.canons.es\/wp-content\/uploads\/2025\/04\/logo-canons-clinics.jpg\",\"contentUrl\":\"https:\/\/www.canons.es\/wp-content\/uploads\/2025\/04\/logo-canons-clinics.jpg\",\"width\":600,\"height\":139,\"caption\":\"Cirug\u00eda Pl\u00e1stica y Est\u00e9tica Barcelona y Granollers | C\u00e0nons Clinics\"},\"image\":{\"@id\":\"https:\/\/www.canons.es\/#\/schema\/logo\/image\/\"},\"sameAs\":[\"https:\/\/www.facebook.com\/canonsclinics\/\",\"https:\/\/x.com\/canonsclinics\",\"https:\/\/www.instagram.com\/canonsclinics\/\",\"https:\/\/www.youtube.com\/channel\/UCI1Ia6LjALyo1CuQ0_HwtfQ\",\"https:\/\/www.linkedin.com\/company\/canons-clinics\/\"]}]}<\/script>\n<!-- \/ Yoast SEO Premium plugin. -->","yoast_head_json":{"title":"Ter\u00e0pia Cosm\u00e8tica Gen\u00f2mica - Cl\u00ednica C\u00e0nons | Cirurgia i Medicina Estetica a Barcelona, \u200b\u200bGranollers","robots":{"index":"index","follow":"follow","max-snippet":"max-snippet:-1","max-image-preview":"max-image-preview:large","max-video-preview":"max-video-preview:-1"},"canonical":"https:\/\/www.canons.es\/cosmetica-genomica\/","og_locale":"ca_ES","og_type":"article","og_title":"Ter\u00e0pia Cosm\u00e8tica Gen\u00f2mica","og_description":"[vc_row css_animation=&#8221;&#8221; row_type=&#8221;row&#8221; use_row_as_full_screen_section=&#8221;no&#8221; type=&#8221;full_width&#8221; angled_section=&#8221;no&#8221; text_align=&#8221;left&#8221; background_image_as_pattern=&#8221;without_pattern&#8221; background_color=&#8221;#f7f7f7&#8243; section_type=&#8221;full-width&#8221;][vc_column][vc_empty_space height=&#8221;20px&#8221;][vc_empty_space][vc_row_inner row_type=&#8221;row&#8221; type=&#8221;full_width&#8221; text_align=&#8221;left&#8221; css_animation=&#8221;&#8221;][vc_column_inner width=&#8221;1\/2&#8243;][vc_single_image image=&#8221;7367&#8243; img_size=&#8221;full&#8221; alignment=&#8221;center&#8221; qode_css_animation=&#8221;&#8221;][vc_empty_space height=&#8221;40px&#8221;][\/vc_column_inner][vc_column_inner width=&#8221;1\/2&#8243;][vc_column_text] La Cosm\u00e8tica Gen\u00f2mica Personalitzada, \u00e9s una nova disciplina que interpreta les dades del propi ADN per elaborar el producte cosm\u00e8tic m\u00e9s adequat per...","og_url":"https:\/\/www.canons.es\/cosmetica-genomica\/","og_site_name":"Cl\u00ednica C\u00e0nons | Cirurgia i Medicina Estetica a Barcelona, \u200b\u200bGranollers","article_publisher":"https:\/\/www.facebook.com\/canonsclinics\/","article_modified_time":"2019-11-21T16:24:27+00:00","twitter_card":"summary_large_image","twitter_site":"@canonsclinics","twitter_misc":{"Temps estimat de lectura":"4 minuts"},"schema":{"@context":"https:\/\/schema.org","@graph":[{"@type":"WebPage","@id":"https:\/\/www.canons.es\/cosmetica-genomica\/","url":"https:\/\/www.canons.es\/cosmetica-genomica\/","name":"Ter\u00e0pia Cosm\u00e8tica Gen\u00f2mica - Cl\u00ednica C\u00e0nons | Cirurgia i Medicina Estetica a Barcelona, \u200b\u200bGranollers","isPartOf":{"@id":"https:\/\/www.canons.es\/#website"},"datePublished":"2015-07-15T07:07:06+00:00","dateModified":"2019-11-21T16:24:27+00:00","breadcrumb":{"@id":"https:\/\/www.canons.es\/cosmetica-genomica\/#breadcrumb"},"inLanguage":"ca","potentialAction":[{"@type":"ReadAction","target":["https:\/\/www.canons.es\/cosmetica-genomica\/"]}]},{"@type":"BreadcrumbList","@id":"https:\/\/www.canons.es\/cosmetica-genomica\/#breadcrumb","itemListElement":[{"@type":"ListItem","position":1,"name":"Portada","item":"https:\/\/www.canons.es\/ca\/"},{"@type":"ListItem","position":2,"name":"Ter\u00e0pia Cosm\u00e8tica Gen\u00f2mica"}]},{"@type":"WebSite","@id":"https:\/\/www.canons.es\/#website","url":"https:\/\/www.canons.es\/","name":"Cirug\u00eda Pl\u00e1stica y Est\u00e9tica Barcelona y Granollers | C\u00e0nons Clinics","description":"","publisher":{"@id":"https:\/\/www.canons.es\/#organization"},"potentialAction":[{"@type":"SearchAction","target":{"@type":"EntryPoint","urlTemplate":"https:\/\/www.canons.es\/?s={search_term_string}"},"query-input":{"@type":"PropertyValueSpecification","valueRequired":true,"valueName":"search_term_string"}}],"inLanguage":"ca"},{"@type":"Organization","@id":"https:\/\/www.canons.es\/#organization","name":"Cirug\u00eda Pl\u00e1stica y Est\u00e9tica Barcelona y Granollers | C\u00e0nons Clinics","url":"https:\/\/www.canons.es\/","logo":{"@type":"ImageObject","inLanguage":"ca","@id":"https:\/\/www.canons.es\/#\/schema\/logo\/image\/","url":"https:\/\/www.canons.es\/wp-content\/uploads\/2025\/04\/logo-canons-clinics.jpg","contentUrl":"https:\/\/www.canons.es\/wp-content\/uploads\/2025\/04\/logo-canons-clinics.jpg","width":600,"height":139,"caption":"Cirug\u00eda Pl\u00e1stica y Est\u00e9tica Barcelona y Granollers | C\u00e0nons Clinics"},"image":{"@id":"https:\/\/www.canons.es\/#\/schema\/logo\/image\/"},"sameAs":["https:\/\/www.facebook.com\/canonsclinics\/","https:\/\/x.com\/canonsclinics","https:\/\/www.instagram.com\/canonsclinics\/","https:\/\/www.youtube.com\/channel\/UCI1Ia6LjALyo1CuQ0_HwtfQ","https:\/\/www.linkedin.com\/company\/canons-clinics\/"]}]}},"_links":{"self":[{"href":"https:\/\/www.canons.es\/ca\/wp-json\/wp\/v2\/pages\/9139","targetHints":{"allow":["GET"]}}],"collection":[{"href":"https:\/\/www.canons.es\/ca\/wp-json\/wp\/v2\/pages"}],"about":[{"href":"https:\/\/www.canons.es\/ca\/wp-json\/wp\/v2\/types\/page"}],"author":[{"embeddable":true,"href":"https:\/\/www.canons.es\/ca\/wp-json\/wp\/v2\/users\/25"}],"replies":[{"embeddable":true,"href":"https:\/\/www.canons.es\/ca\/wp-json\/wp\/v2\/comments?post=9139"}],"version-history":[{"count":0,"href":"https:\/\/www.canons.es\/ca\/wp-json\/wp\/v2\/pages\/9139\/revisions"}],"wp:attachment":[{"href":"https:\/\/www.canons.es\/ca\/wp-json\/wp\/v2\/media?parent=9139"}],"curies":[{"name":"wp","href":"https:\/\/api.w.org\/{rel}","templated":true}]}}