{"id":9106,"date":"2015-07-14T11:56:17","date_gmt":"2015-07-14T11:56:17","guid":{"rendered":"https:\/\/www.canons.es\/ca\/terapia-reafirmante-facial-con-radiofrecuencia\/"},"modified":"2015-11-26T08:14:14","modified_gmt":"2015-11-26T08:14:14","slug":"terapia-reafirmante-facial-con-radiofrecuencia","status":"publish","type":"page","link":"https:\/\/www.canons.es\/ca\/terapia-reafirmante-facial-con-radiofrecuencia\/","title":{"rendered":"Ter\u00e0pia Reafirmant Facial amb Radiofreq\u00fc\u00e8ncia"},"content":{"rendered":"<div class=\"wpb-content-wrapper\"><p>[vc_row background_color=&#8221;#f9f9f9&#8243;][vc_column][vc_empty_space height=&#8221;40px&#8221;][vc_row_inner][vc_column_inner width=&#8221;1\/2&#8243;][vc_single_image image=&#8221;8687&#8243; img_link_large=&#8221;&#8221;][\/vc_column_inner][vc_column_inner width=&#8221;1\/2&#8243;][vc_column_text]<\/p>\n<div id=\"stcpDiv\" style=\"text-align: justify;\">A C\u00e0nons Clinics t\u2019oferim un dels tractaments antiaging amb m\u00e9s demanda. Combina la Radiofreq\u00fc\u00e8ncia amb els Ultrasons <strong>per tractar la flaccidesa corporal i facial alhora que redueix els dip\u00f2sits de greix i elimina la celulitis.<\/strong><\/div>\n<p>[\/vc_column_text][vc_empty_space][\/vc_column_inner][\/vc_row_inner][\/vc_column][\/vc_row][vc_row section_type=&#8221;full-width&#8221;][vc_column][vc_empty_space][vc_accordion][vc_accordion_tab title=&#8221;En qu\u00e8 consisteix la Radiofreq\u00fc\u00e8ncia combinada amb Ultrasons?&#8221;][vc_column_text]<\/p>\n<div id=\"stcpDiv\" style=\"text-align: justify;\">\u00c9s un <strong>tractament indolor<\/strong> i no invasiu el qual combina la ter\u00e0pia de les ones ultras\u00f2niques i de la radiofreq\u00fc\u00e8ncia sobre la pell, provocant un escalfament controlat de les diferents capes de la dermis. Aix\u00ed, obtenim com a resultat una<strong> remodelaci\u00f3 de les zones tractades, alhora que redueix la flaccidesa corporal i facial, aix\u00ed com tamb\u00e9 els dip\u00f2sits de greix i restableix les fibres de col\u00b7l\u00e0gen deteriorades pel pas dels anys<\/strong>. \u00c9s una de les ter\u00e0pies de reafirmaci\u00f3 facial i corporal que ofereix resultats m\u00e9s immediats i efectius ja des de la primera sessi\u00f3.<\/div>\n<p>[\/vc_column_text][\/vc_accordion_tab][vc_accordion_tab title=&#8221;Qu\u00e8 \u00e9s Exilis?&#8221;][vc_column_text]<\/p>\n<div id=\"stcpDiv\">Es tracta d\u2019una plataforma d\u2019\u00faltima generaci\u00f3 que, per primera vegada, uneix radiofreq\u00fc\u00e8ncia amb energia ultras\u00f2nica. Aquesta potent sinergia permet <strong>reduir el greix d\u2019\u00e0rees localitzades, corregir estries, estimular el col\u00b7l\u00e0gen, remodelar el cos i tractar arrugues facials<\/strong>.<\/div>\n<p>[\/vc_column_text][\/vc_accordion_tab][vc_accordion_tab title=&#8221;Com actua la tecnologia Exilis?&#8221;][vc_column_text]<\/p>\n<div id=\"stcpDiv\">\n<p style=\"text-align: justify;\">\u00c9s l\u2019\u00fanic dispositiu que ofereix la combinaci\u00f3 simult\u00e0nia de les ones d\u2019ultrasons amb la radiofreq\u00fc\u00e8ncia i el refredament modulable. La ter\u00e0pia Exilis <strong>focalitza l\u2019eliminaci\u00f3 de greix localitzat i remodela de forma r\u00e0pida i efectiva la zona tractada<\/strong>.<\/p>\n<p style=\"text-align: justify;\">Utilitza l\u2019estimulaci\u00f3 t\u00e8rmica en el teixit, a trav\u00e9s de l\u2019alta freq\u00fc\u00e8ncia en combinaci\u00f3 simult\u00e0nia amb l\u2019acci\u00f3 mec\u00e0nica de l\u2019ultras\u00f2, controlant sempre la temperatura de la zona que s\u2019est\u00e0 tractant.<\/p>\n<p style=\"text-align: justify;\">L\u2019efecte mec\u00e0nic de l\u2019energia de l\u2019ultras\u00f2 <strong>permet l\u2019acc\u00e9s i el tractament de teixits pr\u00e8viament resistents.<\/strong> Exilis t\u00e9 com a objectiu les capes m\u00e9s profundes de greix, al mateix temps que regula la temperatura de la pell i protegeix les delicades estructures d\u00e8rmiques.<\/p>\n<p style=\"text-align: justify;\">Com a part del proc\u00e9s, les ones mec\u00e0niques estimulen les estructures fibroses de les c\u00e8l\u00b7lules de greix, causant la separaci\u00f3 dels n\u00f2duls de greix, provocant que les c\u00e8l\u00b7lules quedin exposades. L\u2019energia de l\u2019alta freq\u00fc\u00e8ncia provoca l\u2019augment de la temperatura de les estructures profundes, causant una explosi\u00f3 de les c\u00e8l\u00b7lules de greix i posteriorment, la seva eliminaci\u00f3.<\/p>\n<\/div>\n<p>[\/vc_column_text][\/vc_accordion_tab][vc_accordion_tab title=&#8221;Quins beneficis m&#8217;aportar\u00e0?&#8221;][vc_column_text]<\/p>\n<div id=\"stcpDiv\">\n<p>Exilis utilitza una tecnologia nova que ha revolucionat els tractaments est\u00e8tics. Utilitza un mecanisme d\u2019acci\u00f3 patentat on aplica calor controlada en el teixit a trav\u00e9s de l\u2019excitaci\u00f3 molecular uniforme, alhora que combina, de forma constant i simult\u00e0nia amb els efectes ben\u00e8fics de l\u2019ultras\u00f2 de manera que:<\/p>\n<ul>\n<li><strong>Reduir\u00e0s els dip\u00f2sits de greix<\/strong> localitzat.<\/li>\n<li><strong>T\u2019estimular\u00e0 la producci\u00f3 de col\u00b7l\u00e0gen<\/strong> en la pell provocant la formaci\u00f3 de col\u00b7l\u00e0gen nou, tant en la pell com en el teixit subcutani, i produir\u00e0 una reestructuraci\u00f3 del col\u00b7l\u00e0gen profund, on les noves fibres substitueixen a les envellides proporcionant una major elasticitat i una pell m\u00e9s tersa.<\/li>\n<li><strong>Recuperar\u00e0s l\u2019elasticitat de la pell<\/strong> retraient-la i <strong>millorant la flaccidesa<\/strong> cut\u00e0nia.<\/li>\n<li><strong>Disminuir\u00e0 les l\u00ednies d\u2019expressi\u00f3 i arrugues<\/strong>.<\/li>\n<li>Aportar\u00e0 frescor i rejoveniment cutani.<\/li>\n<li>Resultats des de la primera sessi\u00f3.<\/li>\n<\/ul>\n<\/div>\n<p>[\/vc_column_text][\/vc_accordion_tab][vc_accordion_tab title=&#8221;Quines zones podr\u00e9 tractar-me amb Radiofreq\u00fc\u00e8ncia?&#8221;][vc_column_text]<\/p>\n<div id=\"stcpDiv\">\n<p>Les \u00e0rees que es tracten s\u00f3n les afectades per <strong>adipositats localitzades i flaccidesa cut\u00e0nia<\/strong>.<\/p>\n<p>A la zona facial, Exilis actua a:<\/p>\n<ul>\n<li>Cara<\/li>\n<li>Doble ment\u00f3 o papada<\/li>\n<\/ul>\n<p>Si vols saber les zones corporals que pots millorar, consulta-les en el tractament <a href=\"http:\/\/www.C\u00e0nons Clinics.es\/ca\/terapia-reafirmante-corporal-con-radiofrecuencia\/\">Tractament Reafirmant Corporal amb Radiofreq\u00fc\u00e8ncia<\/a>.<\/p>\n<\/div>\n<p>[\/vc_column_text][\/vc_accordion_tab][vc_accordion_tab title=&#8221;Els resultats seran instantanis?&#8221;][vc_column_text]<\/p>\n<p style=\"text-align: justify;\">Els <strong>efectes de la ter\u00e0pia amb Exilis s\u00f3n instantanis<\/strong> ja que t\u00e9 un lleuger efecte flaix. Van millorant sobretot a partir del primer mes i en ritme ascendent durant els seg\u00fcents mesos, encara que dependr\u00e0 de l\u2019estat del col\u00b7l\u00e0gen de cada persona.<\/p>\n<p>[\/vc_column_text][\/vc_accordion_tab][vc_accordion_tab title=&#8221;Quantes sessions em faran falta?&#8221;][vc_column_text]<\/p>\n<div id=\"stcpDiv\">El nombre de sessions a realitzar \u00e9s variable i dependr\u00e0 de l\u2019estat de cada pacient i del nivell d\u2019exig\u00e8ncia del mateix, per\u00f2 <strong>es consideren necess\u00e0ries entre 4 i 6, tant en facial com en corporal<\/strong>.<\/div>\n<p>[\/vc_column_text][\/vc_accordion_tab][vc_accordion_tab title=&#8221;Qu\u00e8 te recomanem despr\u00e9s de cada sessi\u00f3?&#8221;][vc_column_text]<\/p>\n<ul>\n<li style=\"text-align: justify;\">\n<div id=\"stcpDiv\"><strong>Hidratar i reafirmar les zones tractades<\/strong> amb la cosm\u00e8tica adequada<\/div>\n<\/li>\n<li style=\"text-align: justify;\">\n<div id=\"stcpDiv\"><strong>Beure entre 2 i 3 litres<\/strong> d\u2019aigua durant les 24 h posteriors<\/div>\n<\/li>\n<li style=\"text-align: justify;\">\n<div id=\"stcpDiv\">Seguir una <strong>dieta hipocal\u00f2rica<\/strong><\/div>\n<\/li>\n<li style=\"text-align: justify;\">\n<div id=\"stcpDiv\">Realitzar <strong>exercici aer\u00f2bic durant els 30 minuts<\/strong> posteriors<\/div>\n<\/li>\n<li style=\"text-align: justify;\">\n<div id=\"stcpDiv\"><strong> Evitar exposar-te a les radiacions solars<\/strong> o bronzejar-te amb ultraviolades, com a m\u00ednim durant els 15 dies posteriors a cada sessi\u00f3. Tamb\u00e9, haur\u00e0s de realitzar un tractament domiciliari espec\u00edfic per accelerar el proc\u00e9s.<\/div>\n<\/li>\n<li style=\"text-align: justify;\">Realitzar un <strong>tractament domiciliari espec\u00edfic<\/strong> per accelerar el proc\u00e9s.<\/li>\n<\/ul>\n<p>[\/vc_column_text][\/vc_accordion_tab][vc_accordion_tab title=&#8221;Tindr\u00e9 alg\u00fan efecte secundari?&#8221;][vc_column_text]<\/p>\n<div id=\"stcpDiv\">En acabar cada sessi\u00f3 de radiofreq\u00fc\u00e8ncia <strong>\u00e9s normal que la pell presenti una mica d\u2019enrogiment<\/strong>, que desapareixer\u00e0 en 24 h., i una lleugera <strong>sensaci\u00f3 de sequedat cut\u00e0nia<\/strong> que desapareix amb l\u2019aplicaci\u00f3 de la cosm\u00e8tica adequada.<\/div>\n<p>[\/vc_column_text][\/vc_accordion_tab][vc_accordion_tab title=&#8221;En quins casos est\u00e0 contraindicada la Radiofreq\u00fc\u00e8ncia?&#8221;][vc_column_text]<\/p>\n<div id=\"stcpDiv\" style=\"text-align: justify;\">Est\u00e0 contraindicada en els casos d\u2019intervenci\u00f3 cosm\u00e8tica ablativa o no ablativa en els \u00faltims 3 mesos,<strong> embar\u00e0s, lact\u00e0ncia<\/strong>, malaltia activa del col\u00b7l\u00e0gen com el lupus, <strong>malalties vasculars i cardiopaties<\/strong>, <strong>cremades a la zona a tractar<\/strong>, alteracions de la coagulaci\u00f3, malalties neuromusculars, <strong>malalties oncol\u00f2giques,<\/strong> infeccions bacterianes o virals, malalties renalo hep\u00e0tiques, implants recents de col\u00b7l\u00e0gen, tenir alguna pr\u00f2tesi met\u00e0l\u00b7lica, marcapassos o obesitat m\u00f2rbida.<\/div>\n<p>[\/vc_column_text][\/vc_accordion_tab][vc_accordion_tab title=&#8221;Podr\u00e9 combinar-ho amb altres ter\u00e0pies corporals i\/o facials?&#8221;][vc_column_text]<\/p>\n<div id=\"stcpDiv\">\u00c9s totalment <strong>compatible i combinable amb totes les ter\u00e0pies medicoest\u00e8tiques corporals i facials<\/strong> seguint les recomanacions pautades pels nostres Metges Especialistes en Medicina Est\u00e8tica amb l\u2019objectiu de real\u00e7ar la imatge personal.<\/div>\n<p>[\/vc_column_text][\/vc_accordion_tab][\/vc_accordion][\/vc_column][\/vc_row]<\/p>\n<\/div><!-- AddThis Advanced Settings generic via filter on the_content --><!-- AddThis Share Buttons generic via filter on the_content -->","protected":false},"excerpt":{"rendered":"<p>[vc_row background_color=&#8221;#f9f9f9&#8243;][vc_column][vc_empty_space height=&#8221;40px&#8221;][vc_row_inner][vc_column_inner width=&#8221;1\/2&#8243;][vc_single_image image=&#8221;8687&#8243; img_link_large=&#8221;&#8221;][\/vc_column_inner][vc_column_inner width=&#8221;1\/2&#8243;][vc_column_text] A C\u00e0nons Clinics t\u2019oferim un dels tractaments antiaging amb m\u00e9s demanda. Combina la Radiofreq\u00fc\u00e8ncia amb els Ultrasons per tractar la flaccidesa corporal i facial alhora que redueix els dip\u00f2sits de greix i elimina la celulitis. [\/vc_column_text][vc_empty_space][\/vc_column_inner][\/vc_row_inner][\/vc_column][\/vc_row][vc_row section_type=&#8221;full-width&#8221;][vc_column][vc_empty_space][vc_accordion][vc_accordion_tab title=&#8221;En&#8230;<!-- AddThis Advanced Settings generic via filter on get_the_excerpt --><!-- AddThis Share Buttons generic via filter on get_the_excerpt --><\/p>\n","protected":false},"author":25,"featured_media":0,"parent":0,"menu_order":0,"comment_status":"open","ping_status":"open","template":"","meta":{"footnotes":""},"class_list":["post-9106","page","type-page","status-publish","hentry"],"yoast_head":"<!-- This site is optimized with the Yoast SEO Premium plugin v26.9 (Yoast SEO v27.4) - https:\/\/yoast.com\/product\/yoast-seo-premium-wordpress\/ -->\n<title>Ter\u00e0pia Reafirmant Facial amb Radiofreq\u00fc\u00e8ncia - Cl\u00ednica C\u00e0nons | Cirurgia i Medicina Estetica a Barcelona, \u200b\u200bGranollers<\/title>\n<meta name=\"robots\" content=\"index, follow, max-snippet:-1, max-image-preview:large, max-video-preview:-1\" \/>\n<link rel=\"canonical\" href=\"https:\/\/www.canons.es\/terapia-reafirmante-facial-con-radiofrecuencia\/\" \/>\n<meta property=\"og:locale\" content=\"ca_ES\" \/>\n<meta property=\"og:type\" content=\"article\" \/>\n<meta property=\"og:title\" content=\"Ter\u00e0pia Reafirmant Facial amb Radiofreq\u00fc\u00e8ncia\" \/>\n<meta property=\"og:description\" content=\"[vc_row background_color=&#8221;#f9f9f9&#8243;][vc_column][vc_empty_space height=&#8221;40px&#8221;][vc_row_inner][vc_column_inner width=&#8221;1\/2&#8243;][vc_single_image image=&#8221;8687&#8243; img_link_large=&#8221;&#8221;][\/vc_column_inner][vc_column_inner width=&#8221;1\/2&#8243;][vc_column_text] A C\u00e0nons Clinics t\u2019oferim un dels tractaments antiaging amb m\u00e9s demanda. Combina la Radiofreq\u00fc\u00e8ncia amb els Ultrasons per tractar la flaccidesa corporal i facial alhora que redueix els dip\u00f2sits de greix i elimina la celulitis. [\/vc_column_text][vc_empty_space][\/vc_column_inner][\/vc_row_inner][\/vc_column][\/vc_row][vc_row section_type=&#8221;full-width&#8221;][vc_column][vc_empty_space][vc_accordion][vc_accordion_tab title=&#8221;En...\" \/>\n<meta property=\"og:url\" content=\"https:\/\/www.canons.es\/terapia-reafirmante-facial-con-radiofrecuencia\/\" \/>\n<meta property=\"og:site_name\" content=\"Cl\u00ednica C\u00e0nons | Cirurgia i Medicina Estetica a Barcelona, \u200b\u200bGranollers\" \/>\n<meta property=\"article:publisher\" content=\"https:\/\/www.facebook.com\/canonsclinics\/\" \/>\n<meta property=\"article:modified_time\" content=\"2015-11-26T08:14:14+00:00\" \/>\n<meta name=\"twitter:card\" content=\"summary_large_image\" \/>\n<meta name=\"twitter:site\" content=\"@canonsclinics\" \/>\n<meta name=\"twitter:label1\" content=\"Temps estimat de lectura\" \/>\n\t<meta name=\"twitter:data1\" content=\"6 minuts\" \/>\n<script type=\"application\/ld+json\" class=\"yoast-schema-graph\">{\"@context\":\"https:\\\/\\\/schema.org\",\"@graph\":[{\"@type\":\"WebPage\",\"@id\":\"https:\\\/\\\/www.canons.es\\\/terapia-reafirmante-facial-con-radiofrecuencia\\\/\",\"url\":\"https:\\\/\\\/www.canons.es\\\/terapia-reafirmante-facial-con-radiofrecuencia\\\/\",\"name\":\"Ter\u00e0pia Reafirmant Facial amb Radiofreq\u00fc\u00e8ncia - Cl\u00ednica C\u00e0nons | Cirurgia i Medicina Estetica a Barcelona, \u200b\u200bGranollers\",\"isPartOf\":{\"@id\":\"https:\\\/\\\/www.canons.es\\\/#website\"},\"datePublished\":\"2015-07-14T11:56:17+00:00\",\"dateModified\":\"2015-11-26T08:14:14+00:00\",\"breadcrumb\":{\"@id\":\"https:\\\/\\\/www.canons.es\\\/terapia-reafirmante-facial-con-radiofrecuencia\\\/#breadcrumb\"},\"inLanguage\":\"ca\",\"potentialAction\":[{\"@type\":\"ReadAction\",\"target\":[\"https:\\\/\\\/www.canons.es\\\/terapia-reafirmante-facial-con-radiofrecuencia\\\/\"]}]},{\"@type\":\"BreadcrumbList\",\"@id\":\"https:\\\/\\\/www.canons.es\\\/terapia-reafirmante-facial-con-radiofrecuencia\\\/#breadcrumb\",\"itemListElement\":[{\"@type\":\"ListItem\",\"position\":1,\"name\":\"Portada\",\"item\":\"https:\\\/\\\/www.canons.es\\\/ca\\\/\"},{\"@type\":\"ListItem\",\"position\":2,\"name\":\"Ter\u00e0pia Reafirmant Facial amb Radiofreq\u00fc\u00e8ncia\"}]},{\"@type\":\"WebSite\",\"@id\":\"https:\\\/\\\/www.canons.es\\\/#website\",\"url\":\"https:\\\/\\\/www.canons.es\\\/\",\"name\":\"Cirug\u00eda Pl\u00e1stica y Est\u00e9tica Barcelona y Granollers | C\u00e0nons Clinics\",\"description\":\"\",\"publisher\":{\"@id\":\"https:\\\/\\\/www.canons.es\\\/#organization\"},\"potentialAction\":[{\"@type\":\"SearchAction\",\"target\":{\"@type\":\"EntryPoint\",\"urlTemplate\":\"https:\\\/\\\/www.canons.es\\\/?s={search_term_string}\"},\"query-input\":{\"@type\":\"PropertyValueSpecification\",\"valueRequired\":true,\"valueName\":\"search_term_string\"}}],\"inLanguage\":\"ca\"},{\"@type\":\"Organization\",\"@id\":\"https:\\\/\\\/www.canons.es\\\/#organization\",\"name\":\"Cirug\u00eda Pl\u00e1stica y Est\u00e9tica Barcelona y Granollers | C\u00e0nons Clinics\",\"url\":\"https:\\\/\\\/www.canons.es\\\/\",\"logo\":{\"@type\":\"ImageObject\",\"inLanguage\":\"ca\",\"@id\":\"https:\\\/\\\/www.canons.es\\\/#\\\/schema\\\/logo\\\/image\\\/\",\"url\":\"https:\\\/\\\/www.canons.es\\\/wp-content\\\/uploads\\\/2025\\\/04\\\/logo-canons-clinics.jpg\",\"contentUrl\":\"https:\\\/\\\/www.canons.es\\\/wp-content\\\/uploads\\\/2025\\\/04\\\/logo-canons-clinics.jpg\",\"width\":600,\"height\":139,\"caption\":\"Cirug\u00eda Pl\u00e1stica y Est\u00e9tica Barcelona y Granollers | C\u00e0nons Clinics\"},\"image\":{\"@id\":\"https:\\\/\\\/www.canons.es\\\/#\\\/schema\\\/logo\\\/image\\\/\"},\"sameAs\":[\"https:\\\/\\\/www.facebook.com\\\/canonsclinics\\\/\",\"https:\\\/\\\/x.com\\\/canonsclinics\",\"https:\\\/\\\/www.instagram.com\\\/canonsclinics\\\/\",\"https:\\\/\\\/www.youtube.com\\\/channel\\\/UCI1Ia6LjALyo1CuQ0_HwtfQ\",\"https:\\\/\\\/www.linkedin.com\\\/company\\\/canons-clinics\\\/\"]}]}<\/script>\n<!-- \/ Yoast SEO Premium plugin. -->","yoast_head_json":{"title":"Ter\u00e0pia Reafirmant Facial amb Radiofreq\u00fc\u00e8ncia - Cl\u00ednica C\u00e0nons | Cirurgia i Medicina Estetica a Barcelona, \u200b\u200bGranollers","robots":{"index":"index","follow":"follow","max-snippet":"max-snippet:-1","max-image-preview":"max-image-preview:large","max-video-preview":"max-video-preview:-1"},"canonical":"https:\/\/www.canons.es\/terapia-reafirmante-facial-con-radiofrecuencia\/","og_locale":"ca_ES","og_type":"article","og_title":"Ter\u00e0pia Reafirmant Facial amb Radiofreq\u00fc\u00e8ncia","og_description":"[vc_row background_color=&#8221;#f9f9f9&#8243;][vc_column][vc_empty_space height=&#8221;40px&#8221;][vc_row_inner][vc_column_inner width=&#8221;1\/2&#8243;][vc_single_image image=&#8221;8687&#8243; img_link_large=&#8221;&#8221;][\/vc_column_inner][vc_column_inner width=&#8221;1\/2&#8243;][vc_column_text] A C\u00e0nons Clinics t\u2019oferim un dels tractaments antiaging amb m\u00e9s demanda. Combina la Radiofreq\u00fc\u00e8ncia amb els Ultrasons per tractar la flaccidesa corporal i facial alhora que redueix els dip\u00f2sits de greix i elimina la celulitis. [\/vc_column_text][vc_empty_space][\/vc_column_inner][\/vc_row_inner][\/vc_column][\/vc_row][vc_row section_type=&#8221;full-width&#8221;][vc_column][vc_empty_space][vc_accordion][vc_accordion_tab title=&#8221;En...","og_url":"https:\/\/www.canons.es\/terapia-reafirmante-facial-con-radiofrecuencia\/","og_site_name":"Cl\u00ednica C\u00e0nons | Cirurgia i Medicina Estetica a Barcelona, \u200b\u200bGranollers","article_publisher":"https:\/\/www.facebook.com\/canonsclinics\/","article_modified_time":"2015-11-26T08:14:14+00:00","twitter_card":"summary_large_image","twitter_site":"@canonsclinics","twitter_misc":{"Temps estimat de lectura":"6 minuts"},"schema":{"@context":"https:\/\/schema.org","@graph":[{"@type":"WebPage","@id":"https:\/\/www.canons.es\/terapia-reafirmante-facial-con-radiofrecuencia\/","url":"https:\/\/www.canons.es\/terapia-reafirmante-facial-con-radiofrecuencia\/","name":"Ter\u00e0pia Reafirmant Facial amb Radiofreq\u00fc\u00e8ncia - Cl\u00ednica C\u00e0nons | Cirurgia i Medicina Estetica a Barcelona, \u200b\u200bGranollers","isPartOf":{"@id":"https:\/\/www.canons.es\/#website"},"datePublished":"2015-07-14T11:56:17+00:00","dateModified":"2015-11-26T08:14:14+00:00","breadcrumb":{"@id":"https:\/\/www.canons.es\/terapia-reafirmante-facial-con-radiofrecuencia\/#breadcrumb"},"inLanguage":"ca","potentialAction":[{"@type":"ReadAction","target":["https:\/\/www.canons.es\/terapia-reafirmante-facial-con-radiofrecuencia\/"]}]},{"@type":"BreadcrumbList","@id":"https:\/\/www.canons.es\/terapia-reafirmante-facial-con-radiofrecuencia\/#breadcrumb","itemListElement":[{"@type":"ListItem","position":1,"name":"Portada","item":"https:\/\/www.canons.es\/ca\/"},{"@type":"ListItem","position":2,"name":"Ter\u00e0pia Reafirmant Facial amb Radiofreq\u00fc\u00e8ncia"}]},{"@type":"WebSite","@id":"https:\/\/www.canons.es\/#website","url":"https:\/\/www.canons.es\/","name":"Cirug\u00eda Pl\u00e1stica y Est\u00e9tica Barcelona y Granollers | C\u00e0nons Clinics","description":"","publisher":{"@id":"https:\/\/www.canons.es\/#organization"},"potentialAction":[{"@type":"SearchAction","target":{"@type":"EntryPoint","urlTemplate":"https:\/\/www.canons.es\/?s={search_term_string}"},"query-input":{"@type":"PropertyValueSpecification","valueRequired":true,"valueName":"search_term_string"}}],"inLanguage":"ca"},{"@type":"Organization","@id":"https:\/\/www.canons.es\/#organization","name":"Cirug\u00eda Pl\u00e1stica y Est\u00e9tica Barcelona y Granollers | C\u00e0nons Clinics","url":"https:\/\/www.canons.es\/","logo":{"@type":"ImageObject","inLanguage":"ca","@id":"https:\/\/www.canons.es\/#\/schema\/logo\/image\/","url":"https:\/\/www.canons.es\/wp-content\/uploads\/2025\/04\/logo-canons-clinics.jpg","contentUrl":"https:\/\/www.canons.es\/wp-content\/uploads\/2025\/04\/logo-canons-clinics.jpg","width":600,"height":139,"caption":"Cirug\u00eda Pl\u00e1stica y Est\u00e9tica Barcelona y Granollers | C\u00e0nons Clinics"},"image":{"@id":"https:\/\/www.canons.es\/#\/schema\/logo\/image\/"},"sameAs":["https:\/\/www.facebook.com\/canonsclinics\/","https:\/\/x.com\/canonsclinics","https:\/\/www.instagram.com\/canonsclinics\/","https:\/\/www.youtube.com\/channel\/UCI1Ia6LjALyo1CuQ0_HwtfQ","https:\/\/www.linkedin.com\/company\/canons-clinics\/"]}]}},"_links":{"self":[{"href":"https:\/\/www.canons.es\/ca\/wp-json\/wp\/v2\/pages\/9106","targetHints":{"allow":["GET"]}}],"collection":[{"href":"https:\/\/www.canons.es\/ca\/wp-json\/wp\/v2\/pages"}],"about":[{"href":"https:\/\/www.canons.es\/ca\/wp-json\/wp\/v2\/types\/page"}],"author":[{"embeddable":true,"href":"https:\/\/www.canons.es\/ca\/wp-json\/wp\/v2\/users\/25"}],"replies":[{"embeddable":true,"href":"https:\/\/www.canons.es\/ca\/wp-json\/wp\/v2\/comments?post=9106"}],"version-history":[{"count":0,"href":"https:\/\/www.canons.es\/ca\/wp-json\/wp\/v2\/pages\/9106\/revisions"}],"wp:attachment":[{"href":"https:\/\/www.canons.es\/ca\/wp-json\/wp\/v2\/media?parent=9106"}],"curies":[{"name":"wp","href":"https:\/\/api.w.org\/{rel}","templated":true}]}}