{"id":9061,"date":"2015-07-13T10:34:55","date_gmt":"2015-07-13T10:34:55","guid":{"rendered":"https:\/\/www.canons.es\/ca\/estrella-rodriguez-rodriguez\/"},"modified":"2015-10-23T13:17:12","modified_gmt":"2015-10-23T13:17:12","slug":"estrella-rodriguez-rodriguez","status":"publish","type":"page","link":"https:\/\/www.canons.es\/ca\/estrella-rodriguez-rodriguez\/","title":{"rendered":"Equip M\u00e8dic"},"content":{"rendered":"<div class=\"wpb-content-wrapper\"><p>[vc_row section_type=&#8221;full-width&#8221;][vc_column width=&#8221;1\/2&#8243;][vc_single_image image=&#8221;7660&#8243; css_animation=&#8221;fadeInLeft&#8221; img_link_large=&#8221;&#8221;][\/vc_column][vc_column width=&#8221;1\/2&#8243;][vc_heading title=&#8221;Estrella Rodr\u00edguez Rodr\u00edguez&#8221; type=&#8221;h2&#8243; style=&#8221;style1&#8243;][vc_column_text]<\/p>\n<div id=\"stcpDiv\">\n<p><strong>Esteticista grau superior<\/strong><br \/>\n<strong>Nutricionista\u00a0<\/strong><strong>grado superior<\/strong><br \/>\n<strong>Linfoterapeuta<\/strong><br \/>\n<strong>Quiromassatgista<\/strong><\/p>\n<\/div>\n<p>[\/vc_column_text][vc_empty_space][vc_column_text]<\/p>\n<h4><span style=\"color: #6d98dc;\">DADES ACAD\u00c8MIQUES<\/span><\/h4>\n<div id=\"stcpDiv\">\n<ul>\n<li>Grau superior d\u2019est\u00e8tica (1997-1999) I.E.S. Salvador Segu\u00ed<\/li>\n<li>Grau\u00a0superior de nutrici\u00f3 (2009-2011) I.E.S. Ram\u00f3n y cajal<\/li>\n<li>Curs drenatge limf\u00e0tic (M\u00e8tode Vooder), Quiromassatge (1999-2000) I.E.S. Salvador Segu\u00ed<\/li>\n<li>Curs de Cirurgia Est\u00e8tica, Reflexologia, Aromaterapia, Siatshu (1999-2000) I.E.S. Salvador Segu\u00ed<\/li>\n<li>Curs de Nutrici\u00f3 en Enfermetats Cardiovasculars (2010) Almer\u00eda.<\/li>\n<li>Curs d\u2019empresa d\u2019Auxiliar de Quir\u00f2fan i esterilitzaci\u00f3 de materials quir\u00fargics.<\/li>\n<li>Cursos d\u2019empresa de LPG, Cavitaci\u00f3, Radiofreq\u00fc\u00e8ncia, IPL, Oxigenoterapia i massatges SPA.<\/li>\n<\/ul>\n<\/div>\n<p>[\/vc_column_text][\/vc_column][\/vc_row][vc_row][vc_column][vc_empty_space][\/vc_column][\/vc_row][vc_row section_type=&#8221;full-width&#8221;][vc_column][vc_accordion][vc_accordion_tab title=&#8221;EXPERI\u00c8NCIA PROFESSIONAL&#8221;][vc_column_text]<\/p>\n<div id=\"stcpDiv\">\n<ul>\n<li>Centre d\u2019Est\u00e8tica Bisel\u00a0 2000-2005<\/li>\n<li>Cl\u00ednica Sants Institut 2005-2011<\/li>\n<li>Policl\u00ednica Barcelona (2011-2013)<\/li>\n<li>C\u00e0nons Clinics, centres especialitzats en Cirurgia i Medicina Est\u00e8tica, 2013 fins a l\u2019actualitat.<\/li>\n<\/ul>\n<\/div>\n<p>[\/vc_column_text][\/vc_accordion_tab][\/vc_accordion][\/vc_column][\/vc_row]<\/p>\n<\/div><!-- AddThis Advanced Settings generic via filter on the_content --><!-- AddThis Share Buttons generic via filter on the_content -->","protected":false},"excerpt":{"rendered":"<p>[vc_row section_type=&#8221;full-width&#8221;][vc_column width=&#8221;1\/2&#8243;][vc_single_image image=&#8221;7660&#8243; css_animation=&#8221;fadeInLeft&#8221; img_link_large=&#8221;&#8221;][\/vc_column][vc_column width=&#8221;1\/2&#8243;][vc_heading title=&#8221;Estrella Rodr\u00edguez Rodr\u00edguez&#8221; type=&#8221;h2&#8243; style=&#8221;style1&#8243;][vc_column_text] Esteticista grau superior Nutricionista\u00a0grado superior Linfoterapeuta Quiromassatgista [\/vc_column_text][vc_empty_space][vc_column_text] DADES ACAD\u00c8MIQUES Grau superior d\u2019est\u00e8tica (1997-1999) I.E.S. Salvador Segu\u00ed Grau\u00a0superior de nutrici\u00f3 (2009-2011) I.E.S. Ram\u00f3n y cajal Curs drenatge limf\u00e0tic (M\u00e8tode Vooder), Quiromassatge (1999-2000) I.E.S&#8230;.<!-- AddThis Advanced Settings generic via filter on get_the_excerpt --><!-- AddThis Share Buttons generic via filter on get_the_excerpt --><\/p>\n","protected":false},"author":25,"featured_media":0,"parent":0,"menu_order":0,"comment_status":"open","ping_status":"open","template":"","meta":{"footnotes":""},"class_list":["post-9061","page","type-page","status-publish","hentry"],"yoast_head":"<!-- This site is optimized with the Yoast SEO Premium plugin v26.9 (Yoast SEO v27.6) - https:\/\/yoast.com\/product\/yoast-seo-premium-wordpress\/ -->\n<title>Equip M\u00e8dic - Cl\u00ednica C\u00e0nons | Cirurgia i Medicina Estetica a Barcelona, \u200b\u200bGranollers<\/title>\n<meta name=\"robots\" content=\"index, follow, max-snippet:-1, max-image-preview:large, max-video-preview:-1\" \/>\n<link rel=\"canonical\" href=\"https:\/\/www.canons.es\/ca\/estrella-rodriguez-rodriguez\/\" \/>\n<meta property=\"og:locale\" content=\"ca_ES\" \/>\n<meta property=\"og:type\" content=\"article\" \/>\n<meta property=\"og:title\" content=\"Equip M\u00e8dic\" \/>\n<meta property=\"og:description\" content=\"[vc_row section_type=&#8221;full-width&#8221;][vc_column width=&#8221;1\/2&#8243;][vc_single_image image=&#8221;7660&#8243; css_animation=&#8221;fadeInLeft&#8221; img_link_large=&#8221;&#8221;][\/vc_column][vc_column width=&#8221;1\/2&#8243;][vc_heading title=&#8221;Estrella Rodr\u00edguez Rodr\u00edguez&#8221; type=&#8221;h2&#8243; style=&#8221;style1&#8243;][vc_column_text] Esteticista grau superior Nutricionista\u00a0grado superior Linfoterapeuta Quiromassatgista [\/vc_column_text][vc_empty_space][vc_column_text] DADES ACAD\u00c8MIQUES Grau superior d\u2019est\u00e8tica (1997-1999) I.E.S. Salvador Segu\u00ed Grau\u00a0superior de nutrici\u00f3 (2009-2011) I.E.S. Ram\u00f3n y cajal Curs drenatge limf\u00e0tic (M\u00e8tode Vooder), Quiromassatge (1999-2000) I.E.S....\" \/>\n<meta property=\"og:url\" content=\"https:\/\/www.canons.es\/ca\/estrella-rodriguez-rodriguez\/\" \/>\n<meta property=\"og:site_name\" content=\"Cl\u00ednica C\u00e0nons | Cirurgia i Medicina Estetica a Barcelona, \u200b\u200bGranollers\" \/>\n<meta property=\"article:publisher\" content=\"https:\/\/www.facebook.com\/canonsclinics\/\" \/>\n<meta property=\"article:modified_time\" content=\"2015-10-23T13:17:12+00:00\" \/>\n<meta name=\"twitter:card\" content=\"summary_large_image\" \/>\n<meta name=\"twitter:site\" content=\"@canonsclinics\" \/>\n<meta name=\"twitter:label1\" content=\"Temps estimat de lectura\" \/>\n\t<meta name=\"twitter:data1\" content=\"1 minut\" \/>\n<script type=\"application\/ld+json\" class=\"yoast-schema-graph\">{\"@context\":\"https:\\\/\\\/schema.org\",\"@graph\":[{\"@type\":\"WebPage\",\"@id\":\"https:\\\/\\\/www.canons.es\\\/ca\\\/estrella-rodriguez-rodriguez\\\/\",\"url\":\"https:\\\/\\\/www.canons.es\\\/ca\\\/estrella-rodriguez-rodriguez\\\/\",\"name\":\"Equip M\u00e8dic - Cl\u00ednica C\u00e0nons | Cirurgia i Medicina Estetica a Barcelona, \u200b\u200bGranollers\",\"isPartOf\":{\"@id\":\"https:\\\/\\\/www.canons.es\\\/#website\"},\"datePublished\":\"2015-07-13T10:34:55+00:00\",\"dateModified\":\"2015-10-23T13:17:12+00:00\",\"breadcrumb\":{\"@id\":\"https:\\\/\\\/www.canons.es\\\/ca\\\/estrella-rodriguez-rodriguez\\\/#breadcrumb\"},\"inLanguage\":\"ca\",\"potentialAction\":[{\"@type\":\"ReadAction\",\"target\":[\"https:\\\/\\\/www.canons.es\\\/ca\\\/estrella-rodriguez-rodriguez\\\/\"]}]},{\"@type\":\"BreadcrumbList\",\"@id\":\"https:\\\/\\\/www.canons.es\\\/ca\\\/estrella-rodriguez-rodriguez\\\/#breadcrumb\",\"itemListElement\":[{\"@type\":\"ListItem\",\"position\":1,\"name\":\"Portada\",\"item\":\"https:\\\/\\\/www.canons.es\\\/ca\\\/\"},{\"@type\":\"ListItem\",\"position\":2,\"name\":\"Equip M\u00e8dic\"}]},{\"@type\":\"WebSite\",\"@id\":\"https:\\\/\\\/www.canons.es\\\/#website\",\"url\":\"https:\\\/\\\/www.canons.es\\\/\",\"name\":\"Cirug\u00eda Pl\u00e1stica y Est\u00e9tica Barcelona y Granollers | C\u00e0nons Clinics\",\"description\":\"\",\"publisher\":{\"@id\":\"https:\\\/\\\/www.canons.es\\\/#organization\"},\"potentialAction\":[{\"@type\":\"SearchAction\",\"target\":{\"@type\":\"EntryPoint\",\"urlTemplate\":\"https:\\\/\\\/www.canons.es\\\/?s={search_term_string}\"},\"query-input\":{\"@type\":\"PropertyValueSpecification\",\"valueRequired\":true,\"valueName\":\"search_term_string\"}}],\"inLanguage\":\"ca\"},{\"@type\":\"Organization\",\"@id\":\"https:\\\/\\\/www.canons.es\\\/#organization\",\"name\":\"Cirug\u00eda Pl\u00e1stica y Est\u00e9tica Barcelona y Granollers | C\u00e0nons Clinics\",\"url\":\"https:\\\/\\\/www.canons.es\\\/\",\"logo\":{\"@type\":\"ImageObject\",\"inLanguage\":\"ca\",\"@id\":\"https:\\\/\\\/www.canons.es\\\/#\\\/schema\\\/logo\\\/image\\\/\",\"url\":\"https:\\\/\\\/www.canons.es\\\/wp-content\\\/uploads\\\/2025\\\/04\\\/logo-canons-clinics.jpg\",\"contentUrl\":\"https:\\\/\\\/www.canons.es\\\/wp-content\\\/uploads\\\/2025\\\/04\\\/logo-canons-clinics.jpg\",\"width\":600,\"height\":139,\"caption\":\"Cirug\u00eda Pl\u00e1stica y Est\u00e9tica Barcelona y Granollers | C\u00e0nons Clinics\"},\"image\":{\"@id\":\"https:\\\/\\\/www.canons.es\\\/#\\\/schema\\\/logo\\\/image\\\/\"},\"sameAs\":[\"https:\\\/\\\/www.facebook.com\\\/canonsclinics\\\/\",\"https:\\\/\\\/x.com\\\/canonsclinics\",\"https:\\\/\\\/www.instagram.com\\\/canonsclinics\\\/\",\"https:\\\/\\\/www.youtube.com\\\/channel\\\/UCI1Ia6LjALyo1CuQ0_HwtfQ\",\"https:\\\/\\\/www.linkedin.com\\\/company\\\/canons-clinics\\\/\"]}]}<\/script>\n<!-- \/ Yoast SEO Premium plugin. -->","yoast_head_json":{"title":"Equip M\u00e8dic - Cl\u00ednica C\u00e0nons | Cirurgia i Medicina Estetica a Barcelona, \u200b\u200bGranollers","robots":{"index":"index","follow":"follow","max-snippet":"max-snippet:-1","max-image-preview":"max-image-preview:large","max-video-preview":"max-video-preview:-1"},"canonical":"https:\/\/www.canons.es\/ca\/estrella-rodriguez-rodriguez\/","og_locale":"ca_ES","og_type":"article","og_title":"Equip M\u00e8dic","og_description":"[vc_row section_type=&#8221;full-width&#8221;][vc_column width=&#8221;1\/2&#8243;][vc_single_image image=&#8221;7660&#8243; css_animation=&#8221;fadeInLeft&#8221; img_link_large=&#8221;&#8221;][\/vc_column][vc_column width=&#8221;1\/2&#8243;][vc_heading title=&#8221;Estrella Rodr\u00edguez Rodr\u00edguez&#8221; type=&#8221;h2&#8243; style=&#8221;style1&#8243;][vc_column_text] Esteticista grau superior Nutricionista\u00a0grado superior Linfoterapeuta Quiromassatgista [\/vc_column_text][vc_empty_space][vc_column_text] DADES ACAD\u00c8MIQUES Grau superior d\u2019est\u00e8tica (1997-1999) I.E.S. Salvador Segu\u00ed Grau\u00a0superior de nutrici\u00f3 (2009-2011) I.E.S. Ram\u00f3n y cajal Curs drenatge limf\u00e0tic (M\u00e8tode Vooder), Quiromassatge (1999-2000) I.E.S....","og_url":"https:\/\/www.canons.es\/ca\/estrella-rodriguez-rodriguez\/","og_site_name":"Cl\u00ednica C\u00e0nons | Cirurgia i Medicina Estetica a Barcelona, \u200b\u200bGranollers","article_publisher":"https:\/\/www.facebook.com\/canonsclinics\/","article_modified_time":"2015-10-23T13:17:12+00:00","twitter_card":"summary_large_image","twitter_site":"@canonsclinics","twitter_misc":{"Temps estimat de lectura":"1 minut"},"schema":{"@context":"https:\/\/schema.org","@graph":[{"@type":"WebPage","@id":"https:\/\/www.canons.es\/ca\/estrella-rodriguez-rodriguez\/","url":"https:\/\/www.canons.es\/ca\/estrella-rodriguez-rodriguez\/","name":"Equip M\u00e8dic - Cl\u00ednica C\u00e0nons | Cirurgia i Medicina Estetica a Barcelona, \u200b\u200bGranollers","isPartOf":{"@id":"https:\/\/www.canons.es\/#website"},"datePublished":"2015-07-13T10:34:55+00:00","dateModified":"2015-10-23T13:17:12+00:00","breadcrumb":{"@id":"https:\/\/www.canons.es\/ca\/estrella-rodriguez-rodriguez\/#breadcrumb"},"inLanguage":"ca","potentialAction":[{"@type":"ReadAction","target":["https:\/\/www.canons.es\/ca\/estrella-rodriguez-rodriguez\/"]}]},{"@type":"BreadcrumbList","@id":"https:\/\/www.canons.es\/ca\/estrella-rodriguez-rodriguez\/#breadcrumb","itemListElement":[{"@type":"ListItem","position":1,"name":"Portada","item":"https:\/\/www.canons.es\/ca\/"},{"@type":"ListItem","position":2,"name":"Equip M\u00e8dic"}]},{"@type":"WebSite","@id":"https:\/\/www.canons.es\/#website","url":"https:\/\/www.canons.es\/","name":"Cirug\u00eda Pl\u00e1stica y Est\u00e9tica Barcelona y Granollers | C\u00e0nons Clinics","description":"","publisher":{"@id":"https:\/\/www.canons.es\/#organization"},"potentialAction":[{"@type":"SearchAction","target":{"@type":"EntryPoint","urlTemplate":"https:\/\/www.canons.es\/?s={search_term_string}"},"query-input":{"@type":"PropertyValueSpecification","valueRequired":true,"valueName":"search_term_string"}}],"inLanguage":"ca"},{"@type":"Organization","@id":"https:\/\/www.canons.es\/#organization","name":"Cirug\u00eda Pl\u00e1stica y Est\u00e9tica Barcelona y Granollers | C\u00e0nons Clinics","url":"https:\/\/www.canons.es\/","logo":{"@type":"ImageObject","inLanguage":"ca","@id":"https:\/\/www.canons.es\/#\/schema\/logo\/image\/","url":"https:\/\/www.canons.es\/wp-content\/uploads\/2025\/04\/logo-canons-clinics.jpg","contentUrl":"https:\/\/www.canons.es\/wp-content\/uploads\/2025\/04\/logo-canons-clinics.jpg","width":600,"height":139,"caption":"Cirug\u00eda Pl\u00e1stica y Est\u00e9tica Barcelona y Granollers | C\u00e0nons Clinics"},"image":{"@id":"https:\/\/www.canons.es\/#\/schema\/logo\/image\/"},"sameAs":["https:\/\/www.facebook.com\/canonsclinics\/","https:\/\/x.com\/canonsclinics","https:\/\/www.instagram.com\/canonsclinics\/","https:\/\/www.youtube.com\/channel\/UCI1Ia6LjALyo1CuQ0_HwtfQ","https:\/\/www.linkedin.com\/company\/canons-clinics\/"]}]}},"_links":{"self":[{"href":"https:\/\/www.canons.es\/ca\/wp-json\/wp\/v2\/pages\/9061","targetHints":{"allow":["GET"]}}],"collection":[{"href":"https:\/\/www.canons.es\/ca\/wp-json\/wp\/v2\/pages"}],"about":[{"href":"https:\/\/www.canons.es\/ca\/wp-json\/wp\/v2\/types\/page"}],"author":[{"embeddable":true,"href":"https:\/\/www.canons.es\/ca\/wp-json\/wp\/v2\/users\/25"}],"replies":[{"embeddable":true,"href":"https:\/\/www.canons.es\/ca\/wp-json\/wp\/v2\/comments?post=9061"}],"version-history":[{"count":0,"href":"https:\/\/www.canons.es\/ca\/wp-json\/wp\/v2\/pages\/9061\/revisions"}],"wp:attachment":[{"href":"https:\/\/www.canons.es\/ca\/wp-json\/wp\/v2\/media?parent=9061"}],"curies":[{"name":"wp","href":"https:\/\/api.w.org\/{rel}","templated":true}]}}