{"id":9043,"date":"2015-07-13T10:18:33","date_gmt":"2015-07-13T10:18:33","guid":{"rendered":"https:\/\/www.canons.es\/ca\/dipl-antonia-badia-gimenez\/"},"modified":"2019-10-24T14:44:38","modified_gmt":"2019-10-24T14:44:38","slug":"dipl-antonia-badia-gimenez","status":"publish","type":"page","link":"https:\/\/www.canons.es\/ca\/equip-canons\/dipl-antonia-badia-gimenez\/","title":{"rendered":"Equip C\u00e0nons Clinics"},"content":{"rendered":"<div class=\"wpb-content-wrapper\"><p>[vc_row css_animation=&#8221;&#8221; row_type=&#8221;row&#8221; use_row_as_full_screen_section=&#8221;no&#8221; type=&#8221;full_width&#8221; angled_section=&#8221;no&#8221; text_align=&#8221;left&#8221; background_image_as_pattern=&#8221;without_pattern&#8221; section_type=&#8221;full-width&#8221;][vc_column width=&#8221;1\/2&#8243;][vc_single_image image=&#8221;7880&#8243; img_size=&#8221;full&#8221; qode_css_animation=&#8221;&#8221; css_animation=&#8221;fadeInLeft&#8221;][\/vc_column][vc_column width=&#8221;1\/2&#8243;][vc_column_text]<\/p>\n<h1><span style=\"color: #6d98dc;\">Dipl. Ant\u00f2nia Badia Gim\u00e9nez<\/span><\/h1>\n<p>[\/vc_column_text][vc_empty_space][vc_column_text]<span style=\"color: #6d98dc;\"><strong>Diplomada en Infermeria.<\/strong><\/span>[\/vc_column_text][vc_empty_space][vc_column_text]<\/p>\n<h4><span style=\"color: #6d98dc;\">DADES ACAD\u00c8MIQUES<\/span><\/h4>\n<p>&nbsp;<\/p>\n<ul>\n<li>T\u00edtol de Batxillerat i COU 1978.<\/li>\n<li>Curs de Puericultora 1979.<\/li>\n<li>T\u00edtol d\u2019Ajudant T\u00e8cnic Sanitari 1983\u00a0 Hospital Cl\u00ednic de Barcelona.<\/li>\n<li>Convalidaci\u00f3 del T\u00edtol d\u2019ATS pel de Diplomat d\u2019Infermeria 1985.<\/li>\n<li>V Curs Te\u00f2ric Pr\u00e0ctic d\u00b4Urologia a l\u2019Hospital de la Vall d\u2019Hebr\u00f3n de Barcelona el maig de 1981.<\/li>\n<li>I Curs d\u2019Infermeria de Cremats a l\u2019Hospital de la Vall d\u2019Hebr\u00f3n de Barcelona el juny de 1981.<\/li>\n<li>II Curs d\u2019Urg\u00e8ncies M\u00e8dic-Quir\u00fargiques a l\u2019Hospital de Bellvitge Hospitalet-Barcelona el desembre de 1982.<\/li>\n<li>II Jornades Col.legials d\u2019Atenci\u00f3 Prim\u00e0ria al\u00a0Col\u00b7legi D.I. de Barcelona el gener de 198<em>6.<\/em><\/li>\n<\/ul>\n<p>[\/vc_column_text][\/vc_column][\/vc_row][vc_row css_animation=&#8221;&#8221; row_type=&#8221;row&#8221; use_row_as_full_screen_section=&#8221;no&#8221; type=&#8221;full_width&#8221; angled_section=&#8221;no&#8221; text_align=&#8221;left&#8221; background_image_as_pattern=&#8221;without_pattern&#8221; section_type=&#8221;full-width&#8221;][vc_column][vc_empty_space][vc_column_text]<\/p>\n<ul>\n<li>Curs de Gesti\u00f3 i Administraci\u00f3 dels Serveis d\u2019Infermeria Hospitalaria a l\u2019Institut Policl\u00ednic Plat\u00f3 l\u2019abril de 1991.<\/li>\n<li>Assistent al\u00a0 I Seminari d\u2019Infermeria d\u2019Infecci\u00f3 Cl\u00ednica Hospital\u00e0ria a la\u00a0Cl\u00ednica Fiatc el febrer de 2004.<\/li>\n<li>Assistent i Ponent al XXII Congr\u00e9s de l\u2019Associaci\u00f3 Espanyola d\u2019Artrosc\u00f2pia a\u00a0Marbella el maig de 2004.<\/li>\n<li>Assistent al IV Seminari d\u2019Infermeria Quir\u00fargica d\u2019Infecci\u00f3 Hospitalaria a l\u2019Hospital del Mar el febrer de 2006.<\/li>\n<li>LVII Curs d\u2019 Operadors en Instal.lacions de Radiodiagn\u00f2stic General el\u00a0maig de 2011.<\/li>\n<li>Jornades d\u2019Atenci\u00f3 i Cures d\u2019Infermeria a la Gestant i el Nounat a la\u00a0Cl\u00ednica Diagonal el juliol de 2011.<\/li>\n<li>Asistent al III Curs d\u2019Infermeria en Medicina i Cirurgia Est\u00e8tica a\u00a0SEEMCE el novembre de 2012.<\/li>\n<\/ul>\n<p>[\/vc_column_text][vc_empty_space][\/vc_column][\/vc_row][vc_row css_animation=&#8221;&#8221; row_type=&#8221;row&#8221; use_row_as_full_screen_section=&#8221;no&#8221; type=&#8221;full_width&#8221; angled_section=&#8221;no&#8221; text_align=&#8221;left&#8221; background_image_as_pattern=&#8221;without_pattern&#8221; section_type=&#8221;full-width&#8221;][vc_column][vc_accordion style=&#8221;accordion&#8221;][vc_accordion_tab title=&#8221;EXPERI\u00c8NCIA PROFESSIONAL&#8221;][vc_column_text]<\/p>\n<ul>\n<li>Aux. de Cl\u00ednica a Planta d\u2019Hospitalitzaci\u00f3\/Quir\u00f2fan\/Nursery a la Cl\u00ednica Dauro el 1980.<\/li>\n<li>Diplomada d\u2019Infermeria a la\u00a0Planta d\u2019Hospitalitzaci\u00f3\/Quir\u00f2fan a la\u00a0Cl\u00ednica Dauro el 1989.<\/li>\n<li>Cap I Unitat de Microbiologia\u00a0(6 mesos) el 1986.<\/li>\n<li>Cap I\u00a0 Cirurgia\u00a0<em>(<\/em>6 mesos<em>) <\/em>el 1987.<\/li>\n<li>Planta d\u2019Hospitalitzaci\u00f3 a la\u00a0Cl\u00ednica Fundaci\u00f3 Fiatc el 1996.<\/li>\n<li>(Trauma, Cirurgia General, Laparosc\u00f2pica i Cirurgia Est\u00e8tica) a la\u00a0Cl\u00ednica Fundaci\u00f3 Fiatc\u00a0Quir\u00f2fan el 1996.<\/li>\n<li>Enfermera Instrumentista responsable de l\u2019\u00e0rea d\u2019Infermeria Quir\u00fargica i Reanimaci\u00f3 dels centres C\u00e0nons Clinics, cl\u00edniques especialitzades en Cirurgia Pl\u00e0stica i Medicina est\u00e8tica el 2004.<\/li>\n<li>Diplomada en Infermeria Quir\u00fargica especialitzada en Traumatologia, Cirurgia General, Laparosc\u00f2pica i Cirurgia Pl\u00e0stica, Reparadora i Est\u00e8tica a la Cl\u00ednica Diagonal el 2011.<\/li>\n<\/ul>\n<p>[\/vc_column_text][\/vc_accordion_tab][\/vc_accordion][\/vc_column][\/vc_row]<\/p>\n<\/div><!-- AddThis Advanced Settings generic via filter on the_content --><!-- AddThis Share Buttons generic via filter on the_content -->","protected":false},"excerpt":{"rendered":"<p>[vc_row css_animation=&#8221;&#8221; row_type=&#8221;row&#8221; use_row_as_full_screen_section=&#8221;no&#8221; type=&#8221;full_width&#8221; angled_section=&#8221;no&#8221; text_align=&#8221;left&#8221; background_image_as_pattern=&#8221;without_pattern&#8221; section_type=&#8221;full-width&#8221;][vc_column width=&#8221;1\/2&#8243;][vc_single_image image=&#8221;7880&#8243; img_size=&#8221;full&#8221; qode_css_animation=&#8221;&#8221; css_animation=&#8221;fadeInLeft&#8221;][\/vc_column][vc_column width=&#8221;1\/2&#8243;][vc_column_text] Dipl. Ant\u00f2nia Badia Gim\u00e9nez [\/vc_column_text][vc_empty_space][vc_column_text]Diplomada en Infermeria.[\/vc_column_text][vc_empty_space][vc_column_text] DADES ACAD\u00c8MIQUES &nbsp; T\u00edtol de Batxillerat i COU 1978. Curs de Puericultora 1979. T\u00edtol d\u2019Ajudant T\u00e8cnic Sanitari 1983\u00a0 Hospital Cl\u00ednic de Barcelona. Convalidaci\u00f3&#8230;<!-- AddThis Advanced Settings generic via filter on get_the_excerpt --><!-- AddThis Share Buttons generic via filter on get_the_excerpt --><\/p>\n","protected":false},"author":25,"featured_media":0,"parent":8967,"menu_order":0,"comment_status":"closed","ping_status":"closed","template":"","meta":{"footnotes":""},"class_list":["post-9043","page","type-page","status-publish","hentry"],"yoast_head":"<!-- This site is optimized with the Yoast SEO Premium plugin v26.9 (Yoast SEO v27.2) - https:\/\/yoast.com\/product\/yoast-seo-premium-wordpress\/ -->\n<title>Equip C\u00e0nons Clinics - Cl\u00ednica C\u00e0nons | Cirurgia i Medicina Estetica a Barcelona, \u200b\u200bGranollers<\/title>\n<meta name=\"robots\" content=\"index, follow, max-snippet:-1, max-image-preview:large, max-video-preview:-1\" \/>\n<link rel=\"canonical\" href=\"https:\/\/www.canons.es\/equipo-canons\/dipl-antonia-badia-gimenez\/\" \/>\n<meta property=\"og:locale\" content=\"ca_ES\" \/>\n<meta property=\"og:type\" content=\"article\" \/>\n<meta property=\"og:title\" content=\"Equip C\u00e0nons Clinics\" \/>\n<meta property=\"og:description\" content=\"[vc_row css_animation=&#8221;&#8221; row_type=&#8221;row&#8221; use_row_as_full_screen_section=&#8221;no&#8221; type=&#8221;full_width&#8221; angled_section=&#8221;no&#8221; text_align=&#8221;left&#8221; background_image_as_pattern=&#8221;without_pattern&#8221; section_type=&#8221;full-width&#8221;][vc_column width=&#8221;1\/2&#8243;][vc_single_image image=&#8221;7880&#8243; img_size=&#8221;full&#8221; qode_css_animation=&#8221;&#8221; css_animation=&#8221;fadeInLeft&#8221;][\/vc_column][vc_column width=&#8221;1\/2&#8243;][vc_column_text] Dipl. Ant\u00f2nia Badia Gim\u00e9nez [\/vc_column_text][vc_empty_space][vc_column_text]Diplomada en Infermeria.[\/vc_column_text][vc_empty_space][vc_column_text] DADES ACAD\u00c8MIQUES &nbsp; T\u00edtol de Batxillerat i COU 1978. Curs de Puericultora 1979. T\u00edtol d\u2019Ajudant T\u00e8cnic Sanitari 1983\u00a0 Hospital Cl\u00ednic de Barcelona. Convalidaci\u00f3...\" \/>\n<meta property=\"og:url\" content=\"https:\/\/www.canons.es\/equipo-canons\/dipl-antonia-badia-gimenez\/\" \/>\n<meta property=\"og:site_name\" content=\"Cl\u00ednica C\u00e0nons | Cirurgia i Medicina Estetica a Barcelona, \u200b\u200bGranollers\" \/>\n<meta property=\"article:publisher\" content=\"https:\/\/www.facebook.com\/canonsclinics\/\" \/>\n<meta property=\"article:modified_time\" content=\"2019-10-24T14:44:38+00:00\" \/>\n<meta name=\"twitter:card\" content=\"summary_large_image\" \/>\n<meta name=\"twitter:site\" content=\"@canonsclinics\" \/>\n<meta name=\"twitter:label1\" content=\"Temps estimat de lectura\" \/>\n\t<meta name=\"twitter:data1\" content=\"3 minuts\" \/>\n<script type=\"application\/ld+json\" class=\"yoast-schema-graph\">{\"@context\":\"https:\/\/schema.org\",\"@graph\":[{\"@type\":\"WebPage\",\"@id\":\"https:\/\/www.canons.es\/equipo-canons\/dipl-antonia-badia-gimenez\/\",\"url\":\"https:\/\/www.canons.es\/equipo-canons\/dipl-antonia-badia-gimenez\/\",\"name\":\"Equip C\u00e0nons Clinics - Cl\u00ednica C\u00e0nons | Cirurgia i Medicina Estetica a Barcelona, \u200b\u200bGranollers\",\"isPartOf\":{\"@id\":\"https:\/\/www.canons.es\/#website\"},\"datePublished\":\"2015-07-13T10:18:33+00:00\",\"dateModified\":\"2019-10-24T14:44:38+00:00\",\"breadcrumb\":{\"@id\":\"https:\/\/www.canons.es\/equipo-canons\/dipl-antonia-badia-gimenez\/#breadcrumb\"},\"inLanguage\":\"ca\",\"potentialAction\":[{\"@type\":\"ReadAction\",\"target\":[\"https:\/\/www.canons.es\/equipo-canons\/dipl-antonia-badia-gimenez\/\"]}]},{\"@type\":\"BreadcrumbList\",\"@id\":\"https:\/\/www.canons.es\/equipo-canons\/dipl-antonia-badia-gimenez\/#breadcrumb\",\"itemListElement\":[{\"@type\":\"ListItem\",\"position\":1,\"name\":\"Portada\",\"item\":\"https:\/\/www.canons.es\/ca\/\"},{\"@type\":\"ListItem\",\"position\":2,\"name\":\"EQUIP C\u00c0NONS CLINICS\",\"item\":\"https:\/\/www.canons.es\/equipo-canons\/\"},{\"@type\":\"ListItem\",\"position\":3,\"name\":\"Equip C\u00e0nons Clinics\"}]},{\"@type\":\"WebSite\",\"@id\":\"https:\/\/www.canons.es\/#website\",\"url\":\"https:\/\/www.canons.es\/\",\"name\":\"Cirug\u00eda Pl\u00e1stica y Est\u00e9tica Barcelona y Granollers | C\u00e0nons Clinics\",\"description\":\"\",\"publisher\":{\"@id\":\"https:\/\/www.canons.es\/#organization\"},\"potentialAction\":[{\"@type\":\"SearchAction\",\"target\":{\"@type\":\"EntryPoint\",\"urlTemplate\":\"https:\/\/www.canons.es\/?s={search_term_string}\"},\"query-input\":{\"@type\":\"PropertyValueSpecification\",\"valueRequired\":true,\"valueName\":\"search_term_string\"}}],\"inLanguage\":\"ca\"},{\"@type\":\"Organization\",\"@id\":\"https:\/\/www.canons.es\/#organization\",\"name\":\"Cirug\u00eda Pl\u00e1stica y Est\u00e9tica Barcelona y Granollers | C\u00e0nons Clinics\",\"url\":\"https:\/\/www.canons.es\/\",\"logo\":{\"@type\":\"ImageObject\",\"inLanguage\":\"ca\",\"@id\":\"https:\/\/www.canons.es\/#\/schema\/logo\/image\/\",\"url\":\"https:\/\/www.canons.es\/wp-content\/uploads\/2025\/04\/logo-canons-clinics.jpg\",\"contentUrl\":\"https:\/\/www.canons.es\/wp-content\/uploads\/2025\/04\/logo-canons-clinics.jpg\",\"width\":600,\"height\":139,\"caption\":\"Cirug\u00eda Pl\u00e1stica y Est\u00e9tica Barcelona y Granollers | C\u00e0nons Clinics\"},\"image\":{\"@id\":\"https:\/\/www.canons.es\/#\/schema\/logo\/image\/\"},\"sameAs\":[\"https:\/\/www.facebook.com\/canonsclinics\/\",\"https:\/\/x.com\/canonsclinics\",\"https:\/\/www.instagram.com\/canonsclinics\/\",\"https:\/\/www.youtube.com\/channel\/UCI1Ia6LjALyo1CuQ0_HwtfQ\",\"https:\/\/www.linkedin.com\/company\/canons-clinics\/\"]}]}<\/script>\n<!-- \/ Yoast SEO Premium plugin. -->","yoast_head_json":{"title":"Equip C\u00e0nons Clinics - Cl\u00ednica C\u00e0nons | Cirurgia i Medicina Estetica a Barcelona, \u200b\u200bGranollers","robots":{"index":"index","follow":"follow","max-snippet":"max-snippet:-1","max-image-preview":"max-image-preview:large","max-video-preview":"max-video-preview:-1"},"canonical":"https:\/\/www.canons.es\/equipo-canons\/dipl-antonia-badia-gimenez\/","og_locale":"ca_ES","og_type":"article","og_title":"Equip C\u00e0nons Clinics","og_description":"[vc_row css_animation=&#8221;&#8221; row_type=&#8221;row&#8221; use_row_as_full_screen_section=&#8221;no&#8221; type=&#8221;full_width&#8221; angled_section=&#8221;no&#8221; text_align=&#8221;left&#8221; background_image_as_pattern=&#8221;without_pattern&#8221; section_type=&#8221;full-width&#8221;][vc_column width=&#8221;1\/2&#8243;][vc_single_image image=&#8221;7880&#8243; img_size=&#8221;full&#8221; qode_css_animation=&#8221;&#8221; css_animation=&#8221;fadeInLeft&#8221;][\/vc_column][vc_column width=&#8221;1\/2&#8243;][vc_column_text] Dipl. Ant\u00f2nia Badia Gim\u00e9nez [\/vc_column_text][vc_empty_space][vc_column_text]Diplomada en Infermeria.[\/vc_column_text][vc_empty_space][vc_column_text] DADES ACAD\u00c8MIQUES &nbsp; T\u00edtol de Batxillerat i COU 1978. Curs de Puericultora 1979. T\u00edtol d\u2019Ajudant T\u00e8cnic Sanitari 1983\u00a0 Hospital Cl\u00ednic de Barcelona. Convalidaci\u00f3...","og_url":"https:\/\/www.canons.es\/equipo-canons\/dipl-antonia-badia-gimenez\/","og_site_name":"Cl\u00ednica C\u00e0nons | Cirurgia i Medicina Estetica a Barcelona, \u200b\u200bGranollers","article_publisher":"https:\/\/www.facebook.com\/canonsclinics\/","article_modified_time":"2019-10-24T14:44:38+00:00","twitter_card":"summary_large_image","twitter_site":"@canonsclinics","twitter_misc":{"Temps estimat de lectura":"3 minuts"},"schema":{"@context":"https:\/\/schema.org","@graph":[{"@type":"WebPage","@id":"https:\/\/www.canons.es\/equipo-canons\/dipl-antonia-badia-gimenez\/","url":"https:\/\/www.canons.es\/equipo-canons\/dipl-antonia-badia-gimenez\/","name":"Equip C\u00e0nons Clinics - Cl\u00ednica C\u00e0nons | Cirurgia i Medicina Estetica a Barcelona, \u200b\u200bGranollers","isPartOf":{"@id":"https:\/\/www.canons.es\/#website"},"datePublished":"2015-07-13T10:18:33+00:00","dateModified":"2019-10-24T14:44:38+00:00","breadcrumb":{"@id":"https:\/\/www.canons.es\/equipo-canons\/dipl-antonia-badia-gimenez\/#breadcrumb"},"inLanguage":"ca","potentialAction":[{"@type":"ReadAction","target":["https:\/\/www.canons.es\/equipo-canons\/dipl-antonia-badia-gimenez\/"]}]},{"@type":"BreadcrumbList","@id":"https:\/\/www.canons.es\/equipo-canons\/dipl-antonia-badia-gimenez\/#breadcrumb","itemListElement":[{"@type":"ListItem","position":1,"name":"Portada","item":"https:\/\/www.canons.es\/ca\/"},{"@type":"ListItem","position":2,"name":"EQUIP C\u00c0NONS CLINICS","item":"https:\/\/www.canons.es\/equipo-canons\/"},{"@type":"ListItem","position":3,"name":"Equip C\u00e0nons Clinics"}]},{"@type":"WebSite","@id":"https:\/\/www.canons.es\/#website","url":"https:\/\/www.canons.es\/","name":"Cirug\u00eda Pl\u00e1stica y Est\u00e9tica Barcelona y Granollers | C\u00e0nons Clinics","description":"","publisher":{"@id":"https:\/\/www.canons.es\/#organization"},"potentialAction":[{"@type":"SearchAction","target":{"@type":"EntryPoint","urlTemplate":"https:\/\/www.canons.es\/?s={search_term_string}"},"query-input":{"@type":"PropertyValueSpecification","valueRequired":true,"valueName":"search_term_string"}}],"inLanguage":"ca"},{"@type":"Organization","@id":"https:\/\/www.canons.es\/#organization","name":"Cirug\u00eda Pl\u00e1stica y Est\u00e9tica Barcelona y Granollers | C\u00e0nons Clinics","url":"https:\/\/www.canons.es\/","logo":{"@type":"ImageObject","inLanguage":"ca","@id":"https:\/\/www.canons.es\/#\/schema\/logo\/image\/","url":"https:\/\/www.canons.es\/wp-content\/uploads\/2025\/04\/logo-canons-clinics.jpg","contentUrl":"https:\/\/www.canons.es\/wp-content\/uploads\/2025\/04\/logo-canons-clinics.jpg","width":600,"height":139,"caption":"Cirug\u00eda Pl\u00e1stica y Est\u00e9tica Barcelona y Granollers | C\u00e0nons Clinics"},"image":{"@id":"https:\/\/www.canons.es\/#\/schema\/logo\/image\/"},"sameAs":["https:\/\/www.facebook.com\/canonsclinics\/","https:\/\/x.com\/canonsclinics","https:\/\/www.instagram.com\/canonsclinics\/","https:\/\/www.youtube.com\/channel\/UCI1Ia6LjALyo1CuQ0_HwtfQ","https:\/\/www.linkedin.com\/company\/canons-clinics\/"]}]}},"_links":{"self":[{"href":"https:\/\/www.canons.es\/ca\/wp-json\/wp\/v2\/pages\/9043","targetHints":{"allow":["GET"]}}],"collection":[{"href":"https:\/\/www.canons.es\/ca\/wp-json\/wp\/v2\/pages"}],"about":[{"href":"https:\/\/www.canons.es\/ca\/wp-json\/wp\/v2\/types\/page"}],"author":[{"embeddable":true,"href":"https:\/\/www.canons.es\/ca\/wp-json\/wp\/v2\/users\/25"}],"replies":[{"embeddable":true,"href":"https:\/\/www.canons.es\/ca\/wp-json\/wp\/v2\/comments?post=9043"}],"version-history":[{"count":0,"href":"https:\/\/www.canons.es\/ca\/wp-json\/wp\/v2\/pages\/9043\/revisions"}],"up":[{"embeddable":true,"href":"https:\/\/www.canons.es\/ca\/wp-json\/wp\/v2\/pages\/8967"}],"wp:attachment":[{"href":"https:\/\/www.canons.es\/ca\/wp-json\/wp\/v2\/media?parent=9043"}],"curies":[{"name":"wp","href":"https:\/\/api.w.org\/{rel}","templated":true}]}}