{"id":9035,"date":"2015-07-13T10:12:39","date_gmt":"2015-07-13T10:12:39","guid":{"rendered":"https:\/\/www.canons.es\/ca\/dipl-silvia-llorens-cladellas\/"},"modified":"2019-10-24T14:26:04","modified_gmt":"2019-10-24T14:26:04","slug":"dipl-silvia-llorens-cladellas","status":"publish","type":"page","link":"https:\/\/www.canons.es\/ca\/equip-canons\/dipl-silvia-llorens-cladellas\/","title":{"rendered":"Equip C\u00e0nons Clinics"},"content":{"rendered":"<div class=\"wpb-content-wrapper\"><p>[vc_row css_animation=&#8221;&#8221; row_type=&#8221;row&#8221; use_row_as_full_screen_section=&#8221;no&#8221; type=&#8221;full_width&#8221; angled_section=&#8221;no&#8221; text_align=&#8221;left&#8221; background_image_as_pattern=&#8221;without_pattern&#8221;][vc_column width=&#8221;1\/2&#8243;][vc_single_image image=&#8221;7657&#8243; img_size=&#8221;full&#8221; alignment=&#8221;center&#8221; qode_css_animation=&#8221;&#8221; css_animation=&#8221;fadeInLeft&#8221;][\/vc_column][vc_column width=&#8221;1\/2&#8243;][vc_column_text]<\/p>\n<h1 style=\"color: #6d98dc;\">Dipl. S\u00edlvia Llorens Cladellas<\/h1>\n<p>[\/vc_column_text][vc_empty_space][vc_column_text]<span style=\"color: #6d98dc;\"><strong>Diplomada en Infermeria.<\/strong><\/span>[\/vc_column_text][vc_empty_space][vc_column_text]<\/p>\n<h4><span style=\"color: #6d98dc;\">DADES ACAD\u00c8MIQUES<\/span><\/h4>\n<p>&nbsp;<\/p>\n<ul>\n<li id=\"stcpDiv\">T\u00edtol de BUP, COU i selectivitat l\u2019any 1989.<\/li>\n<li id=\"stcpDiv\">T\u00edtol Universitari Oficial de Diplomat en Infermeria a l\u2019Escola Universit\u00e0ria Osona de Vic, expedit per la Universitat Aut\u00f2noma de Barcelona el juliol de 1992.<\/li>\n<li id=\"stcpDiv\">Curs sobre programes d\u2019atenci\u00f3 prim\u00e0ria de salut per infermeria de 20 h. al COI de Barcelona durant el novembre de 1992.<\/li>\n<li id=\"stcpDiv\">Curs d\u2019electrocardiografia aplicada a la consulta d\u2019infermeria en atenci\u00f3 prim\u00e0ria de 20 h. al COI de Barcelona el desembre de 1992.<\/li>\n<li id=\"stcpDiv\">Asistencia al V Congreso nacional de enfermer\u00eda de urgencias celebrado en Granada en diciembre de 1992.<\/li>\n<li id=\"stcpDiv\">Postgrau d\u2019Infermeria en alcoholisme i drogodepend\u00e8ncies de 220 h. a l\u2019Escola d\u2019Infermeria de la Universitat de Barcelona durant el curs acad\u00e8mic 1993-94.<\/li>\n<\/ul>\n<p>[\/vc_column_text][\/vc_column][\/vc_row][vc_row css_animation=&#8221;&#8221; row_type=&#8221;row&#8221; use_row_as_full_screen_section=&#8221;no&#8221; type=&#8221;full_width&#8221; angled_section=&#8221;no&#8221; text_align=&#8221;left&#8221; background_image_as_pattern=&#8221;without_pattern&#8221;][vc_column][vc_empty_space][vc_column_text]<\/p>\n<ul>\n<li>Curs de gesti\u00f3 hospital\u00e0ria de 20 h en el COI de Barcelona, a l&#8217;octubre de 1994.<\/li>\n<li>Assist\u00e8ncia a les jornades de lact\u00e0ncia materna a l&#8217;Hospital\u00a0Germans\u00a0Trias i Pujol a l&#8217;abril de 1995.<\/li>\n<li>Postgrau de Relacions humanes i t\u00e8cniques grupals en infermeria de 250 h lectives en la\u00a0Escola\u00a0d\u2019Infermeria\u00a0de la Universitat de Barcelona durant el curs 1994-95.<\/li>\n<li>Assist\u00e8ncia al V Congr\u00e9s d&#8217;Infermeria oncol\u00f2gica realitzat a Pontevedra, al maig de 1995.Curs de seguretat en treballs d&#8217;infermeria de 9 h lectives organitzat per Mutual\u00a0Cyclops\u00a0al setembre de 1995.<\/li>\n<li>Certificat de capacitaci\u00f3 en l&#8217;especialitat de Medicina Laboral per a diplomats en infermeria de 420 h lectives a la Universitat de Barcelona durant els cursos acad\u00e8mics 1994-95 i 1995-96.<\/li>\n<li>Certificat d&#8217;Aptitud Pedag\u00f2gica de 300 h a la Universitat Polit\u00e8cnica de Catalunya durant els cursos acad\u00e8mics 1995-96 i 1996-97.<\/li>\n<li>Postgrau d&#8217;atenci\u00f3 integral al pacient cr\u00f2nic de 190 h a la Universitat de Barcelona durant el curs acad\u00e8mic 1996-97.<\/li>\n<li>Certificat del curs Educaci\u00f3 per a la salut de 280 h a la\u00a0UNED\u00a0durant el curs 1996-97.<\/li>\n<li>Postgrau d&#8217;Intervenci\u00f3 d&#8217;infermeria en salut mental i psiquiatria de 250 h a la Universitat de Barcelona durant el curs 1997-98.<\/li>\n<li>Certificat de participaci\u00f3 en el curs\u00a0autoformativo\u00a0per a diplomats en infermeria de 60 h\u00a0organitzado\u00a0pel IES durant el curs acad\u00e8mic 1999-2000.<\/li>\n<li>Certificat d&#8217;aprofitament en el curs de Drenatge limf\u00e0tic manual impartit per la Generalitat de Catalunya durant l&#8217;any 1999.<\/li>\n<\/ul>\n<p>[\/vc_column_text][vc_empty_space][\/vc_column][\/vc_row][vc_row css_animation=&#8221;&#8221; row_type=&#8221;row&#8221; use_row_as_full_screen_section=&#8221;no&#8221; type=&#8221;full_width&#8221; angled_section=&#8221;no&#8221; text_align=&#8221;left&#8221; background_image_as_pattern=&#8221;without_pattern&#8221; section_type=&#8221;full-width&#8221;][vc_column][vc_accordion style=&#8221;accordion&#8221;][vc_accordion_tab title=&#8221;EXPERI\u00c8NCIA PROFESSIONAL&#8221; icon=&#8221;34|fontawesome&#8221;][vc_column_text]<\/p>\n<ul>\n<li>Auxiliar de cl\u00ednica a la Policl\u00ednica del Vall\u00e8s durant l\u2019agost de 1990.<\/li>\n<li>Auxiliar de cl\u00ednica a l\u2019Hospital General de Granollers durant els mesos de juliol, agost, setembre i desembre de 1991, i gener de 1992.<\/li>\n<li>Diplomada en Infermeria a l\u2019Hospital Universitari Germans Trias i Pujol de Badalona des de l\u20191 de juliol de 1992 fins el 31 de desembre de 2000 en els serveis d\u2019urg\u00e8ncies, quir\u00f2fan d\u2019urg\u00e8ncies i corretorns d\u2019hospitalitzaci\u00f3.<\/li>\n<li>Diplomada en Infermeria especialitzada en Medicina Laboral a Mutual Cyclops durant el per\u00edode entre el juliol de 1994 i el juliol de 1995.<\/li>\n<li>Diplomada en Infermeria especialitzada en Medicina Laboral a la Mancomunitat d\u2019empreses 668 des de el juliol de 1995 fins al desembre de 2000.<\/li>\n<li>Diplomada en Infermeria especialitzada en Medicina Laboral a Diconsal durant el mar\u00e7 i abril de 2000.<\/li>\n<li>Diplomada en Infermeria especialitzada en Medicina Laboral en una Mutua d\u2019Accidents Laborals de Palma de Mallorca des del maig de 2000 fins el febrer de 2004.<\/li>\n<li>Enfermera responsable de l\u2019atenci\u00f3 al client de les cl\u00edniques C\u00e0nons Clinics, Cirurgia Pl\u00e0stica i Medicina Est\u00e8tica.<\/li>\n<\/ul>\n<p>[\/vc_column_text][\/vc_accordion_tab][vc_accordion_tab title=&#8221;DOC\u00c8NCIA&#8221; icon=&#8221;34|fontawesome&#8221;][vc_column_text]<\/p>\n<ul>\n<li id=\"stcpDiv\">Certificats de doc\u00e8ncia amb l\u2019Escola Universit\u00e0ria d\u2019Infermeria Blanquerna adscrita a la Universitat Ramon Llull durant els cursos 1996-97 i 1998-1999.<\/li>\n<li id=\"stcpDiv\">Certificats de col\u00b7laboraci\u00f3 docent amb l\u2019Escola Universit\u00e0ria d\u2019Infermeria Sta. Madrona adscrita a la Universitat de Barcelona durant els cursos acad\u00e8mics 1997-98, 1998-99 i 1999-2000.<\/li>\n<li id=\"stcpDiv\">Cursos de Primers Auxilis espec\u00edfics dirigit per a empreses durant els anys 2000, 2001, 2002 i 2003.<\/li>\n<\/ul>\n<p>[\/vc_column_text][\/vc_accordion_tab][\/vc_accordion][\/vc_column][\/vc_row]<\/p>\n<\/div><!-- AddThis Advanced Settings generic via filter on the_content --><!-- AddThis Share Buttons generic via filter on the_content -->","protected":false},"excerpt":{"rendered":"<p>[vc_row css_animation=&#8221;&#8221; row_type=&#8221;row&#8221; use_row_as_full_screen_section=&#8221;no&#8221; type=&#8221;full_width&#8221; angled_section=&#8221;no&#8221; text_align=&#8221;left&#8221; background_image_as_pattern=&#8221;without_pattern&#8221;][vc_column width=&#8221;1\/2&#8243;][vc_single_image image=&#8221;7657&#8243; img_size=&#8221;full&#8221; alignment=&#8221;center&#8221; qode_css_animation=&#8221;&#8221; css_animation=&#8221;fadeInLeft&#8221;][\/vc_column][vc_column width=&#8221;1\/2&#8243;][vc_column_text] Dipl. S\u00edlvia Llorens Cladellas [\/vc_column_text][vc_empty_space][vc_column_text]Diplomada en Infermeria.[\/vc_column_text][vc_empty_space][vc_column_text] DADES ACAD\u00c8MIQUES &nbsp; T\u00edtol de BUP, COU i selectivitat l\u2019any 1989. T\u00edtol Universitari Oficial de Diplomat en Infermeria a l\u2019Escola Universit\u00e0ria Osona de&#8230;<!-- AddThis Advanced Settings generic via filter on get_the_excerpt --><!-- AddThis Share Buttons generic via filter on get_the_excerpt --><\/p>\n","protected":false},"author":25,"featured_media":0,"parent":8967,"menu_order":0,"comment_status":"closed","ping_status":"closed","template":"","meta":{"footnotes":""},"class_list":["post-9035","page","type-page","status-publish","hentry"],"yoast_head":"<!-- This site is optimized with the Yoast SEO Premium plugin v26.9 (Yoast SEO v27.2) - https:\/\/yoast.com\/product\/yoast-seo-premium-wordpress\/ -->\n<title>Equip C\u00e0nons Clinics - Cl\u00ednica C\u00e0nons | Cirurgia i Medicina Estetica a Barcelona, \u200b\u200bGranollers<\/title>\n<meta name=\"robots\" content=\"index, follow, max-snippet:-1, max-image-preview:large, max-video-preview:-1\" \/>\n<link rel=\"canonical\" href=\"https:\/\/www.canons.es\/equipo-canons\/dipl-silvia-llorens-cladellas\/\" \/>\n<meta property=\"og:locale\" content=\"ca_ES\" \/>\n<meta property=\"og:type\" content=\"article\" \/>\n<meta property=\"og:title\" content=\"Equip C\u00e0nons Clinics\" \/>\n<meta property=\"og:description\" content=\"[vc_row css_animation=&#8221;&#8221; row_type=&#8221;row&#8221; use_row_as_full_screen_section=&#8221;no&#8221; type=&#8221;full_width&#8221; angled_section=&#8221;no&#8221; text_align=&#8221;left&#8221; background_image_as_pattern=&#8221;without_pattern&#8221;][vc_column width=&#8221;1\/2&#8243;][vc_single_image image=&#8221;7657&#8243; img_size=&#8221;full&#8221; alignment=&#8221;center&#8221; qode_css_animation=&#8221;&#8221; css_animation=&#8221;fadeInLeft&#8221;][\/vc_column][vc_column width=&#8221;1\/2&#8243;][vc_column_text] Dipl. S\u00edlvia Llorens Cladellas [\/vc_column_text][vc_empty_space][vc_column_text]Diplomada en Infermeria.[\/vc_column_text][vc_empty_space][vc_column_text] DADES ACAD\u00c8MIQUES &nbsp; T\u00edtol de BUP, COU i selectivitat l\u2019any 1989. T\u00edtol Universitari Oficial de Diplomat en Infermeria a l\u2019Escola Universit\u00e0ria Osona de...\" \/>\n<meta property=\"og:url\" content=\"https:\/\/www.canons.es\/equipo-canons\/dipl-silvia-llorens-cladellas\/\" \/>\n<meta property=\"og:site_name\" content=\"Cl\u00ednica C\u00e0nons | Cirurgia i Medicina Estetica a Barcelona, \u200b\u200bGranollers\" \/>\n<meta property=\"article:publisher\" content=\"https:\/\/www.facebook.com\/canonsclinics\/\" \/>\n<meta property=\"article:modified_time\" content=\"2019-10-24T14:26:04+00:00\" \/>\n<meta name=\"twitter:card\" content=\"summary_large_image\" \/>\n<meta name=\"twitter:site\" content=\"@canonsclinics\" \/>\n<meta name=\"twitter:label1\" content=\"Temps estimat de lectura\" \/>\n\t<meta name=\"twitter:data1\" content=\"4 minuts\" \/>\n<script type=\"application\/ld+json\" class=\"yoast-schema-graph\">{\"@context\":\"https:\/\/schema.org\",\"@graph\":[{\"@type\":\"WebPage\",\"@id\":\"https:\/\/www.canons.es\/equipo-canons\/dipl-silvia-llorens-cladellas\/\",\"url\":\"https:\/\/www.canons.es\/equipo-canons\/dipl-silvia-llorens-cladellas\/\",\"name\":\"Equip C\u00e0nons Clinics - Cl\u00ednica C\u00e0nons | Cirurgia i Medicina Estetica a Barcelona, \u200b\u200bGranollers\",\"isPartOf\":{\"@id\":\"https:\/\/www.canons.es\/#website\"},\"datePublished\":\"2015-07-13T10:12:39+00:00\",\"dateModified\":\"2019-10-24T14:26:04+00:00\",\"breadcrumb\":{\"@id\":\"https:\/\/www.canons.es\/equipo-canons\/dipl-silvia-llorens-cladellas\/#breadcrumb\"},\"inLanguage\":\"ca\",\"potentialAction\":[{\"@type\":\"ReadAction\",\"target\":[\"https:\/\/www.canons.es\/equipo-canons\/dipl-silvia-llorens-cladellas\/\"]}]},{\"@type\":\"BreadcrumbList\",\"@id\":\"https:\/\/www.canons.es\/equipo-canons\/dipl-silvia-llorens-cladellas\/#breadcrumb\",\"itemListElement\":[{\"@type\":\"ListItem\",\"position\":1,\"name\":\"Portada\",\"item\":\"https:\/\/www.canons.es\/ca\/\"},{\"@type\":\"ListItem\",\"position\":2,\"name\":\"EQUIP C\u00c0NONS CLINICS\",\"item\":\"https:\/\/www.canons.es\/equipo-canons\/\"},{\"@type\":\"ListItem\",\"position\":3,\"name\":\"Equip C\u00e0nons Clinics\"}]},{\"@type\":\"WebSite\",\"@id\":\"https:\/\/www.canons.es\/#website\",\"url\":\"https:\/\/www.canons.es\/\",\"name\":\"Cirug\u00eda Pl\u00e1stica y Est\u00e9tica Barcelona y Granollers | C\u00e0nons Clinics\",\"description\":\"\",\"publisher\":{\"@id\":\"https:\/\/www.canons.es\/#organization\"},\"potentialAction\":[{\"@type\":\"SearchAction\",\"target\":{\"@type\":\"EntryPoint\",\"urlTemplate\":\"https:\/\/www.canons.es\/?s={search_term_string}\"},\"query-input\":{\"@type\":\"PropertyValueSpecification\",\"valueRequired\":true,\"valueName\":\"search_term_string\"}}],\"inLanguage\":\"ca\"},{\"@type\":\"Organization\",\"@id\":\"https:\/\/www.canons.es\/#organization\",\"name\":\"Cirug\u00eda Pl\u00e1stica y Est\u00e9tica Barcelona y Granollers | C\u00e0nons Clinics\",\"url\":\"https:\/\/www.canons.es\/\",\"logo\":{\"@type\":\"ImageObject\",\"inLanguage\":\"ca\",\"@id\":\"https:\/\/www.canons.es\/#\/schema\/logo\/image\/\",\"url\":\"https:\/\/www.canons.es\/wp-content\/uploads\/2025\/04\/logo-canons-clinics.jpg\",\"contentUrl\":\"https:\/\/www.canons.es\/wp-content\/uploads\/2025\/04\/logo-canons-clinics.jpg\",\"width\":600,\"height\":139,\"caption\":\"Cirug\u00eda Pl\u00e1stica y Est\u00e9tica Barcelona y Granollers | C\u00e0nons Clinics\"},\"image\":{\"@id\":\"https:\/\/www.canons.es\/#\/schema\/logo\/image\/\"},\"sameAs\":[\"https:\/\/www.facebook.com\/canonsclinics\/\",\"https:\/\/x.com\/canonsclinics\",\"https:\/\/www.instagram.com\/canonsclinics\/\",\"https:\/\/www.youtube.com\/channel\/UCI1Ia6LjALyo1CuQ0_HwtfQ\",\"https:\/\/www.linkedin.com\/company\/canons-clinics\/\"]}]}<\/script>\n<!-- \/ Yoast SEO Premium plugin. -->","yoast_head_json":{"title":"Equip C\u00e0nons Clinics - Cl\u00ednica C\u00e0nons | Cirurgia i Medicina Estetica a Barcelona, \u200b\u200bGranollers","robots":{"index":"index","follow":"follow","max-snippet":"max-snippet:-1","max-image-preview":"max-image-preview:large","max-video-preview":"max-video-preview:-1"},"canonical":"https:\/\/www.canons.es\/equipo-canons\/dipl-silvia-llorens-cladellas\/","og_locale":"ca_ES","og_type":"article","og_title":"Equip C\u00e0nons Clinics","og_description":"[vc_row css_animation=&#8221;&#8221; row_type=&#8221;row&#8221; use_row_as_full_screen_section=&#8221;no&#8221; type=&#8221;full_width&#8221; angled_section=&#8221;no&#8221; text_align=&#8221;left&#8221; background_image_as_pattern=&#8221;without_pattern&#8221;][vc_column width=&#8221;1\/2&#8243;][vc_single_image image=&#8221;7657&#8243; img_size=&#8221;full&#8221; alignment=&#8221;center&#8221; qode_css_animation=&#8221;&#8221; css_animation=&#8221;fadeInLeft&#8221;][\/vc_column][vc_column width=&#8221;1\/2&#8243;][vc_column_text] Dipl. S\u00edlvia Llorens Cladellas [\/vc_column_text][vc_empty_space][vc_column_text]Diplomada en Infermeria.[\/vc_column_text][vc_empty_space][vc_column_text] DADES ACAD\u00c8MIQUES &nbsp; T\u00edtol de BUP, COU i selectivitat l\u2019any 1989. T\u00edtol Universitari Oficial de Diplomat en Infermeria a l\u2019Escola Universit\u00e0ria Osona de...","og_url":"https:\/\/www.canons.es\/equipo-canons\/dipl-silvia-llorens-cladellas\/","og_site_name":"Cl\u00ednica C\u00e0nons | Cirurgia i Medicina Estetica a Barcelona, \u200b\u200bGranollers","article_publisher":"https:\/\/www.facebook.com\/canonsclinics\/","article_modified_time":"2019-10-24T14:26:04+00:00","twitter_card":"summary_large_image","twitter_site":"@canonsclinics","twitter_misc":{"Temps estimat de lectura":"4 minuts"},"schema":{"@context":"https:\/\/schema.org","@graph":[{"@type":"WebPage","@id":"https:\/\/www.canons.es\/equipo-canons\/dipl-silvia-llorens-cladellas\/","url":"https:\/\/www.canons.es\/equipo-canons\/dipl-silvia-llorens-cladellas\/","name":"Equip C\u00e0nons Clinics - Cl\u00ednica C\u00e0nons | Cirurgia i Medicina Estetica a Barcelona, \u200b\u200bGranollers","isPartOf":{"@id":"https:\/\/www.canons.es\/#website"},"datePublished":"2015-07-13T10:12:39+00:00","dateModified":"2019-10-24T14:26:04+00:00","breadcrumb":{"@id":"https:\/\/www.canons.es\/equipo-canons\/dipl-silvia-llorens-cladellas\/#breadcrumb"},"inLanguage":"ca","potentialAction":[{"@type":"ReadAction","target":["https:\/\/www.canons.es\/equipo-canons\/dipl-silvia-llorens-cladellas\/"]}]},{"@type":"BreadcrumbList","@id":"https:\/\/www.canons.es\/equipo-canons\/dipl-silvia-llorens-cladellas\/#breadcrumb","itemListElement":[{"@type":"ListItem","position":1,"name":"Portada","item":"https:\/\/www.canons.es\/ca\/"},{"@type":"ListItem","position":2,"name":"EQUIP C\u00c0NONS CLINICS","item":"https:\/\/www.canons.es\/equipo-canons\/"},{"@type":"ListItem","position":3,"name":"Equip C\u00e0nons Clinics"}]},{"@type":"WebSite","@id":"https:\/\/www.canons.es\/#website","url":"https:\/\/www.canons.es\/","name":"Cirug\u00eda Pl\u00e1stica y Est\u00e9tica Barcelona y Granollers | C\u00e0nons Clinics","description":"","publisher":{"@id":"https:\/\/www.canons.es\/#organization"},"potentialAction":[{"@type":"SearchAction","target":{"@type":"EntryPoint","urlTemplate":"https:\/\/www.canons.es\/?s={search_term_string}"},"query-input":{"@type":"PropertyValueSpecification","valueRequired":true,"valueName":"search_term_string"}}],"inLanguage":"ca"},{"@type":"Organization","@id":"https:\/\/www.canons.es\/#organization","name":"Cirug\u00eda Pl\u00e1stica y Est\u00e9tica Barcelona y Granollers | C\u00e0nons Clinics","url":"https:\/\/www.canons.es\/","logo":{"@type":"ImageObject","inLanguage":"ca","@id":"https:\/\/www.canons.es\/#\/schema\/logo\/image\/","url":"https:\/\/www.canons.es\/wp-content\/uploads\/2025\/04\/logo-canons-clinics.jpg","contentUrl":"https:\/\/www.canons.es\/wp-content\/uploads\/2025\/04\/logo-canons-clinics.jpg","width":600,"height":139,"caption":"Cirug\u00eda Pl\u00e1stica y Est\u00e9tica Barcelona y Granollers | C\u00e0nons Clinics"},"image":{"@id":"https:\/\/www.canons.es\/#\/schema\/logo\/image\/"},"sameAs":["https:\/\/www.facebook.com\/canonsclinics\/","https:\/\/x.com\/canonsclinics","https:\/\/www.instagram.com\/canonsclinics\/","https:\/\/www.youtube.com\/channel\/UCI1Ia6LjALyo1CuQ0_HwtfQ","https:\/\/www.linkedin.com\/company\/canons-clinics\/"]}]}},"_links":{"self":[{"href":"https:\/\/www.canons.es\/ca\/wp-json\/wp\/v2\/pages\/9035","targetHints":{"allow":["GET"]}}],"collection":[{"href":"https:\/\/www.canons.es\/ca\/wp-json\/wp\/v2\/pages"}],"about":[{"href":"https:\/\/www.canons.es\/ca\/wp-json\/wp\/v2\/types\/page"}],"author":[{"embeddable":true,"href":"https:\/\/www.canons.es\/ca\/wp-json\/wp\/v2\/users\/25"}],"replies":[{"embeddable":true,"href":"https:\/\/www.canons.es\/ca\/wp-json\/wp\/v2\/comments?post=9035"}],"version-history":[{"count":0,"href":"https:\/\/www.canons.es\/ca\/wp-json\/wp\/v2\/pages\/9035\/revisions"}],"up":[{"embeddable":true,"href":"https:\/\/www.canons.es\/ca\/wp-json\/wp\/v2\/pages\/8967"}],"wp:attachment":[{"href":"https:\/\/www.canons.es\/ca\/wp-json\/wp\/v2\/media?parent=9035"}],"curies":[{"name":"wp","href":"https:\/\/api.w.org\/{rel}","templated":true}]}}