{"id":20268,"date":"2022-09-27T14:13:00","date_gmt":"2022-09-27T14:13:00","guid":{"rendered":"https:\/\/www.canons.es\/?page_id=20268"},"modified":"2022-09-28T07:14:34","modified_gmt":"2022-09-28T07:14:34","slug":"tractament-hydrafacial","status":"publish","type":"page","link":"https:\/\/www.canons.es\/ca\/facial-estetica-avanzada\/tractament-hydrafacial\/","title":{"rendered":"Tractament Hydrafacial"},"content":{"rendered":"<div class=\"wpb-content-wrapper\"><p>[vc_row css_animation=&#8221;&#8221; row_type=&#8221;row&#8221; use_row_as_full_screen_section=&#8221;no&#8221; type=&#8221;full_width&#8221; angled_section=&#8221;no&#8221; text_align=&#8221;left&#8221; background_image_as_pattern=&#8221;without_pattern&#8221; background_color=&#8221;#f7f7f7&#8243; section_type=&#8221;full-width&#8221;][vc_column]<div class=\"custom_font_holder\" style=\" font-size: 35px; line-height: 26px; font-style: normal; font-weight: 300; color: #1e70b3; text-decoration: none; text-align: left;\">TRACTAMENT HYDRAFACIAL<\/div>[vc_empty_space height=&#8221;40px&#8221;][vc_row_inner row_type=&#8221;row&#8221; type=&#8221;full_width&#8221; text_align=&#8221;left&#8221; css_animation=&#8221;&#8221;][vc_column_inner width=&#8221;1\/2&#8243;][vc_single_image image=&#8221;20250&#8243; img_size=&#8221;full&#8221; alignment=&#8221;center&#8221; qode_css_animation=&#8221;&#8221;][vc_empty_space height=&#8221;40px&#8221;][\/vc_column_inner][vc_column_inner width=&#8221;1\/2&#8243;][vc_column_text]<span lang=\"ES\">Aconsegueix la millor pell de la teva vida amb Hydrafacial, el tractament preferit dels famosos. El procediment per obtenir que la teva pell sigui m\u00e9s suau, fresca i ferma.<\/span><\/p>\n<p>&nbsp;<\/p>\n<p><span lang=\"ES\">Millora les arrugues i l\u00ednies d\u2019expressi\u00f3, augmenta la fermesa de la pell i suavitza l\u2019acne. Tot aix\u00f2 en un sol tractament.<\/span><\/p>\n<p>&nbsp;<\/p>\n<p><span lang=\"ES\">T\u2019animes?<\/span>[\/vc_column_text][\/vc_column_inner][\/vc_row_inner][\/vc_column][\/vc_row][vc_row css_animation=&#8221;&#8221; row_type=&#8221;row&#8221; use_row_as_full_screen_section=&#8221;no&#8221; type=&#8221;full_width&#8221; angled_section=&#8221;no&#8221; text_align=&#8221;left&#8221; background_image_as_pattern=&#8221;without_pattern&#8221; section_type=&#8221;full-width&#8221;][vc_column][vc_empty_space][vc_accordion style=&#8221;accordion&#8221;][vc_accordion_tab title=&#8221;EN QU\u00c8 CONSISTEIX EL TRACTAMENT HYDRAFACIAL?&#8221; icon=&#8221;&#8221;][vc_column_text]<strong>Hydrafacial &#x2122;<\/strong>\u00a0\u00e9s un procediment m\u00e8dic no invasiu per al rostre que combina, gr\u00e0cies als seus diferents cap\u00e7als, en una mateixa sessi\u00f3:<\/p>\n<p>&nbsp;<\/p>\n<ul>\n<li>Neteja i extracci\u00f3 d\u2019impureses<\/li>\n<li>Exfoliaci\u00f3 i peeling<\/li>\n<li>Infiltraci\u00f3 d\u2019antioxidants<\/li>\n<li>\u00c0cid hialur\u00f2nic<\/li>\n<\/ul>\n<p>&nbsp;<\/p>\n<p>Aix\u00ed, s\u2019obt\u00e9 una pell fresca, saludable, radiant i brillant. \u00c9s el tractament base en tota rutina m\u00e8dico-est\u00e8tica de bellesa. Empra productes aconseguits majorit\u00e0riament de plantes naturals, que estan d\u2019acord amb la nostra filosofia de bellesa natural i sostenible, i que a m\u00e9s prepara la teva pell per als posteriors tractaments.<\/p>\n<p>&nbsp;<\/p>\n<p>El procediment comen\u00e7a amb una fase de\u00a0<strong>neteja suau, exfoliaci\u00f3, peeling i extracci\u00f3<\/strong>\u00a0per eliminar les impureses i les c\u00e8l\u00b7lules mortes de la pell, alhora que calma la pell amb nutrients essencials com antioxidants, p\u00e8ptids i \u00e0cid hialur\u00f2nic.<\/p>\n<p>&nbsp;<\/p>\n<p>D\u2019una banda, l\u2019equip succiona impureses que tenim a la pell i, de l\u2019altra, \u201cintrodueix\u201d diferents hidroxi\u00e0cids (\u00e0cid glic\u00f2lic, salic\u00edlic), en diferents concentracions segons la tipologia de la pell.<\/p>\n<p>&nbsp;<\/p>\n<p>[\/vc_column_text][vc_raw_html]JTNDdmlkZW8lMjBpZCUzRCUyMnZpZGVvLXNhbGEtZXNwZXJhJTIyJTIwd2lkdGglM0QlMjIxMDAlMjUlMjIlMjBjb250cm9scyUyMHBvc3RlciUzRCUyMiUyRndwLWNvbnRlbnQlMkZ1cGxvYWRzJTJGMjAyMiUyRjA5JTJGaHlkcmFmYWNpYWxsb2dvLnBuZyUyMiUzRSUwQSUyMCUyMCUzQ3NvdXJjZSUyMHNyYyUzRCUyMiUyRndwLWNvbnRlbnQlMkZ1cGxvYWRzJTJGMjAyMiUyRjA5JTJGdmlkZW9fc2FsYV9lc3BlcmEubXA0JTIyJTIwdHlwZSUzRCUyMnZpZGVvJTJGbXA0JTIyJTNFJTBBJTIwJTIwWW91ciUyMGJyb3dzZXIlMjBkb2VzJTIwbm90JTIwc3VwcG9ydCUyMHRoZSUyMHZpZGVvJTIwdGFnLiUwQSUzQyUyRnZpZGVvJTNF[\/vc_raw_html][\/vc_accordion_tab][vc_accordion_tab title=&#8221;QUINES INDICACIONS T\u00c9 HYDRAFACIAL?&#8221; icon=&#8221;&#8221;][vc_column_text]<\/p>\n<ul>\n<li>Aplicacions: cara (tota mena de pell).<\/li>\n<li>Sessions: segons les necessitats de cada pacient.<\/li>\n<li>Durada del tractament: 30 \u2013 40 min.<\/li>\n<li>Dolor: Indolor. Hydrafacial no utilitza instruments que tallen la pell o la penetren f\u00edsicament.<\/li>\n<li>Recuperaci\u00f3: no requereix temps de recuperaci\u00f3.<\/li>\n<li>Visibilitat de millora: immediata.<\/li>\n<li>\u00c8poca de l\u2019any recomanada: tot l\u2019any.<\/li>\n<li>Aplicaci\u00f3: Netejar, hidratar i il\u00b7luminar la pell.<\/li>\n<\/ul>\n<p>[\/vc_column_text][\/vc_accordion_tab][vc_accordion_tab title=&#8221;QUINS BENEFICIS T\u00c9?&#8221; icon=&#8221;&#8221;][vc_column_text]<\/p>\n<ul>\n<li>Mantenir una pell suau, hidratada i lluminosa.<\/li>\n<li>Millorar els signes de l&#8217;edat, com ara arrugues i l\u00ednies d&#8217;expressi\u00f3.<\/li>\n<li>Millora la fermesa de la pell.<\/li>\n<li>Unifica el to de la pell.<\/li>\n<li>Redueix l&#8217;aparici\u00f3 de porus dilatats.<\/li>\n<li>Atenua taques fosques.<\/li>\n<li>Millora l&#8217;acne i cicatrius.<\/li>\n<\/ul>\n<p>[\/vc_column_text][\/vc_accordion_tab][vc_accordion_tab title=&#8221;QUINS S\u00d3N ELS AVANTATGES D&#8217;HYDRAFACIAL DAVANT ALTRES NETEGES FACIALS?&#8221; icon=&#8221;&#8221;][vc_column_text]<\/p>\n<p style=\"text-align: justify;\">\u00c9s una neteja facial que compta amb diferents protocols potenciadors per adaptar-se a les diferents necessitats de cada tipus de pell. \u00c9s un tractament personalitzable 100%.<\/p>\n<p>[\/vc_column_text][\/vc_accordion_tab][vc_accordion_tab title=&#8221;CADA QUANT ES POT REALITZAR?&#8221; icon=&#8221;&#8221;][vc_column_text]Generalment, cada 3-4 mesos. En algunes ocasions, com a acne o exc\u00e9s gras elevat, es pot fer una vegada al mes.[\/vc_column_text][\/vc_accordion_tab][vc_accordion_tab title=&#8221;\u00c9S EL MATEIX QUE LA MICRODERMOABRASI\u00d3?&#8221; icon=&#8221;&#8221;][vc_column_text]No, Hydrafacial &#x2122; \u00e9s menys agressiu. La microdermoabrasi\u00f3 \u00e9s una exfoliaci\u00f3 mec\u00e0nica mitjan\u00e7ant microcristalls o microdiamants, coneguda com a exfoliaci\u00f3 en sec. Hydrafacial \u00e9s una exfoliaci\u00f3 qu\u00edmica m\u00e9s succi\u00f3, \u00e9s a dir, una exfoliaci\u00f3 humida, m\u00e9s delicada i respectuosa amb la pell.[\/vc_column_text][\/vc_accordion_tab][\/vc_accordion][\/vc_column][\/vc_row]<\/p>\n<\/div><!-- AddThis Advanced Settings generic via filter on the_content --><!-- AddThis Share Buttons generic via filter on the_content -->","protected":false},"excerpt":{"rendered":"<p>[vc_row css_animation=&#8221;&#8221; row_type=&#8221;row&#8221; use_row_as_full_screen_section=&#8221;no&#8221; type=&#8221;full_width&#8221; angled_section=&#8221;no&#8221; text_align=&#8221;left&#8221; background_image_as_pattern=&#8221;without_pattern&#8221; background_color=&#8221;#f7f7f7&#8243; section_type=&#8221;full-width&#8221;][vc_column][vc_empty_space height=&#8221;40px&#8221;][vc_row_inner row_type=&#8221;row&#8221; type=&#8221;full_width&#8221; text_align=&#8221;left&#8221; css_animation=&#8221;&#8221;][vc_column_inner width=&#8221;1\/2&#8243;][vc_single_image image=&#8221;20250&#8243; img_size=&#8221;full&#8221; alignment=&#8221;center&#8221; qode_css_animation=&#8221;&#8221;][vc_empty_space height=&#8221;40px&#8221;][\/vc_column_inner][vc_column_inner width=&#8221;1\/2&#8243;][vc_column_text]Aconsegueix la millor pell de la teva vida amb Hydrafacial, el tractament preferit dels famosos. El procediment per obtenir que la teva pell sigui&#8230;<!-- AddThis Advanced Settings generic via filter on get_the_excerpt --><!-- AddThis Share Buttons generic via filter on get_the_excerpt --><\/p>\n","protected":false},"author":25,"featured_media":0,"parent":11486,"menu_order":0,"comment_status":"closed","ping_status":"closed","template":"","meta":{"footnotes":""},"class_list":["post-20268","page","type-page","status-publish","hentry"],"yoast_head":"<!-- This site is optimized with the Yoast SEO Premium plugin v26.9 (Yoast SEO v27.2) - https:\/\/yoast.com\/product\/yoast-seo-premium-wordpress\/ -->\n<title>Tractament Hydrafacial - Cl\u00ednica C\u00e0nons | Cirurgia i Medicina Estetica a Barcelona, \u200b\u200bGranollers<\/title>\n<meta name=\"robots\" content=\"index, follow, max-snippet:-1, max-image-preview:large, max-video-preview:-1\" \/>\n<link rel=\"canonical\" href=\"https:\/\/www.canons.es\/ca\/facial-estetica-avanzada\/tractament-hydrafacial\/\" \/>\n<meta property=\"og:locale\" content=\"ca_ES\" \/>\n<meta property=\"og:type\" content=\"article\" \/>\n<meta property=\"og:title\" content=\"Tractament Hydrafacial\" \/>\n<meta property=\"og:description\" content=\"[vc_row css_animation=&#8221;&#8221; row_type=&#8221;row&#8221; use_row_as_full_screen_section=&#8221;no&#8221; type=&#8221;full_width&#8221; angled_section=&#8221;no&#8221; text_align=&#8221;left&#8221; background_image_as_pattern=&#8221;without_pattern&#8221; background_color=&#8221;#f7f7f7&#8243; section_type=&#8221;full-width&#8221;][vc_column][vc_empty_space height=&#8221;40px&#8221;][vc_row_inner row_type=&#8221;row&#8221; type=&#8221;full_width&#8221; text_align=&#8221;left&#8221; css_animation=&#8221;&#8221;][vc_column_inner width=&#8221;1\/2&#8243;][vc_single_image image=&#8221;20250&#8243; img_size=&#8221;full&#8221; alignment=&#8221;center&#8221; qode_css_animation=&#8221;&#8221;][vc_empty_space height=&#8221;40px&#8221;][\/vc_column_inner][vc_column_inner width=&#8221;1\/2&#8243;][vc_column_text]Aconsegueix la millor pell de la teva vida amb Hydrafacial, el tractament preferit dels famosos. El procediment per obtenir que la teva pell sigui...\" \/>\n<meta property=\"og:url\" content=\"https:\/\/www.canons.es\/ca\/facial-estetica-avanzada\/tractament-hydrafacial\/\" \/>\n<meta property=\"og:site_name\" content=\"Cl\u00ednica C\u00e0nons | Cirurgia i Medicina Estetica a Barcelona, \u200b\u200bGranollers\" \/>\n<meta property=\"article:publisher\" content=\"https:\/\/www.facebook.com\/canonsclinics\/\" \/>\n<meta property=\"article:modified_time\" content=\"2022-09-28T07:14:34+00:00\" \/>\n<meta name=\"twitter:card\" content=\"summary_large_image\" \/>\n<meta name=\"twitter:site\" content=\"@canonsclinics\" \/>\n<meta name=\"twitter:label1\" content=\"Temps estimat de lectura\" \/>\n\t<meta name=\"twitter:data1\" content=\"4 minuts\" \/>\n<script type=\"application\/ld+json\" class=\"yoast-schema-graph\">{\"@context\":\"https:\/\/schema.org\",\"@graph\":[{\"@type\":\"WebPage\",\"@id\":\"https:\/\/www.canons.es\/ca\/facial-estetica-avanzada\/tractament-hydrafacial\/\",\"url\":\"https:\/\/www.canons.es\/ca\/facial-estetica-avanzada\/tractament-hydrafacial\/\",\"name\":\"Tractament Hydrafacial - Cl\u00ednica C\u00e0nons | Cirurgia i Medicina Estetica a Barcelona, \u200b\u200bGranollers\",\"isPartOf\":{\"@id\":\"https:\/\/www.canons.es\/#website\"},\"datePublished\":\"2022-09-27T14:13:00+00:00\",\"dateModified\":\"2022-09-28T07:14:34+00:00\",\"breadcrumb\":{\"@id\":\"https:\/\/www.canons.es\/ca\/facial-estetica-avanzada\/tractament-hydrafacial\/#breadcrumb\"},\"inLanguage\":\"ca\",\"potentialAction\":[{\"@type\":\"ReadAction\",\"target\":[\"https:\/\/www.canons.es\/ca\/facial-estetica-avanzada\/tractament-hydrafacial\/\"]}]},{\"@type\":\"BreadcrumbList\",\"@id\":\"https:\/\/www.canons.es\/ca\/facial-estetica-avanzada\/tractament-hydrafacial\/#breadcrumb\",\"itemListElement\":[{\"@type\":\"ListItem\",\"position\":1,\"name\":\"Portada\",\"item\":\"https:\/\/www.canons.es\/ca\/\"},{\"@type\":\"ListItem\",\"position\":2,\"name\":\"FACIAL EST\u00c8TICA AVAN\u00c7ADA\",\"item\":\"https:\/\/www.canons.es\/ca\/facial-estetica-avanzada\/\"},{\"@type\":\"ListItem\",\"position\":3,\"name\":\"Tractament Hydrafacial\"}]},{\"@type\":\"WebSite\",\"@id\":\"https:\/\/www.canons.es\/#website\",\"url\":\"https:\/\/www.canons.es\/\",\"name\":\"Cirug\u00eda Pl\u00e1stica y Est\u00e9tica Barcelona y Granollers | C\u00e0nons Clinics\",\"description\":\"\",\"publisher\":{\"@id\":\"https:\/\/www.canons.es\/#organization\"},\"potentialAction\":[{\"@type\":\"SearchAction\",\"target\":{\"@type\":\"EntryPoint\",\"urlTemplate\":\"https:\/\/www.canons.es\/?s={search_term_string}\"},\"query-input\":{\"@type\":\"PropertyValueSpecification\",\"valueRequired\":true,\"valueName\":\"search_term_string\"}}],\"inLanguage\":\"ca\"},{\"@type\":\"Organization\",\"@id\":\"https:\/\/www.canons.es\/#organization\",\"name\":\"Cirug\u00eda Pl\u00e1stica y Est\u00e9tica Barcelona y Granollers | C\u00e0nons Clinics\",\"url\":\"https:\/\/www.canons.es\/\",\"logo\":{\"@type\":\"ImageObject\",\"inLanguage\":\"ca\",\"@id\":\"https:\/\/www.canons.es\/#\/schema\/logo\/image\/\",\"url\":\"https:\/\/www.canons.es\/wp-content\/uploads\/2025\/04\/logo-canons-clinics.jpg\",\"contentUrl\":\"https:\/\/www.canons.es\/wp-content\/uploads\/2025\/04\/logo-canons-clinics.jpg\",\"width\":600,\"height\":139,\"caption\":\"Cirug\u00eda Pl\u00e1stica y Est\u00e9tica Barcelona y Granollers | C\u00e0nons Clinics\"},\"image\":{\"@id\":\"https:\/\/www.canons.es\/#\/schema\/logo\/image\/\"},\"sameAs\":[\"https:\/\/www.facebook.com\/canonsclinics\/\",\"https:\/\/x.com\/canonsclinics\",\"https:\/\/www.instagram.com\/canonsclinics\/\",\"https:\/\/www.youtube.com\/channel\/UCI1Ia6LjALyo1CuQ0_HwtfQ\",\"https:\/\/www.linkedin.com\/company\/canons-clinics\/\"]}]}<\/script>\n<!-- \/ Yoast SEO Premium plugin. -->","yoast_head_json":{"title":"Tractament Hydrafacial - Cl\u00ednica C\u00e0nons | Cirurgia i Medicina Estetica a Barcelona, \u200b\u200bGranollers","robots":{"index":"index","follow":"follow","max-snippet":"max-snippet:-1","max-image-preview":"max-image-preview:large","max-video-preview":"max-video-preview:-1"},"canonical":"https:\/\/www.canons.es\/ca\/facial-estetica-avanzada\/tractament-hydrafacial\/","og_locale":"ca_ES","og_type":"article","og_title":"Tractament Hydrafacial","og_description":"[vc_row css_animation=&#8221;&#8221; row_type=&#8221;row&#8221; use_row_as_full_screen_section=&#8221;no&#8221; type=&#8221;full_width&#8221; angled_section=&#8221;no&#8221; text_align=&#8221;left&#8221; background_image_as_pattern=&#8221;without_pattern&#8221; background_color=&#8221;#f7f7f7&#8243; section_type=&#8221;full-width&#8221;][vc_column][vc_empty_space height=&#8221;40px&#8221;][vc_row_inner row_type=&#8221;row&#8221; type=&#8221;full_width&#8221; text_align=&#8221;left&#8221; css_animation=&#8221;&#8221;][vc_column_inner width=&#8221;1\/2&#8243;][vc_single_image image=&#8221;20250&#8243; img_size=&#8221;full&#8221; alignment=&#8221;center&#8221; qode_css_animation=&#8221;&#8221;][vc_empty_space height=&#8221;40px&#8221;][\/vc_column_inner][vc_column_inner width=&#8221;1\/2&#8243;][vc_column_text]Aconsegueix la millor pell de la teva vida amb Hydrafacial, el tractament preferit dels famosos. El procediment per obtenir que la teva pell sigui...","og_url":"https:\/\/www.canons.es\/ca\/facial-estetica-avanzada\/tractament-hydrafacial\/","og_site_name":"Cl\u00ednica C\u00e0nons | Cirurgia i Medicina Estetica a Barcelona, \u200b\u200bGranollers","article_publisher":"https:\/\/www.facebook.com\/canonsclinics\/","article_modified_time":"2022-09-28T07:14:34+00:00","twitter_card":"summary_large_image","twitter_site":"@canonsclinics","twitter_misc":{"Temps estimat de lectura":"4 minuts"},"schema":{"@context":"https:\/\/schema.org","@graph":[{"@type":"WebPage","@id":"https:\/\/www.canons.es\/ca\/facial-estetica-avanzada\/tractament-hydrafacial\/","url":"https:\/\/www.canons.es\/ca\/facial-estetica-avanzada\/tractament-hydrafacial\/","name":"Tractament Hydrafacial - Cl\u00ednica C\u00e0nons | Cirurgia i Medicina Estetica a Barcelona, \u200b\u200bGranollers","isPartOf":{"@id":"https:\/\/www.canons.es\/#website"},"datePublished":"2022-09-27T14:13:00+00:00","dateModified":"2022-09-28T07:14:34+00:00","breadcrumb":{"@id":"https:\/\/www.canons.es\/ca\/facial-estetica-avanzada\/tractament-hydrafacial\/#breadcrumb"},"inLanguage":"ca","potentialAction":[{"@type":"ReadAction","target":["https:\/\/www.canons.es\/ca\/facial-estetica-avanzada\/tractament-hydrafacial\/"]}]},{"@type":"BreadcrumbList","@id":"https:\/\/www.canons.es\/ca\/facial-estetica-avanzada\/tractament-hydrafacial\/#breadcrumb","itemListElement":[{"@type":"ListItem","position":1,"name":"Portada","item":"https:\/\/www.canons.es\/ca\/"},{"@type":"ListItem","position":2,"name":"FACIAL EST\u00c8TICA AVAN\u00c7ADA","item":"https:\/\/www.canons.es\/ca\/facial-estetica-avanzada\/"},{"@type":"ListItem","position":3,"name":"Tractament Hydrafacial"}]},{"@type":"WebSite","@id":"https:\/\/www.canons.es\/#website","url":"https:\/\/www.canons.es\/","name":"Cirug\u00eda Pl\u00e1stica y Est\u00e9tica Barcelona y Granollers | C\u00e0nons Clinics","description":"","publisher":{"@id":"https:\/\/www.canons.es\/#organization"},"potentialAction":[{"@type":"SearchAction","target":{"@type":"EntryPoint","urlTemplate":"https:\/\/www.canons.es\/?s={search_term_string}"},"query-input":{"@type":"PropertyValueSpecification","valueRequired":true,"valueName":"search_term_string"}}],"inLanguage":"ca"},{"@type":"Organization","@id":"https:\/\/www.canons.es\/#organization","name":"Cirug\u00eda Pl\u00e1stica y Est\u00e9tica Barcelona y Granollers | C\u00e0nons Clinics","url":"https:\/\/www.canons.es\/","logo":{"@type":"ImageObject","inLanguage":"ca","@id":"https:\/\/www.canons.es\/#\/schema\/logo\/image\/","url":"https:\/\/www.canons.es\/wp-content\/uploads\/2025\/04\/logo-canons-clinics.jpg","contentUrl":"https:\/\/www.canons.es\/wp-content\/uploads\/2025\/04\/logo-canons-clinics.jpg","width":600,"height":139,"caption":"Cirug\u00eda Pl\u00e1stica y Est\u00e9tica Barcelona y Granollers | C\u00e0nons Clinics"},"image":{"@id":"https:\/\/www.canons.es\/#\/schema\/logo\/image\/"},"sameAs":["https:\/\/www.facebook.com\/canonsclinics\/","https:\/\/x.com\/canonsclinics","https:\/\/www.instagram.com\/canonsclinics\/","https:\/\/www.youtube.com\/channel\/UCI1Ia6LjALyo1CuQ0_HwtfQ","https:\/\/www.linkedin.com\/company\/canons-clinics\/"]}]}},"_links":{"self":[{"href":"https:\/\/www.canons.es\/ca\/wp-json\/wp\/v2\/pages\/20268","targetHints":{"allow":["GET"]}}],"collection":[{"href":"https:\/\/www.canons.es\/ca\/wp-json\/wp\/v2\/pages"}],"about":[{"href":"https:\/\/www.canons.es\/ca\/wp-json\/wp\/v2\/types\/page"}],"author":[{"embeddable":true,"href":"https:\/\/www.canons.es\/ca\/wp-json\/wp\/v2\/users\/25"}],"replies":[{"embeddable":true,"href":"https:\/\/www.canons.es\/ca\/wp-json\/wp\/v2\/comments?post=20268"}],"version-history":[{"count":0,"href":"https:\/\/www.canons.es\/ca\/wp-json\/wp\/v2\/pages\/20268\/revisions"}],"up":[{"embeddable":true,"href":"https:\/\/www.canons.es\/ca\/wp-json\/wp\/v2\/pages\/11486"}],"wp:attachment":[{"href":"https:\/\/www.canons.es\/ca\/wp-json\/wp\/v2\/media?parent=20268"}],"curies":[{"name":"wp","href":"https:\/\/api.w.org\/{rel}","templated":true}]}}