{"id":18260,"date":"2020-09-22T07:39:11","date_gmt":"2020-09-22T07:39:11","guid":{"rendered":"https:\/\/www.canons.es\/remodelacion-muscular-con-trusculpt-flex\/"},"modified":"2020-09-23T14:55:37","modified_gmt":"2020-09-23T14:55:37","slug":"remodelacio-muscular-amb-trusculpt-flex","status":"publish","type":"page","link":"https:\/\/www.canons.es\/ca\/medicina-estetica-corporal\/remodelacio-muscular-amb-trusculpt-flex\/","title":{"rendered":"Remodelaci\u00f3 Muscular amb Trusculpt Flex"},"content":{"rendered":"<div class=\"wpb-content-wrapper\"><p>[vc_row css_animation=&#8221;&#8221; row_type=&#8221;row&#8221; use_row_as_full_screen_section=&#8221;no&#8221; type=&#8221;full_width&#8221; angled_section=&#8221;no&#8221; text_align=&#8221;left&#8221; background_image_as_pattern=&#8221;without_pattern&#8221; background_color=&#8221;#ffffff&#8221; section_type=&#8221;full-width&#8221; z_index=&#8221;&#8221;][vc_column]<div class=\"custom_font_holder\" style=\"font-family: Raleway; font-size: 35px; line-height: 26px; font-style: normal; font-weight: 300; color: #1e70b3; text-decoration: none; text-align: left;\">REMODELACI\u00d3 MUSCULAR AMB TRUSCULPT\u00ae FLEX<\/div>[vc_empty_space][vc_single_image image=&#8221;18233&#8243; img_size=&#8221;full&#8221; alignment=&#8221;center&#8221; qode_css_animation=&#8221;&#8221;][vc_empty_space][vc_column_text]Est\u00e0s buscant una soluci\u00f3 extra per enfortir, reafirmar i tonificar el teu cos? TruSculpt\u00aeFlex \u00e9s la nova manera revolucion\u00e0ria d\u2019esculpir el teu cos, sense importar l\u2019estat f\u00edsic o la forma, amb un tractament personalitzat d\u2019estimulaci\u00f3 muscular, disponible en diverses zones del cos. Resultats remarcables en 45 minuts.[\/vc_column_text][vc_empty_space][\/vc_column][\/vc_row][vc_row css_animation=&#8221;&#8221; row_type=&#8221;row&#8221; use_row_as_full_screen_section=&#8221;no&#8221; type=&#8221;full_width&#8221; angled_section=&#8221;no&#8221; text_align=&#8221;left&#8221; background_image_as_pattern=&#8221;without_pattern&#8221;][vc_column width=&#8221;1\/2&#8243;][vc_video link=&#8221;https:\/\/www.youtube.com\/watch?v=Bxvmm9zNa2g&#8221;][vc_empty_space][\/vc_column][vc_column width=&#8221;1\/2&#8243;][vc_empty_space height=&#8221;70px&#8221;][vc_column_text]<\/p>\n<h2 style=\"text-align: left;\">\u00bfQu\u00e8 \u00e9s Trusculpt\u00ae Flex?<\/h2>\n<p>[\/vc_column_text][vc_empty_space height=&#8221;15px&#8221;][vc_column_text]<\/p>\n<p style=\"text-align: left;\">El TruSculpt<sup>\u00ae<\/sup>Flex \u00e9s un dispositiu de remodelaci\u00f3 muscular que ofereix tractaments personalitzats en funci\u00f3 de la forma f\u00edsica, la figura i els objectius del pacient. La plataforma compta amb <strong>estimulaci\u00f3 multidireccional<\/strong> (MDS), que proporciona un m\u00e8tode \u00fanic d\u2019electroestimulaci\u00f3 muscular per actuar sobre grups musculars espec\u00edfics amb tres modes de tractament. \u00c9s una tecnologia exclusiva de <strong>Cutera<\/strong>.<\/p>\n<p>[\/vc_column_text][vc_empty_space][\/vc_column][\/vc_row][vc_row css_animation=&#8221;&#8221; row_type=&#8221;row&#8221; use_row_as_full_screen_section=&#8221;no&#8221; type=&#8221;full_width&#8221; angled_section=&#8221;no&#8221; text_align=&#8221;left&#8221; background_image_as_pattern=&#8221;without_pattern&#8221;][vc_column][vc_accordion style=&#8221;toggle&#8221;][vc_accordion_tab title=&#8221;COM ACTUA TRUSCULPT\u00aeFLEX?&#8221;][vc_column_text]Els tres modes del tractament, seleccionats en funci\u00f3 de cada pacient, simulen la intensitat de diferents exercicis d\u2019abdominals i esquats:<\/p>\n<p>&nbsp;<\/p>\n<p><strong>Mode 1 (Preparaci\u00f3). <\/strong>Moviment giratori per escalfar, estirar els m\u00fasculs i desenvolupar lentament una toler\u00e0ncia a les contraccions musculars.<\/p>\n<p>&nbsp;<\/p>\n<p><strong>Mode 2 (Tonificaci\u00f3). <\/strong>Contrau els m\u00fasculs i els mant\u00e9 fins el punt d\u2019esgotament. Llavors els relaxa per augmentar la for\u00e7a i millorar la resist\u00e8ncia.<\/p>\n<p>&nbsp;<\/p>\n<p><strong>Mode 3 (Esculpir). <\/strong>Contraccions r\u00e0pides, profundes i seq\u00fcencials dels m\u00fasculs per construir massa muscular i augmentar la taxa metab\u00f2lica.[\/vc_column_text][vc_empty_space][\/vc_accordion_tab][vc_accordion_tab title=&#8221;QUINES ZONES PODR\u00c9 TRACTAR AMB TRUSCULPT\u00aeFLEX?&#8221;][vc_column_text]<\/p>\n<ul>\n<li>Abdominals<\/li>\n<li>Glutis<\/li>\n<li>Cuixes<\/li>\n<li>Bra\u00e7os<\/li>\n<\/ul>\n<p>[\/vc_column_text][vc_empty_space][\/vc_accordion_tab][vc_accordion_tab title=&#8221;QUINS RESULTATS OBTINDR\u00c9?&#8221;][vc_column_text]Els resultats s\u00f3n visibles despr\u00e9s d\u2019una sessi\u00f3 de 45 minuts. Per\u00f2 els resultats m\u00e9s notables es poden aconseguir amb quatre sessions. A m\u00e9s, els resultats m\u00e0xims s\u00f3n generalment visibles de 8 a 12 setmanes despr\u00e9s de l\u2019\u00faltima sessi\u00f3.[\/vc_column_text][vc_empty_space][vc_video link=&#8221;https:\/\/www.youtube.com\/watch?v=Ai01MxywrZ4&#8243;][vc_empty_space][\/vc_accordion_tab][vc_accordion_tab title=&#8221;ELS RESULTATS S\u00d3N PERMANENTS?&#8221;][vc_column_text]Els resultats s\u00f3n m\u00e9s o menys permanents en funci\u00f3 de l\u2019entrenament muscular de cada un dels pacients. Com m\u00e9s entrenament, menys necessitat de sessions de manteniment. Per\u00f2, com a norma general, i per millorar el resultat obtingut, unes 3-4 sessions cada any podrien ser recomanables, en funci\u00f3 de cada pacient. <strong>\u00c9s un tractament totalment personalitzable.<\/strong>[\/vc_column_text][vc_empty_space][\/vc_accordion_tab][vc_accordion_tab title=&#8221;QUINS AVANTATGES T\u00c9 EL TRACTAMENT?&#8221;][vc_column_text]<\/p>\n<ul>\n<li><strong>R\u00e0pid:<\/strong> es poden tractar fins a vuit \u00e0rees en cada sessi\u00f3 de 45 minuts.<\/li>\n<li><strong>Segur:<\/strong> l\u2019exclusiva tecnologia TruControl\u00ae proporciona resultats segurs i consistents a trav\u00e9s d\u2019una entrega d\u2019energia selectiva i personalitzada per a cada pacient.<\/li>\n<li><strong>Efectiu:<\/strong> hi ha tres modes de tractament disponibles per personalitzar els resultats de cada pacient en funci\u00f3 dels seus objectius.<\/li>\n<li><strong>Augment muscular:<\/strong> els estudis cl\u00ednics han mostrat un augment mitj\u00e0 del 30% de la massa muscular.<\/li>\n<li><strong>Vers\u00e0til:<\/strong> el millor de tot \u00e9s que el tractament \u00e9s personalitzable per diferents nivells de condici\u00f3 f\u00edsica, formes corporals i objectius del pacient.<\/li>\n<\/ul>\n<p>[\/vc_column_text][vc_empty_space][\/vc_accordion_tab][vc_accordion_tab title=&#8221;QU\u00c8 NOTAR\u00c9 A LA SESSI\u00d3?&#8221;][vc_column_text]Quan el tractament comen\u00e7a, els pacients senten una sensaci\u00f3 de contracci\u00f3 suau. A mesura que la intensitat augmenta lentament, la contracci\u00f3 muscular s\u2019intensifica. Els resultats s\u00f3n uniformes i consistents.[\/vc_column_text][vc_empty_space][\/vc_accordion_tab][vc_accordion_tab title=&#8221;QUANT DURA UNA SESSI\u00d3?&#8221;][vc_column_text]Cada sessi\u00f3 dura 45 minuts.[\/vc_column_text][vc_empty_space][\/vc_accordion_tab][vc_accordion_tab title=&#8221;COM SER\u00c0 LA TORNADA A LA NORMALITAT?&#8221;][vc_column_text]\u00c9s un tractament no invasiu i no requereix temps de recuperaci\u00f3. Els pacients poden tornar immediatament a les seves activitats normals.<\/p>\n<p>&nbsp;<\/p>\n<p>Despr\u00e9s del procediment els pacients poden notar formigueig a les \u00e0rees tractades durant poques hores, o b\u00e9 un lleuger dolor o sensibilitat muscular de 24 a 72 hores. [\/vc_column_text][vc_empty_space][\/vc_accordion_tab][vc_accordion_tab title=&#8221;COM ES PLANIFICA EL TRACTAMENT?&#8221;][vc_column_text]Es realitza una avaluaci\u00f3 corporal global i les \u00e0rees que poden ser tractades en funci\u00f3 de cada pacient, fent recomanacions per ajudar a obtenir l\u2019aspecte desitjat. La consulta pot incloure mesurar el cos, el pes, circumfer\u00e8ncia i massa muscular. L\u2019especialista tamb\u00e9 pot fer fotografies per ajudar al pacient a comparar l\u2019abans amb el despr\u00e9s.<\/p>\n<p>&nbsp;<\/p>\n<p>Sempre proposem un suport diet\u00e8tic i nutricional espec\u00edfic.[\/vc_column_text][vc_empty_space][\/vc_accordion_tab][vc_accordion_tab title=&#8221;QUINES PRECAUCIONS HAUR\u00c9 DE PRENDRE?&#8221;][vc_column_text]<\/p>\n<ul>\n<li>Assegura\u2019t d\u2019estar ben hidratat\/a abans del tractament.<\/li>\n<li>Treu-te les joies, inclosos els piercings corporals a prop de la zona a tractar.<\/li>\n<li>Neteja la zona, traient tot el maquillatge o locions.<\/li>\n<li>Afaita l\u2019\u00e0rea de tractament segons sigui necessari.<\/li>\n<\/ul>\n<p>[\/vc_column_text][vc_empty_space][\/vc_accordion_tab][vc_accordion_tab title=&#8221;EN QUINS CASOS EST\u00c0 CONTRAINDICAT EL TRUSCULPT\u00aeFLEX?&#8221;][vc_column_text]<\/p>\n<ul>\n<li>Embar\u00e0s<\/li>\n<li>Marcapassos, desfibril\u00b7ladors o altres dispositius met\u00e0l\u00b7lics o electr\u00f2nics implantats<\/li>\n<li>Epil\u00e8psia<\/li>\n<li>Lesions cancer\u00edgenes<\/li>\n<li>Traumatisme agut o fractura<\/li>\n<li>Procediments quir\u00fargics recents<\/li>\n<li>H\u00e8rnia abdominal o inguinal<\/li>\n<li>Isqu\u00e8mia cr\u00edtica de membres inferiors<\/li>\n<li>Defici\u00e8ncies de flux sanguini \/ trombosi venosa<\/li>\n<\/ul>\n<p>[\/vc_column_text][vc_empty_space][\/vc_accordion_tab][\/vc_accordion][vc_empty_space][vc_row_inner row_type=&#8221;row&#8221; type=&#8221;full_width&#8221; text_align=&#8221;left&#8221; css_animation=&#8221;&#8221;][vc_column_inner width=&#8221;1\/4&#8243;][\/vc_column_inner][vc_column_inner width=&#8221;1\/2&#8243;]<div id=\"twenty20-1\" class=\"twenty20\" style=\"width: 100% !important; clear: both;\"><div class=\"twentytwenty-container twenty20-1 \"><img decoding=\"async\" src=\"https:\/\/www.canons.es\/wp-content\/uploads\/2020\/09\/foto-1.jpg\" alt=\"Before image\" \/><img decoding=\"async\" src=\"https:\/\/www.canons.es\/wp-content\/uploads\/2020\/09\/foto-2.jpg\" alt=\"After image\" \/><\/div><\/div>[\/vc_column_inner][vc_column_inner width=&#8221;1\/4&#8243;][\/vc_column_inner][\/vc_row_inner][vc_empty_space height=&#8221;100px&#8221;][\/vc_column][\/vc_row]<\/p>\n<\/div><!-- AddThis Advanced Settings generic via filter on the_content --><!-- AddThis Share Buttons generic via filter on the_content -->","protected":false},"excerpt":{"rendered":"<p>[vc_row css_animation=&#8221;&#8221; row_type=&#8221;row&#8221; use_row_as_full_screen_section=&#8221;no&#8221; type=&#8221;full_width&#8221; angled_section=&#8221;no&#8221; text_align=&#8221;left&#8221; background_image_as_pattern=&#8221;without_pattern&#8221; background_color=&#8221;#ffffff&#8221; section_type=&#8221;full-width&#8221; z_index=&#8221;&#8221;][vc_column][vc_empty_space][vc_single_image image=&#8221;18233&#8243; img_size=&#8221;full&#8221; alignment=&#8221;center&#8221; qode_css_animation=&#8221;&#8221;][vc_empty_space][vc_column_text]Est\u00e0s buscant una soluci\u00f3 extra per enfortir, reafirmar i tonificar el teu cos? TruSculpt\u00aeFlex \u00e9s la nova manera revolucion\u00e0ria d\u2019esculpir el teu cos, sense importar l\u2019estat f\u00edsic o la forma, amb&#8230;<!-- AddThis Advanced Settings generic via filter on get_the_excerpt --><!-- AddThis Share Buttons generic via filter on get_the_excerpt --><\/p>\n","protected":false},"author":25,"featured_media":0,"parent":9584,"menu_order":0,"comment_status":"closed","ping_status":"closed","template":"","meta":{"footnotes":""},"class_list":["post-18260","page","type-page","status-publish","hentry"],"yoast_head":"<!-- This site is optimized with the Yoast SEO Premium plugin v26.9 (Yoast SEO v27.2) - https:\/\/yoast.com\/product\/yoast-seo-premium-wordpress\/ -->\n<title>Remodelaci\u00f3 Muscular amb Trusculpt Flex - Cl\u00ednica C\u00e0nons | Cirurgia i Medicina Estetica a Barcelona, \u200b\u200bGranollers<\/title>\n<meta name=\"robots\" content=\"index, follow, max-snippet:-1, max-image-preview:large, max-video-preview:-1\" \/>\n<link rel=\"canonical\" href=\"https:\/\/www.canons.es\/ca\/medicina-estetica-corporal\/remodelacio-muscular-amb-trusculpt-flex\/\" \/>\n<meta property=\"og:locale\" content=\"ca_ES\" \/>\n<meta property=\"og:type\" content=\"article\" \/>\n<meta property=\"og:title\" content=\"Remodelaci\u00f3 Muscular amb Trusculpt Flex\" \/>\n<meta property=\"og:description\" content=\"[vc_row css_animation=&#8221;&#8221; row_type=&#8221;row&#8221; use_row_as_full_screen_section=&#8221;no&#8221; type=&#8221;full_width&#8221; angled_section=&#8221;no&#8221; text_align=&#8221;left&#8221; background_image_as_pattern=&#8221;without_pattern&#8221; background_color=&#8221;#ffffff&#8221; section_type=&#8221;full-width&#8221; z_index=&#8221;&#8221;][vc_column][vc_empty_space][vc_single_image image=&#8221;18233&#8243; img_size=&#8221;full&#8221; alignment=&#8221;center&#8221; qode_css_animation=&#8221;&#8221;][vc_empty_space][vc_column_text]Est\u00e0s buscant una soluci\u00f3 extra per enfortir, reafirmar i tonificar el teu cos? TruSculpt\u00aeFlex \u00e9s la nova manera revolucion\u00e0ria d\u2019esculpir el teu cos, sense importar l\u2019estat f\u00edsic o la forma, amb...\" \/>\n<meta property=\"og:url\" content=\"https:\/\/www.canons.es\/ca\/medicina-estetica-corporal\/remodelacio-muscular-amb-trusculpt-flex\/\" \/>\n<meta property=\"og:site_name\" content=\"Cl\u00ednica C\u00e0nons | Cirurgia i Medicina Estetica a Barcelona, \u200b\u200bGranollers\" \/>\n<meta property=\"article:publisher\" content=\"https:\/\/www.facebook.com\/canonsclinics\/\" \/>\n<meta property=\"article:modified_time\" content=\"2020-09-23T14:55:37+00:00\" \/>\n<meta name=\"twitter:card\" content=\"summary_large_image\" \/>\n<meta name=\"twitter:site\" content=\"@canonsclinics\" \/>\n<meta name=\"twitter:label1\" content=\"Temps estimat de lectura\" \/>\n\t<meta name=\"twitter:data1\" content=\"6 minuts\" \/>\n<script type=\"application\/ld+json\" class=\"yoast-schema-graph\">{\"@context\":\"https:\/\/schema.org\",\"@graph\":[{\"@type\":\"WebPage\",\"@id\":\"https:\/\/www.canons.es\/ca\/medicina-estetica-corporal\/remodelacio-muscular-amb-trusculpt-flex\/\",\"url\":\"https:\/\/www.canons.es\/ca\/medicina-estetica-corporal\/remodelacio-muscular-amb-trusculpt-flex\/\",\"name\":\"Remodelaci\u00f3 Muscular amb Trusculpt Flex - Cl\u00ednica C\u00e0nons | Cirurgia i Medicina Estetica a Barcelona, \u200b\u200bGranollers\",\"isPartOf\":{\"@id\":\"https:\/\/www.canons.es\/#website\"},\"datePublished\":\"2020-09-22T07:39:11+00:00\",\"dateModified\":\"2020-09-23T14:55:37+00:00\",\"breadcrumb\":{\"@id\":\"https:\/\/www.canons.es\/ca\/medicina-estetica-corporal\/remodelacio-muscular-amb-trusculpt-flex\/#breadcrumb\"},\"inLanguage\":\"ca\",\"potentialAction\":[{\"@type\":\"ReadAction\",\"target\":[\"https:\/\/www.canons.es\/ca\/medicina-estetica-corporal\/remodelacio-muscular-amb-trusculpt-flex\/\"]}]},{\"@type\":\"BreadcrumbList\",\"@id\":\"https:\/\/www.canons.es\/ca\/medicina-estetica-corporal\/remodelacio-muscular-amb-trusculpt-flex\/#breadcrumb\",\"itemListElement\":[{\"@type\":\"ListItem\",\"position\":1,\"name\":\"Portada\",\"item\":\"https:\/\/www.canons.es\/ca\/\"},{\"@type\":\"ListItem\",\"position\":2,\"name\":\"MEDICINA EST\u00c9TICA CORPORAL\",\"item\":\"https:\/\/www.canons.es\/ca\/medicina-estetica-corporal\/\"},{\"@type\":\"ListItem\",\"position\":3,\"name\":\"Remodelaci\u00f3 Muscular amb Trusculpt Flex\"}]},{\"@type\":\"WebSite\",\"@id\":\"https:\/\/www.canons.es\/#website\",\"url\":\"https:\/\/www.canons.es\/\",\"name\":\"Cirug\u00eda Pl\u00e1stica y Est\u00e9tica Barcelona y Granollers | C\u00e0nons Clinics\",\"description\":\"\",\"publisher\":{\"@id\":\"https:\/\/www.canons.es\/#organization\"},\"potentialAction\":[{\"@type\":\"SearchAction\",\"target\":{\"@type\":\"EntryPoint\",\"urlTemplate\":\"https:\/\/www.canons.es\/?s={search_term_string}\"},\"query-input\":{\"@type\":\"PropertyValueSpecification\",\"valueRequired\":true,\"valueName\":\"search_term_string\"}}],\"inLanguage\":\"ca\"},{\"@type\":\"Organization\",\"@id\":\"https:\/\/www.canons.es\/#organization\",\"name\":\"Cirug\u00eda Pl\u00e1stica y Est\u00e9tica Barcelona y Granollers | C\u00e0nons Clinics\",\"url\":\"https:\/\/www.canons.es\/\",\"logo\":{\"@type\":\"ImageObject\",\"inLanguage\":\"ca\",\"@id\":\"https:\/\/www.canons.es\/#\/schema\/logo\/image\/\",\"url\":\"https:\/\/www.canons.es\/wp-content\/uploads\/2025\/04\/logo-canons-clinics.jpg\",\"contentUrl\":\"https:\/\/www.canons.es\/wp-content\/uploads\/2025\/04\/logo-canons-clinics.jpg\",\"width\":600,\"height\":139,\"caption\":\"Cirug\u00eda Pl\u00e1stica y Est\u00e9tica Barcelona y Granollers | C\u00e0nons Clinics\"},\"image\":{\"@id\":\"https:\/\/www.canons.es\/#\/schema\/logo\/image\/\"},\"sameAs\":[\"https:\/\/www.facebook.com\/canonsclinics\/\",\"https:\/\/x.com\/canonsclinics\",\"https:\/\/www.instagram.com\/canonsclinics\/\",\"https:\/\/www.youtube.com\/channel\/UCI1Ia6LjALyo1CuQ0_HwtfQ\",\"https:\/\/www.linkedin.com\/company\/canons-clinics\/\"]}]}<\/script>\n<!-- \/ Yoast SEO Premium plugin. -->","yoast_head_json":{"title":"Remodelaci\u00f3 Muscular amb Trusculpt Flex - Cl\u00ednica C\u00e0nons | Cirurgia i Medicina Estetica a Barcelona, \u200b\u200bGranollers","robots":{"index":"index","follow":"follow","max-snippet":"max-snippet:-1","max-image-preview":"max-image-preview:large","max-video-preview":"max-video-preview:-1"},"canonical":"https:\/\/www.canons.es\/ca\/medicina-estetica-corporal\/remodelacio-muscular-amb-trusculpt-flex\/","og_locale":"ca_ES","og_type":"article","og_title":"Remodelaci\u00f3 Muscular amb Trusculpt Flex","og_description":"[vc_row css_animation=&#8221;&#8221; row_type=&#8221;row&#8221; use_row_as_full_screen_section=&#8221;no&#8221; type=&#8221;full_width&#8221; angled_section=&#8221;no&#8221; text_align=&#8221;left&#8221; background_image_as_pattern=&#8221;without_pattern&#8221; background_color=&#8221;#ffffff&#8221; section_type=&#8221;full-width&#8221; z_index=&#8221;&#8221;][vc_column][vc_empty_space][vc_single_image image=&#8221;18233&#8243; img_size=&#8221;full&#8221; alignment=&#8221;center&#8221; qode_css_animation=&#8221;&#8221;][vc_empty_space][vc_column_text]Est\u00e0s buscant una soluci\u00f3 extra per enfortir, reafirmar i tonificar el teu cos? TruSculpt\u00aeFlex \u00e9s la nova manera revolucion\u00e0ria d\u2019esculpir el teu cos, sense importar l\u2019estat f\u00edsic o la forma, amb...","og_url":"https:\/\/www.canons.es\/ca\/medicina-estetica-corporal\/remodelacio-muscular-amb-trusculpt-flex\/","og_site_name":"Cl\u00ednica C\u00e0nons | Cirurgia i Medicina Estetica a Barcelona, \u200b\u200bGranollers","article_publisher":"https:\/\/www.facebook.com\/canonsclinics\/","article_modified_time":"2020-09-23T14:55:37+00:00","twitter_card":"summary_large_image","twitter_site":"@canonsclinics","twitter_misc":{"Temps estimat de lectura":"6 minuts"},"schema":{"@context":"https:\/\/schema.org","@graph":[{"@type":"WebPage","@id":"https:\/\/www.canons.es\/ca\/medicina-estetica-corporal\/remodelacio-muscular-amb-trusculpt-flex\/","url":"https:\/\/www.canons.es\/ca\/medicina-estetica-corporal\/remodelacio-muscular-amb-trusculpt-flex\/","name":"Remodelaci\u00f3 Muscular amb Trusculpt Flex - Cl\u00ednica C\u00e0nons | Cirurgia i Medicina Estetica a Barcelona, \u200b\u200bGranollers","isPartOf":{"@id":"https:\/\/www.canons.es\/#website"},"datePublished":"2020-09-22T07:39:11+00:00","dateModified":"2020-09-23T14:55:37+00:00","breadcrumb":{"@id":"https:\/\/www.canons.es\/ca\/medicina-estetica-corporal\/remodelacio-muscular-amb-trusculpt-flex\/#breadcrumb"},"inLanguage":"ca","potentialAction":[{"@type":"ReadAction","target":["https:\/\/www.canons.es\/ca\/medicina-estetica-corporal\/remodelacio-muscular-amb-trusculpt-flex\/"]}]},{"@type":"BreadcrumbList","@id":"https:\/\/www.canons.es\/ca\/medicina-estetica-corporal\/remodelacio-muscular-amb-trusculpt-flex\/#breadcrumb","itemListElement":[{"@type":"ListItem","position":1,"name":"Portada","item":"https:\/\/www.canons.es\/ca\/"},{"@type":"ListItem","position":2,"name":"MEDICINA EST\u00c9TICA CORPORAL","item":"https:\/\/www.canons.es\/ca\/medicina-estetica-corporal\/"},{"@type":"ListItem","position":3,"name":"Remodelaci\u00f3 Muscular amb Trusculpt Flex"}]},{"@type":"WebSite","@id":"https:\/\/www.canons.es\/#website","url":"https:\/\/www.canons.es\/","name":"Cirug\u00eda Pl\u00e1stica y Est\u00e9tica Barcelona y Granollers | C\u00e0nons Clinics","description":"","publisher":{"@id":"https:\/\/www.canons.es\/#organization"},"potentialAction":[{"@type":"SearchAction","target":{"@type":"EntryPoint","urlTemplate":"https:\/\/www.canons.es\/?s={search_term_string}"},"query-input":{"@type":"PropertyValueSpecification","valueRequired":true,"valueName":"search_term_string"}}],"inLanguage":"ca"},{"@type":"Organization","@id":"https:\/\/www.canons.es\/#organization","name":"Cirug\u00eda Pl\u00e1stica y Est\u00e9tica Barcelona y Granollers | C\u00e0nons Clinics","url":"https:\/\/www.canons.es\/","logo":{"@type":"ImageObject","inLanguage":"ca","@id":"https:\/\/www.canons.es\/#\/schema\/logo\/image\/","url":"https:\/\/www.canons.es\/wp-content\/uploads\/2025\/04\/logo-canons-clinics.jpg","contentUrl":"https:\/\/www.canons.es\/wp-content\/uploads\/2025\/04\/logo-canons-clinics.jpg","width":600,"height":139,"caption":"Cirug\u00eda Pl\u00e1stica y Est\u00e9tica Barcelona y Granollers | C\u00e0nons Clinics"},"image":{"@id":"https:\/\/www.canons.es\/#\/schema\/logo\/image\/"},"sameAs":["https:\/\/www.facebook.com\/canonsclinics\/","https:\/\/x.com\/canonsclinics","https:\/\/www.instagram.com\/canonsclinics\/","https:\/\/www.youtube.com\/channel\/UCI1Ia6LjALyo1CuQ0_HwtfQ","https:\/\/www.linkedin.com\/company\/canons-clinics\/"]}]}},"_links":{"self":[{"href":"https:\/\/www.canons.es\/ca\/wp-json\/wp\/v2\/pages\/18260","targetHints":{"allow":["GET"]}}],"collection":[{"href":"https:\/\/www.canons.es\/ca\/wp-json\/wp\/v2\/pages"}],"about":[{"href":"https:\/\/www.canons.es\/ca\/wp-json\/wp\/v2\/types\/page"}],"author":[{"embeddable":true,"href":"https:\/\/www.canons.es\/ca\/wp-json\/wp\/v2\/users\/25"}],"replies":[{"embeddable":true,"href":"https:\/\/www.canons.es\/ca\/wp-json\/wp\/v2\/comments?post=18260"}],"version-history":[{"count":0,"href":"https:\/\/www.canons.es\/ca\/wp-json\/wp\/v2\/pages\/18260\/revisions"}],"up":[{"embeddable":true,"href":"https:\/\/www.canons.es\/ca\/wp-json\/wp\/v2\/pages\/9584"}],"wp:attachment":[{"href":"https:\/\/www.canons.es\/ca\/wp-json\/wp\/v2\/media?parent=18260"}],"curies":[{"name":"wp","href":"https:\/\/api.w.org\/{rel}","templated":true}]}}