{"id":17555,"date":"2020-04-22T08:42:31","date_gmt":"2020-04-22T08:42:31","guid":{"rendered":"https:\/\/www.canons.es\/dipl-silvia-murla-fernandez\/"},"modified":"2021-11-23T08:24:31","modified_gmt":"2021-11-23T08:24:31","slug":"dipl-silvia-murla-fernandez","status":"publish","type":"page","link":"https:\/\/www.canons.es\/ca\/equip-canons\/dipl-silvia-murla-fernandez\/","title":{"rendered":"Dipl. S\u00edlvia Murl\u00e0 Fern\u00e1ndez"},"content":{"rendered":"<div class=\"wpb-content-wrapper\"><p>[vc_row css_animation=&#8221;&#8221; row_type=&#8221;row&#8221; use_row_as_full_screen_section=&#8221;no&#8221; type=&#8221;full_width&#8221; angled_section=&#8221;no&#8221; text_align=&#8221;left&#8221; background_image_as_pattern=&#8221;without_pattern&#8221; full_width=&#8221;&#8221; parallax=&#8221;&#8221; parallax_image=&#8221;&#8221; sid=&#8221;&#8221; padding=&#8221;medium&#8221; vpadding=&#8221;medium&#8221; color_scheme=&#8221;&#8221; section_type=&#8221;&#8221; sp_top=&#8221;0&#8243; sp_bottom=&#8221;0&#8243; enable_border=&#8221;&#8221; enable_bottom_border=&#8221;&#8221; bg_type=&#8221;image&#8221; equal_height=&#8221;&#8221; background_style=&#8221;stretch&#8221; fixed_bg=&#8221;no&#8221; enable_parallax=&#8221;no&#8221; height=&#8221;content&#8221; video_ratio=&#8221;&#8221; bg_overlay=&#8221;&#8221; bg_overlay_color=&#8221;&#8221; bg_overlay_opacity=&#8221;0.4&#8243; bg_overlay_dot=&#8221;no&#8221; enable_triangle=&#8221;&#8221; triangle_color=&#8221;&#8221; triangle_location=&#8221;top&#8221;][vc_column width=&#8221;1\/2&#8243; p_top=&#8221;0&#8243; p_bottom=&#8221;0&#8243; p_left=&#8221;0&#8243; p_right=&#8221;0&#8243; color_scheme=&#8221;&#8221; bg_overlay=&#8221;&#8221; bg_overlay_color=&#8221;&#8221; bg_overlay_opacity=&#8221;0.4&#8243;][vc_single_image image=&#8221;17529&#8243; img_size=&#8221;full&#8221; qode_css_animation=&#8221;&#8221; css_animation=&#8221;fadeInLeft&#8221; css_animation_delay=&#8221;100&#8243; img_align=&#8221;none&#8221; target=&#8221;_self&#8221; img_lightbox=&#8221;&#8221;][\/vc_column][vc_column width=&#8221;1\/2&#8243; p_top=&#8221;0&#8243; p_bottom=&#8221;0&#8243; p_left=&#8221;0&#8243; p_right=&#8221;0&#8243; color_scheme=&#8221;&#8221; bg_overlay=&#8221;&#8221; bg_overlay_color=&#8221;&#8221; bg_overlay_opacity=&#8221;0.4&#8243;][vc_column_text]<\/p>\n<h1 style=\"color: #6d98dc;\">Dipl. S\u00edlvia Murl\u00e0 Fern\u00e1ndez<\/h1>\n<p>[\/vc_column_text][vc_empty_space][vc_column_text]<\/p>\n<p><span style=\"color: #6d98dc;\"><strong>Llicenciada en Nutrici\u00f3 Humana i Diet\u00e8tica.<\/strong><\/span><\/p>\n<p><span style=\"color: #6d98dc;\"><strong>Experta en Nutrici\u00f3 Cl\u00ednica Avan\u00e7ada.<\/strong><\/span><\/p>\n<p><span style=\"color: #6d98dc;\"><strong>Inscrita al Col\u00b7legi de Dietistes i Nutricionistes de Catalunya n\u00ba CAT001767.<\/strong><\/span><\/p>\n<p>[\/vc_column_text][vc_empty_space][vc_column_text css=&#8221;.vc_custom_1587545224864{margin-bottom: 30px !important;}&#8221;]<\/p>\n<h4><span style=\"color: #6d98dc;\">DADES ACAD\u00c8MIQUES<\/span><\/h4>\n<p>&nbsp;<\/p>\n<ul>\n<li>Diplomada en Nutrici\u00f3 Humana i Diet\u00e8tica a la Universitat de Barcelona el 2019.<\/li>\n<li>Postgrau experta en Nutrici\u00f3 Cl\u00ednica Avan\u00e7ada a la Universitat Ramon Llull.<\/li>\n<\/ul>\n<p>[\/vc_column_text][\/vc_column][\/vc_row][vc_row css_animation=&#8221;&#8221; row_type=&#8221;row&#8221; use_row_as_full_screen_section=&#8221;no&#8221; type=&#8221;full_width&#8221; angled_section=&#8221;no&#8221; text_align=&#8221;left&#8221; background_image_as_pattern=&#8221;without_pattern&#8221; full_width=&#8221;&#8221; parallax=&#8221;&#8221; parallax_image=&#8221;&#8221; sid=&#8221;&#8221; padding=&#8221;medium&#8221; vpadding=&#8221;medium&#8221; color_scheme=&#8221;&#8221; section_type=&#8221;&#8221; sp_top=&#8221;0&#8243; sp_bottom=&#8221;0&#8243; enable_border=&#8221;&#8221; enable_bottom_border=&#8221;&#8221; bg_type=&#8221;image&#8221; equal_height=&#8221;&#8221; background_style=&#8221;stretch&#8221; fixed_bg=&#8221;no&#8221; enable_parallax=&#8221;no&#8221; height=&#8221;content&#8221; video_ratio=&#8221;&#8221; bg_overlay=&#8221;&#8221; bg_overlay_color=&#8221;&#8221; bg_overlay_opacity=&#8221;0.4&#8243; bg_overlay_dot=&#8221;no&#8221; enable_triangle=&#8221;&#8221; triangle_color=&#8221;&#8221; triangle_location=&#8221;top&#8221;][vc_column p_top=&#8221;0&#8243; p_bottom=&#8221;0&#8243; p_left=&#8221;0&#8243; p_right=&#8221;0&#8243; color_scheme=&#8221;&#8221; bg_overlay=&#8221;&#8221; bg_overlay_color=&#8221;&#8221; bg_overlay_opacity=&#8221;0.4&#8243;][vc_empty_space][\/vc_column][\/vc_row][vc_row css_animation=&#8221;&#8221; row_type=&#8221;row&#8221; use_row_as_full_screen_section=&#8221;no&#8221; type=&#8221;full_width&#8221; angled_section=&#8221;no&#8221; text_align=&#8221;left&#8221; background_image_as_pattern=&#8221;without_pattern&#8221; padding=&#8221;medium&#8221; vpadding=&#8221;medium&#8221; section_type=&#8221;full-width&#8221; sp_top=&#8221;0&#8243; sp_bottom=&#8221;0&#8243; enable_border=&#8221;&#8221; enable_bottom_border=&#8221;&#8221; bg_type=&#8221;image&#8221; equal_height=&#8221;&#8221; background_style=&#8221;stretch&#8221; fixed_bg=&#8221;no&#8221; enable_parallax=&#8221;no&#8221; height=&#8221;content&#8221; bg_overlay=&#8221;&#8221; bg_overlay_opacity=&#8221;0.4&#8243; bg_overlay_dot=&#8221;no&#8221; enable_triangle=&#8221;&#8221; triangle_location=&#8221;top&#8221;][vc_column p_top=&#8221;0&#8243; p_bottom=&#8221;0&#8243; p_left=&#8221;0&#8243; p_right=&#8221;0&#8243; color_scheme=&#8221;&#8221; bg_overlay=&#8221;&#8221; bg_overlay_color=&#8221;&#8221; bg_overlay_opacity=&#8221;0.4&#8243;][vc_accordion style=&#8221;accordion&#8221; disable_keyboard=&#8221;&#8221;][vc_accordion_tab title=&#8221;EXPERI\u00c8NCIA PROFESSIONAL&#8221;][vc_column_text]<\/p>\n<ul>\n<li>Pr\u00e0ctiques a l&#8217;Hospital del Mar de Barcelona.<\/li>\n<li>Nutricionista a C\u00e0nons Clinics de Granollers (Febrer 2020-Actualitat).<\/li>\n<\/ul>\n<p>[\/vc_column_text][\/vc_accordion_tab][\/vc_accordion][\/vc_column][\/vc_row]<\/p>\n<\/div><!-- AddThis Advanced Settings generic via filter on the_content --><!-- AddThis Share Buttons generic via filter on the_content -->","protected":false},"excerpt":{"rendered":"<p>[vc_row css_animation=&#8221;&#8221; row_type=&#8221;row&#8221; use_row_as_full_screen_section=&#8221;no&#8221; type=&#8221;full_width&#8221; angled_section=&#8221;no&#8221; text_align=&#8221;left&#8221; background_image_as_pattern=&#8221;without_pattern&#8221; full_width=&#8221;&#8221; parallax=&#8221;&#8221; parallax_image=&#8221;&#8221; sid=&#8221;&#8221; padding=&#8221;medium&#8221; vpadding=&#8221;medium&#8221; color_scheme=&#8221;&#8221; section_type=&#8221;&#8221; sp_top=&#8221;0&#8243; sp_bottom=&#8221;0&#8243; enable_border=&#8221;&#8221; enable_bottom_border=&#8221;&#8221; bg_type=&#8221;image&#8221; equal_height=&#8221;&#8221; background_style=&#8221;stretch&#8221; fixed_bg=&#8221;no&#8221; enable_parallax=&#8221;no&#8221; height=&#8221;content&#8221; video_ratio=&#8221;&#8221; bg_overlay=&#8221;&#8221; bg_overlay_color=&#8221;&#8221; bg_overlay_opacity=&#8221;0.4&#8243; bg_overlay_dot=&#8221;no&#8221; enable_triangle=&#8221;&#8221; triangle_color=&#8221;&#8221; triangle_location=&#8221;top&#8221;][vc_column width=&#8221;1\/2&#8243; p_top=&#8221;0&#8243; p_bottom=&#8221;0&#8243; p_left=&#8221;0&#8243; p_right=&#8221;0&#8243; color_scheme=&#8221;&#8221; bg_overlay=&#8221;&#8221; bg_overlay_color=&#8221;&#8221; bg_overlay_opacity=&#8221;0.4&#8243;][vc_single_image image=&#8221;17529&#8243; img_size=&#8221;full&#8221;&#8230;<!-- AddThis Advanced Settings generic via filter on get_the_excerpt --><!-- AddThis Share Buttons generic via filter on get_the_excerpt --><\/p>\n","protected":false},"author":25,"featured_media":0,"parent":8967,"menu_order":0,"comment_status":"closed","ping_status":"closed","template":"","meta":{"footnotes":""},"class_list":["post-17555","page","type-page","status-publish","hentry"],"yoast_head":"<!-- This site is optimized with the Yoast SEO Premium plugin v26.9 (Yoast SEO v27.2) - https:\/\/yoast.com\/product\/yoast-seo-premium-wordpress\/ -->\n<title>Dipl. S\u00edlvia Murl\u00e0 Fern\u00e1ndez - Cl\u00ednica C\u00e0nons | Cirurgia i Medicina Estetica a Barcelona, \u200b\u200bGranollers<\/title>\n<meta name=\"robots\" content=\"index, follow, max-snippet:-1, max-image-preview:large, max-video-preview:-1\" \/>\n<link rel=\"canonical\" href=\"https:\/\/www.canons.es\/equipo-canons\/dipl-silvia-murla-fernandez\/\" \/>\n<meta property=\"og:locale\" content=\"ca_ES\" \/>\n<meta property=\"og:type\" content=\"article\" \/>\n<meta property=\"og:title\" content=\"Dipl. S\u00edlvia Murl\u00e0 Fern\u00e1ndez\" \/>\n<meta property=\"og:description\" content=\"[vc_row css_animation=&#8221;&#8221; row_type=&#8221;row&#8221; use_row_as_full_screen_section=&#8221;no&#8221; type=&#8221;full_width&#8221; angled_section=&#8221;no&#8221; text_align=&#8221;left&#8221; background_image_as_pattern=&#8221;without_pattern&#8221; full_width=&#8221;&#8221; parallax=&#8221;&#8221; parallax_image=&#8221;&#8221; sid=&#8221;&#8221; padding=&#8221;medium&#8221; vpadding=&#8221;medium&#8221; color_scheme=&#8221;&#8221; section_type=&#8221;&#8221; sp_top=&#8221;0&#8243; sp_bottom=&#8221;0&#8243; enable_border=&#8221;&#8221; enable_bottom_border=&#8221;&#8221; bg_type=&#8221;image&#8221; equal_height=&#8221;&#8221; background_style=&#8221;stretch&#8221; fixed_bg=&#8221;no&#8221; enable_parallax=&#8221;no&#8221; height=&#8221;content&#8221; video_ratio=&#8221;&#8221; bg_overlay=&#8221;&#8221; bg_overlay_color=&#8221;&#8221; bg_overlay_opacity=&#8221;0.4&#8243; bg_overlay_dot=&#8221;no&#8221; enable_triangle=&#8221;&#8221; triangle_color=&#8221;&#8221; triangle_location=&#8221;top&#8221;][vc_column width=&#8221;1\/2&#8243; p_top=&#8221;0&#8243; p_bottom=&#8221;0&#8243; p_left=&#8221;0&#8243; p_right=&#8221;0&#8243; color_scheme=&#8221;&#8221; bg_overlay=&#8221;&#8221; bg_overlay_color=&#8221;&#8221; bg_overlay_opacity=&#8221;0.4&#8243;][vc_single_image image=&#8221;17529&#8243; img_size=&#8221;full&#8221;...\" \/>\n<meta property=\"og:url\" content=\"https:\/\/www.canons.es\/equipo-canons\/dipl-silvia-murla-fernandez\/\" \/>\n<meta property=\"og:site_name\" content=\"Cl\u00ednica C\u00e0nons | Cirurgia i Medicina Estetica a Barcelona, \u200b\u200bGranollers\" \/>\n<meta property=\"article:publisher\" content=\"https:\/\/www.facebook.com\/canonsclinics\/\" \/>\n<meta property=\"article:modified_time\" content=\"2021-11-23T08:24:31+00:00\" \/>\n<meta name=\"twitter:card\" content=\"summary_large_image\" \/>\n<meta name=\"twitter:site\" content=\"@canonsclinics\" \/>\n<meta name=\"twitter:label1\" content=\"Temps estimat de lectura\" \/>\n\t<meta name=\"twitter:data1\" content=\"3 minuts\" \/>\n<script type=\"application\/ld+json\" class=\"yoast-schema-graph\">{\"@context\":\"https:\/\/schema.org\",\"@graph\":[{\"@type\":\"WebPage\",\"@id\":\"https:\/\/www.canons.es\/equipo-canons\/dipl-silvia-murla-fernandez\/\",\"url\":\"https:\/\/www.canons.es\/equipo-canons\/dipl-silvia-murla-fernandez\/\",\"name\":\"Dipl. S\u00edlvia Murl\u00e0 Fern\u00e1ndez - Cl\u00ednica C\u00e0nons | Cirurgia i Medicina Estetica a Barcelona, \u200b\u200bGranollers\",\"isPartOf\":{\"@id\":\"https:\/\/www.canons.es\/#website\"},\"datePublished\":\"2020-04-22T08:42:31+00:00\",\"dateModified\":\"2021-11-23T08:24:31+00:00\",\"breadcrumb\":{\"@id\":\"https:\/\/www.canons.es\/equipo-canons\/dipl-silvia-murla-fernandez\/#breadcrumb\"},\"inLanguage\":\"ca\",\"potentialAction\":[{\"@type\":\"ReadAction\",\"target\":[\"https:\/\/www.canons.es\/equipo-canons\/dipl-silvia-murla-fernandez\/\"]}]},{\"@type\":\"BreadcrumbList\",\"@id\":\"https:\/\/www.canons.es\/equipo-canons\/dipl-silvia-murla-fernandez\/#breadcrumb\",\"itemListElement\":[{\"@type\":\"ListItem\",\"position\":1,\"name\":\"Portada\",\"item\":\"https:\/\/www.canons.es\/ca\/\"},{\"@type\":\"ListItem\",\"position\":2,\"name\":\"EQUIP C\u00c0NONS CLINICS\",\"item\":\"https:\/\/www.canons.es\/equipo-canons\/\"},{\"@type\":\"ListItem\",\"position\":3,\"name\":\"Dipl. S\u00edlvia Murl\u00e0 Fern\u00e1ndez\"}]},{\"@type\":\"WebSite\",\"@id\":\"https:\/\/www.canons.es\/#website\",\"url\":\"https:\/\/www.canons.es\/\",\"name\":\"Cirug\u00eda Pl\u00e1stica y Est\u00e9tica Barcelona y Granollers | C\u00e0nons Clinics\",\"description\":\"\",\"publisher\":{\"@id\":\"https:\/\/www.canons.es\/#organization\"},\"potentialAction\":[{\"@type\":\"SearchAction\",\"target\":{\"@type\":\"EntryPoint\",\"urlTemplate\":\"https:\/\/www.canons.es\/?s={search_term_string}\"},\"query-input\":{\"@type\":\"PropertyValueSpecification\",\"valueRequired\":true,\"valueName\":\"search_term_string\"}}],\"inLanguage\":\"ca\"},{\"@type\":\"Organization\",\"@id\":\"https:\/\/www.canons.es\/#organization\",\"name\":\"Cirug\u00eda Pl\u00e1stica y Est\u00e9tica Barcelona y Granollers | C\u00e0nons Clinics\",\"url\":\"https:\/\/www.canons.es\/\",\"logo\":{\"@type\":\"ImageObject\",\"inLanguage\":\"ca\",\"@id\":\"https:\/\/www.canons.es\/#\/schema\/logo\/image\/\",\"url\":\"https:\/\/www.canons.es\/wp-content\/uploads\/2025\/04\/logo-canons-clinics.jpg\",\"contentUrl\":\"https:\/\/www.canons.es\/wp-content\/uploads\/2025\/04\/logo-canons-clinics.jpg\",\"width\":600,\"height\":139,\"caption\":\"Cirug\u00eda Pl\u00e1stica y Est\u00e9tica Barcelona y Granollers | C\u00e0nons Clinics\"},\"image\":{\"@id\":\"https:\/\/www.canons.es\/#\/schema\/logo\/image\/\"},\"sameAs\":[\"https:\/\/www.facebook.com\/canonsclinics\/\",\"https:\/\/x.com\/canonsclinics\",\"https:\/\/www.instagram.com\/canonsclinics\/\",\"https:\/\/www.youtube.com\/channel\/UCI1Ia6LjALyo1CuQ0_HwtfQ\",\"https:\/\/www.linkedin.com\/company\/canons-clinics\/\"]}]}<\/script>\n<!-- \/ Yoast SEO Premium plugin. -->","yoast_head_json":{"title":"Dipl. S\u00edlvia Murl\u00e0 Fern\u00e1ndez - Cl\u00ednica C\u00e0nons | Cirurgia i Medicina Estetica a Barcelona, \u200b\u200bGranollers","robots":{"index":"index","follow":"follow","max-snippet":"max-snippet:-1","max-image-preview":"max-image-preview:large","max-video-preview":"max-video-preview:-1"},"canonical":"https:\/\/www.canons.es\/equipo-canons\/dipl-silvia-murla-fernandez\/","og_locale":"ca_ES","og_type":"article","og_title":"Dipl. S\u00edlvia Murl\u00e0 Fern\u00e1ndez","og_description":"[vc_row css_animation=&#8221;&#8221; row_type=&#8221;row&#8221; use_row_as_full_screen_section=&#8221;no&#8221; type=&#8221;full_width&#8221; angled_section=&#8221;no&#8221; text_align=&#8221;left&#8221; background_image_as_pattern=&#8221;without_pattern&#8221; full_width=&#8221;&#8221; parallax=&#8221;&#8221; parallax_image=&#8221;&#8221; sid=&#8221;&#8221; padding=&#8221;medium&#8221; vpadding=&#8221;medium&#8221; color_scheme=&#8221;&#8221; section_type=&#8221;&#8221; sp_top=&#8221;0&#8243; sp_bottom=&#8221;0&#8243; enable_border=&#8221;&#8221; enable_bottom_border=&#8221;&#8221; bg_type=&#8221;image&#8221; equal_height=&#8221;&#8221; background_style=&#8221;stretch&#8221; fixed_bg=&#8221;no&#8221; enable_parallax=&#8221;no&#8221; height=&#8221;content&#8221; video_ratio=&#8221;&#8221; bg_overlay=&#8221;&#8221; bg_overlay_color=&#8221;&#8221; bg_overlay_opacity=&#8221;0.4&#8243; bg_overlay_dot=&#8221;no&#8221; enable_triangle=&#8221;&#8221; triangle_color=&#8221;&#8221; triangle_location=&#8221;top&#8221;][vc_column width=&#8221;1\/2&#8243; p_top=&#8221;0&#8243; p_bottom=&#8221;0&#8243; p_left=&#8221;0&#8243; p_right=&#8221;0&#8243; color_scheme=&#8221;&#8221; bg_overlay=&#8221;&#8221; bg_overlay_color=&#8221;&#8221; bg_overlay_opacity=&#8221;0.4&#8243;][vc_single_image image=&#8221;17529&#8243; img_size=&#8221;full&#8221;...","og_url":"https:\/\/www.canons.es\/equipo-canons\/dipl-silvia-murla-fernandez\/","og_site_name":"Cl\u00ednica C\u00e0nons | Cirurgia i Medicina Estetica a Barcelona, \u200b\u200bGranollers","article_publisher":"https:\/\/www.facebook.com\/canonsclinics\/","article_modified_time":"2021-11-23T08:24:31+00:00","twitter_card":"summary_large_image","twitter_site":"@canonsclinics","twitter_misc":{"Temps estimat de lectura":"3 minuts"},"schema":{"@context":"https:\/\/schema.org","@graph":[{"@type":"WebPage","@id":"https:\/\/www.canons.es\/equipo-canons\/dipl-silvia-murla-fernandez\/","url":"https:\/\/www.canons.es\/equipo-canons\/dipl-silvia-murla-fernandez\/","name":"Dipl. S\u00edlvia Murl\u00e0 Fern\u00e1ndez - Cl\u00ednica C\u00e0nons | Cirurgia i Medicina Estetica a Barcelona, \u200b\u200bGranollers","isPartOf":{"@id":"https:\/\/www.canons.es\/#website"},"datePublished":"2020-04-22T08:42:31+00:00","dateModified":"2021-11-23T08:24:31+00:00","breadcrumb":{"@id":"https:\/\/www.canons.es\/equipo-canons\/dipl-silvia-murla-fernandez\/#breadcrumb"},"inLanguage":"ca","potentialAction":[{"@type":"ReadAction","target":["https:\/\/www.canons.es\/equipo-canons\/dipl-silvia-murla-fernandez\/"]}]},{"@type":"BreadcrumbList","@id":"https:\/\/www.canons.es\/equipo-canons\/dipl-silvia-murla-fernandez\/#breadcrumb","itemListElement":[{"@type":"ListItem","position":1,"name":"Portada","item":"https:\/\/www.canons.es\/ca\/"},{"@type":"ListItem","position":2,"name":"EQUIP C\u00c0NONS CLINICS","item":"https:\/\/www.canons.es\/equipo-canons\/"},{"@type":"ListItem","position":3,"name":"Dipl. S\u00edlvia Murl\u00e0 Fern\u00e1ndez"}]},{"@type":"WebSite","@id":"https:\/\/www.canons.es\/#website","url":"https:\/\/www.canons.es\/","name":"Cirug\u00eda Pl\u00e1stica y Est\u00e9tica Barcelona y Granollers | C\u00e0nons Clinics","description":"","publisher":{"@id":"https:\/\/www.canons.es\/#organization"},"potentialAction":[{"@type":"SearchAction","target":{"@type":"EntryPoint","urlTemplate":"https:\/\/www.canons.es\/?s={search_term_string}"},"query-input":{"@type":"PropertyValueSpecification","valueRequired":true,"valueName":"search_term_string"}}],"inLanguage":"ca"},{"@type":"Organization","@id":"https:\/\/www.canons.es\/#organization","name":"Cirug\u00eda Pl\u00e1stica y Est\u00e9tica Barcelona y Granollers | C\u00e0nons Clinics","url":"https:\/\/www.canons.es\/","logo":{"@type":"ImageObject","inLanguage":"ca","@id":"https:\/\/www.canons.es\/#\/schema\/logo\/image\/","url":"https:\/\/www.canons.es\/wp-content\/uploads\/2025\/04\/logo-canons-clinics.jpg","contentUrl":"https:\/\/www.canons.es\/wp-content\/uploads\/2025\/04\/logo-canons-clinics.jpg","width":600,"height":139,"caption":"Cirug\u00eda Pl\u00e1stica y Est\u00e9tica Barcelona y Granollers | C\u00e0nons Clinics"},"image":{"@id":"https:\/\/www.canons.es\/#\/schema\/logo\/image\/"},"sameAs":["https:\/\/www.facebook.com\/canonsclinics\/","https:\/\/x.com\/canonsclinics","https:\/\/www.instagram.com\/canonsclinics\/","https:\/\/www.youtube.com\/channel\/UCI1Ia6LjALyo1CuQ0_HwtfQ","https:\/\/www.linkedin.com\/company\/canons-clinics\/"]}]}},"_links":{"self":[{"href":"https:\/\/www.canons.es\/ca\/wp-json\/wp\/v2\/pages\/17555","targetHints":{"allow":["GET"]}}],"collection":[{"href":"https:\/\/www.canons.es\/ca\/wp-json\/wp\/v2\/pages"}],"about":[{"href":"https:\/\/www.canons.es\/ca\/wp-json\/wp\/v2\/types\/page"}],"author":[{"embeddable":true,"href":"https:\/\/www.canons.es\/ca\/wp-json\/wp\/v2\/users\/25"}],"replies":[{"embeddable":true,"href":"https:\/\/www.canons.es\/ca\/wp-json\/wp\/v2\/comments?post=17555"}],"version-history":[{"count":0,"href":"https:\/\/www.canons.es\/ca\/wp-json\/wp\/v2\/pages\/17555\/revisions"}],"up":[{"embeddable":true,"href":"https:\/\/www.canons.es\/ca\/wp-json\/wp\/v2\/pages\/8967"}],"wp:attachment":[{"href":"https:\/\/www.canons.es\/ca\/wp-json\/wp\/v2\/media?parent=17555"}],"curies":[{"name":"wp","href":"https:\/\/api.w.org\/{rel}","templated":true}]}}