{"id":16806,"date":"2019-08-19T13:59:45","date_gmt":"2019-08-19T13:59:45","guid":{"rendered":"https:\/\/www.canons.es\/terapia-facial-con-laser-genesis-de-cutera\/"},"modified":"2020-06-10T11:15:46","modified_gmt":"2020-06-10T11:15:46","slug":"terapia-facial-con-laser-genesis-de-cutera","status":"publish","type":"page","link":"https:\/\/www.canons.es\/ca\/medicina-estetica-facial\/terapia-facial-con-laser-genesis-de-cutera\/","title":{"rendered":"Ter\u00e0pia Facial amb L\u00e0ser Genesis de Cutera"},"content":{"rendered":"<div class=\"wpb-content-wrapper\"><p>[vc_row css_animation=&#8221;&#8221; row_type=&#8221;row&#8221; use_row_as_full_screen_section=&#8221;no&#8221; type=&#8221;full_width&#8221; angled_section=&#8221;no&#8221; text_align=&#8221;left&#8221; background_image_as_pattern=&#8221;without_pattern&#8221; background_color=&#8221;#f7f7f7&#8243; section_type=&#8221;full-width&#8221;][vc_column][vc_empty_space height=&#8221;20px&#8221;]<div class=\"custom_font_holder\" style=\" font-size: 35px; line-height: 26px; font-style: normal; font-weight: 300; color: #1e70b3; text-decoration: none; text-align: left;\">TER\u00c0PIA FACIAL AMB L\u00c0SER GENESIS DE CUTERA<\/div>[vc_empty_space height=&#8221;40px&#8221;][vc_row_inner row_type=&#8221;row&#8221; type=&#8221;full_width&#8221; text_align=&#8221;left&#8221; css_animation=&#8221;&#8221;][vc_column_inner width=&#8221;1\/2&#8243;][vc_single_image image=&#8221;17786&#8243; img_size=&#8221;large&#8221; alignment=&#8221;center&#8221; qode_css_animation=&#8221;&#8221; img_align=&#8221;center&#8221; custom_img_size=&#8221;500&#215;400&#8243;][vc_empty_space height=&#8221;40px&#8221;][\/vc_column_inner][vc_column_inner width=&#8221;1\/2&#8243;][vc_column_text]<\/p>\n<p style=\"text-align: justify;\">Tots patim canvis a la pell per envelliment, dany del sol i una varietat d\u2019altres causes. Amb el L\u00e0ser Genesis de Cutera, el nostre equip m\u00e8dic \u00e9s capa\u00e7 de millorar l\u2019aspecte de la teva pell d\u2019una manera r\u00e0pida i efica\u00e7. \u00c9s un l\u00e0ser de Neodimio Yag 1064 nm que permet tractar de forma segura tots els fototipus de pell (I-VI), al no actuar sobre l\u2019epidermis i s\u00ed a la dermis profunda.<\/p>\n<p>[\/vc_column_text][\/vc_column_inner][\/vc_row_inner][vc_row_inner row_type=&#8221;row&#8221; type=&#8221;full_width&#8221; text_align=&#8221;left&#8221; css_animation=&#8221;&#8221;][vc_column_inner][vc_column_text]<\/p>\n<h4>La t\u00e8cnica Genesis marca la difer\u00e8ncia<\/h4>\n<p style=\"text-align: justify;\">El procediment Genesis es basa en els principis de la tecnologia l\u00e0ser no invasiva per possibilitar un tractament segur, discret i efica\u00e7 d\u2019arrugues poc profundes, porus oberts, irregularitats de la textura cut\u00e0nia, enrogiment dispers i cicatrius de la pell. Es poden aconseguir resultats subtils per\u00f2 uniformes despr\u00e9s de cada tractament, sense els efectes secundaris no desitjats com l\u2019aparici\u00f3 de macadures o irritaci\u00f3 excessiva de la pell. Els tractaments es realitzen de forma relaxada i indolora, sense necessitat d\u2019aplicar anest\u00e8sia at\u00f2pica ni gel refrescant.<\/p>\n<p>[\/vc_column_text][\/vc_column_inner][\/vc_row_inner][\/vc_column][\/vc_row][vc_row css_animation=&#8221;&#8221; row_type=&#8221;row&#8221; use_row_as_full_screen_section=&#8221;no&#8221; type=&#8221;full_width&#8221; angled_section=&#8221;no&#8221; text_align=&#8221;left&#8221; background_image_as_pattern=&#8221;without_pattern&#8221; section_type=&#8221;full-width&#8221;][vc_column][vc_empty_space][vc_accordion style=&#8221;accordion&#8221;][vc_accordion_tab title=&#8221;Quines zones de la pell es poden tractar?&#8221;][vc_column_text]<\/p>\n<p style=\"text-align: justify;\">Els pacients tractats amb la t\u00e8cnica L\u00e0ser Genesis declaren que han obtingut excel\u00b7lents resultats en tota la zona de la cara i del coll. A m\u00e9s, alguns especialistes tamb\u00e9 recomanen aquest tractament per l\u2019allisat de les cicatrius recents en altres parts del cos.<\/p>\n<p>[\/vc_column_text][\/vc_accordion_tab][vc_accordion_tab title=&#8221;Qu\u00e8 s\u2019ent\u00e9n per enrogiment dispers de la pell?&#8221;][vc_column_text]L\u2019enrogiment dispers \u00e9s una irritaci\u00f3 visible de la zona de la cara, semblant al rubor natural de les galtes. Aquest problema est\u00e0 causat per la dilataci\u00f3 dels capil\u00b7lars, que pot ocasionar un enrogiment general de la pell i una divisi\u00f3 definida dels vasos sanguinis. Les zones que es veuen afectades amb m\u00e9s freq\u00fc\u00e8ncia s\u00f3n el nas, el front i les galtes. L\u2019enrogiment dispers sovint est\u00e0 relacionat amb l\u2019acn\u00e9 rosaci i pot ser hereditari.[\/vc_column_text][\/vc_accordion_tab][vc_accordion_tab title=&#8221;Quina sensaci\u00f3 produeix el tractament?&#8221;][vc_column_text]Els pacients descriuen aquest tractament predominantment com relaxant i terap\u00e8utic. Durant el tractament senten una lleuger escalfor a la superf\u00edcie de la pell, mentre el l\u00e0ser es mou manualment amunt i avall a poc m\u00e9s d\u2019un cent\u00edmetre de la pell.[\/vc_column_text][\/vc_accordion_tab][vc_accordion_tab title=&#8221;Es pot fer vida normal despr\u00e9s del tractament?&#8221;][vc_column_text]<\/p>\n<p style=\"text-align: justify;\">\u00c9s possible reprendre immediatament les activitats normals, sempre i quan s\u2019utilitzi protector solar en realitzar activitats a l\u2019aire lliure.<\/p>\n<p>[\/vc_column_text][\/vc_accordion_tab][vc_accordion_tab title=&#8221;Com funciona la t\u00e8cnica L\u00e0ser Genesis?&#8221;][vc_column_text]<\/p>\n<p style=\"text-align: justify;\">Mitjan\u00e7ant un lleuger escalfament de les capes superiors de la dermis situades molt per sota de la superf\u00edcie de la pell, la t\u00e8cnica L\u00e0ser Genesis estimula la renovaci\u00f3 del col\u00b7l\u00e0gen. A m\u00e9s, es genera escalfor als capil\u00b7lars dilatats per reduir l\u2019enrogiment de la pell.<\/p>\n<p>[\/vc_column_text][\/vc_accordion_tab][vc_accordion_tab title=&#8221;Hi ha efectes secundaris del tractament?&#8221;][vc_column_text]<\/p>\n<p style=\"text-align: justify;\">La reacci\u00f3 m\u00e9s habitual \u00e9s un lleuger enrogiment que desapareix en nom\u00e9s unes hores despr\u00e9s del tractament.<\/p>\n<p>[\/vc_column_text][\/vc_accordion_tab][vc_accordion_tab title=&#8221;Quines millores de la pell pot aconseguir el tractament cutani?&#8221;][vc_column_text]<\/p>\n<p style=\"text-align: justify;\">Al llarg de quatre o cinc sessions de tractament, pot tornar l\u2019aspecte ufan\u00f3s i juvenil a la pell gr\u00e0cies a l\u2019allisat de textures irregulars que apareixen per l\u2019envelliment, els danys ocasionats pel sol o cicatrius. S\u2019aconseguir\u00e0 un cutis fresc i saludable, ja que es tanquen els poros oberts i es redueixen petites irregularitats.<\/p>\n<p>[\/vc_column_text][\/vc_accordion_tab][\/vc_accordion][\/vc_column][\/vc_row]<\/p>\n<\/div><!-- AddThis Advanced Settings generic via filter on the_content --><!-- AddThis Share Buttons generic via filter on the_content -->","protected":false},"excerpt":{"rendered":"<p>[vc_row css_animation=&#8221;&#8221; row_type=&#8221;row&#8221; use_row_as_full_screen_section=&#8221;no&#8221; type=&#8221;full_width&#8221; angled_section=&#8221;no&#8221; text_align=&#8221;left&#8221; background_image_as_pattern=&#8221;without_pattern&#8221; background_color=&#8221;#f7f7f7&#8243; section_type=&#8221;full-width&#8221;][vc_column][vc_empty_space height=&#8221;20px&#8221;][vc_empty_space height=&#8221;40px&#8221;][vc_row_inner row_type=&#8221;row&#8221; type=&#8221;full_width&#8221; text_align=&#8221;left&#8221; css_animation=&#8221;&#8221;][vc_column_inner width=&#8221;1\/2&#8243;][vc_single_image image=&#8221;17786&#8243; img_size=&#8221;large&#8221; alignment=&#8221;center&#8221; qode_css_animation=&#8221;&#8221; img_align=&#8221;center&#8221; custom_img_size=&#8221;500&#215;400&#8243;][vc_empty_space height=&#8221;40px&#8221;][\/vc_column_inner][vc_column_inner width=&#8221;1\/2&#8243;][vc_column_text] Tots patim canvis a la pell per envelliment, dany del sol i una varietat d\u2019altres causes. Amb el L\u00e0ser Genesis&#8230;<!-- AddThis Advanced Settings generic via filter on get_the_excerpt --><!-- AddThis Share Buttons generic via filter on get_the_excerpt --><\/p>\n","protected":false},"author":25,"featured_media":0,"parent":9094,"menu_order":0,"comment_status":"closed","ping_status":"closed","template":"","meta":{"footnotes":""},"class_list":["post-16806","page","type-page","status-publish","hentry"],"yoast_head":"<!-- This site is optimized with the Yoast SEO Premium plugin v26.9 (Yoast SEO v27.2) - https:\/\/yoast.com\/product\/yoast-seo-premium-wordpress\/ -->\n<title>Ter\u00e0pia Facial amb L\u00e0ser Genesis de Cutera - Cl\u00ednica C\u00e0nons | Cirurgia i Medicina Estetica a Barcelona, \u200b\u200bGranollers<\/title>\n<meta name=\"robots\" content=\"index, follow, max-snippet:-1, max-image-preview:large, max-video-preview:-1\" \/>\n<link rel=\"canonical\" href=\"https:\/\/www.canons.es\/ca\/medicina-estetica-facial\/terapia-facial-con-laser-genesis-de-cutera\/\" \/>\n<meta property=\"og:locale\" content=\"ca_ES\" \/>\n<meta property=\"og:type\" content=\"article\" \/>\n<meta property=\"og:title\" content=\"Ter\u00e0pia Facial amb L\u00e0ser Genesis de Cutera\" \/>\n<meta property=\"og:description\" content=\"[vc_row css_animation=&#8221;&#8221; row_type=&#8221;row&#8221; use_row_as_full_screen_section=&#8221;no&#8221; type=&#8221;full_width&#8221; angled_section=&#8221;no&#8221; text_align=&#8221;left&#8221; background_image_as_pattern=&#8221;without_pattern&#8221; background_color=&#8221;#f7f7f7&#8243; section_type=&#8221;full-width&#8221;][vc_column][vc_empty_space height=&#8221;20px&#8221;][vc_empty_space height=&#8221;40px&#8221;][vc_row_inner row_type=&#8221;row&#8221; type=&#8221;full_width&#8221; text_align=&#8221;left&#8221; css_animation=&#8221;&#8221;][vc_column_inner width=&#8221;1\/2&#8243;][vc_single_image image=&#8221;17786&#8243; img_size=&#8221;large&#8221; alignment=&#8221;center&#8221; qode_css_animation=&#8221;&#8221; img_align=&#8221;center&#8221; custom_img_size=&#8221;500&#215;400&#8243;][vc_empty_space height=&#8221;40px&#8221;][\/vc_column_inner][vc_column_inner width=&#8221;1\/2&#8243;][vc_column_text] Tots patim canvis a la pell per envelliment, dany del sol i una varietat d\u2019altres causes. Amb el L\u00e0ser Genesis...\" \/>\n<meta property=\"og:url\" content=\"https:\/\/www.canons.es\/ca\/medicina-estetica-facial\/terapia-facial-con-laser-genesis-de-cutera\/\" \/>\n<meta property=\"og:site_name\" content=\"Cl\u00ednica C\u00e0nons | Cirurgia i Medicina Estetica a Barcelona, \u200b\u200bGranollers\" \/>\n<meta property=\"article:publisher\" content=\"https:\/\/www.facebook.com\/canonsclinics\/\" \/>\n<meta property=\"article:modified_time\" content=\"2020-06-10T11:15:46+00:00\" \/>\n<meta name=\"twitter:card\" content=\"summary_large_image\" \/>\n<meta name=\"twitter:site\" content=\"@canonsclinics\" \/>\n<meta name=\"twitter:label1\" content=\"Temps estimat de lectura\" \/>\n\t<meta name=\"twitter:data1\" content=\"4 minuts\" \/>\n<script type=\"application\/ld+json\" class=\"yoast-schema-graph\">{\"@context\":\"https:\/\/schema.org\",\"@graph\":[{\"@type\":\"WebPage\",\"@id\":\"https:\/\/www.canons.es\/ca\/medicina-estetica-facial\/terapia-facial-con-laser-genesis-de-cutera\/\",\"url\":\"https:\/\/www.canons.es\/ca\/medicina-estetica-facial\/terapia-facial-con-laser-genesis-de-cutera\/\",\"name\":\"Ter\u00e0pia Facial amb L\u00e0ser Genesis de Cutera - Cl\u00ednica C\u00e0nons | Cirurgia i Medicina Estetica a Barcelona, \u200b\u200bGranollers\",\"isPartOf\":{\"@id\":\"https:\/\/www.canons.es\/#website\"},\"datePublished\":\"2019-08-19T13:59:45+00:00\",\"dateModified\":\"2020-06-10T11:15:46+00:00\",\"breadcrumb\":{\"@id\":\"https:\/\/www.canons.es\/ca\/medicina-estetica-facial\/terapia-facial-con-laser-genesis-de-cutera\/#breadcrumb\"},\"inLanguage\":\"ca\",\"potentialAction\":[{\"@type\":\"ReadAction\",\"target\":[\"https:\/\/www.canons.es\/ca\/medicina-estetica-facial\/terapia-facial-con-laser-genesis-de-cutera\/\"]}]},{\"@type\":\"BreadcrumbList\",\"@id\":\"https:\/\/www.canons.es\/ca\/medicina-estetica-facial\/terapia-facial-con-laser-genesis-de-cutera\/#breadcrumb\",\"itemListElement\":[{\"@type\":\"ListItem\",\"position\":1,\"name\":\"Portada\",\"item\":\"https:\/\/www.canons.es\/ca\/\"},{\"@type\":\"ListItem\",\"position\":2,\"name\":\"MEDICINA EST\u00c8TICA FACIAL\",\"item\":\"https:\/\/www.canons.es\/ca\/medicina-estetica-facial\/\"},{\"@type\":\"ListItem\",\"position\":3,\"name\":\"Ter\u00e0pia Facial amb L\u00e0ser Genesis de Cutera\"}]},{\"@type\":\"WebSite\",\"@id\":\"https:\/\/www.canons.es\/#website\",\"url\":\"https:\/\/www.canons.es\/\",\"name\":\"Cirug\u00eda Pl\u00e1stica y Est\u00e9tica Barcelona y Granollers | C\u00e0nons Clinics\",\"description\":\"\",\"publisher\":{\"@id\":\"https:\/\/www.canons.es\/#organization\"},\"potentialAction\":[{\"@type\":\"SearchAction\",\"target\":{\"@type\":\"EntryPoint\",\"urlTemplate\":\"https:\/\/www.canons.es\/?s={search_term_string}\"},\"query-input\":{\"@type\":\"PropertyValueSpecification\",\"valueRequired\":true,\"valueName\":\"search_term_string\"}}],\"inLanguage\":\"ca\"},{\"@type\":\"Organization\",\"@id\":\"https:\/\/www.canons.es\/#organization\",\"name\":\"Cirug\u00eda Pl\u00e1stica y Est\u00e9tica Barcelona y Granollers | C\u00e0nons Clinics\",\"url\":\"https:\/\/www.canons.es\/\",\"logo\":{\"@type\":\"ImageObject\",\"inLanguage\":\"ca\",\"@id\":\"https:\/\/www.canons.es\/#\/schema\/logo\/image\/\",\"url\":\"https:\/\/www.canons.es\/wp-content\/uploads\/2025\/04\/logo-canons-clinics.jpg\",\"contentUrl\":\"https:\/\/www.canons.es\/wp-content\/uploads\/2025\/04\/logo-canons-clinics.jpg\",\"width\":600,\"height\":139,\"caption\":\"Cirug\u00eda Pl\u00e1stica y Est\u00e9tica Barcelona y Granollers | C\u00e0nons Clinics\"},\"image\":{\"@id\":\"https:\/\/www.canons.es\/#\/schema\/logo\/image\/\"},\"sameAs\":[\"https:\/\/www.facebook.com\/canonsclinics\/\",\"https:\/\/x.com\/canonsclinics\",\"https:\/\/www.instagram.com\/canonsclinics\/\",\"https:\/\/www.youtube.com\/channel\/UCI1Ia6LjALyo1CuQ0_HwtfQ\",\"https:\/\/www.linkedin.com\/company\/canons-clinics\/\"]}]}<\/script>\n<!-- \/ Yoast SEO Premium plugin. -->","yoast_head_json":{"title":"Ter\u00e0pia Facial amb L\u00e0ser Genesis de Cutera - Cl\u00ednica C\u00e0nons | Cirurgia i Medicina Estetica a Barcelona, \u200b\u200bGranollers","robots":{"index":"index","follow":"follow","max-snippet":"max-snippet:-1","max-image-preview":"max-image-preview:large","max-video-preview":"max-video-preview:-1"},"canonical":"https:\/\/www.canons.es\/ca\/medicina-estetica-facial\/terapia-facial-con-laser-genesis-de-cutera\/","og_locale":"ca_ES","og_type":"article","og_title":"Ter\u00e0pia Facial amb L\u00e0ser Genesis de Cutera","og_description":"[vc_row css_animation=&#8221;&#8221; row_type=&#8221;row&#8221; use_row_as_full_screen_section=&#8221;no&#8221; type=&#8221;full_width&#8221; angled_section=&#8221;no&#8221; text_align=&#8221;left&#8221; background_image_as_pattern=&#8221;without_pattern&#8221; background_color=&#8221;#f7f7f7&#8243; section_type=&#8221;full-width&#8221;][vc_column][vc_empty_space height=&#8221;20px&#8221;][vc_empty_space height=&#8221;40px&#8221;][vc_row_inner row_type=&#8221;row&#8221; type=&#8221;full_width&#8221; text_align=&#8221;left&#8221; css_animation=&#8221;&#8221;][vc_column_inner width=&#8221;1\/2&#8243;][vc_single_image image=&#8221;17786&#8243; img_size=&#8221;large&#8221; alignment=&#8221;center&#8221; qode_css_animation=&#8221;&#8221; img_align=&#8221;center&#8221; custom_img_size=&#8221;500&#215;400&#8243;][vc_empty_space height=&#8221;40px&#8221;][\/vc_column_inner][vc_column_inner width=&#8221;1\/2&#8243;][vc_column_text] Tots patim canvis a la pell per envelliment, dany del sol i una varietat d\u2019altres causes. Amb el L\u00e0ser Genesis...","og_url":"https:\/\/www.canons.es\/ca\/medicina-estetica-facial\/terapia-facial-con-laser-genesis-de-cutera\/","og_site_name":"Cl\u00ednica C\u00e0nons | Cirurgia i Medicina Estetica a Barcelona, \u200b\u200bGranollers","article_publisher":"https:\/\/www.facebook.com\/canonsclinics\/","article_modified_time":"2020-06-10T11:15:46+00:00","twitter_card":"summary_large_image","twitter_site":"@canonsclinics","twitter_misc":{"Temps estimat de lectura":"4 minuts"},"schema":{"@context":"https:\/\/schema.org","@graph":[{"@type":"WebPage","@id":"https:\/\/www.canons.es\/ca\/medicina-estetica-facial\/terapia-facial-con-laser-genesis-de-cutera\/","url":"https:\/\/www.canons.es\/ca\/medicina-estetica-facial\/terapia-facial-con-laser-genesis-de-cutera\/","name":"Ter\u00e0pia Facial amb L\u00e0ser Genesis de Cutera - Cl\u00ednica C\u00e0nons | Cirurgia i Medicina Estetica a Barcelona, \u200b\u200bGranollers","isPartOf":{"@id":"https:\/\/www.canons.es\/#website"},"datePublished":"2019-08-19T13:59:45+00:00","dateModified":"2020-06-10T11:15:46+00:00","breadcrumb":{"@id":"https:\/\/www.canons.es\/ca\/medicina-estetica-facial\/terapia-facial-con-laser-genesis-de-cutera\/#breadcrumb"},"inLanguage":"ca","potentialAction":[{"@type":"ReadAction","target":["https:\/\/www.canons.es\/ca\/medicina-estetica-facial\/terapia-facial-con-laser-genesis-de-cutera\/"]}]},{"@type":"BreadcrumbList","@id":"https:\/\/www.canons.es\/ca\/medicina-estetica-facial\/terapia-facial-con-laser-genesis-de-cutera\/#breadcrumb","itemListElement":[{"@type":"ListItem","position":1,"name":"Portada","item":"https:\/\/www.canons.es\/ca\/"},{"@type":"ListItem","position":2,"name":"MEDICINA EST\u00c8TICA FACIAL","item":"https:\/\/www.canons.es\/ca\/medicina-estetica-facial\/"},{"@type":"ListItem","position":3,"name":"Ter\u00e0pia Facial amb L\u00e0ser Genesis de Cutera"}]},{"@type":"WebSite","@id":"https:\/\/www.canons.es\/#website","url":"https:\/\/www.canons.es\/","name":"Cirug\u00eda Pl\u00e1stica y Est\u00e9tica Barcelona y Granollers | C\u00e0nons Clinics","description":"","publisher":{"@id":"https:\/\/www.canons.es\/#organization"},"potentialAction":[{"@type":"SearchAction","target":{"@type":"EntryPoint","urlTemplate":"https:\/\/www.canons.es\/?s={search_term_string}"},"query-input":{"@type":"PropertyValueSpecification","valueRequired":true,"valueName":"search_term_string"}}],"inLanguage":"ca"},{"@type":"Organization","@id":"https:\/\/www.canons.es\/#organization","name":"Cirug\u00eda Pl\u00e1stica y Est\u00e9tica Barcelona y Granollers | C\u00e0nons Clinics","url":"https:\/\/www.canons.es\/","logo":{"@type":"ImageObject","inLanguage":"ca","@id":"https:\/\/www.canons.es\/#\/schema\/logo\/image\/","url":"https:\/\/www.canons.es\/wp-content\/uploads\/2025\/04\/logo-canons-clinics.jpg","contentUrl":"https:\/\/www.canons.es\/wp-content\/uploads\/2025\/04\/logo-canons-clinics.jpg","width":600,"height":139,"caption":"Cirug\u00eda Pl\u00e1stica y Est\u00e9tica Barcelona y Granollers | C\u00e0nons Clinics"},"image":{"@id":"https:\/\/www.canons.es\/#\/schema\/logo\/image\/"},"sameAs":["https:\/\/www.facebook.com\/canonsclinics\/","https:\/\/x.com\/canonsclinics","https:\/\/www.instagram.com\/canonsclinics\/","https:\/\/www.youtube.com\/channel\/UCI1Ia6LjALyo1CuQ0_HwtfQ","https:\/\/www.linkedin.com\/company\/canons-clinics\/"]}]}},"_links":{"self":[{"href":"https:\/\/www.canons.es\/ca\/wp-json\/wp\/v2\/pages\/16806","targetHints":{"allow":["GET"]}}],"collection":[{"href":"https:\/\/www.canons.es\/ca\/wp-json\/wp\/v2\/pages"}],"about":[{"href":"https:\/\/www.canons.es\/ca\/wp-json\/wp\/v2\/types\/page"}],"author":[{"embeddable":true,"href":"https:\/\/www.canons.es\/ca\/wp-json\/wp\/v2\/users\/25"}],"replies":[{"embeddable":true,"href":"https:\/\/www.canons.es\/ca\/wp-json\/wp\/v2\/comments?post=16806"}],"version-history":[{"count":0,"href":"https:\/\/www.canons.es\/ca\/wp-json\/wp\/v2\/pages\/16806\/revisions"}],"up":[{"embeddable":true,"href":"https:\/\/www.canons.es\/ca\/wp-json\/wp\/v2\/pages\/9094"}],"wp:attachment":[{"href":"https:\/\/www.canons.es\/ca\/wp-json\/wp\/v2\/media?parent=16806"}],"curies":[{"name":"wp","href":"https:\/\/api.w.org\/{rel}","templated":true}]}}