{"id":13030,"date":"2017-11-15T09:30:14","date_gmt":"2017-11-15T09:30:14","guid":{"rendered":"https:\/\/www.canons.es\/ca\/dr-josep-ramon-ferreres\/"},"modified":"2019-10-24T14:36:34","modified_gmt":"2019-10-24T14:36:34","slug":"dr-josep-ramon-ferreres","status":"publish","type":"page","link":"https:\/\/www.canons.es\/ca\/equip-canons\/dr-josep-ramon-ferreres\/","title":{"rendered":"Equip C\u00e0nons Clinics"},"content":{"rendered":"<div class=\"wpb-content-wrapper\"><p>[vc_row css_animation=&#8221;&#8221; row_type=&#8221;row&#8221; use_row_as_full_screen_section=&#8221;no&#8221; type=&#8221;full_width&#8221; angled_section=&#8221;no&#8221; text_align=&#8221;left&#8221; background_image_as_pattern=&#8221;without_pattern&#8221;][vc_column width=&#8221;1\/2&#8243;][vc_single_image image=&#8221;13027&#8243; img_size=&#8221;full&#8221; alignment=&#8221;center&#8221; qode_css_animation=&#8221;&#8221; css_animation=&#8221;fadeInLeft&#8221;][\/vc_column][vc_column width=&#8221;1\/2&#8243;][vc_column_text]<\/p>\n<h1><span style=\"color: #6d98dc;\">Dr. Josep Ramon Ferreres Riera<\/span><\/h1>\n<p>[\/vc_column_text][vc_empty_space][vc_column_text]<span style=\"color: #6d98dc;\"><strong>Inscrit al Col\u00b7legi Oficial de metges de Barcelona n\u00ba 36.660.<\/strong><\/span><br \/>\n<span style=\"color: #6d98dc;\"><strong>Metge Especialista en Dermatologia m\u00e8dica &#8211; quir\u00fargica i venereologia.<\/strong><\/span><br \/>\n<span style=\"color: #6d98dc;\"><strong>Soci de l&#8217;Acad\u00e8mia Espanyola de Dermatologia.<\/strong><\/span><br \/>\n<span style=\"color: #6d98dc;\"><strong>Membre de l&#8217;Acad\u00e8mia Europea de Dermato-oncologia (EADO).<\/strong><\/span>[\/vc_column_text][vc_empty_space][vc_column_text css=&#8221;.vc_custom_1571927759112{margin-bottom: 30px !important;}&#8221;]<\/p>\n<h4><span style=\"color: #6d98dc;\">DADES ACAD\u00c8MIQUES<\/span><\/h4>\n<p>&nbsp;<\/p>\n<ul>\n<li>Estudis universitaris a la Facultat de Medicina de la Universitat Central de Barcelona (1995-2001). A la Unitat Docent de l\u2019Hospital Cl\u00ednic i de l&#8217;Hospital Universitari de Bellvitge.<\/li>\n<li><span style=\"line-height: 1.5;\">M\u00e1ster en Investigaci\u00f3n de Ciencias Cl\u00ednicas. UB. Tesina: Melanoma primario m\u00faltiple. Juny de 2010. <\/span><\/li>\n<li><span style=\"line-height: 1.5;\">Prova selectiva per a Metges Interns Resident (MIR) a mar\u00e7 de 2002 obtenint el n\u00famero d&#8217;ordre 182 a les llistes oficials. <\/span><\/li>\n<li>Contracte com a Metge Intern Resident a l&#8217;Hospital Universitari de Bellvitge per a la formaci\u00f3 MIR en l&#8217; especialitat de Dermatologia M\u00e8dic &#8211; quir\u00fargica i Venereologia del dia 1 de juliol de 2002 al 1 de juliol de 2006.<\/li>\n<li>T\u00edtol de metge Especialista en Dermatologia M\u00e8dic &#8211; quir\u00fargica i Venereologia expedit el 31 maig de 2007 pel \u201cMinisterio de Sanidad y Consumo\u201d.<\/li>\n<li>M\u00e0ster en medicina Fot\u00f2nica i l\u00e0ser (UPC). 450 hores. 45 cr\u00e8dits. 14 juliol de 2009.<\/li>\n<li>Rotaci\u00f3 per la Unitat de Cirurgia de Mohs amb el Dr. Joan Ramon Garc\u00e9s a la Cl\u00ednica Teknon 2006-2008.<\/li>\n<\/ul>\n<p>[\/vc_column_text][\/vc_column][\/vc_row][vc_row css_animation=&#8221;&#8221; row_type=&#8221;row&#8221; use_row_as_full_screen_section=&#8221;no&#8221; type=&#8221;full_width&#8221; angled_section=&#8221;no&#8221; text_align=&#8221;left&#8221; background_image_as_pattern=&#8221;without_pattern&#8221; section_type=&#8221;full-width&#8221;][vc_column][vc_empty_space][vc_accordion style=&#8221;accordion&#8221;][vc_accordion_tab title=&#8221;EXPERI\u00c8NCIA PROFESSIONAL&#8221; icon=&#8221;&#8221;][vc_column_text]<\/p>\n<ul>\n<li>Contracte inter\u00ed com Adjunt Facultatiu especialista en Dermatologia a l&#8217;Hospital de Bellvitge des 1\u00a0 juliol de\u00a0 2006\u00a0 fins l&#8217;actualitat.<\/li>\n<li>Contracte com especialista en Dermatologia i Venereologia a la Cl\u00ednica Teknon de Barcelona des de juny 2006\u00a0 fins octubre 2009.<\/li>\n<li>Metge Urg\u00e8ncies m\u00e8diques V. A. M (Vehicle Assist\u00e8ncia Medicalitzada) Creu Roja-Acesa gener de 2002 al gener del 2004.<\/li>\n<li>Adjunt facultatiu especialista en dermatologia amb contracte d&#8217;inter\u00ed a l&#8217;Hospital de Bellvitge des de 1 de Juliol de 2006 fins l&#8217;actualitat. Actualment adscrita al r\u00e8gim laboral de jornada completa.<\/li>\n<\/ul>\n<p>[\/vc_column_text][\/vc_accordion_tab][vc_accordion_tab title=&#8221;COMUNICACIONS I PUBLICACIONS&#8221; icon=&#8221;&#8221;][vc_column_text]<\/p>\n<ul>\n<li>\u201cNecrosis Cut\u00e1nea en paciente tratado con cumar\u00ednicos\u201d. P\u00f3ster. Bilbao 5-7 de juny de 2003.<\/li>\n<li>\u201cAfectaci\u00f3n cut\u00e1nea en dos casos de linfoma de c\u00e9lulas del manto\u201d. Comunicaci\u00f3 oral. Bilbao 5-7 de juny de 2003.<\/li>\n<li>\u201cHistiocitosis X\u201d. P\u00f3ster. Bilbao 5-7 de juny de 2003.<\/li>\n<li>&#8220;Sarcoidosis subcut\u00e1nea\u201d M\u00e0laga 21-22 de novembre de 2003.<\/li>\n<li>Elastosis perforante serpiginosa and down&#8217;s syndrome. Barcelona 15-18. Octubre de 2003.<\/li>\n<li>\u201cP\u00e8mfig en una pacient amb carcinoma escam\u00f3s de mucosa oral\u201d. Barcelona 21 de maig de 2004.<\/li>\n<li>\u201cLinfoma B de la zona marginal primario cut\u00e1neo: un an\u00e1lisis de la evoluci\u00f3n cl\u00ednica y recidivas en una serie de 63 casos consecutivos\u201d. Sevilla 3-5 de juny de 2004.<\/li>\n<li>\u201cDermatomiositis paraneopl\u00e1sica: estudio retrospectivo de 17 casos\u201d. P\u00f3ster. Sevilla, 3-5 de juny de 2004.<\/li>\n<li>\u201cCalcifilaxis en paciente con hepatopat\u00eda cr\u00f3nica en\u00f3lica sin alteraciones del metabolismo fosfocalcio\u201d. P\u00f3ster. Sevilla, 3-5 de juny de 2004.<\/li>\n<li>\u201cTratamiento de la dermatitis Seborreica Con Tacrolimus\u201d. P\u00f3ster. Sevilla 3-5 de juny de 2004.<\/li>\n<li>\u201cMelanomas en regresi\u00f3n con met\u00e1stasis\u201d. P\u00f3ster. Alacant 5-6 de novembre de 2004.<\/li>\n<li>Linfoma T anaplasico. Sevilla 4 de juny de 2004.<\/li>\n<li>\u201cMelanomes en regresi\u00f3 amb met\u00e0stasis\u201d. Comunicaci\u00f3n oral. Barcelona 10 de mar\u00e7 de 2005.<\/li>\n<li>\u201cN\u00f3dulo de la Hermana Mar\u00eda Jos\u00e9 en dos pacientes con linfoma cut\u00e1neo\u201d. P\u00f3ster. Salamanca 2-4 de juny de 2005.<\/li>\n<li>\u201cHistoplasmosis diseminada con afectaci\u00f3n cut\u00e1nea\u201d. Comunicaci\u00f3n oral. Salamanca 2-4 de juny de 2005.<\/li>\n<li>\u201cMid-dermal elastolysis\u201d. Salamanca 2, 3, 4 de juny 2005.<\/li>\n<li>\u201cHistiocitosis X: Manifestaciones cut\u00e1neas 15 a\u00f1os despues de la afectaci\u00f3n Neurologica\u201d. 25-26-27 de maig. Madrid 2006. P\u00e9ster.<\/li>\n<li>\u201cDonovanosis importada en una adolescente\u201d. Tarragona 27-28 de gener de 2006. Comunicaci\u00f3n Libre.<\/li>\n<li>\u201cCarcinoma medular de tiroides diagnosticado a partir de las metastasis cut\u00e1neas\u201d. Granada del 13 al 16 de juny de 2007.<\/li>\n<li>Melanoma primario m\u00faltiple. Barcelona del 11-14 de juny de 2008.<\/li>\n<li>Absceso cut\u00e1neo por Marsa adquirido en la comunidad. Madrid 17 al 20 juny de 2009.<\/li>\n<li>Utilidad de las pruebas complementarias en el seguimiento de los pacientes con melanoma. \u00a020 de juny\u00a0de 2013. Jornada de C\u00e1ncer Cutani. Barcelona. Laboratoris Leo Pharma.<\/li>\n<\/ul>\n<p>[\/vc_column_text][\/vc_accordion_tab][vc_accordion_tab title=&#8221;DOC\u00c8NCIA&#8221; icon=&#8221;&#8221;][vc_column_text]<\/p>\n<ul>\n<li>Durant el per\u00edode com facultatiu resident a la Ciutat Sanit\u00e0ria i\u00a0 Universit\u00e0ria de Bellvitge ha col\u00b7laborat\u00a0 en la doc\u00e8ncia pregrau dels alumnes de la Unitat Docent de Medicina del Campus de Bellvitge.<\/li>\n<li>Com facultatiu especialista en Dermatologia a l&#8217;Hospital de Bellvitge participaci\u00f3 en la doc\u00e8ncia de MIR de la especialitat de Medicina Familiar i Comunit\u00e0ria.<\/li>\n<li>Curs de formaci\u00f3 continuada de dermatologia per a metges de Fam\u00edlia al CAP Amadeu Torner que es realitza el darrer dijous de mes amb pacients reals.<\/li>\n<li>Monitor docent\u00a0 de Socorrisme i t\u00e8cnics de transport sanitari des de 1995 a 2001. Creu Roja Baix Montseny. Local de Sant Celoni.<\/li>\n<\/ul>\n<p>[\/vc_column_text][\/vc_accordion_tab][\/vc_accordion][\/vc_column][\/vc_row]<\/p>\n<\/div><!-- AddThis Advanced Settings generic via filter on the_content --><!-- AddThis Share Buttons generic via filter on the_content -->","protected":false},"excerpt":{"rendered":"<p>[vc_row css_animation=&#8221;&#8221; row_type=&#8221;row&#8221; use_row_as_full_screen_section=&#8221;no&#8221; type=&#8221;full_width&#8221; angled_section=&#8221;no&#8221; text_align=&#8221;left&#8221; background_image_as_pattern=&#8221;without_pattern&#8221;][vc_column width=&#8221;1\/2&#8243;][vc_single_image image=&#8221;13027&#8243; img_size=&#8221;full&#8221; alignment=&#8221;center&#8221; qode_css_animation=&#8221;&#8221; css_animation=&#8221;fadeInLeft&#8221;][\/vc_column][vc_column width=&#8221;1\/2&#8243;][vc_column_text] Dr. Josep Ramon Ferreres Riera [\/vc_column_text][vc_empty_space][vc_column_text]Inscrit al Col\u00b7legi Oficial de metges de Barcelona n\u00ba 36.660. Metge Especialista en Dermatologia m\u00e8dica &#8211; quir\u00fargica i venereologia. Soci de l&#8217;Acad\u00e8mia Espanyola de Dermatologia&#8230;.<!-- AddThis Advanced Settings generic via filter on get_the_excerpt --><!-- AddThis Share Buttons generic via filter on get_the_excerpt --><\/p>\n","protected":false},"author":25,"featured_media":0,"parent":8967,"menu_order":0,"comment_status":"closed","ping_status":"closed","template":"","meta":{"footnotes":""},"class_list":["post-13030","page","type-page","status-publish","hentry"],"yoast_head":"<!-- This site is optimized with the Yoast SEO Premium plugin v26.9 (Yoast SEO v27.2) - https:\/\/yoast.com\/product\/yoast-seo-premium-wordpress\/ -->\n<title>Equip C\u00e0nons Clinics - Cl\u00ednica C\u00e0nons | Cirurgia i Medicina Estetica a Barcelona, \u200b\u200bGranollers<\/title>\n<meta name=\"robots\" content=\"index, follow, max-snippet:-1, max-image-preview:large, max-video-preview:-1\" \/>\n<link rel=\"canonical\" href=\"https:\/\/www.canons.es\/equipo-canons\/dr-josep-ramon-ferreres\/\" \/>\n<meta property=\"og:locale\" content=\"ca_ES\" \/>\n<meta property=\"og:type\" content=\"article\" \/>\n<meta property=\"og:title\" content=\"Equip C\u00e0nons Clinics\" \/>\n<meta property=\"og:description\" content=\"[vc_row css_animation=&#8221;&#8221; row_type=&#8221;row&#8221; use_row_as_full_screen_section=&#8221;no&#8221; type=&#8221;full_width&#8221; angled_section=&#8221;no&#8221; text_align=&#8221;left&#8221; background_image_as_pattern=&#8221;without_pattern&#8221;][vc_column width=&#8221;1\/2&#8243;][vc_single_image image=&#8221;13027&#8243; img_size=&#8221;full&#8221; alignment=&#8221;center&#8221; qode_css_animation=&#8221;&#8221; css_animation=&#8221;fadeInLeft&#8221;][\/vc_column][vc_column width=&#8221;1\/2&#8243;][vc_column_text] Dr. Josep Ramon Ferreres Riera [\/vc_column_text][vc_empty_space][vc_column_text]Inscrit al Col\u00b7legi Oficial de metges de Barcelona n\u00ba 36.660. Metge Especialista en Dermatologia m\u00e8dica &#8211; quir\u00fargica i venereologia. Soci de l&#8217;Acad\u00e8mia Espanyola de Dermatologia....\" \/>\n<meta property=\"og:url\" content=\"https:\/\/www.canons.es\/equipo-canons\/dr-josep-ramon-ferreres\/\" \/>\n<meta property=\"og:site_name\" content=\"Cl\u00ednica C\u00e0nons | Cirurgia i Medicina Estetica a Barcelona, \u200b\u200bGranollers\" \/>\n<meta property=\"article:publisher\" content=\"https:\/\/www.facebook.com\/canonsclinics\/\" \/>\n<meta property=\"article:modified_time\" content=\"2019-10-24T14:36:34+00:00\" \/>\n<meta name=\"twitter:card\" content=\"summary_large_image\" \/>\n<meta name=\"twitter:site\" content=\"@canonsclinics\" \/>\n<meta name=\"twitter:label1\" content=\"Temps estimat de lectura\" \/>\n\t<meta name=\"twitter:data1\" content=\"5 minuts\" \/>\n<script type=\"application\/ld+json\" class=\"yoast-schema-graph\">{\"@context\":\"https:\/\/schema.org\",\"@graph\":[{\"@type\":\"WebPage\",\"@id\":\"https:\/\/www.canons.es\/equipo-canons\/dr-josep-ramon-ferreres\/\",\"url\":\"https:\/\/www.canons.es\/equipo-canons\/dr-josep-ramon-ferreres\/\",\"name\":\"Equip C\u00e0nons Clinics - Cl\u00ednica C\u00e0nons | Cirurgia i Medicina Estetica a Barcelona, \u200b\u200bGranollers\",\"isPartOf\":{\"@id\":\"https:\/\/www.canons.es\/#website\"},\"datePublished\":\"2017-11-15T09:30:14+00:00\",\"dateModified\":\"2019-10-24T14:36:34+00:00\",\"breadcrumb\":{\"@id\":\"https:\/\/www.canons.es\/equipo-canons\/dr-josep-ramon-ferreres\/#breadcrumb\"},\"inLanguage\":\"ca\",\"potentialAction\":[{\"@type\":\"ReadAction\",\"target\":[\"https:\/\/www.canons.es\/equipo-canons\/dr-josep-ramon-ferreres\/\"]}]},{\"@type\":\"BreadcrumbList\",\"@id\":\"https:\/\/www.canons.es\/equipo-canons\/dr-josep-ramon-ferreres\/#breadcrumb\",\"itemListElement\":[{\"@type\":\"ListItem\",\"position\":1,\"name\":\"Portada\",\"item\":\"https:\/\/www.canons.es\/ca\/\"},{\"@type\":\"ListItem\",\"position\":2,\"name\":\"EQUIP C\u00c0NONS CLINICS\",\"item\":\"https:\/\/www.canons.es\/equipo-canons\/\"},{\"@type\":\"ListItem\",\"position\":3,\"name\":\"Equip C\u00e0nons Clinics\"}]},{\"@type\":\"WebSite\",\"@id\":\"https:\/\/www.canons.es\/#website\",\"url\":\"https:\/\/www.canons.es\/\",\"name\":\"Cirug\u00eda Pl\u00e1stica y Est\u00e9tica Barcelona y Granollers | C\u00e0nons Clinics\",\"description\":\"\",\"publisher\":{\"@id\":\"https:\/\/www.canons.es\/#organization\"},\"potentialAction\":[{\"@type\":\"SearchAction\",\"target\":{\"@type\":\"EntryPoint\",\"urlTemplate\":\"https:\/\/www.canons.es\/?s={search_term_string}\"},\"query-input\":{\"@type\":\"PropertyValueSpecification\",\"valueRequired\":true,\"valueName\":\"search_term_string\"}}],\"inLanguage\":\"ca\"},{\"@type\":\"Organization\",\"@id\":\"https:\/\/www.canons.es\/#organization\",\"name\":\"Cirug\u00eda Pl\u00e1stica y Est\u00e9tica Barcelona y Granollers | C\u00e0nons Clinics\",\"url\":\"https:\/\/www.canons.es\/\",\"logo\":{\"@type\":\"ImageObject\",\"inLanguage\":\"ca\",\"@id\":\"https:\/\/www.canons.es\/#\/schema\/logo\/image\/\",\"url\":\"https:\/\/www.canons.es\/wp-content\/uploads\/2025\/04\/logo-canons-clinics.jpg\",\"contentUrl\":\"https:\/\/www.canons.es\/wp-content\/uploads\/2025\/04\/logo-canons-clinics.jpg\",\"width\":600,\"height\":139,\"caption\":\"Cirug\u00eda Pl\u00e1stica y Est\u00e9tica Barcelona y Granollers | C\u00e0nons Clinics\"},\"image\":{\"@id\":\"https:\/\/www.canons.es\/#\/schema\/logo\/image\/\"},\"sameAs\":[\"https:\/\/www.facebook.com\/canonsclinics\/\",\"https:\/\/x.com\/canonsclinics\",\"https:\/\/www.instagram.com\/canonsclinics\/\",\"https:\/\/www.youtube.com\/channel\/UCI1Ia6LjALyo1CuQ0_HwtfQ\",\"https:\/\/www.linkedin.com\/company\/canons-clinics\/\"]}]}<\/script>\n<!-- \/ Yoast SEO Premium plugin. -->","yoast_head_json":{"title":"Equip C\u00e0nons Clinics - Cl\u00ednica C\u00e0nons | Cirurgia i Medicina Estetica a Barcelona, \u200b\u200bGranollers","robots":{"index":"index","follow":"follow","max-snippet":"max-snippet:-1","max-image-preview":"max-image-preview:large","max-video-preview":"max-video-preview:-1"},"canonical":"https:\/\/www.canons.es\/equipo-canons\/dr-josep-ramon-ferreres\/","og_locale":"ca_ES","og_type":"article","og_title":"Equip C\u00e0nons Clinics","og_description":"[vc_row css_animation=&#8221;&#8221; row_type=&#8221;row&#8221; use_row_as_full_screen_section=&#8221;no&#8221; type=&#8221;full_width&#8221; angled_section=&#8221;no&#8221; text_align=&#8221;left&#8221; background_image_as_pattern=&#8221;without_pattern&#8221;][vc_column width=&#8221;1\/2&#8243;][vc_single_image image=&#8221;13027&#8243; img_size=&#8221;full&#8221; alignment=&#8221;center&#8221; qode_css_animation=&#8221;&#8221; css_animation=&#8221;fadeInLeft&#8221;][\/vc_column][vc_column width=&#8221;1\/2&#8243;][vc_column_text] Dr. Josep Ramon Ferreres Riera [\/vc_column_text][vc_empty_space][vc_column_text]Inscrit al Col\u00b7legi Oficial de metges de Barcelona n\u00ba 36.660. Metge Especialista en Dermatologia m\u00e8dica &#8211; quir\u00fargica i venereologia. Soci de l&#8217;Acad\u00e8mia Espanyola de Dermatologia....","og_url":"https:\/\/www.canons.es\/equipo-canons\/dr-josep-ramon-ferreres\/","og_site_name":"Cl\u00ednica C\u00e0nons | Cirurgia i Medicina Estetica a Barcelona, \u200b\u200bGranollers","article_publisher":"https:\/\/www.facebook.com\/canonsclinics\/","article_modified_time":"2019-10-24T14:36:34+00:00","twitter_card":"summary_large_image","twitter_site":"@canonsclinics","twitter_misc":{"Temps estimat de lectura":"5 minuts"},"schema":{"@context":"https:\/\/schema.org","@graph":[{"@type":"WebPage","@id":"https:\/\/www.canons.es\/equipo-canons\/dr-josep-ramon-ferreres\/","url":"https:\/\/www.canons.es\/equipo-canons\/dr-josep-ramon-ferreres\/","name":"Equip C\u00e0nons Clinics - Cl\u00ednica C\u00e0nons | Cirurgia i Medicina Estetica a Barcelona, \u200b\u200bGranollers","isPartOf":{"@id":"https:\/\/www.canons.es\/#website"},"datePublished":"2017-11-15T09:30:14+00:00","dateModified":"2019-10-24T14:36:34+00:00","breadcrumb":{"@id":"https:\/\/www.canons.es\/equipo-canons\/dr-josep-ramon-ferreres\/#breadcrumb"},"inLanguage":"ca","potentialAction":[{"@type":"ReadAction","target":["https:\/\/www.canons.es\/equipo-canons\/dr-josep-ramon-ferreres\/"]}]},{"@type":"BreadcrumbList","@id":"https:\/\/www.canons.es\/equipo-canons\/dr-josep-ramon-ferreres\/#breadcrumb","itemListElement":[{"@type":"ListItem","position":1,"name":"Portada","item":"https:\/\/www.canons.es\/ca\/"},{"@type":"ListItem","position":2,"name":"EQUIP C\u00c0NONS CLINICS","item":"https:\/\/www.canons.es\/equipo-canons\/"},{"@type":"ListItem","position":3,"name":"Equip C\u00e0nons Clinics"}]},{"@type":"WebSite","@id":"https:\/\/www.canons.es\/#website","url":"https:\/\/www.canons.es\/","name":"Cirug\u00eda Pl\u00e1stica y Est\u00e9tica Barcelona y Granollers | C\u00e0nons Clinics","description":"","publisher":{"@id":"https:\/\/www.canons.es\/#organization"},"potentialAction":[{"@type":"SearchAction","target":{"@type":"EntryPoint","urlTemplate":"https:\/\/www.canons.es\/?s={search_term_string}"},"query-input":{"@type":"PropertyValueSpecification","valueRequired":true,"valueName":"search_term_string"}}],"inLanguage":"ca"},{"@type":"Organization","@id":"https:\/\/www.canons.es\/#organization","name":"Cirug\u00eda Pl\u00e1stica y Est\u00e9tica Barcelona y Granollers | C\u00e0nons Clinics","url":"https:\/\/www.canons.es\/","logo":{"@type":"ImageObject","inLanguage":"ca","@id":"https:\/\/www.canons.es\/#\/schema\/logo\/image\/","url":"https:\/\/www.canons.es\/wp-content\/uploads\/2025\/04\/logo-canons-clinics.jpg","contentUrl":"https:\/\/www.canons.es\/wp-content\/uploads\/2025\/04\/logo-canons-clinics.jpg","width":600,"height":139,"caption":"Cirug\u00eda Pl\u00e1stica y Est\u00e9tica Barcelona y Granollers | C\u00e0nons Clinics"},"image":{"@id":"https:\/\/www.canons.es\/#\/schema\/logo\/image\/"},"sameAs":["https:\/\/www.facebook.com\/canonsclinics\/","https:\/\/x.com\/canonsclinics","https:\/\/www.instagram.com\/canonsclinics\/","https:\/\/www.youtube.com\/channel\/UCI1Ia6LjALyo1CuQ0_HwtfQ","https:\/\/www.linkedin.com\/company\/canons-clinics\/"]}]}},"_links":{"self":[{"href":"https:\/\/www.canons.es\/ca\/wp-json\/wp\/v2\/pages\/13030","targetHints":{"allow":["GET"]}}],"collection":[{"href":"https:\/\/www.canons.es\/ca\/wp-json\/wp\/v2\/pages"}],"about":[{"href":"https:\/\/www.canons.es\/ca\/wp-json\/wp\/v2\/types\/page"}],"author":[{"embeddable":true,"href":"https:\/\/www.canons.es\/ca\/wp-json\/wp\/v2\/users\/25"}],"replies":[{"embeddable":true,"href":"https:\/\/www.canons.es\/ca\/wp-json\/wp\/v2\/comments?post=13030"}],"version-history":[{"count":0,"href":"https:\/\/www.canons.es\/ca\/wp-json\/wp\/v2\/pages\/13030\/revisions"}],"up":[{"embeddable":true,"href":"https:\/\/www.canons.es\/ca\/wp-json\/wp\/v2\/pages\/8967"}],"wp:attachment":[{"href":"https:\/\/www.canons.es\/ca\/wp-json\/wp\/v2\/media?parent=13030"}],"curies":[{"name":"wp","href":"https:\/\/api.w.org\/{rel}","templated":true}]}}