{"id":12978,"date":"2017-10-05T15:16:23","date_gmt":"2017-10-05T15:16:23","guid":{"rendered":"https:\/\/www.canons.es\/ca\/aviso-legal-correo-electronico\/"},"modified":"2017-10-05T15:18:57","modified_gmt":"2017-10-05T15:18:57","slug":"avis-legal-correu-electronic","status":"publish","type":"page","link":"https:\/\/www.canons.es\/ca\/avis-legal-correu-electronic\/","title":{"rendered":"Av\u00eds Legal Correu Electr\u00f2nic"},"content":{"rendered":"<div class=\"wpb-content-wrapper\"><p>[vc_row section_type=&#8221;full-width&#8221;][vc_column][vc_column_text]Segons el previst a la Llei 34\/2002 de Serveis de la Societat de la Informaci\u00f3 i de Comer\u00e7 Electr\u00f2nic, i d\u2019acord amb l\u2019article 5 de la LOPD 15\/1999 (Llei Org\u00e0nica en Protecci\u00f3 de Dades) del 13 de desembre, li informo que el seu correu electr\u00f2nic s\u2019ha incorporat a un fitxer automatitzat, el responsable del qual \u00e9s V\u00edctor Hern\u00e1ndez Machado Da Costa. Les vostres dades es tractaran amb l\u2019\u00fanica finalitat exclusiva d\u2019enviar-li informaci\u00f3 sobre els nostres serveis i\/o per gestionar els serveis que contracti. En qualsevol cas podeu exercir els vostres drets d\u2019acc\u00e9s, rectificaci\u00f3, cancel\u00b7laci\u00f3 i oposici\u00f3 mitjan\u00e7ant una comunicaci\u00f3 escrita, a la qual heu d\u2019adjuntar una fotoc\u00f2pia del DNI, adre\u00e7ada a: V\u00edctor Hern\u00e1ndez Machado Da Costa, Carrer Pin\u00f3s, num. 14 B, Granollers, 08402. Aquest missatge i, si escau, els fitxers annexos tenen caire confidencial, especialment pel que fa a les dades personals, i s&#8217;adrecen exclusivament al destinatari referenciat. Si no es tracta d&#8217;aquest i l&#8217;ha rebut per error o se li ha fet arribar per qualsevol motiu, li prego que m\u2019ho comuniqui per aquesta mateixa via i el destrueixi o l&#8217;esborri, i que en tot cas s&#8217;abstingui d&#8217;utilitzar, reproduir, alterar, arxivar o comunicar a tercers aquest missatge i fitxers annexos. Si per qualsevol ra\u00f3 no volgu\u00e9s seguir rebent informaci\u00f3 dels meus serveis, indiqui-m\u2019ho mitjan\u00e7ant un correu electr\u00f2nic a aquesta mateixa adre\u00e7a.[\/vc_column_text][vc_empty_space][\/vc_column][\/vc_row]<\/p>\n<\/div><!-- AddThis Advanced Settings generic via filter on the_content --><!-- AddThis Share Buttons generic via filter on the_content -->","protected":false},"excerpt":{"rendered":"<p>[vc_row section_type=&#8221;full-width&#8221;][vc_column][vc_column_text]Segons el previst a la Llei 34\/2002 de Serveis de la Societat de la Informaci\u00f3 i de Comer\u00e7 Electr\u00f2nic, i d\u2019acord amb l\u2019article 5 de la LOPD 15\/1999 (Llei Org\u00e0nica en Protecci\u00f3 de Dades) del 13 de desembre, li informo que el seu correu&#8230;<!-- AddThis Advanced Settings generic via filter on get_the_excerpt --><!-- AddThis Share Buttons generic via filter on get_the_excerpt --><\/p>\n","protected":false},"author":25,"featured_media":0,"parent":0,"menu_order":0,"comment_status":"closed","ping_status":"closed","template":"","meta":{"footnotes":""},"class_list":["post-12978","page","type-page","status-publish","hentry"],"yoast_head":"<!-- This site is optimized with the Yoast SEO Premium plugin v26.9 (Yoast SEO v27.2) - https:\/\/yoast.com\/product\/yoast-seo-premium-wordpress\/ -->\n<title>Av\u00eds Legal Correu Electr\u00f2nic - Cl\u00ednica C\u00e0nons | Cirurgia i Medicina Estetica a Barcelona, \u200b\u200bGranollers<\/title>\n<meta name=\"robots\" content=\"index, follow, max-snippet:-1, max-image-preview:large, max-video-preview:-1\" \/>\n<link rel=\"canonical\" href=\"https:\/\/www.canons.es\/aviso-legal-correo-electronico\/\" \/>\n<meta property=\"og:locale\" content=\"ca_ES\" \/>\n<meta property=\"og:type\" content=\"article\" \/>\n<meta property=\"og:title\" content=\"Av\u00eds Legal Correu Electr\u00f2nic\" \/>\n<meta property=\"og:description\" content=\"[vc_row section_type=&#8221;full-width&#8221;][vc_column][vc_column_text]Segons el previst a la Llei 34\/2002 de Serveis de la Societat de la Informaci\u00f3 i de Comer\u00e7 Electr\u00f2nic, i d\u2019acord amb l\u2019article 5 de la LOPD 15\/1999 (Llei Org\u00e0nica en Protecci\u00f3 de Dades) del 13 de desembre, li informo que el seu correu...\" \/>\n<meta property=\"og:url\" content=\"https:\/\/www.canons.es\/aviso-legal-correo-electronico\/\" \/>\n<meta property=\"og:site_name\" content=\"Cl\u00ednica C\u00e0nons | Cirurgia i Medicina Estetica a Barcelona, \u200b\u200bGranollers\" \/>\n<meta property=\"article:publisher\" content=\"https:\/\/www.facebook.com\/canonsclinics\/\" \/>\n<meta property=\"article:modified_time\" content=\"2017-10-05T15:18:57+00:00\" \/>\n<meta name=\"twitter:card\" content=\"summary_large_image\" \/>\n<meta name=\"twitter:site\" content=\"@canonsclinics\" \/>\n<meta name=\"twitter:label1\" content=\"Temps estimat de lectura\" \/>\n\t<meta name=\"twitter:data1\" content=\"1 minut\" \/>\n<script type=\"application\/ld+json\" class=\"yoast-schema-graph\">{\"@context\":\"https:\/\/schema.org\",\"@graph\":[{\"@type\":\"WebPage\",\"@id\":\"https:\/\/www.canons.es\/aviso-legal-correo-electronico\/\",\"url\":\"https:\/\/www.canons.es\/aviso-legal-correo-electronico\/\",\"name\":\"Av\u00eds Legal Correu Electr\u00f2nic - Cl\u00ednica C\u00e0nons | Cirurgia i Medicina Estetica a Barcelona, \u200b\u200bGranollers\",\"isPartOf\":{\"@id\":\"https:\/\/www.canons.es\/#website\"},\"datePublished\":\"2017-10-05T15:16:23+00:00\",\"dateModified\":\"2017-10-05T15:18:57+00:00\",\"breadcrumb\":{\"@id\":\"https:\/\/www.canons.es\/aviso-legal-correo-electronico\/#breadcrumb\"},\"inLanguage\":\"ca\",\"potentialAction\":[{\"@type\":\"ReadAction\",\"target\":[\"https:\/\/www.canons.es\/aviso-legal-correo-electronico\/\"]}]},{\"@type\":\"BreadcrumbList\",\"@id\":\"https:\/\/www.canons.es\/aviso-legal-correo-electronico\/#breadcrumb\",\"itemListElement\":[{\"@type\":\"ListItem\",\"position\":1,\"name\":\"Portada\",\"item\":\"https:\/\/www.canons.es\/ca\/\"},{\"@type\":\"ListItem\",\"position\":2,\"name\":\"Av\u00eds Legal Correu Electr\u00f2nic\"}]},{\"@type\":\"WebSite\",\"@id\":\"https:\/\/www.canons.es\/#website\",\"url\":\"https:\/\/www.canons.es\/\",\"name\":\"Cirug\u00eda Pl\u00e1stica y Est\u00e9tica Barcelona y Granollers | C\u00e0nons Clinics\",\"description\":\"\",\"publisher\":{\"@id\":\"https:\/\/www.canons.es\/#organization\"},\"potentialAction\":[{\"@type\":\"SearchAction\",\"target\":{\"@type\":\"EntryPoint\",\"urlTemplate\":\"https:\/\/www.canons.es\/?s={search_term_string}\"},\"query-input\":{\"@type\":\"PropertyValueSpecification\",\"valueRequired\":true,\"valueName\":\"search_term_string\"}}],\"inLanguage\":\"ca\"},{\"@type\":\"Organization\",\"@id\":\"https:\/\/www.canons.es\/#organization\",\"name\":\"Cirug\u00eda Pl\u00e1stica y Est\u00e9tica Barcelona y Granollers | C\u00e0nons Clinics\",\"url\":\"https:\/\/www.canons.es\/\",\"logo\":{\"@type\":\"ImageObject\",\"inLanguage\":\"ca\",\"@id\":\"https:\/\/www.canons.es\/#\/schema\/logo\/image\/\",\"url\":\"https:\/\/www.canons.es\/wp-content\/uploads\/2025\/04\/logo-canons-clinics.jpg\",\"contentUrl\":\"https:\/\/www.canons.es\/wp-content\/uploads\/2025\/04\/logo-canons-clinics.jpg\",\"width\":600,\"height\":139,\"caption\":\"Cirug\u00eda Pl\u00e1stica y Est\u00e9tica Barcelona y Granollers | C\u00e0nons Clinics\"},\"image\":{\"@id\":\"https:\/\/www.canons.es\/#\/schema\/logo\/image\/\"},\"sameAs\":[\"https:\/\/www.facebook.com\/canonsclinics\/\",\"https:\/\/x.com\/canonsclinics\",\"https:\/\/www.instagram.com\/canonsclinics\/\",\"https:\/\/www.youtube.com\/channel\/UCI1Ia6LjALyo1CuQ0_HwtfQ\",\"https:\/\/www.linkedin.com\/company\/canons-clinics\/\"]}]}<\/script>\n<!-- \/ Yoast SEO Premium plugin. -->","yoast_head_json":{"title":"Av\u00eds Legal Correu Electr\u00f2nic - Cl\u00ednica C\u00e0nons | Cirurgia i Medicina Estetica a Barcelona, \u200b\u200bGranollers","robots":{"index":"index","follow":"follow","max-snippet":"max-snippet:-1","max-image-preview":"max-image-preview:large","max-video-preview":"max-video-preview:-1"},"canonical":"https:\/\/www.canons.es\/aviso-legal-correo-electronico\/","og_locale":"ca_ES","og_type":"article","og_title":"Av\u00eds Legal Correu Electr\u00f2nic","og_description":"[vc_row section_type=&#8221;full-width&#8221;][vc_column][vc_column_text]Segons el previst a la Llei 34\/2002 de Serveis de la Societat de la Informaci\u00f3 i de Comer\u00e7 Electr\u00f2nic, i d\u2019acord amb l\u2019article 5 de la LOPD 15\/1999 (Llei Org\u00e0nica en Protecci\u00f3 de Dades) del 13 de desembre, li informo que el seu correu...","og_url":"https:\/\/www.canons.es\/aviso-legal-correo-electronico\/","og_site_name":"Cl\u00ednica C\u00e0nons | Cirurgia i Medicina Estetica a Barcelona, \u200b\u200bGranollers","article_publisher":"https:\/\/www.facebook.com\/canonsclinics\/","article_modified_time":"2017-10-05T15:18:57+00:00","twitter_card":"summary_large_image","twitter_site":"@canonsclinics","twitter_misc":{"Temps estimat de lectura":"1 minut"},"schema":{"@context":"https:\/\/schema.org","@graph":[{"@type":"WebPage","@id":"https:\/\/www.canons.es\/aviso-legal-correo-electronico\/","url":"https:\/\/www.canons.es\/aviso-legal-correo-electronico\/","name":"Av\u00eds Legal Correu Electr\u00f2nic - Cl\u00ednica C\u00e0nons | Cirurgia i Medicina Estetica a Barcelona, \u200b\u200bGranollers","isPartOf":{"@id":"https:\/\/www.canons.es\/#website"},"datePublished":"2017-10-05T15:16:23+00:00","dateModified":"2017-10-05T15:18:57+00:00","breadcrumb":{"@id":"https:\/\/www.canons.es\/aviso-legal-correo-electronico\/#breadcrumb"},"inLanguage":"ca","potentialAction":[{"@type":"ReadAction","target":["https:\/\/www.canons.es\/aviso-legal-correo-electronico\/"]}]},{"@type":"BreadcrumbList","@id":"https:\/\/www.canons.es\/aviso-legal-correo-electronico\/#breadcrumb","itemListElement":[{"@type":"ListItem","position":1,"name":"Portada","item":"https:\/\/www.canons.es\/ca\/"},{"@type":"ListItem","position":2,"name":"Av\u00eds Legal Correu Electr\u00f2nic"}]},{"@type":"WebSite","@id":"https:\/\/www.canons.es\/#website","url":"https:\/\/www.canons.es\/","name":"Cirug\u00eda Pl\u00e1stica y Est\u00e9tica Barcelona y Granollers | C\u00e0nons Clinics","description":"","publisher":{"@id":"https:\/\/www.canons.es\/#organization"},"potentialAction":[{"@type":"SearchAction","target":{"@type":"EntryPoint","urlTemplate":"https:\/\/www.canons.es\/?s={search_term_string}"},"query-input":{"@type":"PropertyValueSpecification","valueRequired":true,"valueName":"search_term_string"}}],"inLanguage":"ca"},{"@type":"Organization","@id":"https:\/\/www.canons.es\/#organization","name":"Cirug\u00eda Pl\u00e1stica y Est\u00e9tica Barcelona y Granollers | C\u00e0nons Clinics","url":"https:\/\/www.canons.es\/","logo":{"@type":"ImageObject","inLanguage":"ca","@id":"https:\/\/www.canons.es\/#\/schema\/logo\/image\/","url":"https:\/\/www.canons.es\/wp-content\/uploads\/2025\/04\/logo-canons-clinics.jpg","contentUrl":"https:\/\/www.canons.es\/wp-content\/uploads\/2025\/04\/logo-canons-clinics.jpg","width":600,"height":139,"caption":"Cirug\u00eda Pl\u00e1stica y Est\u00e9tica Barcelona y Granollers | C\u00e0nons Clinics"},"image":{"@id":"https:\/\/www.canons.es\/#\/schema\/logo\/image\/"},"sameAs":["https:\/\/www.facebook.com\/canonsclinics\/","https:\/\/x.com\/canonsclinics","https:\/\/www.instagram.com\/canonsclinics\/","https:\/\/www.youtube.com\/channel\/UCI1Ia6LjALyo1CuQ0_HwtfQ","https:\/\/www.linkedin.com\/company\/canons-clinics\/"]}]}},"_links":{"self":[{"href":"https:\/\/www.canons.es\/ca\/wp-json\/wp\/v2\/pages\/12978","targetHints":{"allow":["GET"]}}],"collection":[{"href":"https:\/\/www.canons.es\/ca\/wp-json\/wp\/v2\/pages"}],"about":[{"href":"https:\/\/www.canons.es\/ca\/wp-json\/wp\/v2\/types\/page"}],"author":[{"embeddable":true,"href":"https:\/\/www.canons.es\/ca\/wp-json\/wp\/v2\/users\/25"}],"replies":[{"embeddable":true,"href":"https:\/\/www.canons.es\/ca\/wp-json\/wp\/v2\/comments?post=12978"}],"version-history":[{"count":0,"href":"https:\/\/www.canons.es\/ca\/wp-json\/wp\/v2\/pages\/12978\/revisions"}],"wp:attachment":[{"href":"https:\/\/www.canons.es\/ca\/wp-json\/wp\/v2\/media?parent=12978"}],"curies":[{"name":"wp","href":"https:\/\/api.w.org\/{rel}","templated":true}]}}