{"id":12967,"date":"2017-10-02T14:25:37","date_gmt":"2017-10-02T14:25:37","guid":{"rendered":"https:\/\/www.canons.es\/ca\/vivaz-linea-directa-aseguradora\/"},"modified":"2017-10-02T14:32:44","modified_gmt":"2017-10-02T14:32:44","slug":"vivaz-linea-directa-asseguradora","status":"publish","type":"page","link":"https:\/\/www.canons.es\/ca\/vivaz-linea-directa-asseguradora\/","title":{"rendered":"Vivaz l\u00ednia directa asseguradora"},"content":{"rendered":"<div class=\"wpb-content-wrapper\"><p>[vc_row section_type=&#8221;full-width&#8221; background_color=&#8221;#f7f7f7&#8243;][vc_column][vc_empty_space height=&#8221;40px&#8221;][vc_row_inner][vc_column_inner width=&#8221;1\/2&#8243;][vc_single_image image=&#8221;8459&#8243; img_link_large=&#8221;&#8221;][\/vc_column_inner][vc_column_inner width=&#8221;1\/2&#8243;][vc_column_text]<\/p>\n<p style=\"text-align: justify;\">Als nostres centres de Granollers i Barcelona hem establert convenis de <strong>col\u00b7laboraci\u00f3 amb Vivaz L\u00ednia Directa Asseguradora pel que fa als serveis de<\/strong> <strong>Cirurgia Reparadora i Dermatol\u00f2gica<\/strong>.<\/p>\n<p style=\"text-align: justify;\">Descobreix quins serveis hi entren:<\/p>\n<p>[\/vc_column_text][\/vc_column_inner][\/vc_row_inner][\/vc_column][\/vc_row][vc_row section_type=&#8221;full-width&#8221;][vc_column][vc_empty_space][vc_accordion][vc_accordion_tab title=&#8221;Quins serveis entren?&#8221;][vc_column_text]<\/p>\n<ul>\n<li style=\"text-align: justify;\"><strong> Lesions cut\u00e0nies:<\/strong> l\u2019exposici\u00f3 solar, l\u2019edat, els diferents tipus de pell o els factors gen\u00e8tics potencien l\u2019aparici\u00f3 de <strong>lesions cut\u00e0nies com pigues, berrugues, tumors benignes de pell, epiteliomes, quists, etc.<\/strong> que apareixen a zones visibles. Mitjan\u00e7ant un procediment mitjanament senzill, <strong>els nostres cirurgians eliminaran aquesta marca que tant et molesta<\/strong>.<\/li>\n<li style=\"text-align: justify;\"><strong>C\u00e0ncer de pell<\/strong><\/li>\n<li style=\"text-align: justify;\"><strong>Seq\u00fceles de traumatismes:<\/strong> \u00e9s possible que les cremades o traumatismes greus soferts deixin algun tipus de seq\u00fcela est\u00e8tica o funcional que pugui agreujar-se amb els anys. Aquests tipus de cicatrius poden restringir el moviment de m\u00fasculs, articulacions i tendons. En els nostres centres de Granollers i Barcelona <strong>t\u2019ajudem a mitigar l\u2019aspecte d\u2019aquestes cicatrius que tant poden arribar a molestar.<\/strong><\/li>\n<li style=\"text-align: justify;\"><strong>Revisi\u00f3 de cicatrius<\/strong>: \u00e9s una <strong>cirurgia \u00fanicament indicada per millorar l\u2019aparen\u00e7a de cicatrius.<\/strong> Restaura la funci\u00f3 i corregeix els canvis en la pell ocasionats per una ferida, una lesi\u00f3 o una cirurgia pr\u00e8via.<\/li>\n<li style=\"text-align: justify;\"><strong>Microcirurgia en reconstrucci\u00f3 post traum\u00e0tica:<\/strong> els microscopis quir\u00fargics i lupes espec\u00edfiques per microcirugria post traum\u00e0tica permeten <strong>suturar petits gots sanguinis i nervis danyats per traumatismes, accidents i resseccions quir\u00fargiques.<\/strong><\/li>\n<\/ul>\n<p>[\/vc_column_text][\/vc_accordion_tab][vc_accordion_tab title=&#8221;Com demano cita?&#8221;][vc_column_text]<\/p>\n<p style=\"text-align: justify;\">Si ets d\u2019Assist\u00e8ncia Sanit\u00e0ria Col\u00b7legial i vols visitar-te amb els doctors de les nostres cl\u00edniques per tractar els casos indicats a dalt,<strong><span style=\"color: #6d98dc;\"> truca\u2019ns al 93 860 60 60 o envia\u2019ns un correu electr\u00f2nic amb el motiu de la consulta a <a href=\"mailto:info@C\u00e0nons Clinics.es\">info@C\u00e0nons Clinics.es<\/a><\/span><\/strong>.<\/p>\n<p>[\/vc_column_text][\/vc_accordion_tab][\/vc_accordion][\/vc_column][\/vc_row]<\/p>\n<\/div><!-- AddThis Advanced Settings generic via filter on the_content --><!-- AddThis Share Buttons generic via filter on the_content -->","protected":false},"excerpt":{"rendered":"<p>[vc_row section_type=&#8221;full-width&#8221; background_color=&#8221;#f7f7f7&#8243;][vc_column][vc_empty_space height=&#8221;40px&#8221;][vc_row_inner][vc_column_inner width=&#8221;1\/2&#8243;][vc_single_image image=&#8221;8459&#8243; img_link_large=&#8221;&#8221;][\/vc_column_inner][vc_column_inner width=&#8221;1\/2&#8243;][vc_column_text] Als nostres centres de Granollers i Barcelona hem establert convenis de col\u00b7laboraci\u00f3 amb Vivaz L\u00ednia Directa Asseguradora pel que fa als serveis de Cirurgia Reparadora i Dermatol\u00f2gica. Descobreix quins serveis hi entren: [\/vc_column_text][\/vc_column_inner][\/vc_row_inner][\/vc_column][\/vc_row][vc_row section_type=&#8221;full-width&#8221;][vc_column][vc_empty_space][vc_accordion][vc_accordion_tab title=&#8221;Quins serveis entren?&#8221;][vc_column_text]&#8230;<!-- AddThis Advanced Settings generic via filter on get_the_excerpt --><!-- AddThis Share Buttons generic via filter on get_the_excerpt --><\/p>\n","protected":false},"author":25,"featured_media":0,"parent":0,"menu_order":0,"comment_status":"closed","ping_status":"closed","template":"","meta":{"footnotes":""},"class_list":["post-12967","page","type-page","status-publish","hentry"],"yoast_head":"<!-- This site is optimized with the Yoast SEO Premium plugin v26.9 (Yoast SEO v27.2) - https:\/\/yoast.com\/product\/yoast-seo-premium-wordpress\/ -->\n<title>Vivaz l\u00ednia directa asseguradora - Cl\u00ednica C\u00e0nons | Cirurgia i Medicina Estetica a Barcelona, \u200b\u200bGranollers<\/title>\n<meta name=\"robots\" content=\"index, follow, max-snippet:-1, max-image-preview:large, max-video-preview:-1\" \/>\n<link rel=\"canonical\" href=\"https:\/\/www.canons.es\/vivaz-linea-directa-aseguradora\/\" \/>\n<meta property=\"og:locale\" content=\"ca_ES\" \/>\n<meta property=\"og:type\" content=\"article\" \/>\n<meta property=\"og:title\" content=\"Vivaz l\u00ednia directa asseguradora\" \/>\n<meta property=\"og:description\" content=\"[vc_row section_type=&#8221;full-width&#8221; background_color=&#8221;#f7f7f7&#8243;][vc_column][vc_empty_space height=&#8221;40px&#8221;][vc_row_inner][vc_column_inner width=&#8221;1\/2&#8243;][vc_single_image image=&#8221;8459&#8243; img_link_large=&#8221;&#8221;][\/vc_column_inner][vc_column_inner width=&#8221;1\/2&#8243;][vc_column_text] Als nostres centres de Granollers i Barcelona hem establert convenis de col\u00b7laboraci\u00f3 amb Vivaz L\u00ednia Directa Asseguradora pel que fa als serveis de Cirurgia Reparadora i Dermatol\u00f2gica. Descobreix quins serveis hi entren: [\/vc_column_text][\/vc_column_inner][\/vc_row_inner][\/vc_column][\/vc_row][vc_row section_type=&#8221;full-width&#8221;][vc_column][vc_empty_space][vc_accordion][vc_accordion_tab title=&#8221;Quins serveis entren?&#8221;][vc_column_text]...\" \/>\n<meta property=\"og:url\" content=\"https:\/\/www.canons.es\/vivaz-linea-directa-aseguradora\/\" \/>\n<meta property=\"og:site_name\" content=\"Cl\u00ednica C\u00e0nons | Cirurgia i Medicina Estetica a Barcelona, \u200b\u200bGranollers\" \/>\n<meta property=\"article:publisher\" content=\"https:\/\/www.facebook.com\/canonsclinics\/\" \/>\n<meta property=\"article:modified_time\" content=\"2017-10-02T14:32:44+00:00\" \/>\n<meta name=\"twitter:card\" content=\"summary_large_image\" \/>\n<meta name=\"twitter:site\" content=\"@canonsclinics\" \/>\n<meta name=\"twitter:label1\" content=\"Temps estimat de lectura\" \/>\n\t<meta name=\"twitter:data1\" content=\"2 minuts\" \/>\n<script type=\"application\/ld+json\" class=\"yoast-schema-graph\">{\"@context\":\"https:\/\/schema.org\",\"@graph\":[{\"@type\":\"WebPage\",\"@id\":\"https:\/\/www.canons.es\/vivaz-linea-directa-aseguradora\/\",\"url\":\"https:\/\/www.canons.es\/vivaz-linea-directa-aseguradora\/\",\"name\":\"Vivaz l\u00ednia directa asseguradora - Cl\u00ednica C\u00e0nons | Cirurgia i Medicina Estetica a Barcelona, \u200b\u200bGranollers\",\"isPartOf\":{\"@id\":\"https:\/\/www.canons.es\/#website\"},\"datePublished\":\"2017-10-02T14:25:37+00:00\",\"dateModified\":\"2017-10-02T14:32:44+00:00\",\"breadcrumb\":{\"@id\":\"https:\/\/www.canons.es\/vivaz-linea-directa-aseguradora\/#breadcrumb\"},\"inLanguage\":\"ca\",\"potentialAction\":[{\"@type\":\"ReadAction\",\"target\":[\"https:\/\/www.canons.es\/vivaz-linea-directa-aseguradora\/\"]}]},{\"@type\":\"BreadcrumbList\",\"@id\":\"https:\/\/www.canons.es\/vivaz-linea-directa-aseguradora\/#breadcrumb\",\"itemListElement\":[{\"@type\":\"ListItem\",\"position\":1,\"name\":\"Portada\",\"item\":\"https:\/\/www.canons.es\/ca\/\"},{\"@type\":\"ListItem\",\"position\":2,\"name\":\"Vivaz l\u00ednia directa asseguradora\"}]},{\"@type\":\"WebSite\",\"@id\":\"https:\/\/www.canons.es\/#website\",\"url\":\"https:\/\/www.canons.es\/\",\"name\":\"Cirug\u00eda Pl\u00e1stica y Est\u00e9tica Barcelona y Granollers | C\u00e0nons Clinics\",\"description\":\"\",\"publisher\":{\"@id\":\"https:\/\/www.canons.es\/#organization\"},\"potentialAction\":[{\"@type\":\"SearchAction\",\"target\":{\"@type\":\"EntryPoint\",\"urlTemplate\":\"https:\/\/www.canons.es\/?s={search_term_string}\"},\"query-input\":{\"@type\":\"PropertyValueSpecification\",\"valueRequired\":true,\"valueName\":\"search_term_string\"}}],\"inLanguage\":\"ca\"},{\"@type\":\"Organization\",\"@id\":\"https:\/\/www.canons.es\/#organization\",\"name\":\"Cirug\u00eda Pl\u00e1stica y Est\u00e9tica Barcelona y Granollers | C\u00e0nons Clinics\",\"url\":\"https:\/\/www.canons.es\/\",\"logo\":{\"@type\":\"ImageObject\",\"inLanguage\":\"ca\",\"@id\":\"https:\/\/www.canons.es\/#\/schema\/logo\/image\/\",\"url\":\"https:\/\/www.canons.es\/wp-content\/uploads\/2025\/04\/logo-canons-clinics.jpg\",\"contentUrl\":\"https:\/\/www.canons.es\/wp-content\/uploads\/2025\/04\/logo-canons-clinics.jpg\",\"width\":600,\"height\":139,\"caption\":\"Cirug\u00eda Pl\u00e1stica y Est\u00e9tica Barcelona y Granollers | C\u00e0nons Clinics\"},\"image\":{\"@id\":\"https:\/\/www.canons.es\/#\/schema\/logo\/image\/\"},\"sameAs\":[\"https:\/\/www.facebook.com\/canonsclinics\/\",\"https:\/\/x.com\/canonsclinics\",\"https:\/\/www.instagram.com\/canonsclinics\/\",\"https:\/\/www.youtube.com\/channel\/UCI1Ia6LjALyo1CuQ0_HwtfQ\",\"https:\/\/www.linkedin.com\/company\/canons-clinics\/\"]}]}<\/script>\n<!-- \/ Yoast SEO Premium plugin. -->","yoast_head_json":{"title":"Vivaz l\u00ednia directa asseguradora - Cl\u00ednica C\u00e0nons | Cirurgia i Medicina Estetica a Barcelona, \u200b\u200bGranollers","robots":{"index":"index","follow":"follow","max-snippet":"max-snippet:-1","max-image-preview":"max-image-preview:large","max-video-preview":"max-video-preview:-1"},"canonical":"https:\/\/www.canons.es\/vivaz-linea-directa-aseguradora\/","og_locale":"ca_ES","og_type":"article","og_title":"Vivaz l\u00ednia directa asseguradora","og_description":"[vc_row section_type=&#8221;full-width&#8221; background_color=&#8221;#f7f7f7&#8243;][vc_column][vc_empty_space height=&#8221;40px&#8221;][vc_row_inner][vc_column_inner width=&#8221;1\/2&#8243;][vc_single_image image=&#8221;8459&#8243; img_link_large=&#8221;&#8221;][\/vc_column_inner][vc_column_inner width=&#8221;1\/2&#8243;][vc_column_text] Als nostres centres de Granollers i Barcelona hem establert convenis de col\u00b7laboraci\u00f3 amb Vivaz L\u00ednia Directa Asseguradora pel que fa als serveis de Cirurgia Reparadora i Dermatol\u00f2gica. Descobreix quins serveis hi entren: [\/vc_column_text][\/vc_column_inner][\/vc_row_inner][\/vc_column][\/vc_row][vc_row section_type=&#8221;full-width&#8221;][vc_column][vc_empty_space][vc_accordion][vc_accordion_tab title=&#8221;Quins serveis entren?&#8221;][vc_column_text]...","og_url":"https:\/\/www.canons.es\/vivaz-linea-directa-aseguradora\/","og_site_name":"Cl\u00ednica C\u00e0nons | Cirurgia i Medicina Estetica a Barcelona, \u200b\u200bGranollers","article_publisher":"https:\/\/www.facebook.com\/canonsclinics\/","article_modified_time":"2017-10-02T14:32:44+00:00","twitter_card":"summary_large_image","twitter_site":"@canonsclinics","twitter_misc":{"Temps estimat de lectura":"2 minuts"},"schema":{"@context":"https:\/\/schema.org","@graph":[{"@type":"WebPage","@id":"https:\/\/www.canons.es\/vivaz-linea-directa-aseguradora\/","url":"https:\/\/www.canons.es\/vivaz-linea-directa-aseguradora\/","name":"Vivaz l\u00ednia directa asseguradora - Cl\u00ednica C\u00e0nons | Cirurgia i Medicina Estetica a Barcelona, \u200b\u200bGranollers","isPartOf":{"@id":"https:\/\/www.canons.es\/#website"},"datePublished":"2017-10-02T14:25:37+00:00","dateModified":"2017-10-02T14:32:44+00:00","breadcrumb":{"@id":"https:\/\/www.canons.es\/vivaz-linea-directa-aseguradora\/#breadcrumb"},"inLanguage":"ca","potentialAction":[{"@type":"ReadAction","target":["https:\/\/www.canons.es\/vivaz-linea-directa-aseguradora\/"]}]},{"@type":"BreadcrumbList","@id":"https:\/\/www.canons.es\/vivaz-linea-directa-aseguradora\/#breadcrumb","itemListElement":[{"@type":"ListItem","position":1,"name":"Portada","item":"https:\/\/www.canons.es\/ca\/"},{"@type":"ListItem","position":2,"name":"Vivaz l\u00ednia directa asseguradora"}]},{"@type":"WebSite","@id":"https:\/\/www.canons.es\/#website","url":"https:\/\/www.canons.es\/","name":"Cirug\u00eda Pl\u00e1stica y Est\u00e9tica Barcelona y Granollers | C\u00e0nons Clinics","description":"","publisher":{"@id":"https:\/\/www.canons.es\/#organization"},"potentialAction":[{"@type":"SearchAction","target":{"@type":"EntryPoint","urlTemplate":"https:\/\/www.canons.es\/?s={search_term_string}"},"query-input":{"@type":"PropertyValueSpecification","valueRequired":true,"valueName":"search_term_string"}}],"inLanguage":"ca"},{"@type":"Organization","@id":"https:\/\/www.canons.es\/#organization","name":"Cirug\u00eda Pl\u00e1stica y Est\u00e9tica Barcelona y Granollers | C\u00e0nons Clinics","url":"https:\/\/www.canons.es\/","logo":{"@type":"ImageObject","inLanguage":"ca","@id":"https:\/\/www.canons.es\/#\/schema\/logo\/image\/","url":"https:\/\/www.canons.es\/wp-content\/uploads\/2025\/04\/logo-canons-clinics.jpg","contentUrl":"https:\/\/www.canons.es\/wp-content\/uploads\/2025\/04\/logo-canons-clinics.jpg","width":600,"height":139,"caption":"Cirug\u00eda Pl\u00e1stica y Est\u00e9tica Barcelona y Granollers | C\u00e0nons Clinics"},"image":{"@id":"https:\/\/www.canons.es\/#\/schema\/logo\/image\/"},"sameAs":["https:\/\/www.facebook.com\/canonsclinics\/","https:\/\/x.com\/canonsclinics","https:\/\/www.instagram.com\/canonsclinics\/","https:\/\/www.youtube.com\/channel\/UCI1Ia6LjALyo1CuQ0_HwtfQ","https:\/\/www.linkedin.com\/company\/canons-clinics\/"]}]}},"_links":{"self":[{"href":"https:\/\/www.canons.es\/ca\/wp-json\/wp\/v2\/pages\/12967","targetHints":{"allow":["GET"]}}],"collection":[{"href":"https:\/\/www.canons.es\/ca\/wp-json\/wp\/v2\/pages"}],"about":[{"href":"https:\/\/www.canons.es\/ca\/wp-json\/wp\/v2\/types\/page"}],"author":[{"embeddable":true,"href":"https:\/\/www.canons.es\/ca\/wp-json\/wp\/v2\/users\/25"}],"replies":[{"embeddable":true,"href":"https:\/\/www.canons.es\/ca\/wp-json\/wp\/v2\/comments?post=12967"}],"version-history":[{"count":0,"href":"https:\/\/www.canons.es\/ca\/wp-json\/wp\/v2\/pages\/12967\/revisions"}],"wp:attachment":[{"href":"https:\/\/www.canons.es\/ca\/wp-json\/wp\/v2\/media?parent=12967"}],"curies":[{"name":"wp","href":"https:\/\/api.w.org\/{rel}","templated":true}]}}