{"id":12683,"date":"2017-05-15T07:58:09","date_gmt":"2017-05-15T07:58:09","guid":{"rendered":"https:\/\/www.canons.es\/ca\/medicina-estetica-preparto\/"},"modified":"2019-12-12T11:08:34","modified_gmt":"2019-12-12T11:08:34","slug":"medicina-estetica-preparto","status":"publish","type":"page","link":"https:\/\/www.canons.es\/ca\/medicina-estetica-corporal\/medicina-estetica-preparto\/","title":{"rendered":"Medicina est\u00e8tica Prepart"},"content":{"rendered":"<div class=\"wpb-content-wrapper\"><p>[vc_row css_animation=&#8221;&#8221; row_type=&#8221;row&#8221; use_row_as_full_screen_section=&#8221;no&#8221; type=&#8221;full_width&#8221; angled_section=&#8221;no&#8221; text_align=&#8221;left&#8221; background_image_as_pattern=&#8221;without_pattern&#8221; background_color=&#8221;#f9f9f9&#8243;][vc_column][vc_empty_space height=&#8221;20px&#8221;]<div class=\"custom_font_holder\" style=\"font-family: Raleway; font-size: 35px; line-height: 26px; font-style: normal; font-weight: 300; color: #1e70b3; text-decoration: none; text-align: left;\">MEDICINA EST\u00c8TICA PREPART<\/div>[vc_empty_space height=&#8221;40px&#8221;][vc_row_inner row_type=&#8221;row&#8221; type=&#8221;full_width&#8221; text_align=&#8221;left&#8221; css_animation=&#8221;&#8221;][vc_column_inner width=&#8221;1\/2&#8243;][vc_single_image image=&#8221;12709&#8243; img_size=&#8221;full&#8221; alignment=&#8221;center&#8221; qode_css_animation=&#8221;&#8221;][vc_empty_space height=&#8221;40px&#8221;][\/vc_column_inner][vc_column_inner width=&#8221;1\/2&#8243;][vc_column_text]<\/p>\n<p style=\"text-align: justify;\">A mesura que van passant els mesos d&#8217;embar\u00e0s la zona abdominal es va distenent per permetre el creixement del beb\u00e8. La musculatura abdominal ha de suportar una gran tensi\u00f3 de manera que acaba disseccionant la membrana fibrosa de l&#8217;abdomen, provocant una di\u00e0stasi o separaci\u00f3 de la musculatura abdominal. La distensi\u00f3 d&#8217;aquesta musculatura pot comportar flacidez, h\u00e8rnies intestinals, incontin\u00e8ncia urin\u00e0ria, etc.<\/p>\n<p>[\/vc_column_text][\/vc_column_inner][\/vc_row_inner][\/vc_column][\/vc_row][vc_row css_animation=&#8221;&#8221; row_type=&#8221;row&#8221; use_row_as_full_screen_section=&#8221;no&#8221; type=&#8221;full_width&#8221; angled_section=&#8221;no&#8221; text_align=&#8221;left&#8221; background_image_as_pattern=&#8221;without_pattern&#8221; section_type=&#8221;full-width&#8221;][vc_column][vc_empty_space][vc_accordion style=&#8221;accordion&#8221;][vc_accordion_tab title=&#8221;En qu\u00e8 consisteix el tractament de Medicina Est\u00e8tica Prepart?&#8221;][vc_column_text]<\/p>\n<p style=\"text-align: justify;\">En una primera visita, el nostre <span style=\"color: #6d98dc;\"><strong>equip m\u00e8dic C\u00e0nons Clinics<\/strong><\/span> realitzar\u00e0 una <span style=\"color: #6d98dc;\"><strong>avaluaci\u00f3 completa<\/strong><\/span> del teu estat general i valorar\u00e0 els tractaments medicoest\u00e9ticos m\u00e9s adequats segons el teu cas en particular per <span style=\"color: #6d98dc;\"><strong>minimitzar els canvis fisiol\u00f2gics<\/strong><\/span> del contorn corporal que t&#8217;afectaran en el postpart, especialment en la paret abdominal.<\/p>\n<p>[\/vc_column_text][\/vc_accordion_tab][vc_accordion_tab title=&#8221;Quan podr\u00e9 comen\u00e7ar a realitzar les pautes medicoest\u00e8tiques preventives Prepart?&#8221;][vc_column_text]<\/p>\n<p style=\"text-align: justify;\">Si no hi ha cap contraindicaci\u00f3 per part del teu ginec\u00f2leg, <strong><span style=\"color: #6d98dc;\">quant s\u00e0pigues que est\u00e0s embarassad<\/span>a<\/strong> ja podr\u00e0s realitzar els tractaments medico-est\u00e8tics indicats per l&#8217;<span style=\"color: #6d98dc;\"><strong>equip m\u00e8dic de C\u00e0nons Clinics<\/strong><\/span>.<\/p>\n<p>[\/vc_column_text][\/vc_accordion_tab][vc_accordion_tab title=&#8221;Quins beneficis obtindr\u00e9 al realitzar els tractaments prepart?&#8221;][vc_column_text]<\/p>\n<p style=\"text-align: justify;\"><span style=\"color: #6d98dc;\"><strong>Minimitzar\u00e0s<\/strong><\/span> els efectes del cos provocats per l&#8217;embar\u00e0s com ara el <span style=\"color: #6d98dc;\"><strong>sobrep\u00e8s<\/strong><\/span>, la<span style=\"color: #6d98dc;\"><strong> mala circulaci\u00f3<\/strong><\/span>, la<span style=\"color: #6d98dc;\"> <strong>retenci\u00f3 de l\u00edquids<\/strong><\/span>, la <span style=\"color: #6d98dc;\"><strong>sensaci\u00f3 de cames cansades<\/strong><\/span> o la <span style=\"color: #6d98dc;\"><strong>incontin\u00e8ncia urin\u00e0ria<\/strong><\/span>, entre d&#8217;altres. Amb els tractaments medico-est\u00e8tics indicats pel nostre equip m\u00e8dic tindr\u00e0s un embar\u00e0s amb <span style=\"color: #6d98dc;\"><strong>m\u00ednimes mol\u00e8sties<\/strong><\/span> i una <span style=\"color: #6d98dc;\"><strong>recuperaci\u00f3 postpart m\u00e9s r\u00e0pida<\/strong><\/span> per reactivar totes les teves activitats quotidianes que feies abans de l&#8217;embar\u00e0s.<\/p>\n<p>[\/vc_column_text][\/vc_accordion_tab][vc_accordion_tab title=&#8221;Quan dura el tractament?&#8221;][vc_column_text]Aquest tractament pot durar tot l&#8217;embar\u00e0s.[\/vc_column_text][\/vc_accordion_tab][\/vc_accordion][\/vc_column][\/vc_row]<\/p>\n<\/div><!-- AddThis Advanced Settings generic via filter on the_content --><!-- AddThis Share Buttons generic via filter on the_content -->","protected":false},"excerpt":{"rendered":"<p>[vc_row css_animation=&#8221;&#8221; row_type=&#8221;row&#8221; use_row_as_full_screen_section=&#8221;no&#8221; type=&#8221;full_width&#8221; angled_section=&#8221;no&#8221; text_align=&#8221;left&#8221; background_image_as_pattern=&#8221;without_pattern&#8221; background_color=&#8221;#f9f9f9&#8243;][vc_column][vc_empty_space height=&#8221;20px&#8221;][vc_empty_space height=&#8221;40px&#8221;][vc_row_inner row_type=&#8221;row&#8221; type=&#8221;full_width&#8221; text_align=&#8221;left&#8221; css_animation=&#8221;&#8221;][vc_column_inner width=&#8221;1\/2&#8243;][vc_single_image image=&#8221;12709&#8243; img_size=&#8221;full&#8221; alignment=&#8221;center&#8221; qode_css_animation=&#8221;&#8221;][vc_empty_space height=&#8221;40px&#8221;][\/vc_column_inner][vc_column_inner width=&#8221;1\/2&#8243;][vc_column_text] A mesura que van passant els mesos d&#8217;embar\u00e0s la zona abdominal es va distenent per permetre el creixement del beb\u00e8. La musculatura abdominal&#8230;<!-- AddThis Advanced Settings generic via filter on get_the_excerpt --><!-- AddThis Share Buttons generic via filter on get_the_excerpt --><\/p>\n","protected":false},"author":25,"featured_media":0,"parent":9584,"menu_order":0,"comment_status":"closed","ping_status":"closed","template":"","meta":{"footnotes":""},"class_list":["post-12683","page","type-page","status-publish","hentry"],"yoast_head":"<!-- This site is optimized with the Yoast SEO Premium plugin v26.9 (Yoast SEO v27.2) - https:\/\/yoast.com\/product\/yoast-seo-premium-wordpress\/ -->\n<title>Medicina est\u00e8tica Prepart - Cl\u00ednica C\u00e0nons | Cirurgia i Medicina Estetica a Barcelona, \u200b\u200bGranollers<\/title>\n<meta name=\"robots\" content=\"index, follow, max-snippet:-1, max-image-preview:large, max-video-preview:-1\" \/>\n<link rel=\"canonical\" href=\"https:\/\/www.canons.es\/medicina-estetica-corporal-2\/medicina-estetica-preparto\/\" \/>\n<meta property=\"og:locale\" content=\"ca_ES\" \/>\n<meta property=\"og:type\" content=\"article\" \/>\n<meta property=\"og:title\" content=\"Medicina est\u00e8tica Prepart\" \/>\n<meta property=\"og:description\" content=\"[vc_row css_animation=&#8221;&#8221; row_type=&#8221;row&#8221; use_row_as_full_screen_section=&#8221;no&#8221; type=&#8221;full_width&#8221; angled_section=&#8221;no&#8221; text_align=&#8221;left&#8221; background_image_as_pattern=&#8221;without_pattern&#8221; background_color=&#8221;#f9f9f9&#8243;][vc_column][vc_empty_space height=&#8221;20px&#8221;][vc_empty_space height=&#8221;40px&#8221;][vc_row_inner row_type=&#8221;row&#8221; type=&#8221;full_width&#8221; text_align=&#8221;left&#8221; css_animation=&#8221;&#8221;][vc_column_inner width=&#8221;1\/2&#8243;][vc_single_image image=&#8221;12709&#8243; img_size=&#8221;full&#8221; alignment=&#8221;center&#8221; qode_css_animation=&#8221;&#8221;][vc_empty_space height=&#8221;40px&#8221;][\/vc_column_inner][vc_column_inner width=&#8221;1\/2&#8243;][vc_column_text] A mesura que van passant els mesos d&#8217;embar\u00e0s la zona abdominal es va distenent per permetre el creixement del beb\u00e8. La musculatura abdominal...\" \/>\n<meta property=\"og:url\" content=\"https:\/\/www.canons.es\/medicina-estetica-corporal-2\/medicina-estetica-preparto\/\" \/>\n<meta property=\"og:site_name\" content=\"Cl\u00ednica C\u00e0nons | Cirurgia i Medicina Estetica a Barcelona, \u200b\u200bGranollers\" \/>\n<meta property=\"article:publisher\" content=\"https:\/\/www.facebook.com\/canonsclinics\/\" \/>\n<meta property=\"article:modified_time\" content=\"2019-12-12T11:08:34+00:00\" \/>\n<meta name=\"twitter:card\" content=\"summary_large_image\" \/>\n<meta name=\"twitter:site\" content=\"@canonsclinics\" \/>\n<meta name=\"twitter:label1\" content=\"Temps estimat de lectura\" \/>\n\t<meta name=\"twitter:data1\" content=\"3 minuts\" \/>\n<script type=\"application\/ld+json\" class=\"yoast-schema-graph\">{\"@context\":\"https:\/\/schema.org\",\"@graph\":[{\"@type\":\"WebPage\",\"@id\":\"https:\/\/www.canons.es\/medicina-estetica-corporal-2\/medicina-estetica-preparto\/\",\"url\":\"https:\/\/www.canons.es\/medicina-estetica-corporal-2\/medicina-estetica-preparto\/\",\"name\":\"Medicina est\u00e8tica Prepart - Cl\u00ednica C\u00e0nons | Cirurgia i Medicina Estetica a Barcelona, \u200b\u200bGranollers\",\"isPartOf\":{\"@id\":\"https:\/\/www.canons.es\/#website\"},\"datePublished\":\"2017-05-15T07:58:09+00:00\",\"dateModified\":\"2019-12-12T11:08:34+00:00\",\"breadcrumb\":{\"@id\":\"https:\/\/www.canons.es\/medicina-estetica-corporal-2\/medicina-estetica-preparto\/#breadcrumb\"},\"inLanguage\":\"ca\",\"potentialAction\":[{\"@type\":\"ReadAction\",\"target\":[\"https:\/\/www.canons.es\/medicina-estetica-corporal-2\/medicina-estetica-preparto\/\"]}]},{\"@type\":\"BreadcrumbList\",\"@id\":\"https:\/\/www.canons.es\/medicina-estetica-corporal-2\/medicina-estetica-preparto\/#breadcrumb\",\"itemListElement\":[{\"@type\":\"ListItem\",\"position\":1,\"name\":\"Portada\",\"item\":\"https:\/\/www.canons.es\/ca\/\"},{\"@type\":\"ListItem\",\"position\":2,\"name\":\"MEDICINA EST\u00c9TICA CORPORAL\",\"item\":\"https:\/\/www.canons.es\/ca\/medicina-estetica-corporal\/\"},{\"@type\":\"ListItem\",\"position\":3,\"name\":\"Medicina est\u00e8tica Prepart\"}]},{\"@type\":\"WebSite\",\"@id\":\"https:\/\/www.canons.es\/#website\",\"url\":\"https:\/\/www.canons.es\/\",\"name\":\"Cirug\u00eda Pl\u00e1stica y Est\u00e9tica Barcelona y Granollers | C\u00e0nons Clinics\",\"description\":\"\",\"publisher\":{\"@id\":\"https:\/\/www.canons.es\/#organization\"},\"potentialAction\":[{\"@type\":\"SearchAction\",\"target\":{\"@type\":\"EntryPoint\",\"urlTemplate\":\"https:\/\/www.canons.es\/?s={search_term_string}\"},\"query-input\":{\"@type\":\"PropertyValueSpecification\",\"valueRequired\":true,\"valueName\":\"search_term_string\"}}],\"inLanguage\":\"ca\"},{\"@type\":\"Organization\",\"@id\":\"https:\/\/www.canons.es\/#organization\",\"name\":\"Cirug\u00eda Pl\u00e1stica y Est\u00e9tica Barcelona y Granollers | C\u00e0nons Clinics\",\"url\":\"https:\/\/www.canons.es\/\",\"logo\":{\"@type\":\"ImageObject\",\"inLanguage\":\"ca\",\"@id\":\"https:\/\/www.canons.es\/#\/schema\/logo\/image\/\",\"url\":\"https:\/\/www.canons.es\/wp-content\/uploads\/2025\/04\/logo-canons-clinics.jpg\",\"contentUrl\":\"https:\/\/www.canons.es\/wp-content\/uploads\/2025\/04\/logo-canons-clinics.jpg\",\"width\":600,\"height\":139,\"caption\":\"Cirug\u00eda Pl\u00e1stica y Est\u00e9tica Barcelona y Granollers | C\u00e0nons Clinics\"},\"image\":{\"@id\":\"https:\/\/www.canons.es\/#\/schema\/logo\/image\/\"},\"sameAs\":[\"https:\/\/www.facebook.com\/canonsclinics\/\",\"https:\/\/x.com\/canonsclinics\",\"https:\/\/www.instagram.com\/canonsclinics\/\",\"https:\/\/www.youtube.com\/channel\/UCI1Ia6LjALyo1CuQ0_HwtfQ\",\"https:\/\/www.linkedin.com\/company\/canons-clinics\/\"]}]}<\/script>\n<!-- \/ Yoast SEO Premium plugin. -->","yoast_head_json":{"title":"Medicina est\u00e8tica Prepart - Cl\u00ednica C\u00e0nons | Cirurgia i Medicina Estetica a Barcelona, \u200b\u200bGranollers","robots":{"index":"index","follow":"follow","max-snippet":"max-snippet:-1","max-image-preview":"max-image-preview:large","max-video-preview":"max-video-preview:-1"},"canonical":"https:\/\/www.canons.es\/medicina-estetica-corporal-2\/medicina-estetica-preparto\/","og_locale":"ca_ES","og_type":"article","og_title":"Medicina est\u00e8tica Prepart","og_description":"[vc_row css_animation=&#8221;&#8221; row_type=&#8221;row&#8221; use_row_as_full_screen_section=&#8221;no&#8221; type=&#8221;full_width&#8221; angled_section=&#8221;no&#8221; text_align=&#8221;left&#8221; background_image_as_pattern=&#8221;without_pattern&#8221; background_color=&#8221;#f9f9f9&#8243;][vc_column][vc_empty_space height=&#8221;20px&#8221;][vc_empty_space height=&#8221;40px&#8221;][vc_row_inner row_type=&#8221;row&#8221; type=&#8221;full_width&#8221; text_align=&#8221;left&#8221; css_animation=&#8221;&#8221;][vc_column_inner width=&#8221;1\/2&#8243;][vc_single_image image=&#8221;12709&#8243; img_size=&#8221;full&#8221; alignment=&#8221;center&#8221; qode_css_animation=&#8221;&#8221;][vc_empty_space height=&#8221;40px&#8221;][\/vc_column_inner][vc_column_inner width=&#8221;1\/2&#8243;][vc_column_text] A mesura que van passant els mesos d&#8217;embar\u00e0s la zona abdominal es va distenent per permetre el creixement del beb\u00e8. La musculatura abdominal...","og_url":"https:\/\/www.canons.es\/medicina-estetica-corporal-2\/medicina-estetica-preparto\/","og_site_name":"Cl\u00ednica C\u00e0nons | Cirurgia i Medicina Estetica a Barcelona, \u200b\u200bGranollers","article_publisher":"https:\/\/www.facebook.com\/canonsclinics\/","article_modified_time":"2019-12-12T11:08:34+00:00","twitter_card":"summary_large_image","twitter_site":"@canonsclinics","twitter_misc":{"Temps estimat de lectura":"3 minuts"},"schema":{"@context":"https:\/\/schema.org","@graph":[{"@type":"WebPage","@id":"https:\/\/www.canons.es\/medicina-estetica-corporal-2\/medicina-estetica-preparto\/","url":"https:\/\/www.canons.es\/medicina-estetica-corporal-2\/medicina-estetica-preparto\/","name":"Medicina est\u00e8tica Prepart - Cl\u00ednica C\u00e0nons | Cirurgia i Medicina Estetica a Barcelona, \u200b\u200bGranollers","isPartOf":{"@id":"https:\/\/www.canons.es\/#website"},"datePublished":"2017-05-15T07:58:09+00:00","dateModified":"2019-12-12T11:08:34+00:00","breadcrumb":{"@id":"https:\/\/www.canons.es\/medicina-estetica-corporal-2\/medicina-estetica-preparto\/#breadcrumb"},"inLanguage":"ca","potentialAction":[{"@type":"ReadAction","target":["https:\/\/www.canons.es\/medicina-estetica-corporal-2\/medicina-estetica-preparto\/"]}]},{"@type":"BreadcrumbList","@id":"https:\/\/www.canons.es\/medicina-estetica-corporal-2\/medicina-estetica-preparto\/#breadcrumb","itemListElement":[{"@type":"ListItem","position":1,"name":"Portada","item":"https:\/\/www.canons.es\/ca\/"},{"@type":"ListItem","position":2,"name":"MEDICINA EST\u00c9TICA CORPORAL","item":"https:\/\/www.canons.es\/ca\/medicina-estetica-corporal\/"},{"@type":"ListItem","position":3,"name":"Medicina est\u00e8tica Prepart"}]},{"@type":"WebSite","@id":"https:\/\/www.canons.es\/#website","url":"https:\/\/www.canons.es\/","name":"Cirug\u00eda Pl\u00e1stica y Est\u00e9tica Barcelona y Granollers | C\u00e0nons Clinics","description":"","publisher":{"@id":"https:\/\/www.canons.es\/#organization"},"potentialAction":[{"@type":"SearchAction","target":{"@type":"EntryPoint","urlTemplate":"https:\/\/www.canons.es\/?s={search_term_string}"},"query-input":{"@type":"PropertyValueSpecification","valueRequired":true,"valueName":"search_term_string"}}],"inLanguage":"ca"},{"@type":"Organization","@id":"https:\/\/www.canons.es\/#organization","name":"Cirug\u00eda Pl\u00e1stica y Est\u00e9tica Barcelona y Granollers | C\u00e0nons Clinics","url":"https:\/\/www.canons.es\/","logo":{"@type":"ImageObject","inLanguage":"ca","@id":"https:\/\/www.canons.es\/#\/schema\/logo\/image\/","url":"https:\/\/www.canons.es\/wp-content\/uploads\/2025\/04\/logo-canons-clinics.jpg","contentUrl":"https:\/\/www.canons.es\/wp-content\/uploads\/2025\/04\/logo-canons-clinics.jpg","width":600,"height":139,"caption":"Cirug\u00eda Pl\u00e1stica y Est\u00e9tica Barcelona y Granollers | C\u00e0nons Clinics"},"image":{"@id":"https:\/\/www.canons.es\/#\/schema\/logo\/image\/"},"sameAs":["https:\/\/www.facebook.com\/canonsclinics\/","https:\/\/x.com\/canonsclinics","https:\/\/www.instagram.com\/canonsclinics\/","https:\/\/www.youtube.com\/channel\/UCI1Ia6LjALyo1CuQ0_HwtfQ","https:\/\/www.linkedin.com\/company\/canons-clinics\/"]}]}},"_links":{"self":[{"href":"https:\/\/www.canons.es\/ca\/wp-json\/wp\/v2\/pages\/12683","targetHints":{"allow":["GET"]}}],"collection":[{"href":"https:\/\/www.canons.es\/ca\/wp-json\/wp\/v2\/pages"}],"about":[{"href":"https:\/\/www.canons.es\/ca\/wp-json\/wp\/v2\/types\/page"}],"author":[{"embeddable":true,"href":"https:\/\/www.canons.es\/ca\/wp-json\/wp\/v2\/users\/25"}],"replies":[{"embeddable":true,"href":"https:\/\/www.canons.es\/ca\/wp-json\/wp\/v2\/comments?post=12683"}],"version-history":[{"count":0,"href":"https:\/\/www.canons.es\/ca\/wp-json\/wp\/v2\/pages\/12683\/revisions"}],"up":[{"embeddable":true,"href":"https:\/\/www.canons.es\/ca\/wp-json\/wp\/v2\/pages\/9584"}],"wp:attachment":[{"href":"https:\/\/www.canons.es\/ca\/wp-json\/wp\/v2\/media?parent=12683"}],"curies":[{"name":"wp","href":"https:\/\/api.w.org\/{rel}","templated":true}]}}