{"id":12502,"date":"2017-02-28T11:20:00","date_gmt":"2017-02-28T11:20:00","guid":{"rendered":"https:\/\/www.canons.es\/ca\/relleno-labios-mayores\/"},"modified":"2017-02-28T12:47:20","modified_gmt":"2017-02-28T12:47:20","slug":"relleno-labios-mayores","status":"publish","type":"page","link":"https:\/\/www.canons.es\/ca\/cirurgia-intima-femenina\/relleno-labios-mayores\/","title":{"rendered":"Augment de llavis majors"},"content":{"rendered":"<div class=\"wpb-content-wrapper\"><p>[vc_row background_color=&#8221;#f9f9f9&#8243;][vc_column][vc_empty_space height=&#8221;40px&#8221;][vc_row_inner][vc_column_inner width=&#8221;1\/2&#8243;][vc_single_image image=&#8221;12485&#8243; img_link_large=&#8221;&#8221;][\/vc_column_inner][vc_column_inner width=&#8221;1\/2&#8243;][vc_column_text]<\/p>\n<p style=\"text-align: justify;\">El pas del temps, una falta de col\u00b7l\u00e0gen o una p\u00e8rdua de pes accentuada poden potenciar la reducci\u00f3 i flaccidesa dels llavis majors. A trav\u00e9s d&#8217;una injecci\u00f3 de greix obtingut d&#8217;una altra zona del cos podem <strong>recuperar la textura i la funcionalitat original de la zona vaginal.<\/strong><\/p>\n<p>[\/vc_column_text][\/vc_column_inner][\/vc_row_inner][\/vc_column][\/vc_row][vc_row section_type=&#8221;full-width&#8221;][vc_column][vc_empty_space][vc_accordion][vc_accordion_tab title=&#8221;En qu\u00e8 consisteix?&#8221;][vc_column_text]<\/p>\n<p style=\"text-align: justify;\">La <strong>zona vaginal es rejoveneix a trav\u00e9s d&#8217;una injecci\u00f3 de greix obtingut d&#8217;una altra zona del cos mitjan\u00e7ant la t\u00e8cnica del lipofilling.<\/strong><\/p>\n<p>Mitjan\u00e7ant unes fines c\u00e0nul\u00b7les de liposucci\u00f3 s&#8217;extreu greix d&#8217;altres \u00e0rees (en la seva majoria de la zona de l&#8217;abdomen), es purifica, prepara i s&#8217;injecta als Llavis Majors, augmentant aix\u00ed la seva turg\u00e8ncia i aspecte rejovenit.<\/p>\n<p>L&#8217;operaci\u00f3 t\u00e9 una durada de 60 minuts i el proc\u00e9s es realitza mitjan\u00e7ant anest\u00e8sia local.<\/p>\n<p>Una altra forma d&#8217;augmentar el volum dels llavis vaginals \u00e9s amb el farciment d&#8217;\u00e0cid hialur\u00f3nico, una subst\u00e0ncia biocompatible sense cap tipus d&#8217;efecte secundari. En aquest cas, la infiltraci\u00f3 es realitza en un quir\u00f2fan, sota una lleugera sedaci\u00f3. El proc\u00e9s dura entre 15-20 minuts.<\/p>\n<p>Els antecedents cl\u00ednics de cada pacient, aix\u00ed com el seu estat f\u00edsic, determinaran la decisi\u00f3 del cirurgi\u00e0 d&#8217;utilitzar un o un altre m\u00e8tode d&#8217;augment dels llavis majors.<\/p>\n<p>Es tracta d&#8217;un procediment <strong>indicat per a dones que amb el pas del temps i la p\u00e8rdua de col\u00b7l\u00e0gen i teixit han patit\u00a0una reducci\u00f3 i despenjament dels llavis majors de la vagina.<\/strong><\/p>\n<p>Les p\u00e8rdues de pes tamb\u00e9 poden potenciar la flaccidesa de la zona.<\/p>\n<p>Amb aquest tractament aconseguim que la zona vaginal recuperi la seva textura i funcionalitat original.<\/p>\n<p>[\/vc_column_text][\/vc_accordion_tab][vc_accordion_tab title=&#8221;Com seran els resultats? &#8220;][vc_column_text]En el cas de l&#8217;augment amb greix corporal, <strong>els resultats es mantenen entre 4 i 6 mesos aproximadament<\/strong>, a causa de la reabsorci\u00f3n natural del greix. Si el farciment es realitza amb \u00e0cid hialur\u00f2nic, <strong>els efectes poden allargar-se fins als\u00a012 mesos.<\/strong>[\/vc_column_text][\/vc_accordion_tab][vc_accordion_tab title=&#8221;Com ser\u00e0 la tornada a la normalitat?&#8221;][vc_column_text]<\/p>\n<p style=\"text-align: justify;\"><strong>En 1-2 hores ja podr\u00e0s reincorporar-te al teu ritme de vida habitual<\/strong>. Podr\u00e0s reprendre la teva vida sexual a les dues setmanes del procediment quir\u00fargic.<\/p>\n<p>[\/vc_column_text][\/vc_accordion_tab][\/vc_accordion][\/vc_column][\/vc_row]<\/p>\n<\/div><!-- AddThis Advanced Settings generic via filter on the_content --><!-- AddThis Share Buttons generic via filter on the_content -->","protected":false},"excerpt":{"rendered":"<p>[vc_row background_color=&#8221;#f9f9f9&#8243;][vc_column][vc_empty_space height=&#8221;40px&#8221;][vc_row_inner][vc_column_inner width=&#8221;1\/2&#8243;][vc_single_image image=&#8221;12485&#8243; img_link_large=&#8221;&#8221;][\/vc_column_inner][vc_column_inner width=&#8221;1\/2&#8243;][vc_column_text] El pas del temps, una falta de col\u00b7l\u00e0gen o una p\u00e8rdua de pes accentuada poden potenciar la reducci\u00f3 i flaccidesa dels llavis majors. A trav\u00e9s d&#8217;una injecci\u00f3 de greix obtingut d&#8217;una altra zona del cos podem recuperar la&#8230;<!-- AddThis Advanced Settings generic via filter on get_the_excerpt --><!-- AddThis Share Buttons generic via filter on get_the_excerpt --><\/p>\n","protected":false},"author":25,"featured_media":0,"parent":10019,"menu_order":0,"comment_status":"closed","ping_status":"closed","template":"","meta":{"footnotes":""},"class_list":["post-12502","page","type-page","status-publish","hentry"],"yoast_head":"<!-- This site is optimized with the Yoast SEO Premium plugin v26.9 (Yoast SEO v27.4) - https:\/\/yoast.com\/product\/yoast-seo-premium-wordpress\/ -->\n<title>Augment de llavis majors - Cl\u00ednica C\u00e0nons | Cirurgia i Medicina Estetica a Barcelona, \u200b\u200bGranollers<\/title>\n<meta name=\"robots\" content=\"index, follow, max-snippet:-1, max-image-preview:large, max-video-preview:-1\" \/>\n<link rel=\"canonical\" href=\"https:\/\/www.canons.es\/cirugia-intima-femenina\/relleno-labios-mayores\/\" \/>\n<meta property=\"og:locale\" content=\"ca_ES\" \/>\n<meta property=\"og:type\" content=\"article\" \/>\n<meta property=\"og:title\" content=\"Augment de llavis majors\" \/>\n<meta property=\"og:description\" content=\"[vc_row background_color=&#8221;#f9f9f9&#8243;][vc_column][vc_empty_space height=&#8221;40px&#8221;][vc_row_inner][vc_column_inner width=&#8221;1\/2&#8243;][vc_single_image image=&#8221;12485&#8243; img_link_large=&#8221;&#8221;][\/vc_column_inner][vc_column_inner width=&#8221;1\/2&#8243;][vc_column_text] El pas del temps, una falta de col\u00b7l\u00e0gen o una p\u00e8rdua de pes accentuada poden potenciar la reducci\u00f3 i flaccidesa dels llavis majors. A trav\u00e9s d&#8217;una injecci\u00f3 de greix obtingut d&#8217;una altra zona del cos podem recuperar la...\" \/>\n<meta property=\"og:url\" content=\"https:\/\/www.canons.es\/cirugia-intima-femenina\/relleno-labios-mayores\/\" \/>\n<meta property=\"og:site_name\" content=\"Cl\u00ednica C\u00e0nons | Cirurgia i Medicina Estetica a Barcelona, \u200b\u200bGranollers\" \/>\n<meta property=\"article:publisher\" content=\"https:\/\/www.facebook.com\/canonsclinics\/\" \/>\n<meta property=\"article:modified_time\" content=\"2017-02-28T12:47:20+00:00\" \/>\n<meta name=\"twitter:card\" content=\"summary_large_image\" \/>\n<meta name=\"twitter:site\" content=\"@canonsclinics\" \/>\n<meta name=\"twitter:label1\" content=\"Temps estimat de lectura\" \/>\n\t<meta name=\"twitter:data1\" content=\"2 minuts\" \/>\n<script type=\"application\/ld+json\" class=\"yoast-schema-graph\">{\"@context\":\"https:\\\/\\\/schema.org\",\"@graph\":[{\"@type\":\"WebPage\",\"@id\":\"https:\\\/\\\/www.canons.es\\\/cirugia-intima-femenina\\\/relleno-labios-mayores\\\/\",\"url\":\"https:\\\/\\\/www.canons.es\\\/cirugia-intima-femenina\\\/relleno-labios-mayores\\\/\",\"name\":\"Augment de llavis majors - Cl\u00ednica C\u00e0nons | Cirurgia i Medicina Estetica a Barcelona, \u200b\u200bGranollers\",\"isPartOf\":{\"@id\":\"https:\\\/\\\/www.canons.es\\\/#website\"},\"datePublished\":\"2017-02-28T11:20:00+00:00\",\"dateModified\":\"2017-02-28T12:47:20+00:00\",\"breadcrumb\":{\"@id\":\"https:\\\/\\\/www.canons.es\\\/cirugia-intima-femenina\\\/relleno-labios-mayores\\\/#breadcrumb\"},\"inLanguage\":\"ca\",\"potentialAction\":[{\"@type\":\"ReadAction\",\"target\":[\"https:\\\/\\\/www.canons.es\\\/cirugia-intima-femenina\\\/relleno-labios-mayores\\\/\"]}]},{\"@type\":\"BreadcrumbList\",\"@id\":\"https:\\\/\\\/www.canons.es\\\/cirugia-intima-femenina\\\/relleno-labios-mayores\\\/#breadcrumb\",\"itemListElement\":[{\"@type\":\"ListItem\",\"position\":1,\"name\":\"Portada\",\"item\":\"https:\\\/\\\/www.canons.es\\\/ca\\\/\"},{\"@type\":\"ListItem\",\"position\":2,\"name\":\"CIRURGIA PL\u00c0STICA \u00cdNTIMA FEMENINA\",\"item\":\"https:\\\/\\\/www.canons.es\\\/ca\\\/cirurgia-intima-femenina\\\/\"},{\"@type\":\"ListItem\",\"position\":3,\"name\":\"Augment de llavis majors\"}]},{\"@type\":\"WebSite\",\"@id\":\"https:\\\/\\\/www.canons.es\\\/#website\",\"url\":\"https:\\\/\\\/www.canons.es\\\/\",\"name\":\"Cirug\u00eda Pl\u00e1stica y Est\u00e9tica Barcelona y Granollers | C\u00e0nons Clinics\",\"description\":\"\",\"publisher\":{\"@id\":\"https:\\\/\\\/www.canons.es\\\/#organization\"},\"potentialAction\":[{\"@type\":\"SearchAction\",\"target\":{\"@type\":\"EntryPoint\",\"urlTemplate\":\"https:\\\/\\\/www.canons.es\\\/?s={search_term_string}\"},\"query-input\":{\"@type\":\"PropertyValueSpecification\",\"valueRequired\":true,\"valueName\":\"search_term_string\"}}],\"inLanguage\":\"ca\"},{\"@type\":\"Organization\",\"@id\":\"https:\\\/\\\/www.canons.es\\\/#organization\",\"name\":\"Cirug\u00eda Pl\u00e1stica y Est\u00e9tica Barcelona y Granollers | C\u00e0nons Clinics\",\"url\":\"https:\\\/\\\/www.canons.es\\\/\",\"logo\":{\"@type\":\"ImageObject\",\"inLanguage\":\"ca\",\"@id\":\"https:\\\/\\\/www.canons.es\\\/#\\\/schema\\\/logo\\\/image\\\/\",\"url\":\"https:\\\/\\\/www.canons.es\\\/wp-content\\\/uploads\\\/2025\\\/04\\\/logo-canons-clinics.jpg\",\"contentUrl\":\"https:\\\/\\\/www.canons.es\\\/wp-content\\\/uploads\\\/2025\\\/04\\\/logo-canons-clinics.jpg\",\"width\":600,\"height\":139,\"caption\":\"Cirug\u00eda Pl\u00e1stica y Est\u00e9tica Barcelona y Granollers | C\u00e0nons Clinics\"},\"image\":{\"@id\":\"https:\\\/\\\/www.canons.es\\\/#\\\/schema\\\/logo\\\/image\\\/\"},\"sameAs\":[\"https:\\\/\\\/www.facebook.com\\\/canonsclinics\\\/\",\"https:\\\/\\\/x.com\\\/canonsclinics\",\"https:\\\/\\\/www.instagram.com\\\/canonsclinics\\\/\",\"https:\\\/\\\/www.youtube.com\\\/channel\\\/UCI1Ia6LjALyo1CuQ0_HwtfQ\",\"https:\\\/\\\/www.linkedin.com\\\/company\\\/canons-clinics\\\/\"]}]}<\/script>\n<!-- \/ Yoast SEO Premium plugin. -->","yoast_head_json":{"title":"Augment de llavis majors - Cl\u00ednica C\u00e0nons | Cirurgia i Medicina Estetica a Barcelona, \u200b\u200bGranollers","robots":{"index":"index","follow":"follow","max-snippet":"max-snippet:-1","max-image-preview":"max-image-preview:large","max-video-preview":"max-video-preview:-1"},"canonical":"https:\/\/www.canons.es\/cirugia-intima-femenina\/relleno-labios-mayores\/","og_locale":"ca_ES","og_type":"article","og_title":"Augment de llavis majors","og_description":"[vc_row background_color=&#8221;#f9f9f9&#8243;][vc_column][vc_empty_space height=&#8221;40px&#8221;][vc_row_inner][vc_column_inner width=&#8221;1\/2&#8243;][vc_single_image image=&#8221;12485&#8243; img_link_large=&#8221;&#8221;][\/vc_column_inner][vc_column_inner width=&#8221;1\/2&#8243;][vc_column_text] El pas del temps, una falta de col\u00b7l\u00e0gen o una p\u00e8rdua de pes accentuada poden potenciar la reducci\u00f3 i flaccidesa dels llavis majors. A trav\u00e9s d&#8217;una injecci\u00f3 de greix obtingut d&#8217;una altra zona del cos podem recuperar la...","og_url":"https:\/\/www.canons.es\/cirugia-intima-femenina\/relleno-labios-mayores\/","og_site_name":"Cl\u00ednica C\u00e0nons | Cirurgia i Medicina Estetica a Barcelona, \u200b\u200bGranollers","article_publisher":"https:\/\/www.facebook.com\/canonsclinics\/","article_modified_time":"2017-02-28T12:47:20+00:00","twitter_card":"summary_large_image","twitter_site":"@canonsclinics","twitter_misc":{"Temps estimat de lectura":"2 minuts"},"schema":{"@context":"https:\/\/schema.org","@graph":[{"@type":"WebPage","@id":"https:\/\/www.canons.es\/cirugia-intima-femenina\/relleno-labios-mayores\/","url":"https:\/\/www.canons.es\/cirugia-intima-femenina\/relleno-labios-mayores\/","name":"Augment de llavis majors - Cl\u00ednica C\u00e0nons | Cirurgia i Medicina Estetica a Barcelona, \u200b\u200bGranollers","isPartOf":{"@id":"https:\/\/www.canons.es\/#website"},"datePublished":"2017-02-28T11:20:00+00:00","dateModified":"2017-02-28T12:47:20+00:00","breadcrumb":{"@id":"https:\/\/www.canons.es\/cirugia-intima-femenina\/relleno-labios-mayores\/#breadcrumb"},"inLanguage":"ca","potentialAction":[{"@type":"ReadAction","target":["https:\/\/www.canons.es\/cirugia-intima-femenina\/relleno-labios-mayores\/"]}]},{"@type":"BreadcrumbList","@id":"https:\/\/www.canons.es\/cirugia-intima-femenina\/relleno-labios-mayores\/#breadcrumb","itemListElement":[{"@type":"ListItem","position":1,"name":"Portada","item":"https:\/\/www.canons.es\/ca\/"},{"@type":"ListItem","position":2,"name":"CIRURGIA PL\u00c0STICA \u00cdNTIMA FEMENINA","item":"https:\/\/www.canons.es\/ca\/cirurgia-intima-femenina\/"},{"@type":"ListItem","position":3,"name":"Augment de llavis majors"}]},{"@type":"WebSite","@id":"https:\/\/www.canons.es\/#website","url":"https:\/\/www.canons.es\/","name":"Cirug\u00eda Pl\u00e1stica y Est\u00e9tica Barcelona y Granollers | C\u00e0nons Clinics","description":"","publisher":{"@id":"https:\/\/www.canons.es\/#organization"},"potentialAction":[{"@type":"SearchAction","target":{"@type":"EntryPoint","urlTemplate":"https:\/\/www.canons.es\/?s={search_term_string}"},"query-input":{"@type":"PropertyValueSpecification","valueRequired":true,"valueName":"search_term_string"}}],"inLanguage":"ca"},{"@type":"Organization","@id":"https:\/\/www.canons.es\/#organization","name":"Cirug\u00eda Pl\u00e1stica y Est\u00e9tica Barcelona y Granollers | C\u00e0nons Clinics","url":"https:\/\/www.canons.es\/","logo":{"@type":"ImageObject","inLanguage":"ca","@id":"https:\/\/www.canons.es\/#\/schema\/logo\/image\/","url":"https:\/\/www.canons.es\/wp-content\/uploads\/2025\/04\/logo-canons-clinics.jpg","contentUrl":"https:\/\/www.canons.es\/wp-content\/uploads\/2025\/04\/logo-canons-clinics.jpg","width":600,"height":139,"caption":"Cirug\u00eda Pl\u00e1stica y Est\u00e9tica Barcelona y Granollers | C\u00e0nons Clinics"},"image":{"@id":"https:\/\/www.canons.es\/#\/schema\/logo\/image\/"},"sameAs":["https:\/\/www.facebook.com\/canonsclinics\/","https:\/\/x.com\/canonsclinics","https:\/\/www.instagram.com\/canonsclinics\/","https:\/\/www.youtube.com\/channel\/UCI1Ia6LjALyo1CuQ0_HwtfQ","https:\/\/www.linkedin.com\/company\/canons-clinics\/"]}]}},"_links":{"self":[{"href":"https:\/\/www.canons.es\/ca\/wp-json\/wp\/v2\/pages\/12502","targetHints":{"allow":["GET"]}}],"collection":[{"href":"https:\/\/www.canons.es\/ca\/wp-json\/wp\/v2\/pages"}],"about":[{"href":"https:\/\/www.canons.es\/ca\/wp-json\/wp\/v2\/types\/page"}],"author":[{"embeddable":true,"href":"https:\/\/www.canons.es\/ca\/wp-json\/wp\/v2\/users\/25"}],"replies":[{"embeddable":true,"href":"https:\/\/www.canons.es\/ca\/wp-json\/wp\/v2\/comments?post=12502"}],"version-history":[{"count":0,"href":"https:\/\/www.canons.es\/ca\/wp-json\/wp\/v2\/pages\/12502\/revisions"}],"up":[{"embeddable":true,"href":"https:\/\/www.canons.es\/ca\/wp-json\/wp\/v2\/pages\/10019"}],"wp:attachment":[{"href":"https:\/\/www.canons.es\/ca\/wp-json\/wp\/v2\/media?parent=12502"}],"curies":[{"name":"wp","href":"https:\/\/api.w.org\/{rel}","templated":true}]}}