{"id":12403,"date":"2017-01-27T10:48:55","date_gmt":"2017-01-27T10:48:55","guid":{"rendered":"https:\/\/www.canons.es\/ca\/trasplante-de-cejas\/"},"modified":"2019-04-09T10:58:21","modified_gmt":"2019-04-09T10:58:21","slug":"trasplante-de-cejas","status":"publish","type":"page","link":"https:\/\/www.canons.es\/ca\/trasplante-capilar-2\/trasplante-de-cejas\/","title":{"rendered":"Trasplantament de Celles"},"content":{"rendered":"<div class=\"wpb-content-wrapper\"><p>[vc_row css_animation=&#8221;&#8221; row_type=&#8221;row&#8221; use_row_as_full_screen_section=&#8221;no&#8221; type=&#8221;full_width&#8221; angled_section=&#8221;no&#8221; text_align=&#8221;left&#8221; background_image_as_pattern=&#8221;without_pattern&#8221; background_color=&#8221;#f9f9f9&#8243; section_type=&#8221;full-width&#8221;][vc_column][vc_empty_space height=&#8221;20px&#8221;]<div class=\"custom_font_holder\" style=\"font-family: Raleway; font-size: 35px; line-height: 26px; font-style: normal; font-weight: 300; color: #1e70b3; text-decoration: none; text-align: left;\">TRASPLANTAMENT DE CELLES<\/div>[vc_empty_space height=&#8221;40px&#8221;][vc_row_inner row_type=&#8221;row&#8221; type=&#8221;full_width&#8221; text_align=&#8221;left&#8221; css_animation=&#8221;&#8221;][vc_column_inner width=&#8221;1\/2&#8243;][vc_single_image image=&#8221;12336&#8243; img_size=&#8221;full&#8221; alignment=&#8221;center&#8221; qode_css_animation=&#8221;&#8221;][vc_empty_space height=&#8221;40px&#8221;][\/vc_column_inner][vc_column_inner width=&#8221;1\/2&#8243;][vc_column_text]<\/p>\n<p style=\"text-align: justify;\">Sabies que amb la t\u00e8cnica FUE\u00a0(sigles angleses de &#8220;<em>Follicular Unit Extraction<\/em>&#8221; (extracci\u00f3 d&#8217;unitat fol\u00b7licular)) tamb\u00e9 pots <strong>recuperar de forma natural el p\u00e8l\u00a0de les teves celles<\/strong>?<\/p>\n<p style=\"text-align: justify;\">\u00c9s el millor sistema actual per tornar a repoblar les teves celles i aix\u00ed potenciar l&#8217;expressivitat del teu rostre.<\/p>\n<p>[\/vc_column_text][\/vc_column_inner][\/vc_row_inner][\/vc_column][\/vc_row][vc_row css_animation=&#8221;&#8221; row_type=&#8221;row&#8221; use_row_as_full_screen_section=&#8221;no&#8221; type=&#8221;full_width&#8221; angled_section=&#8221;no&#8221; text_align=&#8221;left&#8221; background_image_as_pattern=&#8221;without_pattern&#8221; section_type=&#8221;full-width&#8221;][vc_column][vc_empty_space][vc_accordion style=&#8221;accordion&#8221;][vc_accordion_tab title=&#8221;En qu\u00e8 consisteix el Trasplantament de celles?&#8221;][vc_column_text]<\/p>\n<p style=\"text-align: justify;\">El <span style=\"color: #6d98dc;\"><strong><span style=\"color: #6d98dc;\">trasplantament<\/span> de celles<\/strong><\/span> es considera un <span style=\"color: #6d98dc;\"><strong>microtrasplante<\/strong> <\/span>a causa del nombre d&#8217;unitats fol\u00b7liculars a utilitzar que \u00e9s molt inferior al d&#8217;un trasplantament capil\u00b7lar. En el cas d&#8217;una dona solen necessitar-se de 150 a 250 unitats fol\u00b7liculars per cella, mentre que en el cas de l&#8217;home se sol arribar a les 300 unitats fol\u00b7liculars per cella. El <strong>trasplantament de celles<\/strong> es realitza amb anest\u00e8sia local i cabell a cabell per donar una total naturalitat a l&#8217;arc de la cella, extraient el p\u00e8l de la zona retrauricular (on el p\u00e8l \u00e9s m\u00e9s fi), encara que pot obtenir-se d&#8217;altres zones del cos, com dels dits dels peus.<\/p>\n<p>[\/vc_column_text][\/vc_accordion_tab][vc_accordion_tab title=&#8221;Qu\u00e8 \u00e9s una Unitat Fol\u00b7licular?&#8221;][vc_column_text]<\/p>\n<p style=\"text-align: justify;\">Una unitat fol\u00b7licular es considera una agrupaci\u00f3 de p\u00e8ls. Les <span style=\"color: #6d98dc;\"><strong>unitats fol\u00b7liculars poden estar integrades per 1,2,3,4 i 5 p\u00e8ls<\/strong><\/span>.<\/p>\n<p style=\"text-align: justify;\">El n\u00famero de cabells en el cuir cabellut \u00e9s variable entre les persones, per\u00f2 aproximadament es posseeixen entre 90.000 i 150.000 cabells (120 a 260 cabell per cm2, que correspon a 60-120 fol\u00b7licles per cm2). Les persones de cabell ros s\u00f3n les que solen posseir m\u00e9s p\u00e8ls (fins a 150.000), seguit dels castanys (fins a 115.000), els de color negre (fins a 110.000), i finalment, els p\u00e8l-rojos (fins a 90.000).<\/p>\n<p>[\/vc_column_text][\/vc_accordion_tab][vc_accordion_tab title=&#8221;\u00c9s el mateix una Unitat Fol\u00b7licular i un cabell?&#8221;][vc_column_text]<\/p>\n<p style=\"text-align: justify;\">Una<span style=\"color: #6d98dc;\"> <strong>unitat fol\u00b7licular<\/strong><\/span> pot tenir fins a 5 cabells, per tant, no podem explicar el nombre d&#8217;unitats fol\u00b7liculars com el mateix nombre de cabells.<\/p>\n<p style=\"text-align: justify;\">Com a norma general, podem dir que per a un pacient amb 80 fol\u00b7licles per cm2, li correspondrien 160 cabells per cm2, \u00e9s a dir, 1 Unitat Fol\u00b7licular = 2 cabells.<\/p>\n<p>[\/vc_column_text][\/vc_accordion_tab][vc_accordion_tab title=&#8221;El resultat ser\u00e0 natural?&#8221;][vc_column_text]<\/p>\n<p style=\"text-align: justify;\">Amb les t\u00e8cniques actuals, com la<span style=\"color: #6d98dc;\"><strong> t\u00e8cnica FUE<\/strong><\/span>, en la qual les unitats fol\u00b7liculars es trasplanten una a una, els resultats s\u00f3n totalment naturals, sent especialment acurats a la<span style=\"color: #6d98dc;\"><strong> l\u00ednia d&#8217;implantaci\u00f3 frontal<\/strong><\/span>, i evitant l&#8217;aspecte antiest\u00e8tic que podia produir-se anteriorment amb altres t\u00e8cniques com els &#8220;trossos de cabell de nina&#8221;.<\/p>\n<p>[\/vc_column_text][\/vc_accordion_tab][vc_accordion_tab title=&#8221;Pot produir-se rebuig dels cabells trasplantats?&#8221;][vc_column_text]Els cabells trasplantats s\u00f3n <span style=\"color: #6d98dc;\"><strong>sempre del mateix pacient<\/strong> <\/span>pel que no es produeix rebuig.[\/vc_column_text][\/vc_accordion_tab][vc_accordion_tab title=&#8221;Quantes unitats fol\u00b7liculars necessitar\u00e9?&#8221;][vc_column_text]<\/p>\n<p style=\"text-align: justify;\">En la <span style=\"color: #6d98dc;\"><strong>dona<\/strong> <\/span>solen necessitar-se de<span style=\"color: #6d98dc;\"><strong> 150 a 250 unitats fol\u00b7liculars per cella<\/strong><\/span>, mentre que en<span style=\"color: #6d98dc;\"><strong> l&#8217;home se sol arribar a les 300 unitats fol\u00b7liculars<\/strong><\/span> per cella.<\/p>\n<p>[\/vc_column_text][\/vc_accordion_tab][vc_accordion_tab title=&#8221;El p\u00e8l de cap pot emprar-se per repoblar altres zones corporals?&#8221;][vc_column_text]El cabell\u00a0pot utilitzar-se per repoblar altres zones de cos com la barba, les celles, el pit o el pubis.[\/vc_column_text][\/vc_accordion_tab][vc_accordion_tab title=&#8221;Quant dura el trasplantament?&#8221;][vc_column_text]La durada de la intervenci\u00f3 \u00e9s molt m\u00e9s talla que el trasplantament de cabell. Aquest tractament <span style=\"color: #6d98dc;\"><strong>pot realitzar-se en un mat\u00ed o en una tarda<\/strong><\/span>.[\/vc_column_text][\/vc_accordion_tab][vc_accordion_tab title=&#8221;El resultat \u00e9s immediat?&#8221;][vc_column_text]<\/p>\n<p style=\"text-align: justify;\">Efectivament. L&#8217;o la pacient pot reincorpor\u00e9s immediatament al seu ritme de vida habitual.<\/p>\n<p>[\/vc_column_text][\/vc_accordion_tab][vc_accordion_tab title=&#8221;Haig de tenir alguna cura despr\u00e9s del trasplantament?&#8221;][vc_column_text]<\/p>\n<p style=\"text-align: justify;\">\u00c9s vital <strong><span style=\"color: #6d98dc;\">hidratar i no friccionar<\/span><\/strong> la zona d&#8217;implantaci\u00f3 durant uns 10 dies aproximadament, ja que es troba a la seva fase m\u00e9s fr\u00e0gil. Et recomanem dormir de cap per amunt i lleugerament incorporat els 2 primers dies i no prendre ni alcohol ni anticoagulants. A partir del tercer dia, ja podr\u00e0s rentar-te el p\u00e8l de forma suau sense aplicar el doll d&#8217;aigua directament i utilitzant un sab\u00f3 suau Ph neutre. En aquests primers dies veur\u00e0s apar\u00e8ixer petites crostes, tant a la zona donant com a la zona receptora, que aniran desprenent-se per si soles.<\/p>\n<p>[\/vc_column_text][\/vc_accordion_tab][vc_accordion_tab title=&#8221;Tindr\u00e9 alguna cicatriu?&#8221;][vc_column_text]Amb la <span style=\"color: #6d98dc;\"><strong>t\u00e8cnica FUE<\/strong><\/span> no tindr\u00e0s cap cicatriu. \u00danicament tindr\u00e0s unes <span style=\"color: #6d98dc;\"><strong>petites crostes<\/strong><\/span> que cauran al cap d&#8217;uns dies.[\/vc_column_text][\/vc_accordion_tab][vc_accordion_tab title=&#8221;El p\u00e8l trasplantat \u00e9s permanent?&#8221;][vc_column_text]<\/p>\n<p style=\"text-align: justify;\">El p\u00e8l trasplantat \u00e9s un p\u00e8l que <span style=\"color: #6d98dc;\"><strong>presenta les mateixes caracter\u00edstiques que el p\u00e8l de la zona d&#8217;origen<\/strong><\/span>, per tant, es considera un p\u00e8l permanent que seguir\u00e0 la mateixa evoluci\u00f3 que en el lloc d&#8217;origen, encara que has de tenir en compte que es perd aproximadament un 10% del p\u00e8l trasplantat.<\/p>\n<p>[\/vc_column_text][\/vc_accordion_tab][vc_accordion_tab title=&#8221;Tothom pot fer-se un trasplantament de celles?&#8221;][vc_column_text]<\/p>\n<p style=\"text-align: justify;\">Desafortunadament,<span style=\"color: #6d98dc;\"> <strong>no totes les persones s\u00f3n candidates a realitzar-se un trasplantament de celles<\/strong><\/span>. \u00c9s per tant imprescindible una correcta avaluaci\u00f3 m\u00e8dica per saber amb certesa si pots o no pots realitzar-te el tractament.<\/p>\n<p>[\/vc_column_text][\/vc_accordion_tab][\/vc_accordion][\/vc_column][\/vc_row]<\/p>\n<\/div><!-- AddThis Advanced Settings generic via filter on the_content --><!-- AddThis Share Buttons generic via filter on the_content -->","protected":false},"excerpt":{"rendered":"<p>[vc_row css_animation=&#8221;&#8221; row_type=&#8221;row&#8221; use_row_as_full_screen_section=&#8221;no&#8221; type=&#8221;full_width&#8221; angled_section=&#8221;no&#8221; text_align=&#8221;left&#8221; background_image_as_pattern=&#8221;without_pattern&#8221; background_color=&#8221;#f9f9f9&#8243; section_type=&#8221;full-width&#8221;][vc_column][vc_empty_space height=&#8221;20px&#8221;][vc_empty_space height=&#8221;40px&#8221;][vc_row_inner row_type=&#8221;row&#8221; type=&#8221;full_width&#8221; text_align=&#8221;left&#8221; css_animation=&#8221;&#8221;][vc_column_inner width=&#8221;1\/2&#8243;][vc_single_image image=&#8221;12336&#8243; img_size=&#8221;full&#8221; alignment=&#8221;center&#8221; qode_css_animation=&#8221;&#8221;][vc_empty_space height=&#8221;40px&#8221;][\/vc_column_inner][vc_column_inner width=&#8221;1\/2&#8243;][vc_column_text] Sabies que amb la t\u00e8cnica FUE\u00a0(sigles angleses de &#8220;Follicular Unit Extraction&#8221; (extracci\u00f3 d&#8217;unitat fol\u00b7licular)) tamb\u00e9 pots recuperar de forma natural el p\u00e8l\u00a0de&#8230;<!-- AddThis Advanced Settings generic via filter on get_the_excerpt --><!-- AddThis Share Buttons generic via filter on get_the_excerpt --><\/p>\n","protected":false},"author":25,"featured_media":0,"parent":12417,"menu_order":0,"comment_status":"closed","ping_status":"closed","template":"","meta":{"footnotes":""},"class_list":["post-12403","page","type-page","status-publish","hentry"],"yoast_head":"<!-- This site is optimized with the Yoast SEO Premium plugin v26.9 (Yoast SEO v27.6) - https:\/\/yoast.com\/product\/yoast-seo-premium-wordpress\/ -->\n<title>Trasplantament de Celles - Cl\u00ednica C\u00e0nons | Cirurgia i Medicina Estetica a Barcelona, \u200b\u200bGranollers<\/title>\n<meta name=\"robots\" content=\"index, follow, max-snippet:-1, max-image-preview:large, max-video-preview:-1\" \/>\n<link rel=\"canonical\" href=\"https:\/\/www.canons.es\/ca\/trasplante-capilar-2\/trasplante-de-cejas\/\" \/>\n<meta property=\"og:locale\" content=\"ca_ES\" \/>\n<meta property=\"og:type\" content=\"article\" \/>\n<meta property=\"og:title\" content=\"Trasplantament de Celles\" \/>\n<meta property=\"og:description\" content=\"[vc_row css_animation=&#8221;&#8221; row_type=&#8221;row&#8221; use_row_as_full_screen_section=&#8221;no&#8221; type=&#8221;full_width&#8221; angled_section=&#8221;no&#8221; text_align=&#8221;left&#8221; background_image_as_pattern=&#8221;without_pattern&#8221; background_color=&#8221;#f9f9f9&#8243; section_type=&#8221;full-width&#8221;][vc_column][vc_empty_space height=&#8221;20px&#8221;][vc_empty_space height=&#8221;40px&#8221;][vc_row_inner row_type=&#8221;row&#8221; type=&#8221;full_width&#8221; text_align=&#8221;left&#8221; css_animation=&#8221;&#8221;][vc_column_inner width=&#8221;1\/2&#8243;][vc_single_image image=&#8221;12336&#8243; img_size=&#8221;full&#8221; alignment=&#8221;center&#8221; qode_css_animation=&#8221;&#8221;][vc_empty_space height=&#8221;40px&#8221;][\/vc_column_inner][vc_column_inner width=&#8221;1\/2&#8243;][vc_column_text] Sabies que amb la t\u00e8cnica FUE\u00a0(sigles angleses de &#8220;Follicular Unit Extraction&#8221; (extracci\u00f3 d&#8217;unitat fol\u00b7licular)) tamb\u00e9 pots recuperar de forma natural el p\u00e8l\u00a0de...\" \/>\n<meta property=\"og:url\" content=\"https:\/\/www.canons.es\/ca\/trasplante-capilar-2\/trasplante-de-cejas\/\" \/>\n<meta property=\"og:site_name\" content=\"Cl\u00ednica C\u00e0nons | Cirurgia i Medicina Estetica a Barcelona, \u200b\u200bGranollers\" \/>\n<meta property=\"article:publisher\" content=\"https:\/\/www.facebook.com\/canonsclinics\/\" \/>\n<meta property=\"article:modified_time\" content=\"2019-04-09T10:58:21+00:00\" \/>\n<meta name=\"twitter:card\" content=\"summary_large_image\" \/>\n<meta name=\"twitter:site\" content=\"@canonsclinics\" \/>\n<meta name=\"twitter:label1\" content=\"Temps estimat de lectura\" \/>\n\t<meta name=\"twitter:data1\" content=\"6 minuts\" \/>\n<script type=\"application\/ld+json\" class=\"yoast-schema-graph\">{\"@context\":\"https:\\\/\\\/schema.org\",\"@graph\":[{\"@type\":\"WebPage\",\"@id\":\"https:\\\/\\\/www.canons.es\\\/ca\\\/trasplante-capilar-2\\\/trasplante-de-cejas\\\/\",\"url\":\"https:\\\/\\\/www.canons.es\\\/ca\\\/trasplante-capilar-2\\\/trasplante-de-cejas\\\/\",\"name\":\"Trasplantament de Celles - Cl\u00ednica C\u00e0nons | Cirurgia i Medicina Estetica a Barcelona, \u200b\u200bGranollers\",\"isPartOf\":{\"@id\":\"https:\\\/\\\/www.canons.es\\\/#website\"},\"datePublished\":\"2017-01-27T10:48:55+00:00\",\"dateModified\":\"2019-04-09T10:58:21+00:00\",\"breadcrumb\":{\"@id\":\"https:\\\/\\\/www.canons.es\\\/ca\\\/trasplante-capilar-2\\\/trasplante-de-cejas\\\/#breadcrumb\"},\"inLanguage\":\"ca\",\"potentialAction\":[{\"@type\":\"ReadAction\",\"target\":[\"https:\\\/\\\/www.canons.es\\\/ca\\\/trasplante-capilar-2\\\/trasplante-de-cejas\\\/\"]}]},{\"@type\":\"BreadcrumbList\",\"@id\":\"https:\\\/\\\/www.canons.es\\\/ca\\\/trasplante-capilar-2\\\/trasplante-de-cejas\\\/#breadcrumb\",\"itemListElement\":[{\"@type\":\"ListItem\",\"position\":1,\"name\":\"Portada\",\"item\":\"https:\\\/\\\/www.canons.es\\\/ca\\\/\"},{\"@type\":\"ListItem\",\"position\":2,\"name\":\"TRASPLANT CAPIL\u00b7LAR\",\"item\":\"https:\\\/\\\/www.canons.es\\\/ca\\\/trasplante-capilar-2\\\/\"},{\"@type\":\"ListItem\",\"position\":3,\"name\":\"Trasplantament de Celles\"}]},{\"@type\":\"WebSite\",\"@id\":\"https:\\\/\\\/www.canons.es\\\/#website\",\"url\":\"https:\\\/\\\/www.canons.es\\\/\",\"name\":\"Cirug\u00eda Pl\u00e1stica y Est\u00e9tica Barcelona y Granollers | C\u00e0nons Clinics\",\"description\":\"\",\"publisher\":{\"@id\":\"https:\\\/\\\/www.canons.es\\\/#organization\"},\"potentialAction\":[{\"@type\":\"SearchAction\",\"target\":{\"@type\":\"EntryPoint\",\"urlTemplate\":\"https:\\\/\\\/www.canons.es\\\/?s={search_term_string}\"},\"query-input\":{\"@type\":\"PropertyValueSpecification\",\"valueRequired\":true,\"valueName\":\"search_term_string\"}}],\"inLanguage\":\"ca\"},{\"@type\":\"Organization\",\"@id\":\"https:\\\/\\\/www.canons.es\\\/#organization\",\"name\":\"Cirug\u00eda Pl\u00e1stica y Est\u00e9tica Barcelona y Granollers | C\u00e0nons Clinics\",\"url\":\"https:\\\/\\\/www.canons.es\\\/\",\"logo\":{\"@type\":\"ImageObject\",\"inLanguage\":\"ca\",\"@id\":\"https:\\\/\\\/www.canons.es\\\/#\\\/schema\\\/logo\\\/image\\\/\",\"url\":\"https:\\\/\\\/www.canons.es\\\/wp-content\\\/uploads\\\/2025\\\/04\\\/logo-canons-clinics.jpg\",\"contentUrl\":\"https:\\\/\\\/www.canons.es\\\/wp-content\\\/uploads\\\/2025\\\/04\\\/logo-canons-clinics.jpg\",\"width\":600,\"height\":139,\"caption\":\"Cirug\u00eda Pl\u00e1stica y Est\u00e9tica Barcelona y Granollers | C\u00e0nons Clinics\"},\"image\":{\"@id\":\"https:\\\/\\\/www.canons.es\\\/#\\\/schema\\\/logo\\\/image\\\/\"},\"sameAs\":[\"https:\\\/\\\/www.facebook.com\\\/canonsclinics\\\/\",\"https:\\\/\\\/x.com\\\/canonsclinics\",\"https:\\\/\\\/www.instagram.com\\\/canonsclinics\\\/\",\"https:\\\/\\\/www.youtube.com\\\/channel\\\/UCI1Ia6LjALyo1CuQ0_HwtfQ\",\"https:\\\/\\\/www.linkedin.com\\\/company\\\/canons-clinics\\\/\"]}]}<\/script>\n<!-- \/ Yoast SEO Premium plugin. -->","yoast_head_json":{"title":"Trasplantament de Celles - Cl\u00ednica C\u00e0nons | Cirurgia i Medicina Estetica a Barcelona, \u200b\u200bGranollers","robots":{"index":"index","follow":"follow","max-snippet":"max-snippet:-1","max-image-preview":"max-image-preview:large","max-video-preview":"max-video-preview:-1"},"canonical":"https:\/\/www.canons.es\/ca\/trasplante-capilar-2\/trasplante-de-cejas\/","og_locale":"ca_ES","og_type":"article","og_title":"Trasplantament de Celles","og_description":"[vc_row css_animation=&#8221;&#8221; row_type=&#8221;row&#8221; use_row_as_full_screen_section=&#8221;no&#8221; type=&#8221;full_width&#8221; angled_section=&#8221;no&#8221; text_align=&#8221;left&#8221; background_image_as_pattern=&#8221;without_pattern&#8221; background_color=&#8221;#f9f9f9&#8243; section_type=&#8221;full-width&#8221;][vc_column][vc_empty_space height=&#8221;20px&#8221;][vc_empty_space height=&#8221;40px&#8221;][vc_row_inner row_type=&#8221;row&#8221; type=&#8221;full_width&#8221; text_align=&#8221;left&#8221; css_animation=&#8221;&#8221;][vc_column_inner width=&#8221;1\/2&#8243;][vc_single_image image=&#8221;12336&#8243; img_size=&#8221;full&#8221; alignment=&#8221;center&#8221; qode_css_animation=&#8221;&#8221;][vc_empty_space height=&#8221;40px&#8221;][\/vc_column_inner][vc_column_inner width=&#8221;1\/2&#8243;][vc_column_text] Sabies que amb la t\u00e8cnica FUE\u00a0(sigles angleses de &#8220;Follicular Unit Extraction&#8221; (extracci\u00f3 d&#8217;unitat fol\u00b7licular)) tamb\u00e9 pots recuperar de forma natural el p\u00e8l\u00a0de...","og_url":"https:\/\/www.canons.es\/ca\/trasplante-capilar-2\/trasplante-de-cejas\/","og_site_name":"Cl\u00ednica C\u00e0nons | Cirurgia i Medicina Estetica a Barcelona, \u200b\u200bGranollers","article_publisher":"https:\/\/www.facebook.com\/canonsclinics\/","article_modified_time":"2019-04-09T10:58:21+00:00","twitter_card":"summary_large_image","twitter_site":"@canonsclinics","twitter_misc":{"Temps estimat de lectura":"6 minuts"},"schema":{"@context":"https:\/\/schema.org","@graph":[{"@type":"WebPage","@id":"https:\/\/www.canons.es\/ca\/trasplante-capilar-2\/trasplante-de-cejas\/","url":"https:\/\/www.canons.es\/ca\/trasplante-capilar-2\/trasplante-de-cejas\/","name":"Trasplantament de Celles - Cl\u00ednica C\u00e0nons | Cirurgia i Medicina Estetica a Barcelona, \u200b\u200bGranollers","isPartOf":{"@id":"https:\/\/www.canons.es\/#website"},"datePublished":"2017-01-27T10:48:55+00:00","dateModified":"2019-04-09T10:58:21+00:00","breadcrumb":{"@id":"https:\/\/www.canons.es\/ca\/trasplante-capilar-2\/trasplante-de-cejas\/#breadcrumb"},"inLanguage":"ca","potentialAction":[{"@type":"ReadAction","target":["https:\/\/www.canons.es\/ca\/trasplante-capilar-2\/trasplante-de-cejas\/"]}]},{"@type":"BreadcrumbList","@id":"https:\/\/www.canons.es\/ca\/trasplante-capilar-2\/trasplante-de-cejas\/#breadcrumb","itemListElement":[{"@type":"ListItem","position":1,"name":"Portada","item":"https:\/\/www.canons.es\/ca\/"},{"@type":"ListItem","position":2,"name":"TRASPLANT CAPIL\u00b7LAR","item":"https:\/\/www.canons.es\/ca\/trasplante-capilar-2\/"},{"@type":"ListItem","position":3,"name":"Trasplantament de Celles"}]},{"@type":"WebSite","@id":"https:\/\/www.canons.es\/#website","url":"https:\/\/www.canons.es\/","name":"Cirug\u00eda Pl\u00e1stica y Est\u00e9tica Barcelona y Granollers | C\u00e0nons Clinics","description":"","publisher":{"@id":"https:\/\/www.canons.es\/#organization"},"potentialAction":[{"@type":"SearchAction","target":{"@type":"EntryPoint","urlTemplate":"https:\/\/www.canons.es\/?s={search_term_string}"},"query-input":{"@type":"PropertyValueSpecification","valueRequired":true,"valueName":"search_term_string"}}],"inLanguage":"ca"},{"@type":"Organization","@id":"https:\/\/www.canons.es\/#organization","name":"Cirug\u00eda Pl\u00e1stica y Est\u00e9tica Barcelona y Granollers | C\u00e0nons Clinics","url":"https:\/\/www.canons.es\/","logo":{"@type":"ImageObject","inLanguage":"ca","@id":"https:\/\/www.canons.es\/#\/schema\/logo\/image\/","url":"https:\/\/www.canons.es\/wp-content\/uploads\/2025\/04\/logo-canons-clinics.jpg","contentUrl":"https:\/\/www.canons.es\/wp-content\/uploads\/2025\/04\/logo-canons-clinics.jpg","width":600,"height":139,"caption":"Cirug\u00eda Pl\u00e1stica y Est\u00e9tica Barcelona y Granollers | C\u00e0nons Clinics"},"image":{"@id":"https:\/\/www.canons.es\/#\/schema\/logo\/image\/"},"sameAs":["https:\/\/www.facebook.com\/canonsclinics\/","https:\/\/x.com\/canonsclinics","https:\/\/www.instagram.com\/canonsclinics\/","https:\/\/www.youtube.com\/channel\/UCI1Ia6LjALyo1CuQ0_HwtfQ","https:\/\/www.linkedin.com\/company\/canons-clinics\/"]}]}},"_links":{"self":[{"href":"https:\/\/www.canons.es\/ca\/wp-json\/wp\/v2\/pages\/12403","targetHints":{"allow":["GET"]}}],"collection":[{"href":"https:\/\/www.canons.es\/ca\/wp-json\/wp\/v2\/pages"}],"about":[{"href":"https:\/\/www.canons.es\/ca\/wp-json\/wp\/v2\/types\/page"}],"author":[{"embeddable":true,"href":"https:\/\/www.canons.es\/ca\/wp-json\/wp\/v2\/users\/25"}],"replies":[{"embeddable":true,"href":"https:\/\/www.canons.es\/ca\/wp-json\/wp\/v2\/comments?post=12403"}],"version-history":[{"count":0,"href":"https:\/\/www.canons.es\/ca\/wp-json\/wp\/v2\/pages\/12403\/revisions"}],"up":[{"embeddable":true,"href":"https:\/\/www.canons.es\/ca\/wp-json\/wp\/v2\/pages\/12417"}],"wp:attachment":[{"href":"https:\/\/www.canons.es\/ca\/wp-json\/wp\/v2\/media?parent=12403"}],"curies":[{"name":"wp","href":"https:\/\/api.w.org\/{rel}","templated":true}]}}