{"id":12378,"date":"2017-01-31T16:36:27","date_gmt":"2017-01-31T16:36:27","guid":{"rendered":"https:\/\/www.canons.es\/ca\/dr-xavier-alvarez\/"},"modified":"2019-10-24T14:34:27","modified_gmt":"2019-10-24T14:34:27","slug":"dr-xavier-alvarez","status":"publish","type":"page","link":"https:\/\/www.canons.es\/ca\/equip-canons\/dr-xavier-alvarez\/","title":{"rendered":"Equipo C\u00e0nons Clinics"},"content":{"rendered":"<div class=\"wpb-content-wrapper\"><p>[vc_row css_animation=&#8221;&#8221; row_type=&#8221;row&#8221; use_row_as_full_screen_section=&#8221;no&#8221; type=&#8221;full_width&#8221; angled_section=&#8221;no&#8221; text_align=&#8221;left&#8221; background_image_as_pattern=&#8221;without_pattern&#8221;][vc_column width=&#8221;1\/2&#8243;][vc_single_image image=&#8221;12367&#8243; img_size=&#8221;full&#8221; alignment=&#8221;center&#8221; qode_css_animation=&#8221;&#8221; css_animation=&#8221;fadeInLeft&#8221;][\/vc_column][vc_column width=&#8221;1\/2&#8243;][vc_column_text]<\/p>\n<h1><span style=\"color: #6d98dc;\">Dr. Xavier \u00c1lvarez Suriaca<\/span><\/h1>\n<p>[\/vc_column_text][vc_empty_space][vc_column_text]<span style=\"color: #6d98dc;\"><strong>Inscrit al Col\u00b7legi Oficial de Metges de Barcelona n\u00ba 36.242.<\/strong><\/span><br \/>\n<span style=\"color: #6d98dc;\"><strong>Metge Especialista en Cirurgia Capil\u00b7lar.<\/strong><\/span>[\/vc_column_text][vc_empty_space][vc_column_text css=&#8221;.vc_custom_1571927631095{margin-bottom: 30px !important;}&#8221;]<\/p>\n<h4><span style=\"color: #6d98dc;\">DADES ACAD\u00c8MIQUES<\/span><\/h4>\n<p>&nbsp;<\/p>\n<ul>\n<li>Llicenciat en Medicina i Cirurgia per la Universitat de Lleida (promoci\u00f3 del 1993)<\/li>\n<li>Pr\u00e0ctiques d&#8217;\u00faltim any de la llicenciatura a\u00a0l&#8217;H\u00f4pital Purpan de Toulouse (Francia)<\/li>\n<li>M\u00e0ster en Medicina Est\u00e8tica a la Universitat de les Illes Balears (2002)<\/li>\n<li>M\u00e0ster en L\u00e0ser en Medicina i Cirurgia a la Universitat Rovira i Virgili (2004)<\/li>\n<li>M\u00e0ster en Fotomedicina: L\u00e0ser i Fototer\u00e0pia per l&#8217;Universitat Polit\u00e8cnica de Catalunya, Institut de Ci\u00e8ncies Fot\u00f2niques i Centre M\u00e8dic Teknon (2007)<\/li>\n<li>Postgrau en Diet\u00e8tica i Nutrici\u00f3 a la Universitat de Navarra (2005)<\/li>\n<li>M\u00e0ster en\u00a0Medicina i Cirurgia Capil\u00b7lar (Madrid)<\/li>\n<\/ul>\n<p>[\/vc_column_text][\/vc_column][\/vc_row][vc_row css_animation=&#8221;&#8221; row_type=&#8221;row&#8221; use_row_as_full_screen_section=&#8221;no&#8221; type=&#8221;full_width&#8221; angled_section=&#8221;no&#8221; text_align=&#8221;left&#8221; background_image_as_pattern=&#8221;without_pattern&#8221; section_type=&#8221;full-width&#8221;][vc_column][vc_empty_space][vc_accordion style=&#8221;accordion&#8221;][vc_accordion_tab title=&#8221;EXPERI\u00c8NCIA PROFESSIONAL&#8221;][vc_column_text]En els seus primers anys professionals la seva activitat va estar relacionada amb la Medicina i Cirurgia Est\u00e8tica, la Fotomedicina i la Medicina i Cirurgia Capil\u00b7lar, amb diferents c\u00e0rrecs dins dels centres m\u00e8dics en els quals ha treballat, des de metge col\u00b7laborador fins a director m\u00e8dic de servei, dels quals cal destacar el de metge adjunt en l&#8217;Institut de Fotomedicina del Centre M\u00e8dic Teknon, Barcelona (2005-2009), per dedicar-se posteriorment, de forma <strong>exclusiva<\/strong>, a la seva gran passi\u00f3; el <strong>Trasplantament Capil\u00b7lar<\/strong>.<\/p>\n<p>Gr\u00e0cies a aquesta formaci\u00f3 i a l&#8217;experi\u00e8ncia professional atresorada, el Col\u00b7legi Oficial de Metges de Barcelona li va concedir l&#8217;any 2005 el Diploma Acreditatiu de Capacitaci\u00f3 en Medicina Cosm\u00e8tica i Est\u00e8tica, sent un dels 100 primers llicenciats en medicina a aconseguir aquesta titulaci\u00f3. Actualment, exerceix la seva professi\u00f3, en dedicaci\u00f3 exclusiva a la Cirurgia Capil\u00b7lar, concretament el <strong>trasplantament capil\u00b7lar amb la t\u00e8cnica FUE.<\/strong>[\/vc_column_text][\/vc_accordion_tab][vc_accordion_tab title=&#8221;PUBLICACIONS&#8221;][vc_column_text]<\/p>\n<ul>\n<li>800 nm diode laser in the treatment of leg veins: assessment at 6 months. M. Trelles, I. Allones, X. \u00c1lvarez-Suriaca, M. V\u00e9lez, O. Trelles, R. Luna, C. Buil, S. Mordon. Journal of the American Academy of Dermatology2006; 54(2):282-289.<\/li>\n<li>Long-pulsed Nd:YAG 1064 nm in treatment of leig veins: Checkup of results at 6 months in 100 patients. Mario A. Trelles, In\u00e9s Allones, X. \u00c1lvarez-Suriaca, Mariano V\u00e9lez, Carmen Buil, Ricardo Luna, Oswaldo Trelles. Medical Laser Application 2005; 20: 255-266.<\/li>\n<li>Efficacy of nonablative laser treatment for rhytuds: A Controlled study with objective evaluation via clinical, profilometric, and computer assessment. Mario A. Trelles, MD, PhD; Jean-Luc Levy, MD; and Xavier \u00c1lvarez-Suriaca, MD. Aesthetic Surgery Journal-March\/April 2006;26:136-152.<\/li>\n<li>Intensificaci\u00f3n de la absorci\u00f3n del l\u00e1ser en tratamiento de lesiones vasculares: Radiofrecuencia (RF) y L\u00e1ser de Diodo. Xavier \u00c1lvarez-Suriaca, Mariano V\u00e9lez, Oswaldo Trelles y Mario A. Trelles. medicinaest\u00e9tica (Revista cient\u00edfica de la Sociedad Espa\u00f1ola de Medicina Est\u00e9tica)- Enero\/Marzo2007;10:46-54.<\/li>\n<li>Tratamiento l\u00e1ser de las var\u00edculas de las piernas. \u00c1lvarez-Suriaca X, Romero C, Trelles M.A. Cynosure Spain S.L; 2007, Bolet\u00edn N\u00ba7; 5-8.<\/li>\n<li>Tratamiento de var\u00edculas de las piernas con pulsos secuenciales del l\u00e1ser de colorante y de Nd:YAG. M.A. Trelles; C. Romero; X. \u00c1lvarez-Suriaca. Medicina Est\u00e9tica L\u00e1ser N\u00ba22 \/ Octubre 2008.<\/li>\n<\/ul>\n<p>[\/vc_column_text][\/vc_accordion_tab][vc_accordion_tab title=&#8221;DOC\u00c8NCIA&#8221;][vc_column_text]En altres activitats professionals, cal destacar la col\u00b7laboraci\u00f3 com a professor i director de projecte en el M\u00e0ster en Fotomedicina: L\u00e0ser i Fototerapia de Centre M\u00e8dic Teknon, Institut de Ci\u00e8ncies Fot\u00f2niques i Universitat Polit\u00e8cnica de Catalunya, en les seves dues edicions 2007 i 2008, com a professor convidat del M\u00e0ster en Periodoncia, UIC (Universitat Internacional de Catalunya) i Facultat de Ci\u00e8ncies de la Salut (2008), i com a ponent convidat en diversos congressos nacionals i internacionals, aix\u00ed com la publicaci\u00f3 de treballs en revistes cient\u00edfiques.[\/vc_column_text][\/vc_accordion_tab][vc_accordion_tab title=&#8221;CONFER\u00c8NCIES I PON\u00c8NCIES&#8221;][vc_column_text]<\/p>\n<ul>\n<li>XII Congr\u00e9s de la Societat Espanyola de L\u00e0ser M\u00e8dic-Quir\u00fargic. Marbella, 2004<\/li>\n<li>III Congr\u00e9s de la Sociedad Espanyola de Medicina Antienvejecimiento y Longevidad. Valencia, 2004<\/li>\n<li>XXI Curs Internacional Pr\u00e0ctic Intensiu L\u00e0ser en Medicina i Cirurgia. Tarragona, 2004<\/li>\n<li>XIII Congr\u00e9s de la Societat Espanyola de L\u00e0ser M\u00e8dic-Quir\u00fargic. Sevilla, 2005<\/li>\n<li>XXII Curs Internacional Pr\u00e0ctic Intensiu L\u00e0ser en Medicina i Cirurgia. Tarragona, 2005<\/li>\n<li>XXIV Curs Internacional Pr\u00e0ctic Intensiu L\u00e0ser en Medicina i Cirurgia. Tarragona, 2007<\/li>\n<\/ul>\n<p>[\/vc_column_text][\/vc_accordion_tab][\/vc_accordion][\/vc_column][\/vc_row]<\/p>\n<\/div><!-- AddThis Advanced Settings generic via filter on the_content --><!-- AddThis Share Buttons generic via filter on the_content -->","protected":false},"excerpt":{"rendered":"<p>[vc_row css_animation=&#8221;&#8221; row_type=&#8221;row&#8221; use_row_as_full_screen_section=&#8221;no&#8221; type=&#8221;full_width&#8221; angled_section=&#8221;no&#8221; text_align=&#8221;left&#8221; background_image_as_pattern=&#8221;without_pattern&#8221;][vc_column width=&#8221;1\/2&#8243;][vc_single_image image=&#8221;12367&#8243; img_size=&#8221;full&#8221; alignment=&#8221;center&#8221; qode_css_animation=&#8221;&#8221; css_animation=&#8221;fadeInLeft&#8221;][\/vc_column][vc_column width=&#8221;1\/2&#8243;][vc_column_text] Dr. Xavier \u00c1lvarez Suriaca [\/vc_column_text][vc_empty_space][vc_column_text]Inscrit al Col\u00b7legi Oficial de Metges de Barcelona n\u00ba 36.242. Metge Especialista en Cirurgia Capil\u00b7lar.[\/vc_column_text][vc_empty_space][vc_column_text css=&#8221;.vc_custom_1571927631095{margin-bottom: 30px !important;}&#8221;] DADES ACAD\u00c8MIQUES &nbsp; Llicenciat en Medicina i Cirurgia&#8230;<!-- AddThis Advanced Settings generic via filter on get_the_excerpt --><!-- AddThis Share Buttons generic via filter on get_the_excerpt --><\/p>\n","protected":false},"author":25,"featured_media":0,"parent":8967,"menu_order":0,"comment_status":"closed","ping_status":"closed","template":"","meta":{"footnotes":""},"class_list":["post-12378","page","type-page","status-publish","hentry"],"yoast_head":"<!-- This site is optimized with the Yoast SEO Premium plugin v26.9 (Yoast SEO v27.2) - https:\/\/yoast.com\/product\/yoast-seo-premium-wordpress\/ -->\n<title>Equipo C\u00e0nons Clinics - Cl\u00ednica C\u00e0nons | Cirurgia i Medicina Estetica a Barcelona, \u200b\u200bGranollers<\/title>\n<meta name=\"robots\" content=\"index, follow, max-snippet:-1, max-image-preview:large, max-video-preview:-1\" \/>\n<link rel=\"canonical\" href=\"https:\/\/www.canons.es\/equipo-canons\/dr-xavier-alvarez\/\" \/>\n<meta property=\"og:locale\" content=\"ca_ES\" \/>\n<meta property=\"og:type\" content=\"article\" \/>\n<meta property=\"og:title\" content=\"Equipo C\u00e0nons Clinics\" \/>\n<meta property=\"og:description\" content=\"[vc_row css_animation=&#8221;&#8221; row_type=&#8221;row&#8221; use_row_as_full_screen_section=&#8221;no&#8221; type=&#8221;full_width&#8221; angled_section=&#8221;no&#8221; text_align=&#8221;left&#8221; background_image_as_pattern=&#8221;without_pattern&#8221;][vc_column width=&#8221;1\/2&#8243;][vc_single_image image=&#8221;12367&#8243; img_size=&#8221;full&#8221; alignment=&#8221;center&#8221; qode_css_animation=&#8221;&#8221; css_animation=&#8221;fadeInLeft&#8221;][\/vc_column][vc_column width=&#8221;1\/2&#8243;][vc_column_text] Dr. Xavier \u00c1lvarez Suriaca [\/vc_column_text][vc_empty_space][vc_column_text]Inscrit al Col\u00b7legi Oficial de Metges de Barcelona n\u00ba 36.242. Metge Especialista en Cirurgia Capil\u00b7lar.[\/vc_column_text][vc_empty_space][vc_column_text css=&#8221;.vc_custom_1571927631095{margin-bottom: 30px !important;}&#8221;] DADES ACAD\u00c8MIQUES &nbsp; Llicenciat en Medicina i Cirurgia...\" \/>\n<meta property=\"og:url\" content=\"https:\/\/www.canons.es\/equipo-canons\/dr-xavier-alvarez\/\" \/>\n<meta property=\"og:site_name\" content=\"Cl\u00ednica C\u00e0nons | Cirurgia i Medicina Estetica a Barcelona, \u200b\u200bGranollers\" \/>\n<meta property=\"article:publisher\" content=\"https:\/\/www.facebook.com\/canonsclinics\/\" \/>\n<meta property=\"article:modified_time\" content=\"2019-10-24T14:34:27+00:00\" \/>\n<meta name=\"twitter:card\" content=\"summary_large_image\" \/>\n<meta name=\"twitter:site\" content=\"@canonsclinics\" \/>\n<meta name=\"twitter:label1\" content=\"Temps estimat de lectura\" \/>\n\t<meta name=\"twitter:data1\" content=\"4 minuts\" \/>\n<script type=\"application\/ld+json\" class=\"yoast-schema-graph\">{\"@context\":\"https:\/\/schema.org\",\"@graph\":[{\"@type\":\"WebPage\",\"@id\":\"https:\/\/www.canons.es\/equipo-canons\/dr-xavier-alvarez\/\",\"url\":\"https:\/\/www.canons.es\/equipo-canons\/dr-xavier-alvarez\/\",\"name\":\"Equipo C\u00e0nons Clinics - Cl\u00ednica C\u00e0nons | Cirurgia i Medicina Estetica a Barcelona, \u200b\u200bGranollers\",\"isPartOf\":{\"@id\":\"https:\/\/www.canons.es\/#website\"},\"datePublished\":\"2017-01-31T16:36:27+00:00\",\"dateModified\":\"2019-10-24T14:34:27+00:00\",\"breadcrumb\":{\"@id\":\"https:\/\/www.canons.es\/equipo-canons\/dr-xavier-alvarez\/#breadcrumb\"},\"inLanguage\":\"ca\",\"potentialAction\":[{\"@type\":\"ReadAction\",\"target\":[\"https:\/\/www.canons.es\/equipo-canons\/dr-xavier-alvarez\/\"]}]},{\"@type\":\"BreadcrumbList\",\"@id\":\"https:\/\/www.canons.es\/equipo-canons\/dr-xavier-alvarez\/#breadcrumb\",\"itemListElement\":[{\"@type\":\"ListItem\",\"position\":1,\"name\":\"Portada\",\"item\":\"https:\/\/www.canons.es\/ca\/\"},{\"@type\":\"ListItem\",\"position\":2,\"name\":\"EQUIP C\u00c0NONS CLINICS\",\"item\":\"https:\/\/www.canons.es\/equipo-canons\/\"},{\"@type\":\"ListItem\",\"position\":3,\"name\":\"Equipo C\u00e0nons Clinics\"}]},{\"@type\":\"WebSite\",\"@id\":\"https:\/\/www.canons.es\/#website\",\"url\":\"https:\/\/www.canons.es\/\",\"name\":\"Cirug\u00eda Pl\u00e1stica y Est\u00e9tica Barcelona y Granollers | C\u00e0nons Clinics\",\"description\":\"\",\"publisher\":{\"@id\":\"https:\/\/www.canons.es\/#organization\"},\"potentialAction\":[{\"@type\":\"SearchAction\",\"target\":{\"@type\":\"EntryPoint\",\"urlTemplate\":\"https:\/\/www.canons.es\/?s={search_term_string}\"},\"query-input\":{\"@type\":\"PropertyValueSpecification\",\"valueRequired\":true,\"valueName\":\"search_term_string\"}}],\"inLanguage\":\"ca\"},{\"@type\":\"Organization\",\"@id\":\"https:\/\/www.canons.es\/#organization\",\"name\":\"Cirug\u00eda Pl\u00e1stica y Est\u00e9tica Barcelona y Granollers | C\u00e0nons Clinics\",\"url\":\"https:\/\/www.canons.es\/\",\"logo\":{\"@type\":\"ImageObject\",\"inLanguage\":\"ca\",\"@id\":\"https:\/\/www.canons.es\/#\/schema\/logo\/image\/\",\"url\":\"https:\/\/www.canons.es\/wp-content\/uploads\/2025\/04\/logo-canons-clinics.jpg\",\"contentUrl\":\"https:\/\/www.canons.es\/wp-content\/uploads\/2025\/04\/logo-canons-clinics.jpg\",\"width\":600,\"height\":139,\"caption\":\"Cirug\u00eda Pl\u00e1stica y Est\u00e9tica Barcelona y Granollers | C\u00e0nons Clinics\"},\"image\":{\"@id\":\"https:\/\/www.canons.es\/#\/schema\/logo\/image\/\"},\"sameAs\":[\"https:\/\/www.facebook.com\/canonsclinics\/\",\"https:\/\/x.com\/canonsclinics\",\"https:\/\/www.instagram.com\/canonsclinics\/\",\"https:\/\/www.youtube.com\/channel\/UCI1Ia6LjALyo1CuQ0_HwtfQ\",\"https:\/\/www.linkedin.com\/company\/canons-clinics\/\"]}]}<\/script>\n<!-- \/ Yoast SEO Premium plugin. -->","yoast_head_json":{"title":"Equipo C\u00e0nons Clinics - Cl\u00ednica C\u00e0nons | Cirurgia i Medicina Estetica a Barcelona, \u200b\u200bGranollers","robots":{"index":"index","follow":"follow","max-snippet":"max-snippet:-1","max-image-preview":"max-image-preview:large","max-video-preview":"max-video-preview:-1"},"canonical":"https:\/\/www.canons.es\/equipo-canons\/dr-xavier-alvarez\/","og_locale":"ca_ES","og_type":"article","og_title":"Equipo C\u00e0nons Clinics","og_description":"[vc_row css_animation=&#8221;&#8221; row_type=&#8221;row&#8221; use_row_as_full_screen_section=&#8221;no&#8221; type=&#8221;full_width&#8221; angled_section=&#8221;no&#8221; text_align=&#8221;left&#8221; background_image_as_pattern=&#8221;without_pattern&#8221;][vc_column width=&#8221;1\/2&#8243;][vc_single_image image=&#8221;12367&#8243; img_size=&#8221;full&#8221; alignment=&#8221;center&#8221; qode_css_animation=&#8221;&#8221; css_animation=&#8221;fadeInLeft&#8221;][\/vc_column][vc_column width=&#8221;1\/2&#8243;][vc_column_text] Dr. Xavier \u00c1lvarez Suriaca [\/vc_column_text][vc_empty_space][vc_column_text]Inscrit al Col\u00b7legi Oficial de Metges de Barcelona n\u00ba 36.242. Metge Especialista en Cirurgia Capil\u00b7lar.[\/vc_column_text][vc_empty_space][vc_column_text css=&#8221;.vc_custom_1571927631095{margin-bottom: 30px !important;}&#8221;] DADES ACAD\u00c8MIQUES &nbsp; Llicenciat en Medicina i Cirurgia...","og_url":"https:\/\/www.canons.es\/equipo-canons\/dr-xavier-alvarez\/","og_site_name":"Cl\u00ednica C\u00e0nons | Cirurgia i Medicina Estetica a Barcelona, \u200b\u200bGranollers","article_publisher":"https:\/\/www.facebook.com\/canonsclinics\/","article_modified_time":"2019-10-24T14:34:27+00:00","twitter_card":"summary_large_image","twitter_site":"@canonsclinics","twitter_misc":{"Temps estimat de lectura":"4 minuts"},"schema":{"@context":"https:\/\/schema.org","@graph":[{"@type":"WebPage","@id":"https:\/\/www.canons.es\/equipo-canons\/dr-xavier-alvarez\/","url":"https:\/\/www.canons.es\/equipo-canons\/dr-xavier-alvarez\/","name":"Equipo C\u00e0nons Clinics - Cl\u00ednica C\u00e0nons | Cirurgia i Medicina Estetica a Barcelona, \u200b\u200bGranollers","isPartOf":{"@id":"https:\/\/www.canons.es\/#website"},"datePublished":"2017-01-31T16:36:27+00:00","dateModified":"2019-10-24T14:34:27+00:00","breadcrumb":{"@id":"https:\/\/www.canons.es\/equipo-canons\/dr-xavier-alvarez\/#breadcrumb"},"inLanguage":"ca","potentialAction":[{"@type":"ReadAction","target":["https:\/\/www.canons.es\/equipo-canons\/dr-xavier-alvarez\/"]}]},{"@type":"BreadcrumbList","@id":"https:\/\/www.canons.es\/equipo-canons\/dr-xavier-alvarez\/#breadcrumb","itemListElement":[{"@type":"ListItem","position":1,"name":"Portada","item":"https:\/\/www.canons.es\/ca\/"},{"@type":"ListItem","position":2,"name":"EQUIP C\u00c0NONS CLINICS","item":"https:\/\/www.canons.es\/equipo-canons\/"},{"@type":"ListItem","position":3,"name":"Equipo C\u00e0nons Clinics"}]},{"@type":"WebSite","@id":"https:\/\/www.canons.es\/#website","url":"https:\/\/www.canons.es\/","name":"Cirug\u00eda Pl\u00e1stica y Est\u00e9tica Barcelona y Granollers | C\u00e0nons Clinics","description":"","publisher":{"@id":"https:\/\/www.canons.es\/#organization"},"potentialAction":[{"@type":"SearchAction","target":{"@type":"EntryPoint","urlTemplate":"https:\/\/www.canons.es\/?s={search_term_string}"},"query-input":{"@type":"PropertyValueSpecification","valueRequired":true,"valueName":"search_term_string"}}],"inLanguage":"ca"},{"@type":"Organization","@id":"https:\/\/www.canons.es\/#organization","name":"Cirug\u00eda Pl\u00e1stica y Est\u00e9tica Barcelona y Granollers | C\u00e0nons Clinics","url":"https:\/\/www.canons.es\/","logo":{"@type":"ImageObject","inLanguage":"ca","@id":"https:\/\/www.canons.es\/#\/schema\/logo\/image\/","url":"https:\/\/www.canons.es\/wp-content\/uploads\/2025\/04\/logo-canons-clinics.jpg","contentUrl":"https:\/\/www.canons.es\/wp-content\/uploads\/2025\/04\/logo-canons-clinics.jpg","width":600,"height":139,"caption":"Cirug\u00eda Pl\u00e1stica y Est\u00e9tica Barcelona y Granollers | C\u00e0nons Clinics"},"image":{"@id":"https:\/\/www.canons.es\/#\/schema\/logo\/image\/"},"sameAs":["https:\/\/www.facebook.com\/canonsclinics\/","https:\/\/x.com\/canonsclinics","https:\/\/www.instagram.com\/canonsclinics\/","https:\/\/www.youtube.com\/channel\/UCI1Ia6LjALyo1CuQ0_HwtfQ","https:\/\/www.linkedin.com\/company\/canons-clinics\/"]}]}},"_links":{"self":[{"href":"https:\/\/www.canons.es\/ca\/wp-json\/wp\/v2\/pages\/12378","targetHints":{"allow":["GET"]}}],"collection":[{"href":"https:\/\/www.canons.es\/ca\/wp-json\/wp\/v2\/pages"}],"about":[{"href":"https:\/\/www.canons.es\/ca\/wp-json\/wp\/v2\/types\/page"}],"author":[{"embeddable":true,"href":"https:\/\/www.canons.es\/ca\/wp-json\/wp\/v2\/users\/25"}],"replies":[{"embeddable":true,"href":"https:\/\/www.canons.es\/ca\/wp-json\/wp\/v2\/comments?post=12378"}],"version-history":[{"count":0,"href":"https:\/\/www.canons.es\/ca\/wp-json\/wp\/v2\/pages\/12378\/revisions"}],"up":[{"embeddable":true,"href":"https:\/\/www.canons.es\/ca\/wp-json\/wp\/v2\/pages\/8967"}],"wp:attachment":[{"href":"https:\/\/www.canons.es\/ca\/wp-json\/wp\/v2\/media?parent=12378"}],"curies":[{"name":"wp","href":"https:\/\/api.w.org\/{rel}","templated":true}]}}