{"id":12166,"date":"2016-03-24T11:53:33","date_gmt":"2016-03-24T11:53:33","guid":{"rendered":"https:\/\/www.canons.es\/ca\/terapia-reafirmante-ojos-con-radiofrecuencia-thermage\/"},"modified":"2021-03-02T14:29:07","modified_gmt":"2021-03-02T14:29:07","slug":"terapia-reafirmante-ojos-con-radiofrecuencia-endymed","status":"publish","type":"page","link":"https:\/\/www.canons.es\/ca\/facial-estetica-avanzada\/terapia-reafirmante-ojos-con-radiofrecuencia-endymed\/","title":{"rendered":"Ter\u00e0pia Reafirmant Ulls amb Radiofreq\u00fc\u00e8ncia EndyMed Pro"},"content":{"rendered":"<div class=\"wpb-content-wrapper\"><p>[vc_row css_animation=&#8221;&#8221; row_type=&#8221;row&#8221; use_row_as_full_screen_section=&#8221;no&#8221; type=&#8221;full_width&#8221; angled_section=&#8221;no&#8221; text_align=&#8221;left&#8221; background_image_as_pattern=&#8221;without_pattern&#8221; background_color=&#8221;#f7f7f7&#8243; section_type=&#8221;full-width&#8221;][vc_column][vc_empty_space height=&#8221;20px&#8221;]<div class=\"custom_font_holder\" style=\"font-family: Raleway; font-size: 35px; line-height: 26px; font-style: normal; font-weight: 300; color: #1e70b3; text-decoration: none; text-align: left;\">TER\u00c0PIA REAFIRMANT ULLS AMB RADIOFREQ\u00dc\u00c8NCIA ENDYMED<\/div>[vc_empty_space height=&#8221;40px&#8221;][vc_row_inner row_type=&#8221;row&#8221; type=&#8221;full_width&#8221; text_align=&#8221;left&#8221; css_animation=&#8221;&#8221;][vc_column_inner width=&#8221;1\/2&#8243;][vc_single_image image=&#8221;17871&#8243; img_size=&#8221;500&#215;200&#8243; alignment=&#8221;center&#8221; qode_css_animation=&#8221;&#8221;][vc_empty_space height=&#8221;40px&#8221;][\/vc_column_inner][vc_column_inner width=&#8221;1\/2&#8243;][vc_column_text]<\/p>\n<p style=\"text-align: justify;\">Amb el pas dels anys els ulls van perdent expressivitat i brillantor.\u00a0Endymed Pro per a ulls <strong>rejovenir\u00e0\u00a0la teva mirada,<\/strong> allisant de manera definitiva la zona, reduint les petites arrugues d&#8217;expressi\u00f3 i les bosses de la parpella inferior, tot retornant a la teva mirada un <strong>aspecte m\u00e9s fresc i descansa<\/strong>t.<\/p>\n<p>[\/vc_column_text][\/vc_column_inner][\/vc_row_inner][\/vc_column][\/vc_row][vc_row css_animation=&#8221;&#8221; row_type=&#8221;row&#8221; use_row_as_full_screen_section=&#8221;no&#8221; type=&#8221;full_width&#8221; angled_section=&#8221;no&#8221; text_align=&#8221;left&#8221; background_image_as_pattern=&#8221;without_pattern&#8221; section_type=&#8221;full-width&#8221;][vc_column][vc_empty_space][vc_accordion style=&#8221;accordion&#8221;][vc_accordion_tab title=&#8221;Qu\u00e8 \u00e9s la radiofreq\u00fc\u00e8ncia EndyMed ulls?&#8221;][vc_column_text]<\/p>\n<p style=\"text-align: justify;\">EndyMed Pro \u00e9s un sistema que estira la pell, <span style=\"color: #6d98dc;\"><strong>millora el to i la textura<\/strong><\/span> de la zona dels ulls de forma molt natural, alhora que <span style=\"color: #6d98dc;\"><strong>redueix les bosses de les parpelles inferiors sense deixar cap marca<\/strong><\/span>. Est\u00e0 considerat com el lifting sense cirurgia, utilitza l&#8217;energia que proporciona la radiofreq\u00fc\u00e8ncia , actuant sobre el col\u00b7l\u00e0gen i estimulant la producci\u00f3 de m\u00e9s concentraci\u00f3 de col\u00b7l\u00e0gen a la zona periocular, de manera que reafirma els teixits al voltant dels ulls.<\/p>\n<p>[\/vc_column_text][vc_raw_html]JTNDdmlkZW8lMjBpZCUzRCUyMnZpZGVvLWVtYmVkLWMlMjIlMjB3aWR0aCUzRCUyMjEwMCUyNSUyMiUyMGNvbnRyb2xzJTIwcG9zdGVyJTNEJTIyJTJGd3AtY29udGVudCUyRnVwbG9hZHMlMkYyMDIxJTJGMDMlMkZlbmR5bWVkLWltZy5qcGclMjIlM0UlMEElMjAlMjAlM0Nzb3VyY2UlMjBzcmMlM0QlMjIlMkZ3cC1jb250ZW50JTJGdXBsb2FkcyUyRjIwMjElMkYwMyUyRkVuZHltZWQtQ29tcGxldGUubXA0JTIyJTIwdHlwZSUzRCUyMnZpZGVvJTJGbXA0JTIyJTNFJTBBJTIwJTIwWW91ciUyMGJyb3dzZXIlMjBkb2VzJTIwbm90JTIwc3VwcG9ydCUyMHRoZSUyMHZpZGVvJTIwdGFnLiUwQSUzQyUyRnZpZGVvJTNF[\/vc_raw_html][\/vc_accordion_tab][vc_accordion_tab title=&#8221;Com actua el l\u00e0ser EndyMed?&#8221;][vc_column_text]<\/p>\n<p style=\"text-align: justify;\">Amb el pas del temps el col\u00b7l\u00e0gen de la nostra pell disminueix, provocant l&#8217;aparici\u00f3 d&#8217;arrugues i signes de flacidesa, efectes secundaris del proc\u00e9s d&#8217;envelliment natural.<\/p>\n<p>EndyMed Pro empra una tecnologia patentada de radiofreq\u00fc\u00e8ncia que escalfa les capes profundes de la pell i <span style=\"color: #6d98dc;\"><strong>estimula el col\u00b7l\u00e0gen existent<\/strong><\/span>, creant una capa nova perqu\u00e8 la pell es recuperi.<\/p>\n<p>EndyMed Pro es postula com el millor sistema de <span style=\"color: #6d98dc;\"><strong>manteniment regeneratiu no invasiu<\/strong><\/span> de la tonicidad i compactaci\u00f3 de la pell.[\/vc_column_text][\/vc_accordion_tab][vc_accordion_tab title=&#8221;Quins resultats obtindr\u00e9?&#8221;][vc_column_text]<\/p>\n<p style=\"text-align: justify;\">Obtindr\u00e0s una mirada m\u00e9s fresca i descansada, m\u00e9s brillant,\u00a0alhora que aconseguir\u00e0s una<span style=\"color: #6d98dc;\"><strong> reafirmaci\u00f3 i redesinficaci\u00f3 de les arrugues<\/strong><\/span> i dels teixits circumdants als ulls i una pell m\u00e9s tersa en les parpelles inferiors.<\/p>\n<p>[\/vc_column_text][\/vc_accordion_tab][vc_accordion_tab title=&#8221;Quantes sessions em faran falta amb la radiofreq\u00fc\u00e8ncia EndyMed?&#8221;][vc_column_text]<\/p>\n<p style=\"text-align: justify;\">A difer\u00e8ncia d&#8217;altres tractaments, EndyMed nom\u00e9s requereix una sessi\u00f3 a l&#8217;any. Els <span style=\"color: #6d98dc;\"><strong>resultats s&#8217;aprecien de seguida<\/strong><\/span>, perllongant-se entre els <span style=\"color: #6d98dc;\"><strong>6 i 8 mesos posteriors<\/strong><\/span>, depenent de cada cas en particular.<\/p>\n<p>[\/vc_column_text][\/vc_accordion_tab][vc_accordion_tab title=&#8221;Quan podr\u00e9 comen\u00e7ar amb la ter\u00e0pia preventiva EndyMed ulls?&#8221;][vc_column_text]<\/p>\n<p style=\"text-align: justify;\">Depenent de l&#8217;estat de flacidesa de la pell dels ulls podr\u00e0s comen\u00e7ar entre els 40 i 45 anys si el facultatiu ho indica.<\/p>\n<p>[\/vc_column_text][\/vc_accordion_tab][vc_accordion_tab title=&#8221;Qu\u00e8 notar\u00e9 en la sessi\u00f3 EndyMed?&#8221;][vc_column_text]<\/p>\n<p style=\"text-align: justify;\">EndyMed Pro\u00a0\u00e9s un <span style=\"color: #6d98dc;\"><strong>tractament indolor<\/strong><\/span>. Nom\u00e9s sentir\u00e0s un lleu tret de calor sobre la pell que es contraresta gr\u00e0cies al sistema incorporat\u00a0EndyMed de refredament de la superf\u00edcie de la pell. Aquesta t\u00e8cnica l\u00e0ser manca d&#8217;efectes secundaris.<\/p>\n<p>[\/vc_column_text][\/vc_accordion_tab][vc_accordion_tab title=&#8221;Quant dura una sessi\u00f3?&#8221; icon=&#8221;&#8221;][vc_column_text]<\/p>\n<p style=\"text-align: justify;\">El tractament es realitza amb un total de <span style=\"color: #6d98dc;\"><strong>6 sessions. <\/strong><\/span>Les 4 primeres setmanals i les 2 \u00faltimes quinzenals.<\/p>\n<p>[\/vc_column_text][\/vc_accordion_tab][vc_accordion_tab title=&#8221;En quina \u00e8poca de l&#8217;any \u00e9s m\u00e9s recomanable?&#8221;][vc_column_text]<\/p>\n<p style=\"text-align: justify;\">Pot realitzar-se en qualsevol \u00e8poca de l&#8217;any, ja que l&#8217;exposici\u00f3 solar no est\u00e0 contraindicada<\/p>\n<p>[\/vc_column_text][\/vc_accordion_tab][vc_accordion_tab title=&#8221;En quins casos est\u00e0 contraindicada la Radiofreq\u00fc\u00e8ncia?&#8221;][vc_column_text]<\/p>\n<p style=\"text-align: justify;\">Est\u00e0 contraindicada en els casos d&#8217;intervenci\u00f3 cosm\u00e8tica ablativa o no ablativa en els \u00faltims 3 mesos, embar\u00e0s, lact\u00e0ncia, malaltia activa del col\u00b7l\u00e0gen com el lupus, malalties vasculars i cardiopaties, cremades a la zona a tractar, alteracions de la coagulaci\u00f3, malalties neuromusculars, malalties oncol\u00f2giques, infeccions bacterianes o virals, malalties renals o hep\u00e0tiques, implants recents de col\u00b7l\u00e0gen, tenir alguna pr\u00f2tesi met\u00e0l\u00b7lica, marcapasos o obesitat m\u00f3rbida.<\/p>\n<p>[\/vc_column_text][\/vc_accordion_tab][vc_accordion_tab title=&#8221;Puc combinar-ho amb altres ter\u00e0pies facials?&#8221;][vc_column_text]<\/p>\n<p style=\"text-align: justify;\">\u00c9s totalment <span style=\"color: #6d98dc;\"><strong>compatible<\/strong> i <strong>combinable<\/strong><\/span> amb totes les ter\u00e0pies m\u00e8diques, est\u00e8tiques i facials seguint les recomanacions pautades pels nostres metges especialistes en Medicina Est\u00e8tica.<\/p>\n<p>[\/vc_column_text][\/vc_accordion_tab][\/vc_accordion][\/vc_column][\/vc_row]<\/p>\n<\/div><!-- AddThis Advanced Settings generic via filter on the_content --><!-- AddThis Share Buttons generic via filter on the_content -->","protected":false},"excerpt":{"rendered":"<p>[vc_row css_animation=&#8221;&#8221; row_type=&#8221;row&#8221; use_row_as_full_screen_section=&#8221;no&#8221; type=&#8221;full_width&#8221; angled_section=&#8221;no&#8221; text_align=&#8221;left&#8221; background_image_as_pattern=&#8221;without_pattern&#8221; background_color=&#8221;#f7f7f7&#8243; section_type=&#8221;full-width&#8221;][vc_column][vc_empty_space height=&#8221;20px&#8221;][vc_empty_space height=&#8221;40px&#8221;][vc_row_inner row_type=&#8221;row&#8221; type=&#8221;full_width&#8221; text_align=&#8221;left&#8221; css_animation=&#8221;&#8221;][vc_column_inner width=&#8221;1\/2&#8243;][vc_single_image image=&#8221;17871&#8243; img_size=&#8221;500&#215;200&#8243; alignment=&#8221;center&#8221; qode_css_animation=&#8221;&#8221;][vc_empty_space height=&#8221;40px&#8221;][\/vc_column_inner][vc_column_inner width=&#8221;1\/2&#8243;][vc_column_text] Amb el pas dels anys els ulls van perdent expressivitat i brillantor.\u00a0Endymed Pro per a ulls rejovenir\u00e0\u00a0la teva mirada, allisant de manera&#8230;<!-- AddThis Advanced Settings generic via filter on get_the_excerpt --><!-- AddThis Share Buttons generic via filter on get_the_excerpt --><\/p>\n","protected":false},"author":25,"featured_media":0,"parent":11486,"menu_order":0,"comment_status":"closed","ping_status":"closed","template":"","meta":{"footnotes":""},"class_list":["post-12166","page","type-page","status-publish","hentry"],"yoast_head":"<!-- This site is optimized with the Yoast SEO Premium plugin v26.9 (Yoast SEO v27.2) - https:\/\/yoast.com\/product\/yoast-seo-premium-wordpress\/ -->\n<title>Ter\u00e0pia Reafirmant Ulls amb Radiofreq\u00fc\u00e8ncia EndyMed Pro - Cl\u00ednica C\u00e0nons | Cirurgia i Medicina Estetica a Barcelona, \u200b\u200bGranollers<\/title>\n<meta name=\"robots\" content=\"index, follow, max-snippet:-1, max-image-preview:large, max-video-preview:-1\" \/>\n<link rel=\"canonical\" href=\"https:\/\/www.canons.es\/facial-estetica-avanzada\/terapia-reafirmante-ojos-con-radiofrecuencia-endymed\/\" \/>\n<meta property=\"og:locale\" content=\"ca_ES\" \/>\n<meta property=\"og:type\" content=\"article\" \/>\n<meta property=\"og:title\" content=\"Ter\u00e0pia Reafirmant Ulls amb Radiofreq\u00fc\u00e8ncia EndyMed Pro\" \/>\n<meta property=\"og:description\" content=\"[vc_row css_animation=&#8221;&#8221; row_type=&#8221;row&#8221; use_row_as_full_screen_section=&#8221;no&#8221; type=&#8221;full_width&#8221; angled_section=&#8221;no&#8221; text_align=&#8221;left&#8221; background_image_as_pattern=&#8221;without_pattern&#8221; background_color=&#8221;#f7f7f7&#8243; section_type=&#8221;full-width&#8221;][vc_column][vc_empty_space height=&#8221;20px&#8221;][vc_empty_space height=&#8221;40px&#8221;][vc_row_inner row_type=&#8221;row&#8221; type=&#8221;full_width&#8221; text_align=&#8221;left&#8221; css_animation=&#8221;&#8221;][vc_column_inner width=&#8221;1\/2&#8243;][vc_single_image image=&#8221;17871&#8243; img_size=&#8221;500&#215;200&#8243; alignment=&#8221;center&#8221; qode_css_animation=&#8221;&#8221;][vc_empty_space height=&#8221;40px&#8221;][\/vc_column_inner][vc_column_inner width=&#8221;1\/2&#8243;][vc_column_text] Amb el pas dels anys els ulls van perdent expressivitat i brillantor.\u00a0Endymed Pro per a ulls rejovenir\u00e0\u00a0la teva mirada, allisant de manera...\" \/>\n<meta property=\"og:url\" content=\"https:\/\/www.canons.es\/facial-estetica-avanzada\/terapia-reafirmante-ojos-con-radiofrecuencia-endymed\/\" \/>\n<meta property=\"og:site_name\" content=\"Cl\u00ednica C\u00e0nons | Cirurgia i Medicina Estetica a Barcelona, \u200b\u200bGranollers\" \/>\n<meta property=\"article:publisher\" content=\"https:\/\/www.facebook.com\/canonsclinics\/\" \/>\n<meta property=\"article:modified_time\" content=\"2021-03-02T14:29:07+00:00\" \/>\n<meta name=\"twitter:card\" content=\"summary_large_image\" \/>\n<meta name=\"twitter:site\" content=\"@canonsclinics\" \/>\n<meta name=\"twitter:label1\" content=\"Temps estimat de lectura\" \/>\n\t<meta name=\"twitter:data1\" content=\"5 minuts\" \/>\n<script type=\"application\/ld+json\" class=\"yoast-schema-graph\">{\"@context\":\"https:\/\/schema.org\",\"@graph\":[{\"@type\":\"WebPage\",\"@id\":\"https:\/\/www.canons.es\/facial-estetica-avanzada\/terapia-reafirmante-ojos-con-radiofrecuencia-endymed\/\",\"url\":\"https:\/\/www.canons.es\/facial-estetica-avanzada\/terapia-reafirmante-ojos-con-radiofrecuencia-endymed\/\",\"name\":\"Ter\u00e0pia Reafirmant Ulls amb Radiofreq\u00fc\u00e8ncia EndyMed Pro - Cl\u00ednica C\u00e0nons | Cirurgia i Medicina Estetica a Barcelona, \u200b\u200bGranollers\",\"isPartOf\":{\"@id\":\"https:\/\/www.canons.es\/#website\"},\"datePublished\":\"2016-03-24T11:53:33+00:00\",\"dateModified\":\"2021-03-02T14:29:07+00:00\",\"breadcrumb\":{\"@id\":\"https:\/\/www.canons.es\/facial-estetica-avanzada\/terapia-reafirmante-ojos-con-radiofrecuencia-endymed\/#breadcrumb\"},\"inLanguage\":\"ca\",\"potentialAction\":[{\"@type\":\"ReadAction\",\"target\":[\"https:\/\/www.canons.es\/facial-estetica-avanzada\/terapia-reafirmante-ojos-con-radiofrecuencia-endymed\/\"]}]},{\"@type\":\"BreadcrumbList\",\"@id\":\"https:\/\/www.canons.es\/facial-estetica-avanzada\/terapia-reafirmante-ojos-con-radiofrecuencia-endymed\/#breadcrumb\",\"itemListElement\":[{\"@type\":\"ListItem\",\"position\":1,\"name\":\"Portada\",\"item\":\"https:\/\/www.canons.es\/ca\/\"},{\"@type\":\"ListItem\",\"position\":2,\"name\":\"FACIAL EST\u00c8TICA AVAN\u00c7ADA\",\"item\":\"https:\/\/www.canons.es\/ca\/facial-estetica-avanzada\/\"},{\"@type\":\"ListItem\",\"position\":3,\"name\":\"Ter\u00e0pia Reafirmant Ulls amb Radiofreq\u00fc\u00e8ncia EndyMed Pro\"}]},{\"@type\":\"WebSite\",\"@id\":\"https:\/\/www.canons.es\/#website\",\"url\":\"https:\/\/www.canons.es\/\",\"name\":\"Cirug\u00eda Pl\u00e1stica y Est\u00e9tica Barcelona y Granollers | C\u00e0nons Clinics\",\"description\":\"\",\"publisher\":{\"@id\":\"https:\/\/www.canons.es\/#organization\"},\"potentialAction\":[{\"@type\":\"SearchAction\",\"target\":{\"@type\":\"EntryPoint\",\"urlTemplate\":\"https:\/\/www.canons.es\/?s={search_term_string}\"},\"query-input\":{\"@type\":\"PropertyValueSpecification\",\"valueRequired\":true,\"valueName\":\"search_term_string\"}}],\"inLanguage\":\"ca\"},{\"@type\":\"Organization\",\"@id\":\"https:\/\/www.canons.es\/#organization\",\"name\":\"Cirug\u00eda Pl\u00e1stica y Est\u00e9tica Barcelona y Granollers | C\u00e0nons Clinics\",\"url\":\"https:\/\/www.canons.es\/\",\"logo\":{\"@type\":\"ImageObject\",\"inLanguage\":\"ca\",\"@id\":\"https:\/\/www.canons.es\/#\/schema\/logo\/image\/\",\"url\":\"https:\/\/www.canons.es\/wp-content\/uploads\/2025\/04\/logo-canons-clinics.jpg\",\"contentUrl\":\"https:\/\/www.canons.es\/wp-content\/uploads\/2025\/04\/logo-canons-clinics.jpg\",\"width\":600,\"height\":139,\"caption\":\"Cirug\u00eda Pl\u00e1stica y Est\u00e9tica Barcelona y Granollers | C\u00e0nons Clinics\"},\"image\":{\"@id\":\"https:\/\/www.canons.es\/#\/schema\/logo\/image\/\"},\"sameAs\":[\"https:\/\/www.facebook.com\/canonsclinics\/\",\"https:\/\/x.com\/canonsclinics\",\"https:\/\/www.instagram.com\/canonsclinics\/\",\"https:\/\/www.youtube.com\/channel\/UCI1Ia6LjALyo1CuQ0_HwtfQ\",\"https:\/\/www.linkedin.com\/company\/canons-clinics\/\"]}]}<\/script>\n<!-- \/ Yoast SEO Premium plugin. -->","yoast_head_json":{"title":"Ter\u00e0pia Reafirmant Ulls amb Radiofreq\u00fc\u00e8ncia EndyMed Pro - Cl\u00ednica C\u00e0nons | Cirurgia i Medicina Estetica a Barcelona, \u200b\u200bGranollers","robots":{"index":"index","follow":"follow","max-snippet":"max-snippet:-1","max-image-preview":"max-image-preview:large","max-video-preview":"max-video-preview:-1"},"canonical":"https:\/\/www.canons.es\/facial-estetica-avanzada\/terapia-reafirmante-ojos-con-radiofrecuencia-endymed\/","og_locale":"ca_ES","og_type":"article","og_title":"Ter\u00e0pia Reafirmant Ulls amb Radiofreq\u00fc\u00e8ncia EndyMed Pro","og_description":"[vc_row css_animation=&#8221;&#8221; row_type=&#8221;row&#8221; use_row_as_full_screen_section=&#8221;no&#8221; type=&#8221;full_width&#8221; angled_section=&#8221;no&#8221; text_align=&#8221;left&#8221; background_image_as_pattern=&#8221;without_pattern&#8221; background_color=&#8221;#f7f7f7&#8243; section_type=&#8221;full-width&#8221;][vc_column][vc_empty_space height=&#8221;20px&#8221;][vc_empty_space height=&#8221;40px&#8221;][vc_row_inner row_type=&#8221;row&#8221; type=&#8221;full_width&#8221; text_align=&#8221;left&#8221; css_animation=&#8221;&#8221;][vc_column_inner width=&#8221;1\/2&#8243;][vc_single_image image=&#8221;17871&#8243; img_size=&#8221;500&#215;200&#8243; alignment=&#8221;center&#8221; qode_css_animation=&#8221;&#8221;][vc_empty_space height=&#8221;40px&#8221;][\/vc_column_inner][vc_column_inner width=&#8221;1\/2&#8243;][vc_column_text] Amb el pas dels anys els ulls van perdent expressivitat i brillantor.\u00a0Endymed Pro per a ulls rejovenir\u00e0\u00a0la teva mirada, allisant de manera...","og_url":"https:\/\/www.canons.es\/facial-estetica-avanzada\/terapia-reafirmante-ojos-con-radiofrecuencia-endymed\/","og_site_name":"Cl\u00ednica C\u00e0nons | Cirurgia i Medicina Estetica a Barcelona, \u200b\u200bGranollers","article_publisher":"https:\/\/www.facebook.com\/canonsclinics\/","article_modified_time":"2021-03-02T14:29:07+00:00","twitter_card":"summary_large_image","twitter_site":"@canonsclinics","twitter_misc":{"Temps estimat de lectura":"5 minuts"},"schema":{"@context":"https:\/\/schema.org","@graph":[{"@type":"WebPage","@id":"https:\/\/www.canons.es\/facial-estetica-avanzada\/terapia-reafirmante-ojos-con-radiofrecuencia-endymed\/","url":"https:\/\/www.canons.es\/facial-estetica-avanzada\/terapia-reafirmante-ojos-con-radiofrecuencia-endymed\/","name":"Ter\u00e0pia Reafirmant Ulls amb Radiofreq\u00fc\u00e8ncia EndyMed Pro - Cl\u00ednica C\u00e0nons | Cirurgia i Medicina Estetica a Barcelona, \u200b\u200bGranollers","isPartOf":{"@id":"https:\/\/www.canons.es\/#website"},"datePublished":"2016-03-24T11:53:33+00:00","dateModified":"2021-03-02T14:29:07+00:00","breadcrumb":{"@id":"https:\/\/www.canons.es\/facial-estetica-avanzada\/terapia-reafirmante-ojos-con-radiofrecuencia-endymed\/#breadcrumb"},"inLanguage":"ca","potentialAction":[{"@type":"ReadAction","target":["https:\/\/www.canons.es\/facial-estetica-avanzada\/terapia-reafirmante-ojos-con-radiofrecuencia-endymed\/"]}]},{"@type":"BreadcrumbList","@id":"https:\/\/www.canons.es\/facial-estetica-avanzada\/terapia-reafirmante-ojos-con-radiofrecuencia-endymed\/#breadcrumb","itemListElement":[{"@type":"ListItem","position":1,"name":"Portada","item":"https:\/\/www.canons.es\/ca\/"},{"@type":"ListItem","position":2,"name":"FACIAL EST\u00c8TICA AVAN\u00c7ADA","item":"https:\/\/www.canons.es\/ca\/facial-estetica-avanzada\/"},{"@type":"ListItem","position":3,"name":"Ter\u00e0pia Reafirmant Ulls amb Radiofreq\u00fc\u00e8ncia EndyMed Pro"}]},{"@type":"WebSite","@id":"https:\/\/www.canons.es\/#website","url":"https:\/\/www.canons.es\/","name":"Cirug\u00eda Pl\u00e1stica y Est\u00e9tica Barcelona y Granollers | C\u00e0nons Clinics","description":"","publisher":{"@id":"https:\/\/www.canons.es\/#organization"},"potentialAction":[{"@type":"SearchAction","target":{"@type":"EntryPoint","urlTemplate":"https:\/\/www.canons.es\/?s={search_term_string}"},"query-input":{"@type":"PropertyValueSpecification","valueRequired":true,"valueName":"search_term_string"}}],"inLanguage":"ca"},{"@type":"Organization","@id":"https:\/\/www.canons.es\/#organization","name":"Cirug\u00eda Pl\u00e1stica y Est\u00e9tica Barcelona y Granollers | C\u00e0nons Clinics","url":"https:\/\/www.canons.es\/","logo":{"@type":"ImageObject","inLanguage":"ca","@id":"https:\/\/www.canons.es\/#\/schema\/logo\/image\/","url":"https:\/\/www.canons.es\/wp-content\/uploads\/2025\/04\/logo-canons-clinics.jpg","contentUrl":"https:\/\/www.canons.es\/wp-content\/uploads\/2025\/04\/logo-canons-clinics.jpg","width":600,"height":139,"caption":"Cirug\u00eda Pl\u00e1stica y Est\u00e9tica Barcelona y Granollers | C\u00e0nons Clinics"},"image":{"@id":"https:\/\/www.canons.es\/#\/schema\/logo\/image\/"},"sameAs":["https:\/\/www.facebook.com\/canonsclinics\/","https:\/\/x.com\/canonsclinics","https:\/\/www.instagram.com\/canonsclinics\/","https:\/\/www.youtube.com\/channel\/UCI1Ia6LjALyo1CuQ0_HwtfQ","https:\/\/www.linkedin.com\/company\/canons-clinics\/"]}]}},"_links":{"self":[{"href":"https:\/\/www.canons.es\/ca\/wp-json\/wp\/v2\/pages\/12166","targetHints":{"allow":["GET"]}}],"collection":[{"href":"https:\/\/www.canons.es\/ca\/wp-json\/wp\/v2\/pages"}],"about":[{"href":"https:\/\/www.canons.es\/ca\/wp-json\/wp\/v2\/types\/page"}],"author":[{"embeddable":true,"href":"https:\/\/www.canons.es\/ca\/wp-json\/wp\/v2\/users\/25"}],"replies":[{"embeddable":true,"href":"https:\/\/www.canons.es\/ca\/wp-json\/wp\/v2\/comments?post=12166"}],"version-history":[{"count":0,"href":"https:\/\/www.canons.es\/ca\/wp-json\/wp\/v2\/pages\/12166\/revisions"}],"up":[{"embeddable":true,"href":"https:\/\/www.canons.es\/ca\/wp-json\/wp\/v2\/pages\/11486"}],"wp:attachment":[{"href":"https:\/\/www.canons.es\/ca\/wp-json\/wp\/v2\/media?parent=12166"}],"curies":[{"name":"wp","href":"https:\/\/api.w.org\/{rel}","templated":true}]}}