{"id":12155,"date":"2016-12-30T12:22:35","date_gmt":"2016-12-30T12:22:35","guid":{"rendered":"https:\/\/www.canons.es\/ca\/lifting-sin-cirugia-hilos-tensores\/"},"modified":"2019-10-03T10:58:15","modified_gmt":"2019-10-03T10:58:15","slug":"lifting-sin-cirugia-hilos-tensores","status":"publish","type":"page","link":"https:\/\/www.canons.es\/ca\/medicina-estetica-facial\/lifting-sin-cirugia-hilos-tensores\/","title":{"rendered":"L\u00cdFTING SENSE CIRURGIA AMB FILS TENSORS"},"content":{"rendered":"<div class=\"wpb-content-wrapper\"><p>[vc_row css_animation=&#8221;&#8221; row_type=&#8221;row&#8221; use_row_as_full_screen_section=&#8221;no&#8221; type=&#8221;full_width&#8221; angled_section=&#8221;no&#8221; text_align=&#8221;left&#8221; background_image_as_pattern=&#8221;without_pattern&#8221; background_color=&#8221;#f7f7f7&#8243; section_type=&#8221;full-width&#8221;][vc_column][vc_empty_space height=&#8221;20px&#8221;]<div class=\"custom_font_holder\" style=\"font-family: Raleway; font-size: 35px; line-height: 26px; font-style: normal; font-weight: 300; color: #1e70b3; text-decoration: none; text-align: left;\">L\u00cdFTING SENSE CIRURGIA AMB FILS TENSORS<\/div>[vc_empty_space height=&#8221;40px&#8221;][vc_row_inner row_type=&#8221;row&#8221; type=&#8221;full_width&#8221; text_align=&#8221;left&#8221; css_animation=&#8221;&#8221;][vc_column_inner width=&#8221;1\/2&#8243;][vc_single_image image=&#8221;12151&#8243; img_size=&#8221;full&#8221; alignment=&#8221;center&#8221; qode_css_animation=&#8221;&#8221; img_align=&#8221;center&#8221; custom_img_size=&#8221;500&#215;400&#8243;][vc_empty_space height=&#8221;40px&#8221;][\/vc_column_inner][vc_column_inner width=&#8221;1\/2&#8243;][vc_column_text]El pas del temps atenua el rostre i el cos. A partir dels 30 comencen a apar\u00e8ixer els primers signes de flaccidesa cut\u00e0nia i les temudes marques d&#8217;expressi\u00f3. Recupera la teva bellesa natural sense cirurgia! Els fils tensors reabsorbibles, tamb\u00e9 coneguts com a l\u00edfting sense cirurgia, \u00e9s una <strong>innovadora t\u00e8cnica de medicina est\u00e8tica m\u00ednimament invasiva<\/strong>, que <strong>tensa i reafirma<\/strong> la dermis, atorgant-li un <strong>aspecte molt\u00a0natural i saludable,<\/strong> tant a nivell del rostre com del cos.[\/vc_column_text][\/vc_column_inner][\/vc_row_inner][\/vc_column][\/vc_row][vc_row css_animation=&#8221;&#8221; row_type=&#8221;row&#8221; use_row_as_full_screen_section=&#8221;no&#8221; type=&#8221;full_width&#8221; angled_section=&#8221;no&#8221; text_align=&#8221;left&#8221; background_image_as_pattern=&#8221;without_pattern&#8221; section_type=&#8221;full-width&#8221;][vc_column][vc_empty_space][vc_accordion style=&#8221;accordion&#8221;][vc_accordion_tab title=&#8221;En qu\u00e8 consisteix?&#8221;][vc_column_text]<\/p>\n<p style=\"text-align: justify;\">Es tracta d&#8217;una innovadora t\u00e8cnica de <span style=\"color: #6d98dc;\"><strong>rejoveniment facial<\/strong><\/span> que no requereix intervenci\u00f3 quir\u00fargica. El material que s&#8217;utilitza en aquest procediment s\u00f3n fils <span style=\"color: #6d98dc;\"><strong>biodegradables<\/strong><\/span> amb polidioxanona, que s&#8217;insereixen en els teixits connectius m\u00e9s profunds. D&#8217;aquesta forma, aconseguim que s&#8217;adhereixin al teixit subcutani creant tensi\u00f3 en la direcci\u00f3 desitjada. Simult\u00e0niament, tamb\u00e9 estimulen la <span style=\"color: #6d98dc;\"><strong>producci\u00f3 de col\u00b7l\u00e0gen i elastina<\/strong><\/span>. Aquesta tensi\u00f3 crea un l\u00edfting facial o corporal depenent de la zona o zones tractades, reafirmant de forma natural els teixits, alhora que augmenta la <span style=\"color: #6d98dc;\"><strong>densitat cut\u00e0nia<\/strong><\/span>.<\/p>\n<p>[\/vc_column_text][\/vc_accordion_tab][vc_accordion_tab title=&#8221;Obtindr\u00e9 un resultat immediat?&#8221;][vc_column_text]<\/p>\n<p style=\"text-align: justify;\">Tindr\u00e0s un<span style=\"color: #6d98dc;\"><strong> resultat immediat<\/strong><\/span> amb els fils tensors i, a mesura que passen els dies fins al mes de tractament, anir\u00e0s millorant not\u00f2riament la qualitat de la pell que ha estat tractada, de manera que els<span style=\"color: #6d98dc;\"><strong> resultats seran perceptibles r\u00e0pidament<\/strong><\/span> com tamb\u00e9 es mantindran en un termini d&#8217;uns dos anys aproximadament.<\/p>\n<p>[\/vc_column_text][\/vc_accordion_tab][vc_accordion_tab title=&#8221;Quins beneficis obtindr\u00e9?&#8221;][vc_column_text]<\/p>\n<ul>\n<li>. Aspecte m\u00e9s saludable i natural<\/li>\n<li>. Reafirmaci\u00f3 cut\u00e0nia dels teixits<\/li>\n<li>. Augment de la densitat cut\u00e0nia<\/li>\n<li>. Prevenci\u00f3 de la flaccidesa cut\u00e0nia<\/li>\n<\/ul>\n<p>[\/vc_column_text][\/vc_accordion_tab][vc_accordion_tab title=&#8221;En quines zones pot aplicar-se?&#8221;][vc_column_text]Els fils poden utilitzar-se tant a la zona facial com corporal:<\/p>\n<ul>\n<li>A <span style=\"color: #6d98dc;\"><strong>nivell facial<\/strong><\/span> es recomana: la l\u00ednia mandibular facial, el front, les celles, els p\u00f2muls, les l\u00ednies de marioneta, el coll i l&#8217;escot.<\/li>\n<li>A <span style=\"color: #6d98dc;\"><strong>nivell corporal<\/strong><\/span> es recomana les mans, els bra\u00e7os, l&#8217;abdomen, els glutis, els genolls i les cuixes.<\/li>\n<\/ul>\n<p>[\/vc_column_text][\/vc_accordion_tab][vc_accordion_tab title=&#8221;\u00c9s compatible amb les meves activitats de la vida di\u00e0ria?&#8221;][vc_column_text]Aquest tractament de medicina est\u00e8tica facial permet una <span style=\"color: #6d98dc;\"><strong>incorporaci\u00f3 immediata<\/strong><\/span> a la vida quotidiana, sense necessitat de cures especials.[\/vc_column_text][\/vc_accordion_tab][vc_accordion_tab title=&#8221;Podr\u00e9 combinar-ho amb altres tractaments?&#8221;][vc_column_text]\u00c9s totalment <span style=\"color: #6d98dc;\"><strong>compatible<\/strong><\/span> amb altres ter\u00e0pies de medicina est\u00e8tica, sempre seguint les recomanacions pautades pels nostres metges especialistes.[\/vc_column_text][\/vc_accordion_tab][\/vc_accordion][\/vc_column][\/vc_row]<\/p>\n<\/div><!-- AddThis Advanced Settings generic via filter on the_content --><!-- AddThis Share Buttons generic via filter on the_content -->","protected":false},"excerpt":{"rendered":"<p>[vc_row css_animation=&#8221;&#8221; row_type=&#8221;row&#8221; use_row_as_full_screen_section=&#8221;no&#8221; type=&#8221;full_width&#8221; angled_section=&#8221;no&#8221; text_align=&#8221;left&#8221; background_image_as_pattern=&#8221;without_pattern&#8221; background_color=&#8221;#f7f7f7&#8243; section_type=&#8221;full-width&#8221;][vc_column][vc_empty_space height=&#8221;20px&#8221;][vc_empty_space height=&#8221;40px&#8221;][vc_row_inner row_type=&#8221;row&#8221; type=&#8221;full_width&#8221; text_align=&#8221;left&#8221; css_animation=&#8221;&#8221;][vc_column_inner width=&#8221;1\/2&#8243;][vc_single_image image=&#8221;12151&#8243; img_size=&#8221;full&#8221; alignment=&#8221;center&#8221; qode_css_animation=&#8221;&#8221; img_align=&#8221;center&#8221; custom_img_size=&#8221;500&#215;400&#8243;][vc_empty_space height=&#8221;40px&#8221;][\/vc_column_inner][vc_column_inner width=&#8221;1\/2&#8243;][vc_column_text]El pas del temps atenua el rostre i el cos. A partir dels 30 comencen a apar\u00e8ixer els primers signes de&#8230;<!-- AddThis Advanced Settings generic via filter on get_the_excerpt --><!-- AddThis Share Buttons generic via filter on get_the_excerpt --><\/p>\n","protected":false},"author":25,"featured_media":0,"parent":9094,"menu_order":0,"comment_status":"closed","ping_status":"closed","template":"","meta":{"footnotes":""},"class_list":["post-12155","page","type-page","status-publish","hentry"],"yoast_head":"<!-- This site is optimized with the Yoast SEO Premium plugin v26.9 (Yoast SEO v27.2) - https:\/\/yoast.com\/product\/yoast-seo-premium-wordpress\/ -->\n<title>L\u00cdFTING SENSE CIRURGIA AMB FILS TENSORS - Cl\u00ednica C\u00e0nons | Cirurgia i Medicina Estetica a Barcelona, \u200b\u200bGranollers<\/title>\n<meta name=\"robots\" content=\"index, follow, max-snippet:-1, max-image-preview:large, max-video-preview:-1\" \/>\n<link rel=\"canonical\" href=\"https:\/\/www.canons.es\/ca\/medicina-estetica-facial\/lifting-sin-cirugia-hilos-tensores\/\" \/>\n<meta property=\"og:locale\" content=\"ca_ES\" \/>\n<meta property=\"og:type\" content=\"article\" \/>\n<meta property=\"og:title\" content=\"L\u00cdFTING SENSE CIRURGIA AMB FILS TENSORS\" \/>\n<meta property=\"og:description\" content=\"[vc_row css_animation=&#8221;&#8221; row_type=&#8221;row&#8221; use_row_as_full_screen_section=&#8221;no&#8221; type=&#8221;full_width&#8221; angled_section=&#8221;no&#8221; text_align=&#8221;left&#8221; background_image_as_pattern=&#8221;without_pattern&#8221; background_color=&#8221;#f7f7f7&#8243; section_type=&#8221;full-width&#8221;][vc_column][vc_empty_space height=&#8221;20px&#8221;][vc_empty_space height=&#8221;40px&#8221;][vc_row_inner row_type=&#8221;row&#8221; type=&#8221;full_width&#8221; text_align=&#8221;left&#8221; css_animation=&#8221;&#8221;][vc_column_inner width=&#8221;1\/2&#8243;][vc_single_image image=&#8221;12151&#8243; img_size=&#8221;full&#8221; alignment=&#8221;center&#8221; qode_css_animation=&#8221;&#8221; img_align=&#8221;center&#8221; custom_img_size=&#8221;500&#215;400&#8243;][vc_empty_space height=&#8221;40px&#8221;][\/vc_column_inner][vc_column_inner width=&#8221;1\/2&#8243;][vc_column_text]El pas del temps atenua el rostre i el cos. A partir dels 30 comencen a apar\u00e8ixer els primers signes de...\" \/>\n<meta property=\"og:url\" content=\"https:\/\/www.canons.es\/ca\/medicina-estetica-facial\/lifting-sin-cirugia-hilos-tensores\/\" \/>\n<meta property=\"og:site_name\" content=\"Cl\u00ednica C\u00e0nons | Cirurgia i Medicina Estetica a Barcelona, \u200b\u200bGranollers\" \/>\n<meta property=\"article:publisher\" content=\"https:\/\/www.facebook.com\/canonsclinics\/\" \/>\n<meta property=\"article:modified_time\" content=\"2019-10-03T10:58:15+00:00\" \/>\n<meta name=\"twitter:card\" content=\"summary_large_image\" \/>\n<meta name=\"twitter:site\" content=\"@canonsclinics\" \/>\n<meta name=\"twitter:label1\" content=\"Temps estimat de lectura\" \/>\n\t<meta name=\"twitter:data1\" content=\"3 minuts\" \/>\n<script type=\"application\/ld+json\" class=\"yoast-schema-graph\">{\"@context\":\"https:\/\/schema.org\",\"@graph\":[{\"@type\":\"WebPage\",\"@id\":\"https:\/\/www.canons.es\/ca\/medicina-estetica-facial\/lifting-sin-cirugia-hilos-tensores\/\",\"url\":\"https:\/\/www.canons.es\/ca\/medicina-estetica-facial\/lifting-sin-cirugia-hilos-tensores\/\",\"name\":\"L\u00cdFTING SENSE CIRURGIA AMB FILS TENSORS - Cl\u00ednica C\u00e0nons | Cirurgia i Medicina Estetica a Barcelona, \u200b\u200bGranollers\",\"isPartOf\":{\"@id\":\"https:\/\/www.canons.es\/#website\"},\"datePublished\":\"2016-12-30T12:22:35+00:00\",\"dateModified\":\"2019-10-03T10:58:15+00:00\",\"breadcrumb\":{\"@id\":\"https:\/\/www.canons.es\/ca\/medicina-estetica-facial\/lifting-sin-cirugia-hilos-tensores\/#breadcrumb\"},\"inLanguage\":\"ca\",\"potentialAction\":[{\"@type\":\"ReadAction\",\"target\":[\"https:\/\/www.canons.es\/ca\/medicina-estetica-facial\/lifting-sin-cirugia-hilos-tensores\/\"]}]},{\"@type\":\"BreadcrumbList\",\"@id\":\"https:\/\/www.canons.es\/ca\/medicina-estetica-facial\/lifting-sin-cirugia-hilos-tensores\/#breadcrumb\",\"itemListElement\":[{\"@type\":\"ListItem\",\"position\":1,\"name\":\"Portada\",\"item\":\"https:\/\/www.canons.es\/ca\/\"},{\"@type\":\"ListItem\",\"position\":2,\"name\":\"MEDICINA EST\u00c8TICA FACIAL\",\"item\":\"https:\/\/www.canons.es\/ca\/medicina-estetica-facial\/\"},{\"@type\":\"ListItem\",\"position\":3,\"name\":\"L\u00cdFTING SENSE CIRURGIA AMB FILS TENSORS\"}]},{\"@type\":\"WebSite\",\"@id\":\"https:\/\/www.canons.es\/#website\",\"url\":\"https:\/\/www.canons.es\/\",\"name\":\"Cirug\u00eda Pl\u00e1stica y Est\u00e9tica Barcelona y Granollers | C\u00e0nons Clinics\",\"description\":\"\",\"publisher\":{\"@id\":\"https:\/\/www.canons.es\/#organization\"},\"potentialAction\":[{\"@type\":\"SearchAction\",\"target\":{\"@type\":\"EntryPoint\",\"urlTemplate\":\"https:\/\/www.canons.es\/?s={search_term_string}\"},\"query-input\":{\"@type\":\"PropertyValueSpecification\",\"valueRequired\":true,\"valueName\":\"search_term_string\"}}],\"inLanguage\":\"ca\"},{\"@type\":\"Organization\",\"@id\":\"https:\/\/www.canons.es\/#organization\",\"name\":\"Cirug\u00eda Pl\u00e1stica y Est\u00e9tica Barcelona y Granollers | C\u00e0nons Clinics\",\"url\":\"https:\/\/www.canons.es\/\",\"logo\":{\"@type\":\"ImageObject\",\"inLanguage\":\"ca\",\"@id\":\"https:\/\/www.canons.es\/#\/schema\/logo\/image\/\",\"url\":\"https:\/\/www.canons.es\/wp-content\/uploads\/2025\/04\/logo-canons-clinics.jpg\",\"contentUrl\":\"https:\/\/www.canons.es\/wp-content\/uploads\/2025\/04\/logo-canons-clinics.jpg\",\"width\":600,\"height\":139,\"caption\":\"Cirug\u00eda Pl\u00e1stica y Est\u00e9tica Barcelona y Granollers | C\u00e0nons Clinics\"},\"image\":{\"@id\":\"https:\/\/www.canons.es\/#\/schema\/logo\/image\/\"},\"sameAs\":[\"https:\/\/www.facebook.com\/canonsclinics\/\",\"https:\/\/x.com\/canonsclinics\",\"https:\/\/www.instagram.com\/canonsclinics\/\",\"https:\/\/www.youtube.com\/channel\/UCI1Ia6LjALyo1CuQ0_HwtfQ\",\"https:\/\/www.linkedin.com\/company\/canons-clinics\/\"]}]}<\/script>\n<!-- \/ Yoast SEO Premium plugin. -->","yoast_head_json":{"title":"L\u00cdFTING SENSE CIRURGIA AMB FILS TENSORS - Cl\u00ednica C\u00e0nons | Cirurgia i Medicina Estetica a Barcelona, \u200b\u200bGranollers","robots":{"index":"index","follow":"follow","max-snippet":"max-snippet:-1","max-image-preview":"max-image-preview:large","max-video-preview":"max-video-preview:-1"},"canonical":"https:\/\/www.canons.es\/ca\/medicina-estetica-facial\/lifting-sin-cirugia-hilos-tensores\/","og_locale":"ca_ES","og_type":"article","og_title":"L\u00cdFTING SENSE CIRURGIA AMB FILS TENSORS","og_description":"[vc_row css_animation=&#8221;&#8221; row_type=&#8221;row&#8221; use_row_as_full_screen_section=&#8221;no&#8221; type=&#8221;full_width&#8221; angled_section=&#8221;no&#8221; text_align=&#8221;left&#8221; background_image_as_pattern=&#8221;without_pattern&#8221; background_color=&#8221;#f7f7f7&#8243; section_type=&#8221;full-width&#8221;][vc_column][vc_empty_space height=&#8221;20px&#8221;][vc_empty_space height=&#8221;40px&#8221;][vc_row_inner row_type=&#8221;row&#8221; type=&#8221;full_width&#8221; text_align=&#8221;left&#8221; css_animation=&#8221;&#8221;][vc_column_inner width=&#8221;1\/2&#8243;][vc_single_image image=&#8221;12151&#8243; img_size=&#8221;full&#8221; alignment=&#8221;center&#8221; qode_css_animation=&#8221;&#8221; img_align=&#8221;center&#8221; custom_img_size=&#8221;500&#215;400&#8243;][vc_empty_space height=&#8221;40px&#8221;][\/vc_column_inner][vc_column_inner width=&#8221;1\/2&#8243;][vc_column_text]El pas del temps atenua el rostre i el cos. A partir dels 30 comencen a apar\u00e8ixer els primers signes de...","og_url":"https:\/\/www.canons.es\/ca\/medicina-estetica-facial\/lifting-sin-cirugia-hilos-tensores\/","og_site_name":"Cl\u00ednica C\u00e0nons | Cirurgia i Medicina Estetica a Barcelona, \u200b\u200bGranollers","article_publisher":"https:\/\/www.facebook.com\/canonsclinics\/","article_modified_time":"2019-10-03T10:58:15+00:00","twitter_card":"summary_large_image","twitter_site":"@canonsclinics","twitter_misc":{"Temps estimat de lectura":"3 minuts"},"schema":{"@context":"https:\/\/schema.org","@graph":[{"@type":"WebPage","@id":"https:\/\/www.canons.es\/ca\/medicina-estetica-facial\/lifting-sin-cirugia-hilos-tensores\/","url":"https:\/\/www.canons.es\/ca\/medicina-estetica-facial\/lifting-sin-cirugia-hilos-tensores\/","name":"L\u00cdFTING SENSE CIRURGIA AMB FILS TENSORS - Cl\u00ednica C\u00e0nons | Cirurgia i Medicina Estetica a Barcelona, \u200b\u200bGranollers","isPartOf":{"@id":"https:\/\/www.canons.es\/#website"},"datePublished":"2016-12-30T12:22:35+00:00","dateModified":"2019-10-03T10:58:15+00:00","breadcrumb":{"@id":"https:\/\/www.canons.es\/ca\/medicina-estetica-facial\/lifting-sin-cirugia-hilos-tensores\/#breadcrumb"},"inLanguage":"ca","potentialAction":[{"@type":"ReadAction","target":["https:\/\/www.canons.es\/ca\/medicina-estetica-facial\/lifting-sin-cirugia-hilos-tensores\/"]}]},{"@type":"BreadcrumbList","@id":"https:\/\/www.canons.es\/ca\/medicina-estetica-facial\/lifting-sin-cirugia-hilos-tensores\/#breadcrumb","itemListElement":[{"@type":"ListItem","position":1,"name":"Portada","item":"https:\/\/www.canons.es\/ca\/"},{"@type":"ListItem","position":2,"name":"MEDICINA EST\u00c8TICA FACIAL","item":"https:\/\/www.canons.es\/ca\/medicina-estetica-facial\/"},{"@type":"ListItem","position":3,"name":"L\u00cdFTING SENSE CIRURGIA AMB FILS TENSORS"}]},{"@type":"WebSite","@id":"https:\/\/www.canons.es\/#website","url":"https:\/\/www.canons.es\/","name":"Cirug\u00eda Pl\u00e1stica y Est\u00e9tica Barcelona y Granollers | C\u00e0nons Clinics","description":"","publisher":{"@id":"https:\/\/www.canons.es\/#organization"},"potentialAction":[{"@type":"SearchAction","target":{"@type":"EntryPoint","urlTemplate":"https:\/\/www.canons.es\/?s={search_term_string}"},"query-input":{"@type":"PropertyValueSpecification","valueRequired":true,"valueName":"search_term_string"}}],"inLanguage":"ca"},{"@type":"Organization","@id":"https:\/\/www.canons.es\/#organization","name":"Cirug\u00eda Pl\u00e1stica y Est\u00e9tica Barcelona y Granollers | C\u00e0nons Clinics","url":"https:\/\/www.canons.es\/","logo":{"@type":"ImageObject","inLanguage":"ca","@id":"https:\/\/www.canons.es\/#\/schema\/logo\/image\/","url":"https:\/\/www.canons.es\/wp-content\/uploads\/2025\/04\/logo-canons-clinics.jpg","contentUrl":"https:\/\/www.canons.es\/wp-content\/uploads\/2025\/04\/logo-canons-clinics.jpg","width":600,"height":139,"caption":"Cirug\u00eda Pl\u00e1stica y Est\u00e9tica Barcelona y Granollers | C\u00e0nons Clinics"},"image":{"@id":"https:\/\/www.canons.es\/#\/schema\/logo\/image\/"},"sameAs":["https:\/\/www.facebook.com\/canonsclinics\/","https:\/\/x.com\/canonsclinics","https:\/\/www.instagram.com\/canonsclinics\/","https:\/\/www.youtube.com\/channel\/UCI1Ia6LjALyo1CuQ0_HwtfQ","https:\/\/www.linkedin.com\/company\/canons-clinics\/"]}]}},"_links":{"self":[{"href":"https:\/\/www.canons.es\/ca\/wp-json\/wp\/v2\/pages\/12155","targetHints":{"allow":["GET"]}}],"collection":[{"href":"https:\/\/www.canons.es\/ca\/wp-json\/wp\/v2\/pages"}],"about":[{"href":"https:\/\/www.canons.es\/ca\/wp-json\/wp\/v2\/types\/page"}],"author":[{"embeddable":true,"href":"https:\/\/www.canons.es\/ca\/wp-json\/wp\/v2\/users\/25"}],"replies":[{"embeddable":true,"href":"https:\/\/www.canons.es\/ca\/wp-json\/wp\/v2\/comments?post=12155"}],"version-history":[{"count":0,"href":"https:\/\/www.canons.es\/ca\/wp-json\/wp\/v2\/pages\/12155\/revisions"}],"up":[{"embeddable":true,"href":"https:\/\/www.canons.es\/ca\/wp-json\/wp\/v2\/pages\/9094"}],"wp:attachment":[{"href":"https:\/\/www.canons.es\/ca\/wp-json\/wp\/v2\/media?parent=12155"}],"curies":[{"name":"wp","href":"https:\/\/api.w.org\/{rel}","templated":true}]}}