{"id":11782,"date":"2016-07-15T11:53:27","date_gmt":"2016-07-15T11:53:27","guid":{"rendered":"https:\/\/www.canons.es\/ca\/perioneoplastia\/"},"modified":"2020-01-29T14:23:52","modified_gmt":"2020-01-29T14:23:52","slug":"perioneoplastia","status":"publish","type":"page","link":"https:\/\/www.canons.es\/ca\/cirurgia-intima-femenina\/perioneoplastia\/","title":{"rendered":"Perioneopl\u00e0stia"},"content":{"rendered":"<div class=\"wpb-content-wrapper\"><p>[vc_row css_animation=&#8221;&#8221; row_type=&#8221;row&#8221; use_row_as_full_screen_section=&#8221;no&#8221; type=&#8221;full_width&#8221; angled_section=&#8221;no&#8221; text_align=&#8221;left&#8221; background_image_as_pattern=&#8221;without_pattern&#8221; background_color=&#8221;#f7f7f7&#8243; section_type=&#8221;full-width&#8221;][vc_column][vc_empty_space height=&#8221;20px&#8221;]<div class=\"custom_font_holder\" style=\"font-family: Raleway; font-size: 35px; line-height: 26px; font-style: normal; font-weight: 300; color: #1e70b3; text-decoration: none; text-align: left;\">PERINEOPL\u00c0STIA<\/div>[vc_empty_space height=&#8221;40px&#8221;][vc_row_inner row_type=&#8221;row&#8221; type=&#8221;full_width&#8221; text_align=&#8221;left&#8221; css_animation=&#8221;&#8221;][vc_column_inner width=&#8221;1\/2&#8243;][vc_single_image image=&#8221;11772&#8243; img_size=&#8221;full&#8221; alignment=&#8221;center&#8221; qode_css_animation=&#8221;&#8221;][vc_empty_space height=&#8221;40px&#8221;][\/vc_column_inner][vc_column_inner width=&#8221;1\/2&#8243;][vc_column_text]<\/p>\n<p style=\"text-align: justify;\">La perineopl\u00e0stia \u00e9s la intervenci\u00f3 quir\u00fargica per<strong> tornar l&#8217;elasticitat i la funcionalitat del perineu, la regi\u00f3 situada entre l&#8217;entrada a la vagina i l&#8217;anus<\/strong>. Quan aquesta zona \u00e9s jove t\u00e9 una aparen\u00e7a el\u00e0stica i tersa. No obstant aix\u00f2, en l&#8217;embar\u00e0s, despr\u00e9s de 9 mesos de suportar un pes superior a l&#8217;habitual, es produeix una distensi\u00f3 de la musculatura p\u00e8lvica. La p\u00e8rdua de to pot provocar de p\u00e8rdues d&#8217;orina o dificultar les relacions sexuals satisfact\u00f2ries.<\/p>\n<p style=\"text-align: justify;\">Aquest problema s&#8217;accentua en el part. Si a m\u00e9s, el part resulta dificult\u00f3s, \u00e9s possible que el ginec\u00f2leg decideixi realitzar una episiotomia, un tall en la pell i en la musculatura perineal per facilitar la sortida.<\/p>\n<p style=\"text-align: justify;\">Si b\u00e9 existeixen exercici per tonificar la musculatura d&#8217;aquesta zona, en molts casos no sol funcionar perqu\u00e8 aquesta est\u00e0 desestructurada. En aquests casos, \u00e9s necess\u00e0ria una correcci\u00f3 quir\u00fargica.<\/p>\n<p>[\/vc_column_text][\/vc_column_inner][\/vc_row_inner][\/vc_column][\/vc_row][vc_row css_animation=&#8221;&#8221; row_type=&#8221;row&#8221; use_row_as_full_screen_section=&#8221;no&#8221; type=&#8221;full_width&#8221; angled_section=&#8221;no&#8221; text_align=&#8221;left&#8221; background_image_as_pattern=&#8221;without_pattern&#8221; section_type=&#8221;full-width&#8221;][vc_column][vc_empty_space][vc_accordion style=&#8221;accordion&#8221;][vc_accordion_tab title=&#8221;Qu\u00e8 \u00e9s el perineu?&#8221;][vc_column_text]<\/p>\n<p style=\"text-align: justify;\">El perineu \u00e9s <span style=\"color: #6d98dc;\"><strong>la porci\u00f3 de teixit que va des de la vagina a l&#8217;anus<\/strong><\/span>. Quan aquesta zona \u00e9s jove sol tenir forma de &#8220;V&#8221; i t\u00e9 una aparen\u00e7a el\u00e0stica i tersa. Amb l&#8217;edat i els parts, la musculatura perineal va perdent to i elasticitat, el perineu passa de tenir forma de \u201cV\u201d a adquirir una morfologia en forma de \u201cU\u201d, <span style=\"color: #6d98dc;\"><strong>distorsionant la seva aparen\u00e7a i funcionalitat, ocasionant problemes funcionals i mol\u00e8sties, especialment, durant les relacions sexuals<\/strong><\/span>. Si durant el part es va practicar una episiotomia, pot agreujar la situaci\u00f3.<\/p>\n<p style=\"text-align: justify;\">La perineopl\u00e0stia<span style=\"color: #6d98dc;\"><strong> permet tornar a tancar la musculatura del perineu, retornant-li aix\u00ed la tensi\u00f3 i el to que li permeten recuperar la funci\u00f3 original d&#8217;aquesta zona<\/strong><\/span>.<\/p>\n<p>[\/vc_column_text][\/vc_accordion_tab][vc_accordion_tab title=&#8221;En qu\u00e8 consisteix?&#8221;][vc_column_text]<\/p>\n<p style=\"text-align: justify;\">La perineopl\u00e0stia \u00e9s una <span style=\"color: #6d98dc;\"><strong>intervenci\u00f3 senzilla, que sol fer-se sota anest\u00e8sia local<\/strong>. Consisteix a <strong>tibar la musculatura del perineu, retornant-li aix\u00ed la seva elasticitat i funcionalitat<\/strong><\/span>.<\/p>\n<p style=\"text-align: justify;\">En el cas d&#8217;aquelles dones que tenen una dilataci\u00f3 important, se&#8217;ls realitza un estrenyiment del ter\u00e7 extern de la vagina, millorant la satisfacci\u00f3 en les seves relacions de parella.<\/p>\n<p>[\/vc_column_text][\/vc_accordion_tab][vc_accordion_tab title=&#8221;Qui \u00e9s bon candidat per sotmetre&#8217;s a l&#8217;operaci\u00f3?&#8221;][vc_column_text]\u00c9s una bona candidata qualsevol dona que <span style=\"color: #6d98dc;\"><strong>pateixi una laxitud del perineu que deixa la vagina massa exposada. Pot ocasionar problemes de sensibilitat, incontin\u00e8ncia, infeccions i mol\u00e8sties en les relacions sexuals<\/strong><\/span>.[\/vc_column_text][\/vc_accordion_tab][vc_accordion_tab title=&#8221;Quins seran els resultats?&#8221;][vc_column_text]Despr\u00e9s de la cirurgia, es recupera la dimensi\u00f3, la forma i funcionalitat del perineu.[\/vc_column_text][\/vc_accordion_tab][vc_accordion_tab title=&#8221;Com ser\u00e0 la recuperaci\u00f3?&#8221;][vc_column_text]<\/p>\n<p style=\"text-align: justify;\">En el postoperatori, cal realitzar un <strong><span style=\"color: #6d98dc;\">rep\u00f2s relatiu durant la primera setmana, despr\u00e9s de la qual cosa, el pacient pot incorporar-se a les activitats de la seva vida quotidiana<\/span>.<\/strong><\/p>\n<p style=\"text-align: justify;\">Es mantindr\u00e0 neta i seca, realitzant capellans amb cures vaginal durant 2 setmanes.<\/p>\n<p style=\"text-align: justify;\">Evitar\u00e0 relacions sexuals el primer mes despr\u00e9s de la cirurgia, aix\u00ed com grans esfor\u00e7os i exercici f\u00edsic.<\/p>\n<p>[\/vc_column_text][\/vc_accordion_tab][\/vc_accordion][\/vc_column][\/vc_row]<\/p>\n<\/div><!-- AddThis Advanced Settings generic via filter on the_content --><!-- AddThis Share Buttons generic via filter on the_content -->","protected":false},"excerpt":{"rendered":"<p>[vc_row css_animation=&#8221;&#8221; row_type=&#8221;row&#8221; use_row_as_full_screen_section=&#8221;no&#8221; type=&#8221;full_width&#8221; angled_section=&#8221;no&#8221; text_align=&#8221;left&#8221; background_image_as_pattern=&#8221;without_pattern&#8221; background_color=&#8221;#f7f7f7&#8243; section_type=&#8221;full-width&#8221;][vc_column][vc_empty_space height=&#8221;20px&#8221;][vc_empty_space height=&#8221;40px&#8221;][vc_row_inner row_type=&#8221;row&#8221; type=&#8221;full_width&#8221; text_align=&#8221;left&#8221; css_animation=&#8221;&#8221;][vc_column_inner width=&#8221;1\/2&#8243;][vc_single_image image=&#8221;11772&#8243; img_size=&#8221;full&#8221; alignment=&#8221;center&#8221; qode_css_animation=&#8221;&#8221;][vc_empty_space height=&#8221;40px&#8221;][\/vc_column_inner][vc_column_inner width=&#8221;1\/2&#8243;][vc_column_text] La perineopl\u00e0stia \u00e9s la intervenci\u00f3 quir\u00fargica per tornar l&#8217;elasticitat i la funcionalitat del perineu, la regi\u00f3 situada entre l&#8217;entrada a la vagina&#8230;<!-- AddThis Advanced Settings generic via filter on get_the_excerpt --><!-- AddThis Share Buttons generic via filter on get_the_excerpt --><\/p>\n","protected":false},"author":25,"featured_media":0,"parent":10019,"menu_order":0,"comment_status":"closed","ping_status":"closed","template":"","meta":{"footnotes":""},"class_list":["post-11782","page","type-page","status-publish","hentry"],"yoast_head":"<!-- This site is optimized with the Yoast SEO Premium plugin v26.9 (Yoast SEO v27.4) - https:\/\/yoast.com\/product\/yoast-seo-premium-wordpress\/ -->\n<title>Perioneopl\u00e0stia - Cl\u00ednica C\u00e0nons | Cirurgia i Medicina Estetica a Barcelona, \u200b\u200bGranollers<\/title>\n<meta name=\"robots\" content=\"index, follow, max-snippet:-1, max-image-preview:large, max-video-preview:-1\" \/>\n<link rel=\"canonical\" href=\"https:\/\/www.canons.es\/cirugia-intima-femenina\/perineoplastia\/\" \/>\n<meta property=\"og:locale\" content=\"ca_ES\" \/>\n<meta property=\"og:type\" content=\"article\" \/>\n<meta property=\"og:title\" content=\"Perioneopl\u00e0stia\" \/>\n<meta property=\"og:description\" content=\"[vc_row css_animation=&#8221;&#8221; row_type=&#8221;row&#8221; use_row_as_full_screen_section=&#8221;no&#8221; type=&#8221;full_width&#8221; angled_section=&#8221;no&#8221; text_align=&#8221;left&#8221; background_image_as_pattern=&#8221;without_pattern&#8221; background_color=&#8221;#f7f7f7&#8243; section_type=&#8221;full-width&#8221;][vc_column][vc_empty_space height=&#8221;20px&#8221;][vc_empty_space height=&#8221;40px&#8221;][vc_row_inner row_type=&#8221;row&#8221; type=&#8221;full_width&#8221; text_align=&#8221;left&#8221; css_animation=&#8221;&#8221;][vc_column_inner width=&#8221;1\/2&#8243;][vc_single_image image=&#8221;11772&#8243; img_size=&#8221;full&#8221; alignment=&#8221;center&#8221; qode_css_animation=&#8221;&#8221;][vc_empty_space height=&#8221;40px&#8221;][\/vc_column_inner][vc_column_inner width=&#8221;1\/2&#8243;][vc_column_text] La perineopl\u00e0stia \u00e9s la intervenci\u00f3 quir\u00fargica per tornar l&#8217;elasticitat i la funcionalitat del perineu, la regi\u00f3 situada entre l&#8217;entrada a la vagina...\" \/>\n<meta property=\"og:url\" content=\"https:\/\/www.canons.es\/cirugia-intima-femenina\/perineoplastia\/\" \/>\n<meta property=\"og:site_name\" content=\"Cl\u00ednica C\u00e0nons | Cirurgia i Medicina Estetica a Barcelona, \u200b\u200bGranollers\" \/>\n<meta property=\"article:publisher\" content=\"https:\/\/www.facebook.com\/canonsclinics\/\" \/>\n<meta property=\"article:modified_time\" content=\"2020-01-29T14:23:52+00:00\" \/>\n<meta name=\"twitter:card\" content=\"summary_large_image\" \/>\n<meta name=\"twitter:site\" content=\"@canonsclinics\" \/>\n<meta name=\"twitter:label1\" content=\"Temps estimat de lectura\" \/>\n\t<meta name=\"twitter:data1\" content=\"4 minuts\" \/>\n<script type=\"application\/ld+json\" class=\"yoast-schema-graph\">{\"@context\":\"https:\\\/\\\/schema.org\",\"@graph\":[{\"@type\":\"WebPage\",\"@id\":\"https:\\\/\\\/www.canons.es\\\/cirugia-intima-femenina\\\/perineoplastia\\\/\",\"url\":\"https:\\\/\\\/www.canons.es\\\/cirugia-intima-femenina\\\/perineoplastia\\\/\",\"name\":\"Perioneopl\u00e0stia - Cl\u00ednica C\u00e0nons | Cirurgia i Medicina Estetica a Barcelona, \u200b\u200bGranollers\",\"isPartOf\":{\"@id\":\"https:\\\/\\\/www.canons.es\\\/#website\"},\"datePublished\":\"2016-07-15T11:53:27+00:00\",\"dateModified\":\"2020-01-29T14:23:52+00:00\",\"breadcrumb\":{\"@id\":\"https:\\\/\\\/www.canons.es\\\/cirugia-intima-femenina\\\/perineoplastia\\\/#breadcrumb\"},\"inLanguage\":\"ca\",\"potentialAction\":[{\"@type\":\"ReadAction\",\"target\":[\"https:\\\/\\\/www.canons.es\\\/cirugia-intima-femenina\\\/perineoplastia\\\/\"]}]},{\"@type\":\"BreadcrumbList\",\"@id\":\"https:\\\/\\\/www.canons.es\\\/cirugia-intima-femenina\\\/perineoplastia\\\/#breadcrumb\",\"itemListElement\":[{\"@type\":\"ListItem\",\"position\":1,\"name\":\"Portada\",\"item\":\"https:\\\/\\\/www.canons.es\\\/ca\\\/\"},{\"@type\":\"ListItem\",\"position\":2,\"name\":\"CIRURGIA PL\u00c0STICA \u00cdNTIMA FEMENINA\",\"item\":\"https:\\\/\\\/www.canons.es\\\/ca\\\/cirurgia-intima-femenina\\\/\"},{\"@type\":\"ListItem\",\"position\":3,\"name\":\"Perioneopl\u00e0stia\"}]},{\"@type\":\"WebSite\",\"@id\":\"https:\\\/\\\/www.canons.es\\\/#website\",\"url\":\"https:\\\/\\\/www.canons.es\\\/\",\"name\":\"Cirug\u00eda Pl\u00e1stica y Est\u00e9tica Barcelona y Granollers | C\u00e0nons Clinics\",\"description\":\"\",\"publisher\":{\"@id\":\"https:\\\/\\\/www.canons.es\\\/#organization\"},\"potentialAction\":[{\"@type\":\"SearchAction\",\"target\":{\"@type\":\"EntryPoint\",\"urlTemplate\":\"https:\\\/\\\/www.canons.es\\\/?s={search_term_string}\"},\"query-input\":{\"@type\":\"PropertyValueSpecification\",\"valueRequired\":true,\"valueName\":\"search_term_string\"}}],\"inLanguage\":\"ca\"},{\"@type\":\"Organization\",\"@id\":\"https:\\\/\\\/www.canons.es\\\/#organization\",\"name\":\"Cirug\u00eda Pl\u00e1stica y Est\u00e9tica Barcelona y Granollers | C\u00e0nons Clinics\",\"url\":\"https:\\\/\\\/www.canons.es\\\/\",\"logo\":{\"@type\":\"ImageObject\",\"inLanguage\":\"ca\",\"@id\":\"https:\\\/\\\/www.canons.es\\\/#\\\/schema\\\/logo\\\/image\\\/\",\"url\":\"https:\\\/\\\/www.canons.es\\\/wp-content\\\/uploads\\\/2025\\\/04\\\/logo-canons-clinics.jpg\",\"contentUrl\":\"https:\\\/\\\/www.canons.es\\\/wp-content\\\/uploads\\\/2025\\\/04\\\/logo-canons-clinics.jpg\",\"width\":600,\"height\":139,\"caption\":\"Cirug\u00eda Pl\u00e1stica y Est\u00e9tica Barcelona y Granollers | C\u00e0nons Clinics\"},\"image\":{\"@id\":\"https:\\\/\\\/www.canons.es\\\/#\\\/schema\\\/logo\\\/image\\\/\"},\"sameAs\":[\"https:\\\/\\\/www.facebook.com\\\/canonsclinics\\\/\",\"https:\\\/\\\/x.com\\\/canonsclinics\",\"https:\\\/\\\/www.instagram.com\\\/canonsclinics\\\/\",\"https:\\\/\\\/www.youtube.com\\\/channel\\\/UCI1Ia6LjALyo1CuQ0_HwtfQ\",\"https:\\\/\\\/www.linkedin.com\\\/company\\\/canons-clinics\\\/\"]}]}<\/script>\n<!-- \/ Yoast SEO Premium plugin. -->","yoast_head_json":{"title":"Perioneopl\u00e0stia - Cl\u00ednica C\u00e0nons | Cirurgia i Medicina Estetica a Barcelona, \u200b\u200bGranollers","robots":{"index":"index","follow":"follow","max-snippet":"max-snippet:-1","max-image-preview":"max-image-preview:large","max-video-preview":"max-video-preview:-1"},"canonical":"https:\/\/www.canons.es\/cirugia-intima-femenina\/perineoplastia\/","og_locale":"ca_ES","og_type":"article","og_title":"Perioneopl\u00e0stia","og_description":"[vc_row css_animation=&#8221;&#8221; row_type=&#8221;row&#8221; use_row_as_full_screen_section=&#8221;no&#8221; type=&#8221;full_width&#8221; angled_section=&#8221;no&#8221; text_align=&#8221;left&#8221; background_image_as_pattern=&#8221;without_pattern&#8221; background_color=&#8221;#f7f7f7&#8243; section_type=&#8221;full-width&#8221;][vc_column][vc_empty_space height=&#8221;20px&#8221;][vc_empty_space height=&#8221;40px&#8221;][vc_row_inner row_type=&#8221;row&#8221; type=&#8221;full_width&#8221; text_align=&#8221;left&#8221; css_animation=&#8221;&#8221;][vc_column_inner width=&#8221;1\/2&#8243;][vc_single_image image=&#8221;11772&#8243; img_size=&#8221;full&#8221; alignment=&#8221;center&#8221; qode_css_animation=&#8221;&#8221;][vc_empty_space height=&#8221;40px&#8221;][\/vc_column_inner][vc_column_inner width=&#8221;1\/2&#8243;][vc_column_text] La perineopl\u00e0stia \u00e9s la intervenci\u00f3 quir\u00fargica per tornar l&#8217;elasticitat i la funcionalitat del perineu, la regi\u00f3 situada entre l&#8217;entrada a la vagina...","og_url":"https:\/\/www.canons.es\/cirugia-intima-femenina\/perineoplastia\/","og_site_name":"Cl\u00ednica C\u00e0nons | Cirurgia i Medicina Estetica a Barcelona, \u200b\u200bGranollers","article_publisher":"https:\/\/www.facebook.com\/canonsclinics\/","article_modified_time":"2020-01-29T14:23:52+00:00","twitter_card":"summary_large_image","twitter_site":"@canonsclinics","twitter_misc":{"Temps estimat de lectura":"4 minuts"},"schema":{"@context":"https:\/\/schema.org","@graph":[{"@type":"WebPage","@id":"https:\/\/www.canons.es\/cirugia-intima-femenina\/perineoplastia\/","url":"https:\/\/www.canons.es\/cirugia-intima-femenina\/perineoplastia\/","name":"Perioneopl\u00e0stia - Cl\u00ednica C\u00e0nons | Cirurgia i Medicina Estetica a Barcelona, \u200b\u200bGranollers","isPartOf":{"@id":"https:\/\/www.canons.es\/#website"},"datePublished":"2016-07-15T11:53:27+00:00","dateModified":"2020-01-29T14:23:52+00:00","breadcrumb":{"@id":"https:\/\/www.canons.es\/cirugia-intima-femenina\/perineoplastia\/#breadcrumb"},"inLanguage":"ca","potentialAction":[{"@type":"ReadAction","target":["https:\/\/www.canons.es\/cirugia-intima-femenina\/perineoplastia\/"]}]},{"@type":"BreadcrumbList","@id":"https:\/\/www.canons.es\/cirugia-intima-femenina\/perineoplastia\/#breadcrumb","itemListElement":[{"@type":"ListItem","position":1,"name":"Portada","item":"https:\/\/www.canons.es\/ca\/"},{"@type":"ListItem","position":2,"name":"CIRURGIA PL\u00c0STICA \u00cdNTIMA FEMENINA","item":"https:\/\/www.canons.es\/ca\/cirurgia-intima-femenina\/"},{"@type":"ListItem","position":3,"name":"Perioneopl\u00e0stia"}]},{"@type":"WebSite","@id":"https:\/\/www.canons.es\/#website","url":"https:\/\/www.canons.es\/","name":"Cirug\u00eda Pl\u00e1stica y Est\u00e9tica Barcelona y Granollers | C\u00e0nons Clinics","description":"","publisher":{"@id":"https:\/\/www.canons.es\/#organization"},"potentialAction":[{"@type":"SearchAction","target":{"@type":"EntryPoint","urlTemplate":"https:\/\/www.canons.es\/?s={search_term_string}"},"query-input":{"@type":"PropertyValueSpecification","valueRequired":true,"valueName":"search_term_string"}}],"inLanguage":"ca"},{"@type":"Organization","@id":"https:\/\/www.canons.es\/#organization","name":"Cirug\u00eda Pl\u00e1stica y Est\u00e9tica Barcelona y Granollers | C\u00e0nons Clinics","url":"https:\/\/www.canons.es\/","logo":{"@type":"ImageObject","inLanguage":"ca","@id":"https:\/\/www.canons.es\/#\/schema\/logo\/image\/","url":"https:\/\/www.canons.es\/wp-content\/uploads\/2025\/04\/logo-canons-clinics.jpg","contentUrl":"https:\/\/www.canons.es\/wp-content\/uploads\/2025\/04\/logo-canons-clinics.jpg","width":600,"height":139,"caption":"Cirug\u00eda Pl\u00e1stica y Est\u00e9tica Barcelona y Granollers | C\u00e0nons Clinics"},"image":{"@id":"https:\/\/www.canons.es\/#\/schema\/logo\/image\/"},"sameAs":["https:\/\/www.facebook.com\/canonsclinics\/","https:\/\/x.com\/canonsclinics","https:\/\/www.instagram.com\/canonsclinics\/","https:\/\/www.youtube.com\/channel\/UCI1Ia6LjALyo1CuQ0_HwtfQ","https:\/\/www.linkedin.com\/company\/canons-clinics\/"]}]}},"_links":{"self":[{"href":"https:\/\/www.canons.es\/ca\/wp-json\/wp\/v2\/pages\/11782","targetHints":{"allow":["GET"]}}],"collection":[{"href":"https:\/\/www.canons.es\/ca\/wp-json\/wp\/v2\/pages"}],"about":[{"href":"https:\/\/www.canons.es\/ca\/wp-json\/wp\/v2\/types\/page"}],"author":[{"embeddable":true,"href":"https:\/\/www.canons.es\/ca\/wp-json\/wp\/v2\/users\/25"}],"replies":[{"embeddable":true,"href":"https:\/\/www.canons.es\/ca\/wp-json\/wp\/v2\/comments?post=11782"}],"version-history":[{"count":0,"href":"https:\/\/www.canons.es\/ca\/wp-json\/wp\/v2\/pages\/11782\/revisions"}],"up":[{"embeddable":true,"href":"https:\/\/www.canons.es\/ca\/wp-json\/wp\/v2\/pages\/10019"}],"wp:attachment":[{"href":"https:\/\/www.canons.es\/ca\/wp-json\/wp\/v2\/media?parent=11782"}],"curies":[{"name":"wp","href":"https:\/\/api.w.org\/{rel}","templated":true}]}}