{"id":11687,"date":"2016-06-21T13:35:28","date_gmt":"2016-06-21T13:35:28","guid":{"rendered":"https:\/\/www.canons.es\/ca\/francesca-pol-bassa\/"},"modified":"2021-11-23T08:18:30","modified_gmt":"2021-11-23T08:18:30","slug":"judit-raimundo-gonzalez","status":"publish","type":"page","link":"https:\/\/www.canons.es\/ca\/equip-canons\/judit-raimundo-gonzalez\/","title":{"rendered":"Equip C\u00e0nons Clinics"},"content":{"rendered":"<div class=\"wpb-content-wrapper\"><p>[vc_row css_animation=&#8221;&#8221; row_type=&#8221;row&#8221; use_row_as_full_screen_section=&#8221;no&#8221; type=&#8221;full_width&#8221; angled_section=&#8221;no&#8221; text_align=&#8221;left&#8221; background_image_as_pattern=&#8221;without_pattern&#8221; section_type=&#8221;full-width&#8221;][vc_column width=&#8221;1\/2&#8243;][vc_single_image image=&#8221;19906&#8243; img_size=&#8221;full&#8221; alignment=&#8221;center&#8221; qode_css_animation=&#8221;&#8221; css_animation=&#8221;fadeInLeft&#8221;][\/vc_column][vc_column width=&#8221;1\/2&#8243;][vc_column_text]<\/p>\n<h1><span style=\"color: #6d98dc;\">Judit Raimundo Gonz\u00e1lez<\/span><\/h1>\n<p>[\/vc_column_text][vc_empty_space][vc_column_text]<span style=\"color: #6d98dc;\"><strong>Assessora d&#8217;imatge i esteticista <\/strong><\/span>[\/vc_column_text][vc_empty_space][vc_column_text]<\/p>\n<h4><span style=\"color: #6d98dc;\">DADES ACAD\u00c8MIQUES<\/span><\/h4>\n<p>&nbsp;<\/p>\n<ul>\n<li>Cicle formatiu\u00a0de Grau Mitj\u00e0\u00a0en Est\u00e8tica Personal i Decorativa, a Parc Estudi, Granollers<\/li>\n<li>Curs de maquillatge de fantasia, a Parc Estudi, Granollers<\/li>\n<li>\u00a0Curs de LPG endermologie, amb Solilaser, Girona<\/li>\n<li>Curs de maquillatge, a Josep Pons, Barcelona<\/li>\n<li>Curs de depilaci\u00f3 l\u00e0ser \u00a0i fotodepilaci\u00f3<\/li>\n<li>Curs de Drenatge Limf\u00e0tic Manual, a DRV S.A<\/li>\n<li>Curs de quiromassatge<\/li>\n<li>Massatge geotermal<\/li>\n<\/ul>\n<p>[\/vc_column_text][\/vc_column][\/vc_row][vc_row css_animation=&#8221;&#8221; row_type=&#8221;row&#8221; use_row_as_full_screen_section=&#8221;no&#8221; type=&#8221;full_width&#8221; angled_section=&#8221;no&#8221; text_align=&#8221;left&#8221; background_image_as_pattern=&#8221;without_pattern&#8221;][vc_column][vc_empty_space][\/vc_column][\/vc_row][vc_row css_animation=&#8221;&#8221; row_type=&#8221;row&#8221; use_row_as_full_screen_section=&#8221;no&#8221; type=&#8221;full_width&#8221; angled_section=&#8221;no&#8221; text_align=&#8221;left&#8221; background_image_as_pattern=&#8221;without_pattern&#8221; section_type=&#8221;full-width&#8221;][vc_column][vc_accordion style=&#8221;accordion&#8221;][vc_accordion_tab title=&#8221;EXPERI\u00c8NCIA PROFESSIONAL&#8221;][vc_column_text]<\/p>\n<ul>\n<li class=\"p1\">Espais Mima (Abril 2004 &#8211; Mar\u00e7 2005)<\/li>\n<li class=\"p1\">Estil i Colors (Mar\u00e7 2005 &#8211; Desembre 2005)<\/li>\n<li>Armon\u00eda (Desembre 2005 &#8211; Novembre 2006)<\/li>\n<li>E.E Bnstar (Desembre 2006 &#8211; Gener 2008)<\/li>\n<li>Espai Est\u00e8tic (Abril 2009 &#8211; Gener 2012)<\/li>\n<li>Club Fitness DiR (Octubre 2013- Octubre 2014)<\/li>\n<li>Instal\u00b7lacions de Lleure Esportiu Illa (Desembre 2014 &#8211; Octubre 2016)<\/li>\n<li>Esteticista i Auxiliar de Medicina Est\u00e8tica a C\u00e0nons Clinics de Granollers (Octubre 2016-Actualitat).<\/li>\n<\/ul>\n<p>[\/vc_column_text][\/vc_accordion_tab][\/vc_accordion][\/vc_column][\/vc_row]<\/p>\n<\/div><!-- AddThis Advanced Settings generic via filter on the_content --><!-- AddThis Share Buttons generic via filter on the_content -->","protected":false},"excerpt":{"rendered":"<p>[vc_row css_animation=&#8221;&#8221; row_type=&#8221;row&#8221; use_row_as_full_screen_section=&#8221;no&#8221; type=&#8221;full_width&#8221; angled_section=&#8221;no&#8221; text_align=&#8221;left&#8221; background_image_as_pattern=&#8221;without_pattern&#8221; section_type=&#8221;full-width&#8221;][vc_column width=&#8221;1\/2&#8243;][vc_single_image image=&#8221;19906&#8243; img_size=&#8221;full&#8221; alignment=&#8221;center&#8221; qode_css_animation=&#8221;&#8221; css_animation=&#8221;fadeInLeft&#8221;][\/vc_column][vc_column width=&#8221;1\/2&#8243;][vc_column_text] Judit Raimundo Gonz\u00e1lez [\/vc_column_text][vc_empty_space][vc_column_text]Assessora d&#8217;imatge i esteticista [\/vc_column_text][vc_empty_space][vc_column_text] DADES ACAD\u00c8MIQUES &nbsp; Cicle formatiu\u00a0de Grau Mitj\u00e0\u00a0en Est\u00e8tica Personal i Decorativa, a Parc Estudi, Granollers Curs de maquillatge de fantasia, a&#8230;<!-- AddThis Advanced Settings generic via filter on get_the_excerpt --><!-- AddThis Share Buttons generic via filter on get_the_excerpt --><\/p>\n","protected":false},"author":25,"featured_media":0,"parent":8967,"menu_order":0,"comment_status":"closed","ping_status":"closed","template":"","meta":{"footnotes":""},"class_list":["post-11687","page","type-page","status-publish","hentry"],"yoast_head":"<!-- This site is optimized with the Yoast SEO Premium plugin v26.9 (Yoast SEO v27.2) - https:\/\/yoast.com\/product\/yoast-seo-premium-wordpress\/ -->\n<title>Equip C\u00e0nons Clinics - Cl\u00ednica C\u00e0nons | Cirurgia i Medicina Estetica a Barcelona, \u200b\u200bGranollers<\/title>\n<meta name=\"robots\" content=\"index, follow, max-snippet:-1, max-image-preview:large, max-video-preview:-1\" \/>\n<link rel=\"canonical\" href=\"https:\/\/www.canons.es\/ca\/equip-canons\/judit-raimundo-gonzalez\/\" \/>\n<meta property=\"og:locale\" content=\"ca_ES\" \/>\n<meta property=\"og:type\" content=\"article\" \/>\n<meta property=\"og:title\" content=\"Equip C\u00e0nons Clinics\" \/>\n<meta property=\"og:description\" content=\"[vc_row css_animation=&#8221;&#8221; row_type=&#8221;row&#8221; use_row_as_full_screen_section=&#8221;no&#8221; type=&#8221;full_width&#8221; angled_section=&#8221;no&#8221; text_align=&#8221;left&#8221; background_image_as_pattern=&#8221;without_pattern&#8221; section_type=&#8221;full-width&#8221;][vc_column width=&#8221;1\/2&#8243;][vc_single_image image=&#8221;19906&#8243; img_size=&#8221;full&#8221; alignment=&#8221;center&#8221; qode_css_animation=&#8221;&#8221; css_animation=&#8221;fadeInLeft&#8221;][\/vc_column][vc_column width=&#8221;1\/2&#8243;][vc_column_text] Judit Raimundo Gonz\u00e1lez [\/vc_column_text][vc_empty_space][vc_column_text]Assessora d&#8217;imatge i esteticista [\/vc_column_text][vc_empty_space][vc_column_text] DADES ACAD\u00c8MIQUES &nbsp; Cicle formatiu\u00a0de Grau Mitj\u00e0\u00a0en Est\u00e8tica Personal i Decorativa, a Parc Estudi, Granollers Curs de maquillatge de fantasia, a...\" \/>\n<meta property=\"og:url\" content=\"https:\/\/www.canons.es\/ca\/equip-canons\/judit-raimundo-gonzalez\/\" \/>\n<meta property=\"og:site_name\" content=\"Cl\u00ednica C\u00e0nons | Cirurgia i Medicina Estetica a Barcelona, \u200b\u200bGranollers\" \/>\n<meta property=\"article:publisher\" content=\"https:\/\/www.facebook.com\/canonsclinics\/\" \/>\n<meta property=\"article:modified_time\" content=\"2021-11-23T08:18:30+00:00\" \/>\n<meta name=\"twitter:card\" content=\"summary_large_image\" \/>\n<meta name=\"twitter:site\" content=\"@canonsclinics\" \/>\n<meta name=\"twitter:label1\" content=\"Temps estimat de lectura\" \/>\n\t<meta name=\"twitter:data1\" content=\"2 minuts\" \/>\n<script type=\"application\/ld+json\" class=\"yoast-schema-graph\">{\"@context\":\"https:\/\/schema.org\",\"@graph\":[{\"@type\":\"WebPage\",\"@id\":\"https:\/\/www.canons.es\/ca\/equip-canons\/judit-raimundo-gonzalez\/\",\"url\":\"https:\/\/www.canons.es\/ca\/equip-canons\/judit-raimundo-gonzalez\/\",\"name\":\"Equip C\u00e0nons Clinics - Cl\u00ednica C\u00e0nons | Cirurgia i Medicina Estetica a Barcelona, \u200b\u200bGranollers\",\"isPartOf\":{\"@id\":\"https:\/\/www.canons.es\/#website\"},\"datePublished\":\"2016-06-21T13:35:28+00:00\",\"dateModified\":\"2021-11-23T08:18:30+00:00\",\"breadcrumb\":{\"@id\":\"https:\/\/www.canons.es\/ca\/equip-canons\/judit-raimundo-gonzalez\/#breadcrumb\"},\"inLanguage\":\"ca\",\"potentialAction\":[{\"@type\":\"ReadAction\",\"target\":[\"https:\/\/www.canons.es\/ca\/equip-canons\/judit-raimundo-gonzalez\/\"]}]},{\"@type\":\"BreadcrumbList\",\"@id\":\"https:\/\/www.canons.es\/ca\/equip-canons\/judit-raimundo-gonzalez\/#breadcrumb\",\"itemListElement\":[{\"@type\":\"ListItem\",\"position\":1,\"name\":\"Portada\",\"item\":\"https:\/\/www.canons.es\/ca\/\"},{\"@type\":\"ListItem\",\"position\":2,\"name\":\"EQUIP C\u00c0NONS CLINICS\",\"item\":\"https:\/\/www.canons.es\/equipo-canons\/\"},{\"@type\":\"ListItem\",\"position\":3,\"name\":\"Equip C\u00e0nons Clinics\"}]},{\"@type\":\"WebSite\",\"@id\":\"https:\/\/www.canons.es\/#website\",\"url\":\"https:\/\/www.canons.es\/\",\"name\":\"Cirug\u00eda Pl\u00e1stica y Est\u00e9tica Barcelona y Granollers | C\u00e0nons Clinics\",\"description\":\"\",\"publisher\":{\"@id\":\"https:\/\/www.canons.es\/#organization\"},\"potentialAction\":[{\"@type\":\"SearchAction\",\"target\":{\"@type\":\"EntryPoint\",\"urlTemplate\":\"https:\/\/www.canons.es\/?s={search_term_string}\"},\"query-input\":{\"@type\":\"PropertyValueSpecification\",\"valueRequired\":true,\"valueName\":\"search_term_string\"}}],\"inLanguage\":\"ca\"},{\"@type\":\"Organization\",\"@id\":\"https:\/\/www.canons.es\/#organization\",\"name\":\"Cirug\u00eda Pl\u00e1stica y Est\u00e9tica Barcelona y Granollers | C\u00e0nons Clinics\",\"url\":\"https:\/\/www.canons.es\/\",\"logo\":{\"@type\":\"ImageObject\",\"inLanguage\":\"ca\",\"@id\":\"https:\/\/www.canons.es\/#\/schema\/logo\/image\/\",\"url\":\"https:\/\/www.canons.es\/wp-content\/uploads\/2025\/04\/logo-canons-clinics.jpg\",\"contentUrl\":\"https:\/\/www.canons.es\/wp-content\/uploads\/2025\/04\/logo-canons-clinics.jpg\",\"width\":600,\"height\":139,\"caption\":\"Cirug\u00eda Pl\u00e1stica y Est\u00e9tica Barcelona y Granollers | C\u00e0nons Clinics\"},\"image\":{\"@id\":\"https:\/\/www.canons.es\/#\/schema\/logo\/image\/\"},\"sameAs\":[\"https:\/\/www.facebook.com\/canonsclinics\/\",\"https:\/\/x.com\/canonsclinics\",\"https:\/\/www.instagram.com\/canonsclinics\/\",\"https:\/\/www.youtube.com\/channel\/UCI1Ia6LjALyo1CuQ0_HwtfQ\",\"https:\/\/www.linkedin.com\/company\/canons-clinics\/\"]}]}<\/script>\n<!-- \/ Yoast SEO Premium plugin. -->","yoast_head_json":{"title":"Equip C\u00e0nons Clinics - Cl\u00ednica C\u00e0nons | Cirurgia i Medicina Estetica a Barcelona, \u200b\u200bGranollers","robots":{"index":"index","follow":"follow","max-snippet":"max-snippet:-1","max-image-preview":"max-image-preview:large","max-video-preview":"max-video-preview:-1"},"canonical":"https:\/\/www.canons.es\/ca\/equip-canons\/judit-raimundo-gonzalez\/","og_locale":"ca_ES","og_type":"article","og_title":"Equip C\u00e0nons Clinics","og_description":"[vc_row css_animation=&#8221;&#8221; row_type=&#8221;row&#8221; use_row_as_full_screen_section=&#8221;no&#8221; type=&#8221;full_width&#8221; angled_section=&#8221;no&#8221; text_align=&#8221;left&#8221; background_image_as_pattern=&#8221;without_pattern&#8221; section_type=&#8221;full-width&#8221;][vc_column width=&#8221;1\/2&#8243;][vc_single_image image=&#8221;19906&#8243; img_size=&#8221;full&#8221; alignment=&#8221;center&#8221; qode_css_animation=&#8221;&#8221; css_animation=&#8221;fadeInLeft&#8221;][\/vc_column][vc_column width=&#8221;1\/2&#8243;][vc_column_text] Judit Raimundo Gonz\u00e1lez [\/vc_column_text][vc_empty_space][vc_column_text]Assessora d&#8217;imatge i esteticista [\/vc_column_text][vc_empty_space][vc_column_text] DADES ACAD\u00c8MIQUES &nbsp; Cicle formatiu\u00a0de Grau Mitj\u00e0\u00a0en Est\u00e8tica Personal i Decorativa, a Parc Estudi, Granollers Curs de maquillatge de fantasia, a...","og_url":"https:\/\/www.canons.es\/ca\/equip-canons\/judit-raimundo-gonzalez\/","og_site_name":"Cl\u00ednica C\u00e0nons | Cirurgia i Medicina Estetica a Barcelona, \u200b\u200bGranollers","article_publisher":"https:\/\/www.facebook.com\/canonsclinics\/","article_modified_time":"2021-11-23T08:18:30+00:00","twitter_card":"summary_large_image","twitter_site":"@canonsclinics","twitter_misc":{"Temps estimat de lectura":"2 minuts"},"schema":{"@context":"https:\/\/schema.org","@graph":[{"@type":"WebPage","@id":"https:\/\/www.canons.es\/ca\/equip-canons\/judit-raimundo-gonzalez\/","url":"https:\/\/www.canons.es\/ca\/equip-canons\/judit-raimundo-gonzalez\/","name":"Equip C\u00e0nons Clinics - Cl\u00ednica C\u00e0nons | Cirurgia i Medicina Estetica a Barcelona, \u200b\u200bGranollers","isPartOf":{"@id":"https:\/\/www.canons.es\/#website"},"datePublished":"2016-06-21T13:35:28+00:00","dateModified":"2021-11-23T08:18:30+00:00","breadcrumb":{"@id":"https:\/\/www.canons.es\/ca\/equip-canons\/judit-raimundo-gonzalez\/#breadcrumb"},"inLanguage":"ca","potentialAction":[{"@type":"ReadAction","target":["https:\/\/www.canons.es\/ca\/equip-canons\/judit-raimundo-gonzalez\/"]}]},{"@type":"BreadcrumbList","@id":"https:\/\/www.canons.es\/ca\/equip-canons\/judit-raimundo-gonzalez\/#breadcrumb","itemListElement":[{"@type":"ListItem","position":1,"name":"Portada","item":"https:\/\/www.canons.es\/ca\/"},{"@type":"ListItem","position":2,"name":"EQUIP C\u00c0NONS CLINICS","item":"https:\/\/www.canons.es\/equipo-canons\/"},{"@type":"ListItem","position":3,"name":"Equip C\u00e0nons Clinics"}]},{"@type":"WebSite","@id":"https:\/\/www.canons.es\/#website","url":"https:\/\/www.canons.es\/","name":"Cirug\u00eda Pl\u00e1stica y Est\u00e9tica Barcelona y Granollers | C\u00e0nons Clinics","description":"","publisher":{"@id":"https:\/\/www.canons.es\/#organization"},"potentialAction":[{"@type":"SearchAction","target":{"@type":"EntryPoint","urlTemplate":"https:\/\/www.canons.es\/?s={search_term_string}"},"query-input":{"@type":"PropertyValueSpecification","valueRequired":true,"valueName":"search_term_string"}}],"inLanguage":"ca"},{"@type":"Organization","@id":"https:\/\/www.canons.es\/#organization","name":"Cirug\u00eda Pl\u00e1stica y Est\u00e9tica Barcelona y Granollers | C\u00e0nons Clinics","url":"https:\/\/www.canons.es\/","logo":{"@type":"ImageObject","inLanguage":"ca","@id":"https:\/\/www.canons.es\/#\/schema\/logo\/image\/","url":"https:\/\/www.canons.es\/wp-content\/uploads\/2025\/04\/logo-canons-clinics.jpg","contentUrl":"https:\/\/www.canons.es\/wp-content\/uploads\/2025\/04\/logo-canons-clinics.jpg","width":600,"height":139,"caption":"Cirug\u00eda Pl\u00e1stica y Est\u00e9tica Barcelona y Granollers | C\u00e0nons Clinics"},"image":{"@id":"https:\/\/www.canons.es\/#\/schema\/logo\/image\/"},"sameAs":["https:\/\/www.facebook.com\/canonsclinics\/","https:\/\/x.com\/canonsclinics","https:\/\/www.instagram.com\/canonsclinics\/","https:\/\/www.youtube.com\/channel\/UCI1Ia6LjALyo1CuQ0_HwtfQ","https:\/\/www.linkedin.com\/company\/canons-clinics\/"]}]}},"_links":{"self":[{"href":"https:\/\/www.canons.es\/ca\/wp-json\/wp\/v2\/pages\/11687","targetHints":{"allow":["GET"]}}],"collection":[{"href":"https:\/\/www.canons.es\/ca\/wp-json\/wp\/v2\/pages"}],"about":[{"href":"https:\/\/www.canons.es\/ca\/wp-json\/wp\/v2\/types\/page"}],"author":[{"embeddable":true,"href":"https:\/\/www.canons.es\/ca\/wp-json\/wp\/v2\/users\/25"}],"replies":[{"embeddable":true,"href":"https:\/\/www.canons.es\/ca\/wp-json\/wp\/v2\/comments?post=11687"}],"version-history":[{"count":0,"href":"https:\/\/www.canons.es\/ca\/wp-json\/wp\/v2\/pages\/11687\/revisions"}],"up":[{"embeddable":true,"href":"https:\/\/www.canons.es\/ca\/wp-json\/wp\/v2\/pages\/8967"}],"wp:attachment":[{"href":"https:\/\/www.canons.es\/ca\/wp-json\/wp\/v2\/media?parent=11687"}],"curies":[{"name":"wp","href":"https:\/\/api.w.org\/{rel}","templated":true}]}}