{"id":11529,"date":"2016-04-05T08:25:16","date_gmt":"2016-04-05T08:25:16","guid":{"rendered":"https:\/\/www.canons.es\/ca\/terapia-reafirmante-facial-con-radiofrecuencia-thermage\/"},"modified":"2021-03-02T14:50:11","modified_gmt":"2021-03-02T14:50:11","slug":"reafirmant-facial-radiofrecuencia","status":"publish","type":"page","link":"https:\/\/www.canons.es\/ca\/facial-estetica-avanzada\/reafirmant-facial-radiofrecuencia\/","title":{"rendered":"Ter\u00e0pia Reafirmant Facial amb Radiofreq\u00fc\u00e8ncia EndyMed Pro"},"content":{"rendered":"<div class=\"wpb-content-wrapper\"><p>[vc_row css_animation=&#8221;&#8221; row_type=&#8221;row&#8221; use_row_as_full_screen_section=&#8221;no&#8221; type=&#8221;full_width&#8221; angled_section=&#8221;no&#8221; text_align=&#8221;left&#8221; background_image_as_pattern=&#8221;without_pattern&#8221; background_color=&#8221;#f7f7f7&#8243; section_type=&#8221;full-width&#8221;][vc_column][vc_empty_space height=&#8221;20px&#8221;]<div class=\"custom_font_holder\" style=\"font-family: Raleway; font-size: 35px; line-height: 26px; font-style: normal; font-weight: 300; color: #1e70b3; text-decoration: none; text-align: left;\">TER\u00c0PIA REAFIRMANT FACIAL AMB RADIOFREQ\u00dc\u00c8NCIA ENDYMED<\/div>[vc_empty_space height=&#8221;40px&#8221;][vc_row_inner row_type=&#8221;row&#8221; type=&#8221;full_width&#8221; text_align=&#8221;left&#8221; css_animation=&#8221;&#8221;][vc_column_inner width=&#8221;1\/2&#8243;][vc_single_image image=&#8221;17853&#8243; img_size=&#8221;500&#215;200&#8243; alignment=&#8221;center&#8221; qode_css_animation=&#8221;&#8221;][vc_empty_space height=&#8221;40px&#8221;][\/vc_column_inner][vc_column_inner width=&#8221;1\/2&#8243;][vc_column_text]<\/p>\n<p style=\"text-align: justify;\">Amb els anys, la pell perd col\u00b7l\u00e0gen i elasticitat, fet que afavoreixen l&#8217;aparici\u00f3 d&#8217;arrugues i signes de la flacidesa.<\/p>\n<p style=\"text-align: justify;\"><strong>EndyMed Pro<\/strong>\u00a0\u00e9s el <strong>lifting sense cirurgia<\/strong>, que\u00a0utilitza l&#8217;energia que proporciona la radiofreq\u00fc\u00e8ncia actuant sobre el col\u00b7l\u00e0gen i estimulant la producci\u00f3 de m\u00e9s concentraci\u00f3 de col\u00b7l\u00e0gen a les zones tractades, de manera que <strong>reafirma els teixits on s&#8217;aplica<\/strong>. Es pot tractar la flacidesa de la zona del <strong>rostre, ment\u00f3, coll<\/strong> i tamb\u00e9 <a href=\"\/ca\/terapia-reafirmant-corporal-amb-radiofrequencia-thermage\">zones corporals<\/a> com <strong>bra\u00e7os, abdomen, glutis i cames<\/strong>.<\/p>\n<p>[\/vc_column_text][\/vc_column_inner][\/vc_row_inner][\/vc_column][\/vc_row][vc_row css_animation=&#8221;&#8221; row_type=&#8221;row&#8221; use_row_as_full_screen_section=&#8221;no&#8221; type=&#8221;full_width&#8221; angled_section=&#8221;no&#8221; text_align=&#8221;left&#8221; background_image_as_pattern=&#8221;without_pattern&#8221; section_type=&#8221;full-width&#8221;][vc_column][vc_empty_space][vc_accordion style=&#8221;accordion&#8221;][vc_accordion_tab title=&#8221;Qu\u00e8 \u00e9s la radiofreq\u00fc\u00e8ncia EndyMed?&#8221;][vc_column_text]<\/p>\n<p style=\"text-align: justify;\">El <span style=\"color: #6d98dc;\"><strong>tractament de EndyMed Pro<\/strong>\u00a0o <strong>lifting sense cirurgia<\/strong><\/span> \u00e9s la t\u00e8cnica de bellesa m\u00e9s nova per <strong><span style=\"color: #6d98dc;\">combatre la flacidesa del rostre, ment\u00f3, coll<\/span>, <a href=\"\/ca\/terapia-reafirmant-corporal-amb-radiofrequencia-thermage\">bra\u00e7os, abdomen, glutis i cames<\/a><\/strong>. Els resultats s\u00f3n molt naturals, rejovenint la pell de manera visible sense deixar cap marca.<\/p>\n<p>[\/vc_column_text][vc_raw_html]JTNDdmlkZW8lMjBpZCUzRCUyMnZpZGVvLWVtYmVkLWMlMjIlMjB3aWR0aCUzRCUyMjEwMCUyNSUyMiUyMGNvbnRyb2xzJTIwcG9zdGVyJTNEJTIyJTJGd3AtY29udGVudCUyRnVwbG9hZHMlMkYyMDIxJTJGMDMlMkZlbmR5bWVkLWltZy5qcGclMjIlM0UlMEElMjAlMjAlM0Nzb3VyY2UlMjBzcmMlM0QlMjIlMkZ3cC1jb250ZW50JTJGdXBsb2FkcyUyRjIwMjElMkYwMyUyRkVuZHltZWQtQ29tcGxldGUubXA0JTIyJTIwdHlwZSUzRCUyMnZpZGVvJTJGbXA0JTIyJTNFJTBBJTIwJTIwWW91ciUyMGJyb3dzZXIlMjBkb2VzJTIwbm90JTIwc3VwcG9ydCUyMHRoZSUyMHZpZGVvJTIwdGFnLiUwQSUzQyUyRnZpZGVvJTNF[\/vc_raw_html][\/vc_accordion_tab][vc_accordion_tab title=&#8221;Com acta la radiofreq\u00fc\u00e8ncia EndyMed?&#8221; icon=&#8221;&#8221;][vc_column_text]<\/p>\n<p style=\"text-align: justify;\">Amb el pas del temps el col\u00b7l\u00e0gen de la nostra pell disminueix, cosa que provoca l&#8217;aparici\u00f3 d&#8217;arrugues i signes de flacidesa, efectes secundaris del proc\u00e9s d&#8217;envelliment natural.<\/p>\n<p><span style=\"color: #6d98dc;\"><strong>EndyMed Pro<\/strong><\/span>\u00a0empra una tecnologia patentada de radiofreq\u00fc\u00e8ncia que escalfa les capes profundes de la pell i <strong><span style=\"color: #6d98dc;\">estimula el col\u00b7l\u00e0gen existent<\/span>, <\/strong>creant una capa nova perqu\u00e8 la pell es recuperi.<\/p>\n<p><span style=\"color: #6d98dc;\"><strong>EndyMed Pro<\/strong><\/span>\u00a0es postula com el <span style=\"color: #6d98dc;\"><strong>millor sistema de manteniment regeneratiu no invasiu de la tonicitat i compactaci\u00f3 de la pell<\/strong><\/span>.[\/vc_column_text][\/vc_accordion_tab][vc_accordion_tab title=&#8221;Quines zones podr\u00e9 reafirmar amb EndyMed?&#8221;][vc_column_text]<\/p>\n<p style=\"text-align: justify;\">Les \u00e0rees que es tracten s\u00f3n les afectades per la flacidesa cut\u00e0nea i que precisen reafirmaci\u00f3 com el <span style=\"color: #6d98dc;\"><strong>rostre, doble ment\u00f3 o papada<\/strong><\/span> i\u00a0 la <a href=\"\/ca\/terapia-reafirmant-corporal-amb-radiofrequencia-thermage\">zona corporal<\/a>, com\u00a0\u00a0<span style=\"color: #6d98dc;\"><strong>bra\u00e7os, abdomen, glutis i cames<\/strong><\/span>.<\/p>\n<p>[\/vc_column_text][\/vc_accordion_tab][vc_accordion_tab title=&#8221;Quins resultats obtindr\u00e9?&#8221;][vc_column_text]<\/p>\n<p style=\"text-align: justify;\">Aconseguir\u00e0s una <span style=\"color: #6d98dc;\"><strong>reafirmaci\u00f3 dels teixits<\/strong><\/span> tractats aconseguint una pell m\u00e9s ferma, suau i amb el contorn definit. A la zona del rostre tamb\u00e9 aconseguir\u00e0s una redesinficaci\u00f3 de les arrugues i l\u00ednies d&#8217;expressi\u00f3, <span style=\"color: #6d98dc;\"><strong>disminuint la seva profunditat per l&#8217;efecte de l&#8217;estimulaci\u00f3 del col\u00b7l\u00e0gen<\/strong><\/span>.<\/p>\n<p>[\/vc_column_text][\/vc_accordion_tab][vc_accordion_tab title=&#8221;Quan podr\u00e9 comen\u00e7ar amb la ter\u00e0pia preventiva EndyMed?&#8221;][vc_column_text]<\/p>\n<p style=\"text-align: justify;\">Depenent de l&#8217;estat de flacidesa de la pell podr\u00e0s comen\u00e7ar <span style=\"color: #6d98dc;\"><strong>entre els 35 i 40 anys<\/strong><\/span>, si el facultatiu ho indica.<\/p>\n<p>[\/vc_column_text][\/vc_accordion_tab][vc_accordion_tab title=&#8221;Quantes sessions em faran falta amb la radiofreq\u00fc\u00e8ncia EndyMed?&#8221;][vc_column_text]<\/p>\n<p style=\"text-align: justify;\">A difer\u00e8ncia d&#8217;altres tractaments, <span style=\"color: #6d98dc;\"><strong>EndyMed Pro<\/strong><\/span>\u00a0nom\u00e9s requereix <span style=\"color: #6d98dc;\"><strong>una sessi\u00f3 a l&#8217;any<\/strong><\/span>, ja que els seus efectes progressius van apareixent i intensificant-se durant els 6 \u2013 8 mesos posteriors a la sessi\u00f3.<\/p>\n<p>[\/vc_column_text][\/vc_accordion_tab][vc_accordion_tab title=&#8221;Qu\u00e8 notar\u00e9 a la sessi\u00f3 EndyMed?&#8221;][vc_column_text]<\/p>\n<p style=\"text-align: justify;\">EndyMed Pro\u00a0\u00e9s un <span style=\"color: #6d98dc;\"><strong>tractament indolor<\/strong><\/span>. Nom\u00e9s sentir\u00e0s un lleu focus\u00a0de calor sobre la pell que es contraresta gr\u00e0cies al sistema incorporat\u00a0EndyMed Pro de refredament de la superf\u00edcie de la pell. Aquesta t\u00e8cnica l\u00e0ser manca d&#8217;efectes secundaris.<\/p>\n<p>[\/vc_column_text][\/vc_accordion_tab][vc_accordion_tab title=&#8221;Quant dura una sessi\u00f3?&#8221; icon=&#8221;&#8221;][vc_column_text]<\/p>\n<p style=\"text-align: justify;\">El tractament es realitza amb un total de <span style=\"color: #6d98dc;\"><strong>6 sessions. <\/strong><\/span>Les 4 primeres setmanals i les 2 \u00faltimes quinzenals.<\/p>\n<p>[\/vc_column_text][\/vc_accordion_tab][vc_accordion_tab title=&#8221;A quina \u00e8poca de l&#8217;any \u00e9s m\u00e9s recomanable?&#8221;][vc_column_text]Pot realitzar-se en <span style=\"color: #6d98dc;\"><strong>qualsevol \u00e8poca de l&#8217;any<\/strong><\/span>, ja que l&#8217;exposici\u00f3 solar no est\u00e0 contraindicada.[\/vc_column_text][\/vc_accordion_tab][vc_accordion_tab title=&#8221;Puc combinar-ho amb altres ter\u00e0pies facials o corporals?&#8221;][vc_column_text]<\/p>\n<p style=\"text-align: justify;\">\u00c9s totalment <span style=\"color: #6d98dc;\"><strong>compatible i combinable<\/strong><\/span> amb totes les ter\u00e0pies m\u00e8diques, est\u00e8tiques, facials i corporals seguint les recomanacions pautades pels nostres metges especialistes en Medicina Est\u00e8tica.<\/p>\n<p>[\/vc_column_text][\/vc_accordion_tab][\/vc_accordion][\/vc_column][\/vc_row]<\/p>\n<\/div><!-- AddThis Advanced Settings generic via filter on the_content --><!-- AddThis Share Buttons generic via filter on the_content -->","protected":false},"excerpt":{"rendered":"<p>[vc_row css_animation=&#8221;&#8221; row_type=&#8221;row&#8221; use_row_as_full_screen_section=&#8221;no&#8221; type=&#8221;full_width&#8221; angled_section=&#8221;no&#8221; text_align=&#8221;left&#8221; background_image_as_pattern=&#8221;without_pattern&#8221; background_color=&#8221;#f7f7f7&#8243; section_type=&#8221;full-width&#8221;][vc_column][vc_empty_space height=&#8221;20px&#8221;][vc_empty_space height=&#8221;40px&#8221;][vc_row_inner row_type=&#8221;row&#8221; type=&#8221;full_width&#8221; text_align=&#8221;left&#8221; css_animation=&#8221;&#8221;][vc_column_inner width=&#8221;1\/2&#8243;][vc_single_image image=&#8221;17853&#8243; img_size=&#8221;500&#215;200&#8243; alignment=&#8221;center&#8221; qode_css_animation=&#8221;&#8221;][vc_empty_space height=&#8221;40px&#8221;][\/vc_column_inner][vc_column_inner width=&#8221;1\/2&#8243;][vc_column_text] Amb els anys, la pell perd col\u00b7l\u00e0gen i elasticitat, fet que afavoreixen l&#8217;aparici\u00f3 d&#8217;arrugues i signes de la flacidesa. EndyMed Pro\u00a0\u00e9s el&#8230;<!-- AddThis Advanced Settings generic via filter on get_the_excerpt --><!-- AddThis Share Buttons generic via filter on get_the_excerpt --><\/p>\n","protected":false},"author":25,"featured_media":0,"parent":11486,"menu_order":0,"comment_status":"closed","ping_status":"closed","template":"","meta":{"footnotes":""},"class_list":["post-11529","page","type-page","status-publish","hentry"],"yoast_head":"<!-- This site is optimized with the Yoast SEO Premium plugin v26.9 (Yoast SEO v27.2) - https:\/\/yoast.com\/product\/yoast-seo-premium-wordpress\/ -->\n<title>Ter\u00e0pia Reafirmant Facial amb Radiofreq\u00fc\u00e8ncia EndyMed Pro - Cl\u00ednica C\u00e0nons | Cirurgia i Medicina Estetica a Barcelona, \u200b\u200bGranollers<\/title>\n<meta name=\"robots\" content=\"index, follow, max-snippet:-1, max-image-preview:large, max-video-preview:-1\" \/>\n<link rel=\"canonical\" href=\"https:\/\/www.canons.es\/facial-estetica-avanzada\/reafirmante-facial-radiofrecuencia\/\" \/>\n<meta property=\"og:locale\" content=\"ca_ES\" \/>\n<meta property=\"og:type\" content=\"article\" \/>\n<meta property=\"og:title\" content=\"Ter\u00e0pia Reafirmant Facial amb Radiofreq\u00fc\u00e8ncia EndyMed Pro\" \/>\n<meta property=\"og:description\" content=\"[vc_row css_animation=&#8221;&#8221; row_type=&#8221;row&#8221; use_row_as_full_screen_section=&#8221;no&#8221; type=&#8221;full_width&#8221; angled_section=&#8221;no&#8221; text_align=&#8221;left&#8221; background_image_as_pattern=&#8221;without_pattern&#8221; background_color=&#8221;#f7f7f7&#8243; section_type=&#8221;full-width&#8221;][vc_column][vc_empty_space height=&#8221;20px&#8221;][vc_empty_space height=&#8221;40px&#8221;][vc_row_inner row_type=&#8221;row&#8221; type=&#8221;full_width&#8221; text_align=&#8221;left&#8221; css_animation=&#8221;&#8221;][vc_column_inner width=&#8221;1\/2&#8243;][vc_single_image image=&#8221;17853&#8243; img_size=&#8221;500&#215;200&#8243; alignment=&#8221;center&#8221; qode_css_animation=&#8221;&#8221;][vc_empty_space height=&#8221;40px&#8221;][\/vc_column_inner][vc_column_inner width=&#8221;1\/2&#8243;][vc_column_text] Amb els anys, la pell perd col\u00b7l\u00e0gen i elasticitat, fet que afavoreixen l&#8217;aparici\u00f3 d&#8217;arrugues i signes de la flacidesa. EndyMed Pro\u00a0\u00e9s el...\" \/>\n<meta property=\"og:url\" content=\"https:\/\/www.canons.es\/facial-estetica-avanzada\/reafirmante-facial-radiofrecuencia\/\" \/>\n<meta property=\"og:site_name\" content=\"Cl\u00ednica C\u00e0nons | Cirurgia i Medicina Estetica a Barcelona, \u200b\u200bGranollers\" \/>\n<meta property=\"article:publisher\" content=\"https:\/\/www.facebook.com\/canonsclinics\/\" \/>\n<meta property=\"article:modified_time\" content=\"2021-03-02T14:50:11+00:00\" \/>\n<meta name=\"twitter:card\" content=\"summary_large_image\" \/>\n<meta name=\"twitter:site\" content=\"@canonsclinics\" \/>\n<meta name=\"twitter:label1\" content=\"Temps estimat de lectura\" \/>\n\t<meta name=\"twitter:data1\" content=\"4 minuts\" \/>\n<script type=\"application\/ld+json\" class=\"yoast-schema-graph\">{\"@context\":\"https:\/\/schema.org\",\"@graph\":[{\"@type\":\"WebPage\",\"@id\":\"https:\/\/www.canons.es\/facial-estetica-avanzada\/reafirmante-facial-radiofrecuencia\/\",\"url\":\"https:\/\/www.canons.es\/facial-estetica-avanzada\/reafirmante-facial-radiofrecuencia\/\",\"name\":\"Ter\u00e0pia Reafirmant Facial amb Radiofreq\u00fc\u00e8ncia EndyMed Pro - Cl\u00ednica C\u00e0nons | Cirurgia i Medicina Estetica a Barcelona, \u200b\u200bGranollers\",\"isPartOf\":{\"@id\":\"https:\/\/www.canons.es\/#website\"},\"datePublished\":\"2016-04-05T08:25:16+00:00\",\"dateModified\":\"2021-03-02T14:50:11+00:00\",\"breadcrumb\":{\"@id\":\"https:\/\/www.canons.es\/facial-estetica-avanzada\/reafirmante-facial-radiofrecuencia\/#breadcrumb\"},\"inLanguage\":\"ca\",\"potentialAction\":[{\"@type\":\"ReadAction\",\"target\":[\"https:\/\/www.canons.es\/facial-estetica-avanzada\/reafirmante-facial-radiofrecuencia\/\"]}]},{\"@type\":\"BreadcrumbList\",\"@id\":\"https:\/\/www.canons.es\/facial-estetica-avanzada\/reafirmante-facial-radiofrecuencia\/#breadcrumb\",\"itemListElement\":[{\"@type\":\"ListItem\",\"position\":1,\"name\":\"Portada\",\"item\":\"https:\/\/www.canons.es\/ca\/\"},{\"@type\":\"ListItem\",\"position\":2,\"name\":\"FACIAL EST\u00c8TICA AVAN\u00c7ADA\",\"item\":\"https:\/\/www.canons.es\/ca\/facial-estetica-avanzada\/\"},{\"@type\":\"ListItem\",\"position\":3,\"name\":\"Ter\u00e0pia Reafirmant Facial amb Radiofreq\u00fc\u00e8ncia EndyMed Pro\"}]},{\"@type\":\"WebSite\",\"@id\":\"https:\/\/www.canons.es\/#website\",\"url\":\"https:\/\/www.canons.es\/\",\"name\":\"Cirug\u00eda Pl\u00e1stica y Est\u00e9tica Barcelona y Granollers | C\u00e0nons Clinics\",\"description\":\"\",\"publisher\":{\"@id\":\"https:\/\/www.canons.es\/#organization\"},\"potentialAction\":[{\"@type\":\"SearchAction\",\"target\":{\"@type\":\"EntryPoint\",\"urlTemplate\":\"https:\/\/www.canons.es\/?s={search_term_string}\"},\"query-input\":{\"@type\":\"PropertyValueSpecification\",\"valueRequired\":true,\"valueName\":\"search_term_string\"}}],\"inLanguage\":\"ca\"},{\"@type\":\"Organization\",\"@id\":\"https:\/\/www.canons.es\/#organization\",\"name\":\"Cirug\u00eda Pl\u00e1stica y Est\u00e9tica Barcelona y Granollers | C\u00e0nons Clinics\",\"url\":\"https:\/\/www.canons.es\/\",\"logo\":{\"@type\":\"ImageObject\",\"inLanguage\":\"ca\",\"@id\":\"https:\/\/www.canons.es\/#\/schema\/logo\/image\/\",\"url\":\"https:\/\/www.canons.es\/wp-content\/uploads\/2025\/04\/logo-canons-clinics.jpg\",\"contentUrl\":\"https:\/\/www.canons.es\/wp-content\/uploads\/2025\/04\/logo-canons-clinics.jpg\",\"width\":600,\"height\":139,\"caption\":\"Cirug\u00eda Pl\u00e1stica y Est\u00e9tica Barcelona y Granollers | C\u00e0nons Clinics\"},\"image\":{\"@id\":\"https:\/\/www.canons.es\/#\/schema\/logo\/image\/\"},\"sameAs\":[\"https:\/\/www.facebook.com\/canonsclinics\/\",\"https:\/\/x.com\/canonsclinics\",\"https:\/\/www.instagram.com\/canonsclinics\/\",\"https:\/\/www.youtube.com\/channel\/UCI1Ia6LjALyo1CuQ0_HwtfQ\",\"https:\/\/www.linkedin.com\/company\/canons-clinics\/\"]}]}<\/script>\n<!-- \/ Yoast SEO Premium plugin. -->","yoast_head_json":{"title":"Ter\u00e0pia Reafirmant Facial amb Radiofreq\u00fc\u00e8ncia EndyMed Pro - Cl\u00ednica C\u00e0nons | Cirurgia i Medicina Estetica a Barcelona, \u200b\u200bGranollers","robots":{"index":"index","follow":"follow","max-snippet":"max-snippet:-1","max-image-preview":"max-image-preview:large","max-video-preview":"max-video-preview:-1"},"canonical":"https:\/\/www.canons.es\/facial-estetica-avanzada\/reafirmante-facial-radiofrecuencia\/","og_locale":"ca_ES","og_type":"article","og_title":"Ter\u00e0pia Reafirmant Facial amb Radiofreq\u00fc\u00e8ncia EndyMed Pro","og_description":"[vc_row css_animation=&#8221;&#8221; row_type=&#8221;row&#8221; use_row_as_full_screen_section=&#8221;no&#8221; type=&#8221;full_width&#8221; angled_section=&#8221;no&#8221; text_align=&#8221;left&#8221; background_image_as_pattern=&#8221;without_pattern&#8221; background_color=&#8221;#f7f7f7&#8243; section_type=&#8221;full-width&#8221;][vc_column][vc_empty_space height=&#8221;20px&#8221;][vc_empty_space height=&#8221;40px&#8221;][vc_row_inner row_type=&#8221;row&#8221; type=&#8221;full_width&#8221; text_align=&#8221;left&#8221; css_animation=&#8221;&#8221;][vc_column_inner width=&#8221;1\/2&#8243;][vc_single_image image=&#8221;17853&#8243; img_size=&#8221;500&#215;200&#8243; alignment=&#8221;center&#8221; qode_css_animation=&#8221;&#8221;][vc_empty_space height=&#8221;40px&#8221;][\/vc_column_inner][vc_column_inner width=&#8221;1\/2&#8243;][vc_column_text] Amb els anys, la pell perd col\u00b7l\u00e0gen i elasticitat, fet que afavoreixen l&#8217;aparici\u00f3 d&#8217;arrugues i signes de la flacidesa. EndyMed Pro\u00a0\u00e9s el...","og_url":"https:\/\/www.canons.es\/facial-estetica-avanzada\/reafirmante-facial-radiofrecuencia\/","og_site_name":"Cl\u00ednica C\u00e0nons | Cirurgia i Medicina Estetica a Barcelona, \u200b\u200bGranollers","article_publisher":"https:\/\/www.facebook.com\/canonsclinics\/","article_modified_time":"2021-03-02T14:50:11+00:00","twitter_card":"summary_large_image","twitter_site":"@canonsclinics","twitter_misc":{"Temps estimat de lectura":"4 minuts"},"schema":{"@context":"https:\/\/schema.org","@graph":[{"@type":"WebPage","@id":"https:\/\/www.canons.es\/facial-estetica-avanzada\/reafirmante-facial-radiofrecuencia\/","url":"https:\/\/www.canons.es\/facial-estetica-avanzada\/reafirmante-facial-radiofrecuencia\/","name":"Ter\u00e0pia Reafirmant Facial amb Radiofreq\u00fc\u00e8ncia EndyMed Pro - Cl\u00ednica C\u00e0nons | Cirurgia i Medicina Estetica a Barcelona, \u200b\u200bGranollers","isPartOf":{"@id":"https:\/\/www.canons.es\/#website"},"datePublished":"2016-04-05T08:25:16+00:00","dateModified":"2021-03-02T14:50:11+00:00","breadcrumb":{"@id":"https:\/\/www.canons.es\/facial-estetica-avanzada\/reafirmante-facial-radiofrecuencia\/#breadcrumb"},"inLanguage":"ca","potentialAction":[{"@type":"ReadAction","target":["https:\/\/www.canons.es\/facial-estetica-avanzada\/reafirmante-facial-radiofrecuencia\/"]}]},{"@type":"BreadcrumbList","@id":"https:\/\/www.canons.es\/facial-estetica-avanzada\/reafirmante-facial-radiofrecuencia\/#breadcrumb","itemListElement":[{"@type":"ListItem","position":1,"name":"Portada","item":"https:\/\/www.canons.es\/ca\/"},{"@type":"ListItem","position":2,"name":"FACIAL EST\u00c8TICA AVAN\u00c7ADA","item":"https:\/\/www.canons.es\/ca\/facial-estetica-avanzada\/"},{"@type":"ListItem","position":3,"name":"Ter\u00e0pia Reafirmant Facial amb Radiofreq\u00fc\u00e8ncia EndyMed Pro"}]},{"@type":"WebSite","@id":"https:\/\/www.canons.es\/#website","url":"https:\/\/www.canons.es\/","name":"Cirug\u00eda Pl\u00e1stica y Est\u00e9tica Barcelona y Granollers | C\u00e0nons Clinics","description":"","publisher":{"@id":"https:\/\/www.canons.es\/#organization"},"potentialAction":[{"@type":"SearchAction","target":{"@type":"EntryPoint","urlTemplate":"https:\/\/www.canons.es\/?s={search_term_string}"},"query-input":{"@type":"PropertyValueSpecification","valueRequired":true,"valueName":"search_term_string"}}],"inLanguage":"ca"},{"@type":"Organization","@id":"https:\/\/www.canons.es\/#organization","name":"Cirug\u00eda Pl\u00e1stica y Est\u00e9tica Barcelona y Granollers | C\u00e0nons Clinics","url":"https:\/\/www.canons.es\/","logo":{"@type":"ImageObject","inLanguage":"ca","@id":"https:\/\/www.canons.es\/#\/schema\/logo\/image\/","url":"https:\/\/www.canons.es\/wp-content\/uploads\/2025\/04\/logo-canons-clinics.jpg","contentUrl":"https:\/\/www.canons.es\/wp-content\/uploads\/2025\/04\/logo-canons-clinics.jpg","width":600,"height":139,"caption":"Cirug\u00eda Pl\u00e1stica y Est\u00e9tica Barcelona y Granollers | C\u00e0nons Clinics"},"image":{"@id":"https:\/\/www.canons.es\/#\/schema\/logo\/image\/"},"sameAs":["https:\/\/www.facebook.com\/canonsclinics\/","https:\/\/x.com\/canonsclinics","https:\/\/www.instagram.com\/canonsclinics\/","https:\/\/www.youtube.com\/channel\/UCI1Ia6LjALyo1CuQ0_HwtfQ","https:\/\/www.linkedin.com\/company\/canons-clinics\/"]}]}},"_links":{"self":[{"href":"https:\/\/www.canons.es\/ca\/wp-json\/wp\/v2\/pages\/11529","targetHints":{"allow":["GET"]}}],"collection":[{"href":"https:\/\/www.canons.es\/ca\/wp-json\/wp\/v2\/pages"}],"about":[{"href":"https:\/\/www.canons.es\/ca\/wp-json\/wp\/v2\/types\/page"}],"author":[{"embeddable":true,"href":"https:\/\/www.canons.es\/ca\/wp-json\/wp\/v2\/users\/25"}],"replies":[{"embeddable":true,"href":"https:\/\/www.canons.es\/ca\/wp-json\/wp\/v2\/comments?post=11529"}],"version-history":[{"count":0,"href":"https:\/\/www.canons.es\/ca\/wp-json\/wp\/v2\/pages\/11529\/revisions"}],"up":[{"embeddable":true,"href":"https:\/\/www.canons.es\/ca\/wp-json\/wp\/v2\/pages\/11486"}],"wp:attachment":[{"href":"https:\/\/www.canons.es\/ca\/wp-json\/wp\/v2\/media?parent=11529"}],"curies":[{"name":"wp","href":"https:\/\/api.w.org\/{rel}","templated":true}]}}