{"id":10234,"date":"2015-10-13T09:50:55","date_gmt":"2015-10-13T09:50:55","guid":{"rendered":"https:\/\/www.canons.es\/ca\/politica-de-privacidad\/"},"modified":"2018-10-17T08:50:58","modified_gmt":"2018-10-17T08:50:58","slug":"politica-de-privacidad","status":"publish","type":"page","link":"https:\/\/www.canons.es\/ca\/politica-de-privacidad\/","title":{"rendered":"Pol\u00edtica de Privacitat"},"content":{"rendered":"<div class=\"wpb-content-wrapper\"><p>[vc_row section_type=&#8221;full-width&#8221;][vc_column][vc_column_text]<\/p>\n<div id=\"stcpDiv\" style=\"text-align: justify;\">L\u2019\u00fas d\u2019aquest lloc web <a href=\"https:\/\/www.canons.es\">www.canons.es<\/a> es regeix per les normes establertes a la present pol\u00edtica de protecci\u00f3 de dades. <a href=\"https:\/\/www.canons.es\">www.canons.es<\/a> t\u00e9 com a finalitat ser un portal de refer\u00e8ncia a internet de promocions de cirurgia est\u00e8tica.<\/div>\n<p>[\/vc_column_text][vc_empty_space][vc_column_text]<\/p>\n<h4 style=\"text-align: justify;\"><strong>1. Protecci\u00f3 de les dades personals<\/strong><\/h4>\n<div id=\"stcpDiv\" style=\"text-align: justify;\">\n<p align=\"justify\"><span lang=\"ca-ES\">En compliment de la Llei 34\/2002, de l\u201911 de juliol, de serveis de la societat de la informaci\u00f3 i de comer\u00e7 electr\u00f2nic, li informem que V\u00edctor Hern\u00e1ndez Machado Da Costa (en endavant canons) \u00e9s el titular de <a href=\"https:\/\/www.canons.es\">www.<\/a><\/span><a href=\"https:\/\/www.canons.es\"><span lang=\"ca-ES\"><b>canons.es<\/b><\/span><\/a><span lang=\"ca-ES\">, amb DNI: 49.362.134-V i domicili al Carrer Pin\u00f3s, num. 14 B, Granollers, 08402.<\/span><\/p>\n<p align=\"justify\"><span lang=\"ca-ES\">canons posa a la seva disposici\u00f3 un servei de promocions online segons es detalla a aquesta Pol\u00edtica de Privacitat i Termes i Condicions d\u2019\u00fas. Al present document li proporcionem informaci\u00f3 detallada sobre la nostra Pol\u00edtica de Privacitat en relaci\u00f3 al seu registre a canons. Si t\u00e9 alguna consulta o preocupaci\u00f3 sobre privacitat, si us plau posis en contacte amb nosaltres mitjan\u00e7ant qualsevol dels seg\u00fcents canals: per correu electr\u00f2nic a <a href=\"mailto:facturacio@canons.es\">facturacio@canons.es<\/a> o directament al departament de privacitat de dades personal, al Carrer Pin\u00f3s, num. 14 B, Granollers, 08402.<\/span><\/p>\n<p align=\"justify\"><span lang=\"ca-ES\">L\u2019\u00fas del nostre portal \u00e9s gratu\u00eft, aix\u00ed com la subscripci\u00f3 a les newsletters. No obstant, per a l\u2019\u00fas de les promocions online, \u00e9s necessari registrar-se com a USUARI. Aquest servei quedar\u00e0 degudament identificat a la Web, amb f\u00e0cils indicacions de registre.<\/span><\/p>\n<p align=\"justify\"><span lang=\"ca-ES\">L\u2019usuari que executi l\u2019opci\u00f3 de regal a un tercer manifesta haver obtingut el consentiment necessari per a la cessi\u00f3 de les dades personals de la persona a la que s\u2019enviar\u00e0 aquesta promoci\u00f3, havent-lo informat en els termes recollits als articles 5, 6 i 11 de la LOPD, aix\u00ed com haver recavat el consentiment per a l\u2019enviament per part de V\u00edctor Hern\u00e1ndez Machado Da Costa de comunicacions comercials pr\u00f2pies relatives a productes de l\u2019Empresa.<\/span><\/p>\n<p lang=\"ca-ES\" align=\"justify\"><span lang=\"ca-ES\">Per als usuaris que es registrin al nostre portal, aquesta pol\u00edtica de privacitat descriu la recopilaci\u00f3 i l\u2019\u00fas que fem de la seva informaci\u00f3 personal. Anomenem Dades d\u2019Identificaci\u00f3 Personal a aquell subconjunt espec\u00edfic de la seva informaci\u00f3 personal que ens permet identificar-lo inequ\u00edvocament. Aquestes dades d\u2019identificaci\u00f3 personal s\u00f3n obligat\u00f2ries per al seu registre:<\/span><a name=\"_GoBack\"><\/a><\/p>\n<ol>\n<li>\n<p align=\"justify\"><span lang=\"ca-ES\">El seu nom i cognoms<\/span><\/p>\n<\/li>\n<li>\n<p align=\"justify\"><span lang=\"ca-ES\">El seu correu electr\u00f2nic<\/span><\/p>\n<\/li>\n<li>\n<p align=\"justify\"><span lang=\"ca-ES\">El seu DNI<\/span><\/p>\n<\/li>\n<li>\n<p align=\"justify\"><span lang=\"ca-ES\">La seva adre\u00e7a<\/span><\/p>\n<\/li>\n<\/ol>\n<p align=\"justify\"><span lang=\"ca-ES\">Opcionalment poden afegir si ho desitgen els seg\u00fcents camps:<\/span><\/p>\n<ol start=\"5\">\n<li>\n<p align=\"justify\"><span lang=\"ca-ES\">Tel\u00e8fon i\/o tel\u00e8fon m\u00f2bil.<\/span><\/p>\n<\/li>\n<\/ol>\n<p align=\"justify\"><span lang=\"ca-ES\">Mentre no s\u2019especifiqui el contrari, es consider\u00e0 necessari completar totes les dades obligat\u00f2ries previstes com a tals als diversos formularis que puguin disposar-se a trav\u00e9s del Portal. En cas de no subministrar les dades estimades com a necess\u00e0ries, <a href=\"https:\/\/www.canons.es\">www.<\/a><\/span><a href=\"https:\/\/www.canons.es\"><span lang=\"ca-ES\"><b>canons.es<\/b><\/span><\/a><span lang=\"ca-ES\"> podr\u00e0 decidir lliurement no procedir al registre de l\u2019usuari, arribat el cas, o b\u00e9 denegar l\u2019acc\u00e9s als continguts, serveis o actuacions dispostes a trav\u00e9s del Portal.<\/span><\/p>\n<p align=\"justify\"><span lang=\"ca-ES\">La nostra pol\u00edtica de privacitat es fonamenta en protegir la confidencialitat de la seva informaci\u00f3. Per aix\u00f2 mai revelem les seves dades d\u2019indentificaci\u00f3 personal sense el seu consentiment. La finalitat principal de guardar les seves dades d\u2019identificaci\u00f3 personal \u00e9s poder mantenir el contacte personal amb vost\u00e8 (per enviar-li les seves comandes comunicacions comercials o per a personalitzar el seu acc\u00e9s a la nostra p\u00e0gina web).<\/span><\/p>\n<p align=\"justify\"><span lang=\"ca-ES\">Tot i que es comenta \u00e0mpliament a l\u2019apartat d\u2019<\/span><span lang=\"ca-ES\"><b>informaci\u00f3 sobre cookies<\/b><\/span><span lang=\"ca-ES\"> d\u2019aquesta Pol\u00edtica de Privacitat, tamb\u00e9 podem recopilar informaci\u00f3 obtinguda per mitjans autom\u00e0tics en els moments en que s\u2019estableix una connexi\u00f3 amb nosaltres des del seu dispositiu a l\u2019accedir al portal i utilitzar els serveis. A mode d\u2019exemple, podem recopilar l\u2019adre\u00e7a IP (Internet Protocol) des de la que s\u2019estableix la connexi\u00f3 o sobre les cookies emmagatzemades al seu navegador.<\/span><\/p>\n<p align=\"justify\"><span lang=\"ca-ES\">L\u2019usuari dels serveis oferts a trav\u00e9s de <a href=\"https:\/\/www.canons.es\">www.<\/a><\/span><a href=\"https:\/\/www.canons.es\"><span lang=\"ca-ES\"><b>canons.es<\/b><\/span><\/a><span lang=\"ca-ES\"> est\u00e0 proporcionant volunt\u00e0riament dades de car\u00e0cter personal (d\u2019ara endavant les Dades Personals). La informaci\u00f3 personal que ens faciliti a trav\u00e9s dels diferents formularis, als correus electr\u00f2nics o qualsevol altre mitj\u00e0 que es presenti en aquest lloc Web, passar\u00e0 a ser introdu\u00efda en un fitxer automatitzat sota la responsabilitat de canons, i es mantindr\u00e0 confidencial i protegida, en compliment de l\u2019article 5 de la Llei Org\u00e0nica 15\/1999, de 13 de desembre, de Protecci\u00f3 de Dades de Car\u00e0cter Personal. L\u2019usuari haur\u00e0 de facilitar a <a href=\"https:\/\/www.canons.es\">www.<\/a><\/span><a href=\"https:\/\/www.canons.es\"><span lang=\"ca-ES\"><b>canons.es<\/b><\/span><\/a><span lang=\"ca-ES\"> les Dades Personals que se li puguin requerir per a poder realitzar l\u2019alta com a usuari. Per tot aix\u00f2, l\u2019USUARI accepta de forma expressa i plenament i sense reserves que canons tracti les seves dades personals de forma automatitzada i les incorpori a un fitxer amb la finalitat de poder-li prestar i oferir els serveis, fitxer del que \u00e9s responsable canons. De forma resumida, li informem que les dades personals obtingudes, aix\u00ed com la seva adre\u00e7a de correu electr\u00f2nic, seran incorporades a un fitxer responsabilitat de canons amb la finalitat d\u2019atendre les seves consultes i poder donar-li acc\u00e9s als serveis aix\u00ed com enviar-li informaci\u00f3 que pogu\u00e9s ser del seu inter\u00e8s.<\/span><\/p>\n<p align=\"justify\"><span lang=\"ca-ES\">Per utilitzar el servei de promocions online haur\u00e0 d\u2019accedir amb el correu electr\u00f2nic que vost\u00e8 disposi com usuari i la seva contrasenya, tamb\u00e9 disposada per vost\u00e8. Aquesta contrasenya es mantindr\u00e0 xifrada als servidors de canons. En cas d\u2019oblit de la mateixa haur\u00e0 de contactar amb canons per a reiniciar-la. L\u2019usuari haur\u00e0 d\u2019omplir els formularis amb dades verdaderes, exactes, complertes i actualitzades, responen dels danys i perjudicis que pogu\u00e9s ocasionar a <a href=\"https:\/\/www.canons.es\">www.<\/a><\/span><a href=\"https:\/\/www.canons.es\"><span lang=\"ca-ES\"><b>canons.es<\/b><\/span><\/a><span lang=\"ca-ES\">, o a tercers com a conseq\u00fc\u00e8ncia de la inobservan\u00e7a d\u2019aquests aspectes.<\/span><\/p>\n<p align=\"justify\"><span lang=\"ca-ES\">L\u2019enviament de dades personals per part de l\u2019usuari (al formulari de registre) implica l\u2019acceptaci\u00f3 expressa per part de l\u2019USUARI de la nostra pol\u00edtica de privacitat i dels termes i condicions d\u2019\u00fas, aix\u00ed com les condicions generals de les promocions. No es comunicar\u00e0 la seva adre\u00e7a de correu electr\u00f2nic ni el seu nom a tercers.<\/span><\/p>\n<p align=\"justify\"><span lang=\"ca-ES\">En el cas d\u2019adquirir una promoci\u00f3, aquesta comunicaci\u00f3 es realitza de forma automatitzada, i en cap moment el personal de <a href=\"https:\/\/www.canons.es\">www.<\/a><\/span><a href=\"https:\/\/www.canons.es\"><span lang=\"ca-ES\"><b>canons.es<\/b><\/span><\/a><span lang=\"ca-ES\"> t\u00e9 acc\u00e9s a les dades de la seva targeta de cr\u00e8dit o d\u00e8bit, dades que es transmeten per la xarxa xifrades i de forma totalment segura. Aix\u00ed mateix, l\u2019entitat intermedi\u00e0ria o banc\u00e0ria no ret\u00e9, cedeix, emmagatzema ni utilitza la informaci\u00f3 personal amb altres finalitats.<\/span><\/p>\n<p align=\"justify\"><span lang=\"ca-ES\">Aix\u00ed mateix, canons es compromet a tractar amb extrema dilig\u00e8ncia la informaci\u00f3 personal que l\u2019usuari pugui facilitar a trav\u00e9s de <a href=\"https:\/\/www.canons.es\">www.<\/a><\/span><a href=\"https:\/\/www.canons.es\"><span lang=\"ca-ES\"><b>canons.es<\/b><\/span><\/a><span lang=\"ca-ES\">, aix\u00ed com a no recavar informaci\u00f3 innecess\u00e0ria.<\/span><\/p>\n<p align=\"justify\"><span lang=\"ca-ES\">T\u00e9 sempre dret a exercir els seus drets d\u2019acc\u00e9s, rectificaci\u00f3, oposici\u00f3 o cancel\u00b7laci\u00f3 de les dades personals que ens hagi proporcionat, establerts a la Llei Org\u00e0nica 15\/1999. Pot fer-ho a la seg\u00fcent adre\u00e7a: <a href=\"mailto:facturacio@canons.es\">facturacio@canons.es<\/a> o b\u00e9 per escrit a Carrer Pin\u00f3s, num. 14 B, Granollers, 08402.<\/span><\/p>\n<\/div>\n<p>[\/vc_column_text][vc_empty_space][vc_column_text]<\/p>\n<h4><strong>2. Seccions i condicions d&#8217;acc\u00e9s a les mateixes<\/strong><\/h4>\n<div id=\"stcpDiv\" style=\"text-align: justify;\">L\u2019usuari tindr\u00e0 l\u2019opci\u00f3 de prestar la seva acceptaci\u00f3 i consentiment al tractament de les seves dades Personals per part de <a href=\"https:\/\/www.canons.es\">www.canons.es<\/a> de conformitat amb la present Pol\u00edtica de Protecci\u00f3 de Dades. No obstant, si no accepta els termes de la Pol\u00edtica de Protecci\u00f3 de Dades, l\u2019usuari no podr\u00e0 utilitzar algun dels serveis prestats per <a href=\"https:\/\/www.canons.es\">www.canons.es<\/a>. Les dades que li sol\u00b7licitem son les adequades, pertinent i estrictament necess\u00e0ries per a la finalitat per a la que es recullen, i en cap cas est\u00e0 obligat a facilitar-nos-les, no obstant, les assenyalades amb un asterisc (*) s\u00f3n d\u2019obligada resposta per a poder complir amb la finalitat de la seva sol\u00b7licitud. Aix\u00ed mateix ens certifica que totes les dades que ens facilita s\u00f3n certes i pertinents per a la finalitat per a que li sol\u00b7licitem.<\/div>\n<p>[\/vc_column_text][vc_empty_space][vc_column_text]<\/p>\n<h4 style=\"text-align: justify;\"><strong>3. Seguretat<\/strong><\/h4>\n<div id=\"stcpDiv\">\n<p style=\"text-align: justify;\" align=\"justify\"><span lang=\"ca-ES\">Amb l\u2019objectiu de salvaguardar la seguretat de les seves dades personals, li informem que <a href=\"https:\/\/www.canons.es\">www.<\/a><\/span><a href=\"https:\/\/www.canons.es\"><span lang=\"ca-ES\"><b>canons.es<\/b><\/span><\/a><span lang=\"ca-ES\"> ha adoptat totes les mesures d\u2019\u00edndole t\u00e8cnica i organitzativa necess\u00e0ries per a garantir la seguretat de les dades personals subministrades de la seva alteraci\u00f3, p\u00e8rdua i tractaments o accessos no autoritzats, tal com exigeix el Reial Decret 1720\/2007, que regula el reglament de mesures de seguretat dels fitxers que continguin dades de car\u00e0cter personal.<\/span><\/p>\n<p style=\"text-align: justify;\" align=\"justify\"><span lang=\"ca-ES\">Apliquem mesures t\u00e8cniques, organitzatives i f\u00edsiques apropiades per a protegir la seva informaci\u00f3 d\u2019identificaci\u00f3 personal conforme a la normativa en mat\u00e8ria de protecci\u00f3 de dades de car\u00e0cter personal. Els membres de la nostra empresa reben formaci\u00f3 en mat\u00e8ria de privacitat i signen declaracions de comprom\u00eds sobre el respecte a aquestes mesures.<\/span><\/p>\n<p style=\"text-align: justify;\" align=\"justify\"><span lang=\"ca-ES\">Guardarem les seves dades durant el temps en que estigui donat d\u2019alta a les promocions. Una vega sigui donat de baixa (ja sigui per sol\u00b7licitud expressa o per decisi\u00f3 nostra) conservarem les seves dades personals degudament bloquejades durant el temps que legalment sigui necessari.<\/span><\/p>\n<\/div>\n<p>[\/vc_column_text][vc_empty_space][vc_column_text]<\/p>\n<h4><strong>4. Deure de Secret i Confidencialitat<\/strong><\/h4>\n<div id=\"stcpDiv\">\n<p style=\"text-align: justify;\" align=\"justify\"><a href=\"https:\/\/www.canons.es\"><span lang=\"ca-ES\">www.<\/span><span lang=\"ca-ES\"><b>canons.es<\/b><\/span><\/a><span lang=\"ca-ES\"> es compromet a complir amb el deure de secret i de confidencialitat respecte a les dades personal contingudes als fitxers amb dades personals sota la seva responsabilitat, d\u2019acord amb la legislaci\u00f3 que, en cada moment, resulti aplicable, tot i que revelar\u00e0 a les autoritats p\u00fabliques competents les Dades Personals i qualsevol altra informaci\u00f3 que estigui en el seu poder o sigui accessible a trav\u00e9s dels seus sistemes i sigui requerida de conformitat amb les disposicions legals i complementaries aplicables al cas. Els usuaris de <a href=\"https:\/\/www.canons.es\">www.<\/a><\/span><a href=\"https:\/\/www.canons.es\"><span lang=\"ca-ES\"><b>canons.es<\/b><\/span><\/a><span lang=\"ca-ES\"> garanteixen i responen, en qualsevol cas, de la veracitat, exactitud, vig\u00e8ncia i autenticitat de les dades personals facilitades, i es compromet a mantenir-les degudament actualitzades.<\/span><\/p>\n<p style=\"text-align: justify;\" align=\"justify\"><span lang=\"ca-ES\">El document electr\u00f2nic en el que es formalitza la compra s\u2019arxiva electr\u00f2nicament durant el termini legal establert. Els clients podran accedir a les dades exercint els seus drets d\u2019acc\u00e9s corresponent de la manera anteriorment descrita.<\/span><\/p>\n<\/div>\n<p>[\/vc_column_text][vc_empty_space][vc_column_text]<\/p>\n<h4><strong>5. Modificacions<br \/>\n<\/strong><\/h4>\n<div id=\"stcpDiv\">\n<div id=\"stcpDiv\" style=\"text-align: justify;\"><a href=\"https:\/\/www.canons.es\">www.canons.es<\/a> es reserva el dret de modificar la Pol\u00edtica de Privacitat, per adaptar-la a futures novetat legislatives o jurisprudencials que resultin d\u2019aplicaci\u00f3, informant pr\u00e8viament als usuaris dels canvis que en ella es produeixin. Per tot aix\u00f2, els hi recomanem que cada vegada que accedeixin al portal, o a qualsevol dels seus continguts o serveis, llegeixin amb detall la present pol\u00edtica de privacitat. En cas de dubte o controv\u00e8rsia relatives a la nostra pol\u00edtica de privacitat i de protecci\u00f3 de dades personals, l\u2019usuari pot posar en contacte amb nosaltres dirigint-se a l\u2019adre\u00e7a de correu electr\u00f2nic. <a href=\"mailto:facturacio@canons.es\">facturacio@canons.es<\/a>.<\/div>\n<p style=\"text-align: justify;\" align=\"justify\"><span lang=\"ca-ES\">\u00a0<\/span><\/p>\n<\/div>\n<p>[\/vc_column_text][\/vc_column][\/vc_row]<\/p>\n<\/div><!-- AddThis Advanced Settings generic via filter on the_content --><!-- AddThis Share Buttons generic via filter on the_content -->","protected":false},"excerpt":{"rendered":"<p>[vc_row section_type=&#8221;full-width&#8221;][vc_column][vc_column_text] L\u2019\u00fas d\u2019aquest lloc web www.canons.es es regeix per les normes establertes a la present pol\u00edtica de protecci\u00f3 de dades. www.canons.es t\u00e9 com a finalitat ser un portal de refer\u00e8ncia a internet de promocions de cirurgia est\u00e8tica. [\/vc_column_text][vc_empty_space][vc_column_text] 1. Protecci\u00f3 de les dades personals&#8230;<!-- AddThis Advanced Settings generic via filter on get_the_excerpt --><!-- AddThis Share Buttons generic via filter on get_the_excerpt --><\/p>\n","protected":false},"author":25,"featured_media":0,"parent":0,"menu_order":0,"comment_status":"closed","ping_status":"closed","template":"","meta":{"footnotes":""},"class_list":["post-10234","page","type-page","status-publish","hentry"],"yoast_head":"<!-- This site is optimized with the Yoast SEO Premium plugin v26.9 (Yoast SEO v27.5) - https:\/\/yoast.com\/product\/yoast-seo-premium-wordpress\/ -->\n<title>Pol\u00edtica de Privacitat - Cl\u00ednica C\u00e0nons | Cirurgia i Medicina Estetica a Barcelona, \u200b\u200bGranollers<\/title>\n<meta name=\"robots\" content=\"index, follow, max-snippet:-1, max-image-preview:large, max-video-preview:-1\" \/>\n<link rel=\"canonical\" href=\"https:\/\/www.canons.es\/politica-de-privacidad\/\" \/>\n<meta property=\"og:locale\" content=\"ca_ES\" \/>\n<meta property=\"og:type\" content=\"article\" \/>\n<meta property=\"og:title\" content=\"Pol\u00edtica de Privacitat\" \/>\n<meta property=\"og:description\" content=\"[vc_row section_type=&#8221;full-width&#8221;][vc_column][vc_column_text] L\u2019\u00fas d\u2019aquest lloc web www.canons.es es regeix per les normes establertes a la present pol\u00edtica de protecci\u00f3 de dades. www.canons.es t\u00e9 com a finalitat ser un portal de refer\u00e8ncia a internet de promocions de cirurgia est\u00e8tica. [\/vc_column_text][vc_empty_space][vc_column_text] 1. Protecci\u00f3 de les dades personals...\" \/>\n<meta property=\"og:url\" content=\"https:\/\/www.canons.es\/politica-de-privacidad\/\" \/>\n<meta property=\"og:site_name\" content=\"Cl\u00ednica C\u00e0nons | Cirurgia i Medicina Estetica a Barcelona, \u200b\u200bGranollers\" \/>\n<meta property=\"article:publisher\" content=\"https:\/\/www.facebook.com\/canonsclinics\/\" \/>\n<meta property=\"article:modified_time\" content=\"2018-10-17T08:50:58+00:00\" \/>\n<meta name=\"twitter:card\" content=\"summary_large_image\" \/>\n<meta name=\"twitter:site\" content=\"@canonsclinics\" \/>\n<meta name=\"twitter:label1\" content=\"Temps estimat de lectura\" \/>\n\t<meta name=\"twitter:data1\" content=\"9 minuts\" \/>\n<script type=\"application\/ld+json\" class=\"yoast-schema-graph\">{\"@context\":\"https:\\\/\\\/schema.org\",\"@graph\":[{\"@type\":\"WebPage\",\"@id\":\"https:\\\/\\\/www.canons.es\\\/politica-de-privacidad\\\/\",\"url\":\"https:\\\/\\\/www.canons.es\\\/politica-de-privacidad\\\/\",\"name\":\"Pol\u00edtica de Privacitat - Cl\u00ednica C\u00e0nons | Cirurgia i Medicina Estetica a Barcelona, \u200b\u200bGranollers\",\"isPartOf\":{\"@id\":\"https:\\\/\\\/www.canons.es\\\/#website\"},\"datePublished\":\"2015-10-13T09:50:55+00:00\",\"dateModified\":\"2018-10-17T08:50:58+00:00\",\"breadcrumb\":{\"@id\":\"https:\\\/\\\/www.canons.es\\\/politica-de-privacidad\\\/#breadcrumb\"},\"inLanguage\":\"ca\",\"potentialAction\":[{\"@type\":\"ReadAction\",\"target\":[\"https:\\\/\\\/www.canons.es\\\/politica-de-privacidad\\\/\"]}]},{\"@type\":\"BreadcrumbList\",\"@id\":\"https:\\\/\\\/www.canons.es\\\/politica-de-privacidad\\\/#breadcrumb\",\"itemListElement\":[{\"@type\":\"ListItem\",\"position\":1,\"name\":\"Portada\",\"item\":\"https:\\\/\\\/www.canons.es\\\/ca\\\/\"},{\"@type\":\"ListItem\",\"position\":2,\"name\":\"Pol\u00edtica de Privacitat\"}]},{\"@type\":\"WebSite\",\"@id\":\"https:\\\/\\\/www.canons.es\\\/#website\",\"url\":\"https:\\\/\\\/www.canons.es\\\/\",\"name\":\"Cirug\u00eda Pl\u00e1stica y Est\u00e9tica Barcelona y Granollers | C\u00e0nons Clinics\",\"description\":\"\",\"publisher\":{\"@id\":\"https:\\\/\\\/www.canons.es\\\/#organization\"},\"potentialAction\":[{\"@type\":\"SearchAction\",\"target\":{\"@type\":\"EntryPoint\",\"urlTemplate\":\"https:\\\/\\\/www.canons.es\\\/?s={search_term_string}\"},\"query-input\":{\"@type\":\"PropertyValueSpecification\",\"valueRequired\":true,\"valueName\":\"search_term_string\"}}],\"inLanguage\":\"ca\"},{\"@type\":\"Organization\",\"@id\":\"https:\\\/\\\/www.canons.es\\\/#organization\",\"name\":\"Cirug\u00eda Pl\u00e1stica y Est\u00e9tica Barcelona y Granollers | C\u00e0nons Clinics\",\"url\":\"https:\\\/\\\/www.canons.es\\\/\",\"logo\":{\"@type\":\"ImageObject\",\"inLanguage\":\"ca\",\"@id\":\"https:\\\/\\\/www.canons.es\\\/#\\\/schema\\\/logo\\\/image\\\/\",\"url\":\"https:\\\/\\\/www.canons.es\\\/wp-content\\\/uploads\\\/2025\\\/04\\\/logo-canons-clinics.jpg\",\"contentUrl\":\"https:\\\/\\\/www.canons.es\\\/wp-content\\\/uploads\\\/2025\\\/04\\\/logo-canons-clinics.jpg\",\"width\":600,\"height\":139,\"caption\":\"Cirug\u00eda Pl\u00e1stica y Est\u00e9tica Barcelona y Granollers | C\u00e0nons Clinics\"},\"image\":{\"@id\":\"https:\\\/\\\/www.canons.es\\\/#\\\/schema\\\/logo\\\/image\\\/\"},\"sameAs\":[\"https:\\\/\\\/www.facebook.com\\\/canonsclinics\\\/\",\"https:\\\/\\\/x.com\\\/canonsclinics\",\"https:\\\/\\\/www.instagram.com\\\/canonsclinics\\\/\",\"https:\\\/\\\/www.youtube.com\\\/channel\\\/UCI1Ia6LjALyo1CuQ0_HwtfQ\",\"https:\\\/\\\/www.linkedin.com\\\/company\\\/canons-clinics\\\/\"]}]}<\/script>\n<!-- \/ Yoast SEO Premium plugin. -->","yoast_head_json":{"title":"Pol\u00edtica de Privacitat - Cl\u00ednica C\u00e0nons | Cirurgia i Medicina Estetica a Barcelona, \u200b\u200bGranollers","robots":{"index":"index","follow":"follow","max-snippet":"max-snippet:-1","max-image-preview":"max-image-preview:large","max-video-preview":"max-video-preview:-1"},"canonical":"https:\/\/www.canons.es\/politica-de-privacidad\/","og_locale":"ca_ES","og_type":"article","og_title":"Pol\u00edtica de Privacitat","og_description":"[vc_row section_type=&#8221;full-width&#8221;][vc_column][vc_column_text] L\u2019\u00fas d\u2019aquest lloc web www.canons.es es regeix per les normes establertes a la present pol\u00edtica de protecci\u00f3 de dades. www.canons.es t\u00e9 com a finalitat ser un portal de refer\u00e8ncia a internet de promocions de cirurgia est\u00e8tica. [\/vc_column_text][vc_empty_space][vc_column_text] 1. Protecci\u00f3 de les dades personals...","og_url":"https:\/\/www.canons.es\/politica-de-privacidad\/","og_site_name":"Cl\u00ednica C\u00e0nons | Cirurgia i Medicina Estetica a Barcelona, \u200b\u200bGranollers","article_publisher":"https:\/\/www.facebook.com\/canonsclinics\/","article_modified_time":"2018-10-17T08:50:58+00:00","twitter_card":"summary_large_image","twitter_site":"@canonsclinics","twitter_misc":{"Temps estimat de lectura":"9 minuts"},"schema":{"@context":"https:\/\/schema.org","@graph":[{"@type":"WebPage","@id":"https:\/\/www.canons.es\/politica-de-privacidad\/","url":"https:\/\/www.canons.es\/politica-de-privacidad\/","name":"Pol\u00edtica de Privacitat - Cl\u00ednica C\u00e0nons | Cirurgia i Medicina Estetica a Barcelona, \u200b\u200bGranollers","isPartOf":{"@id":"https:\/\/www.canons.es\/#website"},"datePublished":"2015-10-13T09:50:55+00:00","dateModified":"2018-10-17T08:50:58+00:00","breadcrumb":{"@id":"https:\/\/www.canons.es\/politica-de-privacidad\/#breadcrumb"},"inLanguage":"ca","potentialAction":[{"@type":"ReadAction","target":["https:\/\/www.canons.es\/politica-de-privacidad\/"]}]},{"@type":"BreadcrumbList","@id":"https:\/\/www.canons.es\/politica-de-privacidad\/#breadcrumb","itemListElement":[{"@type":"ListItem","position":1,"name":"Portada","item":"https:\/\/www.canons.es\/ca\/"},{"@type":"ListItem","position":2,"name":"Pol\u00edtica de Privacitat"}]},{"@type":"WebSite","@id":"https:\/\/www.canons.es\/#website","url":"https:\/\/www.canons.es\/","name":"Cirug\u00eda Pl\u00e1stica y Est\u00e9tica Barcelona y Granollers | C\u00e0nons Clinics","description":"","publisher":{"@id":"https:\/\/www.canons.es\/#organization"},"potentialAction":[{"@type":"SearchAction","target":{"@type":"EntryPoint","urlTemplate":"https:\/\/www.canons.es\/?s={search_term_string}"},"query-input":{"@type":"PropertyValueSpecification","valueRequired":true,"valueName":"search_term_string"}}],"inLanguage":"ca"},{"@type":"Organization","@id":"https:\/\/www.canons.es\/#organization","name":"Cirug\u00eda Pl\u00e1stica y Est\u00e9tica Barcelona y Granollers | C\u00e0nons Clinics","url":"https:\/\/www.canons.es\/","logo":{"@type":"ImageObject","inLanguage":"ca","@id":"https:\/\/www.canons.es\/#\/schema\/logo\/image\/","url":"https:\/\/www.canons.es\/wp-content\/uploads\/2025\/04\/logo-canons-clinics.jpg","contentUrl":"https:\/\/www.canons.es\/wp-content\/uploads\/2025\/04\/logo-canons-clinics.jpg","width":600,"height":139,"caption":"Cirug\u00eda Pl\u00e1stica y Est\u00e9tica Barcelona y Granollers | C\u00e0nons Clinics"},"image":{"@id":"https:\/\/www.canons.es\/#\/schema\/logo\/image\/"},"sameAs":["https:\/\/www.facebook.com\/canonsclinics\/","https:\/\/x.com\/canonsclinics","https:\/\/www.instagram.com\/canonsclinics\/","https:\/\/www.youtube.com\/channel\/UCI1Ia6LjALyo1CuQ0_HwtfQ","https:\/\/www.linkedin.com\/company\/canons-clinics\/"]}]}},"_links":{"self":[{"href":"https:\/\/www.canons.es\/ca\/wp-json\/wp\/v2\/pages\/10234","targetHints":{"allow":["GET"]}}],"collection":[{"href":"https:\/\/www.canons.es\/ca\/wp-json\/wp\/v2\/pages"}],"about":[{"href":"https:\/\/www.canons.es\/ca\/wp-json\/wp\/v2\/types\/page"}],"author":[{"embeddable":true,"href":"https:\/\/www.canons.es\/ca\/wp-json\/wp\/v2\/users\/25"}],"replies":[{"embeddable":true,"href":"https:\/\/www.canons.es\/ca\/wp-json\/wp\/v2\/comments?post=10234"}],"version-history":[{"count":0,"href":"https:\/\/www.canons.es\/ca\/wp-json\/wp\/v2\/pages\/10234\/revisions"}],"wp:attachment":[{"href":"https:\/\/www.canons.es\/ca\/wp-json\/wp\/v2\/media?parent=10234"}],"curies":[{"name":"wp","href":"https:\/\/api.w.org\/{rel}","templated":true}]}}