{"id":10054,"date":"2015-09-17T15:57:12","date_gmt":"2015-09-17T15:57:12","guid":{"rendered":"https:\/\/www.canons.es\/ca\/microcirugia-en-reconstruccion-mamaria\/"},"modified":"2020-01-29T14:47:18","modified_gmt":"2020-01-29T14:47:18","slug":"microcirugia-en-reconstruccion-mamaria","status":"publish","type":"page","link":"https:\/\/www.canons.es\/ca\/cirurgia-plastica-reparadora\/microcirugia-en-reconstruccion-mamaria\/","title":{"rendered":"Microcirurgia en Reconstrucci\u00f3 Mam\u00e0ria"},"content":{"rendered":"<div class=\"wpb-content-wrapper\"><p>[vc_row css_animation=&#8221;&#8221; row_type=&#8221;row&#8221; use_row_as_full_screen_section=&#8221;no&#8221; type=&#8221;full_width&#8221; angled_section=&#8221;no&#8221; text_align=&#8221;left&#8221; background_image_as_pattern=&#8221;without_pattern&#8221; background_color=&#8221;#f7f7f7&#8243; section_type=&#8221;full-width&#8221;][vc_column][vc_empty_space height=&#8221;20px&#8221;]<div class=\"custom_font_holder\" style=\"font-family: Raleway; font-size: 35px; line-height: 26px; font-style: normal; font-weight: 300; color: #1e70b3; text-decoration: none; text-align: left;\">MICROCIRURGIA EN RECONSTRUCCI\u00d3 MAM\u00c0RIA<\/div>[vc_empty_space height=&#8221;40px&#8221;][vc_row_inner row_type=&#8221;row&#8221; type=&#8221;full_width&#8221; text_align=&#8221;left&#8221; css_animation=&#8221;&#8221;][vc_column_inner width=&#8221;1\/2&#8243;][vc_single_image image=&#8221;8288&#8243; img_size=&#8221;full&#8221; alignment=&#8221;center&#8221; qode_css_animation=&#8221;&#8221;][vc_empty_space height=&#8221;40px&#8221;][\/vc_column_inner][vc_column_inner width=&#8221;1\/2&#8243;][vc_column_text]<\/p>\n<p style=\"text-align: justify;\">Les t\u00e8cniques microquir\u00fargiques han suposat un gran aven\u00e7 en cirurgia reconstructiva en els \u00faltims anys. Actualment, els microscopis quir\u00fargics i lupes espec\u00edfiques per microcirurgia post traum\u00e0tica ens permeten suturar petits vasos sanguinis i nervis danyats per reseccions quir\u00fargiques com la mastectomia. D\u2019aquesta manera es poden <strong>reconstruir estructures com les mames amb teixits propis i, amb els millors resultats est\u00e8tics i funcionals.<\/strong><\/p>\n<p>[\/vc_column_text][\/vc_column_inner][\/vc_row_inner][\/vc_column][\/vc_row][vc_row css_animation=&#8221;&#8221; row_type=&#8221;row&#8221; use_row_as_full_screen_section=&#8221;no&#8221; type=&#8221;full_width&#8221; angled_section=&#8221;no&#8221; text_align=&#8221;left&#8221; background_image_as_pattern=&#8221;without_pattern&#8221; section_type=&#8221;full-width&#8221;][vc_column][vc_empty_space][vc_accordion style=&#8221;accordion&#8221;][vc_accordion_tab title=&#8221;Qui fa la reconstrucci\u00f3 mam\u00e0ria?&#8221;][vc_column_text]<\/p>\n<p style=\"text-align: justify;\">Aix\u00ed que una dona \u00e9s diagnosticada de c\u00e0ncer de mama, aquesta s\u2019ha d\u2019informar sobre les possibilitats de reconstrucci\u00f3. El cirurgi\u00e0 que realitza la mastectomia, l\u2019onc\u00f2leg i el cirurgi\u00e0 pl\u00e0stic s\u2019han de coordinar per desenvolupar una estrat\u00e8gia que conflueixi en el millor resultat possible.<\/p>\n<p style=\"text-align: justify;\">El cirurgi\u00e0 pl\u00e0stic \u00e9s l\u2019especialista, que per la seva formaci\u00f3 en l\u2019especialitat de Cirurgia Pl\u00e0stica, Reparadora i Est\u00e8tica t\u00e9 els recursos t\u00e8cnics i est\u00e8tics adequats per reconstruir una mama amb un aspecte el m\u00e9s natural possible.<\/p>\n<p style=\"text-align: justify;\">Despr\u00e9s d\u2019avaluar l\u2019estat general de la pacient, aquest l\u2019informar\u00e0 de les opcions m\u00e9s apropiades per a la seva edat, salut, caracter\u00edstiques f\u00edsiques i anat\u00f2miques i expectatives de futur.<\/p>\n<p>[\/vc_column_text][\/vc_accordion_tab][vc_accordion_tab title=&#8221;Qui i quan pot reconstruir la mama?&#8221;][vc_column_text]<\/p>\n<p style=\"text-align: justify;\">En la majoria de casos \u00e9s possible fer la reconstrucci\u00f3 microquir\u00fargica alhora que s\u2019extirpa completament el tumor de mama, evitant a la pacient l\u2019experi\u00e8ncia de veure mastectomitzada i aix\u00ed evitar el trauma psicol\u00f2gic postmastectomia i aconseguir els millors resultats est\u00e8tics.<\/p>\n<p style=\"text-align: justify;\"><strong><span style=\"color: #6d98dc;\">Quan la mama es reconstrueix al mateix temps que es realitza la mastectomia, t\u00e8cnica anomenada reconstrucci\u00f3 immediata, la pacient es desperta de la intervenci\u00f3 amb un contorn mamari adequat, evitant l\u2019experi\u00e8ncia de veure amb la mama amputada<\/span>.<\/strong> El benefici psicol\u00f2gic d\u2019aquesta t\u00e8cnica \u00e9s clar.<\/p>\n<p style=\"text-align: justify;\">La t\u00e8cnica de reconstrucci\u00f3 immediata exigeix una col\u00b7laboraci\u00f3 estreta entre el cirurgi\u00e0 que s\u2019extirpa la mama i el cirurgi\u00e0 pl\u00e0stic, ja que \u00e9s necess\u00e0ria la pres\u00e8ncia de tots dos quan s\u2019interv\u00e9. Aquesta situaci\u00f3 no \u00e9s possible en hospitals on no hi ha cirurgi\u00e0 pl\u00e0stic, situaci\u00f3 que fa necessari retardar la reconstrucci\u00f3, que ser\u00e0 realitzada en un altre centre.<\/p>\n<p style=\"text-align: justify;\">En alguns casos, per\u00f2, la reconstrucci\u00f3 cal postposar-la, t\u00e8cnica anomenada reconstrucci\u00f3 diferida per diverses raons. Algunes dones no se senten c\u00f2modes parlant de la reconstrucci\u00f3 mentre intenten adaptar-se al fet d\u2019haver estat diagnosticades d\u2019un c\u00e0ncer de mama. Altres dones simplement no volen m\u00e9s intervencions que les estrictament necess\u00e0ries per curar la malaltia. Altres vegades, l\u2019\u00fas de t\u00e8cniques m\u00e9s complexes de reconstrucci\u00f3 fa aconsellable retardar la reconstrucci\u00f3 per no estendre excessivament la intervenci\u00f3. Si hi ha problemes m\u00e8dics associats, com obesitat, hipertensi\u00f3, tamb\u00e9 pot ser necessari retardar la reconstrucci\u00f3.<\/p>\n<p style=\"text-align: justify;\">En qualsevol dels casos, l\u2019important \u00e9s disposar d\u2019una informaci\u00f3 adequada i clara sobre les possibilitats de reconstrucci\u00f3 abans de ser intervinguda, per enfrontar-se a l\u2019operaci\u00f3 de la forma m\u00e9s positiva possible.<\/p>\n<p>[\/vc_column_text][\/vc_accordion_tab][vc_accordion_tab title=&#8221;Quines finalitats t\u00e9 la reconstrucci\u00f3 mam\u00e0ria?&#8221;][vc_column_text]<\/p>\n<ul>\n<li><span style=\"color: #6d98dc;\"><strong>Recrear una mama d\u2019aspecte natural, incloent l\u2019aureola i el mugr\u00f3<\/strong><\/span>.<\/li>\n<li><span style=\"color: #6d98dc;\"><strong>Eliminar la necessitat de portar pr\u00f2tesis externes de farciment<\/strong><\/span> possibilitant portar peces de roba que no serien possibles sense reconstrucci\u00f3 com banyadors, escots, etc.<\/li>\n<li><strong><span style=\"color: #6d98dc;\">Omplir el buit i la deformitat que pot quedar al t\u00f2rax<\/span>.<\/strong><\/li>\n<li><span style=\"color: #6d98dc;\"><strong>Restaurar la imatge corporal<\/strong><\/span> i millorar la qualitat de vida.<\/li>\n<\/ul>\n<p style=\"text-align: justify;\">Per a la immensa majoria de les dones amb c\u00e0ncer de mama, la reconstrucci\u00f3 de la mateixa millora la imatge, la qual cosa facilita una major estabilitat emocional, permet afrontar d\u2019una manera m\u00e9s positiva a la malaltia i portar una vida social i sexual m\u00e9s activa.<\/p>\n<p>[\/vc_column_text][\/vc_accordion_tab][vc_accordion_tab title=&#8221;Quines s\u00f3n les t\u00e8cniques possibles de reconstrucci\u00f3 mam\u00e0ria?&#8221;][vc_column_text]Hi ha diversos tipus de t\u00e8cniques per reconstruir la mama:<\/p>\n<p><span style=\"color: #6d98dc;\"><strong>1.\u00a0<\/strong><\/span><b><span style=\"color: #6d98dc;\">T\u00e8cniques microquir\u00fargiques<\/span>:<\/b><\/p>\n<p>Es denominen t\u00e8cniques microquir\u00fargiques de reconstrucci\u00f3 mitjan\u00e7ant penjolls.<\/p>\n<p>Les zones d\u2019on s\u2019obt\u00e9 aquest teixit m\u00e9s freq\u00fcentment utilitzades s\u00f3n l\u2019abdominal o la zona subescapular de l\u2019esquena.[\/vc_column_text][vc_row_inner row_type=&#8221;row&#8221; type=&#8221;full_width&#8221; text_align=&#8221;left&#8221; css_animation=&#8221;&#8221;][vc_column_inner width=&#8221;1\/4&#8243;][vc_single_image image=&#8221;8283&#8243; qode_css_animation=&#8221;&#8221;][\/vc_column_inner][vc_column_inner width=&#8221;3\/4&#8243;][vc_column_text]<\/p>\n<p style=\"text-align: justify;\">En els \u00faltims anys s\u2019han desenvolupat un ampli ventall de t\u00e8cniques de reconstrucci\u00f3 mam\u00e0ria entre les quals hi ha la reconstrucci\u00f3 mam\u00e0ria microquir\u00fargica amb penjolls de pell i greix abdominal com el penjoll DIEP i el SIEA) han estat una revoluci\u00f3, perqu\u00e8 possibilita al cirurgi\u00e0 pl\u00e0stic crear una mama molt similar en forma, textura i caracter\u00edstiques a la no operada.<\/p>\n<p style=\"text-align: justify;\"><strong><span style=\"color: #6d98dc;\">Aquest tipus de t\u00e8cniques microquir\u00fargiques ofereixen els avantatges de tenir menys risc de complicacions per emprar teixits propis i amb m\u00ednimes seq\u00fceles postquir\u00fargiques, sent les cicatrius semblants a una abdominopl\u00e0stia est\u00e8tica<\/span>.<\/strong><\/p>\n<p>[\/vc_column_text][\/vc_column_inner][\/vc_row_inner][vc_empty_space height=&#8221;15px&#8221;][vc_row_inner row_type=&#8221;row&#8221; type=&#8221;full_width&#8221; text_align=&#8221;left&#8221; css_animation=&#8221;&#8221;][vc_column_inner][vc_column_text]<\/p>\n<p style=\"text-align: justify;\"><span style=\"color: #6d98dc;\"><strong>2.<\/strong><\/span><b><span style=\"color: #6d98dc;\">T\u00e8cniques d\u2019expansi\u00f3 cut\u00e0nia<\/span>:<\/b><\/p>\n<p style=\"text-align: justify;\">Consisteix en expandir la pell i posteriorment, col\u00b7locar una pr\u00f2tesi. Despr\u00e9s de la mastectomia, el cirurgi\u00e0 pl\u00e0stic col\u00b7loca un expansor, semblant a un globus inflable, sota la pell i la musculatura del pit. On a trav\u00e9s d\u2019un mecanisme de v\u00e0lvula enterrat sota la pell, s\u2019introdueix una soluci\u00f3 de s\u00e8rum sal\u00ed setmanalment, durant diverses setmanes, fins omplir l\u2019expansor. Quan la pell de la regi\u00f3 del pit ha donat de si prou, es retira aquest expansor i es substitueix per una pr\u00f2tesi mam\u00e0ria definitiva.<\/p>\n<p>[\/vc_column_text][\/vc_column_inner][\/vc_row_inner][vc_row_inner row_type=&#8221;row&#8221; type=&#8221;full_width&#8221; text_align=&#8221;left&#8221; css_animation=&#8221;&#8221;][vc_column_inner width=&#8221;2\/3&#8243;][vc_column_text]<\/p>\n<p style=\"text-align: justify;\">Existeixen determinats expansors que estan dissenyats de tal manera que permeten de mantenir com implants definitius.<\/p>\n<p style=\"text-align: justify;\">Si la mama no mastectomitzada \u00e9s massa gran, massa petita o est\u00e0 molt caiguda, pot ser necessari reduir-la, augmentar-la o elevar-la, al mateix temps que es reconstrueix l\u2019altra, per aconseguir un resultat sim\u00e8tric.<\/p>\n<p style=\"text-align: justify;\">El mugr\u00f3 i l\u2019aure\u00f2la es reconstrueixen despr\u00e9s, mitjan\u00e7ant anest\u00e8sia local i de manera ambulant sense necessitat d\u2019ingr\u00e9s.f<\/p>\n<p>[\/vc_column_text][\/vc_column_inner][vc_column_inner width=&#8221;1\/3&#8243;][vc_single_image image=&#8221;8286&#8243; qode_css_animation=&#8221;&#8221;][\/vc_column_inner][\/vc_row_inner][\/vc_accordion_tab][vc_accordion_tab title=&#8221;Quines precaucions haur\u00e9 prendre?&#8221;][vc_column_text]<\/p>\n<p style=\"text-align: justify;\">Amb l\u2019objectiu de limitar el risc de sagnat i hematomes haur\u00e0s d\u2019evitar prendre en els <span style=\"color: #6d98dc;\"><strong>7 dies previs al procediment<\/strong><\/span> antiagregants plaquetaris com Aspirina, Dipiridamol, Ticlopidina\u2026 com tamb\u00e9, en els 3 dies previs prendre antiinflamatoris no estero\u00efdals amb efecte antiagregant com Ibuprof\u00e8, Diclofenac, Indometacina, Piroxicam, Naprox\u00e8\u2026<\/p>\n<p>[\/vc_column_text][\/vc_accordion_tab][\/vc_accordion][\/vc_column][\/vc_row]<\/p>\n<\/div><!-- AddThis Advanced Settings generic via filter on the_content --><!-- AddThis Share Buttons generic via filter on the_content -->","protected":false},"excerpt":{"rendered":"<p>[vc_row css_animation=&#8221;&#8221; row_type=&#8221;row&#8221; use_row_as_full_screen_section=&#8221;no&#8221; type=&#8221;full_width&#8221; angled_section=&#8221;no&#8221; text_align=&#8221;left&#8221; background_image_as_pattern=&#8221;without_pattern&#8221; background_color=&#8221;#f7f7f7&#8243; section_type=&#8221;full-width&#8221;][vc_column][vc_empty_space height=&#8221;20px&#8221;][vc_empty_space height=&#8221;40px&#8221;][vc_row_inner row_type=&#8221;row&#8221; type=&#8221;full_width&#8221; text_align=&#8221;left&#8221; css_animation=&#8221;&#8221;][vc_column_inner width=&#8221;1\/2&#8243;][vc_single_image image=&#8221;8288&#8243; img_size=&#8221;full&#8221; alignment=&#8221;center&#8221; qode_css_animation=&#8221;&#8221;][vc_empty_space height=&#8221;40px&#8221;][\/vc_column_inner][vc_column_inner width=&#8221;1\/2&#8243;][vc_column_text] Les t\u00e8cniques microquir\u00fargiques han suposat un gran aven\u00e7 en cirurgia reconstructiva en els \u00faltims anys. Actualment, els microscopis quir\u00fargics i lupes espec\u00edfiques&#8230;<!-- AddThis Advanced Settings generic via filter on get_the_excerpt --><!-- AddThis Share Buttons generic via filter on get_the_excerpt --><\/p>\n","protected":false},"author":25,"featured_media":0,"parent":10062,"menu_order":0,"comment_status":"closed","ping_status":"closed","template":"","meta":{"footnotes":""},"class_list":["post-10054","page","type-page","status-publish","hentry"],"yoast_head":"<!-- This site is optimized with the Yoast SEO Premium plugin v26.9 (Yoast SEO v27.4) - https:\/\/yoast.com\/product\/yoast-seo-premium-wordpress\/ -->\n<title>Microcirurgia en Reconstrucci\u00f3 Mam\u00e0ria - Cl\u00ednica C\u00e0nons | Cirurgia i Medicina Estetica a Barcelona, \u200b\u200bGranollers<\/title>\n<meta name=\"robots\" content=\"index, follow, max-snippet:-1, max-image-preview:large, max-video-preview:-1\" \/>\n<link rel=\"canonical\" href=\"https:\/\/www.canons.es\/cirugia-plastica-reparadora-2\/microcirugia-en-reconstruccion-mamaria\/\" \/>\n<meta property=\"og:locale\" content=\"ca_ES\" \/>\n<meta property=\"og:type\" content=\"article\" \/>\n<meta property=\"og:title\" content=\"Microcirurgia en Reconstrucci\u00f3 Mam\u00e0ria\" \/>\n<meta property=\"og:description\" content=\"[vc_row css_animation=&#8221;&#8221; row_type=&#8221;row&#8221; use_row_as_full_screen_section=&#8221;no&#8221; type=&#8221;full_width&#8221; angled_section=&#8221;no&#8221; text_align=&#8221;left&#8221; background_image_as_pattern=&#8221;without_pattern&#8221; background_color=&#8221;#f7f7f7&#8243; section_type=&#8221;full-width&#8221;][vc_column][vc_empty_space height=&#8221;20px&#8221;][vc_empty_space height=&#8221;40px&#8221;][vc_row_inner row_type=&#8221;row&#8221; type=&#8221;full_width&#8221; text_align=&#8221;left&#8221; css_animation=&#8221;&#8221;][vc_column_inner width=&#8221;1\/2&#8243;][vc_single_image image=&#8221;8288&#8243; img_size=&#8221;full&#8221; alignment=&#8221;center&#8221; qode_css_animation=&#8221;&#8221;][vc_empty_space height=&#8221;40px&#8221;][\/vc_column_inner][vc_column_inner width=&#8221;1\/2&#8243;][vc_column_text] Les t\u00e8cniques microquir\u00fargiques han suposat un gran aven\u00e7 en cirurgia reconstructiva en els \u00faltims anys. Actualment, els microscopis quir\u00fargics i lupes espec\u00edfiques...\" \/>\n<meta property=\"og:url\" content=\"https:\/\/www.canons.es\/cirugia-plastica-reparadora-2\/microcirugia-en-reconstruccion-mamaria\/\" \/>\n<meta property=\"og:site_name\" content=\"Cl\u00ednica C\u00e0nons | Cirurgia i Medicina Estetica a Barcelona, \u200b\u200bGranollers\" \/>\n<meta property=\"article:publisher\" content=\"https:\/\/www.facebook.com\/canonsclinics\/\" \/>\n<meta property=\"article:modified_time\" content=\"2020-01-29T14:47:18+00:00\" \/>\n<meta name=\"twitter:card\" content=\"summary_large_image\" \/>\n<meta name=\"twitter:site\" content=\"@canonsclinics\" \/>\n<meta name=\"twitter:label1\" content=\"Temps estimat de lectura\" \/>\n\t<meta name=\"twitter:data1\" content=\"7 minuts\" \/>\n<script type=\"application\/ld+json\" class=\"yoast-schema-graph\">{\"@context\":\"https:\\\/\\\/schema.org\",\"@graph\":[{\"@type\":\"WebPage\",\"@id\":\"https:\\\/\\\/www.canons.es\\\/cirugia-plastica-reparadora-2\\\/microcirugia-en-reconstruccion-mamaria\\\/\",\"url\":\"https:\\\/\\\/www.canons.es\\\/cirugia-plastica-reparadora-2\\\/microcirugia-en-reconstruccion-mamaria\\\/\",\"name\":\"Microcirurgia en Reconstrucci\u00f3 Mam\u00e0ria - Cl\u00ednica C\u00e0nons | Cirurgia i Medicina Estetica a Barcelona, \u200b\u200bGranollers\",\"isPartOf\":{\"@id\":\"https:\\\/\\\/www.canons.es\\\/#website\"},\"datePublished\":\"2015-09-17T15:57:12+00:00\",\"dateModified\":\"2020-01-29T14:47:18+00:00\",\"breadcrumb\":{\"@id\":\"https:\\\/\\\/www.canons.es\\\/cirugia-plastica-reparadora-2\\\/microcirugia-en-reconstruccion-mamaria\\\/#breadcrumb\"},\"inLanguage\":\"ca\",\"potentialAction\":[{\"@type\":\"ReadAction\",\"target\":[\"https:\\\/\\\/www.canons.es\\\/cirugia-plastica-reparadora-2\\\/microcirugia-en-reconstruccion-mamaria\\\/\"]}]},{\"@type\":\"BreadcrumbList\",\"@id\":\"https:\\\/\\\/www.canons.es\\\/cirugia-plastica-reparadora-2\\\/microcirugia-en-reconstruccion-mamaria\\\/#breadcrumb\",\"itemListElement\":[{\"@type\":\"ListItem\",\"position\":1,\"name\":\"Portada\",\"item\":\"https:\\\/\\\/www.canons.es\\\/ca\\\/\"},{\"@type\":\"ListItem\",\"position\":2,\"name\":\"CIRURGIA PL\u00c0STICA REPARADORA\",\"item\":\"https:\\\/\\\/www.canons.es\\\/cirugia-plastica-reparadora-2\\\/\"},{\"@type\":\"ListItem\",\"position\":3,\"name\":\"Microcirurgia en Reconstrucci\u00f3 Mam\u00e0ria\"}]},{\"@type\":\"WebSite\",\"@id\":\"https:\\\/\\\/www.canons.es\\\/#website\",\"url\":\"https:\\\/\\\/www.canons.es\\\/\",\"name\":\"Cirug\u00eda Pl\u00e1stica y Est\u00e9tica Barcelona y Granollers | C\u00e0nons Clinics\",\"description\":\"\",\"publisher\":{\"@id\":\"https:\\\/\\\/www.canons.es\\\/#organization\"},\"potentialAction\":[{\"@type\":\"SearchAction\",\"target\":{\"@type\":\"EntryPoint\",\"urlTemplate\":\"https:\\\/\\\/www.canons.es\\\/?s={search_term_string}\"},\"query-input\":{\"@type\":\"PropertyValueSpecification\",\"valueRequired\":true,\"valueName\":\"search_term_string\"}}],\"inLanguage\":\"ca\"},{\"@type\":\"Organization\",\"@id\":\"https:\\\/\\\/www.canons.es\\\/#organization\",\"name\":\"Cirug\u00eda Pl\u00e1stica y Est\u00e9tica Barcelona y Granollers | C\u00e0nons Clinics\",\"url\":\"https:\\\/\\\/www.canons.es\\\/\",\"logo\":{\"@type\":\"ImageObject\",\"inLanguage\":\"ca\",\"@id\":\"https:\\\/\\\/www.canons.es\\\/#\\\/schema\\\/logo\\\/image\\\/\",\"url\":\"https:\\\/\\\/www.canons.es\\\/wp-content\\\/uploads\\\/2025\\\/04\\\/logo-canons-clinics.jpg\",\"contentUrl\":\"https:\\\/\\\/www.canons.es\\\/wp-content\\\/uploads\\\/2025\\\/04\\\/logo-canons-clinics.jpg\",\"width\":600,\"height\":139,\"caption\":\"Cirug\u00eda Pl\u00e1stica y Est\u00e9tica Barcelona y Granollers | C\u00e0nons Clinics\"},\"image\":{\"@id\":\"https:\\\/\\\/www.canons.es\\\/#\\\/schema\\\/logo\\\/image\\\/\"},\"sameAs\":[\"https:\\\/\\\/www.facebook.com\\\/canonsclinics\\\/\",\"https:\\\/\\\/x.com\\\/canonsclinics\",\"https:\\\/\\\/www.instagram.com\\\/canonsclinics\\\/\",\"https:\\\/\\\/www.youtube.com\\\/channel\\\/UCI1Ia6LjALyo1CuQ0_HwtfQ\",\"https:\\\/\\\/www.linkedin.com\\\/company\\\/canons-clinics\\\/\"]}]}<\/script>\n<!-- \/ Yoast SEO Premium plugin. -->","yoast_head_json":{"title":"Microcirurgia en Reconstrucci\u00f3 Mam\u00e0ria - Cl\u00ednica C\u00e0nons | Cirurgia i Medicina Estetica a Barcelona, \u200b\u200bGranollers","robots":{"index":"index","follow":"follow","max-snippet":"max-snippet:-1","max-image-preview":"max-image-preview:large","max-video-preview":"max-video-preview:-1"},"canonical":"https:\/\/www.canons.es\/cirugia-plastica-reparadora-2\/microcirugia-en-reconstruccion-mamaria\/","og_locale":"ca_ES","og_type":"article","og_title":"Microcirurgia en Reconstrucci\u00f3 Mam\u00e0ria","og_description":"[vc_row css_animation=&#8221;&#8221; row_type=&#8221;row&#8221; use_row_as_full_screen_section=&#8221;no&#8221; type=&#8221;full_width&#8221; angled_section=&#8221;no&#8221; text_align=&#8221;left&#8221; background_image_as_pattern=&#8221;without_pattern&#8221; background_color=&#8221;#f7f7f7&#8243; section_type=&#8221;full-width&#8221;][vc_column][vc_empty_space height=&#8221;20px&#8221;][vc_empty_space height=&#8221;40px&#8221;][vc_row_inner row_type=&#8221;row&#8221; type=&#8221;full_width&#8221; text_align=&#8221;left&#8221; css_animation=&#8221;&#8221;][vc_column_inner width=&#8221;1\/2&#8243;][vc_single_image image=&#8221;8288&#8243; img_size=&#8221;full&#8221; alignment=&#8221;center&#8221; qode_css_animation=&#8221;&#8221;][vc_empty_space height=&#8221;40px&#8221;][\/vc_column_inner][vc_column_inner width=&#8221;1\/2&#8243;][vc_column_text] Les t\u00e8cniques microquir\u00fargiques han suposat un gran aven\u00e7 en cirurgia reconstructiva en els \u00faltims anys. Actualment, els microscopis quir\u00fargics i lupes espec\u00edfiques...","og_url":"https:\/\/www.canons.es\/cirugia-plastica-reparadora-2\/microcirugia-en-reconstruccion-mamaria\/","og_site_name":"Cl\u00ednica C\u00e0nons | Cirurgia i Medicina Estetica a Barcelona, \u200b\u200bGranollers","article_publisher":"https:\/\/www.facebook.com\/canonsclinics\/","article_modified_time":"2020-01-29T14:47:18+00:00","twitter_card":"summary_large_image","twitter_site":"@canonsclinics","twitter_misc":{"Temps estimat de lectura":"7 minuts"},"schema":{"@context":"https:\/\/schema.org","@graph":[{"@type":"WebPage","@id":"https:\/\/www.canons.es\/cirugia-plastica-reparadora-2\/microcirugia-en-reconstruccion-mamaria\/","url":"https:\/\/www.canons.es\/cirugia-plastica-reparadora-2\/microcirugia-en-reconstruccion-mamaria\/","name":"Microcirurgia en Reconstrucci\u00f3 Mam\u00e0ria - Cl\u00ednica C\u00e0nons | Cirurgia i Medicina Estetica a Barcelona, \u200b\u200bGranollers","isPartOf":{"@id":"https:\/\/www.canons.es\/#website"},"datePublished":"2015-09-17T15:57:12+00:00","dateModified":"2020-01-29T14:47:18+00:00","breadcrumb":{"@id":"https:\/\/www.canons.es\/cirugia-plastica-reparadora-2\/microcirugia-en-reconstruccion-mamaria\/#breadcrumb"},"inLanguage":"ca","potentialAction":[{"@type":"ReadAction","target":["https:\/\/www.canons.es\/cirugia-plastica-reparadora-2\/microcirugia-en-reconstruccion-mamaria\/"]}]},{"@type":"BreadcrumbList","@id":"https:\/\/www.canons.es\/cirugia-plastica-reparadora-2\/microcirugia-en-reconstruccion-mamaria\/#breadcrumb","itemListElement":[{"@type":"ListItem","position":1,"name":"Portada","item":"https:\/\/www.canons.es\/ca\/"},{"@type":"ListItem","position":2,"name":"CIRURGIA PL\u00c0STICA REPARADORA","item":"https:\/\/www.canons.es\/cirugia-plastica-reparadora-2\/"},{"@type":"ListItem","position":3,"name":"Microcirurgia en Reconstrucci\u00f3 Mam\u00e0ria"}]},{"@type":"WebSite","@id":"https:\/\/www.canons.es\/#website","url":"https:\/\/www.canons.es\/","name":"Cirug\u00eda Pl\u00e1stica y Est\u00e9tica Barcelona y Granollers | C\u00e0nons Clinics","description":"","publisher":{"@id":"https:\/\/www.canons.es\/#organization"},"potentialAction":[{"@type":"SearchAction","target":{"@type":"EntryPoint","urlTemplate":"https:\/\/www.canons.es\/?s={search_term_string}"},"query-input":{"@type":"PropertyValueSpecification","valueRequired":true,"valueName":"search_term_string"}}],"inLanguage":"ca"},{"@type":"Organization","@id":"https:\/\/www.canons.es\/#organization","name":"Cirug\u00eda Pl\u00e1stica y Est\u00e9tica Barcelona y Granollers | C\u00e0nons Clinics","url":"https:\/\/www.canons.es\/","logo":{"@type":"ImageObject","inLanguage":"ca","@id":"https:\/\/www.canons.es\/#\/schema\/logo\/image\/","url":"https:\/\/www.canons.es\/wp-content\/uploads\/2025\/04\/logo-canons-clinics.jpg","contentUrl":"https:\/\/www.canons.es\/wp-content\/uploads\/2025\/04\/logo-canons-clinics.jpg","width":600,"height":139,"caption":"Cirug\u00eda Pl\u00e1stica y Est\u00e9tica Barcelona y Granollers | C\u00e0nons Clinics"},"image":{"@id":"https:\/\/www.canons.es\/#\/schema\/logo\/image\/"},"sameAs":["https:\/\/www.facebook.com\/canonsclinics\/","https:\/\/x.com\/canonsclinics","https:\/\/www.instagram.com\/canonsclinics\/","https:\/\/www.youtube.com\/channel\/UCI1Ia6LjALyo1CuQ0_HwtfQ","https:\/\/www.linkedin.com\/company\/canons-clinics\/"]}]}},"_links":{"self":[{"href":"https:\/\/www.canons.es\/ca\/wp-json\/wp\/v2\/pages\/10054","targetHints":{"allow":["GET"]}}],"collection":[{"href":"https:\/\/www.canons.es\/ca\/wp-json\/wp\/v2\/pages"}],"about":[{"href":"https:\/\/www.canons.es\/ca\/wp-json\/wp\/v2\/types\/page"}],"author":[{"embeddable":true,"href":"https:\/\/www.canons.es\/ca\/wp-json\/wp\/v2\/users\/25"}],"replies":[{"embeddable":true,"href":"https:\/\/www.canons.es\/ca\/wp-json\/wp\/v2\/comments?post=10054"}],"version-history":[{"count":0,"href":"https:\/\/www.canons.es\/ca\/wp-json\/wp\/v2\/pages\/10054\/revisions"}],"up":[{"embeddable":true,"href":"https:\/\/www.canons.es\/ca\/wp-json\/wp\/v2\/pages\/10062"}],"wp:attachment":[{"href":"https:\/\/www.canons.es\/ca\/wp-json\/wp\/v2\/media?parent=10054"}],"curies":[{"name":"wp","href":"https:\/\/api.w.org\/{rel}","templated":true}]}}